{"id":126443,"date":"2022-11-17T12:40:29","date_gmt":"2022-11-17T11:40:29","guid":{"rendered":"https:\/\/empow-her.com\/?post_type=product&#038;p=126443"},"modified":"2022-11-17T13:54:14","modified_gmt":"2022-11-17T12:54:14","slug":"coaching-structurer-son-projet-creer-son-plan-daction-7","status":"publish","type":"product","link":"https:\/\/empow-her.com\/en\/produit\/coaching-structurer-son-projet-creer-son-plan-daction-7\/","title":{"rendered":"Coaching &#8211; Structurer son projet : cr\u00e9er son plan d&#8217;action"},"content":{"rendered":"","protected":false},"excerpt":{"rendered":"<p><span data-sheets-value=\"{&quot;1&quot;:2,&quot;2&quot;:&quot;Description : nnPr\u00e9-requis : nnIntervenant.e : nnSon super pouvoir : nnSon petit mot : &quot;}\" data-sheets-userformat=\"{&quot;2&quot;:641,&quot;3&quot;:{&quot;1&quot;:0},&quot;10&quot;:1,&quot;12&quot;:0}\"><strong>Pr\u00e9-requis<\/strong>\u00a0: Aucun<\/span><\/p>\n<p><strong>Intervenant.e<\/strong>\u00a0<strong>: M\u00e9lanie SUHAS de L&#8217;ESS Inspirantes<\/strong><\/p>\n<p>Apr\u00e8s avoir dirig\u00e9 des structures associatives, je suis devenue consultante en strat\u00e9gie des organisations. J\u2019accompagne les porteuses de projets dans la clarification de leurs projets : passage de l\u2019id\u00e9e au projet, structuration du projet ou r\u00e9solution d\u2019une crise. Mon objectif est de vous aider \u00e0 clarifier vos envies, valoriser vos atouts, vous questionner sur les \u00e9tapes de votre projet, vous conseiller des ressources et tout cela avec enthousiaste et une pointe d\u2019humour. Enfin, vous partez toujours avec un plan d\u2019action d\u2019une session coaching !<\/p>\n<p><span data-sheets-value=\"{&quot;1&quot;:2,&quot;2&quot;:&quot;Description : nnPr\u00e9-requis : nnIntervenant.e : nnSon super pouvoir : nnSon petit mot : &quot;}\" data-sheets-userformat=\"{&quot;2&quot;:641,&quot;3&quot;:{&quot;1&quot;:0},&quot;10&quot;:1,&quot;12&quot;:0}\"><strong>Son super pouvoir :<\/strong> Vous rappeler combien ce que vous accomplissez vous appartient et qu\u2019en \u00e7a vous \u00eates unique et exceptionnelle.<\/span><\/p>\n<p><strong>Son petit mot :<\/strong> Se lancer dans la cr\u00e9ation d\u2019entreprise est une aventure remplie de rencontres de stimulations, de r\u00eaves mais aussi de stress, d\u2019angoisses et parfois de peur. Souvenez-vous de la joie que vous avez ressentie quand vous avez d\u00e9cid\u00e9 de vous lancer. Cette joie, elle vous guide. Amoindrie, vous avez besoin d\u2019un break ; absente, vous devez faire le point ; pr\u00e9sente alors que le projet est loin d\u2019\u00eatre termin\u00e9\u2026 vous \u00eates dans la bonne direction.<\/p>\n<p><strong>Dur\u00e9e<\/strong>\u00a0: U<span data-sheets-value=\"{&quot;1&quot;:2,&quot;2&quot;:&quot;Permanence de 4h avec un cr\u00e9neau de 1h par participante (+ 15 minutes entre chaque)&quot;}\" data-sheets-userformat=\"{&quot;2&quot;:7167,&quot;3&quot;:{&quot;1&quot;:0},&quot;4&quot;:{&quot;1&quot;:2,&quot;2&quot;:16777215},&quot;5&quot;:{&quot;1&quot;:[{&quot;1&quot;:2,&quot;2&quot;:0,&quot;5&quot;:{&quot;1&quot;:2,&quot;2&quot;:0}},{&quot;1&quot;:0,&quot;2&quot;:0,&quot;3&quot;:3},{&quot;1&quot;:1,&quot;2&quot;:0,&quot;4&quot;:1}]},&quot;6&quot;:{&quot;1&quot;:[{&quot;1&quot;:2,&quot;2&quot;:0,&quot;5&quot;:{&quot;1&quot;:2,&quot;2&quot;:0}},{&quot;1&quot;:0,&quot;2&quot;:0,&quot;3&quot;:3},{&quot;1&quot;:1,&quot;2&quot;:0,&quot;4&quot;:1}]},&quot;7&quot;:{&quot;1&quot;:[{&quot;1&quot;:2,&quot;2&quot;:0,&quot;5&quot;:{&quot;1&quot;:2,&quot;2&quot;:0}},{&quot;1&quot;:0,&quot;2&quot;:0,&quot;3&quot;:3},{&quot;1&quot;:1,&quot;2&quot;:0,&quot;4&quot;:1}]},&quot;8&quot;:{&quot;1&quot;:[{&quot;1&quot;:2,&quot;2&quot;:0,&quot;5&quot;:{&quot;1&quot;:2,&quot;2&quot;:0}},{&quot;1&quot;:0,&quot;2&quot;:0,&quot;3&quot;:3},{&quot;1&quot;:1,&quot;2&quot;:0,&quot;4&quot;:1}]},&quot;9&quot;:0,&quot;10&quot;:1,&quot;11&quot;:4,&quot;12&quot;:0,&quot;14&quot;:{&quot;1&quot;:2,&quot;2&quot;:0},&quot;15&quot;:&quot;Calibri&quot;}\">n cr\u00e9neau de 1h en individuel<\/span><\/p>\n<p>&nbsp;<\/p>\n<p><span data-sheets-value=\"{&quot;1&quot;:2,&quot;2&quot;:&quot;Attention ! \u00a0Veuillez vous pr\u00e9sentez \u00e0 l'heure pour que l'activit\u00e9 puisse commencer \u00e0 temps. Si vous avez du retard veuillez pr\u00e9venir l'intervenant.e. Si vous avez plus de 15 min de retard l'intervenant.e se r\u00e9serve le droit de plus vous accepter pour le coaching ou l'atelier.\u00a0&quot;}\" data-sheets-userformat=\"{&quot;2&quot;:641,&quot;3&quot;:{&quot;1&quot;:0},&quot;10&quot;:1,&quot;12&quot;:0}\"><strong>Attention !<\/strong> \u00a0Veuillez vous pr\u00e9senter \u00e0 l\u2019heure pour que l\u2019activit\u00e9 puisse commencer \u00e0 temps. Si vous avez du retard veuillez pr\u00e9venir l\u2019intervenant.e. Si vous avez plus de 15 min de retard l\u2019intervenant.e se r\u00e9serve le droit de ne plus vous accepter pour le coaching ou l\u2019atelier.\u00a0<\/span><\/p>\n","protected":false},"featured_media":126444,"template":"","format":"standard","meta":{"_acf_changed":false,"om_disable_all_campaigns":false,"_uf_show_specific_survey":0,"_uf_disable_surveys":false},"product_brand":[],"product_cat":[121],"product_tag":[],"lieu":[125],"thematiques":[],"class_list":{"0":"post-126443","1":"product","2":"type-product","3":"status-publish","4":"format-standard","5":"has-post-thumbnail","7":"product_cat-coaching","8":"lieu-en-ligne","10":"first","11":"instock","12":"virtual","13":"purchasable","14":"product-type-appointment"},"exclude_global_add_ons":[],"addons":[],"acf":[],"yoast_head":"<!-- This site is optimized with the Yoast SEO plugin v24.8 - https:\/\/yoast.com\/wordpress\/plugins\/seo\/ -->\n<title>Coaching - Structurer son projet : cr\u00e9er son plan d&#039;action - Empow&#039;Her<\/title>\n<meta name=\"robots\" content=\"index, follow, max-snippet:-1, max-image-preview:large, max-video-preview:-1\" \/>\n<link rel=\"canonical\" href=\"https:\/\/empow-her.com\/produit\/coaching-structurer-son-projet-creer-son-plan-daction-7\/\" \/>\n<meta property=\"og:locale\" content=\"en_US\" \/>\n<meta property=\"og:type\" content=\"article\" \/>\n<meta property=\"og:title\" content=\"Coaching - Structurer son projet : cr\u00e9er son plan d&#039;action - Empow&#039;Her\" \/>\n<meta property=\"og:description\" content=\"Pr\u00e9-requis\u00a0: Aucun  Intervenant.e\u00a0: M\u00e9lanie SUHAS de L&#039;ESS Inspirantes  Apr\u00e8s avoir dirig\u00e9 des structures associatives, je suis devenue consultante en strat\u00e9gie des organisations. J\u2019accompagne les porteuses de projets dans la clarification de leurs projets : passage de l\u2019id\u00e9e au projet, structuration du projet ou r\u00e9solution d\u2019une crise. Mon objectif est de vous aider \u00e0 clarifier vos envies, valoriser vos atouts, vous questionner sur les \u00e9tapes de votre projet, vous conseiller des ressources et tout cela avec enthousiaste et une pointe d\u2019humour. Enfin, vous partez toujours avec un plan d\u2019action d\u2019une session coaching !  Son super pouvoir : Vous rappeler combien ce que vous accomplissez vous appartient et qu\u2019en \u00e7a vous \u00eates unique et exceptionnelle.  Son petit mot : Se lancer dans la cr\u00e9ation d\u2019entreprise est une aventure remplie de rencontres de stimulations, de r\u00eaves mais aussi de stress, d\u2019angoisses et parfois de peur. Souvenez-vous de la joie que vous avez ressentie quand vous avez d\u00e9cid\u00e9 de vous lancer. Cette joie, elle vous guide. Amoindrie, vous avez besoin d\u2019un break ; absente, vous devez faire le point ; pr\u00e9sente alors que le projet est loin d\u2019\u00eatre termin\u00e9\u2026 vous \u00eates dans la bonne direction.  Dur\u00e9e\u00a0: Un cr\u00e9neau de 1h en individuel  &nbsp;  Attention ! \u00a0Veuillez vous pr\u00e9senter \u00e0 l\u2019heure pour que l\u2019activit\u00e9 puisse commencer \u00e0 temps. Si vous avez du retard veuillez pr\u00e9venir l\u2019intervenant.e. Si vous avez plus de 15 min de retard l\u2019intervenant.e se r\u00e9serve le droit de ne plus vous accepter pour le coaching ou l\u2019atelier.\u00a0\" \/>\n<meta property=\"og:url\" content=\"https:\/\/empow-her.com\/produit\/coaching-structurer-son-projet-creer-son-plan-daction-7\/\" \/>\n<meta property=\"og:site_name\" content=\"Empow&#039;Her\" \/>\n<meta property=\"article:modified_time\" content=\"2022-11-17T12:54:14+00:00\" \/>\n<meta property=\"og:image\" content=\"https:\/\/empow-her.com\/wp-content\/uploads\/2022\/11\/Women-Dare-templates-events-2022-11-17T123841.414.png\" \/>\n\t<meta property=\"og:image:width\" content=\"1080\" \/>\n\t<meta property=\"og:image:height\" content=\"1080\" \/>\n\t<meta property=\"og:image:type\" content=\"image\/png\" \/>\n<meta name=\"twitter:card\" content=\"summary_large_image\" \/>\n<script type=\"application\/ld+json\" class=\"yoast-schema-graph\">{\"@context\":\"https:\/\/schema.org\",\"@graph\":[{\"@type\":\"WebPage\",\"@id\":\"https:\/\/empow-her.com\/produit\/coaching-structurer-son-projet-creer-son-plan-daction-7\/\",\"url\":\"https:\/\/empow-her.com\/produit\/coaching-structurer-son-projet-creer-son-plan-daction-7\/\",\"name\":\"Coaching - Structurer son projet : cr\u00e9er son plan d'action - Empow&#039;Her\",\"isPartOf\":{\"@id\":\"https:\/\/empow-her.com\/#website\"},\"primaryImageOfPage\":{\"@id\":\"https:\/\/empow-her.com\/produit\/coaching-structurer-son-projet-creer-son-plan-daction-7\/#primaryimage\"},\"image\":{\"@id\":\"https:\/\/empow-her.com\/produit\/coaching-structurer-son-projet-creer-son-plan-daction-7\/#primaryimage\"},\"thumbnailUrl\":\"https:\/\/empow-her.com\/wp-content\/uploads\/2022\/11\/Women-Dare-templates-events-2022-11-17T123841.414.png\",\"datePublished\":\"2022-11-17T11:40:29+00:00\",\"dateModified\":\"2022-11-17T12:54:14+00:00\",\"breadcrumb\":{\"@id\":\"https:\/\/empow-her.com\/produit\/coaching-structurer-son-projet-creer-son-plan-daction-7\/#breadcrumb\"},\"inLanguage\":\"en-US\",\"potentialAction\":[{\"@type\":\"ReadAction\",\"target\":[\"https:\/\/empow-her.com\/produit\/coaching-structurer-son-projet-creer-son-plan-daction-7\/\"]}]},{\"@type\":\"ImageObject\",\"inLanguage\":\"en-US\",\"@id\":\"https:\/\/empow-her.com\/produit\/coaching-structurer-son-projet-creer-son-plan-daction-7\/#primaryimage\",\"url\":\"https:\/\/empow-her.com\/wp-content\/uploads\/2022\/11\/Women-Dare-templates-events-2022-11-17T123841.414.png\",\"contentUrl\":\"https:\/\/empow-her.com\/wp-content\/uploads\/2022\/11\/Women-Dare-templates-events-2022-11-17T123841.414.png\",\"width\":1080,\"height\":1080},{\"@type\":\"BreadcrumbList\",\"@id\":\"https:\/\/empow-her.com\/produit\/coaching-structurer-son-projet-creer-son-plan-daction-7\/#breadcrumb\",\"itemListElement\":[{\"@type\":\"ListItem\",\"position\":1,\"name\":\"Accueil\",\"item\":\"https:\/\/empow-her.com\/en\/landing-page\/\"},{\"@type\":\"ListItem\",\"position\":2,\"name\":\"LA BOUTIQUE\",\"item\":\"https:\/\/empow-her.com\/boutique\/\"},{\"@type\":\"ListItem\",\"position\":3,\"name\":\"Coaching &#8211; Structurer son projet : cr\u00e9er son plan d&#8217;action\"}]},{\"@type\":\"WebSite\",\"@id\":\"https:\/\/empow-her.com\/#website\",\"url\":\"https:\/\/empow-her.com\/\",\"name\":\"Empow&#039;Her\",\"description\":\"Women Development\",\"potentialAction\":[{\"@type\":\"SearchAction\",\"target\":{\"@type\":\"EntryPoint\",\"urlTemplate\":\"https:\/\/empow-her.com\/?s={search_term_string}\"},\"query-input\":{\"@type\":\"PropertyValueSpecification\",\"valueRequired\":true,\"valueName\":\"search_term_string\"}}],\"inLanguage\":\"en-US\"}]}<\/script>\n<!-- \/ Yoast SEO plugin. -->","yoast_head_json":{"title":"Coaching - Structurer son projet : cr\u00e9er son plan d'action - Empow&#039;Her","robots":{"index":"index","follow":"follow","max-snippet":"max-snippet:-1","max-image-preview":"max-image-preview:large","max-video-preview":"max-video-preview:-1"},"canonical":"https:\/\/empow-her.com\/produit\/coaching-structurer-son-projet-creer-son-plan-daction-7\/","og_locale":"en_US","og_type":"article","og_title":"Coaching - Structurer son projet : cr\u00e9er son plan d'action - Empow&#039;Her","og_description":"Pr\u00e9-requis\u00a0: Aucun  Intervenant.e\u00a0: M\u00e9lanie SUHAS de L'ESS Inspirantes  Apr\u00e8s avoir dirig\u00e9 des structures associatives, je suis devenue consultante en strat\u00e9gie des organisations. J\u2019accompagne les porteuses de projets dans la clarification de leurs projets : passage de l\u2019id\u00e9e au projet, structuration du projet ou r\u00e9solution d\u2019une crise. Mon objectif est de vous aider \u00e0 clarifier vos envies, valoriser vos atouts, vous questionner sur les \u00e9tapes de votre projet, vous conseiller des ressources et tout cela avec enthousiaste et une pointe d\u2019humour. Enfin, vous partez toujours avec un plan d\u2019action d\u2019une session coaching !  Son super pouvoir : Vous rappeler combien ce que vous accomplissez vous appartient et qu\u2019en \u00e7a vous \u00eates unique et exceptionnelle.  Son petit mot : Se lancer dans la cr\u00e9ation d\u2019entreprise est une aventure remplie de rencontres de stimulations, de r\u00eaves mais aussi de stress, d\u2019angoisses et parfois de peur. Souvenez-vous de la joie que vous avez ressentie quand vous avez d\u00e9cid\u00e9 de vous lancer. Cette joie, elle vous guide. Amoindrie, vous avez besoin d\u2019un break ; absente, vous devez faire le point ; pr\u00e9sente alors que le projet est loin d\u2019\u00eatre termin\u00e9\u2026 vous \u00eates dans la bonne direction.  Dur\u00e9e\u00a0: Un cr\u00e9neau de 1h en individuel  &nbsp;  Attention ! \u00a0Veuillez vous pr\u00e9senter \u00e0 l\u2019heure pour que l\u2019activit\u00e9 puisse commencer \u00e0 temps. Si vous avez du retard veuillez pr\u00e9venir l\u2019intervenant.e. Si vous avez plus de 15 min de retard l\u2019intervenant.e se r\u00e9serve le droit de ne plus vous accepter pour le coaching ou l\u2019atelier.\u00a0","og_url":"https:\/\/empow-her.com\/produit\/coaching-structurer-son-projet-creer-son-plan-daction-7\/","og_site_name":"Empow&#039;Her","article_modified_time":"2022-11-17T12:54:14+00:00","og_image":[{"width":1080,"height":1080,"url":"https:\/\/empow-her.com\/wp-content\/uploads\/2022\/11\/Women-Dare-templates-events-2022-11-17T123841.414.png","type":"image\/png"}],"twitter_card":"summary_large_image","schema":{"@context":"https:\/\/schema.org","@graph":[{"@type":"WebPage","@id":"https:\/\/empow-her.com\/produit\/coaching-structurer-son-projet-creer-son-plan-daction-7\/","url":"https:\/\/empow-her.com\/produit\/coaching-structurer-son-projet-creer-son-plan-daction-7\/","name":"Coaching - Structurer son projet : cr\u00e9er son plan d'action - Empow&#039;Her","isPartOf":{"@id":"https:\/\/empow-her.com\/#website"},"primaryImageOfPage":{"@id":"https:\/\/empow-her.com\/produit\/coaching-structurer-son-projet-creer-son-plan-daction-7\/#primaryimage"},"image":{"@id":"https:\/\/empow-her.com\/produit\/coaching-structurer-son-projet-creer-son-plan-daction-7\/#primaryimage"},"thumbnailUrl":"https:\/\/empow-her.com\/wp-content\/uploads\/2022\/11\/Women-Dare-templates-events-2022-11-17T123841.414.png","datePublished":"2022-11-17T11:40:29+00:00","dateModified":"2022-11-17T12:54:14+00:00","breadcrumb":{"@id":"https:\/\/empow-her.com\/produit\/coaching-structurer-son-projet-creer-son-plan-daction-7\/#breadcrumb"},"inLanguage":"en-US","potentialAction":[{"@type":"ReadAction","target":["https:\/\/empow-her.com\/produit\/coaching-structurer-son-projet-creer-son-plan-daction-7\/"]}]},{"@type":"ImageObject","inLanguage":"en-US","@id":"https:\/\/empow-her.com\/produit\/coaching-structurer-son-projet-creer-son-plan-daction-7\/#primaryimage","url":"https:\/\/empow-her.com\/wp-content\/uploads\/2022\/11\/Women-Dare-templates-events-2022-11-17T123841.414.png","contentUrl":"https:\/\/empow-her.com\/wp-content\/uploads\/2022\/11\/Women-Dare-templates-events-2022-11-17T123841.414.png","width":1080,"height":1080},{"@type":"BreadcrumbList","@id":"https:\/\/empow-her.com\/produit\/coaching-structurer-son-projet-creer-son-plan-daction-7\/#breadcrumb","itemListElement":[{"@type":"ListItem","position":1,"name":"Accueil","item":"https:\/\/empow-her.com\/en\/landing-page\/"},{"@type":"ListItem","position":2,"name":"LA BOUTIQUE","item":"https:\/\/empow-her.com\/boutique\/"},{"@type":"ListItem","position":3,"name":"Coaching &#8211; Structurer son projet : cr\u00e9er son plan d&#8217;action"}]},{"@type":"WebSite","@id":"https:\/\/empow-her.com\/#website","url":"https:\/\/empow-her.com\/","name":"Empow&#039;Her","description":"Women Development","potentialAction":[{"@type":"SearchAction","target":{"@type":"EntryPoint","urlTemplate":"https:\/\/empow-her.com\/?s={search_term_string}"},"query-input":{"@type":"PropertyValueSpecification","valueRequired":true,"valueName":"search_term_string"}}],"inLanguage":"en-US"}]}},"_links":{"self":[{"href":"https:\/\/empow-her.com\/en\/wp-json\/wp\/v2\/product\/126443","targetHints":{"allow":["GET"]}}],"collection":[{"href":"https:\/\/empow-her.com\/en\/wp-json\/wp\/v2\/product"}],"about":[{"href":"https:\/\/empow-her.com\/en\/wp-json\/wp\/v2\/types\/product"}],"wp:featuredmedia":[{"embeddable":true,"href":"https:\/\/empow-her.com\/en\/wp-json\/wp\/v2\/media\/126444"}],"wp:attachment":[{"href":"https:\/\/empow-her.com\/en\/wp-json\/wp\/v2\/media?parent=126443"}],"wp:term":[{"taxonomy":"product_brand","embeddable":true,"href":"https:\/\/empow-her.com\/en\/wp-json\/wp\/v2\/product_brand?post=126443"},{"taxonomy":"product_cat","embeddable":true,"href":"https:\/\/empow-her.com\/en\/wp-json\/wp\/v2\/product_cat?post=126443"},{"taxonomy":"product_tag","embeddable":true,"href":"https:\/\/empow-her.com\/en\/wp-json\/wp\/v2\/product_tag?post=126443"},{"taxonomy":"lieu","embeddable":true,"href":"https:\/\/empow-her.com\/en\/wp-json\/wp\/v2\/lieu?post=126443"},{"taxonomy":"thematiques","embeddable":true,"href":"https:\/\/empow-her.com\/en\/wp-json\/wp\/v2\/thematiques?post=126443"}],"curies":[{"name":"wp","href":"https:\/\/api.w.org\/{rel}","templated":true}]}}