{"id":125771,"date":"2022-11-10T14:47:28","date_gmt":"2022-11-10T13:47:28","guid":{"rendered":"https:\/\/empow-her.com\/?post_type=product&#038;p=125771"},"modified":"2022-11-24T17:01:31","modified_gmt":"2022-11-24T16:01:31","slug":"marche-noel-empowher","status":"publish","type":"product","link":"https:\/\/empow-her.com\/en\/produit\/marche-noel-empowher\/","title":{"rendered":"Le march\u00e9 de No\u00ebl d&#8217;Empow&#8217;Her"},"content":{"rendered":"<p><strong>Un march\u00e9 de No\u00ebl f\u00e9ministe et responsable chez Sist\u2019Her : pour prendre soin de soi et des autres &#x1f384;<\/strong><\/p>\n<p><span style=\"font-weight: 400;\">Avant les f\u00eates de fin d\u2019ann\u00e9e, venez prendre soin de vous, vous ressourcer et d\u00e9couvrir des dizaines d\u2019id\u00e9es cadeaux engag\u00e9s en soutenant des femmes entrepreneuses ! &#x2728;<\/span><\/p>\n<p><span style=\"font-weight: 400;\">Le samedi 3 d\u00e9cembre, de 14h \u00e0 19h, Empow\u2019Her vous invite pour son March\u00e9 chez Sist\u2019Her et vous r\u00e9serve de nombreuses surprises !<\/span><\/p>\n<p><strong>Pourquoi ce march\u00e9 ? <span style=\"font-weight: 400;\">&#x2728;<\/span><\/strong><\/p>\n<ul>\n<li style=\"font-weight: 400;\" aria-level=\"1\"><span style=\"font-weight: 400;\">Pour mettre en lumi\u00e8re et soutenir des femmes entrepreneuses<\/span><\/li>\n<li style=\"font-weight: 400;\" aria-level=\"1\"><span style=\"font-weight: 400;\">Pour trouver des id\u00e9es de cadeaux engag\u00e9s : artisanat, upcycling, made in france,&#8230; des livres, des soins, des accessoires, de la mode pour tous les \u00e2ges et tous les go\u00fbts !<\/span><\/li>\n<li style=\"font-weight: 400;\" aria-level=\"1\"><span style=\"font-weight: 400;\">Pour prendre soin de soi, se faire plaisir et faire plaisir \u00e0 nos proches\u00a0<\/span><\/li>\n<\/ul>\n<p><span style=\"font-weight: 400;\">Plus qu\u2019un march\u00e9 de No\u00ebl, c\u2019est un r\u00e9el moment de pause, de partage,&#8230;. E<\/span><span style=\"font-weight: 400;\">n plus de 15 stands venez profiter de nombreuses surprises : <\/span><span style=\"font-weight: 400;\">une offre de massage, <\/span><span style=\"font-weight: 400;\">une offre de sophrologie, <\/span><span style=\"font-weight: 400;\">une offre de boissons chaudes et douceurs, <\/span><span style=\"font-weight: 400;\">une projection engag\u00e9e, <\/span><span style=\"font-weight: 400;\">un atelier sorority show pour reprendre confiance en toi et en ses capacit\u00e9s de pitch !<\/span><\/p>\n<p>Programme <strong>&#x1f384;<\/strong><\/p>\n<p>14h : Ouverture du march\u00e9<\/p>\n<p>14h30-15h : Sophrologie (sur inscription)<\/p>\n<p>15h-15h30 : Sophrologie (sur inscription)<\/p>\n<p>15h30-16h : Sophrologie (sur inscription)<\/p>\n<p>16h-16h15 : Projection de Pluri.elles<\/p>\n<p>16h15-17h15 : Atelier Upcycling : Fabrique ton porte-gourde ! (sur inscription)<\/p>\n<p>17h30 : Sorority Show (sur inscription)<\/p>\n<p>19h : Fin du march\u00e9<\/p>\n<p>Alors venez prendre soin de vous et repartez avec de quoi g\u00e2ter vos proches : le sourire de vos proches et des entrepreneuses \ud83d\ude09 Mais d&#8217;ailleurs&#8230; qui accueillons-nous ? <span style=\"font-weight: 400;\">&#x1f381; <\/span><\/p>\n<p>&#8211; Maeli Paris, marque de mode \u00e0 porter ou \u00e0 coudre avec des minin-s\u00e9ries upcycl\u00e9es faites en France et kits de couture<br \/>\n&#8211; Gapianne, eshop partenaire de bien-\u00eatre intime<br \/>\n&#8211; Makri\u00e1, artisanat de femmes du monde entier et communaut\u00e9 de cr\u00e9atrices : cr\u00e9ations en wax, de bandeaux, de broderies faits main<br \/>\n&#8211; Joie du compost, design d&#8217;int\u00e9rieur, vente de lombricompost et ateliers de compostage<br \/>\n&#8211; Gang du clito, livres, outils p\u00e9dagogiques et autres cr\u00e9ations autour du Clitoris<br \/>\n&#8211; YESHA\u2019, marque de produits de bien-\u00eatre 100% natuels autour de tisanes, savons adapt\u00e9s \u00e0 diff\u00e9rents maux (douleurs menstruels, insomnies, probl\u00e8mes digestifs, probl\u00e8mes de peau)<br \/>\n&#8211; Wellness Heritage, vente de tisane et super aliments en poudre (anti-stress, anti ballonement&#8230;)<br \/>\n&#8211; R&#8217;Homies, cr\u00e9ation de gourmandises (sabl\u00e9s, cupcakes, Heart cakes)<br \/>\n&#8211; Les livres qui s\u00e8ment, Librairie jeunesse engag\u00e9e pour la diversit\u00e9, l&#8217;\u00e9galit\u00e9 et l&#8217;\u00e9cologie, vend une s\u00e9lection de livres jeunesse avec une plus large repr\u00e9sentation des personnes et des familles, sans st\u00e9r\u00e9otypes et qui sensibilise \u00e0 l&#8217;\u00e9cologie.<br \/>\n&#8211; PanaGone, marque solidaire du Toga proposant des accessoires de poussette upcycl\u00e9s<br \/>\n&#8211; BONJOUR DIMANCHE, pyjamas unisexes \u00e9co-responsables<br \/>\n&#8211; Meanwhile Boutique, produits responsable : mode, accessoires, beaut\u00e9, bien-\u00eatre et d\u00e9co avec des marques s\u00e9lectionn\u00e9es parmi une charte \u00e9co-responsable<br \/>\n&#8211; Marie Matussi\u00e8re et son activit\u00e9 de sophrologie<br \/>\n&#8211; MyLiiya, coffrets et produits de soin capillaire pour les cheveux boucl\u00e9s, fris\u00e9s, cr\u00e9pus des enfants<br \/>\n&#8211; Nathalie Dumont-Monnet et sa pratique de massage assis TuiNa via des produits de massage bio<br \/>\n&#8211; Liv Brandberg C\u00e9ramique, objets en c\u00e9ramique fait main \u00e0 Pantin<\/p>\n<p><span style=\"font-weight: 400;\">&#x1f381; Alors venez prendre soin de vous et repartez avec de quoi g\u00e2ter vos proche et\u00a0 avec le sourire des entrepreneuses \ud83d\ude09<\/span><\/p>\n<p><strong>Infos pratiques<\/strong><\/p>\n<p><span style=\"font-weight: 400;\"> &#x1f5d3;&#xfe0f;L\u2019\u00e9v\u00e9nement se d\u00e9roulera le 3 d\u00e9cembre de 14h00 \u00e0 19h.<\/span><\/p>\n<p><span style=\"font-weight: 400;\"> &#x1f3ab; R\u00e9servation gratuite obligatoire, \u00e9v\u00e9nement accessibles \u00e0 tous-tes : inscription pour les ateliers \u00e0 venir : r\u00e9serve ta place et nous t&#8217;enverrons le lien !\u00a0<\/span><\/p>\n<p><span class=\"emoji\">&#x1f4cd;<\/span><span style=\"font-weight: 400;\">Sist\u2019Her : 82 rue du Faubourg Saint-Martin 75010 Paris<\/span><\/p>\n<p><span style=\"font-weight: 400;\">Ouvert en mars 2021, Sist\u2019Her est le premier tiers-lieu sorore, d\u00e9di\u00e9 aux entrepreneuses et \u00e0 l\u2019impact en \u00cele-de-France. Port\u00e9 par l\u2019association Empow\u2019Her, c\u2019est un lieu de formations et de rencontres inclusif et collaboratif, ouvert \u00e0 tou\u00b7te\u00b7s o\u00f9 il est possible de se former, s\u2019inspirer, s\u2019engager et se rencontrer.<\/span><\/p>\n<p><span style=\"font-weight: 400;\">A tr\u00e8s vite ! <\/span><\/p>\n","protected":false},"excerpt":{"rendered":"<p><strong>Un march\u00e9 de No\u00ebl f\u00e9ministe et responsable chez Sist\u2019Her : pour prendre soin de soi et des autres &#x1f384;<\/strong><\/p>\n<p><span style=\"font-weight: 400;\">Avant les f\u00eates de fin d\u2019ann\u00e9e, venez prendre soin de vous, vous ressourcer et d\u00e9couvrir des dizaines d\u2019id\u00e9es cadeaux engag\u00e9s en soutenant des femmes entrepreneuses !<\/span><\/p>\n<p><span style=\"font-weight: 400;\">Le samedi 3 d\u00e9cembre, de 14h \u00e0 19h, Empow\u2019Her vous invite pour son March\u00e9 chez Sist\u2019Her et vous r\u00e9serve de nombreuses surprises !<\/span><\/p>\n<p><strong>Pourquoi ce march\u00e9 ?\u00a0<\/strong><\/p>\n<ul>\n<li style=\"font-weight: 400;\" aria-level=\"1\"><span style=\"font-weight: 400;\">Pour mettre en lumi\u00e8re et soutenir des femmes entrepreneuses<\/span><\/li>\n<li style=\"font-weight: 400;\" aria-level=\"1\"><span style=\"font-weight: 400;\">Pour trouver des id\u00e9es de cadeaux engag\u00e9s : artisanat, upcycling, made in france,&#8230; des livres, des soins, des accessoires, de la mode pour tous les \u00e2ges et tous les go\u00fbts !<\/span><\/li>\n<li style=\"font-weight: 400;\" aria-level=\"1\"><span style=\"font-weight: 400;\">Pour prendre soin de soi, se faire plaisir et faire plaisir \u00e0 nos proches\u00a0<\/span><\/li>\n<\/ul>\n<p><span style=\"font-weight: 400;\">Plus qu\u2019un march\u00e9 de No\u00ebl, c\u2019est un r\u00e9el moment de pause, de partage,&#8230;. E<\/span><span style=\"font-weight: 400;\">n plus de 15 stands venez profiter de nombreuses surprises : <\/span><span style=\"font-weight: 400;\">une offre de massage, <\/span><span style=\"font-weight: 400;\">une offre de sophrologie, <\/span><span style=\"font-weight: 400;\">une offre de boissons chaudes et douceurs, <\/span><span style=\"font-weight: 400;\">une projection engag\u00e9e, <\/span><span style=\"font-weight: 400;\">un atelier sorority show pour reprendre confiance en toi et en ses capacit\u00e9s de pitch !<\/span><\/p>\n<p>Programme <strong>&#x1f384;<\/strong><\/p>\n<p>14h : Ouverture du march\u00e9<\/p>\n<p>14h30-15h : Sophrologie (<a href=\"https:\/\/airtable.com\/shruK5sxkrUa4NEWd\">sur inscription<\/a>)<\/p>\n<p>15h-15h30 : Sophrologie (<a href=\"https:\/\/airtable.com\/shruK5sxkrUa4NEWd\">sur inscription)<\/a><\/p>\n<p>15h30-16h : Sophrologie (<a href=\"https:\/\/airtable.com\/shruK5sxkrUa4NEWd\">sur inscription<\/a>)<\/p>\n<p>16h-16h15 : Projection de Pluri.elles<\/p>\n<p>16h15-17h15 : Atelier Upcycling : Fabrique ton porte-gourde ! (<a href=\"https:\/\/airtable.com\/shruK5sxkrUa4NEWd\">sur inscription<\/a>)<\/p>\n<p>17h30 : Sorority Show (<a href=\"https:\/\/airtable.com\/shruK5sxkrUa4NEWd\">sur inscription<\/a>)<\/p>\n<p>19h : Fin du march\u00e9<\/p>\n<p>Alors venez prendre soin de vous et repartez avec de quoi g\u00e2ter vos proches : le sourire de vos proches et des entrepreneuses \ud83d\ude09 Mais d&#8217;ailleurs&#8230; qui accueillons-nous ? <span style=\"font-weight: 400;\">&#x1f381; <\/span><\/p>\n<p>&#8211; Gapianne, eshop partenaire de bien-\u00eatre intime<br \/>\n&#8211; Makri\u00e1, artisanat de femmes du monde entier et communaut\u00e9 de cr\u00e9atrices : cr\u00e9ations en wax, de bandeaux, de broderies faits main<br \/>\n&#8211; Joie du compost, design d&#8217;int\u00e9rieur, vente de lombricompost et ateliers de compostage<br \/>\n&#8211; Gang du clito, livres, outils p\u00e9dagogiques et autres cr\u00e9ations autour du Clitoris<br \/>\n&#8211; YESHA\u2019, marque de produits de bien-\u00eatre 100% natuels autour de tisanes, savons adapt\u00e9s \u00e0 diff\u00e9rents maux (douleurs menstruels, insomnies, probl\u00e8mes digestifs, probl\u00e8mes de peau)<br \/>\n&#8211; Wellness Heritage, vente de tisane et super aliments en poudre (anti-stress, anti ballonement&#8230;)<br \/>\n&#8211; R&#8217;Homies, cr\u00e9ation de gourmandises (sabl\u00e9s, cupcakes, Heart cakes)<br \/>\n&#8211; Les livres qui s\u00e8ment, Librairie jeunesse engag\u00e9e pour la diversit\u00e9, l&#8217;\u00e9galit\u00e9 et l&#8217;\u00e9cologie, vend une s\u00e9lection de livres jeunesse avec une plus large repr\u00e9sentation des personnes et des familles, sans st\u00e9r\u00e9otypes et qui sensibilise \u00e0 l&#8217;\u00e9cologie.<br \/>\n&#8211; PanaGone, marque solidaire du Toga proposant des accessoires de poussette upcycl\u00e9s<br \/>\n&#8211; BONJOUR DIMANCHE, pyjamas unisexes \u00e9co-responsables<br \/>\n&#8211; Meanwhile Boutique, produits responsable : mode, accessoires, beaut\u00e9, bien-\u00eatre et d\u00e9co avec des marques s\u00e9lectionn\u00e9es parmi une charte \u00e9co-responsable<br \/>\n&#8211; Marie Matussi\u00e8re et son activit\u00e9 de sophrologie<br \/>\n&#8211; MyLiiya, coffrets et produits de soin capillaire pour les cheveux boucl\u00e9s, fris\u00e9s, cr\u00e9pus des enfants<br \/>\n&#8211; Nathalie Dumont-Monnet et sa pratique de massage assis TuiNa via des produits de massage bio<br \/>\n&#8211; Liv Brandberg C\u00e9ramique, objets en c\u00e9ramique fait main \u00e0 Pantin<\/p>\n<p><span style=\"font-weight: 400;\">&#x1f381; Alors venez prendre soin de vous et repartez avec de quoi g\u00e2ter vos proche et\u00a0 avec le sourire des entrepreneuses \ud83d\ude09<\/span><\/p>\n<p><strong>Infos pratiques<\/strong><\/p>\n<p><span style=\"font-weight: 400;\"> &#x1f5d3;&#xfe0f;L\u2019\u00e9v\u00e9nement se d\u00e9roulera le 3 d\u00e9cembre de 14h00 \u00e0 19h.<\/span><\/p>\n<p><span style=\"font-weight: 400;\"> &#x1f3ab; R\u00e9servation gratuite obligatoire &amp; \u00e9v\u00e9nement accessibles \u00e0 tous-tes :<a href=\"https:\/\/airtable.com\/shruK5sxkrUa4NEWd\"> inscription pour les ateliers sur ce lien <\/a>\u00a0(confirmation par mail)<\/span><\/p>\n<p><span class=\"emoji\">&#x1f4cd;<\/span><span style=\"font-weight: 400;\">Sist\u2019Her : 82 rue du Faubourg Saint-Martin 75010 Paris<\/span><\/p>\n<p><span style=\"font-weight: 400;\">Ouvert en mars 2021, Sist\u2019Her est le premier tiers-lieu sorore, d\u00e9di\u00e9 aux entrepreneuses et \u00e0 l\u2019impact en \u00cele-de-France. Port\u00e9 par l\u2019association Empow\u2019Her, c\u2019est un lieu de formations et de rencontres inclusif et collaboratif, ouvert \u00e0 tou\u00b7te\u00b7s o\u00f9 il est possible de se former, s\u2019inspirer, s\u2019engager et se rencontrer.<\/span><\/p>\n<p><span style=\"font-weight: 400;\">A tr\u00e8s vite ! <\/span><\/p>\n","protected":false},"featured_media":126275,"template":"","format":"standard","meta":{"_acf_changed":false,"om_disable_all_campaigns":false,"_uf_show_specific_survey":0,"_uf_disable_surveys":false},"product_brand":[],"product_cat":[119],"product_tag":[],"lieu":[127],"thematiques":[],"class_list":{"0":"post-125771","1":"product","2":"type-product","3":"status-publish","4":"format-standard","5":"has-post-thumbnail","7":"product_cat-evenement-sisther","8":"lieu-hub-empowher","10":"first","11":"instock","12":"virtual","13":"purchasable","14":"product-type-appointment"},"exclude_global_add_ons":[],"addons":[],"acf":[],"yoast_head":"<!-- This site is optimized with the Yoast SEO plugin v24.8 - https:\/\/yoast.com\/wordpress\/plugins\/seo\/ -->\n<title>Le march\u00e9 de No\u00ebl d&#039;Empow&#039;Her -<\/title>\n<meta name=\"description\" content=\"Le samedi 3 d\u00e9cembre, viens prendre soin de toi et d\u00e9couvrir des dizaines d\u2019id\u00e9es cadeaux engag\u00e9s en soutenant des femmes entrepreneuses chez Sist&#039;Her !\" \/>\n<meta name=\"robots\" content=\"index, follow, max-snippet:-1, max-image-preview:large, max-video-preview:-1\" \/>\n<link rel=\"canonical\" href=\"https:\/\/empow-her.com\/produit\/marche-noel-empowher\/\" \/>\n<meta property=\"og:locale\" content=\"en_US\" \/>\n<meta property=\"og:type\" content=\"article\" \/>\n<meta property=\"og:title\" content=\"Le march\u00e9 de No\u00ebl d&#039;Empow&#039;Her -\" \/>\n<meta property=\"og:description\" content=\"Le samedi 3 d\u00e9cembre, viens prendre soin de toi et d\u00e9couvrir des dizaines d\u2019id\u00e9es cadeaux engag\u00e9s en soutenant des femmes entrepreneuses chez Sist&#039;Her !\" \/>\n<meta property=\"og:url\" content=\"https:\/\/empow-her.com\/produit\/marche-noel-empowher\/\" \/>\n<meta property=\"og:site_name\" content=\"Empow&#039;Her\" \/>\n<meta property=\"article:modified_time\" content=\"2022-11-24T16:01:31+00:00\" \/>\n<meta property=\"og:image\" content=\"https:\/\/empow-her.com\/wp-content\/uploads\/2022\/11\/BAN-FB-EVENT-SISTHER-38.jpg\" \/>\n\t<meta property=\"og:image:width\" content=\"1640\" \/>\n\t<meta property=\"og:image:height\" content=\"924\" \/>\n\t<meta property=\"og:image:type\" content=\"image\/jpeg\" \/>\n<meta name=\"twitter:card\" content=\"summary_large_image\" \/>\n<meta name=\"twitter:label1\" content=\"Est. reading time\" \/>\n\t<meta name=\"twitter:data1\" content=\"4 minutes\" \/>\n<script type=\"application\/ld+json\" class=\"yoast-schema-graph\">{\"@context\":\"https:\/\/schema.org\",\"@graph\":[{\"@type\":\"WebPage\",\"@id\":\"https:\/\/empow-her.com\/produit\/marche-noel-empowher\/\",\"url\":\"https:\/\/empow-her.com\/produit\/marche-noel-empowher\/\",\"name\":\"Le march\u00e9 de No\u00ebl d'Empow'Her -\",\"isPartOf\":{\"@id\":\"https:\/\/empow-her.com\/#website\"},\"primaryImageOfPage\":{\"@id\":\"https:\/\/empow-her.com\/produit\/marche-noel-empowher\/#primaryimage\"},\"image\":{\"@id\":\"https:\/\/empow-her.com\/produit\/marche-noel-empowher\/#primaryimage\"},\"thumbnailUrl\":\"https:\/\/empow-her.com\/wp-content\/uploads\/2022\/11\/Template-Event-SistHer-vignette-site-9.png\",\"datePublished\":\"2022-11-10T13:47:28+00:00\",\"dateModified\":\"2022-11-24T16:01:31+00:00\",\"description\":\"Le samedi 3 d\u00e9cembre, viens prendre soin de toi et d\u00e9couvrir des dizaines d\u2019id\u00e9es cadeaux engag\u00e9s en soutenant des femmes entrepreneuses chez Sist'Her !\",\"breadcrumb\":{\"@id\":\"https:\/\/empow-her.com\/produit\/marche-noel-empowher\/#breadcrumb\"},\"inLanguage\":\"en-US\",\"potentialAction\":[{\"@type\":\"ReadAction\",\"target\":[\"https:\/\/empow-her.com\/produit\/marche-noel-empowher\/\"]}]},{\"@type\":\"ImageObject\",\"inLanguage\":\"en-US\",\"@id\":\"https:\/\/empow-her.com\/produit\/marche-noel-empowher\/#primaryimage\",\"url\":\"https:\/\/empow-her.com\/wp-content\/uploads\/2022\/11\/Template-Event-SistHer-vignette-site-9.png\",\"contentUrl\":\"https:\/\/empow-her.com\/wp-content\/uploads\/2022\/11\/Template-Event-SistHer-vignette-site-9.png\",\"width\":1080,\"height\":1080},{\"@type\":\"BreadcrumbList\",\"@id\":\"https:\/\/empow-her.com\/produit\/marche-noel-empowher\/#breadcrumb\",\"itemListElement\":[{\"@type\":\"ListItem\",\"position\":1,\"name\":\"Accueil\",\"item\":\"https:\/\/empow-her.com\/en\/landing-page\/\"},{\"@type\":\"ListItem\",\"position\":2,\"name\":\"LA BOUTIQUE\",\"item\":\"https:\/\/empow-her.com\/boutique\/\"},{\"@type\":\"ListItem\",\"position\":3,\"name\":\"Le march\u00e9 de No\u00ebl d&#8217;Empow&#8217;Her\"}]},{\"@type\":\"WebSite\",\"@id\":\"https:\/\/empow-her.com\/#website\",\"url\":\"https:\/\/empow-her.com\/\",\"name\":\"Empow&#039;Her\",\"description\":\"Women Development\",\"potentialAction\":[{\"@type\":\"SearchAction\",\"target\":{\"@type\":\"EntryPoint\",\"urlTemplate\":\"https:\/\/empow-her.com\/?s={search_term_string}\"},\"query-input\":{\"@type\":\"PropertyValueSpecification\",\"valueRequired\":true,\"valueName\":\"search_term_string\"}}],\"inLanguage\":\"en-US\"}]}<\/script>\n<!-- \/ Yoast SEO plugin. -->","yoast_head_json":{"title":"Le march\u00e9 de No\u00ebl d'Empow'Her -","description":"Le samedi 3 d\u00e9cembre, viens prendre soin de toi et d\u00e9couvrir des dizaines d\u2019id\u00e9es cadeaux engag\u00e9s en soutenant des femmes entrepreneuses chez Sist'Her !","robots":{"index":"index","follow":"follow","max-snippet":"max-snippet:-1","max-image-preview":"max-image-preview:large","max-video-preview":"max-video-preview:-1"},"canonical":"https:\/\/empow-her.com\/produit\/marche-noel-empowher\/","og_locale":"en_US","og_type":"article","og_title":"Le march\u00e9 de No\u00ebl d'Empow'Her -","og_description":"Le samedi 3 d\u00e9cembre, viens prendre soin de toi et d\u00e9couvrir des dizaines d\u2019id\u00e9es cadeaux engag\u00e9s en soutenant des femmes entrepreneuses chez Sist'Her !","og_url":"https:\/\/empow-her.com\/produit\/marche-noel-empowher\/","og_site_name":"Empow&#039;Her","article_modified_time":"2022-11-24T16:01:31+00:00","og_image":[{"width":1640,"height":924,"url":"https:\/\/empow-her.com\/wp-content\/uploads\/2022\/11\/BAN-FB-EVENT-SISTHER-38.jpg","type":"image\/jpeg"}],"twitter_card":"summary_large_image","twitter_misc":{"Est. reading time":"4 minutes"},"schema":{"@context":"https:\/\/schema.org","@graph":[{"@type":"WebPage","@id":"https:\/\/empow-her.com\/produit\/marche-noel-empowher\/","url":"https:\/\/empow-her.com\/produit\/marche-noel-empowher\/","name":"Le march\u00e9 de No\u00ebl d'Empow'Her -","isPartOf":{"@id":"https:\/\/empow-her.com\/#website"},"primaryImageOfPage":{"@id":"https:\/\/empow-her.com\/produit\/marche-noel-empowher\/#primaryimage"},"image":{"@id":"https:\/\/empow-her.com\/produit\/marche-noel-empowher\/#primaryimage"},"thumbnailUrl":"https:\/\/empow-her.com\/wp-content\/uploads\/2022\/11\/Template-Event-SistHer-vignette-site-9.png","datePublished":"2022-11-10T13:47:28+00:00","dateModified":"2022-11-24T16:01:31+00:00","description":"Le samedi 3 d\u00e9cembre, viens prendre soin de toi et d\u00e9couvrir des dizaines d\u2019id\u00e9es cadeaux engag\u00e9s en soutenant des femmes entrepreneuses chez Sist'Her !","breadcrumb":{"@id":"https:\/\/empow-her.com\/produit\/marche-noel-empowher\/#breadcrumb"},"inLanguage":"en-US","potentialAction":[{"@type":"ReadAction","target":["https:\/\/empow-her.com\/produit\/marche-noel-empowher\/"]}]},{"@type":"ImageObject","inLanguage":"en-US","@id":"https:\/\/empow-her.com\/produit\/marche-noel-empowher\/#primaryimage","url":"https:\/\/empow-her.com\/wp-content\/uploads\/2022\/11\/Template-Event-SistHer-vignette-site-9.png","contentUrl":"https:\/\/empow-her.com\/wp-content\/uploads\/2022\/11\/Template-Event-SistHer-vignette-site-9.png","width":1080,"height":1080},{"@type":"BreadcrumbList","@id":"https:\/\/empow-her.com\/produit\/marche-noel-empowher\/#breadcrumb","itemListElement":[{"@type":"ListItem","position":1,"name":"Accueil","item":"https:\/\/empow-her.com\/en\/landing-page\/"},{"@type":"ListItem","position":2,"name":"LA BOUTIQUE","item":"https:\/\/empow-her.com\/boutique\/"},{"@type":"ListItem","position":3,"name":"Le march\u00e9 de No\u00ebl d&#8217;Empow&#8217;Her"}]},{"@type":"WebSite","@id":"https:\/\/empow-her.com\/#website","url":"https:\/\/empow-her.com\/","name":"Empow&#039;Her","description":"Women Development","potentialAction":[{"@type":"SearchAction","target":{"@type":"EntryPoint","urlTemplate":"https:\/\/empow-her.com\/?s={search_term_string}"},"query-input":{"@type":"PropertyValueSpecification","valueRequired":true,"valueName":"search_term_string"}}],"inLanguage":"en-US"}]}},"_links":{"self":[{"href":"https:\/\/empow-her.com\/en\/wp-json\/wp\/v2\/product\/125771","targetHints":{"allow":["GET"]}}],"collection":[{"href":"https:\/\/empow-her.com\/en\/wp-json\/wp\/v2\/product"}],"about":[{"href":"https:\/\/empow-her.com\/en\/wp-json\/wp\/v2\/types\/product"}],"wp:featuredmedia":[{"embeddable":true,"href":"https:\/\/empow-her.com\/en\/wp-json\/wp\/v2\/media\/126275"}],"wp:attachment":[{"href":"https:\/\/empow-her.com\/en\/wp-json\/wp\/v2\/media?parent=125771"}],"wp:term":[{"taxonomy":"product_brand","embeddable":true,"href":"https:\/\/empow-her.com\/en\/wp-json\/wp\/v2\/product_brand?post=125771"},{"taxonomy":"product_cat","embeddable":true,"href":"https:\/\/empow-her.com\/en\/wp-json\/wp\/v2\/product_cat?post=125771"},{"taxonomy":"product_tag","embeddable":true,"href":"https:\/\/empow-her.com\/en\/wp-json\/wp\/v2\/product_tag?post=125771"},{"taxonomy":"lieu","embeddable":true,"href":"https:\/\/empow-her.com\/en\/wp-json\/wp\/v2\/lieu?post=125771"},{"taxonomy":"thematiques","embeddable":true,"href":"https:\/\/empow-her.com\/en\/wp-json\/wp\/v2\/thematiques?post=125771"}],"curies":[{"name":"wp","href":"https:\/\/api.w.org\/{rel}","templated":true}]}}