{"id":124574,"date":"2022-10-27T17:36:23","date_gmt":"2022-10-27T15:36:23","guid":{"rendered":"https:\/\/empow-her.com\/?post_type=product&#038;p=124574"},"modified":"2022-10-27T17:37:39","modified_gmt":"2022-10-27T15:37:39","slug":"coaching-apprehender-mes-emotions-pour-avancer-sur-mon-projet-5","status":"publish","type":"product","link":"https:\/\/empow-her.com\/en\/produit\/coaching-apprehender-mes-emotions-pour-avancer-sur-mon-projet-5\/","title":{"rendered":"Coaching &#8211; Appr\u00e9hender mes \u00e9motions pour avancer sur mon projet"},"content":{"rendered":"","protected":false},"excerpt":{"rendered":"<p><span data-sheets-value=\"{&quot;1&quot;:2,&quot;2&quot;:&quot;Description : nnPr\u00e9-requis : nnIntervenant.e : nnSon super pouvoir : nnSon petit mot : &quot;}\" data-sheets-userformat=\"{&quot;2&quot;:641,&quot;3&quot;:{&quot;1&quot;:0},&quot;10&quot;:1,&quot;12&quot;:0}\"><strong>Pr\u00e9-requis<\/strong> : Aucun<\/span><\/p>\n<p><strong>Intervenant.e<\/strong> <strong>: C\u00e9cile Petit de l&#8217;agence Bulles<\/strong><\/p>\n<p>J&#8217;ai cette intime conviction : une vie professionnelle \u00e9panouissante s&#8217;appuie sur la qualit\u00e9 de notre relation \u00e0 nous-m\u00eames, aux autres et \u00e0 notre environnement. J&#8217;ai \u00e0 c\u0153ur d&#8217;aider \u00e0 d\u00e9velopper les ressources et comp\u00e9tences humaines n\u00e9cessaires pour mieux se comprendre, se relier aux autres et s&#8217;accomplir dans ses activit\u00e9s.<br \/>\nPsychologue du travail, m\u00e9diatrice et coach certifi\u00e9e, j&#8217;ai \u00e9galement un parcours de formation initiale en \u00e9cole de commerce et plusieurs ann\u00e9es d&#8217;exp\u00e9rience dans le monde de l&#8217;entreprise en France, au Canada et au Danemark.<br \/>\nJ&#8217;ai co-fond\u00e9 l\u2019Agence Bulles avec ma s\u0153ur Sophie : des espaces-temps pour d\u00e9velopper ses qualit\u00e9s d\u2019\u00eatre et d\u00e9ployer sa puissance d\u2019agir avec coh\u00e9rence et confiance. Pour cela, nous mobilisons un r\u00e9seau d\u2019expertes et de passionn\u00e9es \u00e0 nos c\u00f4t\u00e9s.<br \/>\nAu travers de mon activit\u00e9 ind\u00e9pendante d\u2019accompagnement \u00ab Boost In Progress \u00bb, j\u2019accompagne des particuliers \u00e0 la prise de recul sur leurs situations de travail et \u00e0 la mise en action avec sens et confiance.<br \/>\nJ&#8217;interviens \u00e9galement en tant qu&#8217;enseignante et coach en \u00e9cole de commerce et d&#8217;ing\u00e9nieur afin d\u2019\u0153uvrer aupr\u00e8s des \u00e9tudiant.e.s.<br \/>\nV\u00e9ritablement passionn\u00e9e par les dynamiques humaines au travail, je m&#8217;int\u00e9resse notamment au r\u00f4le des \u00e9motions. Comment faire de toutes nos \u00e9motions des alli\u00e9es au service de nos activit\u00e9s ? C&#8217;est avec joie que je vous accompagnerai sur cette th\u00e9matique !<\/p>\n<p><span data-sheets-value=\"{&quot;1&quot;:2,&quot;2&quot;:&quot;Description : nnPr\u00e9-requis : nnIntervenant.e : nnSon super pouvoir : nnSon petit mot : &quot;}\" data-sheets-userformat=\"{&quot;2&quot;:641,&quot;3&quot;:{&quot;1&quot;:0},&quot;10&quot;:1,&quot;12&quot;:0}\"><strong>Son super pouvoir :<\/strong> Co-d\u00e9tective priv\u00e9e aupr\u00e8s de mes accompagn\u00e9.e.s.<\/span><\/p>\n<p><strong>Son petit mot :<\/strong> L&#8217;aventure entrepreneuriale est une v\u00e9ritable exp\u00e9rience \u00e9motionnelle. Alors appuyons-nous du mieux possible sur ce qui nous met en joie. Cela nous encouragera \u00e0 mettre du c\u0153ur \u00e0 l&#8217;ouvrage et \u00e0 \u0153uvrer avec c\u0153ur !<\/p>\n<p><strong>Dur\u00e9e<\/strong> : U<span data-sheets-value=\"{&quot;1&quot;:2,&quot;2&quot;:&quot;Permanence de 4h avec un cr\u00e9neau de 1h par participante (+ 15 minutes entre chaque)&quot;}\" data-sheets-userformat=\"{&quot;2&quot;:7167,&quot;3&quot;:{&quot;1&quot;:0},&quot;4&quot;:{&quot;1&quot;:2,&quot;2&quot;:16777215},&quot;5&quot;:{&quot;1&quot;:[{&quot;1&quot;:2,&quot;2&quot;:0,&quot;5&quot;:{&quot;1&quot;:2,&quot;2&quot;:0}},{&quot;1&quot;:0,&quot;2&quot;:0,&quot;3&quot;:3},{&quot;1&quot;:1,&quot;2&quot;:0,&quot;4&quot;:1}]},&quot;6&quot;:{&quot;1&quot;:[{&quot;1&quot;:2,&quot;2&quot;:0,&quot;5&quot;:{&quot;1&quot;:2,&quot;2&quot;:0}},{&quot;1&quot;:0,&quot;2&quot;:0,&quot;3&quot;:3},{&quot;1&quot;:1,&quot;2&quot;:0,&quot;4&quot;:1}]},&quot;7&quot;:{&quot;1&quot;:[{&quot;1&quot;:2,&quot;2&quot;:0,&quot;5&quot;:{&quot;1&quot;:2,&quot;2&quot;:0}},{&quot;1&quot;:0,&quot;2&quot;:0,&quot;3&quot;:3},{&quot;1&quot;:1,&quot;2&quot;:0,&quot;4&quot;:1}]},&quot;8&quot;:{&quot;1&quot;:[{&quot;1&quot;:2,&quot;2&quot;:0,&quot;5&quot;:{&quot;1&quot;:2,&quot;2&quot;:0}},{&quot;1&quot;:0,&quot;2&quot;:0,&quot;3&quot;:3},{&quot;1&quot;:1,&quot;2&quot;:0,&quot;4&quot;:1}]},&quot;9&quot;:0,&quot;10&quot;:1,&quot;11&quot;:4,&quot;12&quot;:0,&quot;14&quot;:{&quot;1&quot;:2,&quot;2&quot;:0},&quot;15&quot;:&quot;Calibri&quot;}\">n cr\u00e9neau de 1h en individuel<\/span><\/p>\n<p>&nbsp;<\/p>\n<p><span data-sheets-value=\"{&quot;1&quot;:2,&quot;2&quot;:&quot;Attention ! \u00a0Veuillez vous pr\u00e9sentez \u00e0 l'heure pour que l'activit\u00e9 puisse commencer \u00e0 temps. Si vous avez du retard veuillez pr\u00e9venir l'intervenant.e. Si vous avez plus de 15 min de retard l'intervenant.e se r\u00e9serve le droit de plus vous accepter pour le coaching ou l'atelier.\u00a0&quot;}\" data-sheets-userformat=\"{&quot;2&quot;:641,&quot;3&quot;:{&quot;1&quot;:0},&quot;10&quot;:1,&quot;12&quot;:0}\"><strong>Attention !<\/strong> \u00a0Veuillez vous pr\u00e9sentez \u00e0 l&#8217;heure pour que l&#8217;activit\u00e9 puisse commencer \u00e0 temps. Si vous avez du retard veuillez pr\u00e9venir l&#8217;intervenant.e. Si vous avez plus de 15 min de retard l&#8217;intervenant.e se r\u00e9serve le droit de plus vous accepter pour le coaching ou l&#8217;atelier.\u00a0<\/span><\/p>\n","protected":false},"featured_media":124575,"template":"","format":"standard","meta":{"_acf_changed":false,"om_disable_all_campaigns":false,"_uf_show_specific_survey":0,"_uf_disable_surveys":false},"product_brand":[],"product_cat":[121],"product_tag":[],"lieu":[125],"thematiques":[],"class_list":{"0":"post-124574","1":"product","2":"type-product","3":"status-publish","4":"format-standard","5":"has-post-thumbnail","7":"product_cat-coaching","8":"lieu-en-ligne","10":"first","11":"instock","12":"virtual","13":"purchasable","14":"product-type-appointment"},"exclude_global_add_ons":[],"addons":[],"acf":[],"yoast_head":"<!-- This site is optimized with the Yoast SEO plugin v24.8 - https:\/\/yoast.com\/wordpress\/plugins\/seo\/ -->\n<title>Coaching - Appr\u00e9hender mes \u00e9motions pour avancer sur mon projet - Empow&#039;Her<\/title>\n<meta name=\"robots\" content=\"index, follow, max-snippet:-1, max-image-preview:large, max-video-preview:-1\" \/>\n<link rel=\"canonical\" href=\"https:\/\/empow-her.com\/produit\/coaching-apprehender-mes-emotions-pour-avancer-sur-mon-projet-5\/\" \/>\n<meta property=\"og:locale\" content=\"en_US\" \/>\n<meta property=\"og:type\" content=\"article\" \/>\n<meta property=\"og:title\" content=\"Coaching - Appr\u00e9hender mes \u00e9motions pour avancer sur mon projet - Empow&#039;Her\" \/>\n<meta property=\"og:description\" content=\"Pr\u00e9-requis : Aucun  Intervenant.e : C\u00e9cile Petit de l&#039;agence Bulles  J&#039;ai cette intime conviction : une vie professionnelle \u00e9panouissante s&#039;appuie sur la qualit\u00e9 de notre relation \u00e0 nous-m\u00eames, aux autres et \u00e0 notre environnement. J&#039;ai \u00e0 c\u0153ur d&#039;aider \u00e0 d\u00e9velopper les ressources et comp\u00e9tences humaines n\u00e9cessaires pour mieux se comprendre, se relier aux autres et s&#039;accomplir dans ses activit\u00e9s. Psychologue du travail, m\u00e9diatrice et coach certifi\u00e9e, j&#039;ai \u00e9galement un parcours de formation initiale en \u00e9cole de commerce et plusieurs ann\u00e9es d&#039;exp\u00e9rience dans le monde de l&#039;entreprise en France, au Canada et au Danemark. J&#039;ai co-fond\u00e9 l\u2019Agence Bulles avec ma s\u0153ur Sophie : des espaces-temps pour d\u00e9velopper ses qualit\u00e9s d\u2019\u00eatre et d\u00e9ployer sa puissance d\u2019agir avec coh\u00e9rence et confiance. Pour cela, nous mobilisons un r\u00e9seau d\u2019expertes et de passionn\u00e9es \u00e0 nos c\u00f4t\u00e9s. Au travers de mon activit\u00e9 ind\u00e9pendante d\u2019accompagnement \u00ab Boost In Progress \u00bb, j\u2019accompagne des particuliers \u00e0 la prise de recul sur leurs situations de travail et \u00e0 la mise en action avec sens et confiance. J&#039;interviens \u00e9galement en tant qu&#039;enseignante et coach en \u00e9cole de commerce et d&#039;ing\u00e9nieur afin d\u2019\u0153uvrer aupr\u00e8s des \u00e9tudiant.e.s. V\u00e9ritablement passionn\u00e9e par les dynamiques humaines au travail, je m&#039;int\u00e9resse notamment au r\u00f4le des \u00e9motions. Comment faire de toutes nos \u00e9motions des alli\u00e9es au service de nos activit\u00e9s ? C&#039;est avec joie que je vous accompagnerai sur cette th\u00e9matique !  Son super pouvoir : Co-d\u00e9tective priv\u00e9e aupr\u00e8s de mes accompagn\u00e9.e.s.  Son petit mot : L&#039;aventure entrepreneuriale est une v\u00e9ritable exp\u00e9rience \u00e9motionnelle. Alors appuyons-nous du mieux possible sur ce qui nous met en joie. Cela nous encouragera \u00e0 mettre du c\u0153ur \u00e0 l&#039;ouvrage et \u00e0 \u0153uvrer avec c\u0153ur !  Dur\u00e9e : Un cr\u00e9neau de 1h en individuel  &nbsp;  Attention ! \u00a0Veuillez vous pr\u00e9sentez \u00e0 l&#039;heure pour que l&#039;activit\u00e9 puisse commencer \u00e0 temps. Si vous avez du retard veuillez pr\u00e9venir l&#039;intervenant.e. Si vous avez plus de 15 min de retard l&#039;intervenant.e se r\u00e9serve le droit de plus vous accepter pour le coaching ou l&#039;atelier.\u00a0\" \/>\n<meta property=\"og:url\" content=\"https:\/\/empow-her.com\/produit\/coaching-apprehender-mes-emotions-pour-avancer-sur-mon-projet-5\/\" \/>\n<meta property=\"og:site_name\" content=\"Empow&#039;Her\" \/>\n<meta property=\"article:modified_time\" content=\"2022-10-27T15:37:39+00:00\" \/>\n<meta property=\"og:image\" content=\"https:\/\/empow-her.com\/wp-content\/uploads\/2022\/10\/Women-Dare-templates-events-2022-10-27T173621.723.png\" \/>\n\t<meta property=\"og:image:width\" content=\"1080\" \/>\n\t<meta property=\"og:image:height\" content=\"1080\" \/>\n\t<meta property=\"og:image:type\" content=\"image\/png\" \/>\n<meta name=\"twitter:card\" content=\"summary_large_image\" \/>\n<script type=\"application\/ld+json\" class=\"yoast-schema-graph\">{\"@context\":\"https:\/\/schema.org\",\"@graph\":[{\"@type\":\"WebPage\",\"@id\":\"https:\/\/empow-her.com\/produit\/coaching-apprehender-mes-emotions-pour-avancer-sur-mon-projet-5\/\",\"url\":\"https:\/\/empow-her.com\/produit\/coaching-apprehender-mes-emotions-pour-avancer-sur-mon-projet-5\/\",\"name\":\"Coaching - Appr\u00e9hender mes \u00e9motions pour avancer sur mon projet - Empow&#039;Her\",\"isPartOf\":{\"@id\":\"https:\/\/empow-her.com\/#website\"},\"primaryImageOfPage\":{\"@id\":\"https:\/\/empow-her.com\/produit\/coaching-apprehender-mes-emotions-pour-avancer-sur-mon-projet-5\/#primaryimage\"},\"image\":{\"@id\":\"https:\/\/empow-her.com\/produit\/coaching-apprehender-mes-emotions-pour-avancer-sur-mon-projet-5\/#primaryimage\"},\"thumbnailUrl\":\"https:\/\/empow-her.com\/wp-content\/uploads\/2022\/10\/Women-Dare-templates-events-2022-10-27T173621.723.png\",\"datePublished\":\"2022-10-27T15:36:23+00:00\",\"dateModified\":\"2022-10-27T15:37:39+00:00\",\"breadcrumb\":{\"@id\":\"https:\/\/empow-her.com\/produit\/coaching-apprehender-mes-emotions-pour-avancer-sur-mon-projet-5\/#breadcrumb\"},\"inLanguage\":\"en-US\",\"potentialAction\":[{\"@type\":\"ReadAction\",\"target\":[\"https:\/\/empow-her.com\/produit\/coaching-apprehender-mes-emotions-pour-avancer-sur-mon-projet-5\/\"]}]},{\"@type\":\"ImageObject\",\"inLanguage\":\"en-US\",\"@id\":\"https:\/\/empow-her.com\/produit\/coaching-apprehender-mes-emotions-pour-avancer-sur-mon-projet-5\/#primaryimage\",\"url\":\"https:\/\/empow-her.com\/wp-content\/uploads\/2022\/10\/Women-Dare-templates-events-2022-10-27T173621.723.png\",\"contentUrl\":\"https:\/\/empow-her.com\/wp-content\/uploads\/2022\/10\/Women-Dare-templates-events-2022-10-27T173621.723.png\",\"width\":1080,\"height\":1080},{\"@type\":\"BreadcrumbList\",\"@id\":\"https:\/\/empow-her.com\/produit\/coaching-apprehender-mes-emotions-pour-avancer-sur-mon-projet-5\/#breadcrumb\",\"itemListElement\":[{\"@type\":\"ListItem\",\"position\":1,\"name\":\"Accueil\",\"item\":\"https:\/\/empow-her.com\/en\/landing-page\/\"},{\"@type\":\"ListItem\",\"position\":2,\"name\":\"LA BOUTIQUE\",\"item\":\"https:\/\/empow-her.com\/boutique\/\"},{\"@type\":\"ListItem\",\"position\":3,\"name\":\"Coaching &#8211; Appr\u00e9hender mes \u00e9motions pour avancer sur mon projet\"}]},{\"@type\":\"WebSite\",\"@id\":\"https:\/\/empow-her.com\/#website\",\"url\":\"https:\/\/empow-her.com\/\",\"name\":\"Empow&#039;Her\",\"description\":\"Women Development\",\"potentialAction\":[{\"@type\":\"SearchAction\",\"target\":{\"@type\":\"EntryPoint\",\"urlTemplate\":\"https:\/\/empow-her.com\/?s={search_term_string}\"},\"query-input\":{\"@type\":\"PropertyValueSpecification\",\"valueRequired\":true,\"valueName\":\"search_term_string\"}}],\"inLanguage\":\"en-US\"}]}<\/script>\n<!-- \/ Yoast SEO plugin. -->","yoast_head_json":{"title":"Coaching - Appr\u00e9hender mes \u00e9motions pour avancer sur mon projet - Empow&#039;Her","robots":{"index":"index","follow":"follow","max-snippet":"max-snippet:-1","max-image-preview":"max-image-preview:large","max-video-preview":"max-video-preview:-1"},"canonical":"https:\/\/empow-her.com\/produit\/coaching-apprehender-mes-emotions-pour-avancer-sur-mon-projet-5\/","og_locale":"en_US","og_type":"article","og_title":"Coaching - Appr\u00e9hender mes \u00e9motions pour avancer sur mon projet - Empow&#039;Her","og_description":"Pr\u00e9-requis : Aucun  Intervenant.e : C\u00e9cile Petit de l'agence Bulles  J'ai cette intime conviction : une vie professionnelle \u00e9panouissante s'appuie sur la qualit\u00e9 de notre relation \u00e0 nous-m\u00eames, aux autres et \u00e0 notre environnement. J'ai \u00e0 c\u0153ur d'aider \u00e0 d\u00e9velopper les ressources et comp\u00e9tences humaines n\u00e9cessaires pour mieux se comprendre, se relier aux autres et s'accomplir dans ses activit\u00e9s. Psychologue du travail, m\u00e9diatrice et coach certifi\u00e9e, j'ai \u00e9galement un parcours de formation initiale en \u00e9cole de commerce et plusieurs ann\u00e9es d'exp\u00e9rience dans le monde de l'entreprise en France, au Canada et au Danemark. J'ai co-fond\u00e9 l\u2019Agence Bulles avec ma s\u0153ur Sophie : des espaces-temps pour d\u00e9velopper ses qualit\u00e9s d\u2019\u00eatre et d\u00e9ployer sa puissance d\u2019agir avec coh\u00e9rence et confiance. Pour cela, nous mobilisons un r\u00e9seau d\u2019expertes et de passionn\u00e9es \u00e0 nos c\u00f4t\u00e9s. Au travers de mon activit\u00e9 ind\u00e9pendante d\u2019accompagnement \u00ab Boost In Progress \u00bb, j\u2019accompagne des particuliers \u00e0 la prise de recul sur leurs situations de travail et \u00e0 la mise en action avec sens et confiance. J'interviens \u00e9galement en tant qu'enseignante et coach en \u00e9cole de commerce et d'ing\u00e9nieur afin d\u2019\u0153uvrer aupr\u00e8s des \u00e9tudiant.e.s. V\u00e9ritablement passionn\u00e9e par les dynamiques humaines au travail, je m'int\u00e9resse notamment au r\u00f4le des \u00e9motions. Comment faire de toutes nos \u00e9motions des alli\u00e9es au service de nos activit\u00e9s ? C'est avec joie que je vous accompagnerai sur cette th\u00e9matique !  Son super pouvoir : Co-d\u00e9tective priv\u00e9e aupr\u00e8s de mes accompagn\u00e9.e.s.  Son petit mot : L'aventure entrepreneuriale est une v\u00e9ritable exp\u00e9rience \u00e9motionnelle. Alors appuyons-nous du mieux possible sur ce qui nous met en joie. Cela nous encouragera \u00e0 mettre du c\u0153ur \u00e0 l'ouvrage et \u00e0 \u0153uvrer avec c\u0153ur !  Dur\u00e9e : Un cr\u00e9neau de 1h en individuel  &nbsp;  Attention ! \u00a0Veuillez vous pr\u00e9sentez \u00e0 l'heure pour que l'activit\u00e9 puisse commencer \u00e0 temps. Si vous avez du retard veuillez pr\u00e9venir l'intervenant.e. Si vous avez plus de 15 min de retard l'intervenant.e se r\u00e9serve le droit de plus vous accepter pour le coaching ou l'atelier.\u00a0","og_url":"https:\/\/empow-her.com\/produit\/coaching-apprehender-mes-emotions-pour-avancer-sur-mon-projet-5\/","og_site_name":"Empow&#039;Her","article_modified_time":"2022-10-27T15:37:39+00:00","og_image":[{"width":1080,"height":1080,"url":"https:\/\/empow-her.com\/wp-content\/uploads\/2022\/10\/Women-Dare-templates-events-2022-10-27T173621.723.png","type":"image\/png"}],"twitter_card":"summary_large_image","schema":{"@context":"https:\/\/schema.org","@graph":[{"@type":"WebPage","@id":"https:\/\/empow-her.com\/produit\/coaching-apprehender-mes-emotions-pour-avancer-sur-mon-projet-5\/","url":"https:\/\/empow-her.com\/produit\/coaching-apprehender-mes-emotions-pour-avancer-sur-mon-projet-5\/","name":"Coaching - Appr\u00e9hender mes \u00e9motions pour avancer sur mon projet - Empow&#039;Her","isPartOf":{"@id":"https:\/\/empow-her.com\/#website"},"primaryImageOfPage":{"@id":"https:\/\/empow-her.com\/produit\/coaching-apprehender-mes-emotions-pour-avancer-sur-mon-projet-5\/#primaryimage"},"image":{"@id":"https:\/\/empow-her.com\/produit\/coaching-apprehender-mes-emotions-pour-avancer-sur-mon-projet-5\/#primaryimage"},"thumbnailUrl":"https:\/\/empow-her.com\/wp-content\/uploads\/2022\/10\/Women-Dare-templates-events-2022-10-27T173621.723.png","datePublished":"2022-10-27T15:36:23+00:00","dateModified":"2022-10-27T15:37:39+00:00","breadcrumb":{"@id":"https:\/\/empow-her.com\/produit\/coaching-apprehender-mes-emotions-pour-avancer-sur-mon-projet-5\/#breadcrumb"},"inLanguage":"en-US","potentialAction":[{"@type":"ReadAction","target":["https:\/\/empow-her.com\/produit\/coaching-apprehender-mes-emotions-pour-avancer-sur-mon-projet-5\/"]}]},{"@type":"ImageObject","inLanguage":"en-US","@id":"https:\/\/empow-her.com\/produit\/coaching-apprehender-mes-emotions-pour-avancer-sur-mon-projet-5\/#primaryimage","url":"https:\/\/empow-her.com\/wp-content\/uploads\/2022\/10\/Women-Dare-templates-events-2022-10-27T173621.723.png","contentUrl":"https:\/\/empow-her.com\/wp-content\/uploads\/2022\/10\/Women-Dare-templates-events-2022-10-27T173621.723.png","width":1080,"height":1080},{"@type":"BreadcrumbList","@id":"https:\/\/empow-her.com\/produit\/coaching-apprehender-mes-emotions-pour-avancer-sur-mon-projet-5\/#breadcrumb","itemListElement":[{"@type":"ListItem","position":1,"name":"Accueil","item":"https:\/\/empow-her.com\/en\/landing-page\/"},{"@type":"ListItem","position":2,"name":"LA BOUTIQUE","item":"https:\/\/empow-her.com\/boutique\/"},{"@type":"ListItem","position":3,"name":"Coaching &#8211; Appr\u00e9hender mes \u00e9motions pour avancer sur mon projet"}]},{"@type":"WebSite","@id":"https:\/\/empow-her.com\/#website","url":"https:\/\/empow-her.com\/","name":"Empow&#039;Her","description":"Women Development","potentialAction":[{"@type":"SearchAction","target":{"@type":"EntryPoint","urlTemplate":"https:\/\/empow-her.com\/?s={search_term_string}"},"query-input":{"@type":"PropertyValueSpecification","valueRequired":true,"valueName":"search_term_string"}}],"inLanguage":"en-US"}]}},"_links":{"self":[{"href":"https:\/\/empow-her.com\/en\/wp-json\/wp\/v2\/product\/124574","targetHints":{"allow":["GET"]}}],"collection":[{"href":"https:\/\/empow-her.com\/en\/wp-json\/wp\/v2\/product"}],"about":[{"href":"https:\/\/empow-her.com\/en\/wp-json\/wp\/v2\/types\/product"}],"wp:featuredmedia":[{"embeddable":true,"href":"https:\/\/empow-her.com\/en\/wp-json\/wp\/v2\/media\/124575"}],"wp:attachment":[{"href":"https:\/\/empow-her.com\/en\/wp-json\/wp\/v2\/media?parent=124574"}],"wp:term":[{"taxonomy":"product_brand","embeddable":true,"href":"https:\/\/empow-her.com\/en\/wp-json\/wp\/v2\/product_brand?post=124574"},{"taxonomy":"product_cat","embeddable":true,"href":"https:\/\/empow-her.com\/en\/wp-json\/wp\/v2\/product_cat?post=124574"},{"taxonomy":"product_tag","embeddable":true,"href":"https:\/\/empow-her.com\/en\/wp-json\/wp\/v2\/product_tag?post=124574"},{"taxonomy":"lieu","embeddable":true,"href":"https:\/\/empow-her.com\/en\/wp-json\/wp\/v2\/lieu?post=124574"},{"taxonomy":"thematiques","embeddable":true,"href":"https:\/\/empow-her.com\/en\/wp-json\/wp\/v2\/thematiques?post=124574"}],"curies":[{"name":"wp","href":"https:\/\/api.w.org\/{rel}","templated":true}]}}