{"id":124285,"date":"2022-10-24T12:31:23","date_gmt":"2022-10-24T10:31:23","guid":{"rendered":"https:\/\/empow-her.com\/?post_type=product&#038;p=124285"},"modified":"2022-10-24T12:33:39","modified_gmt":"2022-10-24T10:33:39","slug":"atelier-mener-son-etude-de-marche-en-autonomie-en-5-etapes-2","status":"publish","type":"product","link":"https:\/\/empow-her.com\/en\/produit\/atelier-mener-son-etude-de-marche-en-autonomie-en-5-etapes-2\/","title":{"rendered":"Atelier &#8211; Mener son \u00e9tude de march\u00e9 en autonomie en 5 \u00e9tapes"},"content":{"rendered":"","protected":false},"excerpt":{"rendered":"<div>\n<div>\n<div>\n<p><span data-sheets-value=\"{&quot;1&quot;:2,&quot;2&quot;:&quot;Description : nnPr\u00e9-requis : nnIntervenant.e : nnSon super pouvoir : nnSon petit mot : &quot;}\" data-sheets-userformat=\"{&quot;2&quot;:641,&quot;3&quot;:{&quot;1&quot;:0},&quot;10&quot;:1,&quot;12&quot;:0}\"><strong>Description :<\/strong> Cet atelier vous permettra d&#8217;acqu\u00e9rir des bases solides pour affiner votre projet et de valider votre offre.<br \/>\nAu programme : les cl\u00e9s m\u00e9thodologiques pour explorer votre march\u00e9, d\u00e9finir votre proposition de valeur, comprendre vos cibles et r\u00e9ussir votre positionnement.<br \/>\n<\/span><\/p>\n<p><strong>Pr\u00e9-requis<\/strong>\u00a0: Aucun<\/p>\n<p><strong>Intervenant.e<\/strong>\u00a0<strong>: Sophia Lara Grine de PerformSens<\/strong><\/p>\n<p>Sophia Lara Grine est consultante en Prospective March\u00e9 et RSE int\u00e9gr\u00e9e. Elle a plus de 20 ans d\u2019exp\u00e9riences professionnelles dont un parcours entrepreneurial ax\u00e9 sur sa valeur cl\u00e9 : l\u2019Empowerment\/ l\u2019Autonomisation.<\/p>\n<p><span data-sheets-value=\"{&quot;1&quot;:2,&quot;2&quot;:&quot;Description : nnPr\u00e9-requis : nnIntervenant.e : nnSon super pouvoir : nnSon petit mot : &quot;}\" data-sheets-userformat=\"{&quot;2&quot;:641,&quot;3&quot;:{&quot;1&quot;:0},&quot;10&quot;:1,&quot;12&quot;:0}\"><strong>Son super pouvoir :<\/strong> D\u00e9mystificatrice Des Etudes de March\u00e9, de l&#8217;Entreprenariat et de l\u2019Impact !<\/span><\/p>\n<p><strong>Son petit mot :<\/strong> Entreprendre est une aventure professionnelle et un voyage personnel. Au plaisir de partager votre chemin &#8211; Bienvenues &lt;3 &#8211; dans le formidable programme Women Dare!<\/p>\n<p><strong>Dur\u00e9e<\/strong> : 3 heures en pr\u00e9sentiel<\/p>\n<p>&nbsp;<\/p>\n<p><span data-sheets-value=\"{&quot;1&quot;:2,&quot;2&quot;:&quot;Attention ! \u00a0Veuillez vous pr\u00e9sentez \u00e0 l'heure pour que l'activit\u00e9 puisse commencer \u00e0 temps. Si vous avez du retard veuillez pr\u00e9venir l'intervenant.e. Si vous avez plus de 15 min de retard l'intervenant.e se r\u00e9serve le droit de plus vous accepter pour le coaching ou l'atelier.\u00a0&quot;}\" data-sheets-userformat=\"{&quot;2&quot;:641,&quot;3&quot;:{&quot;1&quot;:0},&quot;10&quot;:1,&quot;12&quot;:0}\"><strong>Attention !<\/strong> \u00a0Veuillez vous pr\u00e9senter \u00e0 l\u2019heure pour que l\u2019activit\u00e9 puisse commencer \u00e0 temps. Si vous avez du retard veuillez pr\u00e9venir l\u2019intervenant.e. Si vous avez plus de 15 min de retard l\u2019intervenant.e se r\u00e9serve le droit de ne plus vous accepter pour le coaching ou l\u2019atelier.\u00a0<\/span><\/p>\n<\/div>\n<\/div>\n<\/div>\n","protected":false},"featured_media":124288,"template":"","format":"standard","meta":{"_acf_changed":false,"om_disable_all_campaigns":false,"_uf_show_specific_survey":0,"_uf_disable_surveys":false},"product_brand":[],"product_cat":[118],"product_tag":[],"lieu":[127],"thematiques":[],"class_list":{"0":"post-124285","1":"product","2":"type-product","3":"status-publish","4":"format-standard","5":"has-post-thumbnail","7":"product_cat-atelier-collectif","8":"lieu-hub-empowher","10":"first","11":"instock","12":"virtual","13":"purchasable","14":"product-type-appointment"},"exclude_global_add_ons":[],"addons":[],"acf":[],"yoast_head":"<!-- This site is optimized with the Yoast SEO plugin v24.8 - https:\/\/yoast.com\/wordpress\/plugins\/seo\/ -->\n<title>Atelier - Mener son \u00e9tude de march\u00e9 en autonomie en 5 \u00e9tapes - Empow&#039;Her<\/title>\n<meta name=\"robots\" content=\"index, follow, max-snippet:-1, max-image-preview:large, max-video-preview:-1\" \/>\n<link rel=\"canonical\" href=\"https:\/\/empow-her.com\/produit\/atelier-mener-son-etude-de-marche-en-autonomie-en-5-etapes-2\/\" \/>\n<meta property=\"og:locale\" content=\"en_US\" \/>\n<meta property=\"og:type\" content=\"article\" \/>\n<meta property=\"og:title\" content=\"Atelier - Mener son \u00e9tude de march\u00e9 en autonomie en 5 \u00e9tapes - Empow&#039;Her\" \/>\n<meta property=\"og:description\" content=\"Description : Cet atelier vous permettra d&#039;acqu\u00e9rir des bases solides pour affiner votre projet et de valider votre offre. Au programme : les cl\u00e9s m\u00e9thodologiques pour explorer votre march\u00e9, d\u00e9finir votre proposition de valeur, comprendre vos cibles et r\u00e9ussir votre positionnement.   Pr\u00e9-requis\u00a0: Aucun  Intervenant.e\u00a0: Sophia Lara Grine de PerformSens  Sophia Lara Grine est consultante en Prospective March\u00e9 et RSE int\u00e9gr\u00e9e. Elle a plus de 20 ans d\u2019exp\u00e9riences professionnelles dont un parcours entrepreneurial ax\u00e9 sur sa valeur cl\u00e9 : l\u2019Empowerment\/ l\u2019Autonomisation.  Son super pouvoir : D\u00e9mystificatrice Des Etudes de March\u00e9, de l&#039;Entreprenariat et de l\u2019Impact !  Son petit mot : Entreprendre est une aventure professionnelle et un voyage personnel. Au plaisir de partager votre chemin - Bienvenues &lt;3 - dans le formidable programme Women Dare!  Dur\u00e9e : 3 heures en pr\u00e9sentiel  &nbsp;  Attention ! \u00a0Veuillez vous pr\u00e9senter \u00e0 l\u2019heure pour que l\u2019activit\u00e9 puisse commencer \u00e0 temps. Si vous avez du retard veuillez pr\u00e9venir l\u2019intervenant.e. Si vous avez plus de 15 min de retard l\u2019intervenant.e se r\u00e9serve le droit de ne plus vous accepter pour le coaching ou l\u2019atelier.\u00a0\" \/>\n<meta property=\"og:url\" content=\"https:\/\/empow-her.com\/produit\/atelier-mener-son-etude-de-marche-en-autonomie-en-5-etapes-2\/\" \/>\n<meta property=\"og:site_name\" content=\"Empow&#039;Her\" \/>\n<meta property=\"article:modified_time\" content=\"2022-10-24T10:33:39+00:00\" \/>\n<meta property=\"og:image\" content=\"https:\/\/empow-her.com\/wp-content\/uploads\/2022\/10\/Women-Dare-templates-events-2022-10-24T123322.444.png\" \/>\n\t<meta property=\"og:image:width\" content=\"1080\" \/>\n\t<meta property=\"og:image:height\" content=\"1080\" \/>\n\t<meta property=\"og:image:type\" content=\"image\/png\" \/>\n<meta name=\"twitter:card\" content=\"summary_large_image\" \/>\n<script type=\"application\/ld+json\" class=\"yoast-schema-graph\">{\"@context\":\"https:\/\/schema.org\",\"@graph\":[{\"@type\":\"WebPage\",\"@id\":\"https:\/\/empow-her.com\/produit\/atelier-mener-son-etude-de-marche-en-autonomie-en-5-etapes-2\/\",\"url\":\"https:\/\/empow-her.com\/produit\/atelier-mener-son-etude-de-marche-en-autonomie-en-5-etapes-2\/\",\"name\":\"Atelier - Mener son \u00e9tude de march\u00e9 en autonomie en 5 \u00e9tapes - Empow&#039;Her\",\"isPartOf\":{\"@id\":\"https:\/\/empow-her.com\/#website\"},\"primaryImageOfPage\":{\"@id\":\"https:\/\/empow-her.com\/produit\/atelier-mener-son-etude-de-marche-en-autonomie-en-5-etapes-2\/#primaryimage\"},\"image\":{\"@id\":\"https:\/\/empow-her.com\/produit\/atelier-mener-son-etude-de-marche-en-autonomie-en-5-etapes-2\/#primaryimage\"},\"thumbnailUrl\":\"https:\/\/empow-her.com\/wp-content\/uploads\/2022\/10\/Women-Dare-templates-events-2022-10-24T123322.444.png\",\"datePublished\":\"2022-10-24T10:31:23+00:00\",\"dateModified\":\"2022-10-24T10:33:39+00:00\",\"breadcrumb\":{\"@id\":\"https:\/\/empow-her.com\/produit\/atelier-mener-son-etude-de-marche-en-autonomie-en-5-etapes-2\/#breadcrumb\"},\"inLanguage\":\"en-US\",\"potentialAction\":[{\"@type\":\"ReadAction\",\"target\":[\"https:\/\/empow-her.com\/produit\/atelier-mener-son-etude-de-marche-en-autonomie-en-5-etapes-2\/\"]}]},{\"@type\":\"ImageObject\",\"inLanguage\":\"en-US\",\"@id\":\"https:\/\/empow-her.com\/produit\/atelier-mener-son-etude-de-marche-en-autonomie-en-5-etapes-2\/#primaryimage\",\"url\":\"https:\/\/empow-her.com\/wp-content\/uploads\/2022\/10\/Women-Dare-templates-events-2022-10-24T123322.444.png\",\"contentUrl\":\"https:\/\/empow-her.com\/wp-content\/uploads\/2022\/10\/Women-Dare-templates-events-2022-10-24T123322.444.png\",\"width\":1080,\"height\":1080},{\"@type\":\"BreadcrumbList\",\"@id\":\"https:\/\/empow-her.com\/produit\/atelier-mener-son-etude-de-marche-en-autonomie-en-5-etapes-2\/#breadcrumb\",\"itemListElement\":[{\"@type\":\"ListItem\",\"position\":1,\"name\":\"Accueil\",\"item\":\"https:\/\/empow-her.com\/en\/landing-page\/\"},{\"@type\":\"ListItem\",\"position\":2,\"name\":\"LA BOUTIQUE\",\"item\":\"https:\/\/empow-her.com\/boutique\/\"},{\"@type\":\"ListItem\",\"position\":3,\"name\":\"Atelier &#8211; Mener son \u00e9tude de march\u00e9 en autonomie en 5 \u00e9tapes\"}]},{\"@type\":\"WebSite\",\"@id\":\"https:\/\/empow-her.com\/#website\",\"url\":\"https:\/\/empow-her.com\/\",\"name\":\"Empow&#039;Her\",\"description\":\"Women Development\",\"potentialAction\":[{\"@type\":\"SearchAction\",\"target\":{\"@type\":\"EntryPoint\",\"urlTemplate\":\"https:\/\/empow-her.com\/?s={search_term_string}\"},\"query-input\":{\"@type\":\"PropertyValueSpecification\",\"valueRequired\":true,\"valueName\":\"search_term_string\"}}],\"inLanguage\":\"en-US\"}]}<\/script>\n<!-- \/ Yoast SEO plugin. -->","yoast_head_json":{"title":"Atelier - Mener son \u00e9tude de march\u00e9 en autonomie en 5 \u00e9tapes - Empow&#039;Her","robots":{"index":"index","follow":"follow","max-snippet":"max-snippet:-1","max-image-preview":"max-image-preview:large","max-video-preview":"max-video-preview:-1"},"canonical":"https:\/\/empow-her.com\/produit\/atelier-mener-son-etude-de-marche-en-autonomie-en-5-etapes-2\/","og_locale":"en_US","og_type":"article","og_title":"Atelier - Mener son \u00e9tude de march\u00e9 en autonomie en 5 \u00e9tapes - Empow&#039;Her","og_description":"Description : Cet atelier vous permettra d'acqu\u00e9rir des bases solides pour affiner votre projet et de valider votre offre. Au programme : les cl\u00e9s m\u00e9thodologiques pour explorer votre march\u00e9, d\u00e9finir votre proposition de valeur, comprendre vos cibles et r\u00e9ussir votre positionnement.   Pr\u00e9-requis\u00a0: Aucun  Intervenant.e\u00a0: Sophia Lara Grine de PerformSens  Sophia Lara Grine est consultante en Prospective March\u00e9 et RSE int\u00e9gr\u00e9e. Elle a plus de 20 ans d\u2019exp\u00e9riences professionnelles dont un parcours entrepreneurial ax\u00e9 sur sa valeur cl\u00e9 : l\u2019Empowerment\/ l\u2019Autonomisation.  Son super pouvoir : D\u00e9mystificatrice Des Etudes de March\u00e9, de l'Entreprenariat et de l\u2019Impact !  Son petit mot : Entreprendre est une aventure professionnelle et un voyage personnel. Au plaisir de partager votre chemin - Bienvenues &lt;3 - dans le formidable programme Women Dare!  Dur\u00e9e : 3 heures en pr\u00e9sentiel  &nbsp;  Attention ! \u00a0Veuillez vous pr\u00e9senter \u00e0 l\u2019heure pour que l\u2019activit\u00e9 puisse commencer \u00e0 temps. Si vous avez du retard veuillez pr\u00e9venir l\u2019intervenant.e. Si vous avez plus de 15 min de retard l\u2019intervenant.e se r\u00e9serve le droit de ne plus vous accepter pour le coaching ou l\u2019atelier.\u00a0","og_url":"https:\/\/empow-her.com\/produit\/atelier-mener-son-etude-de-marche-en-autonomie-en-5-etapes-2\/","og_site_name":"Empow&#039;Her","article_modified_time":"2022-10-24T10:33:39+00:00","og_image":[{"width":1080,"height":1080,"url":"https:\/\/empow-her.com\/wp-content\/uploads\/2022\/10\/Women-Dare-templates-events-2022-10-24T123322.444.png","type":"image\/png"}],"twitter_card":"summary_large_image","schema":{"@context":"https:\/\/schema.org","@graph":[{"@type":"WebPage","@id":"https:\/\/empow-her.com\/produit\/atelier-mener-son-etude-de-marche-en-autonomie-en-5-etapes-2\/","url":"https:\/\/empow-her.com\/produit\/atelier-mener-son-etude-de-marche-en-autonomie-en-5-etapes-2\/","name":"Atelier - Mener son \u00e9tude de march\u00e9 en autonomie en 5 \u00e9tapes - Empow&#039;Her","isPartOf":{"@id":"https:\/\/empow-her.com\/#website"},"primaryImageOfPage":{"@id":"https:\/\/empow-her.com\/produit\/atelier-mener-son-etude-de-marche-en-autonomie-en-5-etapes-2\/#primaryimage"},"image":{"@id":"https:\/\/empow-her.com\/produit\/atelier-mener-son-etude-de-marche-en-autonomie-en-5-etapes-2\/#primaryimage"},"thumbnailUrl":"https:\/\/empow-her.com\/wp-content\/uploads\/2022\/10\/Women-Dare-templates-events-2022-10-24T123322.444.png","datePublished":"2022-10-24T10:31:23+00:00","dateModified":"2022-10-24T10:33:39+00:00","breadcrumb":{"@id":"https:\/\/empow-her.com\/produit\/atelier-mener-son-etude-de-marche-en-autonomie-en-5-etapes-2\/#breadcrumb"},"inLanguage":"en-US","potentialAction":[{"@type":"ReadAction","target":["https:\/\/empow-her.com\/produit\/atelier-mener-son-etude-de-marche-en-autonomie-en-5-etapes-2\/"]}]},{"@type":"ImageObject","inLanguage":"en-US","@id":"https:\/\/empow-her.com\/produit\/atelier-mener-son-etude-de-marche-en-autonomie-en-5-etapes-2\/#primaryimage","url":"https:\/\/empow-her.com\/wp-content\/uploads\/2022\/10\/Women-Dare-templates-events-2022-10-24T123322.444.png","contentUrl":"https:\/\/empow-her.com\/wp-content\/uploads\/2022\/10\/Women-Dare-templates-events-2022-10-24T123322.444.png","width":1080,"height":1080},{"@type":"BreadcrumbList","@id":"https:\/\/empow-her.com\/produit\/atelier-mener-son-etude-de-marche-en-autonomie-en-5-etapes-2\/#breadcrumb","itemListElement":[{"@type":"ListItem","position":1,"name":"Accueil","item":"https:\/\/empow-her.com\/en\/landing-page\/"},{"@type":"ListItem","position":2,"name":"LA BOUTIQUE","item":"https:\/\/empow-her.com\/boutique\/"},{"@type":"ListItem","position":3,"name":"Atelier &#8211; Mener son \u00e9tude de march\u00e9 en autonomie en 5 \u00e9tapes"}]},{"@type":"WebSite","@id":"https:\/\/empow-her.com\/#website","url":"https:\/\/empow-her.com\/","name":"Empow&#039;Her","description":"Women Development","potentialAction":[{"@type":"SearchAction","target":{"@type":"EntryPoint","urlTemplate":"https:\/\/empow-her.com\/?s={search_term_string}"},"query-input":{"@type":"PropertyValueSpecification","valueRequired":true,"valueName":"search_term_string"}}],"inLanguage":"en-US"}]}},"_links":{"self":[{"href":"https:\/\/empow-her.com\/en\/wp-json\/wp\/v2\/product\/124285","targetHints":{"allow":["GET"]}}],"collection":[{"href":"https:\/\/empow-her.com\/en\/wp-json\/wp\/v2\/product"}],"about":[{"href":"https:\/\/empow-her.com\/en\/wp-json\/wp\/v2\/types\/product"}],"wp:featuredmedia":[{"embeddable":true,"href":"https:\/\/empow-her.com\/en\/wp-json\/wp\/v2\/media\/124288"}],"wp:attachment":[{"href":"https:\/\/empow-her.com\/en\/wp-json\/wp\/v2\/media?parent=124285"}],"wp:term":[{"taxonomy":"product_brand","embeddable":true,"href":"https:\/\/empow-her.com\/en\/wp-json\/wp\/v2\/product_brand?post=124285"},{"taxonomy":"product_cat","embeddable":true,"href":"https:\/\/empow-her.com\/en\/wp-json\/wp\/v2\/product_cat?post=124285"},{"taxonomy":"product_tag","embeddable":true,"href":"https:\/\/empow-her.com\/en\/wp-json\/wp\/v2\/product_tag?post=124285"},{"taxonomy":"lieu","embeddable":true,"href":"https:\/\/empow-her.com\/en\/wp-json\/wp\/v2\/lieu?post=124285"},{"taxonomy":"thematiques","embeddable":true,"href":"https:\/\/empow-her.com\/en\/wp-json\/wp\/v2\/thematiques?post=124285"}],"curies":[{"name":"wp","href":"https:\/\/api.w.org\/{rel}","templated":true}]}}