{"id":123702,"date":"2022-10-17T17:54:32","date_gmt":"2022-10-17T15:54:32","guid":{"rendered":"https:\/\/empow-her.com\/?post_type=product&#038;p=123702"},"modified":"2022-10-17T17:58:29","modified_gmt":"2022-10-17T15:58:29","slug":"atelier-elaborer-un-prototype-avec-le-design-thinking","status":"publish","type":"product","link":"https:\/\/empow-her.com\/en\/produit\/atelier-elaborer-un-prototype-avec-le-design-thinking\/","title":{"rendered":"Atelier &#8211; \u00c9laborer un prototype avec le design thinking"},"content":{"rendered":"","protected":false},"excerpt":{"rendered":"<p><span data-sheets-value=\"{&quot;1&quot;:2,&quot;2&quot;:&quot;Votre projet se clarifie, ses contours se dessinent. Et si on le visualisait ensemble ? Cet atelier vous propose d\u2019\u00e9laborer un prototype de votre projet afin d\u2019illustrer des id\u00e9es pour ensuite les amener plus loin, vers quelque chose de plus \u00e9labor\u00e9. Nous explorerons plusieurs sc\u00e9narios et m\u00e9thodes pour toujours questionner et rebondir.&quot;}\" data-sheets-userformat=\"{&quot;2&quot;:897,&quot;3&quot;:{&quot;1&quot;:0},&quot;10&quot;:1,&quot;11&quot;:4,&quot;12&quot;:0}\"><strong>Description :<\/strong> Votre projet se clarifie, ses contours se dessinent. Et si on le visualisait ensemble ? Cet atelier vous propose d\u2019\u00e9laborer un prototype de votre projet afin d\u2019illustrer des id\u00e9es pour ensuite les amener plus loin, vers quelque chose de plus \u00e9labor\u00e9. Nous explorerons plusieurs sc\u00e9narios et m\u00e9thodes pour toujours questionner et rebondir.<\/span><\/p>\n<p><strong>Intervenante : Marialya Bestougeff<\/strong><\/p>\n<p><strong>Pr\u00e9sentation : <\/strong>Directrice de l&#8217;innovation du CENTQUATRE-PARIS, un lieu unique que je vous invite \u00e0 d\u00e9couvrir. Je pilote 104factory, l&#8217;incubateur des startups culturelles et cr\u00e9atives (http:\/\/www.104factory.fr\/)<br \/>\nPassionn\u00e9e par la culture et l&#8217;innovation, je suis dipl\u00f4m\u00e9e de l\u2019EDHEC et d\u2019un master en communication de l\u2019Universit\u00e9 Ib\u00e9roamericana de Mexico, j\u2019ai \u00e9galement suivi un cycle long de formations sur l\u2019entrepreunariat culturel en Europe et me suis tr\u00e8s fortement impliqu\u00e9e dans l&#8217;association Mus\u00e9omix https:\/\/www.museomix.org\/.<\/p>\n<p>Apr\u00e8s plusieurs ann\u00e9es d\u2019exp\u00e9riences professionnelles en tant que chef de projet dans des m\u00e9tiers et des contextes tr\u00e8s diff\u00e9rents (qualit\u00e9, informatique et conseil), j&#8217;ai \u00e9t\u00e9 directrice commerciale de Decommedia une structure originale qui d\u00e9veloppe des actions de sensibilisations et de formation par le th\u00e9\u00e2tre, entrepreneuse avec Fixioneers puis Head of Share Design au sein du collectif de designers les Sismo !<\/p>\n<p>Je travaille aujourd\u2019hui \u00e0 fa\u00e7onner les conditions pour permettre l&#8217;\u00e9mergence de l&#8217;innovation, l&#8217;\u00e9closion et le d\u00e9veloppement de projets entrepreneuriaux, collaboratifs, cr\u00e9atifs et \u00e9panouissants pour tisser des liens durables entre des univers qui ont tant \u00e0 partager !<\/p>\n<p><strong>Son super pouvoir : <\/strong>Donner des super pouvoirs !<\/p>\n<p><strong>Son petit mot : <\/strong>Bravo, osez, continuez !<\/p>\n<div><b>Lieu : <\/b>Sist&#8217;Her Paris, 82 rue du Faubourg Saint-Martin<\/div>\n<div><\/div>\n<div>\n<p><b>Attention !\u00a0<\/b> Veuillez vous pr\u00e9senter \u00e0 l\u2019heure pour que l\u2019activit\u00e9 puisse commencer \u00e0 temps. Si vous avez du retard veuillez pr\u00e9venir l\u2019intervenant.e. Si vous avez plus de 15 min de retard l\u2019intervenant.e se r\u00e9serve le droit de ne pas vous accepter pour le coaching ou l\u2019atelier.<\/p>\n<\/div>\n","protected":false},"featured_media":123703,"template":"","format":"standard","meta":{"_acf_changed":false,"om_disable_all_campaigns":false,"_uf_show_specific_survey":0,"_uf_disable_surveys":false},"product_brand":[],"product_cat":[118],"product_tag":[],"lieu":[127],"thematiques":[],"class_list":{"0":"post-123702","1":"product","2":"type-product","3":"status-publish","4":"format-standard","5":"has-post-thumbnail","7":"product_cat-atelier-collectif","8":"lieu-hub-empowher","10":"first","11":"instock","12":"virtual","13":"purchasable","14":"product-type-appointment"},"exclude_global_add_ons":[],"addons":[],"acf":[],"yoast_head":"<!-- This site is optimized with the Yoast SEO plugin v24.8 - https:\/\/yoast.com\/wordpress\/plugins\/seo\/ -->\n<title>Atelier - \u00c9laborer un prototype avec le design thinking - Empow&#039;Her<\/title>\n<meta name=\"robots\" content=\"index, follow, max-snippet:-1, max-image-preview:large, max-video-preview:-1\" \/>\n<link rel=\"canonical\" href=\"https:\/\/empow-her.com\/produit\/atelier-elaborer-un-prototype-avec-le-design-thinking\/\" \/>\n<meta property=\"og:locale\" content=\"en_US\" \/>\n<meta property=\"og:type\" content=\"article\" \/>\n<meta property=\"og:title\" content=\"Atelier - \u00c9laborer un prototype avec le design thinking - Empow&#039;Her\" \/>\n<meta property=\"og:description\" content=\"Description : Votre projet se clarifie, ses contours se dessinent. Et si on le visualisait ensemble ? Cet atelier vous propose d\u2019\u00e9laborer un prototype de votre projet afin d\u2019illustrer des id\u00e9es pour ensuite les amener plus loin, vers quelque chose de plus \u00e9labor\u00e9. Nous explorerons plusieurs sc\u00e9narios et m\u00e9thodes pour toujours questionner et rebondir.  Intervenante : Marialya Bestougeff  Pr\u00e9sentation : Directrice de l&#039;innovation du CENTQUATRE-PARIS, un lieu unique que je vous invite \u00e0 d\u00e9couvrir. Je pilote 104factory, l&#039;incubateur des startups culturelles et cr\u00e9atives (http:\/\/www.104factory.fr\/) Passionn\u00e9e par la culture et l&#039;innovation, je suis dipl\u00f4m\u00e9e de l\u2019EDHEC et d\u2019un master en communication de l\u2019Universit\u00e9 Ib\u00e9roamericana de Mexico, j\u2019ai \u00e9galement suivi un cycle long de formations sur l\u2019entrepreunariat culturel en Europe et me suis tr\u00e8s fortement impliqu\u00e9e dans l&#039;association Mus\u00e9omix https:\/\/www.museomix.org\/.  Apr\u00e8s plusieurs ann\u00e9es d\u2019exp\u00e9riences professionnelles en tant que chef de projet dans des m\u00e9tiers et des contextes tr\u00e8s diff\u00e9rents (qualit\u00e9, informatique et conseil), j&#039;ai \u00e9t\u00e9 directrice commerciale de Decommedia une structure originale qui d\u00e9veloppe des actions de sensibilisations et de formation par le th\u00e9\u00e2tre, entrepreneuse avec Fixioneers puis Head of Share Design au sein du collectif de designers les Sismo !  Je travaille aujourd\u2019hui \u00e0 fa\u00e7onner les conditions pour permettre l&#039;\u00e9mergence de l&#039;innovation, l&#039;\u00e9closion et le d\u00e9veloppement de projets entrepreneuriaux, collaboratifs, cr\u00e9atifs et \u00e9panouissants pour tisser des liens durables entre des univers qui ont tant \u00e0 partager !  Son super pouvoir : Donner des super pouvoirs !  Son petit mot : Bravo, osez, continuez ! Lieu : Sist&#039;Her Paris, 82 rue du Faubourg Saint-Martin    Attention !\u00a0 Veuillez vous pr\u00e9senter \u00e0 l\u2019heure pour que l\u2019activit\u00e9 puisse commencer \u00e0 temps. Si vous avez du retard veuillez pr\u00e9venir l\u2019intervenant.e. Si vous avez plus de 15 min de retard l\u2019intervenant.e se r\u00e9serve le droit de ne pas vous accepter pour le coaching ou l\u2019atelier.\" \/>\n<meta property=\"og:url\" content=\"https:\/\/empow-her.com\/produit\/atelier-elaborer-un-prototype-avec-le-design-thinking\/\" \/>\n<meta property=\"og:site_name\" content=\"Empow&#039;Her\" \/>\n<meta property=\"article:modified_time\" content=\"2022-10-17T15:58:29+00:00\" \/>\n<meta property=\"og:image\" content=\"https:\/\/empow-her.com\/wp-content\/uploads\/2022\/10\/Women-Dare-templates-events-2022-10-17T175815.715.png\" \/>\n\t<meta property=\"og:image:width\" content=\"1080\" \/>\n\t<meta property=\"og:image:height\" content=\"1080\" \/>\n\t<meta property=\"og:image:type\" content=\"image\/png\" \/>\n<meta name=\"twitter:card\" content=\"summary_large_image\" \/>\n<script type=\"application\/ld+json\" class=\"yoast-schema-graph\">{\"@context\":\"https:\/\/schema.org\",\"@graph\":[{\"@type\":\"WebPage\",\"@id\":\"https:\/\/empow-her.com\/produit\/atelier-elaborer-un-prototype-avec-le-design-thinking\/\",\"url\":\"https:\/\/empow-her.com\/produit\/atelier-elaborer-un-prototype-avec-le-design-thinking\/\",\"name\":\"Atelier - \u00c9laborer un prototype avec le design thinking - Empow&#039;Her\",\"isPartOf\":{\"@id\":\"https:\/\/empow-her.com\/#website\"},\"primaryImageOfPage\":{\"@id\":\"https:\/\/empow-her.com\/produit\/atelier-elaborer-un-prototype-avec-le-design-thinking\/#primaryimage\"},\"image\":{\"@id\":\"https:\/\/empow-her.com\/produit\/atelier-elaborer-un-prototype-avec-le-design-thinking\/#primaryimage\"},\"thumbnailUrl\":\"https:\/\/empow-her.com\/wp-content\/uploads\/2022\/10\/Women-Dare-templates-events-2022-10-17T175815.715.png\",\"datePublished\":\"2022-10-17T15:54:32+00:00\",\"dateModified\":\"2022-10-17T15:58:29+00:00\",\"breadcrumb\":{\"@id\":\"https:\/\/empow-her.com\/produit\/atelier-elaborer-un-prototype-avec-le-design-thinking\/#breadcrumb\"},\"inLanguage\":\"en-US\",\"potentialAction\":[{\"@type\":\"ReadAction\",\"target\":[\"https:\/\/empow-her.com\/produit\/atelier-elaborer-un-prototype-avec-le-design-thinking\/\"]}]},{\"@type\":\"ImageObject\",\"inLanguage\":\"en-US\",\"@id\":\"https:\/\/empow-her.com\/produit\/atelier-elaborer-un-prototype-avec-le-design-thinking\/#primaryimage\",\"url\":\"https:\/\/empow-her.com\/wp-content\/uploads\/2022\/10\/Women-Dare-templates-events-2022-10-17T175815.715.png\",\"contentUrl\":\"https:\/\/empow-her.com\/wp-content\/uploads\/2022\/10\/Women-Dare-templates-events-2022-10-17T175815.715.png\",\"width\":1080,\"height\":1080},{\"@type\":\"BreadcrumbList\",\"@id\":\"https:\/\/empow-her.com\/produit\/atelier-elaborer-un-prototype-avec-le-design-thinking\/#breadcrumb\",\"itemListElement\":[{\"@type\":\"ListItem\",\"position\":1,\"name\":\"Accueil\",\"item\":\"https:\/\/empow-her.com\/en\/landing-page\/\"},{\"@type\":\"ListItem\",\"position\":2,\"name\":\"LA BOUTIQUE\",\"item\":\"https:\/\/empow-her.com\/boutique\/\"},{\"@type\":\"ListItem\",\"position\":3,\"name\":\"Atelier &#8211; \u00c9laborer un prototype avec le design thinking\"}]},{\"@type\":\"WebSite\",\"@id\":\"https:\/\/empow-her.com\/#website\",\"url\":\"https:\/\/empow-her.com\/\",\"name\":\"Empow&#039;Her\",\"description\":\"Women Development\",\"potentialAction\":[{\"@type\":\"SearchAction\",\"target\":{\"@type\":\"EntryPoint\",\"urlTemplate\":\"https:\/\/empow-her.com\/?s={search_term_string}\"},\"query-input\":{\"@type\":\"PropertyValueSpecification\",\"valueRequired\":true,\"valueName\":\"search_term_string\"}}],\"inLanguage\":\"en-US\"}]}<\/script>\n<!-- \/ Yoast SEO plugin. -->","yoast_head_json":{"title":"Atelier - \u00c9laborer un prototype avec le design thinking - Empow&#039;Her","robots":{"index":"index","follow":"follow","max-snippet":"max-snippet:-1","max-image-preview":"max-image-preview:large","max-video-preview":"max-video-preview:-1"},"canonical":"https:\/\/empow-her.com\/produit\/atelier-elaborer-un-prototype-avec-le-design-thinking\/","og_locale":"en_US","og_type":"article","og_title":"Atelier - \u00c9laborer un prototype avec le design thinking - Empow&#039;Her","og_description":"Description : Votre projet se clarifie, ses contours se dessinent. Et si on le visualisait ensemble ? Cet atelier vous propose d\u2019\u00e9laborer un prototype de votre projet afin d\u2019illustrer des id\u00e9es pour ensuite les amener plus loin, vers quelque chose de plus \u00e9labor\u00e9. Nous explorerons plusieurs sc\u00e9narios et m\u00e9thodes pour toujours questionner et rebondir.  Intervenante : Marialya Bestougeff  Pr\u00e9sentation : Directrice de l'innovation du CENTQUATRE-PARIS, un lieu unique que je vous invite \u00e0 d\u00e9couvrir. Je pilote 104factory, l'incubateur des startups culturelles et cr\u00e9atives (http:\/\/www.104factory.fr\/) Passionn\u00e9e par la culture et l'innovation, je suis dipl\u00f4m\u00e9e de l\u2019EDHEC et d\u2019un master en communication de l\u2019Universit\u00e9 Ib\u00e9roamericana de Mexico, j\u2019ai \u00e9galement suivi un cycle long de formations sur l\u2019entrepreunariat culturel en Europe et me suis tr\u00e8s fortement impliqu\u00e9e dans l'association Mus\u00e9omix https:\/\/www.museomix.org\/.  Apr\u00e8s plusieurs ann\u00e9es d\u2019exp\u00e9riences professionnelles en tant que chef de projet dans des m\u00e9tiers et des contextes tr\u00e8s diff\u00e9rents (qualit\u00e9, informatique et conseil), j'ai \u00e9t\u00e9 directrice commerciale de Decommedia une structure originale qui d\u00e9veloppe des actions de sensibilisations et de formation par le th\u00e9\u00e2tre, entrepreneuse avec Fixioneers puis Head of Share Design au sein du collectif de designers les Sismo !  Je travaille aujourd\u2019hui \u00e0 fa\u00e7onner les conditions pour permettre l'\u00e9mergence de l'innovation, l'\u00e9closion et le d\u00e9veloppement de projets entrepreneuriaux, collaboratifs, cr\u00e9atifs et \u00e9panouissants pour tisser des liens durables entre des univers qui ont tant \u00e0 partager !  Son super pouvoir : Donner des super pouvoirs !  Son petit mot : Bravo, osez, continuez ! Lieu : Sist'Her Paris, 82 rue du Faubourg Saint-Martin    Attention !\u00a0 Veuillez vous pr\u00e9senter \u00e0 l\u2019heure pour que l\u2019activit\u00e9 puisse commencer \u00e0 temps. Si vous avez du retard veuillez pr\u00e9venir l\u2019intervenant.e. Si vous avez plus de 15 min de retard l\u2019intervenant.e se r\u00e9serve le droit de ne pas vous accepter pour le coaching ou l\u2019atelier.","og_url":"https:\/\/empow-her.com\/produit\/atelier-elaborer-un-prototype-avec-le-design-thinking\/","og_site_name":"Empow&#039;Her","article_modified_time":"2022-10-17T15:58:29+00:00","og_image":[{"width":1080,"height":1080,"url":"https:\/\/empow-her.com\/wp-content\/uploads\/2022\/10\/Women-Dare-templates-events-2022-10-17T175815.715.png","type":"image\/png"}],"twitter_card":"summary_large_image","schema":{"@context":"https:\/\/schema.org","@graph":[{"@type":"WebPage","@id":"https:\/\/empow-her.com\/produit\/atelier-elaborer-un-prototype-avec-le-design-thinking\/","url":"https:\/\/empow-her.com\/produit\/atelier-elaborer-un-prototype-avec-le-design-thinking\/","name":"Atelier - \u00c9laborer un prototype avec le design thinking - Empow&#039;Her","isPartOf":{"@id":"https:\/\/empow-her.com\/#website"},"primaryImageOfPage":{"@id":"https:\/\/empow-her.com\/produit\/atelier-elaborer-un-prototype-avec-le-design-thinking\/#primaryimage"},"image":{"@id":"https:\/\/empow-her.com\/produit\/atelier-elaborer-un-prototype-avec-le-design-thinking\/#primaryimage"},"thumbnailUrl":"https:\/\/empow-her.com\/wp-content\/uploads\/2022\/10\/Women-Dare-templates-events-2022-10-17T175815.715.png","datePublished":"2022-10-17T15:54:32+00:00","dateModified":"2022-10-17T15:58:29+00:00","breadcrumb":{"@id":"https:\/\/empow-her.com\/produit\/atelier-elaborer-un-prototype-avec-le-design-thinking\/#breadcrumb"},"inLanguage":"en-US","potentialAction":[{"@type":"ReadAction","target":["https:\/\/empow-her.com\/produit\/atelier-elaborer-un-prototype-avec-le-design-thinking\/"]}]},{"@type":"ImageObject","inLanguage":"en-US","@id":"https:\/\/empow-her.com\/produit\/atelier-elaborer-un-prototype-avec-le-design-thinking\/#primaryimage","url":"https:\/\/empow-her.com\/wp-content\/uploads\/2022\/10\/Women-Dare-templates-events-2022-10-17T175815.715.png","contentUrl":"https:\/\/empow-her.com\/wp-content\/uploads\/2022\/10\/Women-Dare-templates-events-2022-10-17T175815.715.png","width":1080,"height":1080},{"@type":"BreadcrumbList","@id":"https:\/\/empow-her.com\/produit\/atelier-elaborer-un-prototype-avec-le-design-thinking\/#breadcrumb","itemListElement":[{"@type":"ListItem","position":1,"name":"Accueil","item":"https:\/\/empow-her.com\/en\/landing-page\/"},{"@type":"ListItem","position":2,"name":"LA BOUTIQUE","item":"https:\/\/empow-her.com\/boutique\/"},{"@type":"ListItem","position":3,"name":"Atelier &#8211; \u00c9laborer un prototype avec le design thinking"}]},{"@type":"WebSite","@id":"https:\/\/empow-her.com\/#website","url":"https:\/\/empow-her.com\/","name":"Empow&#039;Her","description":"Women Development","potentialAction":[{"@type":"SearchAction","target":{"@type":"EntryPoint","urlTemplate":"https:\/\/empow-her.com\/?s={search_term_string}"},"query-input":{"@type":"PropertyValueSpecification","valueRequired":true,"valueName":"search_term_string"}}],"inLanguage":"en-US"}]}},"_links":{"self":[{"href":"https:\/\/empow-her.com\/en\/wp-json\/wp\/v2\/product\/123702","targetHints":{"allow":["GET"]}}],"collection":[{"href":"https:\/\/empow-her.com\/en\/wp-json\/wp\/v2\/product"}],"about":[{"href":"https:\/\/empow-her.com\/en\/wp-json\/wp\/v2\/types\/product"}],"wp:featuredmedia":[{"embeddable":true,"href":"https:\/\/empow-her.com\/en\/wp-json\/wp\/v2\/media\/123703"}],"wp:attachment":[{"href":"https:\/\/empow-her.com\/en\/wp-json\/wp\/v2\/media?parent=123702"}],"wp:term":[{"taxonomy":"product_brand","embeddable":true,"href":"https:\/\/empow-her.com\/en\/wp-json\/wp\/v2\/product_brand?post=123702"},{"taxonomy":"product_cat","embeddable":true,"href":"https:\/\/empow-her.com\/en\/wp-json\/wp\/v2\/product_cat?post=123702"},{"taxonomy":"product_tag","embeddable":true,"href":"https:\/\/empow-her.com\/en\/wp-json\/wp\/v2\/product_tag?post=123702"},{"taxonomy":"lieu","embeddable":true,"href":"https:\/\/empow-her.com\/en\/wp-json\/wp\/v2\/lieu?post=123702"},{"taxonomy":"thematiques","embeddable":true,"href":"https:\/\/empow-her.com\/en\/wp-json\/wp\/v2\/thematiques?post=123702"}],"curies":[{"name":"wp","href":"https:\/\/api.w.org\/{rel}","templated":true}]}}