{"id":123683,"date":"2022-10-17T14:31:45","date_gmt":"2022-10-17T12:31:45","guid":{"rendered":"https:\/\/empow-her.com\/?post_type=product&#038;p=123683"},"modified":"2022-10-28T13:45:12","modified_gmt":"2022-10-28T11:45:12","slug":"shetalks-economie-circulaire","status":"publish","type":"product","link":"https:\/\/empow-her.com\/en\/produit\/shetalks-economie-circulaire\/","title":{"rendered":"SheTalks : elles cr\u00e9ent de l&#8217;\u00e9conomie circulaire"},"content":{"rendered":"<p>Le <strong>mardi 15 novembre<\/strong>, rejoins-nous pour une conf\u00e9rence inspirante autour de l&#8217;\u00e9conomie circulaire : transformer, r\u00e9utiliser et innover pour r\u00e9duire notre impact environnemental&#8230; elles cr\u00e9ent de l\u2019\u00e9conomie circulaire : viens les rencontrer !<\/p>\n<p>En plein coeur du mois de l&#8217;ESS, donnons la parole \u00e0 celles qui s&#8217;engagent pour une \u00e9conomie circulaire aux c\u00f4t\u00e9s de l&#8217;Urban Lab.<\/p>\n<p>Venez \u00e0 la rencontre de :<\/p>\n<ul>\n<li>Aude Camus, fondatrice de Nu! (frigo z\u00e9ro d\u00e9chet connect\u00e9)<\/li>\n<li>Auriane Blandin-Gall, fondatrice Ceucle (v\u00eatements unisexes upcycl\u00e9s)<\/li>\n<li><span class=\"JsGRdQ\">Ugoline Soler, fondatrice de RecNoRec (solution innovante de recyclage plastique)<\/span><\/li>\n<\/ul>\n<p>_____________<\/p>\n<p>Les <strong>SheTalks<\/strong> sont des formats by Empow&#8217;Her : une rencontre in\u00e9dite avec des entrepreneuses inspirantes qui partagent leurs parcours. Retrouvez tous nos \u00e9v\u00e9nements sur notre site internet.<\/p>\n<p><strong>Urban Lab\u00a0<\/strong>est la plateforme d\u00e9di\u00e9e \u00e0 l&#8217;innovation urbaine de Paris&amp;Co.<\/p>\n<div>\n<p><span class=\"fxk3tzhb b2rh1bv3 gh55jysx m8h3af8h ewco64xe kjdc1dyq ms56khn7 bq6c9xl4 eohcrkr5 akh3l2rg\"><img decoding=\"async\" src=\"https:\/\/static.xx.fbcdn.net\/images\/emoji.php\/v9\/te4\/1.5\/16\/26a1.png\" alt=\"&#x26a1;&#xfe0f;\" width=\"16\" height=\"16\" \/><\/span><span class=\"fxk3tzhb b2rh1bv3 gh55jysx m8h3af8h ewco64xe kjdc1dyq ms56khn7 bq6c9xl4 eohcrkr5 akh3l2rg\"><img decoding=\"async\" src=\"https:\/\/static.xx.fbcdn.net\/images\/emoji.php\/v9\/te4\/1.5\/16\/26a1.png\" alt=\"&#x26a1;&#xfe0f;\" width=\"16\" height=\"16\" \/><\/span><span class=\"fxk3tzhb b2rh1bv3 gh55jysx m8h3af8h ewco64xe kjdc1dyq ms56khn7 bq6c9xl4 eohcrkr5 akh3l2rg\"><img decoding=\"async\" src=\"https:\/\/static.xx.fbcdn.net\/images\/emoji.php\/v9\/te4\/1.5\/16\/26a1.png\" alt=\"&#x26a1;&#xfe0f;\" width=\"16\" height=\"16\" \/><\/span><\/p>\n<\/div>\n<div class=\"l7ghb35v kjdc1dyq kmwttqpk gh25dzvf jikcssrz\"><strong>Infos pratiques<\/strong><br \/>\n<span class=\"fxk3tzhb b2rh1bv3 gh55jysx m8h3af8h ewco64xe kjdc1dyq ms56khn7 bq6c9xl4 eohcrkr5 akh3l2rg\"><img decoding=\"async\" src=\"https:\/\/static.xx.fbcdn.net\/images\/emoji.php\/v9\/td7\/1.5\/16\/1f4c5.png\" alt=\"&#x1f4c5;\" width=\"16\" height=\"16\" \/><\/span> L\u2019\u00e9v\u00e9nement se d\u00e9roulera le 15 novembre de 18h30 \u00e0 20h30.<br \/>\n<span class=\"fxk3tzhb b2rh1bv3 gh55jysx m8h3af8h ewco64xe kjdc1dyq ms56khn7 bq6c9xl4 eohcrkr5 akh3l2rg\"><img decoding=\"async\" src=\"https:\/\/static.xx.fbcdn.net\/images\/emoji.php\/v9\/t8b\/1.5\/16\/1f516.png\" alt=\"&#x1f516;\" width=\"16\" height=\"16\" \/><\/span> R\u00e9servation gratuite obligatoire<br \/>\n<span class=\"fxk3tzhb b2rh1bv3 gh55jysx m8h3af8h ewco64xe kjdc1dyq ms56khn7 bq6c9xl4 eohcrkr5 akh3l2rg\"><img loading=\"lazy\" decoding=\"async\" src=\"https:\/\/static.xx.fbcdn.net\/images\/emoji.php\/v9\/t86\/1.5\/16\/1f4cd.png\" alt=\"&#x1f4cd;\" width=\"16\" height=\"16\" \/><\/span> Sist\u2019Her : 82 rue du Faubourg Saint-Martin 75010 Paris<\/div>\n<div><\/div>\n<div class=\"l7ghb35v kjdc1dyq kmwttqpk gh25dzvf jikcssrz\">Ouvert en mars 2021, Sist\u2019Her est le premier tiers-lieu sorore, d\u00e9di\u00e9 aux entrepreneuses et \u00e0 l&#8217;impact en \u00cele-de-France. Port\u00e9 par l\u2019association Empow\u2019Her, c\u2019est un lieu de formations et de rencontres inclusif et collaboratif, ouvert \u00e0 tou\u00b7te\u00b7s o\u00f9 il est possible de se former, s\u2019inspirer, s\u2019engager et se rencontrer.<\/div>\n<div><\/div>\n<div class=\"l7ghb35v kjdc1dyq kmwttqpk gh25dzvf jikcssrz\">A tr\u00e8s vite ! <span class=\"fxk3tzhb b2rh1bv3 gh55jysx m8h3af8h ewco64xe kjdc1dyq ms56khn7 bq6c9xl4 eohcrkr5 akh3l2rg\"><img loading=\"lazy\" decoding=\"async\" src=\"https:\/\/static.xx.fbcdn.net\/images\/emoji.php\/v9\/t56\/1.5\/16\/1f64c.png\" alt=\"&#x1f64c;\" width=\"16\" height=\"16\" \/><\/span><\/div>\n","protected":false},"excerpt":{"rendered":"<p>Le <strong>mardi 15 novembre<\/strong>, rejoins-nous pour une conf\u00e9rence inspirante autour de l&#8217;\u00e9conomie circulaire : transformer, r\u00e9utiliser et innover pour r\u00e9duire notre impact environnemental&#8230; elles cr\u00e9ent de l\u2019\u00e9conomie circulaire : viens les rencontrer !<\/p>\n<p>En plein coeur du mois de l&#8217;ESS, donnons la parole \u00e0 celles qui s&#8217;engagent pour une \u00e9conomie circulaire aux c\u00f4t\u00e9s de l&#8217;Urban Lab.<\/p>\n<p>Venez \u00e0 la rencontre de :<\/p>\n<ul>\n<li>Aude Camus, fondatrice de Nu! (frigo z\u00e9ro d\u00e9chet connect\u00e9)<\/li>\n<li>Auriane Blandin-Gall, fondatrice Ceucle (v\u00eatements unisexes upcycl\u00e9s)<\/li>\n<li><span class=\"JsGRdQ\">Ugoline Soler, fondatrice de RecNoRec (solution innovante de recyclage plastique)<\/span><\/li>\n<\/ul>\n<p>_____________<\/p>\n<p>Les <strong>SheTalks<\/strong> sont des formats by Empow&#8217;Her : une rencontre in\u00e9dite avec des entrepreneuses inspirantes qui partagent leurs parcours. Retrouvez tous nos \u00e9v\u00e9nements sur notre site internet.<\/p>\n<p><strong>Urban Lab\u00a0<\/strong>est la plateforme d\u00e9di\u00e9e \u00e0 l&#8217;innovation urbaine de Paris&amp;Co.<\/p>\n<div>\n<p><span class=\"fxk3tzhb b2rh1bv3 gh55jysx m8h3af8h ewco64xe kjdc1dyq ms56khn7 bq6c9xl4 eohcrkr5 akh3l2rg\"><img decoding=\"async\" src=\"https:\/\/static.xx.fbcdn.net\/images\/emoji.php\/v9\/te4\/1.5\/16\/26a1.png\" alt=\"&#x26a1;&#xfe0f;\" width=\"16\" height=\"16\" \/><\/span><span class=\"fxk3tzhb b2rh1bv3 gh55jysx m8h3af8h ewco64xe kjdc1dyq ms56khn7 bq6c9xl4 eohcrkr5 akh3l2rg\"><img decoding=\"async\" src=\"https:\/\/static.xx.fbcdn.net\/images\/emoji.php\/v9\/te4\/1.5\/16\/26a1.png\" alt=\"&#x26a1;&#xfe0f;\" width=\"16\" height=\"16\" \/><\/span><span class=\"fxk3tzhb b2rh1bv3 gh55jysx m8h3af8h ewco64xe kjdc1dyq ms56khn7 bq6c9xl4 eohcrkr5 akh3l2rg\"><img decoding=\"async\" src=\"https:\/\/static.xx.fbcdn.net\/images\/emoji.php\/v9\/te4\/1.5\/16\/26a1.png\" alt=\"&#x26a1;&#xfe0f;\" width=\"16\" height=\"16\" \/><\/span><\/p>\n<\/div>\n<div class=\"l7ghb35v kjdc1dyq kmwttqpk gh25dzvf jikcssrz\"><strong>Infos pratiques<\/strong><br \/>\n<span class=\"fxk3tzhb b2rh1bv3 gh55jysx m8h3af8h ewco64xe kjdc1dyq ms56khn7 bq6c9xl4 eohcrkr5 akh3l2rg\"><img decoding=\"async\" src=\"https:\/\/static.xx.fbcdn.net\/images\/emoji.php\/v9\/td7\/1.5\/16\/1f4c5.png\" alt=\"&#x1f4c5;\" width=\"16\" height=\"16\" \/><\/span> L\u2019\u00e9v\u00e9nement se d\u00e9roulera le 15 novembre de 18h30 \u00e0 20h30.<br \/>\n<span class=\"fxk3tzhb b2rh1bv3 gh55jysx m8h3af8h ewco64xe kjdc1dyq ms56khn7 bq6c9xl4 eohcrkr5 akh3l2rg\"><img decoding=\"async\" src=\"https:\/\/static.xx.fbcdn.net\/images\/emoji.php\/v9\/t8b\/1.5\/16\/1f516.png\" alt=\"&#x1f516;\" width=\"16\" height=\"16\" \/><\/span> R\u00e9servation gratuite obligatoire<br \/>\n<span class=\"fxk3tzhb b2rh1bv3 gh55jysx m8h3af8h ewco64xe kjdc1dyq ms56khn7 bq6c9xl4 eohcrkr5 akh3l2rg\"><img loading=\"lazy\" decoding=\"async\" src=\"https:\/\/static.xx.fbcdn.net\/images\/emoji.php\/v9\/t86\/1.5\/16\/1f4cd.png\" alt=\"&#x1f4cd;\" width=\"16\" height=\"16\" \/><\/span> Sist\u2019Her : 82 rue du Faubourg Saint-Martin 75010 Paris<\/div>\n<div><\/div>\n<div class=\"l7ghb35v kjdc1dyq kmwttqpk gh25dzvf jikcssrz\">Ouvert en mars 2021, Sist\u2019Her est le premier tiers-lieu sorore, d\u00e9di\u00e9 aux entrepreneuses et \u00e0 l&#8217;impact en \u00cele-de-France. Port\u00e9 par l\u2019association Empow\u2019Her, c\u2019est un lieu de formations et de rencontres inclusif et collaboratif, ouvert \u00e0 tou\u00b7te\u00b7s o\u00f9 il est possible de se former, s\u2019inspirer, s\u2019engager et se rencontrer.<\/div>\n<div><\/div>\n<div class=\"l7ghb35v kjdc1dyq kmwttqpk gh25dzvf jikcssrz\">A tr\u00e8s vite ! <span class=\"fxk3tzhb b2rh1bv3 gh55jysx m8h3af8h ewco64xe kjdc1dyq ms56khn7 bq6c9xl4 eohcrkr5 akh3l2rg\"><img loading=\"lazy\" decoding=\"async\" src=\"https:\/\/static.xx.fbcdn.net\/images\/emoji.php\/v9\/t56\/1.5\/16\/1f64c.png\" alt=\"&#x1f64c;\" width=\"16\" height=\"16\" \/><\/span><\/div>\n","protected":false},"featured_media":124689,"template":"","format":"standard","meta":{"_acf_changed":false,"om_disable_all_campaigns":false,"_uf_show_specific_survey":0,"_uf_disable_surveys":false},"product_brand":[],"product_cat":[119],"product_tag":[],"lieu":[127],"thematiques":[],"class_list":{"0":"post-123683","1":"product","2":"type-product","3":"status-publish","4":"format-standard","5":"has-post-thumbnail","7":"product_cat-evenement-sisther","8":"lieu-hub-empowher","10":"first","11":"instock","12":"virtual","13":"purchasable","14":"product-type-appointment"},"exclude_global_add_ons":[],"addons":[],"acf":[],"yoast_head":"<!-- This site is optimized with the Yoast SEO plugin v24.8 - https:\/\/yoast.com\/wordpress\/plugins\/seo\/ -->\n<title>SheTalks : elles cr\u00e9ent de l&#039;\u00e9conomie circulaire -<\/title>\n<meta name=\"description\" content=\"Le mardi 15 novembre, rejoins-nous chez Sist&#039;Her pour une conf\u00e9rence inspirante autour de l&#039;\u00e9conomie circulaire avec des entrepreneuses engag\u00e9es !\" \/>\n<meta name=\"robots\" content=\"index, follow, max-snippet:-1, max-image-preview:large, max-video-preview:-1\" \/>\n<link rel=\"canonical\" href=\"https:\/\/empow-her.com\/produit\/shetalks-economie-circulaire\/\" \/>\n<meta property=\"og:locale\" content=\"en_US\" \/>\n<meta property=\"og:type\" content=\"article\" \/>\n<meta property=\"og:title\" content=\"SheTalks : elles cr\u00e9ent de l&#039;\u00e9conomie circulaire -\" \/>\n<meta property=\"og:description\" content=\"Le mardi 15 novembre, rejoins-nous chez Sist&#039;Her pour une conf\u00e9rence inspirante autour de l&#039;\u00e9conomie circulaire avec des entrepreneuses engag\u00e9es !\" \/>\n<meta property=\"og:url\" content=\"https:\/\/empow-her.com\/produit\/shetalks-economie-circulaire\/\" \/>\n<meta property=\"og:site_name\" content=\"Empow&#039;Her\" \/>\n<meta property=\"article:modified_time\" content=\"2022-10-28T11:45:12+00:00\" \/>\n<meta property=\"og:image\" content=\"https:\/\/empow-her.com\/wp-content\/uploads\/2022\/10\/Template-Event-SistHer-vignette-site-6.jpg\" \/>\n\t<meta property=\"og:image:width\" content=\"1080\" \/>\n\t<meta property=\"og:image:height\" content=\"1080\" \/>\n\t<meta property=\"og:image:type\" content=\"image\/jpeg\" \/>\n<meta name=\"twitter:card\" content=\"summary_large_image\" \/>\n<meta name=\"twitter:label1\" content=\"Est. reading time\" \/>\n\t<meta name=\"twitter:data1\" content=\"3 minutes\" \/>\n<script type=\"application\/ld+json\" class=\"yoast-schema-graph\">{\"@context\":\"https:\/\/schema.org\",\"@graph\":[{\"@type\":\"WebPage\",\"@id\":\"https:\/\/empow-her.com\/produit\/shetalks-economie-circulaire\/\",\"url\":\"https:\/\/empow-her.com\/produit\/shetalks-economie-circulaire\/\",\"name\":\"SheTalks : elles cr\u00e9ent de l'\u00e9conomie circulaire -\",\"isPartOf\":{\"@id\":\"https:\/\/empow-her.com\/#website\"},\"primaryImageOfPage\":{\"@id\":\"https:\/\/empow-her.com\/produit\/shetalks-economie-circulaire\/#primaryimage\"},\"image\":{\"@id\":\"https:\/\/empow-her.com\/produit\/shetalks-economie-circulaire\/#primaryimage\"},\"thumbnailUrl\":\"https:\/\/empow-her.com\/wp-content\/uploads\/2022\/10\/Template-Event-SistHer-vignette-site-6.jpg\",\"datePublished\":\"2022-10-17T12:31:45+00:00\",\"dateModified\":\"2022-10-28T11:45:12+00:00\",\"description\":\"Le mardi 15 novembre, rejoins-nous chez Sist'Her pour une conf\u00e9rence inspirante autour de l'\u00e9conomie circulaire avec des entrepreneuses engag\u00e9es !\",\"breadcrumb\":{\"@id\":\"https:\/\/empow-her.com\/produit\/shetalks-economie-circulaire\/#breadcrumb\"},\"inLanguage\":\"en-US\",\"potentialAction\":[{\"@type\":\"ReadAction\",\"target\":[\"https:\/\/empow-her.com\/produit\/shetalks-economie-circulaire\/\"]}]},{\"@type\":\"ImageObject\",\"inLanguage\":\"en-US\",\"@id\":\"https:\/\/empow-her.com\/produit\/shetalks-economie-circulaire\/#primaryimage\",\"url\":\"https:\/\/empow-her.com\/wp-content\/uploads\/2022\/10\/Template-Event-SistHer-vignette-site-6.jpg\",\"contentUrl\":\"https:\/\/empow-her.com\/wp-content\/uploads\/2022\/10\/Template-Event-SistHer-vignette-site-6.jpg\",\"width\":1080,\"height\":1080},{\"@type\":\"BreadcrumbList\",\"@id\":\"https:\/\/empow-her.com\/produit\/shetalks-economie-circulaire\/#breadcrumb\",\"itemListElement\":[{\"@type\":\"ListItem\",\"position\":1,\"name\":\"Accueil\",\"item\":\"https:\/\/empow-her.com\/en\/landing-page\/\"},{\"@type\":\"ListItem\",\"position\":2,\"name\":\"LA BOUTIQUE\",\"item\":\"https:\/\/empow-her.com\/boutique\/\"},{\"@type\":\"ListItem\",\"position\":3,\"name\":\"SheTalks : elles cr\u00e9ent de l&#8217;\u00e9conomie circulaire\"}]},{\"@type\":\"WebSite\",\"@id\":\"https:\/\/empow-her.com\/#website\",\"url\":\"https:\/\/empow-her.com\/\",\"name\":\"Empow&#039;Her\",\"description\":\"Women Development\",\"potentialAction\":[{\"@type\":\"SearchAction\",\"target\":{\"@type\":\"EntryPoint\",\"urlTemplate\":\"https:\/\/empow-her.com\/?s={search_term_string}\"},\"query-input\":{\"@type\":\"PropertyValueSpecification\",\"valueRequired\":true,\"valueName\":\"search_term_string\"}}],\"inLanguage\":\"en-US\"}]}<\/script>\n<!-- \/ Yoast SEO plugin. -->","yoast_head_json":{"title":"SheTalks : elles cr\u00e9ent de l'\u00e9conomie circulaire -","description":"Le mardi 15 novembre, rejoins-nous chez Sist'Her pour une conf\u00e9rence inspirante autour de l'\u00e9conomie circulaire avec des entrepreneuses engag\u00e9es !","robots":{"index":"index","follow":"follow","max-snippet":"max-snippet:-1","max-image-preview":"max-image-preview:large","max-video-preview":"max-video-preview:-1"},"canonical":"https:\/\/empow-her.com\/produit\/shetalks-economie-circulaire\/","og_locale":"en_US","og_type":"article","og_title":"SheTalks : elles cr\u00e9ent de l'\u00e9conomie circulaire -","og_description":"Le mardi 15 novembre, rejoins-nous chez Sist'Her pour une conf\u00e9rence inspirante autour de l'\u00e9conomie circulaire avec des entrepreneuses engag\u00e9es !","og_url":"https:\/\/empow-her.com\/produit\/shetalks-economie-circulaire\/","og_site_name":"Empow&#039;Her","article_modified_time":"2022-10-28T11:45:12+00:00","og_image":[{"width":1080,"height":1080,"url":"https:\/\/empow-her.com\/wp-content\/uploads\/2022\/10\/Template-Event-SistHer-vignette-site-6.jpg","type":"image\/jpeg"}],"twitter_card":"summary_large_image","twitter_misc":{"Est. reading time":"3 minutes"},"schema":{"@context":"https:\/\/schema.org","@graph":[{"@type":"WebPage","@id":"https:\/\/empow-her.com\/produit\/shetalks-economie-circulaire\/","url":"https:\/\/empow-her.com\/produit\/shetalks-economie-circulaire\/","name":"SheTalks : elles cr\u00e9ent de l'\u00e9conomie circulaire -","isPartOf":{"@id":"https:\/\/empow-her.com\/#website"},"primaryImageOfPage":{"@id":"https:\/\/empow-her.com\/produit\/shetalks-economie-circulaire\/#primaryimage"},"image":{"@id":"https:\/\/empow-her.com\/produit\/shetalks-economie-circulaire\/#primaryimage"},"thumbnailUrl":"https:\/\/empow-her.com\/wp-content\/uploads\/2022\/10\/Template-Event-SistHer-vignette-site-6.jpg","datePublished":"2022-10-17T12:31:45+00:00","dateModified":"2022-10-28T11:45:12+00:00","description":"Le mardi 15 novembre, rejoins-nous chez Sist'Her pour une conf\u00e9rence inspirante autour de l'\u00e9conomie circulaire avec des entrepreneuses engag\u00e9es !","breadcrumb":{"@id":"https:\/\/empow-her.com\/produit\/shetalks-economie-circulaire\/#breadcrumb"},"inLanguage":"en-US","potentialAction":[{"@type":"ReadAction","target":["https:\/\/empow-her.com\/produit\/shetalks-economie-circulaire\/"]}]},{"@type":"ImageObject","inLanguage":"en-US","@id":"https:\/\/empow-her.com\/produit\/shetalks-economie-circulaire\/#primaryimage","url":"https:\/\/empow-her.com\/wp-content\/uploads\/2022\/10\/Template-Event-SistHer-vignette-site-6.jpg","contentUrl":"https:\/\/empow-her.com\/wp-content\/uploads\/2022\/10\/Template-Event-SistHer-vignette-site-6.jpg","width":1080,"height":1080},{"@type":"BreadcrumbList","@id":"https:\/\/empow-her.com\/produit\/shetalks-economie-circulaire\/#breadcrumb","itemListElement":[{"@type":"ListItem","position":1,"name":"Accueil","item":"https:\/\/empow-her.com\/en\/landing-page\/"},{"@type":"ListItem","position":2,"name":"LA BOUTIQUE","item":"https:\/\/empow-her.com\/boutique\/"},{"@type":"ListItem","position":3,"name":"SheTalks : elles cr\u00e9ent de l&#8217;\u00e9conomie circulaire"}]},{"@type":"WebSite","@id":"https:\/\/empow-her.com\/#website","url":"https:\/\/empow-her.com\/","name":"Empow&#039;Her","description":"Women Development","potentialAction":[{"@type":"SearchAction","target":{"@type":"EntryPoint","urlTemplate":"https:\/\/empow-her.com\/?s={search_term_string}"},"query-input":{"@type":"PropertyValueSpecification","valueRequired":true,"valueName":"search_term_string"}}],"inLanguage":"en-US"}]}},"_links":{"self":[{"href":"https:\/\/empow-her.com\/en\/wp-json\/wp\/v2\/product\/123683","targetHints":{"allow":["GET"]}}],"collection":[{"href":"https:\/\/empow-her.com\/en\/wp-json\/wp\/v2\/product"}],"about":[{"href":"https:\/\/empow-her.com\/en\/wp-json\/wp\/v2\/types\/product"}],"wp:featuredmedia":[{"embeddable":true,"href":"https:\/\/empow-her.com\/en\/wp-json\/wp\/v2\/media\/124689"}],"wp:attachment":[{"href":"https:\/\/empow-her.com\/en\/wp-json\/wp\/v2\/media?parent=123683"}],"wp:term":[{"taxonomy":"product_brand","embeddable":true,"href":"https:\/\/empow-her.com\/en\/wp-json\/wp\/v2\/product_brand?post=123683"},{"taxonomy":"product_cat","embeddable":true,"href":"https:\/\/empow-her.com\/en\/wp-json\/wp\/v2\/product_cat?post=123683"},{"taxonomy":"product_tag","embeddable":true,"href":"https:\/\/empow-her.com\/en\/wp-json\/wp\/v2\/product_tag?post=123683"},{"taxonomy":"lieu","embeddable":true,"href":"https:\/\/empow-her.com\/en\/wp-json\/wp\/v2\/lieu?post=123683"},{"taxonomy":"thematiques","embeddable":true,"href":"https:\/\/empow-her.com\/en\/wp-json\/wp\/v2\/thematiques?post=123683"}],"curies":[{"name":"wp","href":"https:\/\/api.w.org\/{rel}","templated":true}]}}