{"id":123470,"date":"2022-10-10T15:50:03","date_gmt":"2022-10-10T13:50:03","guid":{"rendered":"https:\/\/empow-her.com\/?post_type=product&#038;p=123470"},"modified":"2022-10-27T15:44:31","modified_gmt":"2022-10-27T13:44:31","slug":"table-ronde-transition-ecologique-edeni","status":"publish","type":"product","link":"https:\/\/empow-her.com\/en\/produit\/table-ronde-transition-ecologique-edeni\/","title":{"rendered":"Table-ronde : &#8220;Sommes-nous tou\u00b7tes \u00e9gaux\u00b7les devant la transition \u00e9cologique ?&#8221; avec EDENI"},"content":{"rendered":"<p>Le mardi 8 novembre, rejoins-nous de 18h30 \u00e0 21h pour une table-ronde &amp; un atelier : <strong>&#8220;Sommes-nous tou\u00b7tes \u00e9gaux\u00b7les devant la transition \u00e9cologique ?&#8221;\u00a0<\/strong><\/p>\n<p>Dans notre contexte actuel, outre la m\u00eame in\u00e9galit\u00e9 suivant les classes sociales, d&#8217;autres discriminations notoires sont \u00e0 comprendre, de la situation g\u00e9ographique au sexe, les femmes \u00e9tant souvent les plus engag\u00e9es en m\u00eame temps que les moins polluantes. Comment expliquer ces diff\u00e9rences d&#8217;int\u00e9r\u00eat ? Comment esquisser des solutions ?<\/p>\n<p>Nous aborderons ces sujets lors d&#8217;une discussion crois\u00e9e avec la militante et blogueuse f\u00e9ministe Elena sans H et la fondatrice d&#8217;Edeni, H\u00e9l\u00e8ne De Vestele.<\/p>\n<p>_____________<\/p>\n<p><strong>Edeni<\/strong> est un collectif militant et un organisme de formation \u00e0 la transition \u00e9cologique et soci\u00e9tale. Le collectif propose\u00a0 des accompagnements \u00e0 la transition professionnelle pour les individus et collectifs. L&#8217;innovation ? Un comit\u00e9 scientifique et p\u00e9dagogique pour enfin apporter un \u00e9clairage d&#8217;expertise transdisciplinaire sur ces enjeux ! Ainsi, on y retrouve un r\u00e9el aspect ludique et des neurosciences afin de susciter une compr\u00e9hension holistique et enthousiaste.<\/p>\n<p>Apr\u00e8s 4000 alumni et des centaines de conf\u00e9rences pl\u00e9biscit\u00e9es, le collectif Edeni (une dizaine de mentors ind\u00e9pendants \u00e0 travers la France et 50 000 followers tous r\u00e9seaux) est devenu un des 5 acteurs de r\u00e9f\u00e9rence de la formation \u00e0 la transition \u00e9cologique (Source: Carenews et Shiftyourjob), tout en continuant d&#8217;assumer une approche r\u00e9solument radicale et efficace.<\/p>\n<div class=\"l7ghb35v kjdc1dyq kmwttqpk gh25dzvf jikcssrz\"><span class=\"fxk3tzhb b2rh1bv3 gh55jysx m8h3af8h ewco64xe kjdc1dyq ms56khn7 bq6c9xl4 eohcrkr5 akh3l2rg\"><img decoding=\"async\" src=\"https:\/\/static.xx.fbcdn.net\/images\/emoji.php\/v9\/te4\/1.5\/16\/26a1.png\" alt=\"&#x26a1;&#xfe0f;\" width=\"16\" height=\"16\" \/><\/span><span class=\"fxk3tzhb b2rh1bv3 gh55jysx m8h3af8h ewco64xe kjdc1dyq ms56khn7 bq6c9xl4 eohcrkr5 akh3l2rg\"><img decoding=\"async\" src=\"https:\/\/static.xx.fbcdn.net\/images\/emoji.php\/v9\/te4\/1.5\/16\/26a1.png\" alt=\"&#x26a1;&#xfe0f;\" width=\"16\" height=\"16\" \/><\/span><span class=\"fxk3tzhb b2rh1bv3 gh55jysx m8h3af8h ewco64xe kjdc1dyq ms56khn7 bq6c9xl4 eohcrkr5 akh3l2rg\"><img decoding=\"async\" src=\"https:\/\/static.xx.fbcdn.net\/images\/emoji.php\/v9\/te4\/1.5\/16\/26a1.png\" alt=\"&#x26a1;&#xfe0f;\" width=\"16\" height=\"16\" \/><\/span><\/div>\n<div class=\"l7ghb35v kjdc1dyq kmwttqpk gh25dzvf jikcssrz\"><strong>Infos pratiques<\/strong><br \/>\n<span class=\"fxk3tzhb b2rh1bv3 gh55jysx m8h3af8h ewco64xe kjdc1dyq ms56khn7 bq6c9xl4 eohcrkr5 akh3l2rg\"><img decoding=\"async\" src=\"https:\/\/static.xx.fbcdn.net\/images\/emoji.php\/v9\/td7\/1.5\/16\/1f4c5.png\" alt=\"&#x1f4c5;\" width=\"16\" height=\"16\" \/><\/span> L\u2019\u00e9v\u00e9nement se d\u00e9roulera le mardi 8 novembre de 18h30 \u00e0 21h.<br \/>\n<span class=\"fxk3tzhb b2rh1bv3 gh55jysx m8h3af8h ewco64xe kjdc1dyq ms56khn7 bq6c9xl4 eohcrkr5 akh3l2rg\"><img decoding=\"async\" src=\"https:\/\/static.xx.fbcdn.net\/images\/emoji.php\/v9\/t8b\/1.5\/16\/1f516.png\" alt=\"&#x1f516;\" width=\"16\" height=\"16\" \/><\/span> R\u00e9servation gratuite obligatoire<br \/>\n<span class=\"fxk3tzhb b2rh1bv3 gh55jysx m8h3af8h ewco64xe kjdc1dyq ms56khn7 bq6c9xl4 eohcrkr5 akh3l2rg\"><img loading=\"lazy\" decoding=\"async\" src=\"https:\/\/static.xx.fbcdn.net\/images\/emoji.php\/v9\/t86\/1.5\/16\/1f4cd.png\" alt=\"&#x1f4cd;\" width=\"16\" height=\"16\" \/><\/span> Sist\u2019Her : 82 rue du Faubourg Saint-Martin 75010 Paris<\/div>\n<div><\/div>\n<div class=\"l7ghb35v kjdc1dyq kmwttqpk gh25dzvf jikcssrz\">Ouvert en mars 2021, Sist\u2019Her est le premier tiers-lieu sorore, d\u00e9di\u00e9 aux entrepreneuses et \u00e0 l&#8217;impact en \u00cele-de-France. Port\u00e9 par l\u2019association Empow\u2019Her, c\u2019est un lieu de formations et de rencontres inclusif et collaboratif, ouvert \u00e0 tou\u00b7te\u00b7s. Il est possible de s&#8217;y former, s\u2019inspirer, s\u2019engager et se rencontrer !<\/div>\n<div><\/div>\n<div class=\"l7ghb35v kjdc1dyq kmwttqpk gh25dzvf jikcssrz\">A tr\u00e8s vite !<span class=\"fxk3tzhb b2rh1bv3 gh55jysx m8h3af8h ewco64xe kjdc1dyq ms56khn7 bq6c9xl4 eohcrkr5 akh3l2rg\"><img loading=\"lazy\" decoding=\"async\" src=\"https:\/\/static.xx.fbcdn.net\/images\/emoji.php\/v9\/t56\/1.5\/16\/1f64c.png\" alt=\"&#x1f64c;\" width=\"16\" height=\"16\" \/><\/span><\/div>\n","protected":false},"excerpt":{"rendered":"<p>Le mardi 8 novembre, rejoins-nous de 18h30 \u00e0 21h pour une table-ronde &amp; un atelier : <strong>&#8220;Sommes-nous tou\u00b7tes \u00e9gaux\u00b7les devant la transition \u00e9cologique ?&#8221;\u00a0<\/strong><\/p>\n<p>Dans notre contexte actuel, outre la m\u00eame in\u00e9galit\u00e9 suivant les classes sociales, d&#8217;autres discriminations notoires sont \u00e0 comprendre, de la situation g\u00e9ographique au sexe, les femmes \u00e9tant souvent les plus engag\u00e9es en m\u00eame temps que les moins polluantes. Comment expliquer ces diff\u00e9rences d&#8217;int\u00e9r\u00eat ? Comment esquisser des solutions ?<\/p>\n<p>Nous aborderons ces sujets lors d&#8217;une discussion crois\u00e9e avec la militante et blogueuse f\u00e9ministe Elena sans H et la fondatrice d&#8217;Edeni, H\u00e9l\u00e8ne De Vestele.<\/p>\n<p>_____________<\/p>\n<p><strong>Edeni<\/strong> est un collectif militant et un organisme de formation \u00e0 la transition \u00e9cologique et soci\u00e9tale. Le collectif propose\u00a0 des accompagnements \u00e0 la transition professionnelle pour les individus et collectifs. L&#8217;innovation ? Un comit\u00e9 scientifique et p\u00e9dagogique pour enfin apporter un \u00e9clairage d&#8217;expertise transdisciplinaire sur ces enjeux ! Ainsi, on y retrouve un r\u00e9el aspect ludique et des neurosciences afin de susciter une compr\u00e9hension holistique et enthousiaste.<\/p>\n<p>Apr\u00e8s 4000 alumni et des centaines de conf\u00e9rences pl\u00e9biscit\u00e9es, le collectif Edeni (une dizaine de mentors ind\u00e9pendants \u00e0 travers la France et 50 000 followers tous r\u00e9seaux) est devenu un des 5 acteurs de r\u00e9f\u00e9rence de la formation \u00e0 la transition \u00e9cologique (Source: Carenews et Shiftyourjob), tout en continuant d&#8217;assumer une approche r\u00e9solument radicale et efficace.<\/p>\n<div class=\"l7ghb35v kjdc1dyq kmwttqpk gh25dzvf jikcssrz\"><span class=\"fxk3tzhb b2rh1bv3 gh55jysx m8h3af8h ewco64xe kjdc1dyq ms56khn7 bq6c9xl4 eohcrkr5 akh3l2rg\"><img decoding=\"async\" src=\"https:\/\/static.xx.fbcdn.net\/images\/emoji.php\/v9\/te4\/1.5\/16\/26a1.png\" alt=\"&#x26a1;&#xfe0f;\" width=\"16\" height=\"16\" \/><\/span><span class=\"fxk3tzhb b2rh1bv3 gh55jysx m8h3af8h ewco64xe kjdc1dyq ms56khn7 bq6c9xl4 eohcrkr5 akh3l2rg\"><img decoding=\"async\" src=\"https:\/\/static.xx.fbcdn.net\/images\/emoji.php\/v9\/te4\/1.5\/16\/26a1.png\" alt=\"&#x26a1;&#xfe0f;\" width=\"16\" height=\"16\" \/><\/span><span class=\"fxk3tzhb b2rh1bv3 gh55jysx m8h3af8h ewco64xe kjdc1dyq ms56khn7 bq6c9xl4 eohcrkr5 akh3l2rg\"><img decoding=\"async\" src=\"https:\/\/static.xx.fbcdn.net\/images\/emoji.php\/v9\/te4\/1.5\/16\/26a1.png\" alt=\"&#x26a1;&#xfe0f;\" width=\"16\" height=\"16\" \/><\/span><\/div>\n<div class=\"l7ghb35v kjdc1dyq kmwttqpk gh25dzvf jikcssrz\"><strong>Infos pratiques<\/strong><br \/>\n<span class=\"fxk3tzhb b2rh1bv3 gh55jysx m8h3af8h ewco64xe kjdc1dyq ms56khn7 bq6c9xl4 eohcrkr5 akh3l2rg\"><img decoding=\"async\" src=\"https:\/\/static.xx.fbcdn.net\/images\/emoji.php\/v9\/td7\/1.5\/16\/1f4c5.png\" alt=\"&#x1f4c5;\" width=\"16\" height=\"16\" \/><\/span> L\u2019\u00e9v\u00e9nement se d\u00e9roulera le mardi 8 novembre de 18h30 \u00e0 21h.<br \/>\n<span class=\"fxk3tzhb b2rh1bv3 gh55jysx m8h3af8h ewco64xe kjdc1dyq ms56khn7 bq6c9xl4 eohcrkr5 akh3l2rg\"><img decoding=\"async\" src=\"https:\/\/static.xx.fbcdn.net\/images\/emoji.php\/v9\/t8b\/1.5\/16\/1f516.png\" alt=\"&#x1f516;\" width=\"16\" height=\"16\" \/><\/span> R\u00e9servation gratuite obligatoire<br \/>\n<span class=\"fxk3tzhb b2rh1bv3 gh55jysx m8h3af8h ewco64xe kjdc1dyq ms56khn7 bq6c9xl4 eohcrkr5 akh3l2rg\"><img loading=\"lazy\" decoding=\"async\" src=\"https:\/\/static.xx.fbcdn.net\/images\/emoji.php\/v9\/t86\/1.5\/16\/1f4cd.png\" alt=\"&#x1f4cd;\" width=\"16\" height=\"16\" \/><\/span>\u00a0Sist\u2019He : 82 rue du Faubourg Saint-Martin 75010 Paris<\/div>\n<div><\/div>\n<div class=\"l7ghb35v kjdc1dyq kmwttqpk gh25dzvf jikcssrz\">Ouvert en mars 2021, Sist\u2019Her est le premier tiers-lieu sorore, d\u00e9di\u00e9 aux entrepreneuses et \u00e0 l&#8217;impact en \u00cele-de-France. Port\u00e9 par l\u2019association Empow\u2019Her, c\u2019est un lieu de formations et de rencontres inclusif et collaboratif, ouvert \u00e0 tou\u00b7te\u00b7s o\u00f9 il est possible de se former, s\u2019inspirer, s\u2019engager et se rencontrer.<\/div>\n<div><\/div>\n<div class=\"l7ghb35v kjdc1dyq kmwttqpk gh25dzvf jikcssrz\">A tr\u00e8s vite !<span class=\"fxk3tzhb b2rh1bv3 gh55jysx m8h3af8h ewco64xe kjdc1dyq ms56khn7 bq6c9xl4 eohcrkr5 akh3l2rg\"><img loading=\"lazy\" decoding=\"async\" src=\"https:\/\/static.xx.fbcdn.net\/images\/emoji.php\/v9\/t56\/1.5\/16\/1f64c.png\" alt=\"&#x1f64c;\" width=\"16\" height=\"16\" \/><\/span><\/div>\n","protected":false},"featured_media":123608,"template":"","format":"standard","meta":{"_acf_changed":false,"om_disable_all_campaigns":false,"_uf_show_specific_survey":0,"_uf_disable_surveys":false},"product_brand":[],"product_cat":[119],"product_tag":[],"lieu":[127],"thematiques":[],"class_list":{"0":"post-123470","1":"product","2":"type-product","3":"status-publish","4":"format-standard","5":"has-post-thumbnail","7":"product_cat-evenement-sisther","8":"lieu-hub-empowher","10":"first","11":"instock","12":"virtual","13":"purchasable","14":"product-type-appointment"},"exclude_global_add_ons":[],"addons":[],"acf":[],"yoast_head":"<!-- This site is optimized with the Yoast SEO plugin v24.8 - https:\/\/yoast.com\/wordpress\/plugins\/seo\/ -->\n<title>Table-ronde : &quot;Sommes-nous tou\u00b7tes \u00e9gaux\u00b7les devant la transition \u00e9cologique ?&quot; avec EDENI -<\/title>\n<meta name=\"description\" content=\"Le mardi 8 novembre, rejoins-nous \u00e0 partir de 18h30 pour une table ronde &amp; un atelier avec Edeni autour de la transition \u00e9cologique !\" \/>\n<meta name=\"robots\" content=\"index, follow, max-snippet:-1, max-image-preview:large, max-video-preview:-1\" \/>\n<link rel=\"canonical\" href=\"https:\/\/empow-her.com\/produit\/table-ronde-transition-ecologique-edeni\/\" \/>\n<meta property=\"og:locale\" content=\"en_US\" \/>\n<meta property=\"og:type\" content=\"article\" \/>\n<meta property=\"og:title\" content=\"Table-ronde : &quot;Sommes-nous tou\u00b7tes \u00e9gaux\u00b7les devant la transition \u00e9cologique ?&quot; avec EDENI -\" \/>\n<meta property=\"og:description\" content=\"Le mardi 8 novembre, rejoins-nous \u00e0 partir de 18h30 pour une table ronde &amp; un atelier avec Edeni autour de la transition \u00e9cologique !\" \/>\n<meta property=\"og:url\" content=\"https:\/\/empow-her.com\/produit\/table-ronde-transition-ecologique-edeni\/\" \/>\n<meta property=\"og:site_name\" content=\"Empow&#039;Her\" \/>\n<meta property=\"article:modified_time\" content=\"2022-10-27T13:44:31+00:00\" \/>\n<meta property=\"og:image\" content=\"https:\/\/empow-her.com\/wp-content\/uploads\/2022\/10\/Template-Event-SistHer-vignette-site-6.png\" \/>\n\t<meta property=\"og:image:width\" content=\"1080\" \/>\n\t<meta property=\"og:image:height\" content=\"1080\" \/>\n\t<meta property=\"og:image:type\" content=\"image\/png\" \/>\n<meta name=\"twitter:card\" content=\"summary_large_image\" \/>\n<meta name=\"twitter:label1\" content=\"Est. reading time\" \/>\n\t<meta name=\"twitter:data1\" content=\"3 minutes\" \/>\n<script type=\"application\/ld+json\" class=\"yoast-schema-graph\">{\"@context\":\"https:\/\/schema.org\",\"@graph\":[{\"@type\":\"WebPage\",\"@id\":\"https:\/\/empow-her.com\/produit\/table-ronde-transition-ecologique-edeni\/\",\"url\":\"https:\/\/empow-her.com\/produit\/table-ronde-transition-ecologique-edeni\/\",\"name\":\"Table-ronde : \\\"Sommes-nous tou\u00b7tes \u00e9gaux\u00b7les devant la transition \u00e9cologique ?\\\" avec EDENI -\",\"isPartOf\":{\"@id\":\"https:\/\/empow-her.com\/#website\"},\"primaryImageOfPage\":{\"@id\":\"https:\/\/empow-her.com\/produit\/table-ronde-transition-ecologique-edeni\/#primaryimage\"},\"image\":{\"@id\":\"https:\/\/empow-her.com\/produit\/table-ronde-transition-ecologique-edeni\/#primaryimage\"},\"thumbnailUrl\":\"https:\/\/empow-her.com\/wp-content\/uploads\/2022\/10\/Template-Event-SistHer-vignette-site-6.png\",\"datePublished\":\"2022-10-10T13:50:03+00:00\",\"dateModified\":\"2022-10-27T13:44:31+00:00\",\"description\":\"Le mardi 8 novembre, rejoins-nous \u00e0 partir de 18h30 pour une table ronde & un atelier avec Edeni autour de la transition \u00e9cologique !\",\"breadcrumb\":{\"@id\":\"https:\/\/empow-her.com\/produit\/table-ronde-transition-ecologique-edeni\/#breadcrumb\"},\"inLanguage\":\"en-US\",\"potentialAction\":[{\"@type\":\"ReadAction\",\"target\":[\"https:\/\/empow-her.com\/produit\/table-ronde-transition-ecologique-edeni\/\"]}]},{\"@type\":\"ImageObject\",\"inLanguage\":\"en-US\",\"@id\":\"https:\/\/empow-her.com\/produit\/table-ronde-transition-ecologique-edeni\/#primaryimage\",\"url\":\"https:\/\/empow-her.com\/wp-content\/uploads\/2022\/10\/Template-Event-SistHer-vignette-site-6.png\",\"contentUrl\":\"https:\/\/empow-her.com\/wp-content\/uploads\/2022\/10\/Template-Event-SistHer-vignette-site-6.png\",\"width\":1080,\"height\":1080},{\"@type\":\"BreadcrumbList\",\"@id\":\"https:\/\/empow-her.com\/produit\/table-ronde-transition-ecologique-edeni\/#breadcrumb\",\"itemListElement\":[{\"@type\":\"ListItem\",\"position\":1,\"name\":\"Accueil\",\"item\":\"https:\/\/empow-her.com\/en\/landing-page\/\"},{\"@type\":\"ListItem\",\"position\":2,\"name\":\"LA BOUTIQUE\",\"item\":\"https:\/\/empow-her.com\/boutique\/\"},{\"@type\":\"ListItem\",\"position\":3,\"name\":\"Table-ronde : &#8220;Sommes-nous tou\u00b7tes \u00e9gaux\u00b7les devant la transition \u00e9cologique ?&#8221; avec EDENI\"}]},{\"@type\":\"WebSite\",\"@id\":\"https:\/\/empow-her.com\/#website\",\"url\":\"https:\/\/empow-her.com\/\",\"name\":\"Empow&#039;Her\",\"description\":\"Women Development\",\"potentialAction\":[{\"@type\":\"SearchAction\",\"target\":{\"@type\":\"EntryPoint\",\"urlTemplate\":\"https:\/\/empow-her.com\/?s={search_term_string}\"},\"query-input\":{\"@type\":\"PropertyValueSpecification\",\"valueRequired\":true,\"valueName\":\"search_term_string\"}}],\"inLanguage\":\"en-US\"}]}<\/script>\n<!-- \/ Yoast SEO plugin. -->","yoast_head_json":{"title":"Table-ronde : \"Sommes-nous tou\u00b7tes \u00e9gaux\u00b7les devant la transition \u00e9cologique ?\" avec EDENI -","description":"Le mardi 8 novembre, rejoins-nous \u00e0 partir de 18h30 pour une table ronde & un atelier avec Edeni autour de la transition \u00e9cologique !","robots":{"index":"index","follow":"follow","max-snippet":"max-snippet:-1","max-image-preview":"max-image-preview:large","max-video-preview":"max-video-preview:-1"},"canonical":"https:\/\/empow-her.com\/produit\/table-ronde-transition-ecologique-edeni\/","og_locale":"en_US","og_type":"article","og_title":"Table-ronde : \"Sommes-nous tou\u00b7tes \u00e9gaux\u00b7les devant la transition \u00e9cologique ?\" avec EDENI -","og_description":"Le mardi 8 novembre, rejoins-nous \u00e0 partir de 18h30 pour une table ronde & un atelier avec Edeni autour de la transition \u00e9cologique !","og_url":"https:\/\/empow-her.com\/produit\/table-ronde-transition-ecologique-edeni\/","og_site_name":"Empow&#039;Her","article_modified_time":"2022-10-27T13:44:31+00:00","og_image":[{"width":1080,"height":1080,"url":"https:\/\/empow-her.com\/wp-content\/uploads\/2022\/10\/Template-Event-SistHer-vignette-site-6.png","type":"image\/png"}],"twitter_card":"summary_large_image","twitter_misc":{"Est. reading time":"3 minutes"},"schema":{"@context":"https:\/\/schema.org","@graph":[{"@type":"WebPage","@id":"https:\/\/empow-her.com\/produit\/table-ronde-transition-ecologique-edeni\/","url":"https:\/\/empow-her.com\/produit\/table-ronde-transition-ecologique-edeni\/","name":"Table-ronde : \"Sommes-nous tou\u00b7tes \u00e9gaux\u00b7les devant la transition \u00e9cologique ?\" avec EDENI -","isPartOf":{"@id":"https:\/\/empow-her.com\/#website"},"primaryImageOfPage":{"@id":"https:\/\/empow-her.com\/produit\/table-ronde-transition-ecologique-edeni\/#primaryimage"},"image":{"@id":"https:\/\/empow-her.com\/produit\/table-ronde-transition-ecologique-edeni\/#primaryimage"},"thumbnailUrl":"https:\/\/empow-her.com\/wp-content\/uploads\/2022\/10\/Template-Event-SistHer-vignette-site-6.png","datePublished":"2022-10-10T13:50:03+00:00","dateModified":"2022-10-27T13:44:31+00:00","description":"Le mardi 8 novembre, rejoins-nous \u00e0 partir de 18h30 pour une table ronde & un atelier avec Edeni autour de la transition \u00e9cologique !","breadcrumb":{"@id":"https:\/\/empow-her.com\/produit\/table-ronde-transition-ecologique-edeni\/#breadcrumb"},"inLanguage":"en-US","potentialAction":[{"@type":"ReadAction","target":["https:\/\/empow-her.com\/produit\/table-ronde-transition-ecologique-edeni\/"]}]},{"@type":"ImageObject","inLanguage":"en-US","@id":"https:\/\/empow-her.com\/produit\/table-ronde-transition-ecologique-edeni\/#primaryimage","url":"https:\/\/empow-her.com\/wp-content\/uploads\/2022\/10\/Template-Event-SistHer-vignette-site-6.png","contentUrl":"https:\/\/empow-her.com\/wp-content\/uploads\/2022\/10\/Template-Event-SistHer-vignette-site-6.png","width":1080,"height":1080},{"@type":"BreadcrumbList","@id":"https:\/\/empow-her.com\/produit\/table-ronde-transition-ecologique-edeni\/#breadcrumb","itemListElement":[{"@type":"ListItem","position":1,"name":"Accueil","item":"https:\/\/empow-her.com\/en\/landing-page\/"},{"@type":"ListItem","position":2,"name":"LA BOUTIQUE","item":"https:\/\/empow-her.com\/boutique\/"},{"@type":"ListItem","position":3,"name":"Table-ronde : &#8220;Sommes-nous tou\u00b7tes \u00e9gaux\u00b7les devant la transition \u00e9cologique ?&#8221; avec EDENI"}]},{"@type":"WebSite","@id":"https:\/\/empow-her.com\/#website","url":"https:\/\/empow-her.com\/","name":"Empow&#039;Her","description":"Women Development","potentialAction":[{"@type":"SearchAction","target":{"@type":"EntryPoint","urlTemplate":"https:\/\/empow-her.com\/?s={search_term_string}"},"query-input":{"@type":"PropertyValueSpecification","valueRequired":true,"valueName":"search_term_string"}}],"inLanguage":"en-US"}]}},"_links":{"self":[{"href":"https:\/\/empow-her.com\/en\/wp-json\/wp\/v2\/product\/123470","targetHints":{"allow":["GET"]}}],"collection":[{"href":"https:\/\/empow-her.com\/en\/wp-json\/wp\/v2\/product"}],"about":[{"href":"https:\/\/empow-her.com\/en\/wp-json\/wp\/v2\/types\/product"}],"wp:featuredmedia":[{"embeddable":true,"href":"https:\/\/empow-her.com\/en\/wp-json\/wp\/v2\/media\/123608"}],"wp:attachment":[{"href":"https:\/\/empow-her.com\/en\/wp-json\/wp\/v2\/media?parent=123470"}],"wp:term":[{"taxonomy":"product_brand","embeddable":true,"href":"https:\/\/empow-her.com\/en\/wp-json\/wp\/v2\/product_brand?post=123470"},{"taxonomy":"product_cat","embeddable":true,"href":"https:\/\/empow-her.com\/en\/wp-json\/wp\/v2\/product_cat?post=123470"},{"taxonomy":"product_tag","embeddable":true,"href":"https:\/\/empow-her.com\/en\/wp-json\/wp\/v2\/product_tag?post=123470"},{"taxonomy":"lieu","embeddable":true,"href":"https:\/\/empow-her.com\/en\/wp-json\/wp\/v2\/lieu?post=123470"},{"taxonomy":"thematiques","embeddable":true,"href":"https:\/\/empow-her.com\/en\/wp-json\/wp\/v2\/thematiques?post=123470"}],"curies":[{"name":"wp","href":"https:\/\/api.w.org\/{rel}","templated":true}]}}