{"id":123306,"date":"2022-10-06T15:07:40","date_gmt":"2022-10-06T13:07:40","guid":{"rendered":"https:\/\/empow-her.com\/?post_type=product&#038;p=123306"},"modified":"2022-10-06T15:10:24","modified_gmt":"2022-10-06T13:10:24","slug":"coaching-financement-previsions-budgetaires-3","status":"publish","type":"product","link":"https:\/\/empow-her.com\/en\/produit\/coaching-financement-previsions-budgetaires-3\/","title":{"rendered":"Coaching &#8211; Financement &#038; Pr\u00e9visions budg\u00e9taires"},"content":{"rendered":"","protected":false},"excerpt":{"rendered":"<p><span data-sheets-value=\"{&quot;1&quot;:2,&quot;2&quot;:&quot;Un coaching individuel avec un.e expert.e du financement pour travailler sur pr\u00e9visions, vos besoins de financements ou vous initier aux obligations comptables ! nnLors de cet \u00e9change individuel, n- Vos pr\u00e9visions budg\u00e9taires et les investissements \u00e0 pr\u00e9voir pour votre projet ;n- La r\u00e9daction de votre Business Plan, la construction de votre pr\u00e9visionnel financier ;n- L'identification de solutions de financement adapt\u00e9s pour votre projet ;n- Les bases de comptabilit\u00e9 et vos obligations comptables en tant qu'entrepreneure...nnUne question pr\u00e9cise ? Envoyez-l\u00e0 \u00e0 votre r\u00e9f\u00e9rente Empow'Her avant votre coaching pour en informer l'intervenant\u00b7e !&quot;}\" data-sheets-userformat=\"{&quot;2&quot;:4993,&quot;3&quot;:{&quot;1&quot;:0},&quot;10&quot;:1,&quot;11&quot;:4,&quot;12&quot;:0,&quot;15&quot;:&quot;Proxima Nova&quot;}\"><strong>Description :<\/strong> Un coaching individuel avec un.e expert.e du financement pour travailler sur pr\u00e9visions, vos besoins de financements ou vous initier aux obligations comptables !<\/span><\/p>\n<p>Lors de cet \u00e9change individuel,<br \/>\n&#8211; Vos pr\u00e9visions budg\u00e9taires et les investissements \u00e0 pr\u00e9voir pour votre projet ;<br \/>\n&#8211; La r\u00e9daction de votre Business Plan, la construction de votre pr\u00e9visionnel financier ;<br \/>\n&#8211; L&#8217;identification de solutions de financement adapt\u00e9s pour votre projet ;<br \/>\n&#8211; Les bases de comptabilit\u00e9 et vos obligations comptables en tant qu&#8217;entrepreneure&#8230;<\/p>\n<p><strong>Vous souhaitez vous inscrire \u00e0 ce coaching ?<\/strong>\u00a0Une fois que vous avez re\u00e7u l\u2019invitation Google Calendrier pour le coaching que vous avez r\u00e9serv\u00e9 :\u00a0<strong>envoyez un mail \u00e0 l\u2019experte qui est dans l\u2019invitation avec vous <\/strong>en joignant tous les documents qui lui seraient utiles pour pr\u00e9parer au mieux cette heure.<\/p>\n<p>&nbsp;<\/p>\n<p><strong>Intervenant :<\/strong> <strong>J\u00e9r\u00e9my Kadosche de Finetic<\/strong><\/p>\n<p>&nbsp;<\/p>\n<p><strong>Dur\u00e9e<\/strong>\u00a0: U<span data-sheets-value=\"{&quot;1&quot;:2,&quot;2&quot;:&quot;Permanence de 4h avec un cr\u00e9neau de 1h par participante (+ 15 minutes entre chaque)&quot;}\" data-sheets-userformat=\"{&quot;2&quot;:7167,&quot;3&quot;:{&quot;1&quot;:0},&quot;4&quot;:{&quot;1&quot;:2,&quot;2&quot;:16777215},&quot;5&quot;:{&quot;1&quot;:[{&quot;1&quot;:2,&quot;2&quot;:0,&quot;5&quot;:{&quot;1&quot;:2,&quot;2&quot;:0}},{&quot;1&quot;:0,&quot;2&quot;:0,&quot;3&quot;:3},{&quot;1&quot;:1,&quot;2&quot;:0,&quot;4&quot;:1}]},&quot;6&quot;:{&quot;1&quot;:[{&quot;1&quot;:2,&quot;2&quot;:0,&quot;5&quot;:{&quot;1&quot;:2,&quot;2&quot;:0}},{&quot;1&quot;:0,&quot;2&quot;:0,&quot;3&quot;:3},{&quot;1&quot;:1,&quot;2&quot;:0,&quot;4&quot;:1}]},&quot;7&quot;:{&quot;1&quot;:[{&quot;1&quot;:2,&quot;2&quot;:0,&quot;5&quot;:{&quot;1&quot;:2,&quot;2&quot;:0}},{&quot;1&quot;:0,&quot;2&quot;:0,&quot;3&quot;:3},{&quot;1&quot;:1,&quot;2&quot;:0,&quot;4&quot;:1}]},&quot;8&quot;:{&quot;1&quot;:[{&quot;1&quot;:2,&quot;2&quot;:0,&quot;5&quot;:{&quot;1&quot;:2,&quot;2&quot;:0}},{&quot;1&quot;:0,&quot;2&quot;:0,&quot;3&quot;:3},{&quot;1&quot;:1,&quot;2&quot;:0,&quot;4&quot;:1}]},&quot;9&quot;:0,&quot;10&quot;:1,&quot;11&quot;:4,&quot;12&quot;:0,&quot;14&quot;:{&quot;1&quot;:2,&quot;2&quot;:0},&quot;15&quot;:&quot;Calibri&quot;}\">n cr\u00e9neau de 1h en individuel <strong>en ligne<\/strong><\/span><\/p>\n<p>&nbsp;<\/p>\n<p><span data-sheets-value=\"{&quot;1&quot;:2,&quot;2&quot;:&quot;Attention ! \u00a0Veuillez vous pr\u00e9sentez \u00e0 l'heure pour que l'activit\u00e9 puisse commencer \u00e0 temps. Si vous avez du retard veuillez pr\u00e9venir l'intervenant.e. Si vous avez plus de 15 min de retard l'intervenant.e se r\u00e9serve le droit de plus vous accepter pour le coaching ou l'atelier.\u00a0&quot;}\" data-sheets-userformat=\"{&quot;2&quot;:641,&quot;3&quot;:{&quot;1&quot;:0},&quot;10&quot;:1,&quot;12&quot;:0}\"><strong>Attention !<\/strong>\u00a0\u00a0Veuillez vous pr\u00e9senter \u00e0 l\u2019heure pour que l\u2019activit\u00e9 puisse commencer \u00e0 temps. Si vous avez du retard veuillez pr\u00e9venir l\u2019intervenant.e. Si vous avez plus de 15 min de retard l\u2019intervenant.e se r\u00e9serve le droit de ne plus vous accepter pour le coaching ou l\u2019atelier.\u00a0<\/span><\/p>\n","protected":false},"featured_media":123307,"template":"","format":"standard","meta":{"_acf_changed":false,"om_disable_all_campaigns":false,"_uf_show_specific_survey":0,"_uf_disable_surveys":false},"product_brand":[],"product_cat":[121],"product_tag":[],"lieu":[125],"thematiques":[],"class_list":{"0":"post-123306","1":"product","2":"type-product","3":"status-publish","4":"format-standard","5":"has-post-thumbnail","7":"product_cat-coaching","8":"lieu-en-ligne","10":"first","11":"instock","12":"virtual","13":"purchasable","14":"product-type-appointment"},"exclude_global_add_ons":[],"addons":[],"acf":[],"yoast_head":"<!-- This site is optimized with the Yoast SEO plugin v24.8 - https:\/\/yoast.com\/wordpress\/plugins\/seo\/ -->\n<title>Coaching - Financement &amp; Pr\u00e9visions budg\u00e9taires - Empow&#039;Her<\/title>\n<meta name=\"robots\" content=\"index, follow, max-snippet:-1, max-image-preview:large, max-video-preview:-1\" \/>\n<link rel=\"canonical\" href=\"https:\/\/empow-her.com\/produit\/coaching-financement-previsions-budgetaires-3\/\" \/>\n<meta property=\"og:locale\" content=\"en_US\" \/>\n<meta property=\"og:type\" content=\"article\" \/>\n<meta property=\"og:title\" content=\"Coaching - Financement &amp; Pr\u00e9visions budg\u00e9taires - Empow&#039;Her\" \/>\n<meta property=\"og:description\" content=\"Description : Un coaching individuel avec un.e expert.e du financement pour travailler sur pr\u00e9visions, vos besoins de financements ou vous initier aux obligations comptables !  Lors de cet \u00e9change individuel, - Vos pr\u00e9visions budg\u00e9taires et les investissements \u00e0 pr\u00e9voir pour votre projet ; - La r\u00e9daction de votre Business Plan, la construction de votre pr\u00e9visionnel financier ; - L&#039;identification de solutions de financement adapt\u00e9s pour votre projet ; - Les bases de comptabilit\u00e9 et vos obligations comptables en tant qu&#039;entrepreneure...  Vous souhaitez vous inscrire \u00e0 ce coaching ?\u00a0Une fois que vous avez re\u00e7u l\u2019invitation Google Calendrier pour le coaching que vous avez r\u00e9serv\u00e9 :\u00a0envoyez un mail \u00e0 l\u2019experte qui est dans l\u2019invitation avec vous en joignant tous les documents qui lui seraient utiles pour pr\u00e9parer au mieux cette heure.  &nbsp;  Intervenant : J\u00e9r\u00e9my Kadosche de Finetic  &nbsp;  Dur\u00e9e\u00a0: Un cr\u00e9neau de 1h en individuel en ligne  &nbsp;  Attention !\u00a0\u00a0Veuillez vous pr\u00e9senter \u00e0 l\u2019heure pour que l\u2019activit\u00e9 puisse commencer \u00e0 temps. Si vous avez du retard veuillez pr\u00e9venir l\u2019intervenant.e. Si vous avez plus de 15 min de retard l\u2019intervenant.e se r\u00e9serve le droit de ne plus vous accepter pour le coaching ou l\u2019atelier.\u00a0\" \/>\n<meta property=\"og:url\" content=\"https:\/\/empow-her.com\/produit\/coaching-financement-previsions-budgetaires-3\/\" \/>\n<meta property=\"og:site_name\" content=\"Empow&#039;Her\" \/>\n<meta property=\"article:modified_time\" content=\"2022-10-06T13:10:24+00:00\" \/>\n<meta property=\"og:image\" content=\"https:\/\/empow-her.com\/wp-content\/uploads\/2022\/10\/Women-Dare-templates-events-2022-10-06T150935.573.png\" \/>\n\t<meta property=\"og:image:width\" content=\"1080\" \/>\n\t<meta property=\"og:image:height\" content=\"1080\" \/>\n\t<meta property=\"og:image:type\" content=\"image\/png\" \/>\n<meta name=\"twitter:card\" content=\"summary_large_image\" \/>\n<script type=\"application\/ld+json\" class=\"yoast-schema-graph\">{\"@context\":\"https:\/\/schema.org\",\"@graph\":[{\"@type\":\"WebPage\",\"@id\":\"https:\/\/empow-her.com\/produit\/coaching-financement-previsions-budgetaires-3\/\",\"url\":\"https:\/\/empow-her.com\/produit\/coaching-financement-previsions-budgetaires-3\/\",\"name\":\"Coaching - Financement & Pr\u00e9visions budg\u00e9taires - Empow&#039;Her\",\"isPartOf\":{\"@id\":\"https:\/\/empow-her.com\/#website\"},\"primaryImageOfPage\":{\"@id\":\"https:\/\/empow-her.com\/produit\/coaching-financement-previsions-budgetaires-3\/#primaryimage\"},\"image\":{\"@id\":\"https:\/\/empow-her.com\/produit\/coaching-financement-previsions-budgetaires-3\/#primaryimage\"},\"thumbnailUrl\":\"https:\/\/empow-her.com\/wp-content\/uploads\/2022\/10\/Women-Dare-templates-events-2022-10-06T150935.573.png\",\"datePublished\":\"2022-10-06T13:07:40+00:00\",\"dateModified\":\"2022-10-06T13:10:24+00:00\",\"breadcrumb\":{\"@id\":\"https:\/\/empow-her.com\/produit\/coaching-financement-previsions-budgetaires-3\/#breadcrumb\"},\"inLanguage\":\"en-US\",\"potentialAction\":[{\"@type\":\"ReadAction\",\"target\":[\"https:\/\/empow-her.com\/produit\/coaching-financement-previsions-budgetaires-3\/\"]}]},{\"@type\":\"ImageObject\",\"inLanguage\":\"en-US\",\"@id\":\"https:\/\/empow-her.com\/produit\/coaching-financement-previsions-budgetaires-3\/#primaryimage\",\"url\":\"https:\/\/empow-her.com\/wp-content\/uploads\/2022\/10\/Women-Dare-templates-events-2022-10-06T150935.573.png\",\"contentUrl\":\"https:\/\/empow-her.com\/wp-content\/uploads\/2022\/10\/Women-Dare-templates-events-2022-10-06T150935.573.png\",\"width\":1080,\"height\":1080},{\"@type\":\"BreadcrumbList\",\"@id\":\"https:\/\/empow-her.com\/produit\/coaching-financement-previsions-budgetaires-3\/#breadcrumb\",\"itemListElement\":[{\"@type\":\"ListItem\",\"position\":1,\"name\":\"Accueil\",\"item\":\"https:\/\/empow-her.com\/en\/landing-page\/\"},{\"@type\":\"ListItem\",\"position\":2,\"name\":\"LA BOUTIQUE\",\"item\":\"https:\/\/empow-her.com\/boutique\/\"},{\"@type\":\"ListItem\",\"position\":3,\"name\":\"Coaching &#8211; Financement &#038; Pr\u00e9visions budg\u00e9taires\"}]},{\"@type\":\"WebSite\",\"@id\":\"https:\/\/empow-her.com\/#website\",\"url\":\"https:\/\/empow-her.com\/\",\"name\":\"Empow&#039;Her\",\"description\":\"Women Development\",\"potentialAction\":[{\"@type\":\"SearchAction\",\"target\":{\"@type\":\"EntryPoint\",\"urlTemplate\":\"https:\/\/empow-her.com\/?s={search_term_string}\"},\"query-input\":{\"@type\":\"PropertyValueSpecification\",\"valueRequired\":true,\"valueName\":\"search_term_string\"}}],\"inLanguage\":\"en-US\"}]}<\/script>\n<!-- \/ Yoast SEO plugin. -->","yoast_head_json":{"title":"Coaching - Financement & Pr\u00e9visions budg\u00e9taires - Empow&#039;Her","robots":{"index":"index","follow":"follow","max-snippet":"max-snippet:-1","max-image-preview":"max-image-preview:large","max-video-preview":"max-video-preview:-1"},"canonical":"https:\/\/empow-her.com\/produit\/coaching-financement-previsions-budgetaires-3\/","og_locale":"en_US","og_type":"article","og_title":"Coaching - Financement & Pr\u00e9visions budg\u00e9taires - Empow&#039;Her","og_description":"Description : Un coaching individuel avec un.e expert.e du financement pour travailler sur pr\u00e9visions, vos besoins de financements ou vous initier aux obligations comptables !  Lors de cet \u00e9change individuel, - Vos pr\u00e9visions budg\u00e9taires et les investissements \u00e0 pr\u00e9voir pour votre projet ; - La r\u00e9daction de votre Business Plan, la construction de votre pr\u00e9visionnel financier ; - L'identification de solutions de financement adapt\u00e9s pour votre projet ; - Les bases de comptabilit\u00e9 et vos obligations comptables en tant qu'entrepreneure...  Vous souhaitez vous inscrire \u00e0 ce coaching ?\u00a0Une fois que vous avez re\u00e7u l\u2019invitation Google Calendrier pour le coaching que vous avez r\u00e9serv\u00e9 :\u00a0envoyez un mail \u00e0 l\u2019experte qui est dans l\u2019invitation avec vous en joignant tous les documents qui lui seraient utiles pour pr\u00e9parer au mieux cette heure.  &nbsp;  Intervenant : J\u00e9r\u00e9my Kadosche de Finetic  &nbsp;  Dur\u00e9e\u00a0: Un cr\u00e9neau de 1h en individuel en ligne  &nbsp;  Attention !\u00a0\u00a0Veuillez vous pr\u00e9senter \u00e0 l\u2019heure pour que l\u2019activit\u00e9 puisse commencer \u00e0 temps. Si vous avez du retard veuillez pr\u00e9venir l\u2019intervenant.e. Si vous avez plus de 15 min de retard l\u2019intervenant.e se r\u00e9serve le droit de ne plus vous accepter pour le coaching ou l\u2019atelier.\u00a0","og_url":"https:\/\/empow-her.com\/produit\/coaching-financement-previsions-budgetaires-3\/","og_site_name":"Empow&#039;Her","article_modified_time":"2022-10-06T13:10:24+00:00","og_image":[{"width":1080,"height":1080,"url":"https:\/\/empow-her.com\/wp-content\/uploads\/2022\/10\/Women-Dare-templates-events-2022-10-06T150935.573.png","type":"image\/png"}],"twitter_card":"summary_large_image","schema":{"@context":"https:\/\/schema.org","@graph":[{"@type":"WebPage","@id":"https:\/\/empow-her.com\/produit\/coaching-financement-previsions-budgetaires-3\/","url":"https:\/\/empow-her.com\/produit\/coaching-financement-previsions-budgetaires-3\/","name":"Coaching - Financement & Pr\u00e9visions budg\u00e9taires - Empow&#039;Her","isPartOf":{"@id":"https:\/\/empow-her.com\/#website"},"primaryImageOfPage":{"@id":"https:\/\/empow-her.com\/produit\/coaching-financement-previsions-budgetaires-3\/#primaryimage"},"image":{"@id":"https:\/\/empow-her.com\/produit\/coaching-financement-previsions-budgetaires-3\/#primaryimage"},"thumbnailUrl":"https:\/\/empow-her.com\/wp-content\/uploads\/2022\/10\/Women-Dare-templates-events-2022-10-06T150935.573.png","datePublished":"2022-10-06T13:07:40+00:00","dateModified":"2022-10-06T13:10:24+00:00","breadcrumb":{"@id":"https:\/\/empow-her.com\/produit\/coaching-financement-previsions-budgetaires-3\/#breadcrumb"},"inLanguage":"en-US","potentialAction":[{"@type":"ReadAction","target":["https:\/\/empow-her.com\/produit\/coaching-financement-previsions-budgetaires-3\/"]}]},{"@type":"ImageObject","inLanguage":"en-US","@id":"https:\/\/empow-her.com\/produit\/coaching-financement-previsions-budgetaires-3\/#primaryimage","url":"https:\/\/empow-her.com\/wp-content\/uploads\/2022\/10\/Women-Dare-templates-events-2022-10-06T150935.573.png","contentUrl":"https:\/\/empow-her.com\/wp-content\/uploads\/2022\/10\/Women-Dare-templates-events-2022-10-06T150935.573.png","width":1080,"height":1080},{"@type":"BreadcrumbList","@id":"https:\/\/empow-her.com\/produit\/coaching-financement-previsions-budgetaires-3\/#breadcrumb","itemListElement":[{"@type":"ListItem","position":1,"name":"Accueil","item":"https:\/\/empow-her.com\/en\/landing-page\/"},{"@type":"ListItem","position":2,"name":"LA BOUTIQUE","item":"https:\/\/empow-her.com\/boutique\/"},{"@type":"ListItem","position":3,"name":"Coaching &#8211; Financement &#038; Pr\u00e9visions budg\u00e9taires"}]},{"@type":"WebSite","@id":"https:\/\/empow-her.com\/#website","url":"https:\/\/empow-her.com\/","name":"Empow&#039;Her","description":"Women Development","potentialAction":[{"@type":"SearchAction","target":{"@type":"EntryPoint","urlTemplate":"https:\/\/empow-her.com\/?s={search_term_string}"},"query-input":{"@type":"PropertyValueSpecification","valueRequired":true,"valueName":"search_term_string"}}],"inLanguage":"en-US"}]}},"_links":{"self":[{"href":"https:\/\/empow-her.com\/en\/wp-json\/wp\/v2\/product\/123306","targetHints":{"allow":["GET"]}}],"collection":[{"href":"https:\/\/empow-her.com\/en\/wp-json\/wp\/v2\/product"}],"about":[{"href":"https:\/\/empow-her.com\/en\/wp-json\/wp\/v2\/types\/product"}],"wp:featuredmedia":[{"embeddable":true,"href":"https:\/\/empow-her.com\/en\/wp-json\/wp\/v2\/media\/123307"}],"wp:attachment":[{"href":"https:\/\/empow-her.com\/en\/wp-json\/wp\/v2\/media?parent=123306"}],"wp:term":[{"taxonomy":"product_brand","embeddable":true,"href":"https:\/\/empow-her.com\/en\/wp-json\/wp\/v2\/product_brand?post=123306"},{"taxonomy":"product_cat","embeddable":true,"href":"https:\/\/empow-her.com\/en\/wp-json\/wp\/v2\/product_cat?post=123306"},{"taxonomy":"product_tag","embeddable":true,"href":"https:\/\/empow-her.com\/en\/wp-json\/wp\/v2\/product_tag?post=123306"},{"taxonomy":"lieu","embeddable":true,"href":"https:\/\/empow-her.com\/en\/wp-json\/wp\/v2\/lieu?post=123306"},{"taxonomy":"thematiques","embeddable":true,"href":"https:\/\/empow-her.com\/en\/wp-json\/wp\/v2\/thematiques?post=123306"}],"curies":[{"name":"wp","href":"https:\/\/api.w.org\/{rel}","templated":true}]}}