{"id":123285,"date":"2022-10-06T13:53:31","date_gmt":"2022-10-06T11:53:31","guid":{"rendered":"https:\/\/empow-her.com\/?post_type=product&#038;p=123285"},"modified":"2022-10-06T13:55:08","modified_gmt":"2022-10-06T11:55:08","slug":"coaching-fixer-son-prix-de-vente-6","status":"publish","type":"product","link":"https:\/\/empow-her.com\/en\/produit\/coaching-fixer-son-prix-de-vente-6\/","title":{"rendered":"Coaching &#8211; Fixer son prix de vente"},"content":{"rendered":"","protected":false},"excerpt":{"rendered":"<div>\n<div><strong>Description<\/strong> : Vous avez d\u00e9fini votre vision, formul\u00e9 une premi\u00e8re proposition de valeur (ou plusieurs ?), votre mod\u00e8le \u00e9conomique commence \u00e0 \u00eatre au point ?<\/div>\n<div><\/div>\n<div>Il est temps de r\u00e9fl\u00e9chir \u00e0 la fixation de votre prix de vente !\u00a0Quel est le plus pertinent et le plus adapt\u00e9 ?<\/div>\n<div><\/div>\n<div>Lors de cette heure de coaching, Alexandre vous donnera toutes les cl\u00e9s pour vous aider \u00e0 fixer le prix de vente de votre offre en coh\u00e9rence avec vos co\u00fbts et vos b\u00e9n\u00e9fices !<\/div>\n<div><\/div>\n<div><strong>Intervenant :\u00a0<\/strong>Alexandre Sourzac-Lami<\/div>\n<div><\/div>\n<\/div>\n<p>Session de coaching<strong>\u00a0en ligne dur\u00e9e 1h\u00a0<\/strong><\/p>\n<p><b>Attention !\u00a0<\/b>\u00a0Veuillez vous pr\u00e9senter \u00e0 l\u2019heure pour que l\u2019activit\u00e9 puisse commencer \u00e0 temps. Si vous avez du retard veuillez pr\u00e9venir l\u2019intervenant.e. Si vous avez plus de 15 min de retard l\u2019intervenant.e se r\u00e9serve le droit de ne pas vous accepter pour le coaching ou l\u2019atelier.<\/p>\n","protected":false},"featured_media":123286,"template":"","format":"standard","meta":{"_acf_changed":false,"om_disable_all_campaigns":false,"_uf_show_specific_survey":0,"_uf_disable_surveys":false},"product_brand":[],"product_cat":[121],"product_tag":[],"lieu":[125],"thematiques":[],"class_list":{"0":"post-123285","1":"product","2":"type-product","3":"status-publish","4":"format-standard","5":"has-post-thumbnail","7":"product_cat-coaching","8":"lieu-en-ligne","10":"first","11":"instock","12":"virtual","13":"purchasable","14":"product-type-appointment"},"exclude_global_add_ons":[],"addons":[],"acf":[],"yoast_head":"<!-- This site is optimized with the Yoast SEO plugin v24.8 - https:\/\/yoast.com\/wordpress\/plugins\/seo\/ -->\n<title>Coaching - Fixer son prix de vente - Empow&#039;Her<\/title>\n<meta name=\"robots\" content=\"index, follow, max-snippet:-1, max-image-preview:large, max-video-preview:-1\" \/>\n<link rel=\"canonical\" href=\"https:\/\/empow-her.com\/produit\/coaching-fixer-son-prix-de-vente-6\/\" \/>\n<meta property=\"og:locale\" content=\"en_US\" \/>\n<meta property=\"og:type\" content=\"article\" \/>\n<meta property=\"og:title\" content=\"Coaching - Fixer son prix de vente - Empow&#039;Her\" \/>\n<meta property=\"og:description\" content=\"Description : Vous avez d\u00e9fini votre vision, formul\u00e9 une premi\u00e8re proposition de valeur (ou plusieurs ?), votre mod\u00e8le \u00e9conomique commence \u00e0 \u00eatre au point ?  Il est temps de r\u00e9fl\u00e9chir \u00e0 la fixation de votre prix de vente !\u00a0Quel est le plus pertinent et le plus adapt\u00e9 ?  Lors de cette heure de coaching, Alexandre vous donnera toutes les cl\u00e9s pour vous aider \u00e0 fixer le prix de vente de votre offre en coh\u00e9rence avec vos co\u00fbts et vos b\u00e9n\u00e9fices !  Intervenant :\u00a0Alexandre Sourzac-Lami   Session de coaching\u00a0en ligne dur\u00e9e 1h\u00a0  Attention !\u00a0\u00a0Veuillez vous pr\u00e9senter \u00e0 l\u2019heure pour que l\u2019activit\u00e9 puisse commencer \u00e0 temps. Si vous avez du retard veuillez pr\u00e9venir l\u2019intervenant.e. Si vous avez plus de 15 min de retard l\u2019intervenant.e se r\u00e9serve le droit de ne pas vous accepter pour le coaching ou l\u2019atelier.\" \/>\n<meta property=\"og:url\" content=\"https:\/\/empow-her.com\/produit\/coaching-fixer-son-prix-de-vente-6\/\" \/>\n<meta property=\"og:site_name\" content=\"Empow&#039;Her\" \/>\n<meta property=\"article:modified_time\" content=\"2022-10-06T11:55:08+00:00\" \/>\n<meta property=\"og:image\" content=\"https:\/\/empow-her.com\/wp-content\/uploads\/2022\/10\/Women-Dare-templates-events-2022-10-06T135454.549.png\" \/>\n\t<meta property=\"og:image:width\" content=\"1080\" \/>\n\t<meta property=\"og:image:height\" content=\"1080\" \/>\n\t<meta property=\"og:image:type\" content=\"image\/png\" \/>\n<meta name=\"twitter:card\" content=\"summary_large_image\" \/>\n<script type=\"application\/ld+json\" class=\"yoast-schema-graph\">{\"@context\":\"https:\/\/schema.org\",\"@graph\":[{\"@type\":\"WebPage\",\"@id\":\"https:\/\/empow-her.com\/produit\/coaching-fixer-son-prix-de-vente-6\/\",\"url\":\"https:\/\/empow-her.com\/produit\/coaching-fixer-son-prix-de-vente-6\/\",\"name\":\"Coaching - Fixer son prix de vente - Empow&#039;Her\",\"isPartOf\":{\"@id\":\"https:\/\/empow-her.com\/#website\"},\"primaryImageOfPage\":{\"@id\":\"https:\/\/empow-her.com\/produit\/coaching-fixer-son-prix-de-vente-6\/#primaryimage\"},\"image\":{\"@id\":\"https:\/\/empow-her.com\/produit\/coaching-fixer-son-prix-de-vente-6\/#primaryimage\"},\"thumbnailUrl\":\"https:\/\/empow-her.com\/wp-content\/uploads\/2022\/10\/Women-Dare-templates-events-2022-10-06T135454.549.png\",\"datePublished\":\"2022-10-06T11:53:31+00:00\",\"dateModified\":\"2022-10-06T11:55:08+00:00\",\"breadcrumb\":{\"@id\":\"https:\/\/empow-her.com\/produit\/coaching-fixer-son-prix-de-vente-6\/#breadcrumb\"},\"inLanguage\":\"en-US\",\"potentialAction\":[{\"@type\":\"ReadAction\",\"target\":[\"https:\/\/empow-her.com\/produit\/coaching-fixer-son-prix-de-vente-6\/\"]}]},{\"@type\":\"ImageObject\",\"inLanguage\":\"en-US\",\"@id\":\"https:\/\/empow-her.com\/produit\/coaching-fixer-son-prix-de-vente-6\/#primaryimage\",\"url\":\"https:\/\/empow-her.com\/wp-content\/uploads\/2022\/10\/Women-Dare-templates-events-2022-10-06T135454.549.png\",\"contentUrl\":\"https:\/\/empow-her.com\/wp-content\/uploads\/2022\/10\/Women-Dare-templates-events-2022-10-06T135454.549.png\",\"width\":1080,\"height\":1080},{\"@type\":\"BreadcrumbList\",\"@id\":\"https:\/\/empow-her.com\/produit\/coaching-fixer-son-prix-de-vente-6\/#breadcrumb\",\"itemListElement\":[{\"@type\":\"ListItem\",\"position\":1,\"name\":\"Accueil\",\"item\":\"https:\/\/empow-her.com\/en\/landing-page\/\"},{\"@type\":\"ListItem\",\"position\":2,\"name\":\"LA BOUTIQUE\",\"item\":\"https:\/\/empow-her.com\/boutique\/\"},{\"@type\":\"ListItem\",\"position\":3,\"name\":\"Coaching &#8211; Fixer son prix de vente\"}]},{\"@type\":\"WebSite\",\"@id\":\"https:\/\/empow-her.com\/#website\",\"url\":\"https:\/\/empow-her.com\/\",\"name\":\"Empow&#039;Her\",\"description\":\"Women Development\",\"potentialAction\":[{\"@type\":\"SearchAction\",\"target\":{\"@type\":\"EntryPoint\",\"urlTemplate\":\"https:\/\/empow-her.com\/?s={search_term_string}\"},\"query-input\":{\"@type\":\"PropertyValueSpecification\",\"valueRequired\":true,\"valueName\":\"search_term_string\"}}],\"inLanguage\":\"en-US\"}]}<\/script>\n<!-- \/ Yoast SEO plugin. -->","yoast_head_json":{"title":"Coaching - Fixer son prix de vente - Empow&#039;Her","robots":{"index":"index","follow":"follow","max-snippet":"max-snippet:-1","max-image-preview":"max-image-preview:large","max-video-preview":"max-video-preview:-1"},"canonical":"https:\/\/empow-her.com\/produit\/coaching-fixer-son-prix-de-vente-6\/","og_locale":"en_US","og_type":"article","og_title":"Coaching - Fixer son prix de vente - Empow&#039;Her","og_description":"Description : Vous avez d\u00e9fini votre vision, formul\u00e9 une premi\u00e8re proposition de valeur (ou plusieurs ?), votre mod\u00e8le \u00e9conomique commence \u00e0 \u00eatre au point ?  Il est temps de r\u00e9fl\u00e9chir \u00e0 la fixation de votre prix de vente !\u00a0Quel est le plus pertinent et le plus adapt\u00e9 ?  Lors de cette heure de coaching, Alexandre vous donnera toutes les cl\u00e9s pour vous aider \u00e0 fixer le prix de vente de votre offre en coh\u00e9rence avec vos co\u00fbts et vos b\u00e9n\u00e9fices !  Intervenant :\u00a0Alexandre Sourzac-Lami   Session de coaching\u00a0en ligne dur\u00e9e 1h\u00a0  Attention !\u00a0\u00a0Veuillez vous pr\u00e9senter \u00e0 l\u2019heure pour que l\u2019activit\u00e9 puisse commencer \u00e0 temps. Si vous avez du retard veuillez pr\u00e9venir l\u2019intervenant.e. Si vous avez plus de 15 min de retard l\u2019intervenant.e se r\u00e9serve le droit de ne pas vous accepter pour le coaching ou l\u2019atelier.","og_url":"https:\/\/empow-her.com\/produit\/coaching-fixer-son-prix-de-vente-6\/","og_site_name":"Empow&#039;Her","article_modified_time":"2022-10-06T11:55:08+00:00","og_image":[{"width":1080,"height":1080,"url":"https:\/\/empow-her.com\/wp-content\/uploads\/2022\/10\/Women-Dare-templates-events-2022-10-06T135454.549.png","type":"image\/png"}],"twitter_card":"summary_large_image","schema":{"@context":"https:\/\/schema.org","@graph":[{"@type":"WebPage","@id":"https:\/\/empow-her.com\/produit\/coaching-fixer-son-prix-de-vente-6\/","url":"https:\/\/empow-her.com\/produit\/coaching-fixer-son-prix-de-vente-6\/","name":"Coaching - Fixer son prix de vente - Empow&#039;Her","isPartOf":{"@id":"https:\/\/empow-her.com\/#website"},"primaryImageOfPage":{"@id":"https:\/\/empow-her.com\/produit\/coaching-fixer-son-prix-de-vente-6\/#primaryimage"},"image":{"@id":"https:\/\/empow-her.com\/produit\/coaching-fixer-son-prix-de-vente-6\/#primaryimage"},"thumbnailUrl":"https:\/\/empow-her.com\/wp-content\/uploads\/2022\/10\/Women-Dare-templates-events-2022-10-06T135454.549.png","datePublished":"2022-10-06T11:53:31+00:00","dateModified":"2022-10-06T11:55:08+00:00","breadcrumb":{"@id":"https:\/\/empow-her.com\/produit\/coaching-fixer-son-prix-de-vente-6\/#breadcrumb"},"inLanguage":"en-US","potentialAction":[{"@type":"ReadAction","target":["https:\/\/empow-her.com\/produit\/coaching-fixer-son-prix-de-vente-6\/"]}]},{"@type":"ImageObject","inLanguage":"en-US","@id":"https:\/\/empow-her.com\/produit\/coaching-fixer-son-prix-de-vente-6\/#primaryimage","url":"https:\/\/empow-her.com\/wp-content\/uploads\/2022\/10\/Women-Dare-templates-events-2022-10-06T135454.549.png","contentUrl":"https:\/\/empow-her.com\/wp-content\/uploads\/2022\/10\/Women-Dare-templates-events-2022-10-06T135454.549.png","width":1080,"height":1080},{"@type":"BreadcrumbList","@id":"https:\/\/empow-her.com\/produit\/coaching-fixer-son-prix-de-vente-6\/#breadcrumb","itemListElement":[{"@type":"ListItem","position":1,"name":"Accueil","item":"https:\/\/empow-her.com\/en\/landing-page\/"},{"@type":"ListItem","position":2,"name":"LA BOUTIQUE","item":"https:\/\/empow-her.com\/boutique\/"},{"@type":"ListItem","position":3,"name":"Coaching &#8211; Fixer son prix de vente"}]},{"@type":"WebSite","@id":"https:\/\/empow-her.com\/#website","url":"https:\/\/empow-her.com\/","name":"Empow&#039;Her","description":"Women Development","potentialAction":[{"@type":"SearchAction","target":{"@type":"EntryPoint","urlTemplate":"https:\/\/empow-her.com\/?s={search_term_string}"},"query-input":{"@type":"PropertyValueSpecification","valueRequired":true,"valueName":"search_term_string"}}],"inLanguage":"en-US"}]}},"_links":{"self":[{"href":"https:\/\/empow-her.com\/en\/wp-json\/wp\/v2\/product\/123285","targetHints":{"allow":["GET"]}}],"collection":[{"href":"https:\/\/empow-her.com\/en\/wp-json\/wp\/v2\/product"}],"about":[{"href":"https:\/\/empow-her.com\/en\/wp-json\/wp\/v2\/types\/product"}],"wp:featuredmedia":[{"embeddable":true,"href":"https:\/\/empow-her.com\/en\/wp-json\/wp\/v2\/media\/123286"}],"wp:attachment":[{"href":"https:\/\/empow-her.com\/en\/wp-json\/wp\/v2\/media?parent=123285"}],"wp:term":[{"taxonomy":"product_brand","embeddable":true,"href":"https:\/\/empow-her.com\/en\/wp-json\/wp\/v2\/product_brand?post=123285"},{"taxonomy":"product_cat","embeddable":true,"href":"https:\/\/empow-her.com\/en\/wp-json\/wp\/v2\/product_cat?post=123285"},{"taxonomy":"product_tag","embeddable":true,"href":"https:\/\/empow-her.com\/en\/wp-json\/wp\/v2\/product_tag?post=123285"},{"taxonomy":"lieu","embeddable":true,"href":"https:\/\/empow-her.com\/en\/wp-json\/wp\/v2\/lieu?post=123285"},{"taxonomy":"thematiques","embeddable":true,"href":"https:\/\/empow-her.com\/en\/wp-json\/wp\/v2\/thematiques?post=123285"}],"curies":[{"name":"wp","href":"https:\/\/api.w.org\/{rel}","templated":true}]}}