{"id":122586,"date":"2022-09-26T11:45:45","date_gmt":"2022-09-26T09:45:45","guid":{"rendered":"https:\/\/empow-her.com\/?post_type=product&#038;p=122586"},"modified":"2022-10-11T17:58:36","modified_gmt":"2022-10-11T15:58:36","slug":"atelier-game-powher-mille-pas","status":"publish","type":"product","link":"https:\/\/empow-her.com\/en\/produit\/atelier-game-powher-mille-pas\/","title":{"rendered":"Atelier Game Pow&#8217;Her &#8211; le jeu des Mille Pas"},"content":{"rendered":"<p>Le mercredi 19 octobre \u00e0 partir de 18h30, viens d\u00e9couvrir &#8220;Les Mille Pas&#8221; : <em>le jeu de la carri\u00e8re professionnelle au f\u00e9minin !<\/em><\/p>\n<p>Au travers d&#8217;un jeu collaboratif, participe \u00e0 cet atelier de sensibilisation et formation \u00e0 l&#8217;\u00e9galit\u00e9 femmes-hommes construit sur la base de 700 t\u00e9moignages de femmes et du format du 1000 bornes, les joueur-ses incarneront des femmes dans leur vie professionnelle&#8230; entre emb\u00fbches et solutions !<\/p>\n<hr \/>\n<p>Les femmes n\u2019ont pas les m\u00eames carri\u00e8res que leurs homologues masculins. Les in\u00e9galit\u00e9s demeurent en mati\u00e8re de salaires, d\u2019exercice de responsabilit\u00e9s hi\u00e9rarchiques, et dans bien d\u2019autres domaines. Mais pourquoi\u202f?<\/p>\n<p>Pour tenter de r\u00e9pondre \u00e0 cette question, nous vous invitons \u00e0 d\u00e9couvrir et tester l&#8217;atelier de sensibilisation et de formation par le jeu \u00e0 l\u2019\u00e9galit\u00e9 femmes\/hommes, avec les cr\u00e9atrices du jeu \u00ab Les Milles Pas \u00bb, le jeu de la carri\u00e8re professionnelle au f\u00e9minin.<\/p>\n<p>Construit gr\u00e2ce aux t\u00e9moignages de 700 femmes, ce jeu inspir\u00e9 du c\u00e9l\u00e8bre Mille bornes permet de prendre pleinement et rapidement conscience des in\u00e9galit\u00e9s professionnelles pour les femmes, d\u2019identifier les solutions pour combattre ces in\u00e9galit\u00e9s et faire avancer les d\u00e9bats.<\/p>\n<p>Argent, \u00e9quilibre vie pro\/perso, estime de soi, maternit\u00e9, pouvoir, sexisme\u2026 incarnez des femmes dans leur vie professionnelle, bloquez vos adversaires en distribuant des emb\u00fbches, aidez-les en trouvant des solutions, et vivez l\u2019aventure d\u2019une carri\u00e8re professionnelle au f\u00e9minin.<\/p>\n<p>Entreprises, associations, r\u00e9seaux\u2026 les ateliers \u00ab Mille Pas \u00bb s\u2019organisent chez vous pour aborder cette th\u00e9matique majeure, et aider \u00e0 identifier les actions \u00e0 mettre en \u0153uvre en interne pour combattre les in\u00e9galit\u00e9s.<\/p>\n<hr \/>\n<p>Le jeu des <strong>Mille pas <\/strong>a \u00e9t\u00e9 cr\u00e9\u00e9 par l&#8217;\u00e9quipe de <strong>BEJOUE<\/strong> (<a href=\"http:\/\/www.bejoue.fr\/\" target=\"_blank\" rel=\"noreferrer noopener\" data-saferedirecturl=\"https:\/\/www.google.com\/url?q=http:\/\/www.bejoue.fr\/&amp;source=gmail&amp;ust=1664272290595000&amp;usg=AOvVaw0jZ2n9xOus5zPwUt6LbBmq\">www.bejoue.fr<\/a>), cr\u00e9atrice de jeux depuis 2016 pour sensibiliser, cr\u00e9er du lien, engager.<br \/>\nBEJOUE cr\u00e9\u00e9 des jeux sur-mesure pour les entreprises, les associations, les organisations, sur des th\u00e9matiques RSE\/RSO.<strong><br \/>\n<\/strong><\/p>\n<div class=\"l7ghb35v kjdc1dyq kmwttqpk gh25dzvf jikcssrz\"><span class=\"fxk3tzhb b2rh1bv3 gh55jysx m8h3af8h ewco64xe kjdc1dyq ms56khn7 bq6c9xl4 eohcrkr5 akh3l2rg\"><img decoding=\"async\" src=\"https:\/\/static.xx.fbcdn.net\/images\/emoji.php\/v9\/te4\/1.5\/16\/26a1.png\" alt=\"&#x26a1;&#xfe0f;\" width=\"16\" height=\"16\" \/><\/span><span class=\"fxk3tzhb b2rh1bv3 gh55jysx m8h3af8h ewco64xe kjdc1dyq ms56khn7 bq6c9xl4 eohcrkr5 akh3l2rg\"><img decoding=\"async\" src=\"https:\/\/static.xx.fbcdn.net\/images\/emoji.php\/v9\/te4\/1.5\/16\/26a1.png\" alt=\"&#x26a1;&#xfe0f;\" width=\"16\" height=\"16\" \/><\/span><span class=\"fxk3tzhb b2rh1bv3 gh55jysx m8h3af8h ewco64xe kjdc1dyq ms56khn7 bq6c9xl4 eohcrkr5 akh3l2rg\"><img decoding=\"async\" src=\"https:\/\/static.xx.fbcdn.net\/images\/emoji.php\/v9\/te4\/1.5\/16\/26a1.png\" alt=\"&#x26a1;&#xfe0f;\" width=\"16\" height=\"16\" \/><\/span><\/div>\n<div class=\"l7ghb35v kjdc1dyq kmwttqpk gh25dzvf jikcssrz\">Infos pratiques<br \/>\n<span class=\"fxk3tzhb b2rh1bv3 gh55jysx m8h3af8h ewco64xe kjdc1dyq ms56khn7 bq6c9xl4 eohcrkr5 akh3l2rg\"><img decoding=\"async\" src=\"https:\/\/static.xx.fbcdn.net\/images\/emoji.php\/v9\/td7\/1.5\/16\/1f4c5.png\" alt=\"&#x1f4c5;\" width=\"16\" height=\"16\" \/><\/span> L\u2019\u00e9v\u00e9nement se d\u00e9roulera le mercredi 19 octobre de 18h30 \u00e0 20h30.<br \/>\n<span class=\"fxk3tzhb b2rh1bv3 gh55jysx m8h3af8h ewco64xe kjdc1dyq ms56khn7 bq6c9xl4 eohcrkr5 akh3l2rg\"><img decoding=\"async\" src=\"https:\/\/static.xx.fbcdn.net\/images\/emoji.php\/v9\/t8b\/1.5\/16\/1f516.png\" alt=\"&#x1f516;\" width=\"16\" height=\"16\" \/><\/span> R\u00e9servation gratuite obligatoire<br \/>\n<span class=\"fxk3tzhb b2rh1bv3 gh55jysx m8h3af8h ewco64xe kjdc1dyq ms56khn7 bq6c9xl4 eohcrkr5 akh3l2rg\"><img loading=\"lazy\" decoding=\"async\" src=\"https:\/\/static.xx.fbcdn.net\/images\/emoji.php\/v9\/t86\/1.5\/16\/1f4cd.png\" alt=\"&#x1f4cd;\" width=\"16\" height=\"16\" \/><\/span>\u00a0Sist\u2019He : 82 rue du Faubourg Saint-Martin 75010 Paris<\/div>\n<div><\/div>\n<div class=\"l7ghb35v kjdc1dyq kmwttqpk gh25dzvf jikcssrz\">Ouvert en mars 2021, Sist\u2019Her est le premier tiers-lieu d\u00e9di\u00e9 aux entrepreneuses et \u00e0 impact en \u00cele-de-France. Port\u00e9 par l\u2019association Empow\u2019Her, c\u2019est un lieu de vie bienveillant et joyeux, ouvert \u00e0 tou\u00b7te\u00b7s o\u00f9 il est possible de se former, s\u2019inspirer, s\u2019engager et se rencontrer.<\/div>\n<div class=\"l7ghb35v kjdc1dyq kmwttqpk gh25dzvf jikcssrz\">Ce projet est co-financ\u00e9 par le Fonds Social Europ\u00e9en.<br \/>\nA tr\u00e8s vite !<span class=\"fxk3tzhb b2rh1bv3 gh55jysx m8h3af8h ewco64xe kjdc1dyq ms56khn7 bq6c9xl4 eohcrkr5 akh3l2rg\"><img loading=\"lazy\" decoding=\"async\" src=\"https:\/\/static.xx.fbcdn.net\/images\/emoji.php\/v9\/t56\/1.5\/16\/1f64c.png\" alt=\"&#x1f64c;\" width=\"16\" height=\"16\" \/><\/span><\/div>\n","protected":false},"excerpt":{"rendered":"<p>Le mercredi 19 octobre \u00e0 partir de 18h30, viens d\u00e9couvrir &#8220;Les Mille Pas&#8221; : <em>le jeu de la carri\u00e8re professionnelle au f\u00e9minin !<\/em><\/p>\n<p>Au travers d&#8217;un jeu collaboratif, participe \u00e0 cet atelier de sensibilisation et formation \u00e0 l&#8217;\u00e9galit\u00e9 femmes-hommes construit sur la base de 700 t\u00e9moignages de femmes et du format du 1000 bornes, les joueur-ses incarneront des femmes dans leur vie professionnelle&#8230; entre emb\u00fbches et solutions !<\/p>\n<hr \/>\n<p>Les femmes n\u2019ont pas les m\u00eames carri\u00e8res que leurs homologues masculins. Les in\u00e9galit\u00e9s demeurent en mati\u00e8re de salaires, d\u2019exercice de responsabilit\u00e9s hi\u00e9rarchiques, et dans bien d\u2019autres domaines. Mais pourquoi\u202f?<\/p>\n<p>Pour tenter de r\u00e9pondre \u00e0 cette question, nous vous invitons \u00e0 d\u00e9couvrir et tester l&#8217;atelier de sensibilisation et de formation par le jeu \u00e0 l\u2019\u00e9galit\u00e9 femmes\/hommes, avec les cr\u00e9atrices du jeu \u00ab Les Milles Pas \u00bb, le jeu de la carri\u00e8re professionnelle au f\u00e9minin.<\/p>\n<p>Construit gr\u00e2ce aux t\u00e9moignages de 700 femmes, ce jeu inspir\u00e9 du c\u00e9l\u00e8bre Mille bornes permet de prendre pleinement et rapidement conscience des in\u00e9galit\u00e9s professionnelles pour les femmes, d\u2019identifier les solutions pour combattre ces in\u00e9galit\u00e9s et faire avancer les d\u00e9bats.<\/p>\n<p>Argent, \u00e9quilibre vie pro\/perso, estime de soi, maternit\u00e9, pouvoir, sexisme\u2026 incarnez des femmes dans leur vie professionnelle, bloquez vos adversaires en distribuant des emb\u00fbches, aidez-les en trouvant des solutions, et vivez l\u2019aventure d\u2019une carri\u00e8re professionnelle au f\u00e9minin.<\/p>\n<p>Entreprises, associations, r\u00e9seaux\u2026 les ateliers \u00ab Mille Pas \u00bb s\u2019organisent chez vous pour aborder cette th\u00e9matique majeure, et aider \u00e0 identifier les actions \u00e0 mettre en \u0153uvre en interne pour combattre les in\u00e9galit\u00e9s.<\/p>\n<hr \/>\n<p>Le jeu des <strong>Mille pas <\/strong>a \u00e9t\u00e9 cr\u00e9\u00e9 par l&#8217;\u00e9quipe de <strong>BEJOUE<\/strong> (<a href=\"http:\/\/www.bejoue.fr\/\" target=\"_blank\" rel=\"noreferrer noopener\" data-saferedirecturl=\"https:\/\/www.google.com\/url?q=http:\/\/www.bejoue.fr\/&amp;source=gmail&amp;ust=1664272290595000&amp;usg=AOvVaw0jZ2n9xOus5zPwUt6LbBmq\">www.bejoue.fr<\/a>), cr\u00e9atrice de jeux depuis 2016 pour sensibiliser, cr\u00e9er du lien, engager.<br \/>\nBEJOUE cr\u00e9\u00e9 des jeux sur-mesure pour les entreprises, les associations, les organisations, sur des th\u00e9matiques RSE\/RSO.<strong><br \/>\n<\/strong><\/p>\n<div class=\"l7ghb35v kjdc1dyq kmwttqpk gh25dzvf jikcssrz\"><span class=\"fxk3tzhb b2rh1bv3 gh55jysx m8h3af8h ewco64xe kjdc1dyq ms56khn7 bq6c9xl4 eohcrkr5 akh3l2rg\"><img decoding=\"async\" src=\"https:\/\/static.xx.fbcdn.net\/images\/emoji.php\/v9\/te4\/1.5\/16\/26a1.png\" alt=\"&#x26a1;&#xfe0f;\" width=\"16\" height=\"16\" \/><\/span><span class=\"fxk3tzhb b2rh1bv3 gh55jysx m8h3af8h ewco64xe kjdc1dyq ms56khn7 bq6c9xl4 eohcrkr5 akh3l2rg\"><img decoding=\"async\" src=\"https:\/\/static.xx.fbcdn.net\/images\/emoji.php\/v9\/te4\/1.5\/16\/26a1.png\" alt=\"&#x26a1;&#xfe0f;\" width=\"16\" height=\"16\" \/><\/span><span class=\"fxk3tzhb b2rh1bv3 gh55jysx m8h3af8h ewco64xe kjdc1dyq ms56khn7 bq6c9xl4 eohcrkr5 akh3l2rg\"><img decoding=\"async\" src=\"https:\/\/static.xx.fbcdn.net\/images\/emoji.php\/v9\/te4\/1.5\/16\/26a1.png\" alt=\"&#x26a1;&#xfe0f;\" width=\"16\" height=\"16\" \/><\/span><\/div>\n<div class=\"l7ghb35v kjdc1dyq kmwttqpk gh25dzvf jikcssrz\">Infos pratiques<br \/>\n<span class=\"fxk3tzhb b2rh1bv3 gh55jysx m8h3af8h ewco64xe kjdc1dyq ms56khn7 bq6c9xl4 eohcrkr5 akh3l2rg\"><img decoding=\"async\" src=\"https:\/\/static.xx.fbcdn.net\/images\/emoji.php\/v9\/td7\/1.5\/16\/1f4c5.png\" alt=\"&#x1f4c5;\" width=\"16\" height=\"16\" \/><\/span> L\u2019\u00e9v\u00e9nement se d\u00e9roulera le mercredi 19 octobre de 18h30 \u00e0 20h30.<br \/>\n<span class=\"fxk3tzhb b2rh1bv3 gh55jysx m8h3af8h ewco64xe kjdc1dyq ms56khn7 bq6c9xl4 eohcrkr5 akh3l2rg\"><img decoding=\"async\" src=\"https:\/\/static.xx.fbcdn.net\/images\/emoji.php\/v9\/t8b\/1.5\/16\/1f516.png\" alt=\"&#x1f516;\" width=\"16\" height=\"16\" \/><\/span> R\u00e9servation gratuite obligatoire<br \/>\n<span class=\"fxk3tzhb b2rh1bv3 gh55jysx m8h3af8h ewco64xe kjdc1dyq ms56khn7 bq6c9xl4 eohcrkr5 akh3l2rg\"><img loading=\"lazy\" decoding=\"async\" src=\"https:\/\/static.xx.fbcdn.net\/images\/emoji.php\/v9\/t86\/1.5\/16\/1f4cd.png\" alt=\"&#x1f4cd;\" width=\"16\" height=\"16\" \/><\/span>\u00a0Sist\u2019He : 82 rue du Faubourg Saint-Martin 75010 Paris<\/div>\n<div><\/div>\n<div class=\"l7ghb35v kjdc1dyq kmwttqpk gh25dzvf jikcssrz\">Ouvert en mars 2021, Sist\u2019Her est le premier tiers-lieu d\u00e9di\u00e9 aux entrepreneuses et \u00e0 impact en \u00cele-de-France. Port\u00e9 par l\u2019association Empow\u2019Her, c\u2019est un lieu de vie bienveillant et joyeux, ouvert \u00e0 tou\u00b7te\u00b7s o\u00f9 il est possible de se former, s\u2019inspirer, s\u2019engager et se rencontrer.<\/div>\n<div class=\"l7ghb35v kjdc1dyq kmwttqpk gh25dzvf jikcssrz\">Ce projet est co-financ\u00e9 par le Fonds Social Europ\u00e9en.<br \/>\nA tr\u00e8s vite !<span class=\"fxk3tzhb b2rh1bv3 gh55jysx m8h3af8h ewco64xe kjdc1dyq ms56khn7 bq6c9xl4 eohcrkr5 akh3l2rg\"><img loading=\"lazy\" decoding=\"async\" src=\"https:\/\/static.xx.fbcdn.net\/images\/emoji.php\/v9\/t56\/1.5\/16\/1f64c.png\" alt=\"&#x1f64c;\" width=\"16\" height=\"16\" \/><\/span><\/div>\n","protected":false},"featured_media":122591,"template":"","format":"standard","meta":{"_acf_changed":false,"om_disable_all_campaigns":false,"_uf_show_specific_survey":0,"_uf_disable_surveys":false},"product_brand":[],"product_cat":[119],"product_tag":[],"lieu":[127],"thematiques":[],"class_list":{"0":"post-122586","1":"product","2":"type-product","3":"status-publish","4":"format-standard","5":"has-post-thumbnail","7":"product_cat-evenement-sisther","8":"lieu-hub-empowher","10":"first","11":"instock","12":"virtual","13":"purchasable","14":"product-type-appointment"},"exclude_global_add_ons":[],"addons":[],"acf":[],"yoast_head":"<!-- This site is optimized with the Yoast SEO plugin v24.8 - https:\/\/yoast.com\/wordpress\/plugins\/seo\/ -->\n<title>Atelier Game Pow&#039;Her - le jeu des Mille Pas -<\/title>\n<meta name=\"description\" content=\"Le mercredi 19 octobre de 18h30 \u00e0 20h30, participe au Mille Pas : le jeu de la carri\u00e8re professionnelle au f\u00e9minin !\" \/>\n<meta name=\"robots\" content=\"index, follow, max-snippet:-1, max-image-preview:large, max-video-preview:-1\" \/>\n<link rel=\"canonical\" href=\"https:\/\/empow-her.com\/produit\/atelier-game-powher-mille-pas\/\" \/>\n<meta property=\"og:locale\" content=\"en_US\" \/>\n<meta property=\"og:type\" content=\"article\" \/>\n<meta property=\"og:title\" content=\"Atelier Game Pow&#039;Her - le jeu des Mille Pas -\" \/>\n<meta property=\"og:description\" content=\"Le mercredi 19 octobre de 18h30 \u00e0 20h30, participe au Mille Pas : le jeu de la carri\u00e8re professionnelle au f\u00e9minin !\" \/>\n<meta property=\"og:url\" content=\"https:\/\/empow-her.com\/produit\/atelier-game-powher-mille-pas\/\" \/>\n<meta property=\"og:site_name\" content=\"Empow&#039;Her\" \/>\n<meta property=\"article:modified_time\" content=\"2022-10-11T15:58:36+00:00\" \/>\n<meta property=\"og:image\" content=\"https:\/\/empow-her.com\/wp-content\/uploads\/2022\/09\/MILLE-PAS.png\" \/>\n\t<meta property=\"og:image:width\" content=\"1080\" \/>\n\t<meta property=\"og:image:height\" content=\"1080\" \/>\n\t<meta property=\"og:image:type\" content=\"image\/png\" \/>\n<meta name=\"twitter:card\" content=\"summary_large_image\" \/>\n<meta name=\"twitter:label1\" content=\"Est. reading time\" \/>\n\t<meta name=\"twitter:data1\" content=\"4 minutes\" \/>\n<script type=\"application\/ld+json\" class=\"yoast-schema-graph\">{\"@context\":\"https:\/\/schema.org\",\"@graph\":[{\"@type\":\"WebPage\",\"@id\":\"https:\/\/empow-her.com\/produit\/atelier-game-powher-mille-pas\/\",\"url\":\"https:\/\/empow-her.com\/produit\/atelier-game-powher-mille-pas\/\",\"name\":\"Atelier Game Pow'Her - le jeu des Mille Pas -\",\"isPartOf\":{\"@id\":\"https:\/\/empow-her.com\/#website\"},\"primaryImageOfPage\":{\"@id\":\"https:\/\/empow-her.com\/produit\/atelier-game-powher-mille-pas\/#primaryimage\"},\"image\":{\"@id\":\"https:\/\/empow-her.com\/produit\/atelier-game-powher-mille-pas\/#primaryimage\"},\"thumbnailUrl\":\"https:\/\/empow-her.com\/wp-content\/uploads\/2022\/09\/MILLE-PAS.png\",\"datePublished\":\"2022-09-26T09:45:45+00:00\",\"dateModified\":\"2022-10-11T15:58:36+00:00\",\"description\":\"Le mercredi 19 octobre de 18h30 \u00e0 20h30, participe au Mille Pas : le jeu de la carri\u00e8re professionnelle au f\u00e9minin !\",\"breadcrumb\":{\"@id\":\"https:\/\/empow-her.com\/produit\/atelier-game-powher-mille-pas\/#breadcrumb\"},\"inLanguage\":\"en-US\",\"potentialAction\":[{\"@type\":\"ReadAction\",\"target\":[\"https:\/\/empow-her.com\/produit\/atelier-game-powher-mille-pas\/\"]}]},{\"@type\":\"ImageObject\",\"inLanguage\":\"en-US\",\"@id\":\"https:\/\/empow-her.com\/produit\/atelier-game-powher-mille-pas\/#primaryimage\",\"url\":\"https:\/\/empow-her.com\/wp-content\/uploads\/2022\/09\/MILLE-PAS.png\",\"contentUrl\":\"https:\/\/empow-her.com\/wp-content\/uploads\/2022\/09\/MILLE-PAS.png\",\"width\":1080,\"height\":1080},{\"@type\":\"BreadcrumbList\",\"@id\":\"https:\/\/empow-her.com\/produit\/atelier-game-powher-mille-pas\/#breadcrumb\",\"itemListElement\":[{\"@type\":\"ListItem\",\"position\":1,\"name\":\"Accueil\",\"item\":\"https:\/\/empow-her.com\/en\/landing-page\/\"},{\"@type\":\"ListItem\",\"position\":2,\"name\":\"LA BOUTIQUE\",\"item\":\"https:\/\/empow-her.com\/boutique\/\"},{\"@type\":\"ListItem\",\"position\":3,\"name\":\"Atelier Game Pow&#8217;Her &#8211; le jeu des Mille Pas\"}]},{\"@type\":\"WebSite\",\"@id\":\"https:\/\/empow-her.com\/#website\",\"url\":\"https:\/\/empow-her.com\/\",\"name\":\"Empow&#039;Her\",\"description\":\"Women Development\",\"potentialAction\":[{\"@type\":\"SearchAction\",\"target\":{\"@type\":\"EntryPoint\",\"urlTemplate\":\"https:\/\/empow-her.com\/?s={search_term_string}\"},\"query-input\":{\"@type\":\"PropertyValueSpecification\",\"valueRequired\":true,\"valueName\":\"search_term_string\"}}],\"inLanguage\":\"en-US\"}]}<\/script>\n<!-- \/ Yoast SEO plugin. -->","yoast_head_json":{"title":"Atelier Game Pow'Her - le jeu des Mille Pas -","description":"Le mercredi 19 octobre de 18h30 \u00e0 20h30, participe au Mille Pas : le jeu de la carri\u00e8re professionnelle au f\u00e9minin !","robots":{"index":"index","follow":"follow","max-snippet":"max-snippet:-1","max-image-preview":"max-image-preview:large","max-video-preview":"max-video-preview:-1"},"canonical":"https:\/\/empow-her.com\/produit\/atelier-game-powher-mille-pas\/","og_locale":"en_US","og_type":"article","og_title":"Atelier Game Pow'Her - le jeu des Mille Pas -","og_description":"Le mercredi 19 octobre de 18h30 \u00e0 20h30, participe au Mille Pas : le jeu de la carri\u00e8re professionnelle au f\u00e9minin !","og_url":"https:\/\/empow-her.com\/produit\/atelier-game-powher-mille-pas\/","og_site_name":"Empow&#039;Her","article_modified_time":"2022-10-11T15:58:36+00:00","og_image":[{"width":1080,"height":1080,"url":"https:\/\/empow-her.com\/wp-content\/uploads\/2022\/09\/MILLE-PAS.png","type":"image\/png"}],"twitter_card":"summary_large_image","twitter_misc":{"Est. reading time":"4 minutes"},"schema":{"@context":"https:\/\/schema.org","@graph":[{"@type":"WebPage","@id":"https:\/\/empow-her.com\/produit\/atelier-game-powher-mille-pas\/","url":"https:\/\/empow-her.com\/produit\/atelier-game-powher-mille-pas\/","name":"Atelier Game Pow'Her - le jeu des Mille Pas -","isPartOf":{"@id":"https:\/\/empow-her.com\/#website"},"primaryImageOfPage":{"@id":"https:\/\/empow-her.com\/produit\/atelier-game-powher-mille-pas\/#primaryimage"},"image":{"@id":"https:\/\/empow-her.com\/produit\/atelier-game-powher-mille-pas\/#primaryimage"},"thumbnailUrl":"https:\/\/empow-her.com\/wp-content\/uploads\/2022\/09\/MILLE-PAS.png","datePublished":"2022-09-26T09:45:45+00:00","dateModified":"2022-10-11T15:58:36+00:00","description":"Le mercredi 19 octobre de 18h30 \u00e0 20h30, participe au Mille Pas : le jeu de la carri\u00e8re professionnelle au f\u00e9minin !","breadcrumb":{"@id":"https:\/\/empow-her.com\/produit\/atelier-game-powher-mille-pas\/#breadcrumb"},"inLanguage":"en-US","potentialAction":[{"@type":"ReadAction","target":["https:\/\/empow-her.com\/produit\/atelier-game-powher-mille-pas\/"]}]},{"@type":"ImageObject","inLanguage":"en-US","@id":"https:\/\/empow-her.com\/produit\/atelier-game-powher-mille-pas\/#primaryimage","url":"https:\/\/empow-her.com\/wp-content\/uploads\/2022\/09\/MILLE-PAS.png","contentUrl":"https:\/\/empow-her.com\/wp-content\/uploads\/2022\/09\/MILLE-PAS.png","width":1080,"height":1080},{"@type":"BreadcrumbList","@id":"https:\/\/empow-her.com\/produit\/atelier-game-powher-mille-pas\/#breadcrumb","itemListElement":[{"@type":"ListItem","position":1,"name":"Accueil","item":"https:\/\/empow-her.com\/en\/landing-page\/"},{"@type":"ListItem","position":2,"name":"LA BOUTIQUE","item":"https:\/\/empow-her.com\/boutique\/"},{"@type":"ListItem","position":3,"name":"Atelier Game Pow&#8217;Her &#8211; le jeu des Mille Pas"}]},{"@type":"WebSite","@id":"https:\/\/empow-her.com\/#website","url":"https:\/\/empow-her.com\/","name":"Empow&#039;Her","description":"Women Development","potentialAction":[{"@type":"SearchAction","target":{"@type":"EntryPoint","urlTemplate":"https:\/\/empow-her.com\/?s={search_term_string}"},"query-input":{"@type":"PropertyValueSpecification","valueRequired":true,"valueName":"search_term_string"}}],"inLanguage":"en-US"}]}},"_links":{"self":[{"href":"https:\/\/empow-her.com\/en\/wp-json\/wp\/v2\/product\/122586","targetHints":{"allow":["GET"]}}],"collection":[{"href":"https:\/\/empow-her.com\/en\/wp-json\/wp\/v2\/product"}],"about":[{"href":"https:\/\/empow-her.com\/en\/wp-json\/wp\/v2\/types\/product"}],"wp:featuredmedia":[{"embeddable":true,"href":"https:\/\/empow-her.com\/en\/wp-json\/wp\/v2\/media\/122591"}],"wp:attachment":[{"href":"https:\/\/empow-her.com\/en\/wp-json\/wp\/v2\/media?parent=122586"}],"wp:term":[{"taxonomy":"product_brand","embeddable":true,"href":"https:\/\/empow-her.com\/en\/wp-json\/wp\/v2\/product_brand?post=122586"},{"taxonomy":"product_cat","embeddable":true,"href":"https:\/\/empow-her.com\/en\/wp-json\/wp\/v2\/product_cat?post=122586"},{"taxonomy":"product_tag","embeddable":true,"href":"https:\/\/empow-her.com\/en\/wp-json\/wp\/v2\/product_tag?post=122586"},{"taxonomy":"lieu","embeddable":true,"href":"https:\/\/empow-her.com\/en\/wp-json\/wp\/v2\/lieu?post=122586"},{"taxonomy":"thematiques","embeddable":true,"href":"https:\/\/empow-her.com\/en\/wp-json\/wp\/v2\/thematiques?post=122586"}],"curies":[{"name":"wp","href":"https:\/\/api.w.org\/{rel}","templated":true}]}}