{"id":122556,"date":"2022-09-26T10:30:05","date_gmt":"2022-09-26T08:30:05","guid":{"rendered":"https:\/\/empow-her.com\/?post_type=product&#038;p=122556"},"modified":"2022-10-04T12:27:51","modified_gmt":"2022-10-04T10:27:51","slug":"petit-dejeuner-finance-a-impact","status":"publish","type":"product","link":"https:\/\/empow-her.com\/en\/produit\/petit-dejeuner-finance-a-impact\/","title":{"rendered":"Petit-d\u00e9jeuner &#8211; Finance \u00e0 impact"},"content":{"rendered":"<p>Le jeudi 13 octobre de 9h \u00e0 11h, \u00e0 l&#8217;occasion de la sortie du guide pratique des financeurs solidaires, retrouve-nous pour un petit-d\u00e9jeuner autour de la finance \u00e0 impact. Au menu : <span class=\"JsGRdQ\">conseils et bonnes pratiques pour vous lancer avec le collectif engag\u00e9 pour une finance inclusive FAIR.<\/span><\/p>\n<p>&#8212;-<\/p>\n<p>FAIR publie son guide pratique des financeurs \u00e0 impact social et des outils de financements. A cette occasion, des porteur-es de projets et des financeur-es seront pr\u00e9sent-es pour vous donner toutes les bonnes pratiques afin de vous lancer dans le financement de votre projet autour de ce petit d\u00e9jeuner du jeudi 13 octobre.<\/p>\n<p>Le guide (<a href=\"https:\/\/www.finance-fair.org\/fr\/actualites\/vous-cherchez-un-financement-solidaire-ce-guide-est-pour-vous\" target=\"_blank\" rel=\"noreferrer noopener\" data-saferedirecturl=\"https:\/\/www.google.com\/url?q=https:\/\/www.finance-fair.org\/fr\/actualites\/vous-cherchez-un-financement-solidaire-ce-guide-est-pour-vous&amp;source=gmail&amp;ust=1664268763803000&amp;usg=AOvVaw3vlKODa1CtWNtHK9EU4M-4\">https:\/\/www.finance-fair.org\/<wbr \/>fr\/actualites\/vous-cherchez-<wbr \/>un-financement-solidaire-ce-<wbr \/>guide-est-pour-vous<\/a>) s\u2019adresse aux organisations dont le projet r\u00e9pond \u00e0 un besoin social et\/ou environnemental. Le financement est une \u00e9tape cl\u00e9 dans la vie d\u2019une organisation et il est imp\u00e9ratif que votre interlocuteur comprenne votre activit\u00e9 et vos besoins afin de vous accompagner au mieux. Ce guide contient des informations pratiques sur les financeurs \u00e0 impact social du r\u00e9seau FAIR. Ces informations ont \u00e9t\u00e9 s\u00e9lectionn\u00e9es afin de faciliter une mise en relation qualifi\u00e9e \u00ab a minima \u00bb avec ces investisseurs.<\/p>\n<p><a href=\"https:\/\/www.finance-fair.org\/fr\/evenements\/financer-vos-projets-impact-conseils-et-bonnes-pratiques-pour-vous-lancer\" target=\"_blank\" rel=\"noreferrer noopener\" data-saferedirecturl=\"https:\/\/www.google.com\/url?q=https:\/\/www.finance-fair.org\/fr\/evenements\/financer-vos-projets-impact-conseils-et-bonnes-pratiques-pour-vous-lancer&amp;source=gmail&amp;ust=1664268763803000&amp;usg=AOvVaw0AtTTu99PBfWQADPCIjyjB\">https:\/\/www.finance-fair.org\/<wbr \/>fr\/evenements\/financer-vos-<wbr \/>projets-impact-conseils-et-<wbr \/>bonnes-pratiques-pour-vous-<wbr \/>lancer<\/a><\/p>\n<hr \/>\n<p><strong>FAIR<\/strong> est un collectif engag\u00e9 pour la finance inclusive. N\u00e9 en 2021 de la fusion entre Finansol, acteur historique de la finance solidaire, et l\u2019iiLab, laboratoire d\u2019innovation sur l\u2019impact et f\u00e9d\u00e9rateur des acteurs de la finance \u00e0 impact social en France et p\u00f4le d\u2019expertise fran\u00e7ais dans ce domaine \u00e0 l\u2019international, FAIR r\u00e9unit plus de 120 entreprises solidaires, banques, soci\u00e9t\u00e9s de gestion, ONG, grandes \u00e9coles et personnalit\u00e9s engag\u00e9es.<\/p>\n<p>FAIR g\u00e8re un label, le label Finansol. Ce label permet de distinguer les produits d\u2019\u00e9pargne solidaire des autres produits d\u2019\u00e9pargne aupr\u00e8s du grand public. Plus de 180 produits sont aujourd\u2019hui labellis\u00e9s Finansol.<br \/>\nAujourd\u2019hui, FAIR rassemble des \u00e9tablissements financiers engag\u00e9s dans une d\u00e9marche de solidarit\u00e9 (banques, soci\u00e9t\u00e9s de gestion et mutuelles d\u2019assurance) et des entreprises solidaires et associations avec une activit\u00e9 \u00e0 forte utilit\u00e9 sociale et\/ou environnementale.<\/p>\n<div class=\"l7ghb35v kjdc1dyq kmwttqpk gh25dzvf jikcssrz\"><span class=\"fxk3tzhb b2rh1bv3 gh55jysx m8h3af8h ewco64xe kjdc1dyq ms56khn7 bq6c9xl4 eohcrkr5 akh3l2rg\"><img decoding=\"async\" src=\"https:\/\/static.xx.fbcdn.net\/images\/emoji.php\/v9\/te4\/1.5\/16\/26a1.png\" alt=\"&#x26a1;&#xfe0f;\" width=\"16\" height=\"16\" \/><\/span><span class=\"fxk3tzhb b2rh1bv3 gh55jysx m8h3af8h ewco64xe kjdc1dyq ms56khn7 bq6c9xl4 eohcrkr5 akh3l2rg\"><img decoding=\"async\" src=\"https:\/\/static.xx.fbcdn.net\/images\/emoji.php\/v9\/te4\/1.5\/16\/26a1.png\" alt=\"&#x26a1;&#xfe0f;\" width=\"16\" height=\"16\" \/><\/span><span class=\"fxk3tzhb b2rh1bv3 gh55jysx m8h3af8h ewco64xe kjdc1dyq ms56khn7 bq6c9xl4 eohcrkr5 akh3l2rg\"><img decoding=\"async\" src=\"https:\/\/static.xx.fbcdn.net\/images\/emoji.php\/v9\/te4\/1.5\/16\/26a1.png\" alt=\"&#x26a1;&#xfe0f;\" width=\"16\" height=\"16\" \/><\/span><\/div>\n<div class=\"l7ghb35v kjdc1dyq kmwttqpk gh25dzvf jikcssrz\">Infos pratiques<br \/>\n<span class=\"fxk3tzhb b2rh1bv3 gh55jysx m8h3af8h ewco64xe kjdc1dyq ms56khn7 bq6c9xl4 eohcrkr5 akh3l2rg\"><img decoding=\"async\" src=\"https:\/\/static.xx.fbcdn.net\/images\/emoji.php\/v9\/td7\/1.5\/16\/1f4c5.png\" alt=\"&#x1f4c5;\" width=\"16\" height=\"16\" \/><\/span> L\u2019\u00e9v\u00e9nement se d\u00e9roulera le jeudi 13 octobre de 9h \u00e0 11h.<br \/>\n<span class=\"fxk3tzhb b2rh1bv3 gh55jysx m8h3af8h ewco64xe kjdc1dyq ms56khn7 bq6c9xl4 eohcrkr5 akh3l2rg\"><img decoding=\"async\" src=\"https:\/\/static.xx.fbcdn.net\/images\/emoji.php\/v9\/t8b\/1.5\/16\/1f516.png\" alt=\"&#x1f516;\" width=\"16\" height=\"16\" \/><\/span> R\u00e9servation gratuite obligatoire<br \/>\n<span class=\"fxk3tzhb b2rh1bv3 gh55jysx m8h3af8h ewco64xe kjdc1dyq ms56khn7 bq6c9xl4 eohcrkr5 akh3l2rg\"><img loading=\"lazy\" decoding=\"async\" src=\"https:\/\/static.xx.fbcdn.net\/images\/emoji.php\/v9\/t86\/1.5\/16\/1f4cd.png\" alt=\"&#x1f4cd;\" width=\"16\" height=\"16\" \/><\/span>\u00a0Sist\u2019He : 82 rue du Faubourg Saint-Martin 75010 Paris<\/div>\n<div><\/div>\n<div class=\"l7ghb35v kjdc1dyq kmwttqpk gh25dzvf jikcssrz\">Ouvert en mars 2021, Sist\u2019Her est le premier tiers-lieu d\u00e9di\u00e9 aux entrepreneuses et \u00e0 impact en \u00cele-de-France. Port\u00e9 par l\u2019association Empow\u2019Her, c\u2019est un lieu de vie bienveillant et joyeux, ouvert \u00e0 tou\u00b7te\u00b7s o\u00f9 il est possible de se former, s\u2019inspirer, s\u2019engager et se rencontrer.<\/div>\n<div class=\"l7ghb35v kjdc1dyq kmwttqpk gh25dzvf jikcssrz\">Ce projet est co-financ\u00e9 par le Fonds Social Europ\u00e9en.<\/div>\n<div class=\"l7ghb35v kjdc1dyq kmwttqpk gh25dzvf jikcssrz\">A tr\u00e8s vite !<span class=\"fxk3tzhb b2rh1bv3 gh55jysx m8h3af8h ewco64xe kjdc1dyq ms56khn7 bq6c9xl4 eohcrkr5 akh3l2rg\"><img loading=\"lazy\" decoding=\"async\" src=\"https:\/\/static.xx.fbcdn.net\/images\/emoji.php\/v9\/t56\/1.5\/16\/1f64c.png\" alt=\"&#x1f64c;\" width=\"16\" height=\"16\" \/>r<\/span><\/div>\n","protected":false},"excerpt":{"rendered":"<p>Le jeudi 13 octobre de 9h \u00e0 11h, \u00e0 l&#8217;occasion de la sortie du guide pratique des financeurs solidaires, retrouve-nous pour un petit-d\u00e9jeuner autour de la finance \u00e0 impact. Au menu : <span class=\"JsGRdQ\">conseils et bonnes pratiques pour vous lancer avec le collectif engag\u00e9 pour une finance inclusive FAIR.<\/span><\/p>\n<p>&#8212;-<\/p>\n<p>FAIR publie son guide pratique des financeurs \u00e0 impact social et des outils de financements. A cette occasion, des porteur-es de projets et des financeur-es seront pr\u00e9sent-es pour vous donner toutes les bonnes pratiques afin de vous lancer dans le financement de votre projet autour de ce petit d\u00e9jeuner du jeudi 13 octobre.<\/p>\n<p>Le guide (<a href=\"https:\/\/www.finance-fair.org\/fr\/actualites\/vous-cherchez-un-financement-solidaire-ce-guide-est-pour-vous\" target=\"_blank\" rel=\"noreferrer noopener\" data-saferedirecturl=\"https:\/\/www.google.com\/url?q=https:\/\/www.finance-fair.org\/fr\/actualites\/vous-cherchez-un-financement-solidaire-ce-guide-est-pour-vous&amp;source=gmail&amp;ust=1664268763803000&amp;usg=AOvVaw3vlKODa1CtWNtHK9EU4M-4\">https:\/\/www.finance-fair.org\/<wbr \/>fr\/actualites\/vous-cherchez-<wbr \/>un-financement-solidaire-ce-<wbr \/>guide-est-pour-vous<\/a>) s\u2019adresse aux organisations dont le projet r\u00e9pond \u00e0 un besoin social et\/ou environnemental. Le financement est une \u00e9tape cl\u00e9 dans la vie d\u2019une organisation et il est imp\u00e9ratif que votre interlocuteur comprenne votre activit\u00e9 et vos besoins afin de vous accompagner au mieux. Ce guide contient des informations pratiques sur les financeurs \u00e0 impact social du r\u00e9seau FAIR. Ces informations ont \u00e9t\u00e9 s\u00e9lectionn\u00e9es afin de faciliter une mise en relation qualifi\u00e9e \u00ab a minima \u00bb avec ces investisseurs.<\/p>\n<p><a href=\"https:\/\/www.finance-fair.org\/fr\/evenements\/financer-vos-projets-impact-conseils-et-bonnes-pratiques-pour-vous-lancer\" target=\"_blank\" rel=\"noreferrer noopener\" data-saferedirecturl=\"https:\/\/www.google.com\/url?q=https:\/\/www.finance-fair.org\/fr\/evenements\/financer-vos-projets-impact-conseils-et-bonnes-pratiques-pour-vous-lancer&amp;source=gmail&amp;ust=1664268763803000&amp;usg=AOvVaw0AtTTu99PBfWQADPCIjyjB\">https:\/\/www.finance-fair.org\/<wbr \/>fr\/evenements\/financer-vos-<wbr \/>projets-impact-conseils-et-<wbr \/>bonnes-pratiques-pour-vous-<wbr \/>lancer<\/a><\/p>\n<hr \/>\n<p><strong>FAIR<\/strong> est un collectif engag\u00e9 pour la finance inclusive. N\u00e9 en 2021 de la fusion entre Finansol, acteur historique de la finance solidaire, et l\u2019iiLab, laboratoire d\u2019innovation sur l\u2019impact et f\u00e9d\u00e9rateur des acteurs de la finance \u00e0 impact social en France et p\u00f4le d\u2019expertise fran\u00e7ais dans ce domaine \u00e0 l\u2019international, FAIR r\u00e9unit plus de 120 entreprises solidaires, banques, soci\u00e9t\u00e9s de gestion, ONG, grandes \u00e9coles et personnalit\u00e9s engag\u00e9es.<\/p>\n<p>FAIR g\u00e8re un label, le label Finansol, qui distingue les produits d\u2019\u00e9pargne solidaire des autres produits d\u2019\u00e9pargne aupr\u00e8s du grand public. Plus de 180 produits sont aujourd\u2019hui labellis\u00e9s Finansol.<br \/>\nAujourd\u2019hui, FAIR rassemble des \u00e9tablissements financiers engag\u00e9s dans une d\u00e9marche de solidarit\u00e9 (banques, soci\u00e9t\u00e9s de gestion et mutuelles d\u2019assurance) et des entreprises solidaires et associations qui exercent une activit\u00e9 \u00e0 forte utilit\u00e9 sociale et\/ou environnementale.<\/p>\n<div class=\"l7ghb35v kjdc1dyq kmwttqpk gh25dzvf jikcssrz\"><span class=\"fxk3tzhb b2rh1bv3 gh55jysx m8h3af8h ewco64xe kjdc1dyq ms56khn7 bq6c9xl4 eohcrkr5 akh3l2rg\"><img decoding=\"async\" src=\"https:\/\/static.xx.fbcdn.net\/images\/emoji.php\/v9\/te4\/1.5\/16\/26a1.png\" alt=\"&#x26a1;&#xfe0f;\" width=\"16\" height=\"16\" \/><\/span><span class=\"fxk3tzhb b2rh1bv3 gh55jysx m8h3af8h ewco64xe kjdc1dyq ms56khn7 bq6c9xl4 eohcrkr5 akh3l2rg\"><img decoding=\"async\" src=\"https:\/\/static.xx.fbcdn.net\/images\/emoji.php\/v9\/te4\/1.5\/16\/26a1.png\" alt=\"&#x26a1;&#xfe0f;\" width=\"16\" height=\"16\" \/><\/span><span class=\"fxk3tzhb b2rh1bv3 gh55jysx m8h3af8h ewco64xe kjdc1dyq ms56khn7 bq6c9xl4 eohcrkr5 akh3l2rg\"><img decoding=\"async\" src=\"https:\/\/static.xx.fbcdn.net\/images\/emoji.php\/v9\/te4\/1.5\/16\/26a1.png\" alt=\"&#x26a1;&#xfe0f;\" width=\"16\" height=\"16\" \/><\/span><\/div>\n<div class=\"l7ghb35v kjdc1dyq kmwttqpk gh25dzvf jikcssrz\">Infos pratiques<br \/>\n<span class=\"fxk3tzhb b2rh1bv3 gh55jysx m8h3af8h ewco64xe kjdc1dyq ms56khn7 bq6c9xl4 eohcrkr5 akh3l2rg\"><img decoding=\"async\" src=\"https:\/\/static.xx.fbcdn.net\/images\/emoji.php\/v9\/td7\/1.5\/16\/1f4c5.png\" alt=\"&#x1f4c5;\" width=\"16\" height=\"16\" \/><\/span> L\u2019\u00e9v\u00e9nement se d\u00e9roulera le jeudi 13 octobre de 9h \u00e0 11h.<br \/>\n<span class=\"fxk3tzhb b2rh1bv3 gh55jysx m8h3af8h ewco64xe kjdc1dyq ms56khn7 bq6c9xl4 eohcrkr5 akh3l2rg\"><img decoding=\"async\" src=\"https:\/\/static.xx.fbcdn.net\/images\/emoji.php\/v9\/t8b\/1.5\/16\/1f516.png\" alt=\"&#x1f516;\" width=\"16\" height=\"16\" \/><\/span> R\u00e9servation gratuite obligatoire<br \/>\n<span class=\"fxk3tzhb b2rh1bv3 gh55jysx m8h3af8h ewco64xe kjdc1dyq ms56khn7 bq6c9xl4 eohcrkr5 akh3l2rg\"><img loading=\"lazy\" decoding=\"async\" src=\"https:\/\/static.xx.fbcdn.net\/images\/emoji.php\/v9\/t86\/1.5\/16\/1f4cd.png\" alt=\"&#x1f4cd;\" width=\"16\" height=\"16\" \/><\/span>\u00a0Sist\u2019He : 82 rue du Faubourg Saint-Martin 75010 Paris<\/div>\n<div><\/div>\n<div class=\"l7ghb35v kjdc1dyq kmwttqpk gh25dzvf jikcssrz\">Ouvert en mars 2021, Sist\u2019Her est le premier tiers-lieu d\u00e9di\u00e9 aux entrepreneuses et \u00e0 impact en \u00cele-de-France. Port\u00e9 par l\u2019association Empow\u2019Her, c\u2019est un lieu de vie bienveillant et joyeux, ouvert \u00e0 tou\u00b7te\u00b7s o\u00f9 il est possible de se former, s\u2019inspirer, s\u2019engager et se rencontrer.<\/div>\n<div class=\"l7ghb35v kjdc1dyq kmwttqpk gh25dzvf jikcssrz\">Ce projet est co-financ\u00e9 par le Fonds Social Europ\u00e9en.<\/div>\n<div class=\"l7ghb35v kjdc1dyq kmwttqpk gh25dzvf jikcssrz\">A tr\u00e8s vite !<span class=\"fxk3tzhb b2rh1bv3 gh55jysx m8h3af8h ewco64xe kjdc1dyq ms56khn7 bq6c9xl4 eohcrkr5 akh3l2rg\"><img loading=\"lazy\" decoding=\"async\" src=\"https:\/\/static.xx.fbcdn.net\/images\/emoji.php\/v9\/t56\/1.5\/16\/1f64c.png\" alt=\"&#x1f64c;\" width=\"16\" height=\"16\" \/><\/span><\/div>\n","protected":false},"featured_media":122557,"template":"","format":"standard","meta":{"_acf_changed":false,"om_disable_all_campaigns":false,"_uf_show_specific_survey":0,"_uf_disable_surveys":false},"product_brand":[],"product_cat":[119],"product_tag":[],"lieu":[127],"thematiques":[],"class_list":{"0":"post-122556","1":"product","2":"type-product","3":"status-publish","4":"format-standard","5":"has-post-thumbnail","7":"product_cat-evenement-sisther","8":"lieu-hub-empowher","10":"first","11":"instock","12":"virtual","13":"purchasable","14":"product-type-appointment"},"exclude_global_add_ons":[],"addons":[],"acf":[],"yoast_head":"<!-- This site is optimized with the Yoast SEO plugin v24.8 - https:\/\/yoast.com\/wordpress\/plugins\/seo\/ -->\n<title>Petit-d\u00e9jeuner - Finance \u00e0 impact -<\/title>\n<meta name=\"description\" content=\"Le jeudi 13 octobre de 9h \u00e0 11h, d\u00e9couvre comment financer des projets \u00e0 impact avec le collectif engag\u00e9 pour une finance inclusive FAIR !\" \/>\n<meta name=\"robots\" content=\"index, follow, max-snippet:-1, max-image-preview:large, max-video-preview:-1\" \/>\n<link rel=\"canonical\" href=\"https:\/\/empow-her.com\/produit\/petit-dejeuner-finance-a-impact\/\" \/>\n<meta property=\"og:locale\" content=\"en_US\" \/>\n<meta property=\"og:type\" content=\"article\" \/>\n<meta property=\"og:title\" content=\"Petit-d\u00e9jeuner - Finance \u00e0 impact -\" \/>\n<meta property=\"og:description\" content=\"Le jeudi 13 octobre de 9h \u00e0 11h, d\u00e9couvre comment financer des projets \u00e0 impact avec le collectif engag\u00e9 pour une finance inclusive FAIR !\" \/>\n<meta property=\"og:url\" content=\"https:\/\/empow-her.com\/produit\/petit-dejeuner-finance-a-impact\/\" \/>\n<meta property=\"og:site_name\" content=\"Empow&#039;Her\" \/>\n<meta property=\"article:modified_time\" content=\"2022-10-04T10:27:51+00:00\" \/>\n<meta property=\"og:image\" content=\"https:\/\/empow-her.com\/wp-content\/uploads\/2022\/09\/fair.png\" \/>\n\t<meta property=\"og:image:width\" content=\"1080\" \/>\n\t<meta property=\"og:image:height\" content=\"1080\" \/>\n\t<meta property=\"og:image:type\" content=\"image\/png\" \/>\n<meta name=\"twitter:card\" content=\"summary_large_image\" \/>\n<meta name=\"twitter:label1\" content=\"Est. reading time\" \/>\n\t<meta name=\"twitter:data1\" content=\"4 minutes\" \/>\n<script type=\"application\/ld+json\" class=\"yoast-schema-graph\">{\"@context\":\"https:\/\/schema.org\",\"@graph\":[{\"@type\":\"WebPage\",\"@id\":\"https:\/\/empow-her.com\/produit\/petit-dejeuner-finance-a-impact\/\",\"url\":\"https:\/\/empow-her.com\/produit\/petit-dejeuner-finance-a-impact\/\",\"name\":\"Petit-d\u00e9jeuner - Finance \u00e0 impact -\",\"isPartOf\":{\"@id\":\"https:\/\/empow-her.com\/#website\"},\"primaryImageOfPage\":{\"@id\":\"https:\/\/empow-her.com\/produit\/petit-dejeuner-finance-a-impact\/#primaryimage\"},\"image\":{\"@id\":\"https:\/\/empow-her.com\/produit\/petit-dejeuner-finance-a-impact\/#primaryimage\"},\"thumbnailUrl\":\"https:\/\/empow-her.com\/wp-content\/uploads\/2022\/09\/fair.png\",\"datePublished\":\"2022-09-26T08:30:05+00:00\",\"dateModified\":\"2022-10-04T10:27:51+00:00\",\"description\":\"Le jeudi 13 octobre de 9h \u00e0 11h, d\u00e9couvre comment financer des projets \u00e0 impact avec le collectif engag\u00e9 pour une finance inclusive FAIR !\",\"breadcrumb\":{\"@id\":\"https:\/\/empow-her.com\/produit\/petit-dejeuner-finance-a-impact\/#breadcrumb\"},\"inLanguage\":\"en-US\",\"potentialAction\":[{\"@type\":\"ReadAction\",\"target\":[\"https:\/\/empow-her.com\/produit\/petit-dejeuner-finance-a-impact\/\"]}]},{\"@type\":\"ImageObject\",\"inLanguage\":\"en-US\",\"@id\":\"https:\/\/empow-her.com\/produit\/petit-dejeuner-finance-a-impact\/#primaryimage\",\"url\":\"https:\/\/empow-her.com\/wp-content\/uploads\/2022\/09\/fair.png\",\"contentUrl\":\"https:\/\/empow-her.com\/wp-content\/uploads\/2022\/09\/fair.png\",\"width\":1080,\"height\":1080},{\"@type\":\"BreadcrumbList\",\"@id\":\"https:\/\/empow-her.com\/produit\/petit-dejeuner-finance-a-impact\/#breadcrumb\",\"itemListElement\":[{\"@type\":\"ListItem\",\"position\":1,\"name\":\"Accueil\",\"item\":\"https:\/\/empow-her.com\/en\/landing-page\/\"},{\"@type\":\"ListItem\",\"position\":2,\"name\":\"LA BOUTIQUE\",\"item\":\"https:\/\/empow-her.com\/boutique\/\"},{\"@type\":\"ListItem\",\"position\":3,\"name\":\"Petit-d\u00e9jeuner &#8211; Finance \u00e0 impact\"}]},{\"@type\":\"WebSite\",\"@id\":\"https:\/\/empow-her.com\/#website\",\"url\":\"https:\/\/empow-her.com\/\",\"name\":\"Empow&#039;Her\",\"description\":\"Women Development\",\"potentialAction\":[{\"@type\":\"SearchAction\",\"target\":{\"@type\":\"EntryPoint\",\"urlTemplate\":\"https:\/\/empow-her.com\/?s={search_term_string}\"},\"query-input\":{\"@type\":\"PropertyValueSpecification\",\"valueRequired\":true,\"valueName\":\"search_term_string\"}}],\"inLanguage\":\"en-US\"}]}<\/script>\n<!-- \/ Yoast SEO plugin. -->","yoast_head_json":{"title":"Petit-d\u00e9jeuner - Finance \u00e0 impact -","description":"Le jeudi 13 octobre de 9h \u00e0 11h, d\u00e9couvre comment financer des projets \u00e0 impact avec le collectif engag\u00e9 pour une finance inclusive FAIR !","robots":{"index":"index","follow":"follow","max-snippet":"max-snippet:-1","max-image-preview":"max-image-preview:large","max-video-preview":"max-video-preview:-1"},"canonical":"https:\/\/empow-her.com\/produit\/petit-dejeuner-finance-a-impact\/","og_locale":"en_US","og_type":"article","og_title":"Petit-d\u00e9jeuner - Finance \u00e0 impact -","og_description":"Le jeudi 13 octobre de 9h \u00e0 11h, d\u00e9couvre comment financer des projets \u00e0 impact avec le collectif engag\u00e9 pour une finance inclusive FAIR !","og_url":"https:\/\/empow-her.com\/produit\/petit-dejeuner-finance-a-impact\/","og_site_name":"Empow&#039;Her","article_modified_time":"2022-10-04T10:27:51+00:00","og_image":[{"width":1080,"height":1080,"url":"https:\/\/empow-her.com\/wp-content\/uploads\/2022\/09\/fair.png","type":"image\/png"}],"twitter_card":"summary_large_image","twitter_misc":{"Est. reading time":"4 minutes"},"schema":{"@context":"https:\/\/schema.org","@graph":[{"@type":"WebPage","@id":"https:\/\/empow-her.com\/produit\/petit-dejeuner-finance-a-impact\/","url":"https:\/\/empow-her.com\/produit\/petit-dejeuner-finance-a-impact\/","name":"Petit-d\u00e9jeuner - Finance \u00e0 impact -","isPartOf":{"@id":"https:\/\/empow-her.com\/#website"},"primaryImageOfPage":{"@id":"https:\/\/empow-her.com\/produit\/petit-dejeuner-finance-a-impact\/#primaryimage"},"image":{"@id":"https:\/\/empow-her.com\/produit\/petit-dejeuner-finance-a-impact\/#primaryimage"},"thumbnailUrl":"https:\/\/empow-her.com\/wp-content\/uploads\/2022\/09\/fair.png","datePublished":"2022-09-26T08:30:05+00:00","dateModified":"2022-10-04T10:27:51+00:00","description":"Le jeudi 13 octobre de 9h \u00e0 11h, d\u00e9couvre comment financer des projets \u00e0 impact avec le collectif engag\u00e9 pour une finance inclusive FAIR !","breadcrumb":{"@id":"https:\/\/empow-her.com\/produit\/petit-dejeuner-finance-a-impact\/#breadcrumb"},"inLanguage":"en-US","potentialAction":[{"@type":"ReadAction","target":["https:\/\/empow-her.com\/produit\/petit-dejeuner-finance-a-impact\/"]}]},{"@type":"ImageObject","inLanguage":"en-US","@id":"https:\/\/empow-her.com\/produit\/petit-dejeuner-finance-a-impact\/#primaryimage","url":"https:\/\/empow-her.com\/wp-content\/uploads\/2022\/09\/fair.png","contentUrl":"https:\/\/empow-her.com\/wp-content\/uploads\/2022\/09\/fair.png","width":1080,"height":1080},{"@type":"BreadcrumbList","@id":"https:\/\/empow-her.com\/produit\/petit-dejeuner-finance-a-impact\/#breadcrumb","itemListElement":[{"@type":"ListItem","position":1,"name":"Accueil","item":"https:\/\/empow-her.com\/en\/landing-page\/"},{"@type":"ListItem","position":2,"name":"LA BOUTIQUE","item":"https:\/\/empow-her.com\/boutique\/"},{"@type":"ListItem","position":3,"name":"Petit-d\u00e9jeuner &#8211; Finance \u00e0 impact"}]},{"@type":"WebSite","@id":"https:\/\/empow-her.com\/#website","url":"https:\/\/empow-her.com\/","name":"Empow&#039;Her","description":"Women Development","potentialAction":[{"@type":"SearchAction","target":{"@type":"EntryPoint","urlTemplate":"https:\/\/empow-her.com\/?s={search_term_string}"},"query-input":{"@type":"PropertyValueSpecification","valueRequired":true,"valueName":"search_term_string"}}],"inLanguage":"en-US"}]}},"_links":{"self":[{"href":"https:\/\/empow-her.com\/en\/wp-json\/wp\/v2\/product\/122556","targetHints":{"allow":["GET"]}}],"collection":[{"href":"https:\/\/empow-her.com\/en\/wp-json\/wp\/v2\/product"}],"about":[{"href":"https:\/\/empow-her.com\/en\/wp-json\/wp\/v2\/types\/product"}],"wp:featuredmedia":[{"embeddable":true,"href":"https:\/\/empow-her.com\/en\/wp-json\/wp\/v2\/media\/122557"}],"wp:attachment":[{"href":"https:\/\/empow-her.com\/en\/wp-json\/wp\/v2\/media?parent=122556"}],"wp:term":[{"taxonomy":"product_brand","embeddable":true,"href":"https:\/\/empow-her.com\/en\/wp-json\/wp\/v2\/product_brand?post=122556"},{"taxonomy":"product_cat","embeddable":true,"href":"https:\/\/empow-her.com\/en\/wp-json\/wp\/v2\/product_cat?post=122556"},{"taxonomy":"product_tag","embeddable":true,"href":"https:\/\/empow-her.com\/en\/wp-json\/wp\/v2\/product_tag?post=122556"},{"taxonomy":"lieu","embeddable":true,"href":"https:\/\/empow-her.com\/en\/wp-json\/wp\/v2\/lieu?post=122556"},{"taxonomy":"thematiques","embeddable":true,"href":"https:\/\/empow-her.com\/en\/wp-json\/wp\/v2\/thematiques?post=122556"}],"curies":[{"name":"wp","href":"https:\/\/api.w.org\/{rel}","templated":true}]}}