{"id":122251,"date":"2022-09-12T17:09:22","date_gmt":"2022-09-12T15:09:22","guid":{"rendered":"https:\/\/empow-her.com\/?post_type=product&#038;p=122251"},"modified":"2022-09-12T17:12:49","modified_gmt":"2022-09-12T15:12:49","slug":"coaching-definir-un-plan-commercial","status":"publish","type":"product","link":"https:\/\/empow-her.com\/en\/produit\/coaching-definir-un-plan-commercial\/","title":{"rendered":"Coaching &#8211; D\u00e9finir un plan commercial"},"content":{"rendered":"","protected":false},"excerpt":{"rendered":"<p><strong>Pr\u00e9-requis :<\/strong> Vous souhaitez vous inscrire \u00e0 ce coaching ? Une fois que vous avez re\u00e7u l\u2019invitation Google Calendrier pour le coaching que vous avez r\u00e9serv\u00e9 : envoyez un mail \u00e0 l\u2019expert.e qui est dans l\u2019invitation avec vous en joignant tous les documents qui lui seraient utiles pour pr\u00e9parer au mieux cette heure.<\/p>\n<p><strong>Intervenant.e : <span data-sheets-value=\"{&quot;1&quot;:2,&quot;2&quot;:&quot;ISABELLE VISSUZAINE&quot;}\" data-sheets-userformat=\"{&quot;2&quot;:37571,&quot;3&quot;:{&quot;1&quot;:0},&quot;4&quot;:{&quot;1&quot;:2,&quot;2&quot;:15724527},&quot;9&quot;:1,&quot;10&quot;:1,&quot;12&quot;:0,&quot;15&quot;:&quot;Hind&quot;,&quot;18&quot;:1}\">Isabelle VISSUZAINE\u00a0<\/span><\/strong><span data-sheets-value=\"{&quot;1&quot;:2,&quot;2&quot;:&quot;ISABELLE VISSUZAINE&quot;}\" data-sheets-userformat=\"{&quot;2&quot;:37571,&quot;3&quot;:{&quot;1&quot;:0},&quot;4&quot;:{&quot;1&quot;:2,&quot;2&quot;:15724527},&quot;9&quot;:1,&quot;10&quot;:1,&quot;12&quot;:0,&quot;15&quot;:&quot;Hind&quot;,&quot;18&quot;:1}\">de Finetic<\/span><br \/>\nJ&#8217;ai une double casquette digitale et commerciale gr\u00e2ce \u00e0 un pass\u00e9 d&#8217;entrepreneure dans les logiciels de gestion et de direction commerciale dans diff\u00e9rentes structures. Aujourd&#8217;hui, je fais du conseil en innovation et transformation digitale aupr\u00e8s des entreprises, j&#8217;interviens en formation et coaching, notamment dans plusieurs incubateurs sur la strat\u00e9gie et le d\u00e9veloppement commercial. J&#8217;ai aussi co-fond\u00e9 une startup d\u00e9di\u00e9e aux mamans solos, Mama Bears.<br \/>\nJe suis ing\u00e9nieur de formation et dipl\u00f4m\u00e9e d&#8217;un E-master en innovation et entrepreneuriat.<\/p>\n<p><strong>Son super pouvoir :<\/strong> Strat\u00e9gie et d\u00e9veloppement commercial : je vous donne des m\u00e9thodes et outils pour aller \u00e0 la conqu\u00eate de vos futurs clients<\/p>\n<p><strong>Son petit mot :<\/strong> Osez, apprenez, agissez !<\/p>\n<p>&nbsp;<\/p>\n<p>Session de coaching<strong> en ligne dur\u00e9e 1h\u00a0<\/strong><\/p>\n<p><b>Attention ! <\/b>\u00a0Veuillez vous pr\u00e9senter \u00e0 l&#8217;heure pour que l&#8217;activit\u00e9 puisse commencer \u00e0 temps. Si vous avez du retard veuillez pr\u00e9venir l&#8217;intervenant.e. Si vous avez plus de 15 min de retard l&#8217;intervenant.e se r\u00e9serve le droit de ne pas vous accepter pour le coaching ou l&#8217;atelier.<\/p>\n<p>&nbsp;<\/p>\n<p>Ce projet est co-financ\u00e9 par le Fonds Social Europ\u00e9en.<\/p>\n<p><img decoding=\"async\" class=\"alignnone size-medium wp-image-15794\" src=\"https:\/\/empow-her.com\/wp-content\/uploads\/2021\/07\/fse-logos-1-300x54.png\" alt=\"\" width=\"300\" height=\"54\" srcset=\"https:\/\/empow-her.com\/wp-content\/uploads\/2021\/07\/fse-logos-1-300x54.png 300w, https:\/\/empow-her.com\/wp-content\/uploads\/2021\/07\/fse-logos-1-600x108.png 600w, https:\/\/empow-her.com\/wp-content\/uploads\/2021\/07\/fse-logos-1-1024x184.png 1024w, https:\/\/empow-her.com\/wp-content\/uploads\/2021\/07\/fse-logos-1-768x138.png 768w, https:\/\/empow-her.com\/wp-content\/uploads\/2021\/07\/fse-logos-1-1536x275.png 1536w, https:\/\/empow-her.com\/wp-content\/uploads\/2021\/07\/fse-logos-1-2048x367.png 2048w, https:\/\/empow-her.com\/wp-content\/uploads\/2021\/07\/fse-logos-1-24x4.png 24w, https:\/\/empow-her.com\/wp-content\/uploads\/2021\/07\/fse-logos-1-36x6.png 36w, https:\/\/empow-her.com\/wp-content\/uploads\/2021\/07\/fse-logos-1-48x9.png 48w\" sizes=\"(max-width: 300px) 100vw, 300px\" \/><\/p>\n","protected":false},"featured_media":122252,"template":"","format":"standard","meta":{"_acf_changed":false,"om_disable_all_campaigns":false,"_uf_show_specific_survey":0,"_uf_disable_surveys":false},"product_brand":[],"product_cat":[121],"product_tag":[],"lieu":[125],"thematiques":[],"class_list":{"0":"post-122251","1":"product","2":"type-product","3":"status-publish","4":"format-standard","5":"has-post-thumbnail","7":"product_cat-coaching","8":"lieu-en-ligne","10":"first","11":"instock","12":"virtual","13":"purchasable","14":"product-type-appointment"},"exclude_global_add_ons":[],"addons":[],"acf":[],"yoast_head":"<!-- This site is optimized with the Yoast SEO plugin v24.8 - https:\/\/yoast.com\/wordpress\/plugins\/seo\/ -->\n<title>Coaching - D\u00e9finir un plan commercial - Empow&#039;Her<\/title>\n<meta name=\"robots\" content=\"index, follow, max-snippet:-1, max-image-preview:large, max-video-preview:-1\" \/>\n<link rel=\"canonical\" href=\"https:\/\/empow-her.com\/en\/produit\/coaching-definir-un-plan-commercial\/\" \/>\n<meta property=\"og:locale\" content=\"en_US\" \/>\n<meta property=\"og:type\" content=\"article\" \/>\n<meta property=\"og:title\" content=\"Coaching - D\u00e9finir un plan commercial - Empow&#039;Her\" \/>\n<meta property=\"og:description\" content=\"Pr\u00e9-requis : Vous souhaitez vous inscrire \u00e0 ce coaching ? Une fois que vous avez re\u00e7u l\u2019invitation Google Calendrier pour le coaching que vous avez r\u00e9serv\u00e9 : envoyez un mail \u00e0 l\u2019expert.e qui est dans l\u2019invitation avec vous en joignant tous les documents qui lui seraient utiles pour pr\u00e9parer au mieux cette heure.  Intervenant.e : Isabelle VISSUZAINE\u00a0de Finetic J&#039;ai une double casquette digitale et commerciale gr\u00e2ce \u00e0 un pass\u00e9 d&#039;entrepreneure dans les logiciels de gestion et de direction commerciale dans diff\u00e9rentes structures. Aujourd&#039;hui, je fais du conseil en innovation et transformation digitale aupr\u00e8s des entreprises, j&#039;interviens en formation et coaching, notamment dans plusieurs incubateurs sur la strat\u00e9gie et le d\u00e9veloppement commercial. J&#039;ai aussi co-fond\u00e9 une startup d\u00e9di\u00e9e aux mamans solos, Mama Bears. Je suis ing\u00e9nieur de formation et dipl\u00f4m\u00e9e d&#039;un E-master en innovation et entrepreneuriat.  Son super pouvoir : Strat\u00e9gie et d\u00e9veloppement commercial : je vous donne des m\u00e9thodes et outils pour aller \u00e0 la conqu\u00eate de vos futurs clients  Son petit mot : Osez, apprenez, agissez !  &nbsp;  Session de coaching en ligne dur\u00e9e 1h\u00a0  Attention ! \u00a0Veuillez vous pr\u00e9senter \u00e0 l&#039;heure pour que l&#039;activit\u00e9 puisse commencer \u00e0 temps. Si vous avez du retard veuillez pr\u00e9venir l&#039;intervenant.e. Si vous avez plus de 15 min de retard l&#039;intervenant.e se r\u00e9serve le droit de ne pas vous accepter pour le coaching ou l&#039;atelier.  &nbsp;  Ce projet est co-financ\u00e9 par le Fonds Social Europ\u00e9en.\" \/>\n<meta property=\"og:url\" content=\"https:\/\/empow-her.com\/en\/produit\/coaching-definir-un-plan-commercial\/\" \/>\n<meta property=\"og:site_name\" content=\"Empow&#039;Her\" \/>\n<meta property=\"article:modified_time\" content=\"2022-09-12T15:12:49+00:00\" \/>\n<meta property=\"og:image\" content=\"https:\/\/empow-her.com\/wp-content\/uploads\/2022\/09\/Women-Dare-templates-events-2022-09-12T170814.611.png\" \/>\n\t<meta property=\"og:image:width\" content=\"1080\" \/>\n\t<meta property=\"og:image:height\" content=\"1080\" \/>\n\t<meta property=\"og:image:type\" content=\"image\/png\" \/>\n<meta name=\"twitter:card\" content=\"summary_large_image\" \/>\n<script type=\"application\/ld+json\" class=\"yoast-schema-graph\">{\"@context\":\"https:\/\/schema.org\",\"@graph\":[{\"@type\":\"WebPage\",\"@id\":\"https:\/\/empow-her.com\/en\/produit\/coaching-definir-un-plan-commercial\/\",\"url\":\"https:\/\/empow-her.com\/en\/produit\/coaching-definir-un-plan-commercial\/\",\"name\":\"Coaching - D\u00e9finir un plan commercial - Empow&#039;Her\",\"isPartOf\":{\"@id\":\"https:\/\/empow-her.com\/#website\"},\"primaryImageOfPage\":{\"@id\":\"https:\/\/empow-her.com\/en\/produit\/coaching-definir-un-plan-commercial\/#primaryimage\"},\"image\":{\"@id\":\"https:\/\/empow-her.com\/en\/produit\/coaching-definir-un-plan-commercial\/#primaryimage\"},\"thumbnailUrl\":\"https:\/\/empow-her.com\/wp-content\/uploads\/2022\/09\/Women-Dare-templates-events-2022-09-12T170814.611.png\",\"datePublished\":\"2022-09-12T15:09:22+00:00\",\"dateModified\":\"2022-09-12T15:12:49+00:00\",\"breadcrumb\":{\"@id\":\"https:\/\/empow-her.com\/en\/produit\/coaching-definir-un-plan-commercial\/#breadcrumb\"},\"inLanguage\":\"en-US\",\"potentialAction\":[{\"@type\":\"ReadAction\",\"target\":[\"https:\/\/empow-her.com\/en\/produit\/coaching-definir-un-plan-commercial\/\"]}]},{\"@type\":\"ImageObject\",\"inLanguage\":\"en-US\",\"@id\":\"https:\/\/empow-her.com\/en\/produit\/coaching-definir-un-plan-commercial\/#primaryimage\",\"url\":\"https:\/\/empow-her.com\/wp-content\/uploads\/2022\/09\/Women-Dare-templates-events-2022-09-12T170814.611.png\",\"contentUrl\":\"https:\/\/empow-her.com\/wp-content\/uploads\/2022\/09\/Women-Dare-templates-events-2022-09-12T170814.611.png\",\"width\":1080,\"height\":1080},{\"@type\":\"BreadcrumbList\",\"@id\":\"https:\/\/empow-her.com\/en\/produit\/coaching-definir-un-plan-commercial\/#breadcrumb\",\"itemListElement\":[{\"@type\":\"ListItem\",\"position\":1,\"name\":\"Accueil\",\"item\":\"https:\/\/empow-her.com\/en\/landing-page\/\"},{\"@type\":\"ListItem\",\"position\":2,\"name\":\"LA BOUTIQUE\",\"item\":\"https:\/\/empow-her.com\/boutique\/\"},{\"@type\":\"ListItem\",\"position\":3,\"name\":\"Coaching &#8211; D\u00e9finir un plan commercial\"}]},{\"@type\":\"WebSite\",\"@id\":\"https:\/\/empow-her.com\/#website\",\"url\":\"https:\/\/empow-her.com\/\",\"name\":\"Empow&#039;Her\",\"description\":\"Women Development\",\"potentialAction\":[{\"@type\":\"SearchAction\",\"target\":{\"@type\":\"EntryPoint\",\"urlTemplate\":\"https:\/\/empow-her.com\/?s={search_term_string}\"},\"query-input\":{\"@type\":\"PropertyValueSpecification\",\"valueRequired\":true,\"valueName\":\"search_term_string\"}}],\"inLanguage\":\"en-US\"}]}<\/script>\n<!-- \/ Yoast SEO plugin. -->","yoast_head_json":{"title":"Coaching - D\u00e9finir un plan commercial - Empow&#039;Her","robots":{"index":"index","follow":"follow","max-snippet":"max-snippet:-1","max-image-preview":"max-image-preview:large","max-video-preview":"max-video-preview:-1"},"canonical":"https:\/\/empow-her.com\/en\/produit\/coaching-definir-un-plan-commercial\/","og_locale":"en_US","og_type":"article","og_title":"Coaching - D\u00e9finir un plan commercial - Empow&#039;Her","og_description":"Pr\u00e9-requis : Vous souhaitez vous inscrire \u00e0 ce coaching ? Une fois que vous avez re\u00e7u l\u2019invitation Google Calendrier pour le coaching que vous avez r\u00e9serv\u00e9 : envoyez un mail \u00e0 l\u2019expert.e qui est dans l\u2019invitation avec vous en joignant tous les documents qui lui seraient utiles pour pr\u00e9parer au mieux cette heure.  Intervenant.e : Isabelle VISSUZAINE\u00a0de Finetic J'ai une double casquette digitale et commerciale gr\u00e2ce \u00e0 un pass\u00e9 d'entrepreneure dans les logiciels de gestion et de direction commerciale dans diff\u00e9rentes structures. Aujourd'hui, je fais du conseil en innovation et transformation digitale aupr\u00e8s des entreprises, j'interviens en formation et coaching, notamment dans plusieurs incubateurs sur la strat\u00e9gie et le d\u00e9veloppement commercial. J'ai aussi co-fond\u00e9 une startup d\u00e9di\u00e9e aux mamans solos, Mama Bears. Je suis ing\u00e9nieur de formation et dipl\u00f4m\u00e9e d'un E-master en innovation et entrepreneuriat.  Son super pouvoir : Strat\u00e9gie et d\u00e9veloppement commercial : je vous donne des m\u00e9thodes et outils pour aller \u00e0 la conqu\u00eate de vos futurs clients  Son petit mot : Osez, apprenez, agissez !  &nbsp;  Session de coaching en ligne dur\u00e9e 1h\u00a0  Attention ! \u00a0Veuillez vous pr\u00e9senter \u00e0 l'heure pour que l'activit\u00e9 puisse commencer \u00e0 temps. Si vous avez du retard veuillez pr\u00e9venir l'intervenant.e. Si vous avez plus de 15 min de retard l'intervenant.e se r\u00e9serve le droit de ne pas vous accepter pour le coaching ou l'atelier.  &nbsp;  Ce projet est co-financ\u00e9 par le Fonds Social Europ\u00e9en.","og_url":"https:\/\/empow-her.com\/en\/produit\/coaching-definir-un-plan-commercial\/","og_site_name":"Empow&#039;Her","article_modified_time":"2022-09-12T15:12:49+00:00","og_image":[{"width":1080,"height":1080,"url":"https:\/\/empow-her.com\/wp-content\/uploads\/2022\/09\/Women-Dare-templates-events-2022-09-12T170814.611.png","type":"image\/png"}],"twitter_card":"summary_large_image","schema":{"@context":"https:\/\/schema.org","@graph":[{"@type":"WebPage","@id":"https:\/\/empow-her.com\/en\/produit\/coaching-definir-un-plan-commercial\/","url":"https:\/\/empow-her.com\/en\/produit\/coaching-definir-un-plan-commercial\/","name":"Coaching - D\u00e9finir un plan commercial - Empow&#039;Her","isPartOf":{"@id":"https:\/\/empow-her.com\/#website"},"primaryImageOfPage":{"@id":"https:\/\/empow-her.com\/en\/produit\/coaching-definir-un-plan-commercial\/#primaryimage"},"image":{"@id":"https:\/\/empow-her.com\/en\/produit\/coaching-definir-un-plan-commercial\/#primaryimage"},"thumbnailUrl":"https:\/\/empow-her.com\/wp-content\/uploads\/2022\/09\/Women-Dare-templates-events-2022-09-12T170814.611.png","datePublished":"2022-09-12T15:09:22+00:00","dateModified":"2022-09-12T15:12:49+00:00","breadcrumb":{"@id":"https:\/\/empow-her.com\/en\/produit\/coaching-definir-un-plan-commercial\/#breadcrumb"},"inLanguage":"en-US","potentialAction":[{"@type":"ReadAction","target":["https:\/\/empow-her.com\/en\/produit\/coaching-definir-un-plan-commercial\/"]}]},{"@type":"ImageObject","inLanguage":"en-US","@id":"https:\/\/empow-her.com\/en\/produit\/coaching-definir-un-plan-commercial\/#primaryimage","url":"https:\/\/empow-her.com\/wp-content\/uploads\/2022\/09\/Women-Dare-templates-events-2022-09-12T170814.611.png","contentUrl":"https:\/\/empow-her.com\/wp-content\/uploads\/2022\/09\/Women-Dare-templates-events-2022-09-12T170814.611.png","width":1080,"height":1080},{"@type":"BreadcrumbList","@id":"https:\/\/empow-her.com\/en\/produit\/coaching-definir-un-plan-commercial\/#breadcrumb","itemListElement":[{"@type":"ListItem","position":1,"name":"Accueil","item":"https:\/\/empow-her.com\/en\/landing-page\/"},{"@type":"ListItem","position":2,"name":"LA BOUTIQUE","item":"https:\/\/empow-her.com\/boutique\/"},{"@type":"ListItem","position":3,"name":"Coaching &#8211; D\u00e9finir un plan commercial"}]},{"@type":"WebSite","@id":"https:\/\/empow-her.com\/#website","url":"https:\/\/empow-her.com\/","name":"Empow&#039;Her","description":"Women Development","potentialAction":[{"@type":"SearchAction","target":{"@type":"EntryPoint","urlTemplate":"https:\/\/empow-her.com\/?s={search_term_string}"},"query-input":{"@type":"PropertyValueSpecification","valueRequired":true,"valueName":"search_term_string"}}],"inLanguage":"en-US"}]}},"_links":{"self":[{"href":"https:\/\/empow-her.com\/en\/wp-json\/wp\/v2\/product\/122251","targetHints":{"allow":["GET"]}}],"collection":[{"href":"https:\/\/empow-her.com\/en\/wp-json\/wp\/v2\/product"}],"about":[{"href":"https:\/\/empow-her.com\/en\/wp-json\/wp\/v2\/types\/product"}],"wp:featuredmedia":[{"embeddable":true,"href":"https:\/\/empow-her.com\/en\/wp-json\/wp\/v2\/media\/122252"}],"wp:attachment":[{"href":"https:\/\/empow-her.com\/en\/wp-json\/wp\/v2\/media?parent=122251"}],"wp:term":[{"taxonomy":"product_brand","embeddable":true,"href":"https:\/\/empow-her.com\/en\/wp-json\/wp\/v2\/product_brand?post=122251"},{"taxonomy":"product_cat","embeddable":true,"href":"https:\/\/empow-her.com\/en\/wp-json\/wp\/v2\/product_cat?post=122251"},{"taxonomy":"product_tag","embeddable":true,"href":"https:\/\/empow-her.com\/en\/wp-json\/wp\/v2\/product_tag?post=122251"},{"taxonomy":"lieu","embeddable":true,"href":"https:\/\/empow-her.com\/en\/wp-json\/wp\/v2\/lieu?post=122251"},{"taxonomy":"thematiques","embeddable":true,"href":"https:\/\/empow-her.com\/en\/wp-json\/wp\/v2\/thematiques?post=122251"}],"curies":[{"name":"wp","href":"https:\/\/api.w.org\/{rel}","templated":true}]}}