{"id":122132,"date":"2022-09-09T12:05:12","date_gmt":"2022-09-09T10:05:12","guid":{"rendered":"https:\/\/empow-her.com\/?post_type=product&#038;p=122132"},"modified":"2022-10-10T15:44:43","modified_gmt":"2022-10-10T13:44:43","slug":"bookclub-6-empowher-bd-feministes-blanche-sabbah-violette-vaisse","status":"publish","type":"product","link":"https:\/\/empow-her.com\/en\/produit\/bookclub-6-empowher-bd-feministes-blanche-sabbah-violette-vaisse\/","title":{"rendered":"Bookclub #6 BD f\u00e9ministes"},"content":{"rendered":"<div class=\"m8h3af8h l7ghb35v kjdc1dyq kmwttqpk gh25dzvf\">\n<p>Le Bookclub #6\u2026 sur le th\u00e8me des BD f\u00e9ministes ! &#x1f4da;<\/p>\n<p>Mercredi 12 octobre d\u00e8s 18h45, rendez-vous chez Sist&#8217;Her Paris pour le bookclub de la rentr\u00e9e!<\/p>\n<p>Viens \u00e9changer avec des autrices et illustratrices f\u00e9ministes:<\/p>\n<p>&#x1f338; Blanche Sabbah, autrice de BD et activiste f\u00e9ministe, aussi connue sous @lanuitremueparis sur instagram o\u00f9 elle vulgarise en BD des concepts f\u00e9ministes. Depuis janvier 2021, elle a publi\u00e9 \u201cMythes et Meufs\u201d, elle a \u00e9galement sorti sa premie\u0300re BD \u201cMarinette\u201d en octobre 2021 re\u0301alise\u0301e avec Marie Papillon, aux e\u0301ditions Hachette. En janvier 2022 parai\u0302tra son deuxie\u0300me album \u201cNos Mutineries\u201d, avec l\u2019autrice de BD et illustratrice Eve Cambreleng (e\u0301ditions Mango)<\/p>\n<p>&#x1f33c; Violette Vaisse, illustratrice ind\u00e9pendante bas\u00e9e \u00e0 Paris. Apr\u00e8s une enfance au Maroc et des \u00e9tudes \u00e0 l\u2019\u00c9cole sup\u00e9rieure des Arts Saint-Luc \u00e0 Bruxelles, elle collabore avec divers projets d\u2019illustrations, de bandes-dessin\u00e9es ou d\u2019albums jeunesse.<\/p>\n<\/div>\n<div>Tu aimes lire, les belles images, les th\u00e8mes engag\u00e9s et f\u00e9ministes ? Ce Bookclub est fait pour toi !<\/div>\n<div class=\"l7ghb35v kjdc1dyq kmwttqpk gh25dzvf jikcssrz\">Vous pourrez \u00e9galement acheter leurs livres et vous les faire d\u00e9dicacer.<\/div>\n<div class=\"l7ghb35v kjdc1dyq kmwttqpk gh25dzvf jikcssrz\"><\/div>\n<div class=\"l7ghb35v kjdc1dyq kmwttqpk gh25dzvf jikcssrz\"><span class=\"fxk3tzhb b2rh1bv3 gh55jysx m8h3af8h ewco64xe kjdc1dyq ms56khn7 bq6c9xl4 eohcrkr5 akh3l2rg\"><img decoding=\"async\" src=\"https:\/\/static.xx.fbcdn.net\/images\/emoji.php\/v9\/t9b\/1.5\/16\/1f50e.png\" alt=\"&#x1f50e;\" width=\"16\" height=\"16\" \/><\/span>\u00a0MerciBOOKoup : l\u2019association vise \u00e0 favoriser l\u2019\u00e9gal acc\u00e8s \u00e0 la lecture pour tou.te.s et l\u2019\u00e9conomie circulaire, tout en cr\u00e9ant du lien social. N\u2019h\u00e9sitez pas \u00e0 les suivre sur les r\u00e9seaux sociaux :\u00a0<a class=\"qi72231t nu7423ey n3hqoq4p r86q59rh b3qcqh3k fq87ekyn bdao358l fsf7x5fv rse6dlih s5oniofx m8h3af8h l7ghb35v kjdc1dyq kmwttqpk srn514ro oxkhqvkx rl78xhln nch0832m cr00lzj9 rn8ck1ys s3jn8y49 icdlwmnq cxfqmxzd pbevjfx6 innypi6y\" tabindex=\"0\" role=\"link\" href=\"https:\/\/www.facebook.com\/MerciBOOKoup.NL\/?__cft__[0]=AZXBXut3eedpkogWigMWXO81Ts79UezTSQ_8k5zuZPb7eoN8Nl-OrJ8RqCych6BProEh9bnYTSnxg2brJd5EWINA5UQyJWnvFr6n1liLDknkYD-7CaNM6r2BAdpJljMpjQQ6x4aW88VkHk6gZzu4T2mN&amp;__tn__=q\"><span class=\"rse6dlih\">https:\/\/www.facebook.com\/MerciBOOKoup.NL<\/span><\/a><\/div>\n<div class=\"l7ghb35v kjdc1dyq kmwttqpk gh25dzvf jikcssrz\">Ps : Tu peux emprunter des livres gratuitement dans la biblioth\u00e8que f\u00e9ministe (n\u2019oublie pas d\u2019apporter un ch\u00e8que de caution de 30\u20ac).<\/div>\n<div class=\"l7ghb35v kjdc1dyq kmwttqpk gh25dzvf jikcssrz\"><\/div>\n<div class=\"l7ghb35v kjdc1dyq kmwttqpk gh25dzvf jikcssrz\"><strong>Infos pratiques<\/strong> :<\/div>\n<div class=\"l7ghb35v kjdc1dyq kmwttqpk gh25dzvf jikcssrz\"><span class=\"fxk3tzhb b2rh1bv3 gh55jysx m8h3af8h ewco64xe kjdc1dyq ms56khn7 bq6c9xl4 eohcrkr5 akh3l2rg\"><img decoding=\"async\" src=\"https:\/\/static.xx.fbcdn.net\/images\/emoji.php\/v9\/t86\/1.5\/16\/1f4cd.png\" alt=\"&#x1f4cd;\" width=\"16\" height=\"16\" \/><\/span>\u00a0Sist\u2019her Paris, 82 rue du Faubourg St Martin 75010 Paris<br \/>\n<span class=\"fxk3tzhb b2rh1bv3 gh55jysx m8h3af8h ewco64xe kjdc1dyq ms56khn7 bq6c9xl4 eohcrkr5 akh3l2rg\"><img decoding=\"async\" src=\"https:\/\/static.xx.fbcdn.net\/images\/emoji.php\/v9\/t8b\/1.5\/16\/1f516.png\" alt=\"&#x1f516;\" width=\"16\" height=\"16\" \/><\/span>R\u00e9servation obligatoire : \u00e9v\u00e9nement gratuit sur inscription !<\/div>\n<div class=\"l7ghb35v kjdc1dyq kmwttqpk gh25dzvf jikcssrz\"><\/div>\n<div class=\"l7ghb35v kjdc1dyq kmwttqpk gh25dzvf jikcssrz\">\n<p>Ouvert en mars 2021, Sist\u2019Her est le premier tiers-lieu d\u00e9di\u00e9 \u00e0 l&#8217;entrepreneuriat f\u00e9minin et \u00e0 impact en Ile-de-France. Port\u00e9 par l\u2019association Empow\u2019Her, c\u2019est un lieu de vie bienveillant et joyeux, ouvert \u00e0 tou\u00b7te\u00b7s o\u00f9 il est possible de se former, s&#8217;inspirer, s&#8217;engager et se rencontrer.<\/p>\n<\/div>\n<div class=\"l7ghb35v kjdc1dyq kmwttqpk gh25dzvf jikcssrz\">A tr\u00e8s vite !<\/div>\n","protected":false},"excerpt":{"rendered":"<div>Le Bookclub #6&#8230; sur le th\u00e8me des BD f\u00e9ministes ! &#x1f4da;<\/div>\n<div><\/div>\n<div class=\"m8h3af8h l7ghb35v kjdc1dyq kmwttqpk gh25dzvf\">Mardi 12 octobre d\u00e8s 18h45, nous vous attentons pour le 6\u00e8me BookClub chez Sist&#8217;Her (82 rue du Faubourg St Martin 75010 Paris) en partenariat avec MerciBookOup.<\/div>\n<div><\/div>\n<div class=\"m8h3af8h l7ghb35v kjdc1dyq kmwttqpk gh25dzvf\">Venez \u00e9changer avec des autrices f\u00e9ministes:<\/div>\n<div class=\"l7ghb35v kjdc1dyq kmwttqpk gh25dzvf jikcssrz\">&#x1f338; Blanche Sabbah, autrice de BD et activiste f\u00e9ministe, aussi connue sous @lanuitremueparis sur instagram o\u00f9 elle vulgarise en BD des concepts f\u00e9ministes. Depuis janvier 2021, elle a publi\u00e9 &#8220;Mythes et Meufs&#8221;, elle a \u00e9galement sorti sa premie\u0300re BD &#8220;Marinette&#8221; en octobre 2021 re\u0301alise\u0301e avec Marie Papillon, aux e\u0301ditions Hachette. En janvier 2022 parai\u0302tra son deuxie\u0300me album &#8220;Nos Mutineries&#8221;, avec l&#8217;autrice de BD et illustratrice Eve Cambreleng (e\u0301ditions Mango)<\/div>\n<div><\/div>\n<div>&#x1f33c; Violette Vaisse, illustratrice ind\u00e9pendante bas\u00e9e \u00e0 Paris. Apr\u00e8s une enfance au Maroc et des \u00e9tudes \u00e0 l\u2019\u00c9cole sup\u00e9rieure des Arts Saint-Luc \u00e0 Bruxelles, elle collabore avec divers projets d\u2019illustrations, de bandes-dessin\u00e9es ou d\u2019albums jeunesse.<\/div>\n<div><\/div>\n<div>&#x1f337; Ir\u00e8ne Cohen Janca, n\u00e9e en Tunisie, est d&#8217;abord conservatrice de biblioth\u00e8que en banlieue parisienne apr\u00e8s des \u00e9tudes de lettres. Traduite dans plusieurs langues, son \u0153uvre compte de nombreux albums et livres pour adolescents. R\u00e9cemment, elle a sorti<i> Simone Veil, je vous \u00e9cris\u00a0<\/i>et a re\u00e7u plusieurs prix dont le Prix de la Foire de Brive 2008, le Prix Korczak 2017 ou encore le prix de la foire de Bologne cat\u00e9gorie non-fiction en 2020.<\/div>\n<div class=\"l7ghb35v kjdc1dyq kmwttqpk gh25dzvf jikcssrz\"><\/div>\n<div><strong>Tu aimes lire, les belles images, les th\u00e8mes engag\u00e9s et f\u00e9ministes ? Ce Bookclub est fait pour toi !<\/strong><\/div>\n<div class=\"l7ghb35v kjdc1dyq kmwttqpk gh25dzvf jikcssrz\">Vous pourrez \u00e9galement acheter leurs livres et vous les faire d\u00e9dicacer.<\/div>\n<div class=\"l7ghb35v kjdc1dyq kmwttqpk gh25dzvf jikcssrz\"><\/div>\n<div class=\"l7ghb35v kjdc1dyq kmwttqpk gh25dzvf jikcssrz\"><span class=\"fxk3tzhb b2rh1bv3 gh55jysx m8h3af8h ewco64xe kjdc1dyq ms56khn7 bq6c9xl4 eohcrkr5 akh3l2rg\"><img decoding=\"async\" src=\"https:\/\/static.xx.fbcdn.net\/images\/emoji.php\/v9\/t9b\/1.5\/16\/1f50e.png\" alt=\"&#x1f50e;\" width=\"16\" height=\"16\" \/><\/span>\u00a0MerciBOOKoup : l\u2019association vise \u00e0 favoriser l\u2019\u00e9gal acc\u00e8s \u00e0 la lecture pour tou.te.s et l\u2019\u00e9conomie circulaire, tout en cr\u00e9ant du lien social. N\u2019h\u00e9sitez pas \u00e0 les suivre sur les r\u00e9seaux sociaux :\u00a0<a class=\"qi72231t nu7423ey n3hqoq4p r86q59rh b3qcqh3k fq87ekyn bdao358l fsf7x5fv rse6dlih s5oniofx m8h3af8h l7ghb35v kjdc1dyq kmwttqpk srn514ro oxkhqvkx rl78xhln nch0832m cr00lzj9 rn8ck1ys s3jn8y49 icdlwmnq cxfqmxzd pbevjfx6 innypi6y\" tabindex=\"0\" role=\"link\" href=\"https:\/\/www.facebook.com\/MerciBOOKoup.NL\/?__cft__[0]=AZXBXut3eedpkogWigMWXO81Ts79UezTSQ_8k5zuZPb7eoN8Nl-OrJ8RqCych6BProEh9bnYTSnxg2brJd5EWINA5UQyJWnvFr6n1liLDknkYD-7CaNM6r2BAdpJljMpjQQ6x4aW88VkHk6gZzu4T2mN&amp;__tn__=q\"><span class=\"rse6dlih\">https:\/\/www.facebook.com\/MerciBOOKoup.NL<\/span><\/a><\/div>\n<div class=\"l7ghb35v kjdc1dyq kmwttqpk gh25dzvf jikcssrz\">Ps : Tu peux emprunter des livres gratuitement dans la biblioth\u00e8que f\u00e9ministe (n\u2019oublie pas d\u2019apporter un ch\u00e8que de caution de 30\u20ac).<\/div>\n<div class=\"l7ghb35v kjdc1dyq kmwttqpk gh25dzvf jikcssrz\"><\/div>\n<div class=\"l7ghb35v kjdc1dyq kmwttqpk gh25dzvf jikcssrz\"><strong>Infos pratiques<\/strong> :<\/div>\n<div class=\"l7ghb35v kjdc1dyq kmwttqpk gh25dzvf jikcssrz\"><span class=\"fxk3tzhb b2rh1bv3 gh55jysx m8h3af8h ewco64xe kjdc1dyq ms56khn7 bq6c9xl4 eohcrkr5 akh3l2rg\"><img decoding=\"async\" src=\"https:\/\/static.xx.fbcdn.net\/images\/emoji.php\/v9\/t86\/1.5\/16\/1f4cd.png\" alt=\"&#x1f4cd;\" width=\"16\" height=\"16\" \/><\/span>\u00a0Sist\u2019her Paris, 82 rue du Faubourg St Martin 75010 Paris<br \/>\n<span class=\"fxk3tzhb b2rh1bv3 gh55jysx m8h3af8h ewco64xe kjdc1dyq ms56khn7 bq6c9xl4 eohcrkr5 akh3l2rg\"><img decoding=\"async\" src=\"https:\/\/static.xx.fbcdn.net\/images\/emoji.php\/v9\/t8b\/1.5\/16\/1f516.png\" alt=\"&#x1f516;\" width=\"16\" height=\"16\" \/><\/span>R\u00e9servation obligatoire : \u00e9v\u00e9nement gratuit sur inscription !<\/div>\n<div class=\"l7ghb35v kjdc1dyq kmwttqpk gh25dzvf jikcssrz\"><\/div>\n<div class=\"l7ghb35v kjdc1dyq kmwttqpk gh25dzvf jikcssrz\">\n<p>Ouvert en mars 2021, Sist\u2019Her est le premier tiers-lieu d\u00e9di\u00e9 \u00e0 l&#8217;entrepreneuriat f\u00e9minin et \u00e0 impact en Ile-de-France. Port\u00e9 par l\u2019association Empow\u2019Her, c\u2019est un lieu de vie bienveillant et joyeux, ouvert \u00e0 tou\u00b7te\u00b7s o\u00f9 il est possible de se former, s&#8217;inspirer, s&#8217;engager et se rencontrer.<\/p>\n<\/div>\n<div class=\"l7ghb35v kjdc1dyq kmwttqpk gh25dzvf jikcssrz\">A tr\u00e8s vite !<\/div>\n","protected":false},"featured_media":123457,"template":"","format":"standard","meta":{"_acf_changed":false,"om_disable_all_campaigns":false,"_uf_show_specific_survey":0,"_uf_disable_surveys":false},"product_brand":[],"product_cat":[119],"product_tag":[],"lieu":[127],"thematiques":[],"class_list":{"0":"post-122132","1":"product","2":"type-product","3":"status-publish","4":"format-standard","5":"has-post-thumbnail","7":"product_cat-evenement-sisther","8":"lieu-hub-empowher","10":"first","11":"instock","12":"virtual","13":"purchasable","14":"product-type-appointment"},"exclude_global_add_ons":[],"addons":[],"acf":[],"yoast_head":"<!-- This site is optimized with the Yoast SEO plugin v24.8 - https:\/\/yoast.com\/wordpress\/plugins\/seo\/ -->\n<title>Bookclub #6 BD f\u00e9ministes -<\/title>\n<meta name=\"description\" content=\"Le mardi 12 octobre d\u00e8s 18h30, rejoins nous pour le BookClub BD f\u00e9ministes avec Blanche Sabbah et Violette Va\u00efsse! Vente de livres et d\u00e9dicaces pr\u00e9vues.\" \/>\n<meta name=\"robots\" content=\"index, follow, max-snippet:-1, max-image-preview:large, max-video-preview:-1\" \/>\n<link rel=\"canonical\" href=\"https:\/\/empow-her.com\/produit\/bookclub-6-empowher-bd-feministes-blanche-sabbah-violette-vaisse\/\" \/>\n<meta property=\"og:locale\" content=\"en_US\" \/>\n<meta property=\"og:type\" content=\"article\" \/>\n<meta property=\"og:title\" content=\"Bookclub #6 BD f\u00e9ministes -\" \/>\n<meta property=\"og:description\" content=\"Le mardi 12 octobre d\u00e8s 18h30, rejoins nous pour le BookClub BD f\u00e9ministes avec Blanche Sabbah et Violette Va\u00efsse! Vente de livres et d\u00e9dicaces pr\u00e9vues.\" \/>\n<meta property=\"og:url\" content=\"https:\/\/empow-her.com\/produit\/bookclub-6-empowher-bd-feministes-blanche-sabbah-violette-vaisse\/\" \/>\n<meta property=\"og:site_name\" content=\"Empow&#039;Her\" \/>\n<meta property=\"article:modified_time\" content=\"2022-10-10T13:44:43+00:00\" \/>\n<meta property=\"og:image\" content=\"https:\/\/empow-her.com\/wp-content\/uploads\/2022\/09\/Template-Event-SistHer-vignette-site-4.png\" \/>\n\t<meta property=\"og:image:width\" content=\"1080\" \/>\n\t<meta property=\"og:image:height\" content=\"1080\" \/>\n\t<meta property=\"og:image:type\" content=\"image\/png\" \/>\n<meta name=\"twitter:card\" content=\"summary_large_image\" \/>\n<meta name=\"twitter:label1\" content=\"Est. reading time\" \/>\n\t<meta name=\"twitter:data1\" content=\"3 minutes\" \/>\n<script type=\"application\/ld+json\" class=\"yoast-schema-graph\">{\"@context\":\"https:\/\/schema.org\",\"@graph\":[{\"@type\":\"WebPage\",\"@id\":\"https:\/\/empow-her.com\/produit\/bookclub-6-empowher-bd-feministes-blanche-sabbah-violette-vaisse\/\",\"url\":\"https:\/\/empow-her.com\/produit\/bookclub-6-empowher-bd-feministes-blanche-sabbah-violette-vaisse\/\",\"name\":\"Bookclub #6 BD f\u00e9ministes -\",\"isPartOf\":{\"@id\":\"https:\/\/empow-her.com\/#website\"},\"primaryImageOfPage\":{\"@id\":\"https:\/\/empow-her.com\/produit\/bookclub-6-empowher-bd-feministes-blanche-sabbah-violette-vaisse\/#primaryimage\"},\"image\":{\"@id\":\"https:\/\/empow-her.com\/produit\/bookclub-6-empowher-bd-feministes-blanche-sabbah-violette-vaisse\/#primaryimage\"},\"thumbnailUrl\":\"https:\/\/empow-her.com\/wp-content\/uploads\/2022\/09\/Template-Event-SistHer-vignette-site-4.png\",\"datePublished\":\"2022-09-09T10:05:12+00:00\",\"dateModified\":\"2022-10-10T13:44:43+00:00\",\"description\":\"Le mardi 12 octobre d\u00e8s 18h30, rejoins nous pour le BookClub BD f\u00e9ministes avec Blanche Sabbah et Violette Va\u00efsse! Vente de livres et d\u00e9dicaces pr\u00e9vues.\",\"breadcrumb\":{\"@id\":\"https:\/\/empow-her.com\/produit\/bookclub-6-empowher-bd-feministes-blanche-sabbah-violette-vaisse\/#breadcrumb\"},\"inLanguage\":\"en-US\",\"potentialAction\":[{\"@type\":\"ReadAction\",\"target\":[\"https:\/\/empow-her.com\/produit\/bookclub-6-empowher-bd-feministes-blanche-sabbah-violette-vaisse\/\"]}]},{\"@type\":\"ImageObject\",\"inLanguage\":\"en-US\",\"@id\":\"https:\/\/empow-her.com\/produit\/bookclub-6-empowher-bd-feministes-blanche-sabbah-violette-vaisse\/#primaryimage\",\"url\":\"https:\/\/empow-her.com\/wp-content\/uploads\/2022\/09\/Template-Event-SistHer-vignette-site-4.png\",\"contentUrl\":\"https:\/\/empow-her.com\/wp-content\/uploads\/2022\/09\/Template-Event-SistHer-vignette-site-4.png\",\"width\":1080,\"height\":1080},{\"@type\":\"BreadcrumbList\",\"@id\":\"https:\/\/empow-her.com\/produit\/bookclub-6-empowher-bd-feministes-blanche-sabbah-violette-vaisse\/#breadcrumb\",\"itemListElement\":[{\"@type\":\"ListItem\",\"position\":1,\"name\":\"Accueil\",\"item\":\"https:\/\/empow-her.com\/en\/landing-page\/\"},{\"@type\":\"ListItem\",\"position\":2,\"name\":\"LA BOUTIQUE\",\"item\":\"https:\/\/empow-her.com\/boutique\/\"},{\"@type\":\"ListItem\",\"position\":3,\"name\":\"Bookclub #6 BD f\u00e9ministes\"}]},{\"@type\":\"WebSite\",\"@id\":\"https:\/\/empow-her.com\/#website\",\"url\":\"https:\/\/empow-her.com\/\",\"name\":\"Empow&#039;Her\",\"description\":\"Women Development\",\"potentialAction\":[{\"@type\":\"SearchAction\",\"target\":{\"@type\":\"EntryPoint\",\"urlTemplate\":\"https:\/\/empow-her.com\/?s={search_term_string}\"},\"query-input\":{\"@type\":\"PropertyValueSpecification\",\"valueRequired\":true,\"valueName\":\"search_term_string\"}}],\"inLanguage\":\"en-US\"}]}<\/script>\n<!-- \/ Yoast SEO plugin. -->","yoast_head_json":{"title":"Bookclub #6 BD f\u00e9ministes -","description":"Le mardi 12 octobre d\u00e8s 18h30, rejoins nous pour le BookClub BD f\u00e9ministes avec Blanche Sabbah et Violette Va\u00efsse! Vente de livres et d\u00e9dicaces pr\u00e9vues.","robots":{"index":"index","follow":"follow","max-snippet":"max-snippet:-1","max-image-preview":"max-image-preview:large","max-video-preview":"max-video-preview:-1"},"canonical":"https:\/\/empow-her.com\/produit\/bookclub-6-empowher-bd-feministes-blanche-sabbah-violette-vaisse\/","og_locale":"en_US","og_type":"article","og_title":"Bookclub #6 BD f\u00e9ministes -","og_description":"Le mardi 12 octobre d\u00e8s 18h30, rejoins nous pour le BookClub BD f\u00e9ministes avec Blanche Sabbah et Violette Va\u00efsse! Vente de livres et d\u00e9dicaces pr\u00e9vues.","og_url":"https:\/\/empow-her.com\/produit\/bookclub-6-empowher-bd-feministes-blanche-sabbah-violette-vaisse\/","og_site_name":"Empow&#039;Her","article_modified_time":"2022-10-10T13:44:43+00:00","og_image":[{"width":1080,"height":1080,"url":"https:\/\/empow-her.com\/wp-content\/uploads\/2022\/09\/Template-Event-SistHer-vignette-site-4.png","type":"image\/png"}],"twitter_card":"summary_large_image","twitter_misc":{"Est. reading time":"3 minutes"},"schema":{"@context":"https:\/\/schema.org","@graph":[{"@type":"WebPage","@id":"https:\/\/empow-her.com\/produit\/bookclub-6-empowher-bd-feministes-blanche-sabbah-violette-vaisse\/","url":"https:\/\/empow-her.com\/produit\/bookclub-6-empowher-bd-feministes-blanche-sabbah-violette-vaisse\/","name":"Bookclub #6 BD f\u00e9ministes -","isPartOf":{"@id":"https:\/\/empow-her.com\/#website"},"primaryImageOfPage":{"@id":"https:\/\/empow-her.com\/produit\/bookclub-6-empowher-bd-feministes-blanche-sabbah-violette-vaisse\/#primaryimage"},"image":{"@id":"https:\/\/empow-her.com\/produit\/bookclub-6-empowher-bd-feministes-blanche-sabbah-violette-vaisse\/#primaryimage"},"thumbnailUrl":"https:\/\/empow-her.com\/wp-content\/uploads\/2022\/09\/Template-Event-SistHer-vignette-site-4.png","datePublished":"2022-09-09T10:05:12+00:00","dateModified":"2022-10-10T13:44:43+00:00","description":"Le mardi 12 octobre d\u00e8s 18h30, rejoins nous pour le BookClub BD f\u00e9ministes avec Blanche Sabbah et Violette Va\u00efsse! Vente de livres et d\u00e9dicaces pr\u00e9vues.","breadcrumb":{"@id":"https:\/\/empow-her.com\/produit\/bookclub-6-empowher-bd-feministes-blanche-sabbah-violette-vaisse\/#breadcrumb"},"inLanguage":"en-US","potentialAction":[{"@type":"ReadAction","target":["https:\/\/empow-her.com\/produit\/bookclub-6-empowher-bd-feministes-blanche-sabbah-violette-vaisse\/"]}]},{"@type":"ImageObject","inLanguage":"en-US","@id":"https:\/\/empow-her.com\/produit\/bookclub-6-empowher-bd-feministes-blanche-sabbah-violette-vaisse\/#primaryimage","url":"https:\/\/empow-her.com\/wp-content\/uploads\/2022\/09\/Template-Event-SistHer-vignette-site-4.png","contentUrl":"https:\/\/empow-her.com\/wp-content\/uploads\/2022\/09\/Template-Event-SistHer-vignette-site-4.png","width":1080,"height":1080},{"@type":"BreadcrumbList","@id":"https:\/\/empow-her.com\/produit\/bookclub-6-empowher-bd-feministes-blanche-sabbah-violette-vaisse\/#breadcrumb","itemListElement":[{"@type":"ListItem","position":1,"name":"Accueil","item":"https:\/\/empow-her.com\/en\/landing-page\/"},{"@type":"ListItem","position":2,"name":"LA BOUTIQUE","item":"https:\/\/empow-her.com\/boutique\/"},{"@type":"ListItem","position":3,"name":"Bookclub #6 BD f\u00e9ministes"}]},{"@type":"WebSite","@id":"https:\/\/empow-her.com\/#website","url":"https:\/\/empow-her.com\/","name":"Empow&#039;Her","description":"Women Development","potentialAction":[{"@type":"SearchAction","target":{"@type":"EntryPoint","urlTemplate":"https:\/\/empow-her.com\/?s={search_term_string}"},"query-input":{"@type":"PropertyValueSpecification","valueRequired":true,"valueName":"search_term_string"}}],"inLanguage":"en-US"}]}},"_links":{"self":[{"href":"https:\/\/empow-her.com\/en\/wp-json\/wp\/v2\/product\/122132","targetHints":{"allow":["GET"]}}],"collection":[{"href":"https:\/\/empow-her.com\/en\/wp-json\/wp\/v2\/product"}],"about":[{"href":"https:\/\/empow-her.com\/en\/wp-json\/wp\/v2\/types\/product"}],"wp:featuredmedia":[{"embeddable":true,"href":"https:\/\/empow-her.com\/en\/wp-json\/wp\/v2\/media\/123457"}],"wp:attachment":[{"href":"https:\/\/empow-her.com\/en\/wp-json\/wp\/v2\/media?parent=122132"}],"wp:term":[{"taxonomy":"product_brand","embeddable":true,"href":"https:\/\/empow-her.com\/en\/wp-json\/wp\/v2\/product_brand?post=122132"},{"taxonomy":"product_cat","embeddable":true,"href":"https:\/\/empow-her.com\/en\/wp-json\/wp\/v2\/product_cat?post=122132"},{"taxonomy":"product_tag","embeddable":true,"href":"https:\/\/empow-her.com\/en\/wp-json\/wp\/v2\/product_tag?post=122132"},{"taxonomy":"lieu","embeddable":true,"href":"https:\/\/empow-her.com\/en\/wp-json\/wp\/v2\/lieu?post=122132"},{"taxonomy":"thematiques","embeddable":true,"href":"https:\/\/empow-her.com\/en\/wp-json\/wp\/v2\/thematiques?post=122132"}],"curies":[{"name":"wp","href":"https:\/\/api.w.org\/{rel}","templated":true}]}}