{"id":121995,"date":"2022-09-01T10:58:37","date_gmt":"2022-09-01T08:58:37","guid":{"rendered":"https:\/\/empow-her.com\/?post_type=product&#038;p=121995"},"modified":"2022-09-01T11:12:37","modified_gmt":"2022-09-01T09:12:37","slug":"atelier-quel-statut-juridique-pour-se-lancer-1h30","status":"publish","type":"product","link":"https:\/\/empow-her.com\/en\/produit\/atelier-quel-statut-juridique-pour-se-lancer-1h30\/","title":{"rendered":"Atelier &#8211; Quel statut juridique pour se lancer ? (1h30)"},"content":{"rendered":"","protected":false},"excerpt":{"rendered":"<div>\n<p><span data-sheets-value=\"{&quot;1&quot;:2,&quot;2&quot;:&quot;Description : nnPr\u00e9-requis : nnIntervenant.e : nnSon super pouvoir : nnSon petit mot : &quot;}\" data-sheets-userformat=\"{&quot;2&quot;:641,&quot;3&quot;:{&quot;1&quot;:0},&quot;10&quot;:1,&quot;12&quot;:0}\"><strong>Description : <\/strong><\/span>Vous souhaitez mieux comprendre les diff\u00e9rents statuts juridiques, leurs caract\u00e9ristiques et leurs avantages \/ inconv\u00e9nients ?<br \/>\nVous d\u00e9veloppez un projet \u00e0 potentiel d&#8217;impact, et souhaitez conna\u00eetre les modalit\u00e9s pour construire une structure de l&#8217;\u00e9conomie sociale et solidaire ?<br \/>\nVous aimeriez davantage de visibilit\u00e9 sur les \u00e9tapes pour structurer juridiquement votre entreprise, association, ou autre forme juridique ?<\/p>\n<p>Lors de cet atelier collectif d&#8217;une heure et demie, des avocats vous pr\u00e9sentent les types de statuts juridiques existants et leurs caract\u00e9ristiques afin de choisir celui qui correspond \u00e0 votre situation et votre projet, et vous donnent leurs recommandations pratiques en vue de la cr\u00e9ation de votre structure !<\/p>\n<p><strong>Pr\u00e9-requis<\/strong> : Aucun<\/p>\n<p><strong>Intervenant.e : <\/strong>Maureen Theillet, Paco Ziani, Sol\u00e8ne G\u00e9rardin , Hugo Dauzats<\/p>\n<p><b>Lieu : <\/b>Sist&#8217;Her Paris, 82 rue du Faubourg Saint-Martin<\/p>\n<\/div>\n<div><\/div>\n<div><\/div>\n<div><span data-sheets-value=\"{&quot;1&quot;:2,&quot;2&quot;:&quot;Attention ! \u00a0Veuillez vous pr\u00e9sentez \u00e0 l'heure pour que l'activit\u00e9 puisse commencer \u00e0 temps. Si vous avez du retard veuillez pr\u00e9venir l'intervenant.e. Si vous avez plus de 15 min de retard l'intervenant.e se r\u00e9serve le droit de plus vous accepter pour le coaching ou l'atelier.\u00a0&quot;}\" data-sheets-userformat=\"{&quot;2&quot;:641,&quot;3&quot;:{&quot;1&quot;:0},&quot;10&quot;:1,&quot;12&quot;:0}\"><strong>Attention !<\/strong> \u00a0Veuillez vous pr\u00e9senter \u00e0 l&#8217;heure pour que l&#8217;activit\u00e9 puisse commencer \u00e0 temps. Si vous avez du retard veuillez pr\u00e9venir l&#8217;intervenant.e. Si vous avez plus de 15 min de retard l&#8217;intervenant.e se r\u00e9serve le droit de ne plus vous accepter pour le coaching ou l&#8217;atelier.\u00a0<\/span><\/div>\n<div><\/div>\n<p>Ce projet est co-financ\u00e9 par le Fonds Social Europ\u00e9en.<\/p>\n<p><img decoding=\"async\" class=\"\" src=\"https:\/\/www.sep-asso.fr\/wp-content\/uploads\/2018\/02\/logo-union-europeenne.png\" alt=\"logo union europeenne \u2013 SEP\" width=\"87\" height=\"72\" \/>\u00a0\u00a0<img decoding=\"async\" class=\"alignnone wp-image-15218\" src=\"https:\/\/empow-her.com\/wp-content\/uploads\/2021\/06\/logo_fonds_social_europeen-300x187.png\" alt=\"\" width=\"104\" height=\"65\" srcset=\"https:\/\/empow-her.com\/wp-content\/uploads\/2021\/06\/logo_fonds_social_europeen-300x187.png 300w, https:\/\/empow-her.com\/wp-content\/uploads\/2021\/06\/logo_fonds_social_europeen-600x375.png 600w, https:\/\/empow-her.com\/wp-content\/uploads\/2021\/06\/logo_fonds_social_europeen-24x15.png 24w, https:\/\/empow-her.com\/wp-content\/uploads\/2021\/06\/logo_fonds_social_europeen-36x22.png 36w, https:\/\/empow-her.com\/wp-content\/uploads\/2021\/06\/logo_fonds_social_europeen-48x30.png 48w, https:\/\/empow-her.com\/wp-content\/uploads\/2021\/06\/logo_fonds_social_europeen.png 666w\" sizes=\"(max-width: 104px) 100vw, 104px\" \/>\u00a0<img decoding=\"async\" class=\"\" src=\"https:\/\/franceactive-idf.org\/wp-content\/uploads\/2020\/02\/logo-region-ile-de-france.png\" alt=\"Logo Region Ile De France - France Active \u00cele-de-France\" width=\"126\" height=\"29\" \/><\/p>\n","protected":false},"featured_media":121996,"template":"","format":"standard","meta":{"_acf_changed":false,"om_disable_all_campaigns":false,"_uf_show_specific_survey":0,"_uf_disable_surveys":false},"product_brand":[],"product_cat":[118],"product_tag":[],"lieu":[127],"thematiques":[],"class_list":{"0":"post-121995","1":"product","2":"type-product","3":"status-publish","4":"format-standard","5":"has-post-thumbnail","7":"product_cat-atelier-collectif","8":"lieu-hub-empowher","10":"first","11":"instock","12":"virtual","13":"purchasable","14":"product-type-appointment"},"exclude_global_add_ons":[],"addons":[],"acf":[],"yoast_head":"<!-- This site is optimized with the Yoast SEO plugin v24.8 - https:\/\/yoast.com\/wordpress\/plugins\/seo\/ -->\n<title>Atelier - Quel statut juridique pour se lancer ? (1h30) - Empow&#039;Her<\/title>\n<meta name=\"robots\" content=\"index, follow, max-snippet:-1, max-image-preview:large, max-video-preview:-1\" \/>\n<link rel=\"canonical\" href=\"https:\/\/empow-her.com\/es\/produit\/atelier-quel-statut-juridique-pour-se-lancer-1h30\/\" \/>\n<meta property=\"og:locale\" content=\"en_US\" \/>\n<meta property=\"og:type\" content=\"article\" \/>\n<meta property=\"og:title\" content=\"Atelier - Quel statut juridique pour se lancer ? (1h30) - Empow&#039;Her\" \/>\n<meta property=\"og:description\" content=\"Description : Vous souhaitez mieux comprendre les diff\u00e9rents statuts juridiques, leurs caract\u00e9ristiques et leurs avantages \/ inconv\u00e9nients ? Vous d\u00e9veloppez un projet \u00e0 potentiel d&#039;impact, et souhaitez conna\u00eetre les modalit\u00e9s pour construire une structure de l&#039;\u00e9conomie sociale et solidaire ? Vous aimeriez davantage de visibilit\u00e9 sur les \u00e9tapes pour structurer juridiquement votre entreprise, association, ou autre forme juridique ?  Lors de cet atelier collectif d&#039;une heure et demie, des avocats vous pr\u00e9sentent les types de statuts juridiques existants et leurs caract\u00e9ristiques afin de choisir celui qui correspond \u00e0 votre situation et votre projet, et vous donnent leurs recommandations pratiques en vue de la cr\u00e9ation de votre structure !  Pr\u00e9-requis : Aucun  Intervenant.e : Maureen Theillet, Paco Ziani, Sol\u00e8ne G\u00e9rardin , Hugo Dauzats  Lieu : Sist&#039;Her Paris, 82 rue du Faubourg Saint-Martin     Attention ! \u00a0Veuillez vous pr\u00e9senter \u00e0 l&#039;heure pour que l&#039;activit\u00e9 puisse commencer \u00e0 temps. Si vous avez du retard veuillez pr\u00e9venir l&#039;intervenant.e. Si vous avez plus de 15 min de retard l&#039;intervenant.e se r\u00e9serve le droit de ne plus vous accepter pour le coaching ou l&#039;atelier.\u00a0  Ce projet est co-financ\u00e9 par le Fonds Social Europ\u00e9en.  \u00a0\u00a0\u00a0\" \/>\n<meta property=\"og:url\" content=\"https:\/\/empow-her.com\/es\/produit\/atelier-quel-statut-juridique-pour-se-lancer-1h30\/\" \/>\n<meta property=\"og:site_name\" content=\"Empow&#039;Her\" \/>\n<meta property=\"article:modified_time\" content=\"2022-09-01T09:12:37+00:00\" \/>\n<meta property=\"og:image\" content=\"https:\/\/empow-her.com\/wp-content\/uploads\/2022\/09\/Women-Dare-templates-events-2022-09-01T105702.585.png\" \/>\n\t<meta property=\"og:image:width\" content=\"1080\" \/>\n\t<meta property=\"og:image:height\" content=\"1080\" \/>\n\t<meta property=\"og:image:type\" content=\"image\/png\" \/>\n<meta name=\"twitter:card\" content=\"summary_large_image\" \/>\n<script type=\"application\/ld+json\" class=\"yoast-schema-graph\">{\"@context\":\"https:\/\/schema.org\",\"@graph\":[{\"@type\":\"WebPage\",\"@id\":\"https:\/\/empow-her.com\/es\/produit\/atelier-quel-statut-juridique-pour-se-lancer-1h30\/\",\"url\":\"https:\/\/empow-her.com\/es\/produit\/atelier-quel-statut-juridique-pour-se-lancer-1h30\/\",\"name\":\"Atelier - Quel statut juridique pour se lancer ? (1h30) - Empow&#039;Her\",\"isPartOf\":{\"@id\":\"https:\/\/empow-her.com\/#website\"},\"primaryImageOfPage\":{\"@id\":\"https:\/\/empow-her.com\/es\/produit\/atelier-quel-statut-juridique-pour-se-lancer-1h30\/#primaryimage\"},\"image\":{\"@id\":\"https:\/\/empow-her.com\/es\/produit\/atelier-quel-statut-juridique-pour-se-lancer-1h30\/#primaryimage\"},\"thumbnailUrl\":\"https:\/\/empow-her.com\/wp-content\/uploads\/2022\/09\/Women-Dare-templates-events-2022-09-01T105702.585.png\",\"datePublished\":\"2022-09-01T08:58:37+00:00\",\"dateModified\":\"2022-09-01T09:12:37+00:00\",\"breadcrumb\":{\"@id\":\"https:\/\/empow-her.com\/es\/produit\/atelier-quel-statut-juridique-pour-se-lancer-1h30\/#breadcrumb\"},\"inLanguage\":\"en-US\",\"potentialAction\":[{\"@type\":\"ReadAction\",\"target\":[\"https:\/\/empow-her.com\/es\/produit\/atelier-quel-statut-juridique-pour-se-lancer-1h30\/\"]}]},{\"@type\":\"ImageObject\",\"inLanguage\":\"en-US\",\"@id\":\"https:\/\/empow-her.com\/es\/produit\/atelier-quel-statut-juridique-pour-se-lancer-1h30\/#primaryimage\",\"url\":\"https:\/\/empow-her.com\/wp-content\/uploads\/2022\/09\/Women-Dare-templates-events-2022-09-01T105702.585.png\",\"contentUrl\":\"https:\/\/empow-her.com\/wp-content\/uploads\/2022\/09\/Women-Dare-templates-events-2022-09-01T105702.585.png\",\"width\":1080,\"height\":1080},{\"@type\":\"BreadcrumbList\",\"@id\":\"https:\/\/empow-her.com\/es\/produit\/atelier-quel-statut-juridique-pour-se-lancer-1h30\/#breadcrumb\",\"itemListElement\":[{\"@type\":\"ListItem\",\"position\":1,\"name\":\"Accueil\",\"item\":\"https:\/\/empow-her.com\/en\/landing-page\/\"},{\"@type\":\"ListItem\",\"position\":2,\"name\":\"LA BOUTIQUE\",\"item\":\"https:\/\/empow-her.com\/boutique\/\"},{\"@type\":\"ListItem\",\"position\":3,\"name\":\"Atelier &#8211; Quel statut juridique pour se lancer ? (1h30)\"}]},{\"@type\":\"WebSite\",\"@id\":\"https:\/\/empow-her.com\/#website\",\"url\":\"https:\/\/empow-her.com\/\",\"name\":\"Empow&#039;Her\",\"description\":\"Women Development\",\"potentialAction\":[{\"@type\":\"SearchAction\",\"target\":{\"@type\":\"EntryPoint\",\"urlTemplate\":\"https:\/\/empow-her.com\/?s={search_term_string}\"},\"query-input\":{\"@type\":\"PropertyValueSpecification\",\"valueRequired\":true,\"valueName\":\"search_term_string\"}}],\"inLanguage\":\"en-US\"}]}<\/script>\n<!-- \/ Yoast SEO plugin. -->","yoast_head_json":{"title":"Atelier - Quel statut juridique pour se lancer ? (1h30) - Empow&#039;Her","robots":{"index":"index","follow":"follow","max-snippet":"max-snippet:-1","max-image-preview":"max-image-preview:large","max-video-preview":"max-video-preview:-1"},"canonical":"https:\/\/empow-her.com\/es\/produit\/atelier-quel-statut-juridique-pour-se-lancer-1h30\/","og_locale":"en_US","og_type":"article","og_title":"Atelier - Quel statut juridique pour se lancer ? (1h30) - Empow&#039;Her","og_description":"Description : Vous souhaitez mieux comprendre les diff\u00e9rents statuts juridiques, leurs caract\u00e9ristiques et leurs avantages \/ inconv\u00e9nients ? Vous d\u00e9veloppez un projet \u00e0 potentiel d'impact, et souhaitez conna\u00eetre les modalit\u00e9s pour construire une structure de l'\u00e9conomie sociale et solidaire ? Vous aimeriez davantage de visibilit\u00e9 sur les \u00e9tapes pour structurer juridiquement votre entreprise, association, ou autre forme juridique ?  Lors de cet atelier collectif d'une heure et demie, des avocats vous pr\u00e9sentent les types de statuts juridiques existants et leurs caract\u00e9ristiques afin de choisir celui qui correspond \u00e0 votre situation et votre projet, et vous donnent leurs recommandations pratiques en vue de la cr\u00e9ation de votre structure !  Pr\u00e9-requis : Aucun  Intervenant.e : Maureen Theillet, Paco Ziani, Sol\u00e8ne G\u00e9rardin , Hugo Dauzats  Lieu : Sist'Her Paris, 82 rue du Faubourg Saint-Martin     Attention ! \u00a0Veuillez vous pr\u00e9senter \u00e0 l'heure pour que l'activit\u00e9 puisse commencer \u00e0 temps. Si vous avez du retard veuillez pr\u00e9venir l'intervenant.e. Si vous avez plus de 15 min de retard l'intervenant.e se r\u00e9serve le droit de ne plus vous accepter pour le coaching ou l'atelier.\u00a0  Ce projet est co-financ\u00e9 par le Fonds Social Europ\u00e9en.  \u00a0\u00a0\u00a0","og_url":"https:\/\/empow-her.com\/es\/produit\/atelier-quel-statut-juridique-pour-se-lancer-1h30\/","og_site_name":"Empow&#039;Her","article_modified_time":"2022-09-01T09:12:37+00:00","og_image":[{"width":1080,"height":1080,"url":"https:\/\/empow-her.com\/wp-content\/uploads\/2022\/09\/Women-Dare-templates-events-2022-09-01T105702.585.png","type":"image\/png"}],"twitter_card":"summary_large_image","schema":{"@context":"https:\/\/schema.org","@graph":[{"@type":"WebPage","@id":"https:\/\/empow-her.com\/es\/produit\/atelier-quel-statut-juridique-pour-se-lancer-1h30\/","url":"https:\/\/empow-her.com\/es\/produit\/atelier-quel-statut-juridique-pour-se-lancer-1h30\/","name":"Atelier - Quel statut juridique pour se lancer ? (1h30) - Empow&#039;Her","isPartOf":{"@id":"https:\/\/empow-her.com\/#website"},"primaryImageOfPage":{"@id":"https:\/\/empow-her.com\/es\/produit\/atelier-quel-statut-juridique-pour-se-lancer-1h30\/#primaryimage"},"image":{"@id":"https:\/\/empow-her.com\/es\/produit\/atelier-quel-statut-juridique-pour-se-lancer-1h30\/#primaryimage"},"thumbnailUrl":"https:\/\/empow-her.com\/wp-content\/uploads\/2022\/09\/Women-Dare-templates-events-2022-09-01T105702.585.png","datePublished":"2022-09-01T08:58:37+00:00","dateModified":"2022-09-01T09:12:37+00:00","breadcrumb":{"@id":"https:\/\/empow-her.com\/es\/produit\/atelier-quel-statut-juridique-pour-se-lancer-1h30\/#breadcrumb"},"inLanguage":"en-US","potentialAction":[{"@type":"ReadAction","target":["https:\/\/empow-her.com\/es\/produit\/atelier-quel-statut-juridique-pour-se-lancer-1h30\/"]}]},{"@type":"ImageObject","inLanguage":"en-US","@id":"https:\/\/empow-her.com\/es\/produit\/atelier-quel-statut-juridique-pour-se-lancer-1h30\/#primaryimage","url":"https:\/\/empow-her.com\/wp-content\/uploads\/2022\/09\/Women-Dare-templates-events-2022-09-01T105702.585.png","contentUrl":"https:\/\/empow-her.com\/wp-content\/uploads\/2022\/09\/Women-Dare-templates-events-2022-09-01T105702.585.png","width":1080,"height":1080},{"@type":"BreadcrumbList","@id":"https:\/\/empow-her.com\/es\/produit\/atelier-quel-statut-juridique-pour-se-lancer-1h30\/#breadcrumb","itemListElement":[{"@type":"ListItem","position":1,"name":"Accueil","item":"https:\/\/empow-her.com\/en\/landing-page\/"},{"@type":"ListItem","position":2,"name":"LA BOUTIQUE","item":"https:\/\/empow-her.com\/boutique\/"},{"@type":"ListItem","position":3,"name":"Atelier &#8211; Quel statut juridique pour se lancer ? (1h30)"}]},{"@type":"WebSite","@id":"https:\/\/empow-her.com\/#website","url":"https:\/\/empow-her.com\/","name":"Empow&#039;Her","description":"Women Development","potentialAction":[{"@type":"SearchAction","target":{"@type":"EntryPoint","urlTemplate":"https:\/\/empow-her.com\/?s={search_term_string}"},"query-input":{"@type":"PropertyValueSpecification","valueRequired":true,"valueName":"search_term_string"}}],"inLanguage":"en-US"}]}},"_links":{"self":[{"href":"https:\/\/empow-her.com\/en\/wp-json\/wp\/v2\/product\/121995","targetHints":{"allow":["GET"]}}],"collection":[{"href":"https:\/\/empow-her.com\/en\/wp-json\/wp\/v2\/product"}],"about":[{"href":"https:\/\/empow-her.com\/en\/wp-json\/wp\/v2\/types\/product"}],"wp:featuredmedia":[{"embeddable":true,"href":"https:\/\/empow-her.com\/en\/wp-json\/wp\/v2\/media\/121996"}],"wp:attachment":[{"href":"https:\/\/empow-her.com\/en\/wp-json\/wp\/v2\/media?parent=121995"}],"wp:term":[{"taxonomy":"product_brand","embeddable":true,"href":"https:\/\/empow-her.com\/en\/wp-json\/wp\/v2\/product_brand?post=121995"},{"taxonomy":"product_cat","embeddable":true,"href":"https:\/\/empow-her.com\/en\/wp-json\/wp\/v2\/product_cat?post=121995"},{"taxonomy":"product_tag","embeddable":true,"href":"https:\/\/empow-her.com\/en\/wp-json\/wp\/v2\/product_tag?post=121995"},{"taxonomy":"lieu","embeddable":true,"href":"https:\/\/empow-her.com\/en\/wp-json\/wp\/v2\/lieu?post=121995"},{"taxonomy":"thematiques","embeddable":true,"href":"https:\/\/empow-her.com\/en\/wp-json\/wp\/v2\/thematiques?post=121995"}],"curies":[{"name":"wp","href":"https:\/\/api.w.org\/{rel}","templated":true}]}}