{"id":121855,"date":"2022-08-29T10:41:38","date_gmt":"2022-08-29T08:41:38","guid":{"rendered":"https:\/\/empow-her.com\/?post_type=product&#038;p=121855"},"modified":"2022-09-28T11:40:26","modified_gmt":"2022-09-28T09:40:26","slug":"sorority-show-3","status":"publish","type":"product","link":"https:\/\/empow-her.com\/en\/produit\/sorority-show-3\/","title":{"rendered":"Sorority Show #3"},"content":{"rendered":"","protected":false},"excerpt":{"rendered":"<p>Cr\u00e9ons ensemble une nouvelle culture entrepreneuriale plus inclusive !<\/p>\n<p>Vous n&#8217;avez pas toujours l&#8217;impression d&#8217;\u00eatre \u00e0 votre place \u00e0 un \u00e9v\u00e9nement de &#8220;networking&#8221; entre entrepreneur.e.s. Vous vous \u00eates d\u00e9j\u00e0 sentie mal \u00e0 l&#8217;aise en parlant de votre projet face \u00e0 un jury\/un banquier\/un.e proche et avez parfois eu des retours difficiles \u00e0 avaler. Bref, il est parfois compliqu\u00e9 de naviguer dans le secteur entrepreneurial. Pourtant, vous \u00eates de plus en plus nombreuses \u00e0 vous lancer, alors pourquoi ne pas bousculer les codes et construire un secteur qui nous ressemble ?<\/p>\n<p>&#x1f449; Le Sorority Show s\u2019adresse aux porteuses de projets et entrepreneuses de tout stade d&#8217;avancement, tout secteur, et ne n\u00e9cessite pas de pr\u00e9-requis. L&#8217;objectif de la session est de faciliter l&#8217;entraide, en cr\u00e9ant (vraiment!) un espace bienveillant et en donnant des outils aux participantes pour se challenger et progresser ensemble.<\/p>\n<p>&#x26a1;&#xfe0f;&#x26a1;&#xfe0f;&#x26a1;&#xfe0f;<\/p>\n<p>Pour cela, nous avons con\u00e7u une m\u00e9thodologie unique d&#8217;intelligence collective m\u00e9lant pitch, co-d\u00e9veloppement et \u00e9coute active. \u00c0 chaque session, 2 \u00e0 4 porteuses de projets se font challenger par leurs paires pour b\u00e9n\u00e9ficier de retours utiles et concrets.<\/p>\n<p>Nous croyons au pouvoir de l&#8217;intelligence collective et souhaitons permettre \u00e0 chacune de trouver sa place dans l&#8217;aventure entrepreneuriale.<\/p>\n<p>Vous repartirez plein de good vibes et avec de nouvelles id\u00e9es !<\/p>\n<div>&#x26a1;&#xfe0f;&#x26a1;&#xfe0f;&#x26a1;&#xfe0f;<\/div>\n<div><\/div>\n<div>&#x26a1;&#xfe0f; SAVE THE DATE &#x26a1;&#xfe0f;<\/div>\n<div>&#x1f4c6; Mardi 13 septembre de 18h30 \u00e0 20h30<\/div>\n<div>&#x1f4cd; Sist\u2019her Paris, 82 rue du Faubourg St Martin<\/div>\n<div>&#x1f516; R\u00e9servation gratuite obligatoire<\/div>\n<div><\/div>\n<div>On vous attend nombreuses et on vous dit \u00e0 tr\u00e8s vite !<\/div>\n<div>Ce projet est co-financ\u00e9 par le Fonds social europ\u00e9en.<\/div>\n","protected":false},"featured_media":121856,"template":"","format":"standard","meta":{"_acf_changed":false,"om_disable_all_campaigns":false,"_uf_show_specific_survey":0,"_uf_disable_surveys":false},"product_brand":[],"product_cat":[119],"product_tag":[],"lieu":[127],"thematiques":[],"class_list":{"0":"post-121855","1":"product","2":"type-product","3":"status-publish","4":"format-standard","5":"has-post-thumbnail","7":"product_cat-evenement-sisther","8":"lieu-hub-empowher","10":"first","11":"instock","12":"virtual","13":"purchasable","14":"product-type-appointment"},"exclude_global_add_ons":[],"addons":[],"acf":[],"yoast_head":"<!-- This site is optimized with the Yoast SEO plugin v24.8 - https:\/\/yoast.com\/wordpress\/plugins\/seo\/ -->\n<title>Sorority Show #3 -<\/title>\n<meta name=\"description\" content=\"Le mardi 19 juillet de 19h \u00e0 20h30, rejoins nous chez Sist&#039;Her et prend part au Sorority show ! Pour faire d\u00e9coller vos projets.\" \/>\n<meta name=\"robots\" content=\"index, follow, max-snippet:-1, max-image-preview:large, max-video-preview:-1\" \/>\n<link rel=\"canonical\" href=\"https:\/\/empow-her.com\/en\/produit\/sorority-show-3\/\" \/>\n<meta property=\"og:locale\" content=\"en_US\" \/>\n<meta property=\"og:type\" content=\"article\" \/>\n<meta property=\"og:title\" content=\"Sorority Show #3 -\" \/>\n<meta property=\"og:description\" content=\"Le mardi 19 juillet de 19h \u00e0 20h30, rejoins nous chez Sist&#039;Her et prend part au Sorority show ! Pour faire d\u00e9coller vos projets.\" \/>\n<meta property=\"og:url\" content=\"https:\/\/empow-her.com\/en\/produit\/sorority-show-3\/\" \/>\n<meta property=\"og:site_name\" content=\"Empow&#039;Her\" \/>\n<meta property=\"article:modified_time\" content=\"2022-09-28T09:40:26+00:00\" \/>\n<meta property=\"og:image\" content=\"https:\/\/empow-her.com\/wp-content\/uploads\/2022\/08\/Template-Event-SistHer-site-2.png\" \/>\n\t<meta property=\"og:image:width\" content=\"1080\" \/>\n\t<meta property=\"og:image:height\" content=\"1080\" \/>\n\t<meta property=\"og:image:type\" content=\"image\/png\" \/>\n<meta name=\"twitter:card\" content=\"summary_large_image\" \/>\n<script type=\"application\/ld+json\" class=\"yoast-schema-graph\">{\"@context\":\"https:\/\/schema.org\",\"@graph\":[{\"@type\":\"WebPage\",\"@id\":\"https:\/\/empow-her.com\/en\/produit\/sorority-show-3\/\",\"url\":\"https:\/\/empow-her.com\/en\/produit\/sorority-show-3\/\",\"name\":\"Sorority Show #3 -\",\"isPartOf\":{\"@id\":\"https:\/\/empow-her.com\/#website\"},\"primaryImageOfPage\":{\"@id\":\"https:\/\/empow-her.com\/en\/produit\/sorority-show-3\/#primaryimage\"},\"image\":{\"@id\":\"https:\/\/empow-her.com\/en\/produit\/sorority-show-3\/#primaryimage\"},\"thumbnailUrl\":\"https:\/\/empow-her.com\/wp-content\/uploads\/2022\/08\/Template-Event-SistHer-site-2.png\",\"datePublished\":\"2022-08-29T08:41:38+00:00\",\"dateModified\":\"2022-09-28T09:40:26+00:00\",\"description\":\"Le mardi 19 juillet de 19h \u00e0 20h30, rejoins nous chez Sist'Her et prend part au Sorority show ! Pour faire d\u00e9coller vos projets.\",\"breadcrumb\":{\"@id\":\"https:\/\/empow-her.com\/en\/produit\/sorority-show-3\/#breadcrumb\"},\"inLanguage\":\"en-US\",\"potentialAction\":[{\"@type\":\"ReadAction\",\"target\":[\"https:\/\/empow-her.com\/en\/produit\/sorority-show-3\/\"]}]},{\"@type\":\"ImageObject\",\"inLanguage\":\"en-US\",\"@id\":\"https:\/\/empow-her.com\/en\/produit\/sorority-show-3\/#primaryimage\",\"url\":\"https:\/\/empow-her.com\/wp-content\/uploads\/2022\/08\/Template-Event-SistHer-site-2.png\",\"contentUrl\":\"https:\/\/empow-her.com\/wp-content\/uploads\/2022\/08\/Template-Event-SistHer-site-2.png\",\"width\":1080,\"height\":1080},{\"@type\":\"BreadcrumbList\",\"@id\":\"https:\/\/empow-her.com\/en\/produit\/sorority-show-3\/#breadcrumb\",\"itemListElement\":[{\"@type\":\"ListItem\",\"position\":1,\"name\":\"Accueil\",\"item\":\"https:\/\/empow-her.com\/en\/landing-page\/\"},{\"@type\":\"ListItem\",\"position\":2,\"name\":\"LA BOUTIQUE\",\"item\":\"https:\/\/empow-her.com\/boutique\/\"},{\"@type\":\"ListItem\",\"position\":3,\"name\":\"Sorority Show #3\"}]},{\"@type\":\"WebSite\",\"@id\":\"https:\/\/empow-her.com\/#website\",\"url\":\"https:\/\/empow-her.com\/\",\"name\":\"Empow&#039;Her\",\"description\":\"Women Development\",\"potentialAction\":[{\"@type\":\"SearchAction\",\"target\":{\"@type\":\"EntryPoint\",\"urlTemplate\":\"https:\/\/empow-her.com\/?s={search_term_string}\"},\"query-input\":{\"@type\":\"PropertyValueSpecification\",\"valueRequired\":true,\"valueName\":\"search_term_string\"}}],\"inLanguage\":\"en-US\"}]}<\/script>\n<!-- \/ Yoast SEO plugin. -->","yoast_head_json":{"title":"Sorority Show #3 -","description":"Le mardi 19 juillet de 19h \u00e0 20h30, rejoins nous chez Sist'Her et prend part au Sorority show ! Pour faire d\u00e9coller vos projets.","robots":{"index":"index","follow":"follow","max-snippet":"max-snippet:-1","max-image-preview":"max-image-preview:large","max-video-preview":"max-video-preview:-1"},"canonical":"https:\/\/empow-her.com\/en\/produit\/sorority-show-3\/","og_locale":"en_US","og_type":"article","og_title":"Sorority Show #3 -","og_description":"Le mardi 19 juillet de 19h \u00e0 20h30, rejoins nous chez Sist'Her et prend part au Sorority show ! Pour faire d\u00e9coller vos projets.","og_url":"https:\/\/empow-her.com\/en\/produit\/sorority-show-3\/","og_site_name":"Empow&#039;Her","article_modified_time":"2022-09-28T09:40:26+00:00","og_image":[{"width":1080,"height":1080,"url":"https:\/\/empow-her.com\/wp-content\/uploads\/2022\/08\/Template-Event-SistHer-site-2.png","type":"image\/png"}],"twitter_card":"summary_large_image","schema":{"@context":"https:\/\/schema.org","@graph":[{"@type":"WebPage","@id":"https:\/\/empow-her.com\/en\/produit\/sorority-show-3\/","url":"https:\/\/empow-her.com\/en\/produit\/sorority-show-3\/","name":"Sorority Show #3 -","isPartOf":{"@id":"https:\/\/empow-her.com\/#website"},"primaryImageOfPage":{"@id":"https:\/\/empow-her.com\/en\/produit\/sorority-show-3\/#primaryimage"},"image":{"@id":"https:\/\/empow-her.com\/en\/produit\/sorority-show-3\/#primaryimage"},"thumbnailUrl":"https:\/\/empow-her.com\/wp-content\/uploads\/2022\/08\/Template-Event-SistHer-site-2.png","datePublished":"2022-08-29T08:41:38+00:00","dateModified":"2022-09-28T09:40:26+00:00","description":"Le mardi 19 juillet de 19h \u00e0 20h30, rejoins nous chez Sist'Her et prend part au Sorority show ! Pour faire d\u00e9coller vos projets.","breadcrumb":{"@id":"https:\/\/empow-her.com\/en\/produit\/sorority-show-3\/#breadcrumb"},"inLanguage":"en-US","potentialAction":[{"@type":"ReadAction","target":["https:\/\/empow-her.com\/en\/produit\/sorority-show-3\/"]}]},{"@type":"ImageObject","inLanguage":"en-US","@id":"https:\/\/empow-her.com\/en\/produit\/sorority-show-3\/#primaryimage","url":"https:\/\/empow-her.com\/wp-content\/uploads\/2022\/08\/Template-Event-SistHer-site-2.png","contentUrl":"https:\/\/empow-her.com\/wp-content\/uploads\/2022\/08\/Template-Event-SistHer-site-2.png","width":1080,"height":1080},{"@type":"BreadcrumbList","@id":"https:\/\/empow-her.com\/en\/produit\/sorority-show-3\/#breadcrumb","itemListElement":[{"@type":"ListItem","position":1,"name":"Accueil","item":"https:\/\/empow-her.com\/en\/landing-page\/"},{"@type":"ListItem","position":2,"name":"LA BOUTIQUE","item":"https:\/\/empow-her.com\/boutique\/"},{"@type":"ListItem","position":3,"name":"Sorority Show #3"}]},{"@type":"WebSite","@id":"https:\/\/empow-her.com\/#website","url":"https:\/\/empow-her.com\/","name":"Empow&#039;Her","description":"Women Development","potentialAction":[{"@type":"SearchAction","target":{"@type":"EntryPoint","urlTemplate":"https:\/\/empow-her.com\/?s={search_term_string}"},"query-input":{"@type":"PropertyValueSpecification","valueRequired":true,"valueName":"search_term_string"}}],"inLanguage":"en-US"}]}},"_links":{"self":[{"href":"https:\/\/empow-her.com\/en\/wp-json\/wp\/v2\/product\/121855","targetHints":{"allow":["GET"]}}],"collection":[{"href":"https:\/\/empow-her.com\/en\/wp-json\/wp\/v2\/product"}],"about":[{"href":"https:\/\/empow-her.com\/en\/wp-json\/wp\/v2\/types\/product"}],"wp:featuredmedia":[{"embeddable":true,"href":"https:\/\/empow-her.com\/en\/wp-json\/wp\/v2\/media\/121856"}],"wp:attachment":[{"href":"https:\/\/empow-her.com\/en\/wp-json\/wp\/v2\/media?parent=121855"}],"wp:term":[{"taxonomy":"product_brand","embeddable":true,"href":"https:\/\/empow-her.com\/en\/wp-json\/wp\/v2\/product_brand?post=121855"},{"taxonomy":"product_cat","embeddable":true,"href":"https:\/\/empow-her.com\/en\/wp-json\/wp\/v2\/product_cat?post=121855"},{"taxonomy":"product_tag","embeddable":true,"href":"https:\/\/empow-her.com\/en\/wp-json\/wp\/v2\/product_tag?post=121855"},{"taxonomy":"lieu","embeddable":true,"href":"https:\/\/empow-her.com\/en\/wp-json\/wp\/v2\/lieu?post=121855"},{"taxonomy":"thematiques","embeddable":true,"href":"https:\/\/empow-her.com\/en\/wp-json\/wp\/v2\/thematiques?post=121855"}],"curies":[{"name":"wp","href":"https:\/\/api.w.org\/{rel}","templated":true}]}}