{"id":121381,"date":"2022-07-20T17:26:07","date_gmt":"2022-07-20T15:26:07","guid":{"rendered":"https:\/\/empow-her.com\/?post_type=product&#038;p=121381"},"modified":"2022-10-24T17:47:16","modified_gmt":"2022-10-24T15:47:16","slug":"exposition-performances-artistiques-vernissage-sisther","status":"publish","type":"product","link":"https:\/\/empow-her.com\/en\/produit\/exposition-performances-artistiques-vernissage-sisther\/","title":{"rendered":"Exposition &#8211; La liste de Pr\u00e9noms"},"content":{"rendered":"<p>Le jeudi 24 novembre de 18h30 \u00e0 21h, dans la cadre de la Journ\u00e9e Internationale contre les violences faites aux femmes, viens nous voir chez Sist\u2019Her pour le vernissage de l&#8217;exposition La liste de pr\u00e9noms, d&#8217;Ole\u00f1ka Carrasco. &#x1f483; L&#8217;artiste concoctera une lecture \/ performance pour l&#8217;occasion et sera accompagn\u00e9e de la danseuse H\u00e9l\u00e8ne Larrod\u00e9. \u00a0La lecture sera suivie d\u2019une conversation avec les artistes anim\u00e9e par la journaliste ind\u00e9pendante Sarah Bosquet. &#x2600;&#xfe0f;<\/p>\n<p>&#x26a1;&#xfe0f;&#x26a1;&#xfe0f;&#x26a1;&#xfe0f;<\/p>\n<p>Ole\u00f1ka Carrasco est une artiste transdisciplinaire d&#8217;origine v\u00e9n\u00e9zu\u00e9lien bas\u00e9e \u00e0 Paris, laur\u00e9ate du Prix Photo Folio Review 2022. Maison pr\u00eat\u00e9e pour un deuil sera dans la programmation officielle des Rencontres d\u2019Arles 2023. Elle est aussi auteure du livre La Latitude des Pas, publi\u00e9 en 2018 en Espagne.<\/p>\n<p>&#x26a1;&#xfe0f;&#x26a1;&#xfe0f;&#x26a1;&#xfe0f;<\/p>\n<p>Parmi ses principales oeuvres, on compte : La liste de pr\u00e9noms (qui sera expos\u00e9e chez Sist&#8217;Her); Le cimeti\u00e8re de vivants ; Lettres de Paris et La multiplicit\u00e9 de l\u2019autofragmentation. Ces travaux ont \u00e9t\u00e9 expos\u00e9s enFrance, en Espagne et en Italie dans des galeries, des festivals et des institutions. Quant \u00e0 son projet d&#8217;impact La.ima., il s&#8217;agit d&#8217;un espace interg\u00e9n\u00e9rationnel d&#8217;exp\u00e9rimentation et de questionnement de la photographie cr\u00e9\u00e9 en 2021 avec la ferme ambition de transformer la p\u00e9dagogie et la forme de transmission autour de l&#8217;image.<\/p>\n<p>&#x26a1;&#xfe0f;&#x26a1;&#xfe0f;&#x26a1;&#xfe0f;<\/p>\n<p>Ouvert en mars 2021, Sist\u2019Her est le premier tiers-lieu d\u00e9di\u00e9 aux entrepreneuses et \u00e0 impact en \u00cele-de-France. Port\u00e9 par l\u2019association Empow\u2019Her, c\u2019est un lieu de vie bienveillant et joyeux, ouvert \u00e0 tou\u00b7te\u00b7s o\u00f9 il est possible de se former, s&#8217;inspirer, s&#8217;engager et se rencontrer.<\/p>\n<p>&#x1f4c5; SAVE THE DATE &#x1f4c5;<\/p>\n<p>Jeudi 24 novembre de 18h30 \u00e0 21h<br \/>\n&#x1f516; R\u00e9servation gratuite obligatoire : <span id=\"sample-permalink\"><a href=\"https:\/\/empow-her.com\/?post_type=product&amp;p=121381&amp;preview=true\" target=\"wp-preview-121381\" rel=\"noopener\">https:\/\/empow-her.com\/produit\/<span id=\"editable-post-name\">Exposition-performances-artistiques-vernissage-Sisther<\/span>\/<\/a><\/span> \u200e<br \/>\n&#x1f4cd; Sist&#8217;Her : 82 rue du Faubourg Saint-Martin 75010 Paris<\/p>\n<p>Ce projet est co-financ\u00e9 par le Fonds Social Europ\u00e9en.<\/p>\n","protected":false},"excerpt":{"rendered":"<p>Le jeudi 24 novembre de 18h30 \u00e0 21h, dans la cadre de la Journ\u00e9e Internationale contre les violences faites aux femmes, viens nous voir chez Sist\u2019Her pour le vernissage de l&#8217;exposition La liste de pr\u00e9noms, d&#8217;Ole\u00f1ka Carrasco. &#x1f483; L&#8217;artiste concoctera une lecture \/ performance pour l&#8217;occasion et sera accompagn\u00e9e de la danseuse H\u00e9l\u00e8ne Larrod\u00e9. \u00a0La lecture sera suivie d\u2019une conversation avec les artistes anim\u00e9e par la journaliste ind\u00e9pendante Sarah Bosquet. &#x2600;&#xfe0f;<\/p>\n<p>&#x26a1;&#xfe0f;&#x26a1;&#xfe0f;&#x26a1;&#xfe0f;<\/p>\n<p>Ole\u00f1ka Carrasco est une artiste transdisciplinaire d&#8217;origine v\u00e9n\u00e9zu\u00e9lien bas\u00e9e \u00e0 Paris, laur\u00e9ate du Prix Photo Folio Review 2022. Maison pr\u00eat\u00e9e pour un deuil sera dans la programmation officielle des Rencontres d\u2019Arles 2023. Elle est aussi auteure du livre La Latitude des Pas, publi\u00e9 en 2018 en Espagne.<\/p>\n<p>&#x26a1;&#xfe0f;&#x26a1;&#xfe0f;&#x26a1;&#xfe0f;<\/p>\n<p>Parmi ses principales oeuvres, on compte : La liste de pr\u00e9noms (qui sera expos\u00e9e chez Sist&#8217;Her); Le cimeti\u00e8re de vivants ; Lettres de Paris et La multiplicit\u00e9 de l\u2019autofragmentation. Ces travaux ont \u00e9t\u00e9 expos\u00e9s enFrance, en Espagne et en Italie dans des galeries, des festivals et des institutions. Quant \u00e0 son projet d&#8217;impact La.ima., il s&#8217;agit d&#8217;un espace interg\u00e9n\u00e9rationnel d&#8217;exp\u00e9rimentation et de questionnement de la photographie cr\u00e9\u00e9 en 2021 avec la ferme ambition de transformer la p\u00e9dagogie et la forme de transmission autour de l&#8217;image.<\/p>\n<p>&#x26a1;&#xfe0f;&#x26a1;&#xfe0f;&#x26a1;&#xfe0f;<\/p>\n<p>Ouvert en mars 2021, Sist\u2019Her est le premier tiers-lieu d\u00e9di\u00e9 aux entrepreneuses et \u00e0 impact en \u00cele-de-France. Port\u00e9 par l\u2019association Empow\u2019Her, c\u2019est un lieu de vie bienveillant et joyeux, ouvert \u00e0 tou\u00b7te\u00b7s o\u00f9 il est possible de se former, s&#8217;inspirer, s&#8217;engager et se rencontrer.<\/p>\n<p>&#x1f4c5; SAVE THE DATE &#x1f4c5;<\/p>\n<p>Jeudi 24 novembre de 18h30 \u00e0 21h<br \/>\n&#x1f516; R\u00e9servation gratuite obligatoire : <span id=\"sample-permalink\"><a href=\"https:\/\/empow-her.com\/?post_type=product&amp;p=121381&amp;preview=true\" target=\"wp-preview-121381\" rel=\"noopener\">https:\/\/empow-her.com\/produit\/<span id=\"editable-post-name\">Exposition-performances-artistiques-vernissage-Sisther<\/span>\/<\/a><\/span> \u200e<br \/>\n&#x1f4cd; Sist&#8217;Her : 82 rue du Faubourg Saint-Martin 75010 Paris<\/p>\n","protected":false},"featured_media":121384,"template":"","format":"standard","meta":{"_acf_changed":false,"om_disable_all_campaigns":false,"_uf_show_specific_survey":0,"_uf_disable_surveys":false},"product_brand":[],"product_cat":[119],"product_tag":[],"lieu":[127],"thematiques":[],"class_list":{"0":"post-121381","1":"product","2":"type-product","3":"status-publish","4":"format-standard","5":"has-post-thumbnail","7":"product_cat-evenement-sisther","8":"lieu-hub-empowher","10":"first","11":"instock","12":"virtual","13":"purchasable","14":"product-type-appointment"},"exclude_global_add_ons":[],"addons":[],"acf":[],"yoast_head":"<!-- This site is optimized with the Yoast SEO plugin v24.8 - https:\/\/yoast.com\/wordpress\/plugins\/seo\/ -->\n<title>Exposition - La liste de Pr\u00e9noms -<\/title>\n<meta name=\"description\" content=\"Participe au vernissage inspirant, en lecture et danse, de l&#039;artiste Ole\u00f1ka Carrasco, le jeudi 24 novembre de 18h30 \u00e0 21h !\" \/>\n<meta name=\"robots\" content=\"index, follow, max-snippet:-1, max-image-preview:large, max-video-preview:-1\" \/>\n<link rel=\"canonical\" href=\"https:\/\/empow-her.com\/produit\/exposition-performances-artistiques-vernissage-sisther\/\" \/>\n<meta property=\"og:locale\" content=\"en_US\" \/>\n<meta property=\"og:type\" content=\"article\" \/>\n<meta property=\"og:title\" content=\"Exposition - La liste de Pr\u00e9noms -\" \/>\n<meta property=\"og:description\" content=\"Participe au vernissage inspirant, en lecture et danse, de l&#039;artiste Ole\u00f1ka Carrasco, le jeudi 24 novembre de 18h30 \u00e0 21h !\" \/>\n<meta property=\"og:url\" content=\"https:\/\/empow-her.com\/produit\/exposition-performances-artistiques-vernissage-sisther\/\" \/>\n<meta property=\"og:site_name\" content=\"Empow&#039;Her\" \/>\n<meta property=\"article:modified_time\" content=\"2022-10-24T15:47:16+00:00\" \/>\n<meta property=\"og:image\" content=\"https:\/\/empow-her.com\/wp-content\/uploads\/2022\/07\/Template-Event-SistHer-site-12-1.png\" \/>\n\t<meta property=\"og:image:width\" content=\"1080\" \/>\n\t<meta property=\"og:image:height\" content=\"1080\" \/>\n\t<meta property=\"og:image:type\" content=\"image\/png\" \/>\n<meta name=\"twitter:card\" content=\"summary_large_image\" \/>\n<meta name=\"twitter:label1\" content=\"Est. reading time\" \/>\n\t<meta name=\"twitter:data1\" content=\"2 minutes\" \/>\n<script type=\"application\/ld+json\" class=\"yoast-schema-graph\">{\"@context\":\"https:\/\/schema.org\",\"@graph\":[{\"@type\":\"WebPage\",\"@id\":\"https:\/\/empow-her.com\/produit\/exposition-performances-artistiques-vernissage-sisther\/\",\"url\":\"https:\/\/empow-her.com\/produit\/exposition-performances-artistiques-vernissage-sisther\/\",\"name\":\"Exposition - La liste de Pr\u00e9noms -\",\"isPartOf\":{\"@id\":\"https:\/\/empow-her.com\/#website\"},\"primaryImageOfPage\":{\"@id\":\"https:\/\/empow-her.com\/produit\/exposition-performances-artistiques-vernissage-sisther\/#primaryimage\"},\"image\":{\"@id\":\"https:\/\/empow-her.com\/produit\/exposition-performances-artistiques-vernissage-sisther\/#primaryimage\"},\"thumbnailUrl\":\"https:\/\/empow-her.com\/wp-content\/uploads\/2022\/07\/Template-Event-SistHer-site-12-1.png\",\"datePublished\":\"2022-07-20T15:26:07+00:00\",\"dateModified\":\"2022-10-24T15:47:16+00:00\",\"description\":\"Participe au vernissage inspirant, en lecture et danse, de l'artiste Ole\u00f1ka Carrasco, le jeudi 24 novembre de 18h30 \u00e0 21h !\",\"breadcrumb\":{\"@id\":\"https:\/\/empow-her.com\/produit\/exposition-performances-artistiques-vernissage-sisther\/#breadcrumb\"},\"inLanguage\":\"en-US\",\"potentialAction\":[{\"@type\":\"ReadAction\",\"target\":[\"https:\/\/empow-her.com\/produit\/exposition-performances-artistiques-vernissage-sisther\/\"]}]},{\"@type\":\"ImageObject\",\"inLanguage\":\"en-US\",\"@id\":\"https:\/\/empow-her.com\/produit\/exposition-performances-artistiques-vernissage-sisther\/#primaryimage\",\"url\":\"https:\/\/empow-her.com\/wp-content\/uploads\/2022\/07\/Template-Event-SistHer-site-12-1.png\",\"contentUrl\":\"https:\/\/empow-her.com\/wp-content\/uploads\/2022\/07\/Template-Event-SistHer-site-12-1.png\",\"width\":1080,\"height\":1080},{\"@type\":\"BreadcrumbList\",\"@id\":\"https:\/\/empow-her.com\/produit\/exposition-performances-artistiques-vernissage-sisther\/#breadcrumb\",\"itemListElement\":[{\"@type\":\"ListItem\",\"position\":1,\"name\":\"Accueil\",\"item\":\"https:\/\/empow-her.com\/en\/landing-page\/\"},{\"@type\":\"ListItem\",\"position\":2,\"name\":\"LA BOUTIQUE\",\"item\":\"https:\/\/empow-her.com\/boutique\/\"},{\"@type\":\"ListItem\",\"position\":3,\"name\":\"Exposition &#8211; La liste de Pr\u00e9noms\"}]},{\"@type\":\"WebSite\",\"@id\":\"https:\/\/empow-her.com\/#website\",\"url\":\"https:\/\/empow-her.com\/\",\"name\":\"Empow&#039;Her\",\"description\":\"Women Development\",\"potentialAction\":[{\"@type\":\"SearchAction\",\"target\":{\"@type\":\"EntryPoint\",\"urlTemplate\":\"https:\/\/empow-her.com\/?s={search_term_string}\"},\"query-input\":{\"@type\":\"PropertyValueSpecification\",\"valueRequired\":true,\"valueName\":\"search_term_string\"}}],\"inLanguage\":\"en-US\"}]}<\/script>\n<!-- \/ Yoast SEO plugin. -->","yoast_head_json":{"title":"Exposition - La liste de Pr\u00e9noms -","description":"Participe au vernissage inspirant, en lecture et danse, de l'artiste Ole\u00f1ka Carrasco, le jeudi 24 novembre de 18h30 \u00e0 21h !","robots":{"index":"index","follow":"follow","max-snippet":"max-snippet:-1","max-image-preview":"max-image-preview:large","max-video-preview":"max-video-preview:-1"},"canonical":"https:\/\/empow-her.com\/produit\/exposition-performances-artistiques-vernissage-sisther\/","og_locale":"en_US","og_type":"article","og_title":"Exposition - La liste de Pr\u00e9noms -","og_description":"Participe au vernissage inspirant, en lecture et danse, de l'artiste Ole\u00f1ka Carrasco, le jeudi 24 novembre de 18h30 \u00e0 21h !","og_url":"https:\/\/empow-her.com\/produit\/exposition-performances-artistiques-vernissage-sisther\/","og_site_name":"Empow&#039;Her","article_modified_time":"2022-10-24T15:47:16+00:00","og_image":[{"width":1080,"height":1080,"url":"https:\/\/empow-her.com\/wp-content\/uploads\/2022\/07\/Template-Event-SistHer-site-12-1.png","type":"image\/png"}],"twitter_card":"summary_large_image","twitter_misc":{"Est. reading time":"2 minutes"},"schema":{"@context":"https:\/\/schema.org","@graph":[{"@type":"WebPage","@id":"https:\/\/empow-her.com\/produit\/exposition-performances-artistiques-vernissage-sisther\/","url":"https:\/\/empow-her.com\/produit\/exposition-performances-artistiques-vernissage-sisther\/","name":"Exposition - La liste de Pr\u00e9noms -","isPartOf":{"@id":"https:\/\/empow-her.com\/#website"},"primaryImageOfPage":{"@id":"https:\/\/empow-her.com\/produit\/exposition-performances-artistiques-vernissage-sisther\/#primaryimage"},"image":{"@id":"https:\/\/empow-her.com\/produit\/exposition-performances-artistiques-vernissage-sisther\/#primaryimage"},"thumbnailUrl":"https:\/\/empow-her.com\/wp-content\/uploads\/2022\/07\/Template-Event-SistHer-site-12-1.png","datePublished":"2022-07-20T15:26:07+00:00","dateModified":"2022-10-24T15:47:16+00:00","description":"Participe au vernissage inspirant, en lecture et danse, de l'artiste Ole\u00f1ka Carrasco, le jeudi 24 novembre de 18h30 \u00e0 21h !","breadcrumb":{"@id":"https:\/\/empow-her.com\/produit\/exposition-performances-artistiques-vernissage-sisther\/#breadcrumb"},"inLanguage":"en-US","potentialAction":[{"@type":"ReadAction","target":["https:\/\/empow-her.com\/produit\/exposition-performances-artistiques-vernissage-sisther\/"]}]},{"@type":"ImageObject","inLanguage":"en-US","@id":"https:\/\/empow-her.com\/produit\/exposition-performances-artistiques-vernissage-sisther\/#primaryimage","url":"https:\/\/empow-her.com\/wp-content\/uploads\/2022\/07\/Template-Event-SistHer-site-12-1.png","contentUrl":"https:\/\/empow-her.com\/wp-content\/uploads\/2022\/07\/Template-Event-SistHer-site-12-1.png","width":1080,"height":1080},{"@type":"BreadcrumbList","@id":"https:\/\/empow-her.com\/produit\/exposition-performances-artistiques-vernissage-sisther\/#breadcrumb","itemListElement":[{"@type":"ListItem","position":1,"name":"Accueil","item":"https:\/\/empow-her.com\/en\/landing-page\/"},{"@type":"ListItem","position":2,"name":"LA BOUTIQUE","item":"https:\/\/empow-her.com\/boutique\/"},{"@type":"ListItem","position":3,"name":"Exposition &#8211; La liste de Pr\u00e9noms"}]},{"@type":"WebSite","@id":"https:\/\/empow-her.com\/#website","url":"https:\/\/empow-her.com\/","name":"Empow&#039;Her","description":"Women Development","potentialAction":[{"@type":"SearchAction","target":{"@type":"EntryPoint","urlTemplate":"https:\/\/empow-her.com\/?s={search_term_string}"},"query-input":{"@type":"PropertyValueSpecification","valueRequired":true,"valueName":"search_term_string"}}],"inLanguage":"en-US"}]}},"_links":{"self":[{"href":"https:\/\/empow-her.com\/en\/wp-json\/wp\/v2\/product\/121381","targetHints":{"allow":["GET"]}}],"collection":[{"href":"https:\/\/empow-her.com\/en\/wp-json\/wp\/v2\/product"}],"about":[{"href":"https:\/\/empow-her.com\/en\/wp-json\/wp\/v2\/types\/product"}],"wp:featuredmedia":[{"embeddable":true,"href":"https:\/\/empow-her.com\/en\/wp-json\/wp\/v2\/media\/121384"}],"wp:attachment":[{"href":"https:\/\/empow-her.com\/en\/wp-json\/wp\/v2\/media?parent=121381"}],"wp:term":[{"taxonomy":"product_brand","embeddable":true,"href":"https:\/\/empow-her.com\/en\/wp-json\/wp\/v2\/product_brand?post=121381"},{"taxonomy":"product_cat","embeddable":true,"href":"https:\/\/empow-her.com\/en\/wp-json\/wp\/v2\/product_cat?post=121381"},{"taxonomy":"product_tag","embeddable":true,"href":"https:\/\/empow-her.com\/en\/wp-json\/wp\/v2\/product_tag?post=121381"},{"taxonomy":"lieu","embeddable":true,"href":"https:\/\/empow-her.com\/en\/wp-json\/wp\/v2\/lieu?post=121381"},{"taxonomy":"thematiques","embeddable":true,"href":"https:\/\/empow-her.com\/en\/wp-json\/wp\/v2\/thematiques?post=121381"}],"curies":[{"name":"wp","href":"https:\/\/api.w.org\/{rel}","templated":true}]}}