{"id":121240,"date":"2022-07-12T12:10:43","date_gmt":"2022-07-12T10:10:43","guid":{"rendered":"https:\/\/empow-her.com\/?post_type=product&#038;p=121240"},"modified":"2022-08-12T11:15:18","modified_gmt":"2022-08-12T09:15:18","slug":"coaching-optimiser-ma-gestion-du-temps-2","status":"publish","type":"product","link":"https:\/\/empow-her.com\/en\/produit\/coaching-optimiser-ma-gestion-du-temps-2\/","title":{"rendered":"Coaching &#8211; Optimiser ma gestion du temps"},"content":{"rendered":"","protected":false},"excerpt":{"rendered":"<p><span data-sheets-value=\"{&quot;1&quot;:2,&quot;2&quot;:&quot;Description : \\n\\nPr\u00e9-requis : \\n\\nIntervenant.e : \\n\\nSon super pouvoir : \\n\\nSon petit mot : &quot;}\" data-sheets-userformat=\"{&quot;2&quot;:641,&quot;3&quot;:{&quot;1&quot;:0},&quot;10&quot;:1,&quot;12&quot;:0}\"><strong>Description :<\/strong> Explorer sa gestion du temps permet d&#8217;identifier ses forces et ses zones de confort afin de capitaliser sur ce qui a d\u00e9j\u00e0 \u00e9t\u00e9 acquis. Cela peut \u00e9galement permettre de cerner 1 \u00e0 3 point(s) d&#8217;am\u00e9lioration prioritaires(s) pour se d\u00e9gager du temps suppl\u00e9mentaire. <\/span><\/p>\n<p><span data-sheets-value=\"{&quot;1&quot;:2,&quot;2&quot;:&quot;Description : \\n\\nPr\u00e9-requis : \\n\\nIntervenant.e : \\n\\nSon super pouvoir : \\n\\nSon petit mot : &quot;}\" data-sheets-userformat=\"{&quot;2&quot;:641,&quot;3&quot;:{&quot;1&quot;:0},&quot;10&quot;:1,&quot;12&quot;:0}\">Lors de ce coaching, vous allez trouver des cl\u00e9s pour ma\u00eetriser votre temps et gagner en efficacit\u00e9.<\/p>\n<p>Lors de ce coaching, travaillez les possibles pour oser sortir de votre zone de confort et identifiez des actions test pour agir avec audace !<\/p>\n<p><strong>Pr\u00e9-requis<\/strong> : Aucun<\/p>\n<p><strong>Intervenant.e<\/strong> <strong>: Anna Sibaud de LOFE<\/strong><\/span><\/p>\n<p>Coache op\u00e9rationnelle anim\u00e9e par l&#8217;efficience et la joie, j&#8217;accompagne des femmes dans la cr\u00e9ation de leur propre \u00e9cosyst\u00e8me entrepreneurial. Devenir ma\u00eetresse de son temps et gagner en marge d\u00e9cisionnelle peut aider \u00e0 se lib\u00e9rer des injonctions et favoriser un mode de vie \u00e9quilibrant.<\/p>\n<p><span data-sheets-value=\"{&quot;1&quot;:2,&quot;2&quot;:&quot;Description : \\n\\nPr\u00e9-requis : \\n\\nIntervenant.e : \\n\\nSon super pouvoir : \\n\\nSon petit mot : &quot;}\" data-sheets-userformat=\"{&quot;2&quot;:641,&quot;3&quot;:{&quot;1&quot;:0},&quot;10&quot;:1,&quot;12&quot;:0}\"><strong>Son super pouvoir :<\/strong> Doula de l&#8217;action<\/p>\n<p><strong>Son petit mot :<\/strong> Voici la signature des e-mails de Shonda RHIMES (sc\u00e9nariste et productrice de la s\u00e9rie Grey&#8217;s anatomy, entre autres) : &#8220;Nota bene : je ne r\u00e9ponds pas aux emails professionnels apr\u00e8s 19h ou le week-end. Si vous travaillez pour moi, je me permets de vous sugg\u00e9rer d&#8217;\u00e9teindre votre mobile.&#8221;<\/span><\/p>\n<p><strong>Dur\u00e9e<\/strong> : U<span data-sheets-value=\"{&quot;1&quot;:2,&quot;2&quot;:&quot;Permanence de 4h avec un cr\u00e9neau de 1h par participante (+ 15 minutes entre chaque)&quot;}\" data-sheets-userformat=\"{&quot;2&quot;:7167,&quot;3&quot;:{&quot;1&quot;:0},&quot;4&quot;:{&quot;1&quot;:2,&quot;2&quot;:16777215},&quot;5&quot;:{&quot;1&quot;:[{&quot;1&quot;:2,&quot;2&quot;:0,&quot;5&quot;:{&quot;1&quot;:2,&quot;2&quot;:0}},{&quot;1&quot;:0,&quot;2&quot;:0,&quot;3&quot;:3},{&quot;1&quot;:1,&quot;2&quot;:0,&quot;4&quot;:1}]},&quot;6&quot;:{&quot;1&quot;:[{&quot;1&quot;:2,&quot;2&quot;:0,&quot;5&quot;:{&quot;1&quot;:2,&quot;2&quot;:0}},{&quot;1&quot;:0,&quot;2&quot;:0,&quot;3&quot;:3},{&quot;1&quot;:1,&quot;2&quot;:0,&quot;4&quot;:1}]},&quot;7&quot;:{&quot;1&quot;:[{&quot;1&quot;:2,&quot;2&quot;:0,&quot;5&quot;:{&quot;1&quot;:2,&quot;2&quot;:0}},{&quot;1&quot;:0,&quot;2&quot;:0,&quot;3&quot;:3},{&quot;1&quot;:1,&quot;2&quot;:0,&quot;4&quot;:1}]},&quot;8&quot;:{&quot;1&quot;:[{&quot;1&quot;:2,&quot;2&quot;:0,&quot;5&quot;:{&quot;1&quot;:2,&quot;2&quot;:0}},{&quot;1&quot;:0,&quot;2&quot;:0,&quot;3&quot;:3},{&quot;1&quot;:1,&quot;2&quot;:0,&quot;4&quot;:1}]},&quot;9&quot;:0,&quot;10&quot;:1,&quot;11&quot;:4,&quot;12&quot;:0,&quot;14&quot;:{&quot;1&quot;:2,&quot;2&quot;:0},&quot;15&quot;:&quot;Calibri&quot;}\">n cr\u00e9neau de 1h en individuel<\/span><\/p>\n<p>&nbsp;<\/p>\n<p><span data-sheets-value=\"{&quot;1&quot;:2,&quot;2&quot;:&quot;Attention ! \u00a0Veuillez vous pr\u00e9sentez \u00e0 l'heure pour que l'activit\u00e9 puisse commencer \u00e0 temps. Si vous avez du retard veuillez pr\u00e9venir l'intervenant.e. Si vous avez plus de 15 min de retard l'intervenant.e se r\u00e9serve le droit de plus vous accepter pour le coaching ou l'atelier.\u00a0&quot;}\" data-sheets-userformat=\"{&quot;2&quot;:641,&quot;3&quot;:{&quot;1&quot;:0},&quot;10&quot;:1,&quot;12&quot;:0}\"><strong>Attention !<\/strong> \u00a0Veuillez vous pr\u00e9sentez \u00e0 l&#8217;heure pour que l&#8217;activit\u00e9 puisse commencer \u00e0 temps. Si vous avez du retard veuillez pr\u00e9venir l&#8217;intervenant.e. Si vous avez plus de 15 min de retard l&#8217;intervenant.e se r\u00e9serve le droit de plus vous accepter pour le coaching ou l&#8217;atelier.\u00a0<\/span><\/p>\n<p>&nbsp;<\/p>\n<p>&nbsp;<\/p>\n<p>Ce projet est co-financ\u00e9 par le Fonds Social Europ\u00e9en.<\/p>\n<p><img decoding=\"async\" class=\"alignnone size-medium wp-image-15794\" src=\"https:\/\/empow-her.com\/wp-content\/uploads\/2021\/07\/fse-logos-1-300x54.png\" alt=\"\" width=\"300\" height=\"54\" srcset=\"https:\/\/empow-her.com\/wp-content\/uploads\/2021\/07\/fse-logos-1-300x54.png 300w, https:\/\/empow-her.com\/wp-content\/uploads\/2021\/07\/fse-logos-1-600x108.png 600w, https:\/\/empow-her.com\/wp-content\/uploads\/2021\/07\/fse-logos-1-1024x184.png 1024w, https:\/\/empow-her.com\/wp-content\/uploads\/2021\/07\/fse-logos-1-768x138.png 768w, https:\/\/empow-her.com\/wp-content\/uploads\/2021\/07\/fse-logos-1-1536x275.png 1536w, https:\/\/empow-her.com\/wp-content\/uploads\/2021\/07\/fse-logos-1-2048x367.png 2048w, https:\/\/empow-her.com\/wp-content\/uploads\/2021\/07\/fse-logos-1-24x4.png 24w, https:\/\/empow-her.com\/wp-content\/uploads\/2021\/07\/fse-logos-1-36x6.png 36w, https:\/\/empow-her.com\/wp-content\/uploads\/2021\/07\/fse-logos-1-48x9.png 48w\" sizes=\"(max-width: 300px) 100vw, 300px\" \/><\/p>\n","protected":false},"featured_media":121241,"template":"","format":"standard","meta":{"_acf_changed":false,"om_disable_all_campaigns":false,"_uf_show_specific_survey":0,"_uf_disable_surveys":false},"product_brand":[],"product_cat":[121],"product_tag":[],"lieu":[125],"thematiques":[],"class_list":{"0":"post-121240","1":"product","2":"type-product","3":"status-publish","4":"format-standard","5":"has-post-thumbnail","7":"product_cat-coaching","8":"lieu-en-ligne","10":"first","11":"instock","12":"virtual","13":"purchasable","14":"product-type-appointment"},"exclude_global_add_ons":[],"addons":[],"acf":[],"yoast_head":"<!-- This site is optimized with the Yoast SEO plugin v24.8 - https:\/\/yoast.com\/wordpress\/plugins\/seo\/ -->\n<title>Coaching - Optimiser ma gestion du temps - Empow&#039;Her<\/title>\n<meta name=\"robots\" content=\"index, follow, max-snippet:-1, max-image-preview:large, max-video-preview:-1\" \/>\n<link rel=\"canonical\" href=\"https:\/\/empow-her.com\/produit\/coaching-optimiser-ma-gestion-du-temps-2\/\" \/>\n<meta property=\"og:locale\" content=\"en_US\" \/>\n<meta property=\"og:type\" content=\"article\" \/>\n<meta property=\"og:title\" content=\"Coaching - Optimiser ma gestion du temps - Empow&#039;Her\" \/>\n<meta property=\"og:description\" content=\"Description : Explorer sa gestion du temps permet d&#039;identifier ses forces et ses zones de confort afin de capitaliser sur ce qui a d\u00e9j\u00e0 \u00e9t\u00e9 acquis. Cela peut \u00e9galement permettre de cerner 1 \u00e0 3 point(s) d&#039;am\u00e9lioration prioritaires(s) pour se d\u00e9gager du temps suppl\u00e9mentaire.   Lors de ce coaching, vous allez trouver des cl\u00e9s pour ma\u00eetriser votre temps et gagner en efficacit\u00e9.  Lors de ce coaching, travaillez les possibles pour oser sortir de votre zone de confort et identifiez des actions test pour agir avec audace !  Pr\u00e9-requis : Aucun  Intervenant.e : Anna Sibaud de LOFE  Coache op\u00e9rationnelle anim\u00e9e par l&#039;efficience et la joie, j&#039;accompagne des femmes dans la cr\u00e9ation de leur propre \u00e9cosyst\u00e8me entrepreneurial. Devenir ma\u00eetresse de son temps et gagner en marge d\u00e9cisionnelle peut aider \u00e0 se lib\u00e9rer des injonctions et favoriser un mode de vie \u00e9quilibrant.  Son super pouvoir : Doula de l&#039;action  Son petit mot : Voici la signature des e-mails de Shonda RHIMES (sc\u00e9nariste et productrice de la s\u00e9rie Grey&#039;s anatomy, entre autres) : &quot;Nota bene : je ne r\u00e9ponds pas aux emails professionnels apr\u00e8s 19h ou le week-end. Si vous travaillez pour moi, je me permets de vous sugg\u00e9rer d&#039;\u00e9teindre votre mobile.&quot;  Dur\u00e9e : Un cr\u00e9neau de 1h en individuel  &nbsp;  Attention ! \u00a0Veuillez vous pr\u00e9sentez \u00e0 l&#039;heure pour que l&#039;activit\u00e9 puisse commencer \u00e0 temps. Si vous avez du retard veuillez pr\u00e9venir l&#039;intervenant.e. Si vous avez plus de 15 min de retard l&#039;intervenant.e se r\u00e9serve le droit de plus vous accepter pour le coaching ou l&#039;atelier.\u00a0  &nbsp;  &nbsp;  Ce projet est co-financ\u00e9 par le Fonds Social Europ\u00e9en.\" \/>\n<meta property=\"og:url\" content=\"https:\/\/empow-her.com\/produit\/coaching-optimiser-ma-gestion-du-temps-2\/\" \/>\n<meta property=\"og:site_name\" content=\"Empow&#039;Her\" \/>\n<meta property=\"article:modified_time\" content=\"2022-08-12T09:15:18+00:00\" \/>\n<meta property=\"og:image\" content=\"https:\/\/empow-her.com\/wp-content\/uploads\/2022\/07\/Women-Dare-templates-events-82.png\" \/>\n\t<meta property=\"og:image:width\" content=\"1080\" \/>\n\t<meta property=\"og:image:height\" content=\"1080\" \/>\n\t<meta property=\"og:image:type\" content=\"image\/png\" \/>\n<meta name=\"twitter:card\" content=\"summary_large_image\" \/>\n<script type=\"application\/ld+json\" class=\"yoast-schema-graph\">{\"@context\":\"https:\/\/schema.org\",\"@graph\":[{\"@type\":\"WebPage\",\"@id\":\"https:\/\/empow-her.com\/produit\/coaching-optimiser-ma-gestion-du-temps-2\/\",\"url\":\"https:\/\/empow-her.com\/produit\/coaching-optimiser-ma-gestion-du-temps-2\/\",\"name\":\"Coaching - Optimiser ma gestion du temps - Empow&#039;Her\",\"isPartOf\":{\"@id\":\"https:\/\/empow-her.com\/#website\"},\"primaryImageOfPage\":{\"@id\":\"https:\/\/empow-her.com\/produit\/coaching-optimiser-ma-gestion-du-temps-2\/#primaryimage\"},\"image\":{\"@id\":\"https:\/\/empow-her.com\/produit\/coaching-optimiser-ma-gestion-du-temps-2\/#primaryimage\"},\"thumbnailUrl\":\"https:\/\/empow-her.com\/wp-content\/uploads\/2022\/07\/Women-Dare-templates-events-82.png\",\"datePublished\":\"2022-07-12T10:10:43+00:00\",\"dateModified\":\"2022-08-12T09:15:18+00:00\",\"breadcrumb\":{\"@id\":\"https:\/\/empow-her.com\/produit\/coaching-optimiser-ma-gestion-du-temps-2\/#breadcrumb\"},\"inLanguage\":\"en-US\",\"potentialAction\":[{\"@type\":\"ReadAction\",\"target\":[\"https:\/\/empow-her.com\/produit\/coaching-optimiser-ma-gestion-du-temps-2\/\"]}]},{\"@type\":\"ImageObject\",\"inLanguage\":\"en-US\",\"@id\":\"https:\/\/empow-her.com\/produit\/coaching-optimiser-ma-gestion-du-temps-2\/#primaryimage\",\"url\":\"https:\/\/empow-her.com\/wp-content\/uploads\/2022\/07\/Women-Dare-templates-events-82.png\",\"contentUrl\":\"https:\/\/empow-her.com\/wp-content\/uploads\/2022\/07\/Women-Dare-templates-events-82.png\",\"width\":1080,\"height\":1080},{\"@type\":\"BreadcrumbList\",\"@id\":\"https:\/\/empow-her.com\/produit\/coaching-optimiser-ma-gestion-du-temps-2\/#breadcrumb\",\"itemListElement\":[{\"@type\":\"ListItem\",\"position\":1,\"name\":\"Accueil\",\"item\":\"https:\/\/empow-her.com\/en\/landing-page\/\"},{\"@type\":\"ListItem\",\"position\":2,\"name\":\"LA BOUTIQUE\",\"item\":\"https:\/\/empow-her.com\/boutique\/\"},{\"@type\":\"ListItem\",\"position\":3,\"name\":\"Coaching &#8211; Optimiser ma gestion du temps\"}]},{\"@type\":\"WebSite\",\"@id\":\"https:\/\/empow-her.com\/#website\",\"url\":\"https:\/\/empow-her.com\/\",\"name\":\"Empow&#039;Her\",\"description\":\"Women Development\",\"potentialAction\":[{\"@type\":\"SearchAction\",\"target\":{\"@type\":\"EntryPoint\",\"urlTemplate\":\"https:\/\/empow-her.com\/?s={search_term_string}\"},\"query-input\":{\"@type\":\"PropertyValueSpecification\",\"valueRequired\":true,\"valueName\":\"search_term_string\"}}],\"inLanguage\":\"en-US\"}]}<\/script>\n<!-- \/ Yoast SEO plugin. -->","yoast_head_json":{"title":"Coaching - Optimiser ma gestion du temps - Empow&#039;Her","robots":{"index":"index","follow":"follow","max-snippet":"max-snippet:-1","max-image-preview":"max-image-preview:large","max-video-preview":"max-video-preview:-1"},"canonical":"https:\/\/empow-her.com\/produit\/coaching-optimiser-ma-gestion-du-temps-2\/","og_locale":"en_US","og_type":"article","og_title":"Coaching - Optimiser ma gestion du temps - Empow&#039;Her","og_description":"Description : Explorer sa gestion du temps permet d'identifier ses forces et ses zones de confort afin de capitaliser sur ce qui a d\u00e9j\u00e0 \u00e9t\u00e9 acquis. Cela peut \u00e9galement permettre de cerner 1 \u00e0 3 point(s) d'am\u00e9lioration prioritaires(s) pour se d\u00e9gager du temps suppl\u00e9mentaire.   Lors de ce coaching, vous allez trouver des cl\u00e9s pour ma\u00eetriser votre temps et gagner en efficacit\u00e9.  Lors de ce coaching, travaillez les possibles pour oser sortir de votre zone de confort et identifiez des actions test pour agir avec audace !  Pr\u00e9-requis : Aucun  Intervenant.e : Anna Sibaud de LOFE  Coache op\u00e9rationnelle anim\u00e9e par l'efficience et la joie, j'accompagne des femmes dans la cr\u00e9ation de leur propre \u00e9cosyst\u00e8me entrepreneurial. Devenir ma\u00eetresse de son temps et gagner en marge d\u00e9cisionnelle peut aider \u00e0 se lib\u00e9rer des injonctions et favoriser un mode de vie \u00e9quilibrant.  Son super pouvoir : Doula de l'action  Son petit mot : Voici la signature des e-mails de Shonda RHIMES (sc\u00e9nariste et productrice de la s\u00e9rie Grey's anatomy, entre autres) : \"Nota bene : je ne r\u00e9ponds pas aux emails professionnels apr\u00e8s 19h ou le week-end. Si vous travaillez pour moi, je me permets de vous sugg\u00e9rer d'\u00e9teindre votre mobile.\"  Dur\u00e9e : Un cr\u00e9neau de 1h en individuel  &nbsp;  Attention ! \u00a0Veuillez vous pr\u00e9sentez \u00e0 l'heure pour que l'activit\u00e9 puisse commencer \u00e0 temps. Si vous avez du retard veuillez pr\u00e9venir l'intervenant.e. Si vous avez plus de 15 min de retard l'intervenant.e se r\u00e9serve le droit de plus vous accepter pour le coaching ou l'atelier.\u00a0  &nbsp;  &nbsp;  Ce projet est co-financ\u00e9 par le Fonds Social Europ\u00e9en.","og_url":"https:\/\/empow-her.com\/produit\/coaching-optimiser-ma-gestion-du-temps-2\/","og_site_name":"Empow&#039;Her","article_modified_time":"2022-08-12T09:15:18+00:00","og_image":[{"width":1080,"height":1080,"url":"https:\/\/empow-her.com\/wp-content\/uploads\/2022\/07\/Women-Dare-templates-events-82.png","type":"image\/png"}],"twitter_card":"summary_large_image","schema":{"@context":"https:\/\/schema.org","@graph":[{"@type":"WebPage","@id":"https:\/\/empow-her.com\/produit\/coaching-optimiser-ma-gestion-du-temps-2\/","url":"https:\/\/empow-her.com\/produit\/coaching-optimiser-ma-gestion-du-temps-2\/","name":"Coaching - Optimiser ma gestion du temps - Empow&#039;Her","isPartOf":{"@id":"https:\/\/empow-her.com\/#website"},"primaryImageOfPage":{"@id":"https:\/\/empow-her.com\/produit\/coaching-optimiser-ma-gestion-du-temps-2\/#primaryimage"},"image":{"@id":"https:\/\/empow-her.com\/produit\/coaching-optimiser-ma-gestion-du-temps-2\/#primaryimage"},"thumbnailUrl":"https:\/\/empow-her.com\/wp-content\/uploads\/2022\/07\/Women-Dare-templates-events-82.png","datePublished":"2022-07-12T10:10:43+00:00","dateModified":"2022-08-12T09:15:18+00:00","breadcrumb":{"@id":"https:\/\/empow-her.com\/produit\/coaching-optimiser-ma-gestion-du-temps-2\/#breadcrumb"},"inLanguage":"en-US","potentialAction":[{"@type":"ReadAction","target":["https:\/\/empow-her.com\/produit\/coaching-optimiser-ma-gestion-du-temps-2\/"]}]},{"@type":"ImageObject","inLanguage":"en-US","@id":"https:\/\/empow-her.com\/produit\/coaching-optimiser-ma-gestion-du-temps-2\/#primaryimage","url":"https:\/\/empow-her.com\/wp-content\/uploads\/2022\/07\/Women-Dare-templates-events-82.png","contentUrl":"https:\/\/empow-her.com\/wp-content\/uploads\/2022\/07\/Women-Dare-templates-events-82.png","width":1080,"height":1080},{"@type":"BreadcrumbList","@id":"https:\/\/empow-her.com\/produit\/coaching-optimiser-ma-gestion-du-temps-2\/#breadcrumb","itemListElement":[{"@type":"ListItem","position":1,"name":"Accueil","item":"https:\/\/empow-her.com\/en\/landing-page\/"},{"@type":"ListItem","position":2,"name":"LA BOUTIQUE","item":"https:\/\/empow-her.com\/boutique\/"},{"@type":"ListItem","position":3,"name":"Coaching &#8211; Optimiser ma gestion du temps"}]},{"@type":"WebSite","@id":"https:\/\/empow-her.com\/#website","url":"https:\/\/empow-her.com\/","name":"Empow&#039;Her","description":"Women Development","potentialAction":[{"@type":"SearchAction","target":{"@type":"EntryPoint","urlTemplate":"https:\/\/empow-her.com\/?s={search_term_string}"},"query-input":{"@type":"PropertyValueSpecification","valueRequired":true,"valueName":"search_term_string"}}],"inLanguage":"en-US"}]}},"_links":{"self":[{"href":"https:\/\/empow-her.com\/en\/wp-json\/wp\/v2\/product\/121240","targetHints":{"allow":["GET"]}}],"collection":[{"href":"https:\/\/empow-her.com\/en\/wp-json\/wp\/v2\/product"}],"about":[{"href":"https:\/\/empow-her.com\/en\/wp-json\/wp\/v2\/types\/product"}],"wp:featuredmedia":[{"embeddable":true,"href":"https:\/\/empow-her.com\/en\/wp-json\/wp\/v2\/media\/121241"}],"wp:attachment":[{"href":"https:\/\/empow-her.com\/en\/wp-json\/wp\/v2\/media?parent=121240"}],"wp:term":[{"taxonomy":"product_brand","embeddable":true,"href":"https:\/\/empow-her.com\/en\/wp-json\/wp\/v2\/product_brand?post=121240"},{"taxonomy":"product_cat","embeddable":true,"href":"https:\/\/empow-her.com\/en\/wp-json\/wp\/v2\/product_cat?post=121240"},{"taxonomy":"product_tag","embeddable":true,"href":"https:\/\/empow-her.com\/en\/wp-json\/wp\/v2\/product_tag?post=121240"},{"taxonomy":"lieu","embeddable":true,"href":"https:\/\/empow-her.com\/en\/wp-json\/wp\/v2\/lieu?post=121240"},{"taxonomy":"thematiques","embeddable":true,"href":"https:\/\/empow-her.com\/en\/wp-json\/wp\/v2\/thematiques?post=121240"}],"curies":[{"name":"wp","href":"https:\/\/api.w.org\/{rel}","templated":true}]}}