{"id":121222,"date":"2022-07-12T11:30:45","date_gmt":"2022-07-12T09:30:45","guid":{"rendered":"https:\/\/empow-her.com\/?post_type=product&#038;p=121222"},"modified":"2022-10-26T17:19:35","modified_gmt":"2022-10-26T15:19:35","slug":"hackathon-luttons-contre-les-vss","status":"publish","type":"product","link":"https:\/\/empow-her.com\/en\/produit\/hackathon-luttons-contre-les-vss\/","title":{"rendered":"Hackathon contre les VSS dans l&#8217;enseignement sup\u00e9rieur"},"content":{"rendered":"<p>L\u2019Observatoire Etudiant des Violences Sexuelles et Sexistes dans l\u2019Enseignement Sup\u00e9rieur organise le jeudi 1er d\u00e9cembre un hackathon rassemblant une cinquantaine d\u2019\u00e9tudiant.e.s engag\u00e9.e.s dans la lutte contre les VSS, au sein de Sist&#8217;Her Paris.<\/p>\n<p>Donnons la parole aux associations \u00e9tudiantes f\u00e9ministes ! &#x1f4e3;<\/p>\n<p>&#x26a1;&#xfe0f;&#x26a1;&#xfe0f;&#x26a1;&#xfe0f;<\/p>\n<p>Cet \u00e9v\u00e9nement d\u2019une demi-journ\u00e9e sera l&#8217;occasion de f\u00e9d\u00e9rer les associations \u00e9tudiantes f\u00e9ministes de l\u2019enseignement sup\u00e9rieur autour d\u2019un projet commun et de d\u00e9finir toustes ensemble les grands axes strat\u00e9giques de lutte contre les VSS que nous voulons porter sur la place publique. &#x270a;<\/p>\n<p>Nous pourrons collaborer en petit groupe pour se rencontrer, \u00e9changer et \u00e9laborer des propositions sur les th\u00e9matiques suivantes :<br \/>\n&#8211; Comment sensibiliser les \u00e9tudiant.e.s aux VSS ?<br \/>\n&#8211; Comment mieux prot\u00e9ger les victimes de VSS dans les \u00e9tablissements de l\u2019Enseignement Sup\u00e9rieur ?<br \/>\n&#8211; Comment am\u00e9liorer l\u2019accompagnement des victimes ?<br \/>\n&#8211; Comment assurer l\u2019engagement des professeur.e.s et personnels administratifs dans cette lutte ?<br \/>\n&#8211; Comment lutter contre la pr\u00e9carit\u00e9 menstruelle dans les Universit\u00e9s ?<br \/>\n&#8211; Comment lutter contre le plafond de verre ?<br \/>\n&#8211; Comment lutter contre le sentiment d\u2019imposture ?<\/p>\n<p>Chacun des groupes sera amen\u00e9 \u00e0 la fin de la demi-journ\u00e9e \u00e0 pr\u00e9senter ses propositions de mesures.<\/p>\n<p>&#x26a1;&#xfe0f;&#x26a1;&#xfe0f;&#x26a1;&#xfe0f;<\/p>\n<p>Infos pratiques<br \/>\n&#x1f4c5; L&#8217;\u00e9v\u00e9nement se d\u00e9roulera le jeudi 1er d\u00e9cembre de 14h \u00e0 18h<br \/>\n&#x1f516; R\u00e9servation gratuite obligatoire<br \/>\n&#x1f4cd; Sist&#8217;He : 82 rue du Faubourg Saint-Martin 75010 Paris<\/p>\n<p>Ouvert en mars 2021, Sist\u2019Her est le premier tiers-lieu d\u00e9di\u00e9 aux entrepreneuses et \u00e0 impact en \u00cele-de-France. Port\u00e9 par l\u2019association Empow\u2019Her, c\u2019est un lieu de vie bienveillant et joyeux, ouvert \u00e0 tou\u00b7te\u00b7s o\u00f9 il est possible de se former, s&#8217;inspirer, s&#8217;engager et se rencontrer.<\/p>\n<p>Ce projet est co-financ\u00e9 par le Fonds Social Europ\u00e9en.<br \/>\nA tr\u00e8s vite !&#x1f64c;<\/p>\n","protected":false},"excerpt":{"rendered":"<p>L\u2019Observatoire Etudiant des Violences Sexuelles et Sexistes dans l\u2019Enseignement Sup\u00e9rieur organise le jeudi 1er d\u00e9cembre un hackathon rassemblant une cinquantaine d\u2019\u00e9tudiant.e.s engag\u00e9.e.s dans la lutte contre les VSS, au sein de Sist&#8217;Her Paris.<\/p>\n<p>Donnons la parole aux associations \u00e9tudiantes f\u00e9ministes ! &#x1f4e3;<\/p>\n<p>&#x26a1;&#xfe0f;&#x26a1;&#xfe0f;&#x26a1;&#xfe0f;<\/p>\n<p>Cet \u00e9v\u00e9nement d\u2019une demi-journ\u00e9e sera l&#8217;occasion de f\u00e9d\u00e9rer les associations \u00e9tudiantes f\u00e9ministes de l\u2019enseignement sup\u00e9rieur autour d\u2019un projet commun et de d\u00e9finir toustes ensemble les grands axes strat\u00e9giques de lutte contre les VSS que nous voulons porter sur la place publique. &#x270a;<\/p>\n<p>Nous pourrons collaborer en petit groupe pour se rencontrer, \u00e9changer et \u00e9laborer des propositions sur les th\u00e9matiques suivantes :<br \/>\n&#8211; Comment sensibiliser les \u00e9tudiant.e.s aux VSS ?<br \/>\n&#8211; Comment mieux prot\u00e9ger les victimes de VSS dans les \u00e9tablissements de l\u2019Enseignement Sup\u00e9rieur ?<br \/>\n&#8211; Comment am\u00e9liorer l\u2019accompagnement des victimes ?<br \/>\n&#8211; Comment assurer l\u2019engagement des professeur.e.s et personnels administratifs dans cette lutte ?<br \/>\n&#8211; Comment lutter contre la pr\u00e9carit\u00e9 menstruelle dans les Universit\u00e9s ?<br \/>\n&#8211; Comment lutter contre le plafond de verre ?<br \/>\n&#8211; Comment lutter contre le sentiment d\u2019imposture ?<\/p>\n<p>Chacun des groupes sera amen\u00e9 \u00e0 la fin de la demi-journ\u00e9e \u00e0 pr\u00e9senter ses propositions de mesures.<\/p>\n<p>&#x26a1;&#xfe0f;&#x26a1;&#xfe0f;&#x26a1;&#xfe0f;<\/p>\n<p>Infos pratiques<br \/>\n&#x1f4c5; L&#8217;\u00e9v\u00e9nement se d\u00e9roulera le jeudi 1er d\u00e9cembre de 14h \u00e0 18h<br \/>\n&#x1f516; R\u00e9servation gratuite obligatoire<br \/>\n&#x1f4cd; Sist&#8217;He : 82 rue du Faubourg Saint-Martin 75010 Paris<\/p>\n<p>Ouvert en mars 2021, Sist\u2019Her est le premier tiers-lieu d\u00e9di\u00e9 aux entrepreneuses et \u00e0 impact en \u00cele-de-France. Port\u00e9 par l\u2019association Empow\u2019Her, c\u2019est un lieu de vie bienveillant et joyeux, ouvert \u00e0 tou\u00b7te\u00b7s o\u00f9 il est possible de se former, s&#8217;inspirer, s&#8217;engager et se rencontrer.<\/p>\n<p>Ce projet est co-financ\u00e9 par le Fonds Social Europ\u00e9en.<br \/>\nA tr\u00e8s vite !&#x1f64c;<\/p>\n","protected":false},"featured_media":0,"template":"","format":"standard","meta":{"_acf_changed":false,"om_disable_all_campaigns":false,"_uf_show_specific_survey":0,"_uf_disable_surveys":false},"product_brand":[],"product_cat":[119],"product_tag":[],"lieu":[127],"thematiques":[],"class_list":{"0":"post-121222","1":"product","2":"type-product","3":"status-publish","4":"format-standard","6":"product_cat-evenement-sisther","7":"lieu-hub-empowher","9":"first","10":"instock","11":"virtual","12":"purchasable","13":"product-type-appointment"},"exclude_global_add_ons":[],"addons":[],"acf":[],"yoast_head":"<!-- This site is optimized with the Yoast SEO plugin v24.8 - https:\/\/yoast.com\/wordpress\/plugins\/seo\/ -->\n<title>Hackathon contre les VSS dans l&#039;enseignement sup\u00e9rieur -<\/title>\n<meta name=\"description\" content=\"Le jeudi 1er d\u00e9cembre de 18h30 \u00e0 20h, retrouve nous chez Sist&#039;Her, pour un hackathon pour lutter contre les VSS. Rejoins un groupe de travail concret !\" \/>\n<meta name=\"robots\" content=\"index, follow, max-snippet:-1, max-image-preview:large, max-video-preview:-1\" \/>\n<link rel=\"canonical\" href=\"https:\/\/empow-her.com\/produit\/hackathon-luttons-contre-les-vss\/\" \/>\n<meta property=\"og:locale\" content=\"en_US\" \/>\n<meta property=\"og:type\" content=\"article\" \/>\n<meta property=\"og:title\" content=\"Hackathon contre les VSS dans l&#039;enseignement sup\u00e9rieur -\" \/>\n<meta property=\"og:description\" content=\"Le jeudi 1er d\u00e9cembre de 18h30 \u00e0 20h, retrouve nous chez Sist&#039;Her, pour un hackathon pour lutter contre les VSS. Rejoins un groupe de travail concret !\" \/>\n<meta property=\"og:url\" content=\"https:\/\/empow-her.com\/produit\/hackathon-luttons-contre-les-vss\/\" \/>\n<meta property=\"og:site_name\" content=\"Empow&#039;Her\" \/>\n<meta property=\"article:modified_time\" content=\"2022-10-26T15:19:35+00:00\" \/>\n<meta name=\"twitter:card\" content=\"summary_large_image\" \/>\n<meta name=\"twitter:label1\" content=\"Est. reading time\" \/>\n\t<meta name=\"twitter:data1\" content=\"2 minutes\" \/>\n<script type=\"application\/ld+json\" class=\"yoast-schema-graph\">{\"@context\":\"https:\/\/schema.org\",\"@graph\":[{\"@type\":\"WebPage\",\"@id\":\"https:\/\/empow-her.com\/produit\/hackathon-luttons-contre-les-vss\/\",\"url\":\"https:\/\/empow-her.com\/produit\/hackathon-luttons-contre-les-vss\/\",\"name\":\"Hackathon contre les VSS dans l'enseignement sup\u00e9rieur -\",\"isPartOf\":{\"@id\":\"https:\/\/empow-her.com\/#website\"},\"datePublished\":\"2022-07-12T09:30:45+00:00\",\"dateModified\":\"2022-10-26T15:19:35+00:00\",\"description\":\"Le jeudi 1er d\u00e9cembre de 18h30 \u00e0 20h, retrouve nous chez Sist'Her, pour un hackathon pour lutter contre les VSS. Rejoins un groupe de travail concret !\",\"breadcrumb\":{\"@id\":\"https:\/\/empow-her.com\/produit\/hackathon-luttons-contre-les-vss\/#breadcrumb\"},\"inLanguage\":\"en-US\",\"potentialAction\":[{\"@type\":\"ReadAction\",\"target\":[\"https:\/\/empow-her.com\/produit\/hackathon-luttons-contre-les-vss\/\"]}]},{\"@type\":\"BreadcrumbList\",\"@id\":\"https:\/\/empow-her.com\/produit\/hackathon-luttons-contre-les-vss\/#breadcrumb\",\"itemListElement\":[{\"@type\":\"ListItem\",\"position\":1,\"name\":\"Accueil\",\"item\":\"https:\/\/empow-her.com\/en\/landing-page\/\"},{\"@type\":\"ListItem\",\"position\":2,\"name\":\"LA BOUTIQUE\",\"item\":\"https:\/\/empow-her.com\/boutique\/\"},{\"@type\":\"ListItem\",\"position\":3,\"name\":\"Hackathon contre les VSS dans l&#8217;enseignement sup\u00e9rieur\"}]},{\"@type\":\"WebSite\",\"@id\":\"https:\/\/empow-her.com\/#website\",\"url\":\"https:\/\/empow-her.com\/\",\"name\":\"Empow&#039;Her\",\"description\":\"Women Development\",\"potentialAction\":[{\"@type\":\"SearchAction\",\"target\":{\"@type\":\"EntryPoint\",\"urlTemplate\":\"https:\/\/empow-her.com\/?s={search_term_string}\"},\"query-input\":{\"@type\":\"PropertyValueSpecification\",\"valueRequired\":true,\"valueName\":\"search_term_string\"}}],\"inLanguage\":\"en-US\"}]}<\/script>\n<!-- \/ Yoast SEO plugin. -->","yoast_head_json":{"title":"Hackathon contre les VSS dans l'enseignement sup\u00e9rieur -","description":"Le jeudi 1er d\u00e9cembre de 18h30 \u00e0 20h, retrouve nous chez Sist'Her, pour un hackathon pour lutter contre les VSS. Rejoins un groupe de travail concret !","robots":{"index":"index","follow":"follow","max-snippet":"max-snippet:-1","max-image-preview":"max-image-preview:large","max-video-preview":"max-video-preview:-1"},"canonical":"https:\/\/empow-her.com\/produit\/hackathon-luttons-contre-les-vss\/","og_locale":"en_US","og_type":"article","og_title":"Hackathon contre les VSS dans l'enseignement sup\u00e9rieur -","og_description":"Le jeudi 1er d\u00e9cembre de 18h30 \u00e0 20h, retrouve nous chez Sist'Her, pour un hackathon pour lutter contre les VSS. Rejoins un groupe de travail concret !","og_url":"https:\/\/empow-her.com\/produit\/hackathon-luttons-contre-les-vss\/","og_site_name":"Empow&#039;Her","article_modified_time":"2022-10-26T15:19:35+00:00","twitter_card":"summary_large_image","twitter_misc":{"Est. reading time":"2 minutes"},"schema":{"@context":"https:\/\/schema.org","@graph":[{"@type":"WebPage","@id":"https:\/\/empow-her.com\/produit\/hackathon-luttons-contre-les-vss\/","url":"https:\/\/empow-her.com\/produit\/hackathon-luttons-contre-les-vss\/","name":"Hackathon contre les VSS dans l'enseignement sup\u00e9rieur -","isPartOf":{"@id":"https:\/\/empow-her.com\/#website"},"datePublished":"2022-07-12T09:30:45+00:00","dateModified":"2022-10-26T15:19:35+00:00","description":"Le jeudi 1er d\u00e9cembre de 18h30 \u00e0 20h, retrouve nous chez Sist'Her, pour un hackathon pour lutter contre les VSS. Rejoins un groupe de travail concret !","breadcrumb":{"@id":"https:\/\/empow-her.com\/produit\/hackathon-luttons-contre-les-vss\/#breadcrumb"},"inLanguage":"en-US","potentialAction":[{"@type":"ReadAction","target":["https:\/\/empow-her.com\/produit\/hackathon-luttons-contre-les-vss\/"]}]},{"@type":"BreadcrumbList","@id":"https:\/\/empow-her.com\/produit\/hackathon-luttons-contre-les-vss\/#breadcrumb","itemListElement":[{"@type":"ListItem","position":1,"name":"Accueil","item":"https:\/\/empow-her.com\/en\/landing-page\/"},{"@type":"ListItem","position":2,"name":"LA BOUTIQUE","item":"https:\/\/empow-her.com\/boutique\/"},{"@type":"ListItem","position":3,"name":"Hackathon contre les VSS dans l&#8217;enseignement sup\u00e9rieur"}]},{"@type":"WebSite","@id":"https:\/\/empow-her.com\/#website","url":"https:\/\/empow-her.com\/","name":"Empow&#039;Her","description":"Women Development","potentialAction":[{"@type":"SearchAction","target":{"@type":"EntryPoint","urlTemplate":"https:\/\/empow-her.com\/?s={search_term_string}"},"query-input":{"@type":"PropertyValueSpecification","valueRequired":true,"valueName":"search_term_string"}}],"inLanguage":"en-US"}]}},"_links":{"self":[{"href":"https:\/\/empow-her.com\/en\/wp-json\/wp\/v2\/product\/121222","targetHints":{"allow":["GET"]}}],"collection":[{"href":"https:\/\/empow-her.com\/en\/wp-json\/wp\/v2\/product"}],"about":[{"href":"https:\/\/empow-her.com\/en\/wp-json\/wp\/v2\/types\/product"}],"wp:attachment":[{"href":"https:\/\/empow-her.com\/en\/wp-json\/wp\/v2\/media?parent=121222"}],"wp:term":[{"taxonomy":"product_brand","embeddable":true,"href":"https:\/\/empow-her.com\/en\/wp-json\/wp\/v2\/product_brand?post=121222"},{"taxonomy":"product_cat","embeddable":true,"href":"https:\/\/empow-her.com\/en\/wp-json\/wp\/v2\/product_cat?post=121222"},{"taxonomy":"product_tag","embeddable":true,"href":"https:\/\/empow-her.com\/en\/wp-json\/wp\/v2\/product_tag?post=121222"},{"taxonomy":"lieu","embeddable":true,"href":"https:\/\/empow-her.com\/en\/wp-json\/wp\/v2\/lieu?post=121222"},{"taxonomy":"thematiques","embeddable":true,"href":"https:\/\/empow-her.com\/en\/wp-json\/wp\/v2\/thematiques?post=121222"}],"curies":[{"name":"wp","href":"https:\/\/api.w.org\/{rel}","templated":true}]}}