{"id":121209,"date":"2022-07-12T11:09:57","date_gmt":"2022-07-12T09:09:57","guid":{"rendered":"https:\/\/empow-her.com\/?post_type=product&#038;p=121209"},"modified":"2022-08-12T16:53:50","modified_gmt":"2022-08-12T14:53:50","slug":"atelier-le-positionnement-de-marque","status":"publish","type":"product","link":"https:\/\/empow-her.com\/en\/produit\/atelier-le-positionnement-de-marque\/","title":{"rendered":"Atelier &#8211; Le positionnement de marque"},"content":{"rendered":"","protected":false},"excerpt":{"rendered":"<div>\n<div><strong>Description :<\/strong> <span data-sheets-value=\"{&quot;1&quot;:2,&quot;2&quot;:&quot;En premi\u00e8re partie d'atelier, nous proposerons une reflexion collective sur ce qu'est une marque en allant un peu plus loin que la seule id\u00e9e de \\&quot;l'image de marque\\&quot; et du logotype. Nous consacrerons la deuxi\u00e8me partie \u00e0 exp\u00e9rimenter des outils qui permettrons aux participantes de s'autonomiser dans un travail allant du positionnement au choix des codes d'identit\u00e9.\\n\\nEH : \\nVous avez identifi\u00e9 vos cibles et votre proposition de valeur ? Vous souhaitez cr\u00e9er votre identit\u00e9 de marque pour une communication \u00e0 votre image ? \\n\\nVenez en atelier pour r\u00e9fl\u00e9chir collectivement sur ce qu'est une marque en allant un peu plus loin que la seule id\u00e9e de \\&quot;l'image de marque\\&quot; et du logotype. Alors qu'est ce qu'une marque et comment se positionne-t-on ? \\n\\nDurant cet atelier, venez exp\u00e9rimentez les outils qui vous permettront de cr\u00e9er en autonomie votre positionnement de marque et de choisir les codes de votre identit\u00e9 de marque !&quot;}\" data-sheets-userformat=\"{&quot;2&quot;:897,&quot;3&quot;:{&quot;1&quot;:0},&quot;10&quot;:1,&quot;11&quot;:4,&quot;12&quot;:0}\" data-sheets-textstyleruns=\"{&quot;1&quot;:0}\uee10{&quot;1&quot;:368,&quot;2&quot;:{&quot;5&quot;:1}}\uee10{&quot;1&quot;:373}\">En premi\u00e8re partie d&#8217;atelier, nous proposerons une r\u00e9flexion collective sur ce qu&#8217;est une marque en allant un peu plus loin que la seule id\u00e9e de &#8220;l&#8217;image de marque&#8221; et du logotype. Nous consacrerons la deuxi\u00e8me partie \u00e0 exp\u00e9rimenter des outils qui permettrons aux participantes de s&#8217;autonomiser dans un travail allant du positionnement au choix des codes d&#8217;identit\u00e9.<\/p>\n<p>Vous avez identifi\u00e9 vos cibles et votre proposition de valeur ? Vous souhaitez cr\u00e9er votre identit\u00e9 de marque pour une communication \u00e0 votre image ?<\/p>\n<p>Venez en atelier pour r\u00e9fl\u00e9chir collectivement sur ce qu&#8217;est une marque en allant un peu plus loin que la seule id\u00e9e de &#8220;l&#8217;image de marque&#8221; et du logotype. Alors qu&#8217;est ce qu&#8217;une marque et comment se positionne-t-on ?<\/p>\n<p>Durant cet atelier, venez exp\u00e9rimentez les outils qui vous permettront de cr\u00e9er en autonomie votre positionnement de marque et de choisir les codes de votre identit\u00e9 de marque !<\/span><\/div>\n<div>\n<p><strong>Intervenant.e<\/strong>\u00a0<strong>: Anne-Sophie Cambay-Carozzi de l&#8217;agence LesLieuxdits<\/strong><\/p>\n<p>Je suis une d\u00e9veloppeuse! J&#8217;ai travaill\u00e9 durant plus de 20 ans au d\u00e9veloppement de march\u00e9s en France et \u00e0 l&#8217;international en trouvant les points de diff\u00e9renciations des produits ou services dont j&#8217;avais la responsabilit\u00e9 et en identifiant les cibles pour lesquelles ces points de differentiations repr\u00e9sentent une valeur.<br \/>\nJ&#8217;accompagne depuis 6 ans les entrepreneurs et les dirigeants dans leur strat\u00e9gie de d\u00e9veloppement &#8211; plus particuli\u00e8rement \u00e0 partir de la marque et de son expression.<br \/>\n#marque<br \/>\n#marketing<br \/>\n#segmentation<br \/>\n#expressiondelavaleur<\/p>\n<p><span data-sheets-value=\"{&quot;1&quot;:2,&quot;2&quot;:&quot;Description : \\n\\nPr\u00e9-requis : \\n\\nIntervenant.e : \\n\\nSon super pouvoir : \\n\\nSon petit mot : &quot;}\" data-sheets-userformat=\"{&quot;2&quot;:641,&quot;3&quot;:{&quot;1&quot;:0},&quot;10&quot;:1,&quot;12&quot;:0}\"><strong>Son super pouvoir :<\/strong> Simplifier le complexe. Accompagner le changement. Rationnelle tout en restant intuitive.<\/span><\/p>\n<p><strong>Son petit mot :<\/strong> Never give up &#8211; you owe it to yourself!<\/p>\n<p><strong>Dur\u00e9e<\/strong> : 3 heures<\/p>\n<p><b>Lieu : <\/b>Sist&#8217;Her Paris, 82 rue du Faubourg Saint-Martin<\/p>\n<p>&nbsp;<\/p>\n<p><span data-sheets-value=\"{&quot;1&quot;:2,&quot;2&quot;:&quot;Attention ! \u00a0Veuillez vous pr\u00e9sentez \u00e0 l'heure pour que l'activit\u00e9 puisse commencer \u00e0 temps. Si vous avez du retard veuillez pr\u00e9venir l'intervenant.e. Si vous avez plus de 15 min de retard l'intervenant.e se r\u00e9serve le droit de plus vous accepter pour le coaching ou l'atelier.\u00a0&quot;}\" data-sheets-userformat=\"{&quot;2&quot;:641,&quot;3&quot;:{&quot;1&quot;:0},&quot;10&quot;:1,&quot;12&quot;:0}\"><strong>Attention !<\/strong> \u00a0Veuillez vous pr\u00e9senter \u00e0 l\u2019heure pour que l\u2019activit\u00e9 puisse commencer \u00e0 temps. Si vous avez du retard veuillez pr\u00e9venir l\u2019intervenant.e. Si vous avez plus de 15 min de retard l\u2019intervenant.e se r\u00e9serve le droit de pas\u00a0 vous accepter pour le coaching ou l\u2019atelier.\u00a0<\/span><\/p>\n<\/div>\n<\/div>\n<div><\/div>\n<div><\/div>\n<p>Ce projet est co-financ\u00e9 par le Fonds Social Europ\u00e9en.<\/p>\n<p><img decoding=\"async\" class=\"\" src=\"https:\/\/www.sep-asso.fr\/wp-content\/uploads\/2018\/02\/logo-union-europeenne.png\" alt=\"logo union europeenne \u2013 SEP\" width=\"87\" height=\"72\" \/>\u00a0\u00a0<img decoding=\"async\" class=\"alignnone wp-image-15218\" src=\"https:\/\/empow-her.com\/wp-content\/uploads\/2021\/06\/logo_fonds_social_europeen-300x187.png\" alt=\"\" width=\"104\" height=\"65\" srcset=\"https:\/\/empow-her.com\/wp-content\/uploads\/2021\/06\/logo_fonds_social_europeen-300x187.png 300w, https:\/\/empow-her.com\/wp-content\/uploads\/2021\/06\/logo_fonds_social_europeen-600x375.png 600w, https:\/\/empow-her.com\/wp-content\/uploads\/2021\/06\/logo_fonds_social_europeen-24x15.png 24w, https:\/\/empow-her.com\/wp-content\/uploads\/2021\/06\/logo_fonds_social_europeen-36x22.png 36w, https:\/\/empow-her.com\/wp-content\/uploads\/2021\/06\/logo_fonds_social_europeen-48x30.png 48w, https:\/\/empow-her.com\/wp-content\/uploads\/2021\/06\/logo_fonds_social_europeen.png 666w\" sizes=\"(max-width: 104px) 100vw, 104px\" \/>\u00a0<img decoding=\"async\" class=\"\" src=\"https:\/\/franceactive-idf.org\/wp-content\/uploads\/2020\/02\/logo-region-ile-de-france.png\" alt=\"Logo Region Ile De France - France Active \u00cele-de-France\" width=\"126\" height=\"29\" \/><\/p>\n","protected":false},"featured_media":121212,"template":"","format":"standard","meta":{"_acf_changed":false,"om_disable_all_campaigns":false,"_uf_show_specific_survey":0,"_uf_disable_surveys":false},"product_brand":[],"product_cat":[118],"product_tag":[],"lieu":[127],"thematiques":[],"class_list":{"0":"post-121209","1":"product","2":"type-product","3":"status-publish","4":"format-standard","5":"has-post-thumbnail","7":"product_cat-atelier-collectif","8":"lieu-hub-empowher","10":"first","11":"instock","12":"virtual","13":"purchasable","14":"product-type-appointment"},"exclude_global_add_ons":[],"addons":[],"acf":[],"yoast_head":"<!-- This site is optimized with the Yoast SEO plugin v24.8 - https:\/\/yoast.com\/wordpress\/plugins\/seo\/ -->\n<title>Atelier - Le positionnement de marque - Empow&#039;Her<\/title>\n<meta name=\"robots\" content=\"index, follow, max-snippet:-1, max-image-preview:large, max-video-preview:-1\" \/>\n<link rel=\"canonical\" href=\"https:\/\/empow-her.com\/produit\/atelier-le-positionnement-de-marque\/\" \/>\n<meta property=\"og:locale\" content=\"en_US\" \/>\n<meta property=\"og:type\" content=\"article\" \/>\n<meta property=\"og:title\" content=\"Atelier - Le positionnement de marque - Empow&#039;Her\" \/>\n<meta property=\"og:description\" content=\"Description : En premi\u00e8re partie d&#039;atelier, nous proposerons une r\u00e9flexion collective sur ce qu&#039;est une marque en allant un peu plus loin que la seule id\u00e9e de &quot;l&#039;image de marque&quot; et du logotype. Nous consacrerons la deuxi\u00e8me partie \u00e0 exp\u00e9rimenter des outils qui permettrons aux participantes de s&#039;autonomiser dans un travail allant du positionnement au choix des codes d&#039;identit\u00e9.  Vous avez identifi\u00e9 vos cibles et votre proposition de valeur ? Vous souhaitez cr\u00e9er votre identit\u00e9 de marque pour une communication \u00e0 votre image ?  Venez en atelier pour r\u00e9fl\u00e9chir collectivement sur ce qu&#039;est une marque en allant un peu plus loin que la seule id\u00e9e de &quot;l&#039;image de marque&quot; et du logotype. Alors qu&#039;est ce qu&#039;une marque et comment se positionne-t-on ?  Durant cet atelier, venez exp\u00e9rimentez les outils qui vous permettront de cr\u00e9er en autonomie votre positionnement de marque et de choisir les codes de votre identit\u00e9 de marque !   Intervenant.e\u00a0: Anne-Sophie Cambay-Carozzi de l&#039;agence LesLieuxdits  Je suis une d\u00e9veloppeuse! J&#039;ai travaill\u00e9 durant plus de 20 ans au d\u00e9veloppement de march\u00e9s en France et \u00e0 l&#039;international en trouvant les points de diff\u00e9renciations des produits ou services dont j&#039;avais la responsabilit\u00e9 et en identifiant les cibles pour lesquelles ces points de differentiations repr\u00e9sentent une valeur. J&#039;accompagne depuis 6 ans les entrepreneurs et les dirigeants dans leur strat\u00e9gie de d\u00e9veloppement - plus particuli\u00e8rement \u00e0 partir de la marque et de son expression. #marque #marketing #segmentation #expressiondelavaleur  Son super pouvoir : Simplifier le complexe. Accompagner le changement. Rationnelle tout en restant intuitive.  Son petit mot : Never give up - you owe it to yourself!  Dur\u00e9e : 3 heures  Lieu : Sist&#039;Her Paris, 82 rue du Faubourg Saint-Martin  &nbsp;  Attention ! \u00a0Veuillez vous pr\u00e9senter \u00e0 l\u2019heure pour que l\u2019activit\u00e9 puisse commencer \u00e0 temps. Si vous avez du retard veuillez pr\u00e9venir l\u2019intervenant.e. Si vous avez plus de 15 min de retard l\u2019intervenant.e se r\u00e9serve le droit de pas\u00a0 vous accepter pour le coaching ou l\u2019atelier.\u00a0      Ce projet est co-financ\u00e9 par le Fonds Social Europ\u00e9en.  \u00a0\u00a0\u00a0\" \/>\n<meta property=\"og:url\" content=\"https:\/\/empow-her.com\/produit\/atelier-le-positionnement-de-marque\/\" \/>\n<meta property=\"og:site_name\" content=\"Empow&#039;Her\" \/>\n<meta property=\"article:modified_time\" content=\"2022-08-12T14:53:50+00:00\" \/>\n<meta property=\"og:image\" content=\"https:\/\/empow-her.com\/wp-content\/uploads\/2022\/07\/Women-Dare-templates-events-75.png\" \/>\n\t<meta property=\"og:image:width\" content=\"1080\" \/>\n\t<meta property=\"og:image:height\" content=\"1080\" \/>\n\t<meta property=\"og:image:type\" content=\"image\/png\" \/>\n<meta name=\"twitter:card\" content=\"summary_large_image\" \/>\n<script type=\"application\/ld+json\" class=\"yoast-schema-graph\">{\"@context\":\"https:\/\/schema.org\",\"@graph\":[{\"@type\":\"WebPage\",\"@id\":\"https:\/\/empow-her.com\/produit\/atelier-le-positionnement-de-marque\/\",\"url\":\"https:\/\/empow-her.com\/produit\/atelier-le-positionnement-de-marque\/\",\"name\":\"Atelier - Le positionnement de marque - Empow&#039;Her\",\"isPartOf\":{\"@id\":\"https:\/\/empow-her.com\/#website\"},\"primaryImageOfPage\":{\"@id\":\"https:\/\/empow-her.com\/produit\/atelier-le-positionnement-de-marque\/#primaryimage\"},\"image\":{\"@id\":\"https:\/\/empow-her.com\/produit\/atelier-le-positionnement-de-marque\/#primaryimage\"},\"thumbnailUrl\":\"https:\/\/empow-her.com\/wp-content\/uploads\/2022\/07\/Women-Dare-templates-events-75.png\",\"datePublished\":\"2022-07-12T09:09:57+00:00\",\"dateModified\":\"2022-08-12T14:53:50+00:00\",\"breadcrumb\":{\"@id\":\"https:\/\/empow-her.com\/produit\/atelier-le-positionnement-de-marque\/#breadcrumb\"},\"inLanguage\":\"en-US\",\"potentialAction\":[{\"@type\":\"ReadAction\",\"target\":[\"https:\/\/empow-her.com\/produit\/atelier-le-positionnement-de-marque\/\"]}]},{\"@type\":\"ImageObject\",\"inLanguage\":\"en-US\",\"@id\":\"https:\/\/empow-her.com\/produit\/atelier-le-positionnement-de-marque\/#primaryimage\",\"url\":\"https:\/\/empow-her.com\/wp-content\/uploads\/2022\/07\/Women-Dare-templates-events-75.png\",\"contentUrl\":\"https:\/\/empow-her.com\/wp-content\/uploads\/2022\/07\/Women-Dare-templates-events-75.png\",\"width\":1080,\"height\":1080},{\"@type\":\"BreadcrumbList\",\"@id\":\"https:\/\/empow-her.com\/produit\/atelier-le-positionnement-de-marque\/#breadcrumb\",\"itemListElement\":[{\"@type\":\"ListItem\",\"position\":1,\"name\":\"Accueil\",\"item\":\"https:\/\/empow-her.com\/en\/landing-page\/\"},{\"@type\":\"ListItem\",\"position\":2,\"name\":\"LA BOUTIQUE\",\"item\":\"https:\/\/empow-her.com\/boutique\/\"},{\"@type\":\"ListItem\",\"position\":3,\"name\":\"Atelier &#8211; Le positionnement de marque\"}]},{\"@type\":\"WebSite\",\"@id\":\"https:\/\/empow-her.com\/#website\",\"url\":\"https:\/\/empow-her.com\/\",\"name\":\"Empow&#039;Her\",\"description\":\"Women Development\",\"potentialAction\":[{\"@type\":\"SearchAction\",\"target\":{\"@type\":\"EntryPoint\",\"urlTemplate\":\"https:\/\/empow-her.com\/?s={search_term_string}\"},\"query-input\":{\"@type\":\"PropertyValueSpecification\",\"valueRequired\":true,\"valueName\":\"search_term_string\"}}],\"inLanguage\":\"en-US\"}]}<\/script>\n<!-- \/ Yoast SEO plugin. -->","yoast_head_json":{"title":"Atelier - Le positionnement de marque - Empow&#039;Her","robots":{"index":"index","follow":"follow","max-snippet":"max-snippet:-1","max-image-preview":"max-image-preview:large","max-video-preview":"max-video-preview:-1"},"canonical":"https:\/\/empow-her.com\/produit\/atelier-le-positionnement-de-marque\/","og_locale":"en_US","og_type":"article","og_title":"Atelier - Le positionnement de marque - Empow&#039;Her","og_description":"Description : En premi\u00e8re partie d'atelier, nous proposerons une r\u00e9flexion collective sur ce qu'est une marque en allant un peu plus loin que la seule id\u00e9e de \"l'image de marque\" et du logotype. Nous consacrerons la deuxi\u00e8me partie \u00e0 exp\u00e9rimenter des outils qui permettrons aux participantes de s'autonomiser dans un travail allant du positionnement au choix des codes d'identit\u00e9.  Vous avez identifi\u00e9 vos cibles et votre proposition de valeur ? Vous souhaitez cr\u00e9er votre identit\u00e9 de marque pour une communication \u00e0 votre image ?  Venez en atelier pour r\u00e9fl\u00e9chir collectivement sur ce qu'est une marque en allant un peu plus loin que la seule id\u00e9e de \"l'image de marque\" et du logotype. Alors qu'est ce qu'une marque et comment se positionne-t-on ?  Durant cet atelier, venez exp\u00e9rimentez les outils qui vous permettront de cr\u00e9er en autonomie votre positionnement de marque et de choisir les codes de votre identit\u00e9 de marque !   Intervenant.e\u00a0: Anne-Sophie Cambay-Carozzi de l'agence LesLieuxdits  Je suis une d\u00e9veloppeuse! J'ai travaill\u00e9 durant plus de 20 ans au d\u00e9veloppement de march\u00e9s en France et \u00e0 l'international en trouvant les points de diff\u00e9renciations des produits ou services dont j'avais la responsabilit\u00e9 et en identifiant les cibles pour lesquelles ces points de differentiations repr\u00e9sentent une valeur. J'accompagne depuis 6 ans les entrepreneurs et les dirigeants dans leur strat\u00e9gie de d\u00e9veloppement - plus particuli\u00e8rement \u00e0 partir de la marque et de son expression. #marque #marketing #segmentation #expressiondelavaleur  Son super pouvoir : Simplifier le complexe. Accompagner le changement. Rationnelle tout en restant intuitive.  Son petit mot : Never give up - you owe it to yourself!  Dur\u00e9e : 3 heures  Lieu : Sist'Her Paris, 82 rue du Faubourg Saint-Martin  &nbsp;  Attention ! \u00a0Veuillez vous pr\u00e9senter \u00e0 l\u2019heure pour que l\u2019activit\u00e9 puisse commencer \u00e0 temps. Si vous avez du retard veuillez pr\u00e9venir l\u2019intervenant.e. Si vous avez plus de 15 min de retard l\u2019intervenant.e se r\u00e9serve le droit de pas\u00a0 vous accepter pour le coaching ou l\u2019atelier.\u00a0      Ce projet est co-financ\u00e9 par le Fonds Social Europ\u00e9en.  \u00a0\u00a0\u00a0","og_url":"https:\/\/empow-her.com\/produit\/atelier-le-positionnement-de-marque\/","og_site_name":"Empow&#039;Her","article_modified_time":"2022-08-12T14:53:50+00:00","og_image":[{"width":1080,"height":1080,"url":"https:\/\/empow-her.com\/wp-content\/uploads\/2022\/07\/Women-Dare-templates-events-75.png","type":"image\/png"}],"twitter_card":"summary_large_image","schema":{"@context":"https:\/\/schema.org","@graph":[{"@type":"WebPage","@id":"https:\/\/empow-her.com\/produit\/atelier-le-positionnement-de-marque\/","url":"https:\/\/empow-her.com\/produit\/atelier-le-positionnement-de-marque\/","name":"Atelier - Le positionnement de marque - Empow&#039;Her","isPartOf":{"@id":"https:\/\/empow-her.com\/#website"},"primaryImageOfPage":{"@id":"https:\/\/empow-her.com\/produit\/atelier-le-positionnement-de-marque\/#primaryimage"},"image":{"@id":"https:\/\/empow-her.com\/produit\/atelier-le-positionnement-de-marque\/#primaryimage"},"thumbnailUrl":"https:\/\/empow-her.com\/wp-content\/uploads\/2022\/07\/Women-Dare-templates-events-75.png","datePublished":"2022-07-12T09:09:57+00:00","dateModified":"2022-08-12T14:53:50+00:00","breadcrumb":{"@id":"https:\/\/empow-her.com\/produit\/atelier-le-positionnement-de-marque\/#breadcrumb"},"inLanguage":"en-US","potentialAction":[{"@type":"ReadAction","target":["https:\/\/empow-her.com\/produit\/atelier-le-positionnement-de-marque\/"]}]},{"@type":"ImageObject","inLanguage":"en-US","@id":"https:\/\/empow-her.com\/produit\/atelier-le-positionnement-de-marque\/#primaryimage","url":"https:\/\/empow-her.com\/wp-content\/uploads\/2022\/07\/Women-Dare-templates-events-75.png","contentUrl":"https:\/\/empow-her.com\/wp-content\/uploads\/2022\/07\/Women-Dare-templates-events-75.png","width":1080,"height":1080},{"@type":"BreadcrumbList","@id":"https:\/\/empow-her.com\/produit\/atelier-le-positionnement-de-marque\/#breadcrumb","itemListElement":[{"@type":"ListItem","position":1,"name":"Accueil","item":"https:\/\/empow-her.com\/en\/landing-page\/"},{"@type":"ListItem","position":2,"name":"LA BOUTIQUE","item":"https:\/\/empow-her.com\/boutique\/"},{"@type":"ListItem","position":3,"name":"Atelier &#8211; Le positionnement de marque"}]},{"@type":"WebSite","@id":"https:\/\/empow-her.com\/#website","url":"https:\/\/empow-her.com\/","name":"Empow&#039;Her","description":"Women Development","potentialAction":[{"@type":"SearchAction","target":{"@type":"EntryPoint","urlTemplate":"https:\/\/empow-her.com\/?s={search_term_string}"},"query-input":{"@type":"PropertyValueSpecification","valueRequired":true,"valueName":"search_term_string"}}],"inLanguage":"en-US"}]}},"_links":{"self":[{"href":"https:\/\/empow-her.com\/en\/wp-json\/wp\/v2\/product\/121209","targetHints":{"allow":["GET"]}}],"collection":[{"href":"https:\/\/empow-her.com\/en\/wp-json\/wp\/v2\/product"}],"about":[{"href":"https:\/\/empow-her.com\/en\/wp-json\/wp\/v2\/types\/product"}],"wp:featuredmedia":[{"embeddable":true,"href":"https:\/\/empow-her.com\/en\/wp-json\/wp\/v2\/media\/121212"}],"wp:attachment":[{"href":"https:\/\/empow-her.com\/en\/wp-json\/wp\/v2\/media?parent=121209"}],"wp:term":[{"taxonomy":"product_brand","embeddable":true,"href":"https:\/\/empow-her.com\/en\/wp-json\/wp\/v2\/product_brand?post=121209"},{"taxonomy":"product_cat","embeddable":true,"href":"https:\/\/empow-her.com\/en\/wp-json\/wp\/v2\/product_cat?post=121209"},{"taxonomy":"product_tag","embeddable":true,"href":"https:\/\/empow-her.com\/en\/wp-json\/wp\/v2\/product_tag?post=121209"},{"taxonomy":"lieu","embeddable":true,"href":"https:\/\/empow-her.com\/en\/wp-json\/wp\/v2\/lieu?post=121209"},{"taxonomy":"thematiques","embeddable":true,"href":"https:\/\/empow-her.com\/en\/wp-json\/wp\/v2\/thematiques?post=121209"}],"curies":[{"name":"wp","href":"https:\/\/api.w.org\/{rel}","templated":true}]}}