{"id":121202,"date":"2022-07-12T11:05:28","date_gmt":"2022-07-12T09:05:28","guid":{"rendered":"https:\/\/empow-her.com\/?post_type=product&#038;p=121202"},"modified":"2022-09-13T15:59:40","modified_gmt":"2022-09-13T13:59:40","slug":"atelier-rediger-mes-conditions-generales-de-ventes","status":"publish","type":"product","link":"https:\/\/empow-her.com\/en\/produit\/atelier-rediger-mes-conditions-generales-de-ventes\/","title":{"rendered":"Atelier &#8211; R\u00e9diger mes conditions g\u00e9n\u00e9rales de ventes"},"content":{"rendered":"","protected":false},"excerpt":{"rendered":"<div>\n<p><strong>Description<\/strong> :<\/p>\n<p><span data-sheets-value=\"{&quot;1&quot;:2,&quot;2&quot;:&quot;Quand et comment n\u00e9gocier un contrat avec un fournisseur ? Quand c\u00e9der des droits de propri\u00e9t\u00e9 intellectuelle, ou une licence de votre produit ? \\nQuelle est la diff\u00e9rence entre CGV (conditions g\u00e9n\u00e9rales de vente) \/ CGU (conditions g\u00e9n\u00e9rales d'utilisation) ? Quand et comment les r\u00e9diger ?\\n\\nLors de cet atelier collectif, d\u00e9couvrez les types de contrats utiles et \u00e0 connaitre, identifiez les clauses essentielles \u00e0 ins\u00e9rer dans vos contrats, et recevez des conseils dans la r\u00e9daction de vos contrats.\\n\\nPour pr\u00e9venir toute mauvaise surprise \u00e0 la r\u00e9daction de vos premiers contrats, venez vous initier aux contrats commerciaux et aux conditions g\u00e9n\u00e9rales de ventes vous outillez avec des expert.e.s sur ces questions juridiques !&quot;}\" data-sheets-userformat=\"{&quot;2&quot;:7041,&quot;3&quot;:{&quot;1&quot;:0},&quot;10&quot;:1,&quot;11&quot;:4,&quot;12&quot;:0,&quot;14&quot;:{&quot;1&quot;:2,&quot;2&quot;:3450963},&quot;15&quot;:&quot;Hind&quot;}\">Quand et comment n\u00e9gocier un contrat avec un fournisseur ? Quand c\u00e9der des droits de propri\u00e9t\u00e9 intellectuelle, ou une licence de votre produit ?<br \/>\nQuelle est la diff\u00e9rence entre CGV (conditions g\u00e9n\u00e9rales de vente) \/ CGU (conditions g\u00e9n\u00e9rales d&#8217;utilisation) ? Quand et comment les r\u00e9diger ?<\/p>\n<p>Lors de cet atelier collectif, d\u00e9couvrez les types de contrats utiles et \u00e0 connaitre, identifiez les clauses essentielles \u00e0 ins\u00e9rer dans vos contrats, et recevez des conseils dans la r\u00e9daction de vos contrats.<\/p>\n<p>Pour pr\u00e9venir toute mauvaise surprise \u00e0 la r\u00e9daction de vos premiers contrats, venez vous initier aux contrats commerciaux et aux conditions g\u00e9n\u00e9rales de ventes vous outillez avec des expert.e.s sur ces questions juridiques !<\/span><\/p>\n<p><strong>Pr\u00e9-requis<\/strong> : Aucun<\/p>\n<p><strong>Intervenant.e.s : Cabinet d&#8217;avocats WeAreBold<\/strong><\/p>\n<p><strong>Dur\u00e9e<\/strong> : 3 heures<\/p>\n<p><b>Lieu : <\/b>Sist&#8217;Her Paris, 82 rue du Faubourg Saint-Martin<\/p>\n<p>&nbsp;<\/p>\n<p><strong>Attention !<\/strong> \u00a0Veuillez vous pr\u00e9senter \u00e0 l\u2019heure pour que l\u2019activit\u00e9 puisse commencer \u00e0 temps. Si vous avez du retard veuillez pr\u00e9venir l\u2019intervenant.e. Si vous avez plus de 15 min de retard l\u2019intervenant.e se r\u00e9serve le droit de ne plus vous accepter pour le coaching ou l\u2019atelier.<\/p>\n<\/div>\n<div><\/div>\n<div><\/div>\n<div><\/div>\n<p>Ce projet est co-financ\u00e9 par le Fonds Social Europ\u00e9en.<\/p>\n<p><img decoding=\"async\" class=\"\" src=\"https:\/\/www.sep-asso.fr\/wp-content\/uploads\/2018\/02\/logo-union-europeenne.png\" alt=\"logo union europeenne \u2013 SEP\" width=\"87\" height=\"72\" \/>\u00a0\u00a0<img decoding=\"async\" class=\"alignnone wp-image-15218\" src=\"https:\/\/empow-her.com\/wp-content\/uploads\/2021\/06\/logo_fonds_social_europeen-300x187.png\" alt=\"\" width=\"104\" height=\"65\" srcset=\"https:\/\/empow-her.com\/wp-content\/uploads\/2021\/06\/logo_fonds_social_europeen-300x187.png 300w, https:\/\/empow-her.com\/wp-content\/uploads\/2021\/06\/logo_fonds_social_europeen-600x375.png 600w, https:\/\/empow-her.com\/wp-content\/uploads\/2021\/06\/logo_fonds_social_europeen-24x15.png 24w, https:\/\/empow-her.com\/wp-content\/uploads\/2021\/06\/logo_fonds_social_europeen-36x22.png 36w, https:\/\/empow-her.com\/wp-content\/uploads\/2021\/06\/logo_fonds_social_europeen-48x30.png 48w, https:\/\/empow-her.com\/wp-content\/uploads\/2021\/06\/logo_fonds_social_europeen.png 666w\" sizes=\"(max-width: 104px) 100vw, 104px\" \/>\u00a0<img decoding=\"async\" class=\"\" src=\"https:\/\/franceactive-idf.org\/wp-content\/uploads\/2020\/02\/logo-region-ile-de-france.png\" alt=\"Logo Region Ile De France - France Active \u00cele-de-France\" width=\"126\" height=\"29\" \/><\/p>\n","protected":false},"featured_media":121203,"template":"","format":"standard","meta":{"_acf_changed":false,"om_disable_all_campaigns":false,"_uf_show_specific_survey":0,"_uf_disable_surveys":false},"product_brand":[],"product_cat":[118],"product_tag":[],"lieu":[127],"thematiques":[],"class_list":{"0":"post-121202","1":"product","2":"type-product","3":"status-publish","4":"format-standard","5":"has-post-thumbnail","7":"product_cat-atelier-collectif","8":"lieu-hub-empowher","10":"first","11":"instock","12":"virtual","13":"purchasable","14":"product-type-appointment"},"exclude_global_add_ons":[],"addons":[],"acf":[],"yoast_head":"<!-- This site is optimized with the Yoast SEO plugin v24.8 - https:\/\/yoast.com\/wordpress\/plugins\/seo\/ -->\n<title>Atelier - R\u00e9diger mes conditions g\u00e9n\u00e9rales de ventes - Empow&#039;Her<\/title>\n<meta name=\"robots\" content=\"index, follow, max-snippet:-1, max-image-preview:large, max-video-preview:-1\" \/>\n<link rel=\"canonical\" href=\"https:\/\/empow-her.com\/produit\/atelier-rediger-mes-conditions-generales-de-ventes\/\" \/>\n<meta property=\"og:locale\" content=\"en_US\" \/>\n<meta property=\"og:type\" content=\"article\" \/>\n<meta property=\"og:title\" content=\"Atelier - R\u00e9diger mes conditions g\u00e9n\u00e9rales de ventes - Empow&#039;Her\" \/>\n<meta property=\"og:description\" content=\"Description :  Quand et comment n\u00e9gocier un contrat avec un fournisseur ? Quand c\u00e9der des droits de propri\u00e9t\u00e9 intellectuelle, ou une licence de votre produit ? Quelle est la diff\u00e9rence entre CGV (conditions g\u00e9n\u00e9rales de vente) \/ CGU (conditions g\u00e9n\u00e9rales d&#039;utilisation) ? Quand et comment les r\u00e9diger ?  Lors de cet atelier collectif, d\u00e9couvrez les types de contrats utiles et \u00e0 connaitre, identifiez les clauses essentielles \u00e0 ins\u00e9rer dans vos contrats, et recevez des conseils dans la r\u00e9daction de vos contrats.  Pour pr\u00e9venir toute mauvaise surprise \u00e0 la r\u00e9daction de vos premiers contrats, venez vous initier aux contrats commerciaux et aux conditions g\u00e9n\u00e9rales de ventes vous outillez avec des expert.e.s sur ces questions juridiques !  Pr\u00e9-requis : Aucun  Intervenant.e.s : Cabinet d&#039;avocats WeAreBold  Dur\u00e9e : 3 heures  Lieu : Sist&#039;Her Paris, 82 rue du Faubourg Saint-Martin  &nbsp;  Attention ! \u00a0Veuillez vous pr\u00e9senter \u00e0 l\u2019heure pour que l\u2019activit\u00e9 puisse commencer \u00e0 temps. Si vous avez du retard veuillez pr\u00e9venir l\u2019intervenant.e. Si vous avez plus de 15 min de retard l\u2019intervenant.e se r\u00e9serve le droit de ne plus vous accepter pour le coaching ou l\u2019atelier.      Ce projet est co-financ\u00e9 par le Fonds Social Europ\u00e9en.  \u00a0\u00a0\u00a0\" \/>\n<meta property=\"og:url\" content=\"https:\/\/empow-her.com\/produit\/atelier-rediger-mes-conditions-generales-de-ventes\/\" \/>\n<meta property=\"og:site_name\" content=\"Empow&#039;Her\" \/>\n<meta property=\"article:modified_time\" content=\"2022-09-13T13:59:40+00:00\" \/>\n<meta property=\"og:image\" content=\"https:\/\/empow-her.com\/wp-content\/uploads\/2022\/07\/Women-Dare-templates-events-74.png\" \/>\n\t<meta property=\"og:image:width\" content=\"1080\" \/>\n\t<meta property=\"og:image:height\" content=\"1080\" \/>\n\t<meta property=\"og:image:type\" content=\"image\/png\" \/>\n<meta name=\"twitter:card\" content=\"summary_large_image\" \/>\n<script type=\"application\/ld+json\" class=\"yoast-schema-graph\">{\"@context\":\"https:\/\/schema.org\",\"@graph\":[{\"@type\":\"WebPage\",\"@id\":\"https:\/\/empow-her.com\/produit\/atelier-rediger-mes-conditions-generales-de-ventes\/\",\"url\":\"https:\/\/empow-her.com\/produit\/atelier-rediger-mes-conditions-generales-de-ventes\/\",\"name\":\"Atelier - R\u00e9diger mes conditions g\u00e9n\u00e9rales de ventes - Empow&#039;Her\",\"isPartOf\":{\"@id\":\"https:\/\/empow-her.com\/#website\"},\"primaryImageOfPage\":{\"@id\":\"https:\/\/empow-her.com\/produit\/atelier-rediger-mes-conditions-generales-de-ventes\/#primaryimage\"},\"image\":{\"@id\":\"https:\/\/empow-her.com\/produit\/atelier-rediger-mes-conditions-generales-de-ventes\/#primaryimage\"},\"thumbnailUrl\":\"https:\/\/empow-her.com\/wp-content\/uploads\/2022\/07\/Women-Dare-templates-events-74.png\",\"datePublished\":\"2022-07-12T09:05:28+00:00\",\"dateModified\":\"2022-09-13T13:59:40+00:00\",\"breadcrumb\":{\"@id\":\"https:\/\/empow-her.com\/produit\/atelier-rediger-mes-conditions-generales-de-ventes\/#breadcrumb\"},\"inLanguage\":\"en-US\",\"potentialAction\":[{\"@type\":\"ReadAction\",\"target\":[\"https:\/\/empow-her.com\/produit\/atelier-rediger-mes-conditions-generales-de-ventes\/\"]}]},{\"@type\":\"ImageObject\",\"inLanguage\":\"en-US\",\"@id\":\"https:\/\/empow-her.com\/produit\/atelier-rediger-mes-conditions-generales-de-ventes\/#primaryimage\",\"url\":\"https:\/\/empow-her.com\/wp-content\/uploads\/2022\/07\/Women-Dare-templates-events-74.png\",\"contentUrl\":\"https:\/\/empow-her.com\/wp-content\/uploads\/2022\/07\/Women-Dare-templates-events-74.png\",\"width\":1080,\"height\":1080},{\"@type\":\"BreadcrumbList\",\"@id\":\"https:\/\/empow-her.com\/produit\/atelier-rediger-mes-conditions-generales-de-ventes\/#breadcrumb\",\"itemListElement\":[{\"@type\":\"ListItem\",\"position\":1,\"name\":\"Accueil\",\"item\":\"https:\/\/empow-her.com\/en\/landing-page\/\"},{\"@type\":\"ListItem\",\"position\":2,\"name\":\"LA BOUTIQUE\",\"item\":\"https:\/\/empow-her.com\/boutique\/\"},{\"@type\":\"ListItem\",\"position\":3,\"name\":\"Atelier &#8211; R\u00e9diger mes conditions g\u00e9n\u00e9rales de ventes\"}]},{\"@type\":\"WebSite\",\"@id\":\"https:\/\/empow-her.com\/#website\",\"url\":\"https:\/\/empow-her.com\/\",\"name\":\"Empow&#039;Her\",\"description\":\"Women Development\",\"potentialAction\":[{\"@type\":\"SearchAction\",\"target\":{\"@type\":\"EntryPoint\",\"urlTemplate\":\"https:\/\/empow-her.com\/?s={search_term_string}\"},\"query-input\":{\"@type\":\"PropertyValueSpecification\",\"valueRequired\":true,\"valueName\":\"search_term_string\"}}],\"inLanguage\":\"en-US\"}]}<\/script>\n<!-- \/ Yoast SEO plugin. -->","yoast_head_json":{"title":"Atelier - R\u00e9diger mes conditions g\u00e9n\u00e9rales de ventes - Empow&#039;Her","robots":{"index":"index","follow":"follow","max-snippet":"max-snippet:-1","max-image-preview":"max-image-preview:large","max-video-preview":"max-video-preview:-1"},"canonical":"https:\/\/empow-her.com\/produit\/atelier-rediger-mes-conditions-generales-de-ventes\/","og_locale":"en_US","og_type":"article","og_title":"Atelier - R\u00e9diger mes conditions g\u00e9n\u00e9rales de ventes - Empow&#039;Her","og_description":"Description :  Quand et comment n\u00e9gocier un contrat avec un fournisseur ? Quand c\u00e9der des droits de propri\u00e9t\u00e9 intellectuelle, ou une licence de votre produit ? Quelle est la diff\u00e9rence entre CGV (conditions g\u00e9n\u00e9rales de vente) \/ CGU (conditions g\u00e9n\u00e9rales d'utilisation) ? Quand et comment les r\u00e9diger ?  Lors de cet atelier collectif, d\u00e9couvrez les types de contrats utiles et \u00e0 connaitre, identifiez les clauses essentielles \u00e0 ins\u00e9rer dans vos contrats, et recevez des conseils dans la r\u00e9daction de vos contrats.  Pour pr\u00e9venir toute mauvaise surprise \u00e0 la r\u00e9daction de vos premiers contrats, venez vous initier aux contrats commerciaux et aux conditions g\u00e9n\u00e9rales de ventes vous outillez avec des expert.e.s sur ces questions juridiques !  Pr\u00e9-requis : Aucun  Intervenant.e.s : Cabinet d'avocats WeAreBold  Dur\u00e9e : 3 heures  Lieu : Sist'Her Paris, 82 rue du Faubourg Saint-Martin  &nbsp;  Attention ! \u00a0Veuillez vous pr\u00e9senter \u00e0 l\u2019heure pour que l\u2019activit\u00e9 puisse commencer \u00e0 temps. Si vous avez du retard veuillez pr\u00e9venir l\u2019intervenant.e. Si vous avez plus de 15 min de retard l\u2019intervenant.e se r\u00e9serve le droit de ne plus vous accepter pour le coaching ou l\u2019atelier.      Ce projet est co-financ\u00e9 par le Fonds Social Europ\u00e9en.  \u00a0\u00a0\u00a0","og_url":"https:\/\/empow-her.com\/produit\/atelier-rediger-mes-conditions-generales-de-ventes\/","og_site_name":"Empow&#039;Her","article_modified_time":"2022-09-13T13:59:40+00:00","og_image":[{"width":1080,"height":1080,"url":"https:\/\/empow-her.com\/wp-content\/uploads\/2022\/07\/Women-Dare-templates-events-74.png","type":"image\/png"}],"twitter_card":"summary_large_image","schema":{"@context":"https:\/\/schema.org","@graph":[{"@type":"WebPage","@id":"https:\/\/empow-her.com\/produit\/atelier-rediger-mes-conditions-generales-de-ventes\/","url":"https:\/\/empow-her.com\/produit\/atelier-rediger-mes-conditions-generales-de-ventes\/","name":"Atelier - R\u00e9diger mes conditions g\u00e9n\u00e9rales de ventes - Empow&#039;Her","isPartOf":{"@id":"https:\/\/empow-her.com\/#website"},"primaryImageOfPage":{"@id":"https:\/\/empow-her.com\/produit\/atelier-rediger-mes-conditions-generales-de-ventes\/#primaryimage"},"image":{"@id":"https:\/\/empow-her.com\/produit\/atelier-rediger-mes-conditions-generales-de-ventes\/#primaryimage"},"thumbnailUrl":"https:\/\/empow-her.com\/wp-content\/uploads\/2022\/07\/Women-Dare-templates-events-74.png","datePublished":"2022-07-12T09:05:28+00:00","dateModified":"2022-09-13T13:59:40+00:00","breadcrumb":{"@id":"https:\/\/empow-her.com\/produit\/atelier-rediger-mes-conditions-generales-de-ventes\/#breadcrumb"},"inLanguage":"en-US","potentialAction":[{"@type":"ReadAction","target":["https:\/\/empow-her.com\/produit\/atelier-rediger-mes-conditions-generales-de-ventes\/"]}]},{"@type":"ImageObject","inLanguage":"en-US","@id":"https:\/\/empow-her.com\/produit\/atelier-rediger-mes-conditions-generales-de-ventes\/#primaryimage","url":"https:\/\/empow-her.com\/wp-content\/uploads\/2022\/07\/Women-Dare-templates-events-74.png","contentUrl":"https:\/\/empow-her.com\/wp-content\/uploads\/2022\/07\/Women-Dare-templates-events-74.png","width":1080,"height":1080},{"@type":"BreadcrumbList","@id":"https:\/\/empow-her.com\/produit\/atelier-rediger-mes-conditions-generales-de-ventes\/#breadcrumb","itemListElement":[{"@type":"ListItem","position":1,"name":"Accueil","item":"https:\/\/empow-her.com\/en\/landing-page\/"},{"@type":"ListItem","position":2,"name":"LA BOUTIQUE","item":"https:\/\/empow-her.com\/boutique\/"},{"@type":"ListItem","position":3,"name":"Atelier &#8211; R\u00e9diger mes conditions g\u00e9n\u00e9rales de ventes"}]},{"@type":"WebSite","@id":"https:\/\/empow-her.com\/#website","url":"https:\/\/empow-her.com\/","name":"Empow&#039;Her","description":"Women Development","potentialAction":[{"@type":"SearchAction","target":{"@type":"EntryPoint","urlTemplate":"https:\/\/empow-her.com\/?s={search_term_string}"},"query-input":{"@type":"PropertyValueSpecification","valueRequired":true,"valueName":"search_term_string"}}],"inLanguage":"en-US"}]}},"_links":{"self":[{"href":"https:\/\/empow-her.com\/en\/wp-json\/wp\/v2\/product\/121202","targetHints":{"allow":["GET"]}}],"collection":[{"href":"https:\/\/empow-her.com\/en\/wp-json\/wp\/v2\/product"}],"about":[{"href":"https:\/\/empow-her.com\/en\/wp-json\/wp\/v2\/types\/product"}],"wp:featuredmedia":[{"embeddable":true,"href":"https:\/\/empow-her.com\/en\/wp-json\/wp\/v2\/media\/121203"}],"wp:attachment":[{"href":"https:\/\/empow-her.com\/en\/wp-json\/wp\/v2\/media?parent=121202"}],"wp:term":[{"taxonomy":"product_brand","embeddable":true,"href":"https:\/\/empow-her.com\/en\/wp-json\/wp\/v2\/product_brand?post=121202"},{"taxonomy":"product_cat","embeddable":true,"href":"https:\/\/empow-her.com\/en\/wp-json\/wp\/v2\/product_cat?post=121202"},{"taxonomy":"product_tag","embeddable":true,"href":"https:\/\/empow-her.com\/en\/wp-json\/wp\/v2\/product_tag?post=121202"},{"taxonomy":"lieu","embeddable":true,"href":"https:\/\/empow-her.com\/en\/wp-json\/wp\/v2\/lieu?post=121202"},{"taxonomy":"thematiques","embeddable":true,"href":"https:\/\/empow-her.com\/en\/wp-json\/wp\/v2\/thematiques?post=121202"}],"curies":[{"name":"wp","href":"https:\/\/api.w.org\/{rel}","templated":true}]}}