{"id":121195,"date":"2022-07-12T10:54:45","date_gmt":"2022-07-12T08:54:45","guid":{"rendered":"https:\/\/empow-her.com\/?post_type=product&#038;p=121195"},"modified":"2022-08-30T11:57:24","modified_gmt":"2022-08-30T09:57:24","slug":"atelier-avec-le-barreau-de-paris-responsabilite-civique-de-lentrepreneure","status":"publish","type":"product","link":"https:\/\/empow-her.com\/en\/produit\/atelier-avec-le-barreau-de-paris-responsabilite-civique-de-lentrepreneure\/","title":{"rendered":"Atelier avec le Barreau de Paris &#8211; Ma responsabilit\u00e9 en tant que dirigeante de ma soci\u00e9t\u00e9"},"content":{"rendered":"","protected":false},"excerpt":{"rendered":"<div>\n<div>\n<div id=\"1661243404.729699\" class=\"c-virtual_list__item\" tabindex=\"-1\" role=\"listitem\" data-qa=\"virtual-list-item\" data-item-key=\"1661243404.729699\">\n<div class=\"c-message_kit__background p-message_pane_message__message c-message_kit__message\" role=\"presentation\" data-qa=\"message_container\" data-qa-unprocessed=\"false\" data-qa-placeholder=\"false\">\n<div class=\"c-message_kit__hover\" role=\"document\" aria-roledescription=\"message\" data-qa-hover=\"true\">\n<div class=\"c-message_kit__actions c-message_kit__actions--default\">\n<div class=\"c-message_kit__gutter\">\n<div class=\"c-message_kit__gutter__right\" role=\"presentation\" data-qa=\"message_content\">\n<div class=\"c-message_kit__blocks c-message_kit__blocks--rich_text\">\n<div class=\"c-message__message_blocks c-message__message_blocks--rich_text\" data-qa=\"message-text\">\n<div class=\"p-block_kit_renderer\" data-qa=\"block-kit-renderer\">\n<div class=\"p-block_kit_renderer__block_wrapper p-block_kit_renderer__block_wrapper--first\">\n<div class=\"p-rich_text_block\" dir=\"auto\">\n<div class=\"p-rich_text_section\"><strong>Description<\/strong> :<\/div>\n<div>La cr\u00e9ation d\u2019une soci\u00e9t\u00e9 entraine des responsabilit\u00e9s l\u00e9gales, tant pour votre entreprise que pour vous. Cet atelier vous informera sur les diff\u00e9rentes obligations en terme de responsabilit\u00e9 civile et p\u00e9nale, et quelles sont les r\u00e9ponses juridiques les plus adapt\u00e9es \u00e0 votre projet entrepreneurial.<\/div>\n<\/div>\n<\/div>\n<\/div>\n<\/div>\n<\/div>\n<\/div>\n<\/div>\n<\/div>\n<\/div>\n<\/div>\n<\/div>\n<div id=\"1661243433.199099\" class=\"c-virtual_list__item\" tabindex=\"-1\" role=\"listitem\" data-qa=\"virtual-list-item\" data-item-key=\"1661243433.199099\">\n<div class=\"c-message_kit__background p-message_pane_message__message c-message_kit__message\" role=\"presentation\" data-qa=\"message_container\" data-qa-unprocessed=\"false\" data-qa-placeholder=\"false\">\n<div class=\"c-message_kit__hover\" role=\"document\" aria-roledescription=\"message\" data-qa-hover=\"true\">\n<div class=\"c-message_kit__actions c-message_kit__actions--above\">\n<div class=\"c-message_kit__gutter\">\n<div class=\"c-message_kit__gutter__left\" role=\"presentation\"><\/div>\n<div class=\"c-message_kit__gutter__right\" role=\"presentation\" data-qa=\"message_content\">\n<div class=\"c-message_kit__blocks c-message_kit__blocks--rich_text\">\n<div class=\"c-message__message_blocks c-message__message_blocks--rich_text\" data-qa=\"message-text\">\n<div class=\"p-block_kit_renderer\" data-qa=\"block-kit-renderer\">\n<div class=\"p-block_kit_renderer__block_wrapper p-block_kit_renderer__block_wrapper--first\">\n<div class=\"p-rich_text_block\" dir=\"auto\">\n<div class=\"p-rich_text_section\"><\/div>\n<\/div>\n<\/div>\n<\/div>\n<\/div>\n<\/div>\n<\/div>\n<\/div>\n<\/div>\n<\/div>\n<\/div>\n<\/div>\n<\/div>\n<div>\n<div><strong>Intervenante: <\/strong>Barreau de Paris<\/div>\n<\/div>\n<\/div>\n<div><\/div>\n<div><b>Lieu : <\/b>Sist&#8217;Her Paris, 82 rue du Faubourg Saint-Martin<\/div>\n<div><\/div>\n<div><\/div>\n<p>Ce projet est co-financ\u00e9 par le Fonds Social Europ\u00e9en.<\/p>\n<p><img decoding=\"async\" class=\"\" src=\"https:\/\/www.sep-asso.fr\/wp-content\/uploads\/2018\/02\/logo-union-europeenne.png\" alt=\"logo union europeenne \u2013 SEP\" width=\"87\" height=\"72\" \/>\u00a0\u00a0<img decoding=\"async\" class=\"alignnone wp-image-15218\" src=\"https:\/\/empow-her.com\/wp-content\/uploads\/2021\/06\/logo_fonds_social_europeen-300x187.png\" alt=\"\" width=\"104\" height=\"65\" srcset=\"https:\/\/empow-her.com\/wp-content\/uploads\/2021\/06\/logo_fonds_social_europeen-300x187.png 300w, https:\/\/empow-her.com\/wp-content\/uploads\/2021\/06\/logo_fonds_social_europeen-600x375.png 600w, https:\/\/empow-her.com\/wp-content\/uploads\/2021\/06\/logo_fonds_social_europeen-24x15.png 24w, https:\/\/empow-her.com\/wp-content\/uploads\/2021\/06\/logo_fonds_social_europeen-36x22.png 36w, https:\/\/empow-her.com\/wp-content\/uploads\/2021\/06\/logo_fonds_social_europeen-48x30.png 48w, https:\/\/empow-her.com\/wp-content\/uploads\/2021\/06\/logo_fonds_social_europeen.png 666w\" sizes=\"(max-width: 104px) 100vw, 104px\" \/>\u00a0<img decoding=\"async\" class=\"\" src=\"https:\/\/franceactive-idf.org\/wp-content\/uploads\/2020\/02\/logo-region-ile-de-france.png\" alt=\"Logo Region Ile De France - France Active \u00cele-de-France\" width=\"126\" height=\"29\" \/><\/p>\n","protected":false},"featured_media":121869,"template":"","format":"standard","meta":{"_acf_changed":false,"om_disable_all_campaigns":false,"_uf_show_specific_survey":0,"_uf_disable_surveys":false},"product_brand":[],"product_cat":[118],"product_tag":[],"lieu":[127],"thematiques":[],"class_list":{"0":"post-121195","1":"product","2":"type-product","3":"status-publish","4":"format-standard","5":"has-post-thumbnail","7":"product_cat-atelier-collectif","8":"lieu-hub-empowher","10":"first","11":"instock","12":"virtual","13":"purchasable","14":"product-type-appointment"},"exclude_global_add_ons":[],"addons":[],"acf":[],"yoast_head":"<!-- This site is optimized with the Yoast SEO plugin v24.8 - https:\/\/yoast.com\/wordpress\/plugins\/seo\/ -->\n<title>Atelier avec le Barreau de Paris - Ma responsabilit\u00e9 en tant que dirigeante de ma soci\u00e9t\u00e9 - Empow&#039;Her<\/title>\n<meta name=\"robots\" content=\"index, follow, max-snippet:-1, max-image-preview:large, max-video-preview:-1\" \/>\n<link rel=\"canonical\" href=\"https:\/\/empow-her.com\/produit\/atelier-avec-le-barreau-de-paris-responsabilite-civique-de-lentrepreneure\/\" \/>\n<meta property=\"og:locale\" content=\"en_US\" \/>\n<meta property=\"og:type\" content=\"article\" \/>\n<meta property=\"og:title\" content=\"Atelier avec le Barreau de Paris - Ma responsabilit\u00e9 en tant que dirigeante de ma soci\u00e9t\u00e9 - Empow&#039;Her\" \/>\n<meta property=\"og:description\" content=\"Description : La cr\u00e9ation d\u2019une soci\u00e9t\u00e9 entraine des responsabilit\u00e9s l\u00e9gales, tant pour votre entreprise que pour vous. Cet atelier vous informera sur les diff\u00e9rentes obligations en terme de responsabilit\u00e9 civile et p\u00e9nale, et quelles sont les r\u00e9ponses juridiques les plus adapt\u00e9es \u00e0 votre projet entrepreneurial.                                      Intervenante: Barreau de Paris    Lieu : Sist&#039;Her Paris, 82 rue du Faubourg Saint-Martin   Ce projet est co-financ\u00e9 par le Fonds Social Europ\u00e9en.  \u00a0\u00a0\u00a0\" \/>\n<meta property=\"og:url\" content=\"https:\/\/empow-her.com\/produit\/atelier-avec-le-barreau-de-paris-responsabilite-civique-de-lentrepreneure\/\" \/>\n<meta property=\"og:site_name\" content=\"Empow&#039;Her\" \/>\n<meta property=\"article:modified_time\" content=\"2022-08-30T09:57:24+00:00\" \/>\n<meta property=\"og:image\" content=\"https:\/\/empow-her.com\/wp-content\/uploads\/2022\/07\/Women-Dare-templates-events-2022-08-30T115707.618.png\" \/>\n\t<meta property=\"og:image:width\" content=\"1080\" \/>\n\t<meta property=\"og:image:height\" content=\"1080\" \/>\n\t<meta property=\"og:image:type\" content=\"image\/png\" \/>\n<meta name=\"twitter:card\" content=\"summary_large_image\" \/>\n<script type=\"application\/ld+json\" class=\"yoast-schema-graph\">{\"@context\":\"https:\/\/schema.org\",\"@graph\":[{\"@type\":\"WebPage\",\"@id\":\"https:\/\/empow-her.com\/produit\/atelier-avec-le-barreau-de-paris-responsabilite-civique-de-lentrepreneure\/\",\"url\":\"https:\/\/empow-her.com\/produit\/atelier-avec-le-barreau-de-paris-responsabilite-civique-de-lentrepreneure\/\",\"name\":\"Atelier avec le Barreau de Paris - Ma responsabilit\u00e9 en tant que dirigeante de ma soci\u00e9t\u00e9 - Empow&#039;Her\",\"isPartOf\":{\"@id\":\"https:\/\/empow-her.com\/#website\"},\"primaryImageOfPage\":{\"@id\":\"https:\/\/empow-her.com\/produit\/atelier-avec-le-barreau-de-paris-responsabilite-civique-de-lentrepreneure\/#primaryimage\"},\"image\":{\"@id\":\"https:\/\/empow-her.com\/produit\/atelier-avec-le-barreau-de-paris-responsabilite-civique-de-lentrepreneure\/#primaryimage\"},\"thumbnailUrl\":\"https:\/\/empow-her.com\/wp-content\/uploads\/2022\/07\/Women-Dare-templates-events-2022-08-30T115707.618.png\",\"datePublished\":\"2022-07-12T08:54:45+00:00\",\"dateModified\":\"2022-08-30T09:57:24+00:00\",\"breadcrumb\":{\"@id\":\"https:\/\/empow-her.com\/produit\/atelier-avec-le-barreau-de-paris-responsabilite-civique-de-lentrepreneure\/#breadcrumb\"},\"inLanguage\":\"en-US\",\"potentialAction\":[{\"@type\":\"ReadAction\",\"target\":[\"https:\/\/empow-her.com\/produit\/atelier-avec-le-barreau-de-paris-responsabilite-civique-de-lentrepreneure\/\"]}]},{\"@type\":\"ImageObject\",\"inLanguage\":\"en-US\",\"@id\":\"https:\/\/empow-her.com\/produit\/atelier-avec-le-barreau-de-paris-responsabilite-civique-de-lentrepreneure\/#primaryimage\",\"url\":\"https:\/\/empow-her.com\/wp-content\/uploads\/2022\/07\/Women-Dare-templates-events-2022-08-30T115707.618.png\",\"contentUrl\":\"https:\/\/empow-her.com\/wp-content\/uploads\/2022\/07\/Women-Dare-templates-events-2022-08-30T115707.618.png\",\"width\":1080,\"height\":1080},{\"@type\":\"BreadcrumbList\",\"@id\":\"https:\/\/empow-her.com\/produit\/atelier-avec-le-barreau-de-paris-responsabilite-civique-de-lentrepreneure\/#breadcrumb\",\"itemListElement\":[{\"@type\":\"ListItem\",\"position\":1,\"name\":\"Accueil\",\"item\":\"https:\/\/empow-her.com\/en\/landing-page\/\"},{\"@type\":\"ListItem\",\"position\":2,\"name\":\"LA BOUTIQUE\",\"item\":\"https:\/\/empow-her.com\/boutique\/\"},{\"@type\":\"ListItem\",\"position\":3,\"name\":\"Atelier avec le Barreau de Paris &#8211; Ma responsabilit\u00e9 en tant que dirigeante de ma soci\u00e9t\u00e9\"}]},{\"@type\":\"WebSite\",\"@id\":\"https:\/\/empow-her.com\/#website\",\"url\":\"https:\/\/empow-her.com\/\",\"name\":\"Empow&#039;Her\",\"description\":\"Women Development\",\"potentialAction\":[{\"@type\":\"SearchAction\",\"target\":{\"@type\":\"EntryPoint\",\"urlTemplate\":\"https:\/\/empow-her.com\/?s={search_term_string}\"},\"query-input\":{\"@type\":\"PropertyValueSpecification\",\"valueRequired\":true,\"valueName\":\"search_term_string\"}}],\"inLanguage\":\"en-US\"}]}<\/script>\n<!-- \/ Yoast SEO plugin. -->","yoast_head_json":{"title":"Atelier avec le Barreau de Paris - Ma responsabilit\u00e9 en tant que dirigeante de ma soci\u00e9t\u00e9 - Empow&#039;Her","robots":{"index":"index","follow":"follow","max-snippet":"max-snippet:-1","max-image-preview":"max-image-preview:large","max-video-preview":"max-video-preview:-1"},"canonical":"https:\/\/empow-her.com\/produit\/atelier-avec-le-barreau-de-paris-responsabilite-civique-de-lentrepreneure\/","og_locale":"en_US","og_type":"article","og_title":"Atelier avec le Barreau de Paris - Ma responsabilit\u00e9 en tant que dirigeante de ma soci\u00e9t\u00e9 - Empow&#039;Her","og_description":"Description : La cr\u00e9ation d\u2019une soci\u00e9t\u00e9 entraine des responsabilit\u00e9s l\u00e9gales, tant pour votre entreprise que pour vous. Cet atelier vous informera sur les diff\u00e9rentes obligations en terme de responsabilit\u00e9 civile et p\u00e9nale, et quelles sont les r\u00e9ponses juridiques les plus adapt\u00e9es \u00e0 votre projet entrepreneurial.                                      Intervenante: Barreau de Paris    Lieu : Sist'Her Paris, 82 rue du Faubourg Saint-Martin   Ce projet est co-financ\u00e9 par le Fonds Social Europ\u00e9en.  \u00a0\u00a0\u00a0","og_url":"https:\/\/empow-her.com\/produit\/atelier-avec-le-barreau-de-paris-responsabilite-civique-de-lentrepreneure\/","og_site_name":"Empow&#039;Her","article_modified_time":"2022-08-30T09:57:24+00:00","og_image":[{"width":1080,"height":1080,"url":"https:\/\/empow-her.com\/wp-content\/uploads\/2022\/07\/Women-Dare-templates-events-2022-08-30T115707.618.png","type":"image\/png"}],"twitter_card":"summary_large_image","schema":{"@context":"https:\/\/schema.org","@graph":[{"@type":"WebPage","@id":"https:\/\/empow-her.com\/produit\/atelier-avec-le-barreau-de-paris-responsabilite-civique-de-lentrepreneure\/","url":"https:\/\/empow-her.com\/produit\/atelier-avec-le-barreau-de-paris-responsabilite-civique-de-lentrepreneure\/","name":"Atelier avec le Barreau de Paris - Ma responsabilit\u00e9 en tant que dirigeante de ma soci\u00e9t\u00e9 - Empow&#039;Her","isPartOf":{"@id":"https:\/\/empow-her.com\/#website"},"primaryImageOfPage":{"@id":"https:\/\/empow-her.com\/produit\/atelier-avec-le-barreau-de-paris-responsabilite-civique-de-lentrepreneure\/#primaryimage"},"image":{"@id":"https:\/\/empow-her.com\/produit\/atelier-avec-le-barreau-de-paris-responsabilite-civique-de-lentrepreneure\/#primaryimage"},"thumbnailUrl":"https:\/\/empow-her.com\/wp-content\/uploads\/2022\/07\/Women-Dare-templates-events-2022-08-30T115707.618.png","datePublished":"2022-07-12T08:54:45+00:00","dateModified":"2022-08-30T09:57:24+00:00","breadcrumb":{"@id":"https:\/\/empow-her.com\/produit\/atelier-avec-le-barreau-de-paris-responsabilite-civique-de-lentrepreneure\/#breadcrumb"},"inLanguage":"en-US","potentialAction":[{"@type":"ReadAction","target":["https:\/\/empow-her.com\/produit\/atelier-avec-le-barreau-de-paris-responsabilite-civique-de-lentrepreneure\/"]}]},{"@type":"ImageObject","inLanguage":"en-US","@id":"https:\/\/empow-her.com\/produit\/atelier-avec-le-barreau-de-paris-responsabilite-civique-de-lentrepreneure\/#primaryimage","url":"https:\/\/empow-her.com\/wp-content\/uploads\/2022\/07\/Women-Dare-templates-events-2022-08-30T115707.618.png","contentUrl":"https:\/\/empow-her.com\/wp-content\/uploads\/2022\/07\/Women-Dare-templates-events-2022-08-30T115707.618.png","width":1080,"height":1080},{"@type":"BreadcrumbList","@id":"https:\/\/empow-her.com\/produit\/atelier-avec-le-barreau-de-paris-responsabilite-civique-de-lentrepreneure\/#breadcrumb","itemListElement":[{"@type":"ListItem","position":1,"name":"Accueil","item":"https:\/\/empow-her.com\/en\/landing-page\/"},{"@type":"ListItem","position":2,"name":"LA BOUTIQUE","item":"https:\/\/empow-her.com\/boutique\/"},{"@type":"ListItem","position":3,"name":"Atelier avec le Barreau de Paris &#8211; Ma responsabilit\u00e9 en tant que dirigeante de ma soci\u00e9t\u00e9"}]},{"@type":"WebSite","@id":"https:\/\/empow-her.com\/#website","url":"https:\/\/empow-her.com\/","name":"Empow&#039;Her","description":"Women Development","potentialAction":[{"@type":"SearchAction","target":{"@type":"EntryPoint","urlTemplate":"https:\/\/empow-her.com\/?s={search_term_string}"},"query-input":{"@type":"PropertyValueSpecification","valueRequired":true,"valueName":"search_term_string"}}],"inLanguage":"en-US"}]}},"_links":{"self":[{"href":"https:\/\/empow-her.com\/en\/wp-json\/wp\/v2\/product\/121195","targetHints":{"allow":["GET"]}}],"collection":[{"href":"https:\/\/empow-her.com\/en\/wp-json\/wp\/v2\/product"}],"about":[{"href":"https:\/\/empow-her.com\/en\/wp-json\/wp\/v2\/types\/product"}],"wp:featuredmedia":[{"embeddable":true,"href":"https:\/\/empow-her.com\/en\/wp-json\/wp\/v2\/media\/121869"}],"wp:attachment":[{"href":"https:\/\/empow-her.com\/en\/wp-json\/wp\/v2\/media?parent=121195"}],"wp:term":[{"taxonomy":"product_brand","embeddable":true,"href":"https:\/\/empow-her.com\/en\/wp-json\/wp\/v2\/product_brand?post=121195"},{"taxonomy":"product_cat","embeddable":true,"href":"https:\/\/empow-her.com\/en\/wp-json\/wp\/v2\/product_cat?post=121195"},{"taxonomy":"product_tag","embeddable":true,"href":"https:\/\/empow-her.com\/en\/wp-json\/wp\/v2\/product_tag?post=121195"},{"taxonomy":"lieu","embeddable":true,"href":"https:\/\/empow-her.com\/en\/wp-json\/wp\/v2\/lieu?post=121195"},{"taxonomy":"thematiques","embeddable":true,"href":"https:\/\/empow-her.com\/en\/wp-json\/wp\/v2\/thematiques?post=121195"}],"curies":[{"name":"wp","href":"https:\/\/api.w.org\/{rel}","templated":true}]}}