{"id":121180,"date":"2022-07-12T10:22:50","date_gmt":"2022-07-12T08:22:50","guid":{"rendered":"https:\/\/empow-her.com\/?post_type=product&#038;p=121180"},"modified":"2022-09-29T14:29:53","modified_gmt":"2022-09-29T12:29:53","slug":"investissement-immobilier-femca-sisther","status":"publish","type":"product","link":"https:\/\/empow-her.com\/en\/produit\/investissement-immobilier-femca-sisther\/","title":{"rendered":"Introduction \u00e0 l&#8217;investissement immobilier &#8211; FEMCA"},"content":{"rendered":"<p>&#x26a1;&#xfe0f;Tu as particip\u00e9 \u00e0 l&#8217;atelier &#8220;Se Lancer dans l&#8217;investissement&#8221; au Festival et maintenant tu t&#8217;int\u00e9resses plus particuli\u00e8rement \u00e0 l&#8217;investissement immobilier, mais tu ne sais pas par quoi commencer ? H\u00e9l\u00e8ne Gherbi, la fondatrice de FEMCA, viens te donner toutes les cl\u00e9s pour te lancer pour te pr\u00e9parer au mieux \u00e0 investir.<\/p>\n<p>&#x1f4c5; Quand ? Le mardi 4 octobre de 18h45 \u00e0 20h. Inscription ici &#x1f449;<\/p>\n<p>C&#8217;est quoi FEMCA ? C&#8217;est la 1\u00e8re plateforme de formation aux finances personnelles et \u00e0 l&#8217;investissement \u00e0 destination des femmes.<\/p>\n<p>&#x26a1;&#xfe0f;&#x26a1;&#xfe0f;&#x26a1;&#xfe0f;<\/p>\n<p>&#x1f4a1; Au programme<br \/>\n&#8211; Pourquoi investir dans l&#8217;immobilier ?<br \/>\n&#8211; Les freins et croyances<br \/>\n&#8211; Les grandes \u00e9tapes d&#8217;un investissement immobilier locatif<br \/>\n&#8211; Ce qu&#8217;il faut faire &amp; savoir avant de se lancer<\/p>\n<p>Si tu n&#8217;es pas disponible \u00e0 cette date, FEMCA propose aussi des formations en ligne, une newsletter de contenus, des articles pour booster son intelligence financi\u00e8re et f\u00e9d\u00e9rons une communaut\u00e9 de plus de 5000 femmes.<\/p>\n<p>&#x26a1;&#xfe0f;&#x26a1;&#xfe0f;&#x26a1;&#xfe0f;<\/p>\n<p><strong>Infos pratiques <\/strong><br \/>\n&#x1f4c5; L&#8217;\u00e9v\u00e9nement se d\u00e9roulera le mardi 4 octobre de 18h45 \u00e0 20h<br \/>\n&#x1f516; R\u00e9servation gratuite obligatoire :<br \/>\n&#x1f4cd; Sist&#8217;He : 82 rue du Faubourg Saint-Martin 75010 Paris<\/p>\n<p>Ouvert en mars 2021, Sist\u2019Her est le premier tiers-lieu d\u00e9di\u00e9 aux entrepreneuses et \u00e0 impact en \u00cele-de-France. Port\u00e9 par l\u2019association Empow\u2019Her, c\u2019est un lieu de vie bienveillant et joyeux, ouvert \u00e0 tou\u00b7te\u00b7s o\u00f9 il est possible de se former, s&#8217;inspirer, s&#8217;engager et se rencontrer.<\/p>\n<p>Ce projet est co-financ\u00e9 par le Fonds Social Europ\u00e9en.<br \/>\nA tr\u00e8s vite ! &#x1f64c;<\/p>\n","protected":false},"excerpt":{"rendered":"<p>&#x26a1;&#xfe0f;Tu as particip\u00e9 \u00e0 l&#8217;atelier &#8220;Se Lancer dans l&#8217;investissement&#8221; au Festival et maintenant tu t&#8217;int\u00e9resses plus particuli\u00e8rement \u00e0 l&#8217;investissement immobilier, mais tu ne sais pas par quoi commencer ? H\u00e9l\u00e8ne Gherbi, la fondatrice de FEMCA, viens te donner toutes les cl\u00e9s pour te lancer pour te pr\u00e9parer au mieux \u00e0 investir.<\/p>\n<p>&#x1f4c5; Quand ? Le mardi 4 octobre de 18h45 \u00e0 20h. Inscription ici &#x1f449;<\/p>\n<p>C&#8217;est quoi FEMCA ? C&#8217;est la 1\u00e8re plateforme de formation aux finances personnelles et \u00e0 l&#8217;investissement \u00e0 destination des femmes.<\/p>\n<p>&#x26a1;&#xfe0f;&#x26a1;&#xfe0f;&#x26a1;&#xfe0f;<\/p>\n<p>&#x1f4a1; Au programme<br \/>\n&#8211; Pourquoi investir dans l&#8217;immobilier ?<br \/>\n&#8211; Les freins et croyances<br \/>\n&#8211; Les grandes \u00e9tapes d&#8217;un investissement immobilier locatif<br \/>\n&#8211; Ce qu&#8217;il faut faire &amp; savoir avant de se lancer<\/p>\n<p>Si tu n&#8217;es pas disponible \u00e0 cette date, FEMCA propose aussi des formations en ligne, une newsletter de contenus, des articles pour booster son intelligence financi\u00e8re et f\u00e9d\u00e9rons une communaut\u00e9 de plus de 5000 femmes.<\/p>\n<p>&#x26a1;&#xfe0f;&#x26a1;&#xfe0f;&#x26a1;&#xfe0f;<\/p>\n<p><strong>Infos pratiques <\/strong><br \/>\n&#x1f4c5; L&#8217;\u00e9v\u00e9nement se d\u00e9roulera le mardi 4 octobre de 18h45 \u00e0 20h<br \/>\n&#x1f516; R\u00e9servation gratuite obligatoire :<br \/>\n&#x1f4cd; Sist&#8217;He : 82 rue du Faubourg Saint-Martin 75010 Paris<\/p>\n<p>Ouvert en mars 2021, Sist\u2019Her est le premier tiers-lieu d\u00e9di\u00e9 aux entrepreneuses et \u00e0 impact en \u00cele-de-France. Port\u00e9 par l\u2019association Empow\u2019Her, c\u2019est un lieu de vie bienveillant et joyeux, ouvert \u00e0 tou\u00b7te\u00b7s o\u00f9 il est possible de se former, s&#8217;inspirer, s&#8217;engager et se rencontrer.<\/p>\n<p>Ce projet est co-financ\u00e9 par le Fonds Social Europ\u00e9en.<br \/>\nA tr\u00e8s vite ! &#x1f64c;<\/p>\n","protected":false},"featured_media":121181,"template":"","format":"standard","meta":{"_acf_changed":false,"om_disable_all_campaigns":false,"_uf_show_specific_survey":0,"_uf_disable_surveys":false},"product_brand":[],"product_cat":[119],"product_tag":[],"lieu":[127],"thematiques":[],"class_list":{"0":"post-121180","1":"product","2":"type-product","3":"status-publish","4":"format-standard","5":"has-post-thumbnail","7":"product_cat-evenement-sisther","8":"lieu-hub-empowher","10":"first","11":"instock","12":"virtual","13":"purchasable","14":"product-type-appointment"},"exclude_global_add_ons":[],"addons":[],"acf":[],"yoast_head":"<!-- This site is optimized with the Yoast SEO plugin v24.8 - https:\/\/yoast.com\/wordpress\/plugins\/seo\/ -->\n<title>Introduction \u00e0 l&#039;investissement immobilier - FEMCA -<\/title>\n<meta name=\"description\" content=\"Le mardi 4 octobre de 18h45 \u00e0 20h, retrouve nous chez Sist&#039;Her, pour te lancer dans l&#039;investissement immobilier !\" \/>\n<meta name=\"robots\" content=\"index, follow, max-snippet:-1, max-image-preview:large, max-video-preview:-1\" \/>\n<link rel=\"canonical\" href=\"https:\/\/empow-her.com\/produit\/investissement-immobilier-femca-sisther\/\" \/>\n<meta property=\"og:locale\" content=\"en_US\" \/>\n<meta property=\"og:type\" content=\"article\" \/>\n<meta property=\"og:title\" content=\"Introduction \u00e0 l&#039;investissement immobilier - FEMCA -\" \/>\n<meta property=\"og:description\" content=\"Le mardi 4 octobre de 18h45 \u00e0 20h, retrouve nous chez Sist&#039;Her, pour te lancer dans l&#039;investissement immobilier !\" \/>\n<meta property=\"og:url\" content=\"https:\/\/empow-her.com\/produit\/investissement-immobilier-femca-sisther\/\" \/>\n<meta property=\"og:site_name\" content=\"Empow&#039;Her\" \/>\n<meta property=\"article:modified_time\" content=\"2022-09-29T12:29:53+00:00\" \/>\n<meta property=\"og:image\" content=\"https:\/\/empow-her.com\/wp-content\/uploads\/2022\/07\/Template-Event-SistHer-site-12.png\" \/>\n\t<meta property=\"og:image:width\" content=\"1080\" \/>\n\t<meta property=\"og:image:height\" content=\"1080\" \/>\n\t<meta property=\"og:image:type\" content=\"image\/png\" \/>\n<meta name=\"twitter:card\" content=\"summary_large_image\" \/>\n<meta name=\"twitter:label1\" content=\"Est. reading time\" \/>\n\t<meta name=\"twitter:data1\" content=\"2 minutes\" \/>\n<script type=\"application\/ld+json\" class=\"yoast-schema-graph\">{\"@context\":\"https:\/\/schema.org\",\"@graph\":[{\"@type\":\"WebPage\",\"@id\":\"https:\/\/empow-her.com\/produit\/investissement-immobilier-femca-sisther\/\",\"url\":\"https:\/\/empow-her.com\/produit\/investissement-immobilier-femca-sisther\/\",\"name\":\"Introduction \u00e0 l'investissement immobilier - FEMCA -\",\"isPartOf\":{\"@id\":\"https:\/\/empow-her.com\/#website\"},\"primaryImageOfPage\":{\"@id\":\"https:\/\/empow-her.com\/produit\/investissement-immobilier-femca-sisther\/#primaryimage\"},\"image\":{\"@id\":\"https:\/\/empow-her.com\/produit\/investissement-immobilier-femca-sisther\/#primaryimage\"},\"thumbnailUrl\":\"https:\/\/empow-her.com\/wp-content\/uploads\/2022\/07\/Template-Event-SistHer-site-12.png\",\"datePublished\":\"2022-07-12T08:22:50+00:00\",\"dateModified\":\"2022-09-29T12:29:53+00:00\",\"description\":\"Le mardi 4 octobre de 18h45 \u00e0 20h, retrouve nous chez Sist'Her, pour te lancer dans l'investissement immobilier !\",\"breadcrumb\":{\"@id\":\"https:\/\/empow-her.com\/produit\/investissement-immobilier-femca-sisther\/#breadcrumb\"},\"inLanguage\":\"en-US\",\"potentialAction\":[{\"@type\":\"ReadAction\",\"target\":[\"https:\/\/empow-her.com\/produit\/investissement-immobilier-femca-sisther\/\"]}]},{\"@type\":\"ImageObject\",\"inLanguage\":\"en-US\",\"@id\":\"https:\/\/empow-her.com\/produit\/investissement-immobilier-femca-sisther\/#primaryimage\",\"url\":\"https:\/\/empow-her.com\/wp-content\/uploads\/2022\/07\/Template-Event-SistHer-site-12.png\",\"contentUrl\":\"https:\/\/empow-her.com\/wp-content\/uploads\/2022\/07\/Template-Event-SistHer-site-12.png\",\"width\":1080,\"height\":1080},{\"@type\":\"BreadcrumbList\",\"@id\":\"https:\/\/empow-her.com\/produit\/investissement-immobilier-femca-sisther\/#breadcrumb\",\"itemListElement\":[{\"@type\":\"ListItem\",\"position\":1,\"name\":\"Accueil\",\"item\":\"https:\/\/empow-her.com\/en\/landing-page\/\"},{\"@type\":\"ListItem\",\"position\":2,\"name\":\"LA BOUTIQUE\",\"item\":\"https:\/\/empow-her.com\/boutique\/\"},{\"@type\":\"ListItem\",\"position\":3,\"name\":\"Introduction \u00e0 l&#8217;investissement immobilier &#8211; FEMCA\"}]},{\"@type\":\"WebSite\",\"@id\":\"https:\/\/empow-her.com\/#website\",\"url\":\"https:\/\/empow-her.com\/\",\"name\":\"Empow&#039;Her\",\"description\":\"Women Development\",\"potentialAction\":[{\"@type\":\"SearchAction\",\"target\":{\"@type\":\"EntryPoint\",\"urlTemplate\":\"https:\/\/empow-her.com\/?s={search_term_string}\"},\"query-input\":{\"@type\":\"PropertyValueSpecification\",\"valueRequired\":true,\"valueName\":\"search_term_string\"}}],\"inLanguage\":\"en-US\"}]}<\/script>\n<!-- \/ Yoast SEO plugin. -->","yoast_head_json":{"title":"Introduction \u00e0 l'investissement immobilier - FEMCA -","description":"Le mardi 4 octobre de 18h45 \u00e0 20h, retrouve nous chez Sist'Her, pour te lancer dans l'investissement immobilier !","robots":{"index":"index","follow":"follow","max-snippet":"max-snippet:-1","max-image-preview":"max-image-preview:large","max-video-preview":"max-video-preview:-1"},"canonical":"https:\/\/empow-her.com\/produit\/investissement-immobilier-femca-sisther\/","og_locale":"en_US","og_type":"article","og_title":"Introduction \u00e0 l'investissement immobilier - FEMCA -","og_description":"Le mardi 4 octobre de 18h45 \u00e0 20h, retrouve nous chez Sist'Her, pour te lancer dans l'investissement immobilier !","og_url":"https:\/\/empow-her.com\/produit\/investissement-immobilier-femca-sisther\/","og_site_name":"Empow&#039;Her","article_modified_time":"2022-09-29T12:29:53+00:00","og_image":[{"width":1080,"height":1080,"url":"https:\/\/empow-her.com\/wp-content\/uploads\/2022\/07\/Template-Event-SistHer-site-12.png","type":"image\/png"}],"twitter_card":"summary_large_image","twitter_misc":{"Est. reading time":"2 minutes"},"schema":{"@context":"https:\/\/schema.org","@graph":[{"@type":"WebPage","@id":"https:\/\/empow-her.com\/produit\/investissement-immobilier-femca-sisther\/","url":"https:\/\/empow-her.com\/produit\/investissement-immobilier-femca-sisther\/","name":"Introduction \u00e0 l'investissement immobilier - FEMCA -","isPartOf":{"@id":"https:\/\/empow-her.com\/#website"},"primaryImageOfPage":{"@id":"https:\/\/empow-her.com\/produit\/investissement-immobilier-femca-sisther\/#primaryimage"},"image":{"@id":"https:\/\/empow-her.com\/produit\/investissement-immobilier-femca-sisther\/#primaryimage"},"thumbnailUrl":"https:\/\/empow-her.com\/wp-content\/uploads\/2022\/07\/Template-Event-SistHer-site-12.png","datePublished":"2022-07-12T08:22:50+00:00","dateModified":"2022-09-29T12:29:53+00:00","description":"Le mardi 4 octobre de 18h45 \u00e0 20h, retrouve nous chez Sist'Her, pour te lancer dans l'investissement immobilier !","breadcrumb":{"@id":"https:\/\/empow-her.com\/produit\/investissement-immobilier-femca-sisther\/#breadcrumb"},"inLanguage":"en-US","potentialAction":[{"@type":"ReadAction","target":["https:\/\/empow-her.com\/produit\/investissement-immobilier-femca-sisther\/"]}]},{"@type":"ImageObject","inLanguage":"en-US","@id":"https:\/\/empow-her.com\/produit\/investissement-immobilier-femca-sisther\/#primaryimage","url":"https:\/\/empow-her.com\/wp-content\/uploads\/2022\/07\/Template-Event-SistHer-site-12.png","contentUrl":"https:\/\/empow-her.com\/wp-content\/uploads\/2022\/07\/Template-Event-SistHer-site-12.png","width":1080,"height":1080},{"@type":"BreadcrumbList","@id":"https:\/\/empow-her.com\/produit\/investissement-immobilier-femca-sisther\/#breadcrumb","itemListElement":[{"@type":"ListItem","position":1,"name":"Accueil","item":"https:\/\/empow-her.com\/en\/landing-page\/"},{"@type":"ListItem","position":2,"name":"LA BOUTIQUE","item":"https:\/\/empow-her.com\/boutique\/"},{"@type":"ListItem","position":3,"name":"Introduction \u00e0 l&#8217;investissement immobilier &#8211; FEMCA"}]},{"@type":"WebSite","@id":"https:\/\/empow-her.com\/#website","url":"https:\/\/empow-her.com\/","name":"Empow&#039;Her","description":"Women Development","potentialAction":[{"@type":"SearchAction","target":{"@type":"EntryPoint","urlTemplate":"https:\/\/empow-her.com\/?s={search_term_string}"},"query-input":{"@type":"PropertyValueSpecification","valueRequired":true,"valueName":"search_term_string"}}],"inLanguage":"en-US"}]}},"_links":{"self":[{"href":"https:\/\/empow-her.com\/en\/wp-json\/wp\/v2\/product\/121180","targetHints":{"allow":["GET"]}}],"collection":[{"href":"https:\/\/empow-her.com\/en\/wp-json\/wp\/v2\/product"}],"about":[{"href":"https:\/\/empow-her.com\/en\/wp-json\/wp\/v2\/types\/product"}],"wp:featuredmedia":[{"embeddable":true,"href":"https:\/\/empow-her.com\/en\/wp-json\/wp\/v2\/media\/121181"}],"wp:attachment":[{"href":"https:\/\/empow-her.com\/en\/wp-json\/wp\/v2\/media?parent=121180"}],"wp:term":[{"taxonomy":"product_brand","embeddable":true,"href":"https:\/\/empow-her.com\/en\/wp-json\/wp\/v2\/product_brand?post=121180"},{"taxonomy":"product_cat","embeddable":true,"href":"https:\/\/empow-her.com\/en\/wp-json\/wp\/v2\/product_cat?post=121180"},{"taxonomy":"product_tag","embeddable":true,"href":"https:\/\/empow-her.com\/en\/wp-json\/wp\/v2\/product_tag?post=121180"},{"taxonomy":"lieu","embeddable":true,"href":"https:\/\/empow-her.com\/en\/wp-json\/wp\/v2\/lieu?post=121180"},{"taxonomy":"thematiques","embeddable":true,"href":"https:\/\/empow-her.com\/en\/wp-json\/wp\/v2\/thematiques?post=121180"}],"curies":[{"name":"wp","href":"https:\/\/api.w.org\/{rel}","templated":true}]}}