{"id":120924,"date":"2022-06-30T12:11:30","date_gmt":"2022-06-30T10:11:30","guid":{"rendered":"https:\/\/empow-her.com\/?post_type=product&#038;p=120924"},"modified":"2022-08-12T17:05:50","modified_gmt":"2022-08-12T15:05:50","slug":"coaching-sinitier-a-la-prospection-commerciale-2","status":"publish","type":"product","link":"https:\/\/empow-her.com\/en\/produit\/coaching-sinitier-a-la-prospection-commerciale-2\/","title":{"rendered":"Coaching &#8211; S\u2019initier \u00e0 la prospection commerciale"},"content":{"rendered":"","protected":false},"excerpt":{"rendered":"<p><strong>Description :<\/strong>\u00a0<span data-sheets-value=\"{&quot;1&quot;:2,&quot;2&quot;:&quot;Un coaching individuel avec un.e expert.e du business development pour aller \u00e0 la conqu\u00eate de votre march\u00e9 et travailler sur votre strat\u00e9gie et votre prospection commerciale !\\n\\nLors de cet individuel, vous pourrez choisir d'aborder l'un ou plusieurs des axes suivants :  \\n- Cartographier votre \u00e9cosyst\u00e8me pour en identifier les parties prenantes \\n- D\u00e9finir vos cibles prioritaires et diff\u00e9rencier vos segments de clients\\n- Valider votre argumentaire commercial ;  \\n- Valider votre d\u00e9marche de fixation des prix ou la pr\u00e9sentation de vos offres ; \\n- D\u00e9finir vos prochaines actions pour aller \u00e0 la rencontre de vos premiers clients, et commencer le d\u00e9marchage avec les bons outils de prospection...&quot;}\" data-sheets-userformat=\"{&quot;2&quot;:5057,&quot;3&quot;:{&quot;1&quot;:0},&quot;9&quot;:0,&quot;10&quot;:1,&quot;11&quot;:4,&quot;12&quot;:0,&quot;15&quot;:&quot;Proxima Nova&quot;}\">Un coaching individuel avec un.e expert.e du business development pour aller \u00e0 la conqu\u00eate de votre march\u00e9 et travailler sur votre strat\u00e9gie et votre prospection commerciale !<\/span><\/p>\n<p>Lors de ce rendez vous individuel, vous pourrez choisir d\u2019aborder l\u2019un ou plusieurs des axes suivants :<br \/>\n\u2013 Cartographier votre \u00e9cosyst\u00e8me pour en identifier les parties prenantes<br \/>\n\u2013 D\u00e9finir vos cibles prioritaires et diff\u00e9rencier vos segments de clients<br \/>\n\u2013 Valider votre argumentaire commercial ;<br \/>\n\u2013 Valider votre d\u00e9marche de fixation des prix ou la pr\u00e9sentation de vos offres ;<br \/>\n\u2013 D\u00e9finir vos prochaines actions pour aller \u00e0 la rencontre de vos premiers clients, et commencer le d\u00e9marchage avec les bons outils de prospection\u2026<\/p>\n<p><strong>Pr\u00e9-requis :<\/strong>\u00a0Vous souhaitez vous inscrire \u00e0 ce coaching ? Une fois que vous avez re\u00e7u l\u2019invitation Google Calendrier pour le coaching que vous avez r\u00e9serv\u00e9 : envoyez un mail \u00e0 l\u2019expert.e qui est dans l\u2019invitation avec vous en joignant tous les documents qui lui seraient utiles pour pr\u00e9parer au mieux cette heure.<\/p>\n<p><strong>Intervenant.e : Caroline Lawkam<\/strong>\u00a0<strong>de Finetic<\/strong><br \/>\nResponsable de d\u00e9veloppement commercial dans un groupe tech du secteur du paiement, j\u2019accompagne en parall\u00e8le les entrepreneurs de la Ruche depuis plus d\u2019un an sur les th\u00e8mes suivants :<br \/>\n\u2013 la segmentation des clients (quel est le profil type de mes prospects?)<br \/>\n\u2013 la prospection commerciale (comment se pr\u00e9senter? quelle proposition de valeur mettre en avant sur son produit ou son service? quels objectifs de prospection se fixer?)<br \/>\n\u2013 la posture de d\u00e9marchage (comment identifier les besoins du prospect pour \u00e9tablir une relation commerciale?)<br \/>\n\u2013 les outils de suivi (quand et comment relancer un prospect?)<br \/>\nSi ces sujets vous parlent, je serai ravie d\u2019\u00e9changer avec vous pour vous aider dans votre projet !<\/p>\n<p><strong>Son super pouvoir :<\/strong>\u00a0Transformer les ambitions en actions<\/p>\n<p><strong>Son petit mot :<\/strong>\u00a0Oser ! Votre projet est port\u00e9 par votre \u00e9nergie, vos convictions et votre passion. Vous \u00eates parfaitement \u00e0 votre place pour vous lancer !<\/p>\n<p>&nbsp;<\/p>\n<p>Session de coaching<strong>\u00a0en ligne dur\u00e9e 1h\u00a0<\/strong><\/p>\n<p><b>Attention !\u00a0<\/b> Veuillez vous pr\u00e9senter \u00e0 l\u2019heure pour que l\u2019activit\u00e9 puisse commencer \u00e0 temps. Si vous avez du retard veuillez pr\u00e9venir l\u2019intervenant.e. Si vous avez plus de 15 min de retard l\u2019intervenant.e se r\u00e9serve le droit de ne plus vous accepter pour le coaching ou l\u2019atelier.<\/p>\n<p>&nbsp;<\/p>\n<p>Ce projet est co-financ\u00e9 par le Fonds Social Europ\u00e9en.<\/p>\n<p><img decoding=\"async\" class=\"alignnone size-medium wp-image-15794\" src=\"https:\/\/empow-her.com\/wp-content\/uploads\/2021\/07\/fse-logos-1-300x54.png\" alt=\"\" width=\"300\" height=\"54\" srcset=\"https:\/\/empow-her.com\/wp-content\/uploads\/2021\/07\/fse-logos-1-300x54.png 300w, https:\/\/empow-her.com\/wp-content\/uploads\/2021\/07\/fse-logos-1-600x108.png 600w, https:\/\/empow-her.com\/wp-content\/uploads\/2021\/07\/fse-logos-1-1024x184.png 1024w, https:\/\/empow-her.com\/wp-content\/uploads\/2021\/07\/fse-logos-1-768x138.png 768w, https:\/\/empow-her.com\/wp-content\/uploads\/2021\/07\/fse-logos-1-1536x275.png 1536w, https:\/\/empow-her.com\/wp-content\/uploads\/2021\/07\/fse-logos-1-2048x367.png 2048w, https:\/\/empow-her.com\/wp-content\/uploads\/2021\/07\/fse-logos-1-24x4.png 24w, https:\/\/empow-her.com\/wp-content\/uploads\/2021\/07\/fse-logos-1-36x6.png 36w, https:\/\/empow-her.com\/wp-content\/uploads\/2021\/07\/fse-logos-1-48x9.png 48w\" sizes=\"(max-width: 300px) 100vw, 300px\" \/><\/p>\n","protected":false},"featured_media":120925,"template":"","format":"standard","meta":{"_acf_changed":false,"om_disable_all_campaigns":false,"_uf_show_specific_survey":0,"_uf_disable_surveys":false},"product_brand":[],"product_cat":[121],"product_tag":[],"lieu":[125],"thematiques":[],"class_list":{"0":"post-120924","1":"product","2":"type-product","3":"status-publish","4":"format-standard","5":"has-post-thumbnail","7":"product_cat-coaching","8":"lieu-en-ligne","10":"first","11":"instock","12":"virtual","13":"purchasable","14":"product-type-appointment"},"exclude_global_add_ons":[],"addons":[],"acf":[],"yoast_head":"<!-- This site is optimized with the Yoast SEO plugin v24.8 - https:\/\/yoast.com\/wordpress\/plugins\/seo\/ -->\n<title>Coaching - S\u2019initier \u00e0 la prospection commerciale - Empow&#039;Her<\/title>\n<meta name=\"robots\" content=\"index, follow, max-snippet:-1, max-image-preview:large, max-video-preview:-1\" \/>\n<link rel=\"canonical\" href=\"https:\/\/empow-her.com\/produit\/coaching-sinitier-a-la-prospection-commerciale-2\/\" \/>\n<meta property=\"og:locale\" content=\"en_US\" \/>\n<meta property=\"og:type\" content=\"article\" \/>\n<meta property=\"og:title\" content=\"Coaching - S\u2019initier \u00e0 la prospection commerciale - Empow&#039;Her\" \/>\n<meta property=\"og:description\" content=\"Description :\u00a0Un coaching individuel avec un.e expert.e du business development pour aller \u00e0 la conqu\u00eate de votre march\u00e9 et travailler sur votre strat\u00e9gie et votre prospection commerciale !  Lors de ce rendez vous individuel, vous pourrez choisir d\u2019aborder l\u2019un ou plusieurs des axes suivants : \u2013 Cartographier votre \u00e9cosyst\u00e8me pour en identifier les parties prenantes \u2013 D\u00e9finir vos cibles prioritaires et diff\u00e9rencier vos segments de clients \u2013 Valider votre argumentaire commercial ; \u2013 Valider votre d\u00e9marche de fixation des prix ou la pr\u00e9sentation de vos offres ; \u2013 D\u00e9finir vos prochaines actions pour aller \u00e0 la rencontre de vos premiers clients, et commencer le d\u00e9marchage avec les bons outils de prospection\u2026  Pr\u00e9-requis :\u00a0Vous souhaitez vous inscrire \u00e0 ce coaching ? Une fois que vous avez re\u00e7u l\u2019invitation Google Calendrier pour le coaching que vous avez r\u00e9serv\u00e9 : envoyez un mail \u00e0 l\u2019expert.e qui est dans l\u2019invitation avec vous en joignant tous les documents qui lui seraient utiles pour pr\u00e9parer au mieux cette heure.  Intervenant.e : Caroline Lawkam\u00a0de Finetic Responsable de d\u00e9veloppement commercial dans un groupe tech du secteur du paiement, j\u2019accompagne en parall\u00e8le les entrepreneurs de la Ruche depuis plus d\u2019un an sur les th\u00e8mes suivants : \u2013 la segmentation des clients (quel est le profil type de mes prospects?) \u2013 la prospection commerciale (comment se pr\u00e9senter? quelle proposition de valeur mettre en avant sur son produit ou son service? quels objectifs de prospection se fixer?) \u2013 la posture de d\u00e9marchage (comment identifier les besoins du prospect pour \u00e9tablir une relation commerciale?) \u2013 les outils de suivi (quand et comment relancer un prospect?) Si ces sujets vous parlent, je serai ravie d\u2019\u00e9changer avec vous pour vous aider dans votre projet !  Son super pouvoir :\u00a0Transformer les ambitions en actions  Son petit mot :\u00a0Oser ! Votre projet est port\u00e9 par votre \u00e9nergie, vos convictions et votre passion. Vous \u00eates parfaitement \u00e0 votre place pour vous lancer !  &nbsp;  Session de coaching\u00a0en ligne dur\u00e9e 1h\u00a0  Attention !\u00a0 Veuillez vous pr\u00e9senter \u00e0 l\u2019heure pour que l\u2019activit\u00e9 puisse commencer \u00e0 temps. Si vous avez du retard veuillez pr\u00e9venir l\u2019intervenant.e. Si vous avez plus de 15 min de retard l\u2019intervenant.e se r\u00e9serve le droit de ne plus vous accepter pour le coaching ou l\u2019atelier.  &nbsp;  Ce projet est co-financ\u00e9 par le Fonds Social Europ\u00e9en.\" \/>\n<meta property=\"og:url\" content=\"https:\/\/empow-her.com\/produit\/coaching-sinitier-a-la-prospection-commerciale-2\/\" \/>\n<meta property=\"og:site_name\" content=\"Empow&#039;Her\" \/>\n<meta property=\"article:modified_time\" content=\"2022-08-12T15:05:50+00:00\" \/>\n<meta property=\"og:image\" content=\"https:\/\/empow-her.com\/wp-content\/uploads\/2022\/06\/Women-Dare-templates-events-55.png\" \/>\n\t<meta property=\"og:image:width\" content=\"1080\" \/>\n\t<meta property=\"og:image:height\" content=\"1080\" \/>\n\t<meta property=\"og:image:type\" content=\"image\/png\" \/>\n<meta name=\"twitter:card\" content=\"summary_large_image\" \/>\n<script type=\"application\/ld+json\" class=\"yoast-schema-graph\">{\"@context\":\"https:\/\/schema.org\",\"@graph\":[{\"@type\":\"WebPage\",\"@id\":\"https:\/\/empow-her.com\/produit\/coaching-sinitier-a-la-prospection-commerciale-2\/\",\"url\":\"https:\/\/empow-her.com\/produit\/coaching-sinitier-a-la-prospection-commerciale-2\/\",\"name\":\"Coaching - S\u2019initier \u00e0 la prospection commerciale - Empow&#039;Her\",\"isPartOf\":{\"@id\":\"https:\/\/empow-her.com\/#website\"},\"primaryImageOfPage\":{\"@id\":\"https:\/\/empow-her.com\/produit\/coaching-sinitier-a-la-prospection-commerciale-2\/#primaryimage\"},\"image\":{\"@id\":\"https:\/\/empow-her.com\/produit\/coaching-sinitier-a-la-prospection-commerciale-2\/#primaryimage\"},\"thumbnailUrl\":\"https:\/\/empow-her.com\/wp-content\/uploads\/2022\/06\/Women-Dare-templates-events-55.png\",\"datePublished\":\"2022-06-30T10:11:30+00:00\",\"dateModified\":\"2022-08-12T15:05:50+00:00\",\"breadcrumb\":{\"@id\":\"https:\/\/empow-her.com\/produit\/coaching-sinitier-a-la-prospection-commerciale-2\/#breadcrumb\"},\"inLanguage\":\"en-US\",\"potentialAction\":[{\"@type\":\"ReadAction\",\"target\":[\"https:\/\/empow-her.com\/produit\/coaching-sinitier-a-la-prospection-commerciale-2\/\"]}]},{\"@type\":\"ImageObject\",\"inLanguage\":\"en-US\",\"@id\":\"https:\/\/empow-her.com\/produit\/coaching-sinitier-a-la-prospection-commerciale-2\/#primaryimage\",\"url\":\"https:\/\/empow-her.com\/wp-content\/uploads\/2022\/06\/Women-Dare-templates-events-55.png\",\"contentUrl\":\"https:\/\/empow-her.com\/wp-content\/uploads\/2022\/06\/Women-Dare-templates-events-55.png\",\"width\":1080,\"height\":1080},{\"@type\":\"BreadcrumbList\",\"@id\":\"https:\/\/empow-her.com\/produit\/coaching-sinitier-a-la-prospection-commerciale-2\/#breadcrumb\",\"itemListElement\":[{\"@type\":\"ListItem\",\"position\":1,\"name\":\"Accueil\",\"item\":\"https:\/\/empow-her.com\/en\/landing-page\/\"},{\"@type\":\"ListItem\",\"position\":2,\"name\":\"LA BOUTIQUE\",\"item\":\"https:\/\/empow-her.com\/boutique\/\"},{\"@type\":\"ListItem\",\"position\":3,\"name\":\"Coaching &#8211; S\u2019initier \u00e0 la prospection commerciale\"}]},{\"@type\":\"WebSite\",\"@id\":\"https:\/\/empow-her.com\/#website\",\"url\":\"https:\/\/empow-her.com\/\",\"name\":\"Empow&#039;Her\",\"description\":\"Women Development\",\"potentialAction\":[{\"@type\":\"SearchAction\",\"target\":{\"@type\":\"EntryPoint\",\"urlTemplate\":\"https:\/\/empow-her.com\/?s={search_term_string}\"},\"query-input\":{\"@type\":\"PropertyValueSpecification\",\"valueRequired\":true,\"valueName\":\"search_term_string\"}}],\"inLanguage\":\"en-US\"}]}<\/script>\n<!-- \/ Yoast SEO plugin. -->","yoast_head_json":{"title":"Coaching - S\u2019initier \u00e0 la prospection commerciale - Empow&#039;Her","robots":{"index":"index","follow":"follow","max-snippet":"max-snippet:-1","max-image-preview":"max-image-preview:large","max-video-preview":"max-video-preview:-1"},"canonical":"https:\/\/empow-her.com\/produit\/coaching-sinitier-a-la-prospection-commerciale-2\/","og_locale":"en_US","og_type":"article","og_title":"Coaching - S\u2019initier \u00e0 la prospection commerciale - Empow&#039;Her","og_description":"Description :\u00a0Un coaching individuel avec un.e expert.e du business development pour aller \u00e0 la conqu\u00eate de votre march\u00e9 et travailler sur votre strat\u00e9gie et votre prospection commerciale !  Lors de ce rendez vous individuel, vous pourrez choisir d\u2019aborder l\u2019un ou plusieurs des axes suivants : \u2013 Cartographier votre \u00e9cosyst\u00e8me pour en identifier les parties prenantes \u2013 D\u00e9finir vos cibles prioritaires et diff\u00e9rencier vos segments de clients \u2013 Valider votre argumentaire commercial ; \u2013 Valider votre d\u00e9marche de fixation des prix ou la pr\u00e9sentation de vos offres ; \u2013 D\u00e9finir vos prochaines actions pour aller \u00e0 la rencontre de vos premiers clients, et commencer le d\u00e9marchage avec les bons outils de prospection\u2026  Pr\u00e9-requis :\u00a0Vous souhaitez vous inscrire \u00e0 ce coaching ? Une fois que vous avez re\u00e7u l\u2019invitation Google Calendrier pour le coaching que vous avez r\u00e9serv\u00e9 : envoyez un mail \u00e0 l\u2019expert.e qui est dans l\u2019invitation avec vous en joignant tous les documents qui lui seraient utiles pour pr\u00e9parer au mieux cette heure.  Intervenant.e : Caroline Lawkam\u00a0de Finetic Responsable de d\u00e9veloppement commercial dans un groupe tech du secteur du paiement, j\u2019accompagne en parall\u00e8le les entrepreneurs de la Ruche depuis plus d\u2019un an sur les th\u00e8mes suivants : \u2013 la segmentation des clients (quel est le profil type de mes prospects?) \u2013 la prospection commerciale (comment se pr\u00e9senter? quelle proposition de valeur mettre en avant sur son produit ou son service? quels objectifs de prospection se fixer?) \u2013 la posture de d\u00e9marchage (comment identifier les besoins du prospect pour \u00e9tablir une relation commerciale?) \u2013 les outils de suivi (quand et comment relancer un prospect?) Si ces sujets vous parlent, je serai ravie d\u2019\u00e9changer avec vous pour vous aider dans votre projet !  Son super pouvoir :\u00a0Transformer les ambitions en actions  Son petit mot :\u00a0Oser ! Votre projet est port\u00e9 par votre \u00e9nergie, vos convictions et votre passion. Vous \u00eates parfaitement \u00e0 votre place pour vous lancer !  &nbsp;  Session de coaching\u00a0en ligne dur\u00e9e 1h\u00a0  Attention !\u00a0 Veuillez vous pr\u00e9senter \u00e0 l\u2019heure pour que l\u2019activit\u00e9 puisse commencer \u00e0 temps. Si vous avez du retard veuillez pr\u00e9venir l\u2019intervenant.e. Si vous avez plus de 15 min de retard l\u2019intervenant.e se r\u00e9serve le droit de ne plus vous accepter pour le coaching ou l\u2019atelier.  &nbsp;  Ce projet est co-financ\u00e9 par le Fonds Social Europ\u00e9en.","og_url":"https:\/\/empow-her.com\/produit\/coaching-sinitier-a-la-prospection-commerciale-2\/","og_site_name":"Empow&#039;Her","article_modified_time":"2022-08-12T15:05:50+00:00","og_image":[{"width":1080,"height":1080,"url":"https:\/\/empow-her.com\/wp-content\/uploads\/2022\/06\/Women-Dare-templates-events-55.png","type":"image\/png"}],"twitter_card":"summary_large_image","schema":{"@context":"https:\/\/schema.org","@graph":[{"@type":"WebPage","@id":"https:\/\/empow-her.com\/produit\/coaching-sinitier-a-la-prospection-commerciale-2\/","url":"https:\/\/empow-her.com\/produit\/coaching-sinitier-a-la-prospection-commerciale-2\/","name":"Coaching - S\u2019initier \u00e0 la prospection commerciale - Empow&#039;Her","isPartOf":{"@id":"https:\/\/empow-her.com\/#website"},"primaryImageOfPage":{"@id":"https:\/\/empow-her.com\/produit\/coaching-sinitier-a-la-prospection-commerciale-2\/#primaryimage"},"image":{"@id":"https:\/\/empow-her.com\/produit\/coaching-sinitier-a-la-prospection-commerciale-2\/#primaryimage"},"thumbnailUrl":"https:\/\/empow-her.com\/wp-content\/uploads\/2022\/06\/Women-Dare-templates-events-55.png","datePublished":"2022-06-30T10:11:30+00:00","dateModified":"2022-08-12T15:05:50+00:00","breadcrumb":{"@id":"https:\/\/empow-her.com\/produit\/coaching-sinitier-a-la-prospection-commerciale-2\/#breadcrumb"},"inLanguage":"en-US","potentialAction":[{"@type":"ReadAction","target":["https:\/\/empow-her.com\/produit\/coaching-sinitier-a-la-prospection-commerciale-2\/"]}]},{"@type":"ImageObject","inLanguage":"en-US","@id":"https:\/\/empow-her.com\/produit\/coaching-sinitier-a-la-prospection-commerciale-2\/#primaryimage","url":"https:\/\/empow-her.com\/wp-content\/uploads\/2022\/06\/Women-Dare-templates-events-55.png","contentUrl":"https:\/\/empow-her.com\/wp-content\/uploads\/2022\/06\/Women-Dare-templates-events-55.png","width":1080,"height":1080},{"@type":"BreadcrumbList","@id":"https:\/\/empow-her.com\/produit\/coaching-sinitier-a-la-prospection-commerciale-2\/#breadcrumb","itemListElement":[{"@type":"ListItem","position":1,"name":"Accueil","item":"https:\/\/empow-her.com\/en\/landing-page\/"},{"@type":"ListItem","position":2,"name":"LA BOUTIQUE","item":"https:\/\/empow-her.com\/boutique\/"},{"@type":"ListItem","position":3,"name":"Coaching &#8211; S\u2019initier \u00e0 la prospection commerciale"}]},{"@type":"WebSite","@id":"https:\/\/empow-her.com\/#website","url":"https:\/\/empow-her.com\/","name":"Empow&#039;Her","description":"Women Development","potentialAction":[{"@type":"SearchAction","target":{"@type":"EntryPoint","urlTemplate":"https:\/\/empow-her.com\/?s={search_term_string}"},"query-input":{"@type":"PropertyValueSpecification","valueRequired":true,"valueName":"search_term_string"}}],"inLanguage":"en-US"}]}},"_links":{"self":[{"href":"https:\/\/empow-her.com\/en\/wp-json\/wp\/v2\/product\/120924","targetHints":{"allow":["GET"]}}],"collection":[{"href":"https:\/\/empow-her.com\/en\/wp-json\/wp\/v2\/product"}],"about":[{"href":"https:\/\/empow-her.com\/en\/wp-json\/wp\/v2\/types\/product"}],"wp:featuredmedia":[{"embeddable":true,"href":"https:\/\/empow-her.com\/en\/wp-json\/wp\/v2\/media\/120925"}],"wp:attachment":[{"href":"https:\/\/empow-her.com\/en\/wp-json\/wp\/v2\/media?parent=120924"}],"wp:term":[{"taxonomy":"product_brand","embeddable":true,"href":"https:\/\/empow-her.com\/en\/wp-json\/wp\/v2\/product_brand?post=120924"},{"taxonomy":"product_cat","embeddable":true,"href":"https:\/\/empow-her.com\/en\/wp-json\/wp\/v2\/product_cat?post=120924"},{"taxonomy":"product_tag","embeddable":true,"href":"https:\/\/empow-her.com\/en\/wp-json\/wp\/v2\/product_tag?post=120924"},{"taxonomy":"lieu","embeddable":true,"href":"https:\/\/empow-her.com\/en\/wp-json\/wp\/v2\/lieu?post=120924"},{"taxonomy":"thematiques","embeddable":true,"href":"https:\/\/empow-her.com\/en\/wp-json\/wp\/v2\/thematiques?post=120924"}],"curies":[{"name":"wp","href":"https:\/\/api.w.org\/{rel}","templated":true}]}}