{"id":120508,"date":"2022-06-22T19:16:57","date_gmt":"2022-06-22T17:16:57","guid":{"rendered":"https:\/\/empow-her.com\/?post_type=product&#038;p=120508"},"modified":"2022-06-25T17:13:20","modified_gmt":"2022-06-25T15:13:20","slug":"atelier-trouver-ses-motivations-profondes-et-sa-raison-dentreprendre-2","status":"publish","type":"product","link":"https:\/\/empow-her.com\/en\/produit\/atelier-trouver-ses-motivations-profondes-et-sa-raison-dentreprendre-2\/","title":{"rendered":"Atelier &#8211; Trouver ses motivations profondes et sa raison d\u2019entreprendre"},"content":{"rendered":"","protected":false},"excerpt":{"rendered":"<div>\n<div>\n<div><span data-sheets-value=\"{&quot;1&quot;:2,&quot;2&quot;:&quot;Vous d\u00e9butez dans l'entrepreneuriat et avez envie d'explorer les premi\u00e8res id\u00e9es qui vous pousse \u00e0 vous lancer ? \\n\\nVenez explorer vos motivations profondes en atelier collectif ! Ce temps collectif vous aidera \u00e0 identifier le sens de votre projet et \u00e0 vous d\u00e9couvrir en tant qu'entrepreneuse et r\u00e9v\u00e9ler votre potentiel. &quot;}\" data-sheets-userformat=\"{&quot;2&quot;:4993,&quot;3&quot;:{&quot;1&quot;:0},&quot;10&quot;:1,&quot;11&quot;:4,&quot;12&quot;:0,&quot;15&quot;:&quot;Arial&quot;}\">Vous d\u00e9butez dans l&#8217;entrepreneuriat et avez envie d&#8217;explorer les premi\u00e8res id\u00e9es qui vous pousse \u00e0 vous lancer ? Venez explorer vos motivations profondes en atelier collectif ! Ce temps collectif vous aidera \u00e0 identifier le sens de votre projet et \u00e0 vous d\u00e9couvrir en tant qu&#8217;entrepreneuse et r\u00e9v\u00e9ler votre potentiel.<\/span><\/div>\n<div><\/div>\n<div><\/div>\n<div><strong>Intervenante : <\/strong>Marie Laroche<\/div>\n<\/div>\n<\/div>\n<div><\/div>\n<div><\/div>\n<div><b>Lieu : <\/b>Sist&#8217;Her Paris, 82 rue du Faubourg Saint-Martin<\/div>\n<div><\/div>\n<div><\/div>\n<p>Ce projet est co-financ\u00e9 par le Fonds Social Europ\u00e9en.<\/p>\n<p><img decoding=\"async\" class=\"\" src=\"https:\/\/www.sep-asso.fr\/wp-content\/uploads\/2018\/02\/logo-union-europeenne.png\" alt=\"logo union europeenne \u2013 SEP\" width=\"87\" height=\"72\" \/>\u00a0\u00a0<img decoding=\"async\" class=\"alignnone wp-image-15218\" src=\"https:\/\/empow-her.com\/wp-content\/uploads\/2021\/06\/logo_fonds_social_europeen-300x187.png\" alt=\"\" width=\"104\" height=\"65\" srcset=\"https:\/\/empow-her.com\/wp-content\/uploads\/2021\/06\/logo_fonds_social_europeen-300x187.png 300w, https:\/\/empow-her.com\/wp-content\/uploads\/2021\/06\/logo_fonds_social_europeen-600x375.png 600w, https:\/\/empow-her.com\/wp-content\/uploads\/2021\/06\/logo_fonds_social_europeen-24x15.png 24w, https:\/\/empow-her.com\/wp-content\/uploads\/2021\/06\/logo_fonds_social_europeen-36x22.png 36w, https:\/\/empow-her.com\/wp-content\/uploads\/2021\/06\/logo_fonds_social_europeen-48x30.png 48w, https:\/\/empow-her.com\/wp-content\/uploads\/2021\/06\/logo_fonds_social_europeen.png 666w\" sizes=\"(max-width: 104px) 100vw, 104px\" \/>\u00a0<img decoding=\"async\" class=\"\" src=\"https:\/\/franceactive-idf.org\/wp-content\/uploads\/2020\/02\/logo-region-ile-de-france.png\" alt=\"Logo Region Ile De France - France Active \u00cele-de-France\" width=\"126\" height=\"29\" \/><\/p>\n","protected":false},"featured_media":120509,"template":"","format":"standard","meta":{"_acf_changed":false,"om_disable_all_campaigns":false,"_uf_show_specific_survey":0,"_uf_disable_surveys":false},"product_brand":[],"product_cat":[118],"product_tag":[],"lieu":[127],"thematiques":[],"class_list":{"0":"post-120508","1":"product","2":"type-product","3":"status-publish","4":"format-standard","5":"has-post-thumbnail","7":"product_cat-atelier-collectif","8":"lieu-hub-empowher","10":"first","11":"instock","12":"virtual","13":"purchasable","14":"product-type-appointment"},"exclude_global_add_ons":[],"addons":[],"acf":[],"yoast_head":"<!-- This site is optimized with the Yoast SEO plugin v24.8 - https:\/\/yoast.com\/wordpress\/plugins\/seo\/ -->\n<title>Atelier - Trouver ses motivations profondes et sa raison d\u2019entreprendre - Empow&#039;Her<\/title>\n<meta name=\"robots\" content=\"index, follow, max-snippet:-1, max-image-preview:large, max-video-preview:-1\" \/>\n<link rel=\"canonical\" href=\"https:\/\/empow-her.com\/produit\/atelier-trouver-ses-motivations-profondes-et-sa-raison-dentreprendre-2\/\" \/>\n<meta property=\"og:locale\" content=\"en_US\" \/>\n<meta property=\"og:type\" content=\"article\" \/>\n<meta property=\"og:title\" content=\"Atelier - Trouver ses motivations profondes et sa raison d\u2019entreprendre - Empow&#039;Her\" \/>\n<meta property=\"og:description\" content=\"Vous d\u00e9butez dans l&#039;entrepreneuriat et avez envie d&#039;explorer les premi\u00e8res id\u00e9es qui vous pousse \u00e0 vous lancer ? Venez explorer vos motivations profondes en atelier collectif ! Ce temps collectif vous aidera \u00e0 identifier le sens de votre projet et \u00e0 vous d\u00e9couvrir en tant qu&#039;entrepreneuse et r\u00e9v\u00e9ler votre potentiel.   Intervenante : Marie Laroche     Lieu : Sist&#039;Her Paris, 82 rue du Faubourg Saint-Martin   Ce projet est co-financ\u00e9 par le Fonds Social Europ\u00e9en.  \u00a0\u00a0\u00a0\" \/>\n<meta property=\"og:url\" content=\"https:\/\/empow-her.com\/produit\/atelier-trouver-ses-motivations-profondes-et-sa-raison-dentreprendre-2\/\" \/>\n<meta property=\"og:site_name\" content=\"Empow&#039;Her\" \/>\n<meta property=\"article:modified_time\" content=\"2022-06-25T15:13:20+00:00\" \/>\n<meta property=\"og:image\" content=\"https:\/\/empow-her.com\/wp-content\/uploads\/2022\/06\/Women-Dare-templates-events-42.png\" \/>\n\t<meta property=\"og:image:width\" content=\"1080\" \/>\n\t<meta property=\"og:image:height\" content=\"1080\" \/>\n\t<meta property=\"og:image:type\" content=\"image\/png\" \/>\n<meta name=\"twitter:card\" content=\"summary_large_image\" \/>\n<script type=\"application\/ld+json\" class=\"yoast-schema-graph\">{\"@context\":\"https:\/\/schema.org\",\"@graph\":[{\"@type\":\"WebPage\",\"@id\":\"https:\/\/empow-her.com\/produit\/atelier-trouver-ses-motivations-profondes-et-sa-raison-dentreprendre-2\/\",\"url\":\"https:\/\/empow-her.com\/produit\/atelier-trouver-ses-motivations-profondes-et-sa-raison-dentreprendre-2\/\",\"name\":\"Atelier - Trouver ses motivations profondes et sa raison d\u2019entreprendre - Empow&#039;Her\",\"isPartOf\":{\"@id\":\"https:\/\/empow-her.com\/#website\"},\"primaryImageOfPage\":{\"@id\":\"https:\/\/empow-her.com\/produit\/atelier-trouver-ses-motivations-profondes-et-sa-raison-dentreprendre-2\/#primaryimage\"},\"image\":{\"@id\":\"https:\/\/empow-her.com\/produit\/atelier-trouver-ses-motivations-profondes-et-sa-raison-dentreprendre-2\/#primaryimage\"},\"thumbnailUrl\":\"https:\/\/empow-her.com\/wp-content\/uploads\/2022\/06\/Women-Dare-templates-events-42.png\",\"datePublished\":\"2022-06-22T17:16:57+00:00\",\"dateModified\":\"2022-06-25T15:13:20+00:00\",\"breadcrumb\":{\"@id\":\"https:\/\/empow-her.com\/produit\/atelier-trouver-ses-motivations-profondes-et-sa-raison-dentreprendre-2\/#breadcrumb\"},\"inLanguage\":\"en-US\",\"potentialAction\":[{\"@type\":\"ReadAction\",\"target\":[\"https:\/\/empow-her.com\/produit\/atelier-trouver-ses-motivations-profondes-et-sa-raison-dentreprendre-2\/\"]}]},{\"@type\":\"ImageObject\",\"inLanguage\":\"en-US\",\"@id\":\"https:\/\/empow-her.com\/produit\/atelier-trouver-ses-motivations-profondes-et-sa-raison-dentreprendre-2\/#primaryimage\",\"url\":\"https:\/\/empow-her.com\/wp-content\/uploads\/2022\/06\/Women-Dare-templates-events-42.png\",\"contentUrl\":\"https:\/\/empow-her.com\/wp-content\/uploads\/2022\/06\/Women-Dare-templates-events-42.png\",\"width\":1080,\"height\":1080},{\"@type\":\"BreadcrumbList\",\"@id\":\"https:\/\/empow-her.com\/produit\/atelier-trouver-ses-motivations-profondes-et-sa-raison-dentreprendre-2\/#breadcrumb\",\"itemListElement\":[{\"@type\":\"ListItem\",\"position\":1,\"name\":\"Accueil\",\"item\":\"https:\/\/empow-her.com\/en\/landing-page\/\"},{\"@type\":\"ListItem\",\"position\":2,\"name\":\"LA BOUTIQUE\",\"item\":\"https:\/\/empow-her.com\/boutique\/\"},{\"@type\":\"ListItem\",\"position\":3,\"name\":\"Atelier &#8211; Trouver ses motivations profondes et sa raison d\u2019entreprendre\"}]},{\"@type\":\"WebSite\",\"@id\":\"https:\/\/empow-her.com\/#website\",\"url\":\"https:\/\/empow-her.com\/\",\"name\":\"Empow&#039;Her\",\"description\":\"Women Development\",\"potentialAction\":[{\"@type\":\"SearchAction\",\"target\":{\"@type\":\"EntryPoint\",\"urlTemplate\":\"https:\/\/empow-her.com\/?s={search_term_string}\"},\"query-input\":{\"@type\":\"PropertyValueSpecification\",\"valueRequired\":true,\"valueName\":\"search_term_string\"}}],\"inLanguage\":\"en-US\"}]}<\/script>\n<!-- \/ Yoast SEO plugin. -->","yoast_head_json":{"title":"Atelier - Trouver ses motivations profondes et sa raison d\u2019entreprendre - Empow&#039;Her","robots":{"index":"index","follow":"follow","max-snippet":"max-snippet:-1","max-image-preview":"max-image-preview:large","max-video-preview":"max-video-preview:-1"},"canonical":"https:\/\/empow-her.com\/produit\/atelier-trouver-ses-motivations-profondes-et-sa-raison-dentreprendre-2\/","og_locale":"en_US","og_type":"article","og_title":"Atelier - Trouver ses motivations profondes et sa raison d\u2019entreprendre - Empow&#039;Her","og_description":"Vous d\u00e9butez dans l'entrepreneuriat et avez envie d'explorer les premi\u00e8res id\u00e9es qui vous pousse \u00e0 vous lancer ? Venez explorer vos motivations profondes en atelier collectif ! Ce temps collectif vous aidera \u00e0 identifier le sens de votre projet et \u00e0 vous d\u00e9couvrir en tant qu'entrepreneuse et r\u00e9v\u00e9ler votre potentiel.   Intervenante : Marie Laroche     Lieu : Sist'Her Paris, 82 rue du Faubourg Saint-Martin   Ce projet est co-financ\u00e9 par le Fonds Social Europ\u00e9en.  \u00a0\u00a0\u00a0","og_url":"https:\/\/empow-her.com\/produit\/atelier-trouver-ses-motivations-profondes-et-sa-raison-dentreprendre-2\/","og_site_name":"Empow&#039;Her","article_modified_time":"2022-06-25T15:13:20+00:00","og_image":[{"width":1080,"height":1080,"url":"https:\/\/empow-her.com\/wp-content\/uploads\/2022\/06\/Women-Dare-templates-events-42.png","type":"image\/png"}],"twitter_card":"summary_large_image","schema":{"@context":"https:\/\/schema.org","@graph":[{"@type":"WebPage","@id":"https:\/\/empow-her.com\/produit\/atelier-trouver-ses-motivations-profondes-et-sa-raison-dentreprendre-2\/","url":"https:\/\/empow-her.com\/produit\/atelier-trouver-ses-motivations-profondes-et-sa-raison-dentreprendre-2\/","name":"Atelier - Trouver ses motivations profondes et sa raison d\u2019entreprendre - Empow&#039;Her","isPartOf":{"@id":"https:\/\/empow-her.com\/#website"},"primaryImageOfPage":{"@id":"https:\/\/empow-her.com\/produit\/atelier-trouver-ses-motivations-profondes-et-sa-raison-dentreprendre-2\/#primaryimage"},"image":{"@id":"https:\/\/empow-her.com\/produit\/atelier-trouver-ses-motivations-profondes-et-sa-raison-dentreprendre-2\/#primaryimage"},"thumbnailUrl":"https:\/\/empow-her.com\/wp-content\/uploads\/2022\/06\/Women-Dare-templates-events-42.png","datePublished":"2022-06-22T17:16:57+00:00","dateModified":"2022-06-25T15:13:20+00:00","breadcrumb":{"@id":"https:\/\/empow-her.com\/produit\/atelier-trouver-ses-motivations-profondes-et-sa-raison-dentreprendre-2\/#breadcrumb"},"inLanguage":"en-US","potentialAction":[{"@type":"ReadAction","target":["https:\/\/empow-her.com\/produit\/atelier-trouver-ses-motivations-profondes-et-sa-raison-dentreprendre-2\/"]}]},{"@type":"ImageObject","inLanguage":"en-US","@id":"https:\/\/empow-her.com\/produit\/atelier-trouver-ses-motivations-profondes-et-sa-raison-dentreprendre-2\/#primaryimage","url":"https:\/\/empow-her.com\/wp-content\/uploads\/2022\/06\/Women-Dare-templates-events-42.png","contentUrl":"https:\/\/empow-her.com\/wp-content\/uploads\/2022\/06\/Women-Dare-templates-events-42.png","width":1080,"height":1080},{"@type":"BreadcrumbList","@id":"https:\/\/empow-her.com\/produit\/atelier-trouver-ses-motivations-profondes-et-sa-raison-dentreprendre-2\/#breadcrumb","itemListElement":[{"@type":"ListItem","position":1,"name":"Accueil","item":"https:\/\/empow-her.com\/en\/landing-page\/"},{"@type":"ListItem","position":2,"name":"LA BOUTIQUE","item":"https:\/\/empow-her.com\/boutique\/"},{"@type":"ListItem","position":3,"name":"Atelier &#8211; Trouver ses motivations profondes et sa raison d\u2019entreprendre"}]},{"@type":"WebSite","@id":"https:\/\/empow-her.com\/#website","url":"https:\/\/empow-her.com\/","name":"Empow&#039;Her","description":"Women Development","potentialAction":[{"@type":"SearchAction","target":{"@type":"EntryPoint","urlTemplate":"https:\/\/empow-her.com\/?s={search_term_string}"},"query-input":{"@type":"PropertyValueSpecification","valueRequired":true,"valueName":"search_term_string"}}],"inLanguage":"en-US"}]}},"_links":{"self":[{"href":"https:\/\/empow-her.com\/en\/wp-json\/wp\/v2\/product\/120508","targetHints":{"allow":["GET"]}}],"collection":[{"href":"https:\/\/empow-her.com\/en\/wp-json\/wp\/v2\/product"}],"about":[{"href":"https:\/\/empow-her.com\/en\/wp-json\/wp\/v2\/types\/product"}],"wp:featuredmedia":[{"embeddable":true,"href":"https:\/\/empow-her.com\/en\/wp-json\/wp\/v2\/media\/120509"}],"wp:attachment":[{"href":"https:\/\/empow-her.com\/en\/wp-json\/wp\/v2\/media?parent=120508"}],"wp:term":[{"taxonomy":"product_brand","embeddable":true,"href":"https:\/\/empow-her.com\/en\/wp-json\/wp\/v2\/product_brand?post=120508"},{"taxonomy":"product_cat","embeddable":true,"href":"https:\/\/empow-her.com\/en\/wp-json\/wp\/v2\/product_cat?post=120508"},{"taxonomy":"product_tag","embeddable":true,"href":"https:\/\/empow-her.com\/en\/wp-json\/wp\/v2\/product_tag?post=120508"},{"taxonomy":"lieu","embeddable":true,"href":"https:\/\/empow-her.com\/en\/wp-json\/wp\/v2\/lieu?post=120508"},{"taxonomy":"thematiques","embeddable":true,"href":"https:\/\/empow-her.com\/en\/wp-json\/wp\/v2\/thematiques?post=120508"}],"curies":[{"name":"wp","href":"https:\/\/api.w.org\/{rel}","templated":true}]}}