{"id":120486,"date":"2022-06-22T18:00:30","date_gmt":"2022-06-22T16:00:30","guid":{"rendered":"https:\/\/empow-her.com\/?post_type=product&#038;p=120486"},"modified":"2022-06-25T17:33:04","modified_gmt":"2022-06-25T15:33:04","slug":"coaching-juridique-administratif-avec-le-barreau-de-paris","status":"publish","type":"product","link":"https:\/\/empow-her.com\/en\/produit\/coaching-juridique-administratif-avec-le-barreau-de-paris\/","title":{"rendered":"Coaching &#8211; Juridique &#038; Administratif avec le Barreau de Paris"},"content":{"rendered":"","protected":false},"excerpt":{"rendered":"<p><span data-sheets-value=\"{&quot;1&quot;:2,&quot;2&quot;:&quot;Un coaching individuel avec des avocat.e.s pour poser vos questions juridiques et administratives ! \\nQuelques exemples de sujet qui peuvent \u00eatre abord\u00e9s :\\n- Statuts juridiques, statuts de l\u2019ESS\\n- Comment s\u2019associer tout en s\u00e9curisant le projet ?\\n- Strat\u00e9gie de financement (lev\u00e9e de fonds, financements non-dilutifs)\\n- R\u00e9daction des premiers contrats, notamment CGV\/CGU\\n- Introduction \u00e0 la propri\u00e9t\u00e9 intellectuelle\\n- Construction d\u2019une strat\u00e9gie de d\u00e9p\u00f4t de marque\\n- Protection des donn\u00e9es personnelles (RGPD)&quot;}\" data-sheets-userformat=\"{&quot;2&quot;:1055617,&quot;3&quot;:{&quot;1&quot;:0},&quot;10&quot;:1,&quot;11&quot;:4,&quot;12&quot;:0,&quot;14&quot;:{&quot;1&quot;:2,&quot;2&quot;:3450963},&quot;15&quot;:&quot;Hind&quot;,&quot;23&quot;:1}\"><strong>Un coaching individuel avec des avocat.e.s pour poser vos questions juridiques et administratives !<\/strong><br \/>\nQuelques exemples de sujet qui peuvent \u00eatre abord\u00e9s :<br \/>\n\u2013 Statuts juridiques, statuts de l\u2019ESS<br \/>\n\u2013 Comment s\u2019associer tout en s\u00e9curisant le projet ?<br \/>\n\u2013 Strat\u00e9gie de financement (lev\u00e9e de fonds, financements non-dilutifs)<br \/>\n\u2013 R\u00e9daction des premiers contrats, notamment CGV\/CGU<br \/>\n\u2013 Introduction \u00e0 la propri\u00e9t\u00e9 intellectuelle<br \/>\n\u2013 Construction d\u2019une strat\u00e9gie de d\u00e9p\u00f4t de marque<br \/>\n\u2013 Protection des donn\u00e9es personnelles (RGPD)<\/span><\/p>\n<p><span data-sheets-value=\"{&quot;1&quot;:2,&quot;2&quot;:&quot;\\nVous souhaitez vous inscrire \u00e0 cette session ? Merci d'indiquer votre besoin principal en remplissant ce questionnaire avant la session : https:\/\/airtable.com\/shrbpqpYDX8WKP0gJ \\nou communiquez-le par mail \u00e0 votre r\u00e9f\u00e9rente Empow'Her : nadege.serrero@empow-her.com&quot;}\" data-sheets-userformat=\"{&quot;2&quot;:4993,&quot;3&quot;:{&quot;1&quot;:0},&quot;10&quot;:1,&quot;11&quot;:4,&quot;12&quot;:0,&quot;15&quot;:&quot;Hind&quot;}\"><br \/>\n<strong>Vous souhaitez vous inscrire \u00e0 cette session ?<\/strong>\u00a0Merci d\u2019indiquer votre besoin principal en remplissant ce questionnaire avant la session : https:\/\/airtable.com\/shrbpqpYDX8WKP0gJ<br \/>\nou communiquez-le par mail \u00e0 votre r\u00e9f\u00e9rente Empow\u2019Her : nadege.serrero@empow-her.com<\/span><\/p>\n<p>&nbsp;<\/p>\n<p><strong>Intervenant.e.s : <\/strong>Un.e avocate du Barreau de Paris<\/p>\n<p>Session de coaching<strong> en ligne<\/strong><\/p>\n<p><strong>Dur\u00e9e<\/strong> : U<span data-sheets-value=\"{&quot;1&quot;:2,&quot;2&quot;:&quot;Permanence de 4h avec un cr\u00e9neau de 1h par participante (+ 15 minutes entre chaque)&quot;}\" data-sheets-userformat=\"{&quot;2&quot;:7167,&quot;3&quot;:{&quot;1&quot;:0},&quot;4&quot;:{&quot;1&quot;:2,&quot;2&quot;:16777215},&quot;5&quot;:{&quot;1&quot;:[{&quot;1&quot;:2,&quot;2&quot;:0,&quot;5&quot;:{&quot;1&quot;:2,&quot;2&quot;:0}},{&quot;1&quot;:0,&quot;2&quot;:0,&quot;3&quot;:3},{&quot;1&quot;:1,&quot;2&quot;:0,&quot;4&quot;:1}]},&quot;6&quot;:{&quot;1&quot;:[{&quot;1&quot;:2,&quot;2&quot;:0,&quot;5&quot;:{&quot;1&quot;:2,&quot;2&quot;:0}},{&quot;1&quot;:0,&quot;2&quot;:0,&quot;3&quot;:3},{&quot;1&quot;:1,&quot;2&quot;:0,&quot;4&quot;:1}]},&quot;7&quot;:{&quot;1&quot;:[{&quot;1&quot;:2,&quot;2&quot;:0,&quot;5&quot;:{&quot;1&quot;:2,&quot;2&quot;:0}},{&quot;1&quot;:0,&quot;2&quot;:0,&quot;3&quot;:3},{&quot;1&quot;:1,&quot;2&quot;:0,&quot;4&quot;:1}]},&quot;8&quot;:{&quot;1&quot;:[{&quot;1&quot;:2,&quot;2&quot;:0,&quot;5&quot;:{&quot;1&quot;:2,&quot;2&quot;:0}},{&quot;1&quot;:0,&quot;2&quot;:0,&quot;3&quot;:3},{&quot;1&quot;:1,&quot;2&quot;:0,&quot;4&quot;:1}]},&quot;9&quot;:0,&quot;10&quot;:1,&quot;11&quot;:4,&quot;12&quot;:0,&quot;14&quot;:{&quot;1&quot;:2,&quot;2&quot;:0},&quot;15&quot;:&quot;Calibri&quot;}\">n cr\u00e9neau de 1h en individuel<\/span><\/p>\n<p>&nbsp;<\/p>\n<p>Ce projet est co-financ\u00e9 par le Fonds Social Europ\u00e9en.<\/p>\n<p><img decoding=\"async\" class=\"alignnone size-medium wp-image-15794\" src=\"https:\/\/empow-her.com\/wp-content\/uploads\/2021\/07\/fse-logos-1-300x54.png\" alt=\"\" width=\"300\" height=\"54\" srcset=\"https:\/\/empow-her.com\/wp-content\/uploads\/2021\/07\/fse-logos-1-300x54.png 300w, https:\/\/empow-her.com\/wp-content\/uploads\/2021\/07\/fse-logos-1-600x108.png 600w, https:\/\/empow-her.com\/wp-content\/uploads\/2021\/07\/fse-logos-1-1024x184.png 1024w, https:\/\/empow-her.com\/wp-content\/uploads\/2021\/07\/fse-logos-1-768x138.png 768w, https:\/\/empow-her.com\/wp-content\/uploads\/2021\/07\/fse-logos-1-1536x275.png 1536w, https:\/\/empow-her.com\/wp-content\/uploads\/2021\/07\/fse-logos-1-2048x367.png 2048w, https:\/\/empow-her.com\/wp-content\/uploads\/2021\/07\/fse-logos-1-24x4.png 24w, https:\/\/empow-her.com\/wp-content\/uploads\/2021\/07\/fse-logos-1-36x6.png 36w, https:\/\/empow-her.com\/wp-content\/uploads\/2021\/07\/fse-logos-1-48x9.png 48w\" sizes=\"(max-width: 300px) 100vw, 300px\" \/><\/p>\n","protected":false},"featured_media":120488,"template":"","format":"standard","meta":{"_acf_changed":false,"om_disable_all_campaigns":false,"_uf_show_specific_survey":0,"_uf_disable_surveys":false},"product_brand":[],"product_cat":[121],"product_tag":[],"lieu":[125],"thematiques":[],"class_list":{"0":"post-120486","1":"product","2":"type-product","3":"status-publish","4":"format-standard","5":"has-post-thumbnail","7":"product_cat-coaching","8":"lieu-en-ligne","10":"first","11":"instock","12":"virtual","13":"purchasable","14":"product-type-appointment"},"exclude_global_add_ons":[],"addons":[],"acf":[],"yoast_head":"<!-- This site is optimized with the Yoast SEO plugin v24.8 - https:\/\/yoast.com\/wordpress\/plugins\/seo\/ -->\n<title>Coaching - Juridique &amp; Administratif avec le Barreau de Paris - Empow&#039;Her<\/title>\n<meta name=\"robots\" content=\"index, follow, max-snippet:-1, max-image-preview:large, max-video-preview:-1\" \/>\n<link rel=\"canonical\" href=\"https:\/\/empow-her.com\/es\/produit\/coaching-juridique-administratif-avec-le-barreau-de-paris\/\" \/>\n<meta property=\"og:locale\" content=\"en_US\" \/>\n<meta property=\"og:type\" content=\"article\" \/>\n<meta property=\"og:title\" content=\"Coaching - Juridique &amp; Administratif avec le Barreau de Paris - Empow&#039;Her\" \/>\n<meta property=\"og:description\" content=\"Un coaching individuel avec des avocat.e.s pour poser vos questions juridiques et administratives ! Quelques exemples de sujet qui peuvent \u00eatre abord\u00e9s : \u2013 Statuts juridiques, statuts de l\u2019ESS \u2013 Comment s\u2019associer tout en s\u00e9curisant le projet ? \u2013 Strat\u00e9gie de financement (lev\u00e9e de fonds, financements non-dilutifs) \u2013 R\u00e9daction des premiers contrats, notamment CGV\/CGU \u2013 Introduction \u00e0 la propri\u00e9t\u00e9 intellectuelle \u2013 Construction d\u2019une strat\u00e9gie de d\u00e9p\u00f4t de marque \u2013 Protection des donn\u00e9es personnelles (RGPD)   Vous souhaitez vous inscrire \u00e0 cette session ?\u00a0Merci d\u2019indiquer votre besoin principal en remplissant ce questionnaire avant la session : https:\/\/airtable.com\/shrbpqpYDX8WKP0gJ ou communiquez-le par mail \u00e0 votre r\u00e9f\u00e9rente Empow\u2019Her : nadege.serrero@empow-her.com  &nbsp;  Intervenant.e.s : Un.e avocate du Barreau de Paris  Session de coaching en ligne  Dur\u00e9e : Un cr\u00e9neau de 1h en individuel  &nbsp;  Ce projet est co-financ\u00e9 par le Fonds Social Europ\u00e9en.\" \/>\n<meta property=\"og:url\" content=\"https:\/\/empow-her.com\/es\/produit\/coaching-juridique-administratif-avec-le-barreau-de-paris\/\" \/>\n<meta property=\"og:site_name\" content=\"Empow&#039;Her\" \/>\n<meta property=\"article:modified_time\" content=\"2022-06-25T15:33:04+00:00\" \/>\n<meta property=\"og:image\" content=\"https:\/\/empow-her.com\/wp-content\/uploads\/2022\/06\/Women-Dare-templates-events-38.png\" \/>\n\t<meta property=\"og:image:width\" content=\"1080\" \/>\n\t<meta property=\"og:image:height\" content=\"1080\" \/>\n\t<meta property=\"og:image:type\" content=\"image\/png\" \/>\n<meta name=\"twitter:card\" content=\"summary_large_image\" \/>\n<script type=\"application\/ld+json\" class=\"yoast-schema-graph\">{\"@context\":\"https:\/\/schema.org\",\"@graph\":[{\"@type\":\"WebPage\",\"@id\":\"https:\/\/empow-her.com\/es\/produit\/coaching-juridique-administratif-avec-le-barreau-de-paris\/\",\"url\":\"https:\/\/empow-her.com\/es\/produit\/coaching-juridique-administratif-avec-le-barreau-de-paris\/\",\"name\":\"Coaching - Juridique & Administratif avec le Barreau de Paris - Empow&#039;Her\",\"isPartOf\":{\"@id\":\"https:\/\/empow-her.com\/#website\"},\"primaryImageOfPage\":{\"@id\":\"https:\/\/empow-her.com\/es\/produit\/coaching-juridique-administratif-avec-le-barreau-de-paris\/#primaryimage\"},\"image\":{\"@id\":\"https:\/\/empow-her.com\/es\/produit\/coaching-juridique-administratif-avec-le-barreau-de-paris\/#primaryimage\"},\"thumbnailUrl\":\"https:\/\/empow-her.com\/wp-content\/uploads\/2022\/06\/Women-Dare-templates-events-38.png\",\"datePublished\":\"2022-06-22T16:00:30+00:00\",\"dateModified\":\"2022-06-25T15:33:04+00:00\",\"breadcrumb\":{\"@id\":\"https:\/\/empow-her.com\/es\/produit\/coaching-juridique-administratif-avec-le-barreau-de-paris\/#breadcrumb\"},\"inLanguage\":\"en-US\",\"potentialAction\":[{\"@type\":\"ReadAction\",\"target\":[\"https:\/\/empow-her.com\/es\/produit\/coaching-juridique-administratif-avec-le-barreau-de-paris\/\"]}]},{\"@type\":\"ImageObject\",\"inLanguage\":\"en-US\",\"@id\":\"https:\/\/empow-her.com\/es\/produit\/coaching-juridique-administratif-avec-le-barreau-de-paris\/#primaryimage\",\"url\":\"https:\/\/empow-her.com\/wp-content\/uploads\/2022\/06\/Women-Dare-templates-events-38.png\",\"contentUrl\":\"https:\/\/empow-her.com\/wp-content\/uploads\/2022\/06\/Women-Dare-templates-events-38.png\",\"width\":1080,\"height\":1080},{\"@type\":\"BreadcrumbList\",\"@id\":\"https:\/\/empow-her.com\/es\/produit\/coaching-juridique-administratif-avec-le-barreau-de-paris\/#breadcrumb\",\"itemListElement\":[{\"@type\":\"ListItem\",\"position\":1,\"name\":\"Accueil\",\"item\":\"https:\/\/empow-her.com\/en\/landing-page\/\"},{\"@type\":\"ListItem\",\"position\":2,\"name\":\"LA BOUTIQUE\",\"item\":\"https:\/\/empow-her.com\/boutique\/\"},{\"@type\":\"ListItem\",\"position\":3,\"name\":\"Coaching &#8211; Juridique &#038; Administratif avec le Barreau de Paris\"}]},{\"@type\":\"WebSite\",\"@id\":\"https:\/\/empow-her.com\/#website\",\"url\":\"https:\/\/empow-her.com\/\",\"name\":\"Empow&#039;Her\",\"description\":\"Women Development\",\"potentialAction\":[{\"@type\":\"SearchAction\",\"target\":{\"@type\":\"EntryPoint\",\"urlTemplate\":\"https:\/\/empow-her.com\/?s={search_term_string}\"},\"query-input\":{\"@type\":\"PropertyValueSpecification\",\"valueRequired\":true,\"valueName\":\"search_term_string\"}}],\"inLanguage\":\"en-US\"}]}<\/script>\n<!-- \/ Yoast SEO plugin. -->","yoast_head_json":{"title":"Coaching - Juridique & Administratif avec le Barreau de Paris - Empow&#039;Her","robots":{"index":"index","follow":"follow","max-snippet":"max-snippet:-1","max-image-preview":"max-image-preview:large","max-video-preview":"max-video-preview:-1"},"canonical":"https:\/\/empow-her.com\/es\/produit\/coaching-juridique-administratif-avec-le-barreau-de-paris\/","og_locale":"en_US","og_type":"article","og_title":"Coaching - Juridique & Administratif avec le Barreau de Paris - Empow&#039;Her","og_description":"Un coaching individuel avec des avocat.e.s pour poser vos questions juridiques et administratives ! Quelques exemples de sujet qui peuvent \u00eatre abord\u00e9s : \u2013 Statuts juridiques, statuts de l\u2019ESS \u2013 Comment s\u2019associer tout en s\u00e9curisant le projet ? \u2013 Strat\u00e9gie de financement (lev\u00e9e de fonds, financements non-dilutifs) \u2013 R\u00e9daction des premiers contrats, notamment CGV\/CGU \u2013 Introduction \u00e0 la propri\u00e9t\u00e9 intellectuelle \u2013 Construction d\u2019une strat\u00e9gie de d\u00e9p\u00f4t de marque \u2013 Protection des donn\u00e9es personnelles (RGPD)   Vous souhaitez vous inscrire \u00e0 cette session ?\u00a0Merci d\u2019indiquer votre besoin principal en remplissant ce questionnaire avant la session : https:\/\/airtable.com\/shrbpqpYDX8WKP0gJ ou communiquez-le par mail \u00e0 votre r\u00e9f\u00e9rente Empow\u2019Her : nadege.serrero@empow-her.com  &nbsp;  Intervenant.e.s : Un.e avocate du Barreau de Paris  Session de coaching en ligne  Dur\u00e9e : Un cr\u00e9neau de 1h en individuel  &nbsp;  Ce projet est co-financ\u00e9 par le Fonds Social Europ\u00e9en.","og_url":"https:\/\/empow-her.com\/es\/produit\/coaching-juridique-administratif-avec-le-barreau-de-paris\/","og_site_name":"Empow&#039;Her","article_modified_time":"2022-06-25T15:33:04+00:00","og_image":[{"width":1080,"height":1080,"url":"https:\/\/empow-her.com\/wp-content\/uploads\/2022\/06\/Women-Dare-templates-events-38.png","type":"image\/png"}],"twitter_card":"summary_large_image","schema":{"@context":"https:\/\/schema.org","@graph":[{"@type":"WebPage","@id":"https:\/\/empow-her.com\/es\/produit\/coaching-juridique-administratif-avec-le-barreau-de-paris\/","url":"https:\/\/empow-her.com\/es\/produit\/coaching-juridique-administratif-avec-le-barreau-de-paris\/","name":"Coaching - Juridique & Administratif avec le Barreau de Paris - Empow&#039;Her","isPartOf":{"@id":"https:\/\/empow-her.com\/#website"},"primaryImageOfPage":{"@id":"https:\/\/empow-her.com\/es\/produit\/coaching-juridique-administratif-avec-le-barreau-de-paris\/#primaryimage"},"image":{"@id":"https:\/\/empow-her.com\/es\/produit\/coaching-juridique-administratif-avec-le-barreau-de-paris\/#primaryimage"},"thumbnailUrl":"https:\/\/empow-her.com\/wp-content\/uploads\/2022\/06\/Women-Dare-templates-events-38.png","datePublished":"2022-06-22T16:00:30+00:00","dateModified":"2022-06-25T15:33:04+00:00","breadcrumb":{"@id":"https:\/\/empow-her.com\/es\/produit\/coaching-juridique-administratif-avec-le-barreau-de-paris\/#breadcrumb"},"inLanguage":"en-US","potentialAction":[{"@type":"ReadAction","target":["https:\/\/empow-her.com\/es\/produit\/coaching-juridique-administratif-avec-le-barreau-de-paris\/"]}]},{"@type":"ImageObject","inLanguage":"en-US","@id":"https:\/\/empow-her.com\/es\/produit\/coaching-juridique-administratif-avec-le-barreau-de-paris\/#primaryimage","url":"https:\/\/empow-her.com\/wp-content\/uploads\/2022\/06\/Women-Dare-templates-events-38.png","contentUrl":"https:\/\/empow-her.com\/wp-content\/uploads\/2022\/06\/Women-Dare-templates-events-38.png","width":1080,"height":1080},{"@type":"BreadcrumbList","@id":"https:\/\/empow-her.com\/es\/produit\/coaching-juridique-administratif-avec-le-barreau-de-paris\/#breadcrumb","itemListElement":[{"@type":"ListItem","position":1,"name":"Accueil","item":"https:\/\/empow-her.com\/en\/landing-page\/"},{"@type":"ListItem","position":2,"name":"LA BOUTIQUE","item":"https:\/\/empow-her.com\/boutique\/"},{"@type":"ListItem","position":3,"name":"Coaching &#8211; Juridique &#038; Administratif avec le Barreau de Paris"}]},{"@type":"WebSite","@id":"https:\/\/empow-her.com\/#website","url":"https:\/\/empow-her.com\/","name":"Empow&#039;Her","description":"Women Development","potentialAction":[{"@type":"SearchAction","target":{"@type":"EntryPoint","urlTemplate":"https:\/\/empow-her.com\/?s={search_term_string}"},"query-input":{"@type":"PropertyValueSpecification","valueRequired":true,"valueName":"search_term_string"}}],"inLanguage":"en-US"}]}},"_links":{"self":[{"href":"https:\/\/empow-her.com\/en\/wp-json\/wp\/v2\/product\/120486","targetHints":{"allow":["GET"]}}],"collection":[{"href":"https:\/\/empow-her.com\/en\/wp-json\/wp\/v2\/product"}],"about":[{"href":"https:\/\/empow-her.com\/en\/wp-json\/wp\/v2\/types\/product"}],"wp:featuredmedia":[{"embeddable":true,"href":"https:\/\/empow-her.com\/en\/wp-json\/wp\/v2\/media\/120488"}],"wp:attachment":[{"href":"https:\/\/empow-her.com\/en\/wp-json\/wp\/v2\/media?parent=120486"}],"wp:term":[{"taxonomy":"product_brand","embeddable":true,"href":"https:\/\/empow-her.com\/en\/wp-json\/wp\/v2\/product_brand?post=120486"},{"taxonomy":"product_cat","embeddable":true,"href":"https:\/\/empow-her.com\/en\/wp-json\/wp\/v2\/product_cat?post=120486"},{"taxonomy":"product_tag","embeddable":true,"href":"https:\/\/empow-her.com\/en\/wp-json\/wp\/v2\/product_tag?post=120486"},{"taxonomy":"lieu","embeddable":true,"href":"https:\/\/empow-her.com\/en\/wp-json\/wp\/v2\/lieu?post=120486"},{"taxonomy":"thematiques","embeddable":true,"href":"https:\/\/empow-her.com\/en\/wp-json\/wp\/v2\/thematiques?post=120486"}],"curies":[{"name":"wp","href":"https:\/\/api.w.org\/{rel}","templated":true}]}}