{"id":120380,"date":"2022-06-20T16:42:20","date_gmt":"2022-06-20T14:42:20","guid":{"rendered":"https:\/\/empow-her.com\/?post_type=product&#038;p=120380"},"modified":"2022-09-28T11:42:21","modified_gmt":"2022-09-28T09:42:21","slug":"bd-feministe-bookclub-7","status":"publish","type":"product","link":"https:\/\/empow-her.com\/en\/produit\/bd-feministe-bookclub-7\/","title":{"rendered":"BookClub #7 &#8211; BD f\u00e9ministes"},"content":{"rendered":"<p>Hello \u00e0 toutes !<\/p>\n<p>Participez \u00e0 la prochaine session de l&#8217;atelier d&#8217;entraide entre entrepreneuses qui aura lieu le jeudi 23 juin de 19h \u00e0 20h30 chez Sist&#8217;Her Paris. On ne s&#8217;arr\u00eate plus ! A chaque atelier, nous essayons d&#8217;impulser une nouvelle culture entrepreneuriale qui rime avec sororit\u00e9 et entraide.<\/p>\n<p>Cet atelier s&#8217;adresse aux entrepreneuses et a \u00e9t\u00e9 pens\u00e9 pour cr\u00e9er une culture du feedback positif afin de vous permettre de vous challenger sur leurs projets avec bienveillance. Que vous soyez challeng\u00e9e ou challengeuse, vous repartirez avec de nouveaux outils pour bousculer les codes. Mais on ne vous en dit pas plus&#8230; et on vous attend avec impatience pour cette aventure.<\/p>\n<p>Rappel des objectifs :<br \/>\n&#8211; Se challenger toutes ensemble et repartir avec des conseils et retours constructifs pour faire d\u00e9coller son projet, le tout avec une nouvelle m\u00e9thodologie d&#8217;intelligence collective<br \/>\n&#8211; Se rencontrer et \u00e9changer sur des probl\u00e9matiques concr\u00e8tes dans une ambiance chaleureuse et un cadre safe place<\/p>\n<p>&#x26a1;&#xfe0f;&#x26a1;&#xfe0f;&#x26a1;&#xfe0f;<\/p>\n<p>Que vous soyez entrepreneuse, future entrepreneuse et que vous avez envie de vous faire un r\u00e9seau, de partager un moment de sororit\u00e9 et de vous entraider, rejoignez-vous !<\/p>\n<p>C&#8217;est \u00e9videmment gratuit, et on ira prendre un verre ensemble ensuite !<\/p>\n<p>&#x26a1;&#xfe0f;&#x26a1;&#xfe0f;&#x26a1;&#xfe0f;<\/p>\n<p>Infos pratiques<br \/>\n&#x1f4c5; Mercredi 6 juillet de 18h \u00e0 21<br \/>\n&#x1f4cd; Sist\u2019her Paris, 82 rue du Faubourg St Martin<br \/>\n&#x1f516; R\u00e9servation gratuite obligatoire<\/p>\n<p>Des cocktails glac\u00e9s @Poptails sont pr\u00eats \u00e0 \u00eatre d\u00e9guster \u00e0 la fin de l&#8217;\u00e9v\u00e9nement. &#x1f366;<\/p>\n<p>Ouvert en mars 2021, Sist\u2019Her est le premier tiers-lieu d\u00e9di\u00e9 aux entrepreneuses et \u00e0 impact en \u00cele-de-France. Port\u00e9 par l\u2019association Empow\u2019Her, c\u2019est un lieu de vie bienveillant et joyeux, ouvert \u00e0 tou\u00b7te\u00b7s o\u00f9 il est possible de se former, s&#8217;inspirer, s&#8217;engager et se rencontrer.<\/p>\n<p>Ce projet est co-financ\u00e9 par le Fonds Social Europ\u00e9en.<br \/>\nA tr\u00e8s vite !&#x1f64c;<\/p>\n<p>&nbsp;<\/p>\n","protected":false},"excerpt":{"rendered":"<div class=\"cxmmr5t8 oygrvhab hcukyx3x c1et5uql o9v6fnle\">\n<p><span class=\"pq6dq46d tbxw36s4 knj5qynh kvgmc6g5 ditlmg2l oygrvhab nvdbi5me sf5mxxl7 gl3lb2sf hhz5lgdu\">Mardi 12 juillet de 18h30 \u00e0 20h30, rejoignez-nous chez Sist&#8217;Her Paris pour le dernier BookClub avant la rentr\u00e9e !<\/span><\/p>\n<p>Rencontrez des autrices et illustratrices f\u00e9ministes et plongez avec nous dans l&#8217;univers des BD . Une s\u00e9ance de ventes et de d\u00e9dicaces sera pr\u00e9vue! C&#8217;est le moment de vous inspirer, gr\u00e2ce \u00e0 leurs conseils et leurs histoires. \u00a0Stay tuned pour d\u00e9couvrir les autrices.<\/p>\n<p><img decoding=\"async\" src=\"https:\/\/static.xx.fbcdn.net\/images\/emoji.php\/v9\/tde\/2\/16\/26a1.png\" alt=\"&#x26a1;&#xfe0f;\" width=\"16\" height=\"16\" \/><span class=\"pq6dq46d tbxw36s4 knj5qynh kvgmc6g5 ditlmg2l oygrvhab nvdbi5me sf5mxxl7 gl3lb2sf hhz5lgdu\"><img decoding=\"async\" src=\"https:\/\/static.xx.fbcdn.net\/images\/emoji.php\/v9\/tde\/2\/16\/26a1.png\" alt=\"&#x26a1;&#xfe0f;\" width=\"16\" height=\"16\" \/><\/span><span class=\"pq6dq46d tbxw36s4 knj5qynh kvgmc6g5 ditlmg2l oygrvhab nvdbi5me sf5mxxl7 gl3lb2sf hhz5lgdu\"><img decoding=\"async\" src=\"https:\/\/static.xx.fbcdn.net\/images\/emoji.php\/v9\/tde\/2\/16\/26a1.png\" alt=\"&#x26a1;&#xfe0f;\" width=\"16\" height=\"16\" \/><\/span><\/p>\n<\/div>\n<div><\/div>\n<div class=\"cxmmr5t8 oygrvhab hcukyx3x c1et5uql o9v6fnle\">MerciBOOKoup : l\u2019association vise \u00e0 favoriser l\u2019\u00e9gal acc\u00e8s \u00e0 la lecture pour tou.te.s et l\u2019\u00e9conomie circulaire, tout en cr\u00e9ant du lien social. N\u2019h\u00e9sitez pas \u00e0 les suivre sur les r\u00e9seaux sociaux : <a class=\"oajrlxb2 g5ia77u1 qu0x051f esr5mh6w e9989ue4 r7d6kgcz rq0escxv nhd2j8a9 nc684nl6 p7hjln8o kvgmc6g5 cxmmr5t8 oygrvhab hcukyx3x jb3vyjys rz4wbd8a qt6c0cv9 a8nywdso i1ao9s8h esuyzwwr f1sip0of lzcic4wl gpro0wi8 oo9gr5id lrazzd5p\" tabindex=\"0\" role=\"link\" href=\"https:\/\/www.facebook.com\/MerciBOOKoup.NL\/?__cft__[0]=AZXQdTUaiVfUaEvnVV28dBXvzlS0CHz0ZFJ23j6OLCVhmk_TitdhWyUy1ISjX05VuLgP0FMTfhf7m6EFUPp3vie0wgRYWHKfY5vSA9EJCvUoZjCy4x75vCg5kLsPV2xr4zNic2JrLEl5NlU3EjzUk-F7&amp;__tn__=q\"><span class=\"nc684nl6\">https:\/\/www.facebook.com\/MerciBOOKoup.NL<\/span><\/a><br \/>\nPs : tu peux emprunter des livres gratuitement dans la biblioth\u00e8que f\u00e9ministe (n\u2019oublie pas d\u2019apporter un ch\u00e8que de caution de 30\u20ac).<\/div>\n<div><\/div>\n<div class=\"cxmmr5t8 oygrvhab hcukyx3x c1et5uql o9v6fnle\"><span class=\"pq6dq46d tbxw36s4 knj5qynh kvgmc6g5 ditlmg2l oygrvhab nvdbi5me sf5mxxl7 gl3lb2sf hhz5lgdu\"><img decoding=\"async\" src=\"https:\/\/static.xx.fbcdn.net\/images\/emoji.php\/v9\/tde\/2\/16\/26a1.png\" alt=\"&#x26a1;&#xfe0f;\" width=\"16\" height=\"16\" \/><\/span><span class=\"pq6dq46d tbxw36s4 knj5qynh kvgmc6g5 ditlmg2l oygrvhab nvdbi5me sf5mxxl7 gl3lb2sf hhz5lgdu\"><img decoding=\"async\" src=\"https:\/\/static.xx.fbcdn.net\/images\/emoji.php\/v9\/tde\/2\/16\/26a1.png\" alt=\"&#x26a1;&#xfe0f;\" width=\"16\" height=\"16\" \/><\/span><span class=\"pq6dq46d tbxw36s4 knj5qynh kvgmc6g5 ditlmg2l oygrvhab nvdbi5me sf5mxxl7 gl3lb2sf hhz5lgdu\"><img decoding=\"async\" src=\"https:\/\/static.xx.fbcdn.net\/images\/emoji.php\/v9\/tde\/2\/16\/26a1.png\" alt=\"&#x26a1;&#xfe0f;\" width=\"16\" height=\"16\" \/><\/span><\/div>\n<div><\/div>\n<div class=\"cxmmr5t8 oygrvhab hcukyx3x c1et5uql o9v6fnle\"><span class=\"pq6dq46d tbxw36s4 knj5qynh kvgmc6g5 ditlmg2l oygrvhab nvdbi5me sf5mxxl7 gl3lb2sf hhz5lgdu\"><img decoding=\"async\" src=\"https:\/\/static.xx.fbcdn.net\/images\/emoji.php\/v9\/te1\/2\/16\/1f50e.png\" alt=\"&#x1f50e;\" width=\"16\" height=\"16\" \/><\/span> Dur\u00e9e de la soir\u00e9e: 2h<\/div>\n<div><\/div>\n<div class=\"cxmmr5t8 oygrvhab hcukyx3x c1et5uql o9v6fnle\">Infos pratiques<\/div>\n<div class=\"cxmmr5t8 oygrvhab hcukyx3x c1et5uql o9v6fnle\"><span class=\"pq6dq46d tbxw36s4 knj5qynh kvgmc6g5 ditlmg2l oygrvhab nvdbi5me sf5mxxl7 gl3lb2sf hhz5lgdu\"><img decoding=\"async\" src=\"https:\/\/static.xx.fbcdn.net\/images\/emoji.php\/v9\/tcc\/2\/16\/1f4cd.png\" alt=\"&#x1f4cd;\" width=\"16\" height=\"16\" \/><\/span> Sist\u2019her Paris, 82 rue du Faubourg St Martin<br \/>\n<span class=\"pq6dq46d tbxw36s4 knj5qynh kvgmc6g5 ditlmg2l oygrvhab nvdbi5me sf5mxxl7 gl3lb2sf hhz5lgdu\"><img loading=\"lazy\" decoding=\"async\" src=\"https:\/\/static.xx.fbcdn.net\/images\/emoji.php\/v9\/td1\/2\/16\/1f516.png\" alt=\"&#x1f516;\" width=\"16\" height=\"16\" \/><\/span> R\u00e9servation gratuite obligatoire<\/div>\n<div class=\"cxmmr5t8 oygrvhab hcukyx3x c1et5uql o9v6fnle\">\n<p>Ouvert en mars 2021, Sist\u2019Her est le premier tiers-lieu d\u00e9di\u00e9 aux entrepreneuses et \u00e0 impact en \u00cele-de-France. Port\u00e9 par l\u2019association Empow\u2019Her, c\u2019est un lieu de vie bienveillant et joyeux, ouvert \u00e0 tou\u00b7te\u00b7s o\u00f9 il est possible de se former, s&#8217;inspirer, s&#8217;engager et se rencontrer.<\/p>\n<\/div>\n<div class=\"cxmmr5t8 oygrvhab hcukyx3x c1et5uql o9v6fnle\">Ce projet est co-financ\u00e9 par le Fonds Social Europ\u00e9en.<br \/>\nA tr\u00e8s vite !<span class=\"pq6dq46d tbxw36s4 knj5qynh kvgmc6g5 ditlmg2l oygrvhab nvdbi5me sf5mxxl7 gl3lb2sf hhz5lgdu\"><img loading=\"lazy\" decoding=\"async\" src=\"https:\/\/static.xx.fbcdn.net\/images\/emoji.php\/v9\/t9c\/2\/16\/1f64c.png\" alt=\"&#x1f64c;\" width=\"16\" height=\"16\" \/><\/span><\/div>\n","protected":false},"featured_media":120434,"template":"","format":"standard","meta":{"_acf_changed":false,"om_disable_all_campaigns":false,"_uf_show_specific_survey":0,"_uf_disable_surveys":false},"product_brand":[],"product_cat":[119],"product_tag":[],"lieu":[127],"thematiques":[],"class_list":{"0":"post-120380","1":"product","2":"type-product","3":"status-publish","4":"format-standard","5":"has-post-thumbnail","7":"product_cat-evenement-sisther","8":"lieu-hub-empowher","10":"first","11":"instock","12":"virtual","13":"purchasable","14":"product-type-appointment"},"exclude_global_add_ons":[],"addons":[],"acf":[],"yoast_head":"<!-- This site is optimized with the Yoast SEO plugin v24.8 - https:\/\/yoast.com\/wordpress\/plugins\/seo\/ -->\n<title>BookClub #7 - BD f\u00e9ministes -<\/title>\n<meta name=\"description\" content=\"Le mercredi 12 juillet de 18h30 \u00e0 20h30, plongez dans l&#039;univers de la BD f\u00e9ministe et engag\u00e9e et d\u00e9couvrez de nouvelles autrices !\" \/>\n<meta name=\"robots\" content=\"index, follow, max-snippet:-1, max-image-preview:large, max-video-preview:-1\" \/>\n<link rel=\"canonical\" href=\"https:\/\/empow-her.com\/produit\/bd-feministe-bookclub-7\/\" \/>\n<meta property=\"og:locale\" content=\"en_US\" \/>\n<meta property=\"og:type\" content=\"article\" \/>\n<meta property=\"og:title\" content=\"BookClub #7 - BD f\u00e9ministes -\" \/>\n<meta property=\"og:description\" content=\"Le mercredi 12 juillet de 18h30 \u00e0 20h30, plongez dans l&#039;univers de la BD f\u00e9ministe et engag\u00e9e et d\u00e9couvrez de nouvelles autrices !\" \/>\n<meta property=\"og:url\" content=\"https:\/\/empow-her.com\/produit\/bd-feministe-bookclub-7\/\" \/>\n<meta property=\"og:site_name\" content=\"Empow&#039;Her\" \/>\n<meta property=\"article:modified_time\" content=\"2022-09-28T09:42:21+00:00\" \/>\n<meta property=\"og:image\" content=\"https:\/\/empow-her.com\/wp-content\/uploads\/2022\/06\/Template-Event-SistHer-site-11-2.png\" \/>\n\t<meta property=\"og:image:width\" content=\"1080\" \/>\n\t<meta property=\"og:image:height\" content=\"1080\" \/>\n\t<meta property=\"og:image:type\" content=\"image\/png\" \/>\n<meta name=\"twitter:card\" content=\"summary_large_image\" \/>\n<meta name=\"twitter:label1\" content=\"Est. reading time\" \/>\n\t<meta name=\"twitter:data1\" content=\"2 minutes\" \/>\n<script type=\"application\/ld+json\" class=\"yoast-schema-graph\">{\"@context\":\"https:\/\/schema.org\",\"@graph\":[{\"@type\":\"WebPage\",\"@id\":\"https:\/\/empow-her.com\/produit\/bd-feministe-bookclub-7\/\",\"url\":\"https:\/\/empow-her.com\/produit\/bd-feministe-bookclub-7\/\",\"name\":\"BookClub #7 - BD f\u00e9ministes -\",\"isPartOf\":{\"@id\":\"https:\/\/empow-her.com\/#website\"},\"primaryImageOfPage\":{\"@id\":\"https:\/\/empow-her.com\/produit\/bd-feministe-bookclub-7\/#primaryimage\"},\"image\":{\"@id\":\"https:\/\/empow-her.com\/produit\/bd-feministe-bookclub-7\/#primaryimage\"},\"thumbnailUrl\":\"https:\/\/empow-her.com\/wp-content\/uploads\/2022\/06\/Template-Event-SistHer-site-11-2.png\",\"datePublished\":\"2022-06-20T14:42:20+00:00\",\"dateModified\":\"2022-09-28T09:42:21+00:00\",\"description\":\"Le mercredi 12 juillet de 18h30 \u00e0 20h30, plongez dans l'univers de la BD f\u00e9ministe et engag\u00e9e et d\u00e9couvrez de nouvelles autrices !\",\"breadcrumb\":{\"@id\":\"https:\/\/empow-her.com\/produit\/bd-feministe-bookclub-7\/#breadcrumb\"},\"inLanguage\":\"en-US\",\"potentialAction\":[{\"@type\":\"ReadAction\",\"target\":[\"https:\/\/empow-her.com\/produit\/bd-feministe-bookclub-7\/\"]}]},{\"@type\":\"ImageObject\",\"inLanguage\":\"en-US\",\"@id\":\"https:\/\/empow-her.com\/produit\/bd-feministe-bookclub-7\/#primaryimage\",\"url\":\"https:\/\/empow-her.com\/wp-content\/uploads\/2022\/06\/Template-Event-SistHer-site-11-2.png\",\"contentUrl\":\"https:\/\/empow-her.com\/wp-content\/uploads\/2022\/06\/Template-Event-SistHer-site-11-2.png\",\"width\":1080,\"height\":1080},{\"@type\":\"BreadcrumbList\",\"@id\":\"https:\/\/empow-her.com\/produit\/bd-feministe-bookclub-7\/#breadcrumb\",\"itemListElement\":[{\"@type\":\"ListItem\",\"position\":1,\"name\":\"Accueil\",\"item\":\"https:\/\/empow-her.com\/en\/landing-page\/\"},{\"@type\":\"ListItem\",\"position\":2,\"name\":\"LA BOUTIQUE\",\"item\":\"https:\/\/empow-her.com\/boutique\/\"},{\"@type\":\"ListItem\",\"position\":3,\"name\":\"BookClub #7 &#8211; BD f\u00e9ministes\"}]},{\"@type\":\"WebSite\",\"@id\":\"https:\/\/empow-her.com\/#website\",\"url\":\"https:\/\/empow-her.com\/\",\"name\":\"Empow&#039;Her\",\"description\":\"Women Development\",\"potentialAction\":[{\"@type\":\"SearchAction\",\"target\":{\"@type\":\"EntryPoint\",\"urlTemplate\":\"https:\/\/empow-her.com\/?s={search_term_string}\"},\"query-input\":{\"@type\":\"PropertyValueSpecification\",\"valueRequired\":true,\"valueName\":\"search_term_string\"}}],\"inLanguage\":\"en-US\"}]}<\/script>\n<!-- \/ Yoast SEO plugin. -->","yoast_head_json":{"title":"BookClub #7 - BD f\u00e9ministes -","description":"Le mercredi 12 juillet de 18h30 \u00e0 20h30, plongez dans l'univers de la BD f\u00e9ministe et engag\u00e9e et d\u00e9couvrez de nouvelles autrices !","robots":{"index":"index","follow":"follow","max-snippet":"max-snippet:-1","max-image-preview":"max-image-preview:large","max-video-preview":"max-video-preview:-1"},"canonical":"https:\/\/empow-her.com\/produit\/bd-feministe-bookclub-7\/","og_locale":"en_US","og_type":"article","og_title":"BookClub #7 - BD f\u00e9ministes -","og_description":"Le mercredi 12 juillet de 18h30 \u00e0 20h30, plongez dans l'univers de la BD f\u00e9ministe et engag\u00e9e et d\u00e9couvrez de nouvelles autrices !","og_url":"https:\/\/empow-her.com\/produit\/bd-feministe-bookclub-7\/","og_site_name":"Empow&#039;Her","article_modified_time":"2022-09-28T09:42:21+00:00","og_image":[{"width":1080,"height":1080,"url":"https:\/\/empow-her.com\/wp-content\/uploads\/2022\/06\/Template-Event-SistHer-site-11-2.png","type":"image\/png"}],"twitter_card":"summary_large_image","twitter_misc":{"Est. reading time":"2 minutes"},"schema":{"@context":"https:\/\/schema.org","@graph":[{"@type":"WebPage","@id":"https:\/\/empow-her.com\/produit\/bd-feministe-bookclub-7\/","url":"https:\/\/empow-her.com\/produit\/bd-feministe-bookclub-7\/","name":"BookClub #7 - BD f\u00e9ministes -","isPartOf":{"@id":"https:\/\/empow-her.com\/#website"},"primaryImageOfPage":{"@id":"https:\/\/empow-her.com\/produit\/bd-feministe-bookclub-7\/#primaryimage"},"image":{"@id":"https:\/\/empow-her.com\/produit\/bd-feministe-bookclub-7\/#primaryimage"},"thumbnailUrl":"https:\/\/empow-her.com\/wp-content\/uploads\/2022\/06\/Template-Event-SistHer-site-11-2.png","datePublished":"2022-06-20T14:42:20+00:00","dateModified":"2022-09-28T09:42:21+00:00","description":"Le mercredi 12 juillet de 18h30 \u00e0 20h30, plongez dans l'univers de la BD f\u00e9ministe et engag\u00e9e et d\u00e9couvrez de nouvelles autrices !","breadcrumb":{"@id":"https:\/\/empow-her.com\/produit\/bd-feministe-bookclub-7\/#breadcrumb"},"inLanguage":"en-US","potentialAction":[{"@type":"ReadAction","target":["https:\/\/empow-her.com\/produit\/bd-feministe-bookclub-7\/"]}]},{"@type":"ImageObject","inLanguage":"en-US","@id":"https:\/\/empow-her.com\/produit\/bd-feministe-bookclub-7\/#primaryimage","url":"https:\/\/empow-her.com\/wp-content\/uploads\/2022\/06\/Template-Event-SistHer-site-11-2.png","contentUrl":"https:\/\/empow-her.com\/wp-content\/uploads\/2022\/06\/Template-Event-SistHer-site-11-2.png","width":1080,"height":1080},{"@type":"BreadcrumbList","@id":"https:\/\/empow-her.com\/produit\/bd-feministe-bookclub-7\/#breadcrumb","itemListElement":[{"@type":"ListItem","position":1,"name":"Accueil","item":"https:\/\/empow-her.com\/en\/landing-page\/"},{"@type":"ListItem","position":2,"name":"LA BOUTIQUE","item":"https:\/\/empow-her.com\/boutique\/"},{"@type":"ListItem","position":3,"name":"BookClub #7 &#8211; BD f\u00e9ministes"}]},{"@type":"WebSite","@id":"https:\/\/empow-her.com\/#website","url":"https:\/\/empow-her.com\/","name":"Empow&#039;Her","description":"Women Development","potentialAction":[{"@type":"SearchAction","target":{"@type":"EntryPoint","urlTemplate":"https:\/\/empow-her.com\/?s={search_term_string}"},"query-input":{"@type":"PropertyValueSpecification","valueRequired":true,"valueName":"search_term_string"}}],"inLanguage":"en-US"}]}},"_links":{"self":[{"href":"https:\/\/empow-her.com\/en\/wp-json\/wp\/v2\/product\/120380","targetHints":{"allow":["GET"]}}],"collection":[{"href":"https:\/\/empow-her.com\/en\/wp-json\/wp\/v2\/product"}],"about":[{"href":"https:\/\/empow-her.com\/en\/wp-json\/wp\/v2\/types\/product"}],"wp:featuredmedia":[{"embeddable":true,"href":"https:\/\/empow-her.com\/en\/wp-json\/wp\/v2\/media\/120434"}],"wp:attachment":[{"href":"https:\/\/empow-her.com\/en\/wp-json\/wp\/v2\/media?parent=120380"}],"wp:term":[{"taxonomy":"product_brand","embeddable":true,"href":"https:\/\/empow-her.com\/en\/wp-json\/wp\/v2\/product_brand?post=120380"},{"taxonomy":"product_cat","embeddable":true,"href":"https:\/\/empow-her.com\/en\/wp-json\/wp\/v2\/product_cat?post=120380"},{"taxonomy":"product_tag","embeddable":true,"href":"https:\/\/empow-her.com\/en\/wp-json\/wp\/v2\/product_tag?post=120380"},{"taxonomy":"lieu","embeddable":true,"href":"https:\/\/empow-her.com\/en\/wp-json\/wp\/v2\/lieu?post=120380"},{"taxonomy":"thematiques","embeddable":true,"href":"https:\/\/empow-her.com\/en\/wp-json\/wp\/v2\/thematiques?post=120380"}],"curies":[{"name":"wp","href":"https:\/\/api.w.org\/{rel}","templated":true}]}}