{"id":120072,"date":"2022-06-14T12:35:06","date_gmt":"2022-06-14T10:35:06","guid":{"rendered":"https:\/\/empow-her.com\/?post_type=product&#038;p=120072"},"modified":"2022-09-28T11:42:48","modified_gmt":"2022-09-28T09:42:48","slug":"atelier-de-sensibilisation-violences-sexistes-et-sexuelles-avec-handsaway","status":"publish","type":"product","link":"https:\/\/empow-her.com\/en\/produit\/atelier-de-sensibilisation-violences-sexistes-et-sexuelles-avec-handsaway\/","title":{"rendered":"Atelier de sensibilisation &#8211; Violences sexistes et sexuelles avec Handsaway"},"content":{"rendered":"<p>Bonjour \u00e0 toutes !<\/p>\n<p>Dans le cadre d&#8217;un projet soutenu par la R\u00e9gion Ile-de-France, l&#8217;association\u00a0HandsAway\u00a0et Empow&#8217;her vous invitent \u00e0 un atelier de sensibilisation le\u00a029 juin 2022, de\u00a014h \u00e0 17h.<\/p>\n<p>Les objectifs seront de discuter ensemble des mani\u00e8res dont on peut identifier les violences sexistes et sexuelles dans le monde professionnel et d&#8217;en conna\u00eetre le cadre l\u00e9gal ; promouvoir la culture du consentement dans tous les espaces ; apprendre \u00e0 (r\u00e9)agir en tant que t\u00e9moin ; donner des ressources sollicitables lorsque l&#8217;on est victime\/t\u00e9moin.<\/p>\n<p>La tenue de cet atelier s&#8217;inscrit dans une d\u00e9marche globale de Empow&#8217;her contre les violences sexistes et sexuelles au travail. D&#8217;ailleurs, les encadrant-es des programmes suivront \u00e9galement une formation du m\u00eame type quelques jours plus t\u00f4t, afin de garantir un environnement de travail bienveillant au sujet des violences sexistes et sexuelles.<\/p>\n<p>A tr\u00e8s vite !<\/p>\n<p>L&#8217;\u00e9quipe Empow&#8217;Her<\/p>\n","protected":false},"excerpt":{"rendered":"<p>Bonjour \u00e0 toutes !<\/p>\n<p>&nbsp;<\/p>\n<p>Dans le cadre d&#8217;un projet soutenu par la R\u00e9gion Ile-de-France, l&#8217;association\u00a0<a href=\"https:\/\/www.handsaway.fr\/\" target=\"_blank\" rel=\"noopener\" data-saferedirecturl=\"https:\/\/www.google.com\/url?q=https:\/\/www.handsaway.fr\/&amp;source=gmail&amp;ust=1655286559086000&amp;usg=AOvVaw388d1UAidaG-z4zWenGTb1\">HandsAway<\/a>\u00a0et Empow&#8217;her vous invitent \u00e0 un atelier de sensibilisation le\u00a0<b>29 juin 2022<\/b>, de\u00a0<b>14h \u00e0 17h<\/b>.<\/p>\n<p>Les objectifs seront de discuter ensemble des mani\u00e8res dont on peut identifier les violences sexistes et sexuelles dans le monde professionnel et d&#8217;en conna\u00eetre le cadre l\u00e9gal ; promouvoir la culture du consentement dans tous les espaces ; apprendre \u00e0 (r\u00e9)agir en tant que t\u00e9moin ; donner des ressources sollicitables lorsque l&#8217;on est victime\/t\u00e9moin.<\/p>\n<p>La tenue de cet atelier s&#8217;inscrit dans une d\u00e9marche globale de Empow&#8217;her contre les violences sexistes et sexuelles au travail. D&#8217;ailleurs, les encadrant-es des programmes suivront \u00e9galement une formation du m\u00eame type quelques jours plus t\u00f4t, afin de garantir un environnement de travail bienveillant au sujet des violences sexistes et sexuelles.<\/p>\n<p>A tr\u00e8s vite !<\/p>\n<p>L&#8217;\u00e9quipe Empow&#8217;Her<\/p>\n","protected":false},"featured_media":120073,"template":"","format":"standard","meta":{"_acf_changed":false,"om_disable_all_campaigns":false,"_uf_show_specific_survey":0,"_uf_disable_surveys":false},"product_brand":[],"product_cat":[119],"product_tag":[],"lieu":[127],"thematiques":[],"class_list":{"0":"post-120072","1":"product","2":"type-product","3":"status-publish","4":"format-standard","5":"has-post-thumbnail","7":"product_cat-evenement-sisther","8":"lieu-hub-empowher","10":"first","11":"instock","12":"virtual","13":"purchasable","14":"product-type-appointment"},"exclude_global_add_ons":[],"addons":[],"acf":[],"yoast_head":"<!-- This site is optimized with the Yoast SEO plugin v24.8 - https:\/\/yoast.com\/wordpress\/plugins\/seo\/ -->\n<title>Atelier de sensibilisation - Violences sexistes et sexuelles avec Handsaway -<\/title>\n<meta name=\"description\" content=\"Le jeudi 23 juin de 19h \u00e0 20h30, participez \u00e0 l&#039;animation des entrepreneuses ! C&#039;est le moment de se challenger ensemble\" \/>\n<meta name=\"robots\" content=\"index, follow, max-snippet:-1, max-image-preview:large, max-video-preview:-1\" \/>\n<link rel=\"canonical\" href=\"https:\/\/empow-her.com\/produit\/atelier-de-sensibilisation-violences-sexistes-et-sexuelles-avec-handsaway\/\" \/>\n<meta property=\"og:locale\" content=\"en_US\" \/>\n<meta property=\"og:type\" content=\"article\" \/>\n<meta property=\"og:title\" content=\"Atelier de sensibilisation - Violences sexistes et sexuelles avec Handsaway -\" \/>\n<meta property=\"og:description\" content=\"Le jeudi 23 juin de 19h \u00e0 20h30, participez \u00e0 l&#039;animation des entrepreneuses ! C&#039;est le moment de se challenger ensemble\" \/>\n<meta property=\"og:url\" content=\"https:\/\/empow-her.com\/produit\/atelier-de-sensibilisation-violences-sexistes-et-sexuelles-avec-handsaway\/\" \/>\n<meta property=\"og:site_name\" content=\"Empow&#039;Her\" \/>\n<meta property=\"article:modified_time\" content=\"2022-09-28T09:42:48+00:00\" \/>\n<meta property=\"og:image\" content=\"https:\/\/empow-her.com\/wp-content\/uploads\/2022\/06\/Template-Event-SistHer-site-.png\" \/>\n\t<meta property=\"og:image:width\" content=\"1080\" \/>\n\t<meta property=\"og:image:height\" content=\"1080\" \/>\n\t<meta property=\"og:image:type\" content=\"image\/png\" \/>\n<meta name=\"twitter:card\" content=\"summary_large_image\" \/>\n<meta name=\"twitter:label1\" content=\"Est. reading time\" \/>\n\t<meta name=\"twitter:data1\" content=\"1 minute\" \/>\n<script type=\"application\/ld+json\" class=\"yoast-schema-graph\">{\"@context\":\"https:\/\/schema.org\",\"@graph\":[{\"@type\":\"WebPage\",\"@id\":\"https:\/\/empow-her.com\/produit\/atelier-de-sensibilisation-violences-sexistes-et-sexuelles-avec-handsaway\/\",\"url\":\"https:\/\/empow-her.com\/produit\/atelier-de-sensibilisation-violences-sexistes-et-sexuelles-avec-handsaway\/\",\"name\":\"Atelier de sensibilisation - Violences sexistes et sexuelles avec Handsaway -\",\"isPartOf\":{\"@id\":\"https:\/\/empow-her.com\/#website\"},\"primaryImageOfPage\":{\"@id\":\"https:\/\/empow-her.com\/produit\/atelier-de-sensibilisation-violences-sexistes-et-sexuelles-avec-handsaway\/#primaryimage\"},\"image\":{\"@id\":\"https:\/\/empow-her.com\/produit\/atelier-de-sensibilisation-violences-sexistes-et-sexuelles-avec-handsaway\/#primaryimage\"},\"thumbnailUrl\":\"https:\/\/empow-her.com\/wp-content\/uploads\/2022\/06\/Template-Event-SistHer-site-.png\",\"datePublished\":\"2022-06-14T10:35:06+00:00\",\"dateModified\":\"2022-09-28T09:42:48+00:00\",\"description\":\"Le jeudi 23 juin de 19h \u00e0 20h30, participez \u00e0 l'animation des entrepreneuses ! C'est le moment de se challenger ensemble\",\"breadcrumb\":{\"@id\":\"https:\/\/empow-her.com\/produit\/atelier-de-sensibilisation-violences-sexistes-et-sexuelles-avec-handsaway\/#breadcrumb\"},\"inLanguage\":\"en-US\",\"potentialAction\":[{\"@type\":\"ReadAction\",\"target\":[\"https:\/\/empow-her.com\/produit\/atelier-de-sensibilisation-violences-sexistes-et-sexuelles-avec-handsaway\/\"]}]},{\"@type\":\"ImageObject\",\"inLanguage\":\"en-US\",\"@id\":\"https:\/\/empow-her.com\/produit\/atelier-de-sensibilisation-violences-sexistes-et-sexuelles-avec-handsaway\/#primaryimage\",\"url\":\"https:\/\/empow-her.com\/wp-content\/uploads\/2022\/06\/Template-Event-SistHer-site-.png\",\"contentUrl\":\"https:\/\/empow-her.com\/wp-content\/uploads\/2022\/06\/Template-Event-SistHer-site-.png\",\"width\":1080,\"height\":1080},{\"@type\":\"BreadcrumbList\",\"@id\":\"https:\/\/empow-her.com\/produit\/atelier-de-sensibilisation-violences-sexistes-et-sexuelles-avec-handsaway\/#breadcrumb\",\"itemListElement\":[{\"@type\":\"ListItem\",\"position\":1,\"name\":\"Accueil\",\"item\":\"https:\/\/empow-her.com\/en\/landing-page\/\"},{\"@type\":\"ListItem\",\"position\":2,\"name\":\"LA BOUTIQUE\",\"item\":\"https:\/\/empow-her.com\/boutique\/\"},{\"@type\":\"ListItem\",\"position\":3,\"name\":\"Atelier de sensibilisation &#8211; Violences sexistes et sexuelles avec Handsaway\"}]},{\"@type\":\"WebSite\",\"@id\":\"https:\/\/empow-her.com\/#website\",\"url\":\"https:\/\/empow-her.com\/\",\"name\":\"Empow&#039;Her\",\"description\":\"Women Development\",\"potentialAction\":[{\"@type\":\"SearchAction\",\"target\":{\"@type\":\"EntryPoint\",\"urlTemplate\":\"https:\/\/empow-her.com\/?s={search_term_string}\"},\"query-input\":{\"@type\":\"PropertyValueSpecification\",\"valueRequired\":true,\"valueName\":\"search_term_string\"}}],\"inLanguage\":\"en-US\"}]}<\/script>\n<!-- \/ Yoast SEO plugin. -->","yoast_head_json":{"title":"Atelier de sensibilisation - Violences sexistes et sexuelles avec Handsaway -","description":"Le jeudi 23 juin de 19h \u00e0 20h30, participez \u00e0 l'animation des entrepreneuses ! C'est le moment de se challenger ensemble","robots":{"index":"index","follow":"follow","max-snippet":"max-snippet:-1","max-image-preview":"max-image-preview:large","max-video-preview":"max-video-preview:-1"},"canonical":"https:\/\/empow-her.com\/produit\/atelier-de-sensibilisation-violences-sexistes-et-sexuelles-avec-handsaway\/","og_locale":"en_US","og_type":"article","og_title":"Atelier de sensibilisation - Violences sexistes et sexuelles avec Handsaway -","og_description":"Le jeudi 23 juin de 19h \u00e0 20h30, participez \u00e0 l'animation des entrepreneuses ! C'est le moment de se challenger ensemble","og_url":"https:\/\/empow-her.com\/produit\/atelier-de-sensibilisation-violences-sexistes-et-sexuelles-avec-handsaway\/","og_site_name":"Empow&#039;Her","article_modified_time":"2022-09-28T09:42:48+00:00","og_image":[{"width":1080,"height":1080,"url":"https:\/\/empow-her.com\/wp-content\/uploads\/2022\/06\/Template-Event-SistHer-site-.png","type":"image\/png"}],"twitter_card":"summary_large_image","twitter_misc":{"Est. reading time":"1 minute"},"schema":{"@context":"https:\/\/schema.org","@graph":[{"@type":"WebPage","@id":"https:\/\/empow-her.com\/produit\/atelier-de-sensibilisation-violences-sexistes-et-sexuelles-avec-handsaway\/","url":"https:\/\/empow-her.com\/produit\/atelier-de-sensibilisation-violences-sexistes-et-sexuelles-avec-handsaway\/","name":"Atelier de sensibilisation - Violences sexistes et sexuelles avec Handsaway -","isPartOf":{"@id":"https:\/\/empow-her.com\/#website"},"primaryImageOfPage":{"@id":"https:\/\/empow-her.com\/produit\/atelier-de-sensibilisation-violences-sexistes-et-sexuelles-avec-handsaway\/#primaryimage"},"image":{"@id":"https:\/\/empow-her.com\/produit\/atelier-de-sensibilisation-violences-sexistes-et-sexuelles-avec-handsaway\/#primaryimage"},"thumbnailUrl":"https:\/\/empow-her.com\/wp-content\/uploads\/2022\/06\/Template-Event-SistHer-site-.png","datePublished":"2022-06-14T10:35:06+00:00","dateModified":"2022-09-28T09:42:48+00:00","description":"Le jeudi 23 juin de 19h \u00e0 20h30, participez \u00e0 l'animation des entrepreneuses ! C'est le moment de se challenger ensemble","breadcrumb":{"@id":"https:\/\/empow-her.com\/produit\/atelier-de-sensibilisation-violences-sexistes-et-sexuelles-avec-handsaway\/#breadcrumb"},"inLanguage":"en-US","potentialAction":[{"@type":"ReadAction","target":["https:\/\/empow-her.com\/produit\/atelier-de-sensibilisation-violences-sexistes-et-sexuelles-avec-handsaway\/"]}]},{"@type":"ImageObject","inLanguage":"en-US","@id":"https:\/\/empow-her.com\/produit\/atelier-de-sensibilisation-violences-sexistes-et-sexuelles-avec-handsaway\/#primaryimage","url":"https:\/\/empow-her.com\/wp-content\/uploads\/2022\/06\/Template-Event-SistHer-site-.png","contentUrl":"https:\/\/empow-her.com\/wp-content\/uploads\/2022\/06\/Template-Event-SistHer-site-.png","width":1080,"height":1080},{"@type":"BreadcrumbList","@id":"https:\/\/empow-her.com\/produit\/atelier-de-sensibilisation-violences-sexistes-et-sexuelles-avec-handsaway\/#breadcrumb","itemListElement":[{"@type":"ListItem","position":1,"name":"Accueil","item":"https:\/\/empow-her.com\/en\/landing-page\/"},{"@type":"ListItem","position":2,"name":"LA BOUTIQUE","item":"https:\/\/empow-her.com\/boutique\/"},{"@type":"ListItem","position":3,"name":"Atelier de sensibilisation &#8211; Violences sexistes et sexuelles avec Handsaway"}]},{"@type":"WebSite","@id":"https:\/\/empow-her.com\/#website","url":"https:\/\/empow-her.com\/","name":"Empow&#039;Her","description":"Women Development","potentialAction":[{"@type":"SearchAction","target":{"@type":"EntryPoint","urlTemplate":"https:\/\/empow-her.com\/?s={search_term_string}"},"query-input":{"@type":"PropertyValueSpecification","valueRequired":true,"valueName":"search_term_string"}}],"inLanguage":"en-US"}]}},"_links":{"self":[{"href":"https:\/\/empow-her.com\/en\/wp-json\/wp\/v2\/product\/120072","targetHints":{"allow":["GET"]}}],"collection":[{"href":"https:\/\/empow-her.com\/en\/wp-json\/wp\/v2\/product"}],"about":[{"href":"https:\/\/empow-her.com\/en\/wp-json\/wp\/v2\/types\/product"}],"wp:featuredmedia":[{"embeddable":true,"href":"https:\/\/empow-her.com\/en\/wp-json\/wp\/v2\/media\/120073"}],"wp:attachment":[{"href":"https:\/\/empow-her.com\/en\/wp-json\/wp\/v2\/media?parent=120072"}],"wp:term":[{"taxonomy":"product_brand","embeddable":true,"href":"https:\/\/empow-her.com\/en\/wp-json\/wp\/v2\/product_brand?post=120072"},{"taxonomy":"product_cat","embeddable":true,"href":"https:\/\/empow-her.com\/en\/wp-json\/wp\/v2\/product_cat?post=120072"},{"taxonomy":"product_tag","embeddable":true,"href":"https:\/\/empow-her.com\/en\/wp-json\/wp\/v2\/product_tag?post=120072"},{"taxonomy":"lieu","embeddable":true,"href":"https:\/\/empow-her.com\/en\/wp-json\/wp\/v2\/lieu?post=120072"},{"taxonomy":"thematiques","embeddable":true,"href":"https:\/\/empow-her.com\/en\/wp-json\/wp\/v2\/thematiques?post=120072"}],"curies":[{"name":"wp","href":"https:\/\/api.w.org\/{rel}","templated":true}]}}