{"id":120067,"date":"2022-06-14T11:48:08","date_gmt":"2022-06-14T09:48:08","guid":{"rendered":"https:\/\/empow-her.com\/?post_type=product&#038;p=120067"},"modified":"2022-09-28T11:42:53","modified_gmt":"2022-09-28T09:42:53","slug":"challenge-moi-animation-entraide","status":"publish","type":"product","link":"https:\/\/empow-her.com\/en\/produit\/challenge-moi-animation-entraide\/","title":{"rendered":"Challenge-moi &#8211; Atelier d&#8217;entraide entre entrepreneuses"},"content":{"rendered":"<p>Hello \u00e0 toutes !<\/p>\n<p>Participez \u00e0 la prochaine session de l&#8217;atelier d&#8217;entraide entre entrepreneuses qui aura lieu le jeudi 23 juin de 19h \u00e0 20h30 chez Sist&#8217;Her Paris. On ne s&#8217;arr\u00eate plus ! A chaque atelier, nous essayons d&#8217;impulser une nouvelle culture entrepreneuriale qui rime avec sororit\u00e9 et entraide.<\/p>\n<p>Cet atelier s&#8217;adresse aux entrepreneuses et a \u00e9t\u00e9 pens\u00e9 pour cr\u00e9er une culture du feedback positif afin de vous permettre de vous challenger sur leurs projets avec bienveillance. Que vous soyez challeng\u00e9e ou challengeuse, vous repartirez avec de nouveaux outils pour bousculer les codes. Mais on ne vous en dit pas plus&#8230; et on vous attend avec impatience pour cette aventure.<\/p>\n<p>Rappel des objectifs :<br \/>\n&#8211; Se challenger toutes ensemble et repartir avec des conseils et retours constructifs pour faire d\u00e9coller son projet, le tout avec une nouvelle m\u00e9thodologie d&#8217;intelligence collective<br \/>\n&#8211; Se rencontrer et \u00e9changer sur des probl\u00e9matiques concr\u00e8tes dans une ambiance chaleureuse et un cadre safe place<\/p>\n<p>&#x26a1;&#xfe0f;&#x26a1;&#xfe0f;&#x26a1;&#xfe0f;<\/p>\n<p>Que vous soyez entrepreneuse, future entrepreneuse et que vous avez envie de vous faire un r\u00e9seau, de partager un moment de sororit\u00e9 et de vous entraider, rejoignez-vous !<\/p>\n<p>C&#8217;est \u00e9videmment gratuit, et on ira prendre un verre ensemble ensuite !<\/p>\n<p>&#x26a1;&#xfe0f;&#x26a1;&#xfe0f;&#x26a1;&#xfe0f;<\/p>\n<p>Infos pratiques<br \/>\n&#x1f4c5; Jeudi 23 juin de 19h \u00e0 20h30<br \/>\n&#x1f4cd; Sist\u2019her Paris, 82 rue du Faubourg St Martin<br \/>\n&#x1f516; R\u00e9servation gratuite obligatoire<\/p>\n","protected":false},"excerpt":{"rendered":"<div class=\"kvgmc6g5 cxmmr5t8 oygrvhab hcukyx3x c1et5uql ii04i59q\">\n<div dir=\"auto\"><span class=\"pq6dq46d tbxw36s4 knj5qynh kvgmc6g5 ditlmg2l oygrvhab nvdbi5me sf5mxxl7 gl3lb2sf hhz5lgdu\"><img decoding=\"async\" src=\"https:\/\/static.xx.fbcdn.net\/images\/emoji.php\/v9\/t9e\/2\/16\/1f4c6.png\" alt=\"&#x1f4c6;\" width=\"16\" height=\"16\" \/><\/span> SAVE THE DATE <span class=\"pq6dq46d tbxw36s4 knj5qynh kvgmc6g5 ditlmg2l oygrvhab nvdbi5me sf5mxxl7 gl3lb2sf hhz5lgdu\"><img decoding=\"async\" src=\"https:\/\/static.xx.fbcdn.net\/images\/emoji.php\/v9\/t9e\/2\/16\/1f4c6.png\" alt=\"&#x1f4c6;\" width=\"16\" height=\"16\" \/><\/span><\/div>\n<div dir=\"auto\"><\/div>\n<\/div>\n<div class=\"cxmmr5t8 oygrvhab hcukyx3x c1et5uql o9v6fnle ii04i59q\">\n<div dir=\"auto\">La prochaine session de l\u2019atelier d\u2019entraide entre entrepreneuses aura lieu le jeudi 23 juin de 19h \u00e0 20h30 chez Sist\u2019Her Paris.<\/div>\n<div dir=\"auto\"><\/div>\n<\/div>\n<div class=\"cxmmr5t8 oygrvhab hcukyx3x c1et5uql o9v6fnle ii04i59q\">\n<div dir=\"auto\">Cr\u00e9ons ensemble une nouvelle culture entrepreneuriale plus inclusive !<\/div>\n<div dir=\"auto\"><\/div>\n<\/div>\n<div class=\"cxmmr5t8 oygrvhab hcukyx3x c1et5uql o9v6fnle ii04i59q\">\n<div dir=\"auto\">Vous n&#8217;avez pas toujours l&#8217;impression d&#8217;\u00eatre \u00e0 votre place \u00e0 un \u00e9v\u00e9nement de &#8220;networking&#8221; entre entrepreneur.e.s. Vous ne vous sentez pas toujours l\u00e9gitime pour faire des retours \u00e0 un.e de vos paires. Vous vous \u00eates d\u00e9j\u00e0 sentie mal \u00e0 l&#8217;aise en parlant de votre projet face \u00e0 un jury\/un banquier\/un.e proche et avez eu parfois des retours difficiles \u00e0 avaler. Bref, il est parfois compliqu\u00e9 de naviguer dans le secteur entrepreneurial. Pourtant, vous \u00eates de plus en plus nombreuses \u00e0 vous lancer, alors pourquoi ne pas bousculer les codes et construire un secteur qui nous ressemble ?<\/div>\n<\/div>\n<div class=\"cxmmr5t8 oygrvhab hcukyx3x c1et5uql o9v6fnle ii04i59q\">\n<div dir=\"auto\">Cet atelier s\u2019adresse aux porteuses de projets et entrepreneuses de tout stade d&#8217;avancement, tout secteur, et ne n\u00e9cessite pas de pr\u00e9-requis. L&#8217;objectif de la session est de faciliter l&#8217;entraide, en cr\u00e9ant (vraiment!) un espace bienveillant et en donnant des outils aux participantes pour apprendre \u00e0 faire et recevoir des feedbacks constructifs.<\/div>\n<div dir=\"auto\"><\/div>\n<\/div>\n<div class=\"cxmmr5t8 oygrvhab hcukyx3x c1et5uql o9v6fnle ii04i59q\">\n<div dir=\"auto\"><span class=\"pq6dq46d tbxw36s4 knj5qynh kvgmc6g5 ditlmg2l oygrvhab nvdbi5me sf5mxxl7 gl3lb2sf hhz5lgdu\"><img decoding=\"async\" src=\"https:\/\/static.xx.fbcdn.net\/images\/emoji.php\/v9\/tde\/2\/16\/26a1.png\" alt=\"&#x26a1;&#xfe0f;\" width=\"16\" height=\"16\" \/><\/span><span class=\"pq6dq46d tbxw36s4 knj5qynh kvgmc6g5 ditlmg2l oygrvhab nvdbi5me sf5mxxl7 gl3lb2sf hhz5lgdu\"><img decoding=\"async\" src=\"https:\/\/static.xx.fbcdn.net\/images\/emoji.php\/v9\/tde\/2\/16\/26a1.png\" alt=\"&#x26a1;&#xfe0f;\" width=\"16\" height=\"16\" \/><\/span><span class=\"pq6dq46d tbxw36s4 knj5qynh kvgmc6g5 ditlmg2l oygrvhab nvdbi5me sf5mxxl7 gl3lb2sf hhz5lgdu\"><img decoding=\"async\" src=\"https:\/\/static.xx.fbcdn.net\/images\/emoji.php\/v9\/tde\/2\/16\/26a1.png\" alt=\"&#x26a1;&#xfe0f;\" width=\"16\" height=\"16\" \/><\/span><\/div>\n<div dir=\"auto\"><\/div>\n<\/div>\n<div class=\"cxmmr5t8 oygrvhab hcukyx3x c1et5uql o9v6fnle ii04i59q\">\n<div dir=\"auto\">Notre volont\u00e9 : faire progresser les projets de chacune en recevant des conseils de ses paires tout en prenant soin les unes des autres. Nous avons con\u00e7u une m\u00e9thodologie unique d&#8217;intelligence collective et des outils pens\u00e9s par et pour des entrepreneuses. A chaque session, 2 \u00e0 4 porteuses de projets se font challeng\u00e9es par leurs paires pour b\u00e9n\u00e9ficier de retours utiles et concrets.<\/div>\n<\/div>\n<div class=\"cxmmr5t8 oygrvhab hcukyx3x c1et5uql o9v6fnle ii04i59q\">\n<div dir=\"auto\">Nous croyons au pouvoir de l&#8217;intelligence collective et souhaitons permettre \u00e0 chacune de trouver sa place dans l&#8217;aventure entrepreneuriale.<\/div>\n<div dir=\"auto\"><\/div>\n<\/div>\n<div class=\"cxmmr5t8 oygrvhab hcukyx3x c1et5uql o9v6fnle ii04i59q\">\n<div dir=\"auto\"><span class=\"pq6dq46d tbxw36s4 knj5qynh kvgmc6g5 ditlmg2l oygrvhab nvdbi5me sf5mxxl7 gl3lb2sf hhz5lgdu\"><img decoding=\"async\" src=\"https:\/\/static.xx.fbcdn.net\/images\/emoji.php\/v9\/tde\/2\/16\/26a1.png\" alt=\"&#x26a1;&#xfe0f;\" width=\"16\" height=\"16\" \/><\/span><span class=\"pq6dq46d tbxw36s4 knj5qynh kvgmc6g5 ditlmg2l oygrvhab nvdbi5me sf5mxxl7 gl3lb2sf hhz5lgdu\"><img decoding=\"async\" src=\"https:\/\/static.xx.fbcdn.net\/images\/emoji.php\/v9\/tde\/2\/16\/26a1.png\" alt=\"&#x26a1;&#xfe0f;\" width=\"16\" height=\"16\" \/><\/span><span class=\"pq6dq46d tbxw36s4 knj5qynh kvgmc6g5 ditlmg2l oygrvhab nvdbi5me sf5mxxl7 gl3lb2sf hhz5lgdu\"><img decoding=\"async\" src=\"https:\/\/static.xx.fbcdn.net\/images\/emoji.php\/v9\/tde\/2\/16\/26a1.png\" alt=\"&#x26a1;&#xfe0f;\" width=\"16\" height=\"16\" \/><\/span><\/div>\n<\/div>\n<div class=\"cxmmr5t8 oygrvhab hcukyx3x c1et5uql o9v6fnle ii04i59q\">\n<div dir=\"auto\">Infos pratiques<\/div>\n<div dir=\"auto\"><span class=\"pq6dq46d tbxw36s4 knj5qynh kvgmc6g5 ditlmg2l oygrvhab nvdbi5me sf5mxxl7 gl3lb2sf hhz5lgdu\"><img decoding=\"async\" src=\"https:\/\/static.xx.fbcdn.net\/images\/emoji.php\/v9\/t1d\/2\/16\/1f4c5.png\" alt=\"&#x1f4c5;\" width=\"16\" height=\"16\" \/><\/span> Jeudi 23 juin de 19h \u00e0 20h30<\/div>\n<div dir=\"auto\"><span class=\"pq6dq46d tbxw36s4 knj5qynh kvgmc6g5 ditlmg2l oygrvhab nvdbi5me sf5mxxl7 gl3lb2sf hhz5lgdu\"><img loading=\"lazy\" decoding=\"async\" src=\"https:\/\/static.xx.fbcdn.net\/images\/emoji.php\/v9\/tcc\/2\/16\/1f4cd.png\" alt=\"&#x1f4cd;\" width=\"16\" height=\"16\" \/><\/span> Sist\u2019her Paris, 82 rue du Faubourg St Martin<\/div>\n<div dir=\"auto\"><span class=\"pq6dq46d tbxw36s4 knj5qynh kvgmc6g5 ditlmg2l oygrvhab nvdbi5me sf5mxxl7 gl3lb2sf hhz5lgdu\"><img loading=\"lazy\" decoding=\"async\" src=\"https:\/\/static.xx.fbcdn.net\/images\/emoji.php\/v9\/td1\/2\/16\/1f516.png\" alt=\"&#x1f516;\" width=\"16\" height=\"16\" \/><\/span> R\u00e9servation gratuite obligatoire : <a class=\"oajrlxb2 g5ia77u1 qu0x051f esr5mh6w e9989ue4 r7d6kgcz rq0escxv nhd2j8a9 nc684nl6 p7hjln8o kvgmc6g5 cxmmr5t8 oygrvhab hcukyx3x jb3vyjys rz4wbd8a qt6c0cv9 a8nywdso i1ao9s8h esuyzwwr f1sip0of lzcic4wl gpro0wi8 py34i1dx\" tabindex=\"0\" role=\"link\" href=\"https:\/\/empow-her.com\/...\/challenge-moi-animation-entraide\/?fbclid=IwAR1bMhHg3PkvBaVCQTCxoAfDlIFE1jvQ1wtsefS2FaQr_SrCQ9UfyaJtd9A\" target=\"_blank\" rel=\"nofollow noopener\">https:\/\/empow-her.com\/&#8230;\/challenge-moi-animation-entraide\/<\/a><\/div>\n<\/div>\n","protected":false},"featured_media":120068,"template":"","format":"standard","meta":{"_acf_changed":false,"om_disable_all_campaigns":false,"_uf_show_specific_survey":0,"_uf_disable_surveys":false},"product_brand":[],"product_cat":[119],"product_tag":[],"lieu":[127],"thematiques":[],"class_list":{"0":"post-120067","1":"product","2":"type-product","3":"status-publish","4":"format-standard","5":"has-post-thumbnail","7":"product_cat-evenement-sisther","8":"lieu-hub-empowher","10":"first","11":"instock","12":"virtual","13":"purchasable","14":"product-type-appointment"},"exclude_global_add_ons":[],"addons":[],"acf":[],"yoast_head":"<!-- This site is optimized with the Yoast SEO plugin v24.8 - https:\/\/yoast.com\/wordpress\/plugins\/seo\/ -->\n<title>Challenge-moi - Atelier d&#039;entraide entre entrepreneuses -<\/title>\n<meta name=\"description\" content=\"Le jeudi 23 juin de 19h \u00e0 20h30, participez \u00e0 l&#039;animation des entrepreneuses ! C&#039;est le moment de se challenger ensemble\" \/>\n<meta name=\"robots\" content=\"index, follow, max-snippet:-1, max-image-preview:large, max-video-preview:-1\" \/>\n<link rel=\"canonical\" href=\"https:\/\/empow-her.com\/produit\/challenge-moi-animation-entraide\/\" \/>\n<meta property=\"og:locale\" content=\"en_US\" \/>\n<meta property=\"og:type\" content=\"article\" \/>\n<meta property=\"og:title\" content=\"Challenge-moi - Atelier d&#039;entraide entre entrepreneuses -\" \/>\n<meta property=\"og:description\" content=\"Le jeudi 23 juin de 19h \u00e0 20h30, participez \u00e0 l&#039;animation des entrepreneuses ! C&#039;est le moment de se challenger ensemble\" \/>\n<meta property=\"og:url\" content=\"https:\/\/empow-her.com\/produit\/challenge-moi-animation-entraide\/\" \/>\n<meta property=\"og:site_name\" content=\"Empow&#039;Her\" \/>\n<meta property=\"article:modified_time\" content=\"2022-09-28T09:42:53+00:00\" \/>\n<meta property=\"og:image\" content=\"https:\/\/empow-her.com\/wp-content\/uploads\/2022\/06\/Template-Event-SistHer-site-9-1.png\" \/>\n\t<meta property=\"og:image:width\" content=\"1080\" \/>\n\t<meta property=\"og:image:height\" content=\"1080\" \/>\n\t<meta property=\"og:image:type\" content=\"image\/png\" \/>\n<meta name=\"twitter:card\" content=\"summary_large_image\" \/>\n<meta name=\"twitter:label1\" content=\"Est. reading time\" \/>\n\t<meta name=\"twitter:data1\" content=\"2 minutes\" \/>\n<script type=\"application\/ld+json\" class=\"yoast-schema-graph\">{\"@context\":\"https:\/\/schema.org\",\"@graph\":[{\"@type\":\"WebPage\",\"@id\":\"https:\/\/empow-her.com\/produit\/challenge-moi-animation-entraide\/\",\"url\":\"https:\/\/empow-her.com\/produit\/challenge-moi-animation-entraide\/\",\"name\":\"Challenge-moi - Atelier d'entraide entre entrepreneuses -\",\"isPartOf\":{\"@id\":\"https:\/\/empow-her.com\/#website\"},\"primaryImageOfPage\":{\"@id\":\"https:\/\/empow-her.com\/produit\/challenge-moi-animation-entraide\/#primaryimage\"},\"image\":{\"@id\":\"https:\/\/empow-her.com\/produit\/challenge-moi-animation-entraide\/#primaryimage\"},\"thumbnailUrl\":\"https:\/\/empow-her.com\/wp-content\/uploads\/2022\/06\/Template-Event-SistHer-site-9-1.png\",\"datePublished\":\"2022-06-14T09:48:08+00:00\",\"dateModified\":\"2022-09-28T09:42:53+00:00\",\"description\":\"Le jeudi 23 juin de 19h \u00e0 20h30, participez \u00e0 l'animation des entrepreneuses ! C'est le moment de se challenger ensemble\",\"breadcrumb\":{\"@id\":\"https:\/\/empow-her.com\/produit\/challenge-moi-animation-entraide\/#breadcrumb\"},\"inLanguage\":\"en-US\",\"potentialAction\":[{\"@type\":\"ReadAction\",\"target\":[\"https:\/\/empow-her.com\/produit\/challenge-moi-animation-entraide\/\"]}]},{\"@type\":\"ImageObject\",\"inLanguage\":\"en-US\",\"@id\":\"https:\/\/empow-her.com\/produit\/challenge-moi-animation-entraide\/#primaryimage\",\"url\":\"https:\/\/empow-her.com\/wp-content\/uploads\/2022\/06\/Template-Event-SistHer-site-9-1.png\",\"contentUrl\":\"https:\/\/empow-her.com\/wp-content\/uploads\/2022\/06\/Template-Event-SistHer-site-9-1.png\",\"width\":1080,\"height\":1080},{\"@type\":\"BreadcrumbList\",\"@id\":\"https:\/\/empow-her.com\/produit\/challenge-moi-animation-entraide\/#breadcrumb\",\"itemListElement\":[{\"@type\":\"ListItem\",\"position\":1,\"name\":\"Accueil\",\"item\":\"https:\/\/empow-her.com\/en\/landing-page\/\"},{\"@type\":\"ListItem\",\"position\":2,\"name\":\"LA BOUTIQUE\",\"item\":\"https:\/\/empow-her.com\/boutique\/\"},{\"@type\":\"ListItem\",\"position\":3,\"name\":\"Challenge-moi &#8211; Atelier d&#8217;entraide entre entrepreneuses\"}]},{\"@type\":\"WebSite\",\"@id\":\"https:\/\/empow-her.com\/#website\",\"url\":\"https:\/\/empow-her.com\/\",\"name\":\"Empow&#039;Her\",\"description\":\"Women Development\",\"potentialAction\":[{\"@type\":\"SearchAction\",\"target\":{\"@type\":\"EntryPoint\",\"urlTemplate\":\"https:\/\/empow-her.com\/?s={search_term_string}\"},\"query-input\":{\"@type\":\"PropertyValueSpecification\",\"valueRequired\":true,\"valueName\":\"search_term_string\"}}],\"inLanguage\":\"en-US\"}]}<\/script>\n<!-- \/ Yoast SEO plugin. -->","yoast_head_json":{"title":"Challenge-moi - Atelier d'entraide entre entrepreneuses -","description":"Le jeudi 23 juin de 19h \u00e0 20h30, participez \u00e0 l'animation des entrepreneuses ! C'est le moment de se challenger ensemble","robots":{"index":"index","follow":"follow","max-snippet":"max-snippet:-1","max-image-preview":"max-image-preview:large","max-video-preview":"max-video-preview:-1"},"canonical":"https:\/\/empow-her.com\/produit\/challenge-moi-animation-entraide\/","og_locale":"en_US","og_type":"article","og_title":"Challenge-moi - Atelier d'entraide entre entrepreneuses -","og_description":"Le jeudi 23 juin de 19h \u00e0 20h30, participez \u00e0 l'animation des entrepreneuses ! C'est le moment de se challenger ensemble","og_url":"https:\/\/empow-her.com\/produit\/challenge-moi-animation-entraide\/","og_site_name":"Empow&#039;Her","article_modified_time":"2022-09-28T09:42:53+00:00","og_image":[{"width":1080,"height":1080,"url":"https:\/\/empow-her.com\/wp-content\/uploads\/2022\/06\/Template-Event-SistHer-site-9-1.png","type":"image\/png"}],"twitter_card":"summary_large_image","twitter_misc":{"Est. reading time":"2 minutes"},"schema":{"@context":"https:\/\/schema.org","@graph":[{"@type":"WebPage","@id":"https:\/\/empow-her.com\/produit\/challenge-moi-animation-entraide\/","url":"https:\/\/empow-her.com\/produit\/challenge-moi-animation-entraide\/","name":"Challenge-moi - Atelier d'entraide entre entrepreneuses -","isPartOf":{"@id":"https:\/\/empow-her.com\/#website"},"primaryImageOfPage":{"@id":"https:\/\/empow-her.com\/produit\/challenge-moi-animation-entraide\/#primaryimage"},"image":{"@id":"https:\/\/empow-her.com\/produit\/challenge-moi-animation-entraide\/#primaryimage"},"thumbnailUrl":"https:\/\/empow-her.com\/wp-content\/uploads\/2022\/06\/Template-Event-SistHer-site-9-1.png","datePublished":"2022-06-14T09:48:08+00:00","dateModified":"2022-09-28T09:42:53+00:00","description":"Le jeudi 23 juin de 19h \u00e0 20h30, participez \u00e0 l'animation des entrepreneuses ! C'est le moment de se challenger ensemble","breadcrumb":{"@id":"https:\/\/empow-her.com\/produit\/challenge-moi-animation-entraide\/#breadcrumb"},"inLanguage":"en-US","potentialAction":[{"@type":"ReadAction","target":["https:\/\/empow-her.com\/produit\/challenge-moi-animation-entraide\/"]}]},{"@type":"ImageObject","inLanguage":"en-US","@id":"https:\/\/empow-her.com\/produit\/challenge-moi-animation-entraide\/#primaryimage","url":"https:\/\/empow-her.com\/wp-content\/uploads\/2022\/06\/Template-Event-SistHer-site-9-1.png","contentUrl":"https:\/\/empow-her.com\/wp-content\/uploads\/2022\/06\/Template-Event-SistHer-site-9-1.png","width":1080,"height":1080},{"@type":"BreadcrumbList","@id":"https:\/\/empow-her.com\/produit\/challenge-moi-animation-entraide\/#breadcrumb","itemListElement":[{"@type":"ListItem","position":1,"name":"Accueil","item":"https:\/\/empow-her.com\/en\/landing-page\/"},{"@type":"ListItem","position":2,"name":"LA BOUTIQUE","item":"https:\/\/empow-her.com\/boutique\/"},{"@type":"ListItem","position":3,"name":"Challenge-moi &#8211; Atelier d&#8217;entraide entre entrepreneuses"}]},{"@type":"WebSite","@id":"https:\/\/empow-her.com\/#website","url":"https:\/\/empow-her.com\/","name":"Empow&#039;Her","description":"Women Development","potentialAction":[{"@type":"SearchAction","target":{"@type":"EntryPoint","urlTemplate":"https:\/\/empow-her.com\/?s={search_term_string}"},"query-input":{"@type":"PropertyValueSpecification","valueRequired":true,"valueName":"search_term_string"}}],"inLanguage":"en-US"}]}},"_links":{"self":[{"href":"https:\/\/empow-her.com\/en\/wp-json\/wp\/v2\/product\/120067","targetHints":{"allow":["GET"]}}],"collection":[{"href":"https:\/\/empow-her.com\/en\/wp-json\/wp\/v2\/product"}],"about":[{"href":"https:\/\/empow-her.com\/en\/wp-json\/wp\/v2\/types\/product"}],"wp:featuredmedia":[{"embeddable":true,"href":"https:\/\/empow-her.com\/en\/wp-json\/wp\/v2\/media\/120068"}],"wp:attachment":[{"href":"https:\/\/empow-her.com\/en\/wp-json\/wp\/v2\/media?parent=120067"}],"wp:term":[{"taxonomy":"product_brand","embeddable":true,"href":"https:\/\/empow-her.com\/en\/wp-json\/wp\/v2\/product_brand?post=120067"},{"taxonomy":"product_cat","embeddable":true,"href":"https:\/\/empow-her.com\/en\/wp-json\/wp\/v2\/product_cat?post=120067"},{"taxonomy":"product_tag","embeddable":true,"href":"https:\/\/empow-her.com\/en\/wp-json\/wp\/v2\/product_tag?post=120067"},{"taxonomy":"lieu","embeddable":true,"href":"https:\/\/empow-her.com\/en\/wp-json\/wp\/v2\/lieu?post=120067"},{"taxonomy":"thematiques","embeddable":true,"href":"https:\/\/empow-her.com\/en\/wp-json\/wp\/v2\/thematiques?post=120067"}],"curies":[{"name":"wp","href":"https:\/\/api.w.org\/{rel}","templated":true}]}}