{"id":119922,"date":"2022-06-09T12:12:01","date_gmt":"2022-06-09T10:12:01","guid":{"rendered":"https:\/\/empow-her.com\/?post_type=product&#038;p=119922"},"modified":"2022-09-28T11:42:58","modified_gmt":"2022-09-28T09:42:58","slug":"pop-up-entrepreneuses-ventes-ateliers","status":"publish","type":"product","link":"https:\/\/empow-her.com\/en\/produit\/pop-up-entrepreneuses-ventes-ateliers\/","title":{"rendered":"Le Pop-Up des entrepreneuses"},"content":{"rendered":"<p>Le mercredi 1er juin de 18h30 \u00e0 20h30, Sist&#8217;Her met \u00e0 l&#8217;honneur des po\u00e9tesses engag\u00e9es et f\u00e9ministes !<\/p>\n<ul>\n<li>Kyiemis \u00a0&#8220;<i>A nos humanit\u00e9s r\u00e9volt\u00e9es&#8221; <\/i>qui met en avant diff\u00e9rents v\u00e9cus et des souvenirs \u00e0 travers des\u00a0vers, des voix sororales et d\u00e9coloniales. Sa po\u00e9sie vibrante t\u00e9moigne de son engagement et de ses luttes.<\/li>\n<li>Nawel Ben Kra\u00efem &#8220;J&#8217;abrite un secret&#8221;, un recueil de po\u00e8mes qui raconte l&#8217;itin\u00e9raire intime d&#8217;une jeune auteure d&#8217;origine tunisienne. Les fragilit\u00e9s et la r\u00e9bellion adolescente c\u00e8dent la place \u00e0 la femme libre qui prend la mesure de son m\u00e9tissage et des fractures du monde.<\/li>\n<li>Manon Alla, po\u00e9tesse plasticienne et performeuse qui pr\u00e9sentera sa revue de po\u00e9sie postale &#8220;La reprise de l&#8217;amour&#8221;<\/li>\n<\/ul>\n<p>C&#8217;est l&#8217;occasion de voyager \u00e0 travers leurs r\u00e9cits, de discuter du processus d&#8217;\u00e9criture, de leur demander des conseils si vous souhaitez devenir autrice et de voir comment s&#8217;engager \u00e0 travers l&#8217;\u00e9criture.<\/p>\n<div class=\"cxmmr5t8 oygrvhab hcukyx3x c1et5uql o9v6fnle\">Vous pourrez \u00e9galement acheter leurs livres et vous les faire d\u00e9dicacer.<\/div>\n<div><\/div>\n<div class=\"cxmmr5t8 oygrvhab hcukyx3x c1et5uql o9v6fnle\">&#x26a1;&#xfe0f;&#x26a1;&#xfe0f;&#x26a1;&#xfe0f;<\/div>\n<div><\/div>\n<div class=\"cxmmr5t8 oygrvhab hcukyx3x c1et5uql o9v6fnle\"><span class=\"pq6dq46d tbxw36s4 knj5qynh kvgmc6g5 ditlmg2l oygrvhab nvdbi5me sf5mxxl7 gl3lb2sf hhz5lgdu\"><img decoding=\"async\" src=\"https:\/\/static.xx.fbcdn.net\/images\/emoji.php\/v9\/te1\/2\/16\/1f50e.png\" alt=\"&#x1f50e;\" width=\"16\" height=\"16\" \/><\/span> MerciBOOKoup : l\u2019association vise \u00e0 favoriser l\u2019\u00e9gal acc\u00e8s \u00e0 la lecture pour tou.te.s et l\u2019\u00e9conomie circulaire, tout en cr\u00e9ant du lien social. N\u2019h\u00e9sitez pas \u00e0 les suivre sur les r\u00e9seaux sociaux : <a class=\"oajrlxb2 g5ia77u1 qu0x051f esr5mh6w e9989ue4 r7d6kgcz rq0escxv nhd2j8a9 nc684nl6 p7hjln8o kvgmc6g5 cxmmr5t8 oygrvhab hcukyx3x jb3vyjys rz4wbd8a qt6c0cv9 a8nywdso i1ao9s8h esuyzwwr f1sip0of lzcic4wl gpro0wi8 oo9gr5id lrazzd5p\" tabindex=\"0\" role=\"link\" href=\"https:\/\/www.facebook.com\/MerciBOOKoup.NL\/?__cft__[0]=AZVwnfQngKTafGFGxk1f9hLeU5pKvykCfr7aOCPtxYLQ6ghZR9GLN0SDeWVvELnR8yqbae_V4r3FpPanfOc-AWj79iYjQW439a2cCnRyrmlrMEgTAroSV4BPOSePaehjXJacUbnUw0PnBlAGXcJVFk-z&amp;__tn__=q\"><span class=\"nc684nl6\">https:\/\/www.facebook.com\/MerciBOOKoup.NL<\/span><\/a><\/div>\n<div class=\"cxmmr5t8 oygrvhab hcukyx3x c1et5uql o9v6fnle\">Ps : tu peux emprunter des livres gratuitement dans la biblioth\u00e8que f\u00e9ministe (n\u2019oublie pas d\u2019apporter un ch\u00e8que de caution de 30\u20ac).<\/div>\n<p>&#x1f50e; Dur\u00e9e de la soir\u00e9e: 2h<\/p>\n<p>&#x26a1;&#xfe0f;&#x26a1;&#xfe0f;&#x26a1;&#xfe0f;<\/p>\n<p>Infos pratiques<\/p>\n<p>&#x1f4cd; Sist\u2019her Paris, 82 rue du Faubourg St Martin<br \/>\n&#x1f516; R\u00e9servation gratuite obligatoire :<\/p>\n<p>Ouvert en mars 2021, Sist\u2019Her est le premier tiers-lieu d\u00e9di\u00e9 aux entrepreneuses et \u00e0 impact en \u00cele-de-France. Port\u00e9 par l\u2019association Empow\u2019Her, c\u2019est un lieu de vie bienveillant et joyeux, ouvert \u00e0 tou\u00b7te\u00b7s o\u00f9 il est possible de se former, s&#8217;inspirer, s&#8217;engager et se rencontrer.<\/p>\n<p>Ce projet est co-financ\u00e9 par le Fonds Social Europ\u00e9en.<br \/>\nA tr\u00e8s vite !&#x1f64c;<\/p>\n","protected":false},"excerpt":{"rendered":"<p>&#x1f680; Le samedi 9 juillet de 14h \u00e0 19h, participez au pop-up des entrepreneuses chez Sist&#8217;Her Paris. C&#8217;est une journ\u00e9e sp\u00e9ciale pour c\u00e9l\u00e9brer les entrepreneuses que Empow&#8217;Her a accompagn\u00e9 en 2022. &#x1f680;<\/p>\n<p>\u00c0 cette occasion, vous pourrez soutenir leurs projets et d\u00e9couvrir leurs stands (sculptures, affiches, bijoux faits main, carnets en papier recycl\u00e9, cosm\u00e9tiques z\u00e9ro d\u00e9chet, tissus et bijoux en wax, tisanes et autres produits artisanaux..) et leurs ateliers participatifs (art mural, atelier de dessin, initiation au slam, lombricompostage, sensibilisation pour les cyclistes, d\u00e9gustation de produits locaux&#8230;). &#x1f31f;<\/p>\n<p>Pour une journ\u00e9e riche en d\u00e9couverte et en immersion avec des entrepreneuses qui pourront vous parler de leurs parcours et vous inspirer ! &#x26a1;&#xfe0f;<\/p>\n<p>Retrouvez :<br \/>\n&#8211; Meanwhile Boutique, une plateforme qui r\u00e9unit des marques engag\u00e9es et artisans-cr\u00e9ateurs \u00e9co-responsables pour offrir des alternatives durables, \u00e9thiques et \u00e9cologiques : vente d&#8217;accessoires, de bijoux faits main, carnets en papier recycl\u00e9, cosm\u00e9tiques z\u00e9ro d\u00e9chet&#8230;&#x1f486;&#x200d;&#x2640;&#xfe0f;<\/p>\n<p>&#8211; Nomed, des accessoires de mode \u00e9co-responsables pour toutes et tous et m\u00eame pour les enfants ! &#x1f331;<\/p>\n<p>&#8211; Solil&#8217;art : oeuvres d&#8217;art r\u00e9cup et solidaires, pour chacune des ventes, 50% reviennent \u00e0 Utopia 56. &#x1f3a8;<\/p>\n<p>&#8211; Aka Loon (Mathilde Gueguan): vente de dessins, de carnets, de petits tableaux, de bombes d\u00e9cor\u00e9es, de petites sculptures et proposera des ateliers cr\u00e9atifs ! &#x2728;<\/p>\n<p>&#8211; Bam Badam : Cr\u00e9ation d&#8217;un livre personnalis\u00e9 inclusif qui raconte l&#8217;histoire de la naissance de chaque enfant.&#x1f4da;<\/p>\n<p>&#8211; Hakmi, engag\u00e9e dans le bien \u00eatre f\u00e9minin : vente de th\u00e9, tisane, eau florale&#8230; &#x1f9c9;<\/p>\n<p>&#8211; Joie du compost, design d&#8217;int\u00e9rieur, vente de lombricompost et ateliers de compostage &#x1fab1;<\/p>\n<p>Wellness Heritage, vente de tisane et super aliments en poudre (anti-stress, anti ballonement&#8230;) &#x1f9d6;&#x200d;&#x2640;&#xfe0f;<\/p>\n<p>&#8211; Les livres qui s\u00e8ment, Librairie jeunesse engag\u00e9e pour la diversit\u00e9, l&#8217;\u00e9galit\u00e9 et l&#8217;\u00e9cologie, vend une s\u00e9lection de livres jeunesses avec une plus large repr\u00e9sentation des personnes et des familles, sans st\u00e9r\u00e9otypes et qui sensibilise \u00e0 l&#8217;\u00e9cologie. &#x1f4da;<\/p>\n<p>&#8211; MAKRI\u00c1 permet aux femmes issues de l&#8217;immigration de s&#8217;\u00e9manciper en se r\u00e9unissant autour de l&#8217;artisanat, vente de cr\u00e9ations en wax, de bandeaux, de broderies faits main. &#x1faa1;<\/p>\n<p>&#8211; Cocyclette propose des animations ludiques sous forme de balades urbaines et de jeux de pistes \u00e0 v\u00e9lo, stand de sensibilisation avec des supports p\u00e9dagogiques et ludiques. &#x1f6b4;&#x200d;&#x2640;&#xfe0f;<\/p>\n<p>&#8211; ALKE est la marque de v\u00eatements made in Europe pour les Femmes qui aiment la Mode, militant pour le droit de jouer pour toutes, vente de tenues de sport. &#x26bd;&#xfe0f;<\/p>\n<p>&#8211; Carlis est une marque de v\u00eatements faits avec des fins de stock de tissus Haute Couture, vente d&#8217;habits et r\u00e9flexions sur la mode \u00e9thique. &#x1f483;<\/p>\n<p>Il y aura des ateliers sur les stands tout au long de la journ\u00e9e, stay tuned, plus d\u2019infos sont \u00e0 venir! &#x1f973;<\/p>\n<p>Infos pratiques<br \/>\n&#x1f4c5; L&#8217;\u00e9v\u00e9nement se d\u00e9roulera le samedi 9 juillet de 14h \u00e0 19h.<br \/>\n&#x1f516; R\u00e9servation gratuite obligatoire :<br \/>\n&#x1f4cd; Sist&#8217;He : 82 rue du Faubourg Saint-Martin 75010 Paris<\/p>\n","protected":false},"featured_media":119997,"template":"","format":"standard","meta":{"_acf_changed":false,"om_disable_all_campaigns":false,"_uf_show_specific_survey":0,"_uf_disable_surveys":false},"product_brand":[],"product_cat":[119],"product_tag":[],"lieu":[127],"thematiques":[],"class_list":{"0":"post-119922","1":"product","2":"type-product","3":"status-publish","4":"format-standard","5":"has-post-thumbnail","7":"product_cat-evenement-sisther","8":"lieu-hub-empowher","10":"first","11":"instock","12":"virtual","13":"purchasable","14":"product-type-appointment"},"exclude_global_add_ons":[],"addons":[],"acf":[],"yoast_head":"<!-- This site is optimized with the Yoast SEO plugin v24.8 - https:\/\/yoast.com\/wordpress\/plugins\/seo\/ -->\n<title>Le Pop-Up des entrepreneuses -<\/title>\n<meta name=\"description\" content=\"Le samedi 9 juillet de 14h \u00e0 19h, viens au Pop-Up des entrepreneuses chez Sist&#039;Her Paris ! Au programme : ateliers, ventes, expositions.\" \/>\n<meta name=\"robots\" content=\"index, follow, max-snippet:-1, max-image-preview:large, max-video-preview:-1\" \/>\n<link rel=\"canonical\" href=\"https:\/\/empow-her.com\/produit\/pop-up-entrepreneuses-ventes-ateliers\/\" \/>\n<meta property=\"og:locale\" content=\"en_US\" \/>\n<meta property=\"og:type\" content=\"article\" \/>\n<meta property=\"og:title\" content=\"Le Pop-Up des entrepreneuses -\" \/>\n<meta property=\"og:description\" content=\"Le samedi 9 juillet de 14h \u00e0 19h, viens au Pop-Up des entrepreneuses chez Sist&#039;Her Paris ! Au programme : ateliers, ventes, expositions.\" \/>\n<meta property=\"og:url\" content=\"https:\/\/empow-her.com\/produit\/pop-up-entrepreneuses-ventes-ateliers\/\" \/>\n<meta property=\"og:site_name\" content=\"Empow&#039;Her\" \/>\n<meta property=\"article:modified_time\" content=\"2022-09-28T09:42:58+00:00\" \/>\n<meta property=\"og:image\" content=\"https:\/\/empow-her.com\/wp-content\/uploads\/2022\/06\/Template-Event-SistHer-site-9.png\" \/>\n\t<meta property=\"og:image:width\" content=\"1080\" \/>\n\t<meta property=\"og:image:height\" content=\"1080\" \/>\n\t<meta property=\"og:image:type\" content=\"image\/png\" \/>\n<meta name=\"twitter:card\" content=\"summary_large_image\" \/>\n<meta name=\"twitter:label1\" content=\"Est. reading time\" \/>\n\t<meta name=\"twitter:data1\" content=\"2 minutes\" \/>\n<script type=\"application\/ld+json\" class=\"yoast-schema-graph\">{\"@context\":\"https:\/\/schema.org\",\"@graph\":[{\"@type\":\"WebPage\",\"@id\":\"https:\/\/empow-her.com\/produit\/pop-up-entrepreneuses-ventes-ateliers\/\",\"url\":\"https:\/\/empow-her.com\/produit\/pop-up-entrepreneuses-ventes-ateliers\/\",\"name\":\"Le Pop-Up des entrepreneuses -\",\"isPartOf\":{\"@id\":\"https:\/\/empow-her.com\/#website\"},\"primaryImageOfPage\":{\"@id\":\"https:\/\/empow-her.com\/produit\/pop-up-entrepreneuses-ventes-ateliers\/#primaryimage\"},\"image\":{\"@id\":\"https:\/\/empow-her.com\/produit\/pop-up-entrepreneuses-ventes-ateliers\/#primaryimage\"},\"thumbnailUrl\":\"https:\/\/empow-her.com\/wp-content\/uploads\/2022\/06\/Template-Event-SistHer-site-9.png\",\"datePublished\":\"2022-06-09T10:12:01+00:00\",\"dateModified\":\"2022-09-28T09:42:58+00:00\",\"description\":\"Le samedi 9 juillet de 14h \u00e0 19h, viens au Pop-Up des entrepreneuses chez Sist'Her Paris ! Au programme : ateliers, ventes, expositions.\",\"breadcrumb\":{\"@id\":\"https:\/\/empow-her.com\/produit\/pop-up-entrepreneuses-ventes-ateliers\/#breadcrumb\"},\"inLanguage\":\"en-US\",\"potentialAction\":[{\"@type\":\"ReadAction\",\"target\":[\"https:\/\/empow-her.com\/produit\/pop-up-entrepreneuses-ventes-ateliers\/\"]}]},{\"@type\":\"ImageObject\",\"inLanguage\":\"en-US\",\"@id\":\"https:\/\/empow-her.com\/produit\/pop-up-entrepreneuses-ventes-ateliers\/#primaryimage\",\"url\":\"https:\/\/empow-her.com\/wp-content\/uploads\/2022\/06\/Template-Event-SistHer-site-9.png\",\"contentUrl\":\"https:\/\/empow-her.com\/wp-content\/uploads\/2022\/06\/Template-Event-SistHer-site-9.png\",\"width\":1080,\"height\":1080},{\"@type\":\"BreadcrumbList\",\"@id\":\"https:\/\/empow-her.com\/produit\/pop-up-entrepreneuses-ventes-ateliers\/#breadcrumb\",\"itemListElement\":[{\"@type\":\"ListItem\",\"position\":1,\"name\":\"Accueil\",\"item\":\"https:\/\/empow-her.com\/en\/landing-page\/\"},{\"@type\":\"ListItem\",\"position\":2,\"name\":\"LA BOUTIQUE\",\"item\":\"https:\/\/empow-her.com\/boutique\/\"},{\"@type\":\"ListItem\",\"position\":3,\"name\":\"Le Pop-Up des entrepreneuses\"}]},{\"@type\":\"WebSite\",\"@id\":\"https:\/\/empow-her.com\/#website\",\"url\":\"https:\/\/empow-her.com\/\",\"name\":\"Empow&#039;Her\",\"description\":\"Women Development\",\"potentialAction\":[{\"@type\":\"SearchAction\",\"target\":{\"@type\":\"EntryPoint\",\"urlTemplate\":\"https:\/\/empow-her.com\/?s={search_term_string}\"},\"query-input\":{\"@type\":\"PropertyValueSpecification\",\"valueRequired\":true,\"valueName\":\"search_term_string\"}}],\"inLanguage\":\"en-US\"}]}<\/script>\n<!-- \/ Yoast SEO plugin. -->","yoast_head_json":{"title":"Le Pop-Up des entrepreneuses -","description":"Le samedi 9 juillet de 14h \u00e0 19h, viens au Pop-Up des entrepreneuses chez Sist'Her Paris ! Au programme : ateliers, ventes, expositions.","robots":{"index":"index","follow":"follow","max-snippet":"max-snippet:-1","max-image-preview":"max-image-preview:large","max-video-preview":"max-video-preview:-1"},"canonical":"https:\/\/empow-her.com\/produit\/pop-up-entrepreneuses-ventes-ateliers\/","og_locale":"en_US","og_type":"article","og_title":"Le Pop-Up des entrepreneuses -","og_description":"Le samedi 9 juillet de 14h \u00e0 19h, viens au Pop-Up des entrepreneuses chez Sist'Her Paris ! Au programme : ateliers, ventes, expositions.","og_url":"https:\/\/empow-her.com\/produit\/pop-up-entrepreneuses-ventes-ateliers\/","og_site_name":"Empow&#039;Her","article_modified_time":"2022-09-28T09:42:58+00:00","og_image":[{"width":1080,"height":1080,"url":"https:\/\/empow-her.com\/wp-content\/uploads\/2022\/06\/Template-Event-SistHer-site-9.png","type":"image\/png"}],"twitter_card":"summary_large_image","twitter_misc":{"Est. reading time":"2 minutes"},"schema":{"@context":"https:\/\/schema.org","@graph":[{"@type":"WebPage","@id":"https:\/\/empow-her.com\/produit\/pop-up-entrepreneuses-ventes-ateliers\/","url":"https:\/\/empow-her.com\/produit\/pop-up-entrepreneuses-ventes-ateliers\/","name":"Le Pop-Up des entrepreneuses -","isPartOf":{"@id":"https:\/\/empow-her.com\/#website"},"primaryImageOfPage":{"@id":"https:\/\/empow-her.com\/produit\/pop-up-entrepreneuses-ventes-ateliers\/#primaryimage"},"image":{"@id":"https:\/\/empow-her.com\/produit\/pop-up-entrepreneuses-ventes-ateliers\/#primaryimage"},"thumbnailUrl":"https:\/\/empow-her.com\/wp-content\/uploads\/2022\/06\/Template-Event-SistHer-site-9.png","datePublished":"2022-06-09T10:12:01+00:00","dateModified":"2022-09-28T09:42:58+00:00","description":"Le samedi 9 juillet de 14h \u00e0 19h, viens au Pop-Up des entrepreneuses chez Sist'Her Paris ! Au programme : ateliers, ventes, expositions.","breadcrumb":{"@id":"https:\/\/empow-her.com\/produit\/pop-up-entrepreneuses-ventes-ateliers\/#breadcrumb"},"inLanguage":"en-US","potentialAction":[{"@type":"ReadAction","target":["https:\/\/empow-her.com\/produit\/pop-up-entrepreneuses-ventes-ateliers\/"]}]},{"@type":"ImageObject","inLanguage":"en-US","@id":"https:\/\/empow-her.com\/produit\/pop-up-entrepreneuses-ventes-ateliers\/#primaryimage","url":"https:\/\/empow-her.com\/wp-content\/uploads\/2022\/06\/Template-Event-SistHer-site-9.png","contentUrl":"https:\/\/empow-her.com\/wp-content\/uploads\/2022\/06\/Template-Event-SistHer-site-9.png","width":1080,"height":1080},{"@type":"BreadcrumbList","@id":"https:\/\/empow-her.com\/produit\/pop-up-entrepreneuses-ventes-ateliers\/#breadcrumb","itemListElement":[{"@type":"ListItem","position":1,"name":"Accueil","item":"https:\/\/empow-her.com\/en\/landing-page\/"},{"@type":"ListItem","position":2,"name":"LA BOUTIQUE","item":"https:\/\/empow-her.com\/boutique\/"},{"@type":"ListItem","position":3,"name":"Le Pop-Up des entrepreneuses"}]},{"@type":"WebSite","@id":"https:\/\/empow-her.com\/#website","url":"https:\/\/empow-her.com\/","name":"Empow&#039;Her","description":"Women Development","potentialAction":[{"@type":"SearchAction","target":{"@type":"EntryPoint","urlTemplate":"https:\/\/empow-her.com\/?s={search_term_string}"},"query-input":{"@type":"PropertyValueSpecification","valueRequired":true,"valueName":"search_term_string"}}],"inLanguage":"en-US"}]}},"_links":{"self":[{"href":"https:\/\/empow-her.com\/en\/wp-json\/wp\/v2\/product\/119922","targetHints":{"allow":["GET"]}}],"collection":[{"href":"https:\/\/empow-her.com\/en\/wp-json\/wp\/v2\/product"}],"about":[{"href":"https:\/\/empow-her.com\/en\/wp-json\/wp\/v2\/types\/product"}],"wp:featuredmedia":[{"embeddable":true,"href":"https:\/\/empow-her.com\/en\/wp-json\/wp\/v2\/media\/119997"}],"wp:attachment":[{"href":"https:\/\/empow-her.com\/en\/wp-json\/wp\/v2\/media?parent=119922"}],"wp:term":[{"taxonomy":"product_brand","embeddable":true,"href":"https:\/\/empow-her.com\/en\/wp-json\/wp\/v2\/product_brand?post=119922"},{"taxonomy":"product_cat","embeddable":true,"href":"https:\/\/empow-her.com\/en\/wp-json\/wp\/v2\/product_cat?post=119922"},{"taxonomy":"product_tag","embeddable":true,"href":"https:\/\/empow-her.com\/en\/wp-json\/wp\/v2\/product_tag?post=119922"},{"taxonomy":"lieu","embeddable":true,"href":"https:\/\/empow-her.com\/en\/wp-json\/wp\/v2\/lieu?post=119922"},{"taxonomy":"thematiques","embeddable":true,"href":"https:\/\/empow-her.com\/en\/wp-json\/wp\/v2\/thematiques?post=119922"}],"curies":[{"name":"wp","href":"https:\/\/api.w.org\/{rel}","templated":true}]}}