{"id":119158,"date":"2022-05-12T16:25:25","date_gmt":"2022-05-12T14:25:25","guid":{"rendered":"https:\/\/empow-her.com\/?post_type=product&#038;p=119158"},"modified":"2022-09-28T11:44:17","modified_gmt":"2022-09-28T09:44:17","slug":"happy-her-rencontrer-son-associee","status":"publish","type":"product","link":"https:\/\/empow-her.com\/en\/produit\/happy-her-rencontrer-son-associee\/","title":{"rendered":"Happy Her &#8211; Recontrer son associ\u00e9.e"},"content":{"rendered":"<p>&#x2728; Vous cherchez un.e associ\u00e9.e pour d\u00e9velopper ou cr\u00e9er votre entreprise? Vous voulez rejoindre un projet entrepreneurial pour mettre \u00e0 profit vos comp\u00e9tences ? &#x2728;<\/p>\n<p>Que vous soyez entrepreneuse ou \u00e0 la recherche d\u2019un projet, venez chez Sist\u2019Her Paris le mardi 28 juin de 19h \u00e0 21h pour de futures belles rencontres.<\/p>\n<p>La communaut\u00e9 Empow&#8217;Her s&#8217;agrandit et nous voulons vous faire profiter de cette occasion pour que vous puissiez vous connecter les unes aux autres et faire avancer vos projets.<\/p>\n<p>&#x1f31f; Entrepreneuse ! Vous portez un projet d\u2019entrepreneuriat \u00e0 impact, et vous cherchez quelqu\u2019un pour vous rejoindre dans cette aventure ?<\/p>\n<p>\u00c0 l\u2019occasion, nous accueillons Hugo et Paco, tous deux avocats au Barreau de Paris qui nous expliqueront les \u00e9tapes juridiques \u00e0 suivre pour\u00a0 s\u2019associer !\u00a0Vous aussi vous vous demandez quels sont les m\u00e9canismes juridiques pour int\u00e9grer un co-associ\u00e9 au capital : cessions, options, \u00e9mission d\u2019actions ? Quel est le statut \u00e0 d\u00e9finir pour un associ\u00e9 op\u00e9rationnel :\u00a0 dirigeant, salari\u00e9, prestataire de services ? Ou encore comment s\u2019associer sans mettre en p\u00e9ril le projet en cas de conflit ?D\u00e9couvrez les cl\u00e9s juridiques pour s\u00e9curiser votre association avec une tierce-personne!<\/p>\n<p>&#x26a1;&#xfe0f;&#x26a1;&#xfe0f;&#x26a1;&#xfe0f;<\/p>\n<p>D\u00e9roul\u00e9 de l\u2019\u00e9v\u00e9nement:<br \/>\n19h00-19h30: Pitch des projets<br \/>\n19H30-20h30: Speed-meeting entre les porteur.ses de comp\u00e9tences et les porteuses de projets<br \/>\n20h30-21h00: Networking libre<\/p>\n<p>Des cocktails glac\u00e9s PopTails sont pr\u00eats \u00e0 \u00eatre d\u00e9gust\u00e9s \u00e0 la fin de l\u2019\u00e9v\u00e9nement&#x1f379;<\/p>\n<p>&#x26a1;&#xfe0f;&#x26a1;&#xfe0f;&#x26a1;&#xfe0f;<\/p>\n<p>Les Happy\u2019Her c&#8217;est quoi ? Un temps de networking pour les entrepreneuses de la communaut\u00e9 &#x1f389;&#x2728;&#x2600;&#xfe0f;<\/p>\n<p>Ouvert en mars 2021, Sist\u2019Her est le premier tiers-lieu d\u00e9di\u00e9 aux entrepreneuses et \u00e0 l\u2019impact en Ile-de-France. Port\u00e9 par l\u2019association Empow\u2019Her, c\u2019est un lieu de vie bienveillant et joyeux, ouvert \u00e0 tou\u00b7te\u00b7s o\u00f9 il est possible de se former, s\u2019inspirer, s\u2019engager et se rencontrer.<\/p>\n<p>Ce projet est co-financ\u00e9 par le Fonds Social Europ\u00e9en.<\/p>\n<p>A tr\u00e8s vite !<\/p>\n","protected":false},"excerpt":{"rendered":"<div class=\"kvgmc6g5 cxmmr5t8 oygrvhab hcukyx3x c1et5uql\">\n<p>&#x2728; Vous cherchez un.e associ\u00e9.e pour d\u00e9velopper ou cr\u00e9er votre entreprise? Vous voulez rejoindre un projet entrepreneurial pour mettre \u00e0 profit vos comp\u00e9tences ? &#x2728;<\/p>\n<p>Que vous soyez entrepreneuse ou \u00e0 la recherche d\u2019un projet, venez chez Sist\u2019Her Paris le mardi 28 juin de 19h \u00e0 21h pour de futures belles rencontres.<\/p>\n<p>La communaut\u00e9 Empow&#8217;Her s&#8217;agrandit et nous voulons vous faire profiter de cette occasion pour que vous puissiez vous connecter les unes aux autres et faire avancer vos projets.<\/p>\n<p>&#x1f31f; Entrepreneuse ! Vous portez un projet d\u2019entrepreneuriat \u00e0 impact, et vous cherchez quelqu\u2019un pour vous rejoindre dans cette aventure ?<\/p>\n<p>\u00c0 l\u2019occasion, nous accueillons Hugo et Paco, tous deux avocats au Barreau de Paris qui nous expliqueront les \u00e9tapes juridiques \u00e0 suivre pour\u00a0 s\u2019associer !\u00a0Vous aussi vous vous demandez quels sont les m\u00e9canismes juridiques pour int\u00e9grer un co-associ\u00e9 au capital : cessions, options, \u00e9mission d\u2019actions ? Quel est le statut \u00e0 d\u00e9finir pour un associ\u00e9 op\u00e9rationnel :\u00a0 dirigeant, salari\u00e9, prestataire de services ? Ou encore comment s\u2019associer sans mettre en p\u00e9ril le projet en cas de conflit ?D\u00e9couvrez les cl\u00e9s juridiques pour s\u00e9curiser votre association avec une tierce-personne!<\/p>\n<p>&#x26a1;&#xfe0f;&#x26a1;&#xfe0f;&#x26a1;&#xfe0f;<\/p>\n<p>D\u00e9roul\u00e9 de l\u2019\u00e9v\u00e9nement:<br \/>\n19h00-19h30: Pitch des projets<br \/>\n19H30-20h30: Speed-meeting entre les porteur.ses de comp\u00e9tences et les porteuses de projets<br \/>\n20h30-21h00: Networking libre<\/p>\n<p>Des cocktails glac\u00e9s PopTails sont pr\u00eats \u00e0 \u00eatre d\u00e9gust\u00e9s \u00e0 la fin de l\u2019\u00e9v\u00e9nement&#x1f379;<\/p>\n<p>&#x26a1;&#xfe0f;&#x26a1;&#xfe0f;&#x26a1;&#xfe0f;<\/p>\n<p>Les Happy\u2019Her c&#8217;est quoi ? Un temps de networking pour les entrepreneuses de la communaut\u00e9 &#x1f389;&#x2728;&#x2600;&#xfe0f;<\/p>\n<p>Ouvert en mars 2021, Sist\u2019Her est le premier tiers-lieu d\u00e9di\u00e9 aux entrepreneuses et \u00e0 l\u2019impact en Ile-de-France. Port\u00e9 par l\u2019association Empow\u2019Her, c\u2019est un lieu de vie bienveillant et joyeux, ouvert \u00e0 tou\u00b7te\u00b7s o\u00f9 il est possible de se former, s\u2019inspirer, s\u2019engager et se rencontrer.<\/p>\n<p>Ce projet est co-financ\u00e9 par le Fonds Social Europ\u00e9en.<\/p>\n<p>A tr\u00e8s vite !<\/p>\n<\/div>\n","protected":false},"featured_media":119161,"template":"","format":"standard","meta":{"_acf_changed":false,"om_disable_all_campaigns":false,"_uf_show_specific_survey":0,"_uf_disable_surveys":false},"product_brand":[],"product_cat":[119],"product_tag":[],"lieu":[127],"thematiques":[],"class_list":{"0":"post-119158","1":"product","2":"type-product","3":"status-publish","4":"format-standard","5":"has-post-thumbnail","7":"product_cat-evenement-sisther","8":"lieu-hub-empowher","10":"first","11":"instock","12":"virtual","13":"purchasable","14":"product-type-appointment"},"exclude_global_add_ons":[],"addons":[],"acf":[],"yoast_head":"<!-- This site is optimized with the Yoast SEO plugin v24.8 - https:\/\/yoast.com\/wordpress\/plugins\/seo\/ -->\n<title>Happy Her - Recontrer son associ\u00e9.e -<\/title>\n<meta name=\"description\" content=\"Le mardi 28 juin de 19h \u00e0 21h, rencontre ton.ta future associ\u00e9.e chez Sist&#039;Her Paris. C&#039;est l&#039;occasion de booster ton projet.\" \/>\n<meta name=\"robots\" content=\"index, follow, max-snippet:-1, max-image-preview:large, max-video-preview:-1\" \/>\n<link rel=\"canonical\" href=\"https:\/\/empow-her.com\/produit\/happy-her-rencontrer-son-associee\/\" \/>\n<meta property=\"og:locale\" content=\"en_US\" \/>\n<meta property=\"og:type\" content=\"article\" \/>\n<meta property=\"og:title\" content=\"Happy Her - Recontrer son associ\u00e9.e -\" \/>\n<meta property=\"og:description\" content=\"Le mardi 28 juin de 19h \u00e0 21h, rencontre ton.ta future associ\u00e9.e chez Sist&#039;Her Paris. C&#039;est l&#039;occasion de booster ton projet.\" \/>\n<meta property=\"og:url\" content=\"https:\/\/empow-her.com\/produit\/happy-her-rencontrer-son-associee\/\" \/>\n<meta property=\"og:site_name\" content=\"Empow&#039;Her\" \/>\n<meta property=\"article:modified_time\" content=\"2022-09-28T09:44:17+00:00\" \/>\n<meta property=\"og:image\" content=\"https:\/\/empow-her.com\/wp-content\/uploads\/2022\/05\/Template-Event-SistHer-site-3.png\" \/>\n\t<meta property=\"og:image:width\" content=\"1080\" \/>\n\t<meta property=\"og:image:height\" content=\"1080\" \/>\n\t<meta property=\"og:image:type\" content=\"image\/png\" \/>\n<meta name=\"twitter:card\" content=\"summary_large_image\" \/>\n<meta name=\"twitter:label1\" content=\"Est. reading time\" \/>\n\t<meta name=\"twitter:data1\" content=\"2 minutes\" \/>\n<script type=\"application\/ld+json\" class=\"yoast-schema-graph\">{\"@context\":\"https:\/\/schema.org\",\"@graph\":[{\"@type\":\"WebPage\",\"@id\":\"https:\/\/empow-her.com\/produit\/happy-her-rencontrer-son-associee\/\",\"url\":\"https:\/\/empow-her.com\/produit\/happy-her-rencontrer-son-associee\/\",\"name\":\"Happy Her - Recontrer son associ\u00e9.e -\",\"isPartOf\":{\"@id\":\"https:\/\/empow-her.com\/#website\"},\"primaryImageOfPage\":{\"@id\":\"https:\/\/empow-her.com\/produit\/happy-her-rencontrer-son-associee\/#primaryimage\"},\"image\":{\"@id\":\"https:\/\/empow-her.com\/produit\/happy-her-rencontrer-son-associee\/#primaryimage\"},\"thumbnailUrl\":\"https:\/\/empow-her.com\/wp-content\/uploads\/2022\/05\/Template-Event-SistHer-site-3.png\",\"datePublished\":\"2022-05-12T14:25:25+00:00\",\"dateModified\":\"2022-09-28T09:44:17+00:00\",\"description\":\"Le mardi 28 juin de 19h \u00e0 21h, rencontre ton.ta future associ\u00e9.e chez Sist'Her Paris. C'est l'occasion de booster ton projet.\",\"breadcrumb\":{\"@id\":\"https:\/\/empow-her.com\/produit\/happy-her-rencontrer-son-associee\/#breadcrumb\"},\"inLanguage\":\"en-US\",\"potentialAction\":[{\"@type\":\"ReadAction\",\"target\":[\"https:\/\/empow-her.com\/produit\/happy-her-rencontrer-son-associee\/\"]}]},{\"@type\":\"ImageObject\",\"inLanguage\":\"en-US\",\"@id\":\"https:\/\/empow-her.com\/produit\/happy-her-rencontrer-son-associee\/#primaryimage\",\"url\":\"https:\/\/empow-her.com\/wp-content\/uploads\/2022\/05\/Template-Event-SistHer-site-3.png\",\"contentUrl\":\"https:\/\/empow-her.com\/wp-content\/uploads\/2022\/05\/Template-Event-SistHer-site-3.png\",\"width\":1080,\"height\":1080},{\"@type\":\"BreadcrumbList\",\"@id\":\"https:\/\/empow-her.com\/produit\/happy-her-rencontrer-son-associee\/#breadcrumb\",\"itemListElement\":[{\"@type\":\"ListItem\",\"position\":1,\"name\":\"Accueil\",\"item\":\"https:\/\/empow-her.com\/en\/landing-page\/\"},{\"@type\":\"ListItem\",\"position\":2,\"name\":\"LA BOUTIQUE\",\"item\":\"https:\/\/empow-her.com\/boutique\/\"},{\"@type\":\"ListItem\",\"position\":3,\"name\":\"Happy Her &#8211; Recontrer son associ\u00e9.e\"}]},{\"@type\":\"WebSite\",\"@id\":\"https:\/\/empow-her.com\/#website\",\"url\":\"https:\/\/empow-her.com\/\",\"name\":\"Empow&#039;Her\",\"description\":\"Women Development\",\"potentialAction\":[{\"@type\":\"SearchAction\",\"target\":{\"@type\":\"EntryPoint\",\"urlTemplate\":\"https:\/\/empow-her.com\/?s={search_term_string}\"},\"query-input\":{\"@type\":\"PropertyValueSpecification\",\"valueRequired\":true,\"valueName\":\"search_term_string\"}}],\"inLanguage\":\"en-US\"}]}<\/script>\n<!-- \/ Yoast SEO plugin. -->","yoast_head_json":{"title":"Happy Her - Recontrer son associ\u00e9.e -","description":"Le mardi 28 juin de 19h \u00e0 21h, rencontre ton.ta future associ\u00e9.e chez Sist'Her Paris. C'est l'occasion de booster ton projet.","robots":{"index":"index","follow":"follow","max-snippet":"max-snippet:-1","max-image-preview":"max-image-preview:large","max-video-preview":"max-video-preview:-1"},"canonical":"https:\/\/empow-her.com\/produit\/happy-her-rencontrer-son-associee\/","og_locale":"en_US","og_type":"article","og_title":"Happy Her - Recontrer son associ\u00e9.e -","og_description":"Le mardi 28 juin de 19h \u00e0 21h, rencontre ton.ta future associ\u00e9.e chez Sist'Her Paris. C'est l'occasion de booster ton projet.","og_url":"https:\/\/empow-her.com\/produit\/happy-her-rencontrer-son-associee\/","og_site_name":"Empow&#039;Her","article_modified_time":"2022-09-28T09:44:17+00:00","og_image":[{"width":1080,"height":1080,"url":"https:\/\/empow-her.com\/wp-content\/uploads\/2022\/05\/Template-Event-SistHer-site-3.png","type":"image\/png"}],"twitter_card":"summary_large_image","twitter_misc":{"Est. reading time":"2 minutes"},"schema":{"@context":"https:\/\/schema.org","@graph":[{"@type":"WebPage","@id":"https:\/\/empow-her.com\/produit\/happy-her-rencontrer-son-associee\/","url":"https:\/\/empow-her.com\/produit\/happy-her-rencontrer-son-associee\/","name":"Happy Her - Recontrer son associ\u00e9.e -","isPartOf":{"@id":"https:\/\/empow-her.com\/#website"},"primaryImageOfPage":{"@id":"https:\/\/empow-her.com\/produit\/happy-her-rencontrer-son-associee\/#primaryimage"},"image":{"@id":"https:\/\/empow-her.com\/produit\/happy-her-rencontrer-son-associee\/#primaryimage"},"thumbnailUrl":"https:\/\/empow-her.com\/wp-content\/uploads\/2022\/05\/Template-Event-SistHer-site-3.png","datePublished":"2022-05-12T14:25:25+00:00","dateModified":"2022-09-28T09:44:17+00:00","description":"Le mardi 28 juin de 19h \u00e0 21h, rencontre ton.ta future associ\u00e9.e chez Sist'Her Paris. C'est l'occasion de booster ton projet.","breadcrumb":{"@id":"https:\/\/empow-her.com\/produit\/happy-her-rencontrer-son-associee\/#breadcrumb"},"inLanguage":"en-US","potentialAction":[{"@type":"ReadAction","target":["https:\/\/empow-her.com\/produit\/happy-her-rencontrer-son-associee\/"]}]},{"@type":"ImageObject","inLanguage":"en-US","@id":"https:\/\/empow-her.com\/produit\/happy-her-rencontrer-son-associee\/#primaryimage","url":"https:\/\/empow-her.com\/wp-content\/uploads\/2022\/05\/Template-Event-SistHer-site-3.png","contentUrl":"https:\/\/empow-her.com\/wp-content\/uploads\/2022\/05\/Template-Event-SistHer-site-3.png","width":1080,"height":1080},{"@type":"BreadcrumbList","@id":"https:\/\/empow-her.com\/produit\/happy-her-rencontrer-son-associee\/#breadcrumb","itemListElement":[{"@type":"ListItem","position":1,"name":"Accueil","item":"https:\/\/empow-her.com\/en\/landing-page\/"},{"@type":"ListItem","position":2,"name":"LA BOUTIQUE","item":"https:\/\/empow-her.com\/boutique\/"},{"@type":"ListItem","position":3,"name":"Happy Her &#8211; Recontrer son associ\u00e9.e"}]},{"@type":"WebSite","@id":"https:\/\/empow-her.com\/#website","url":"https:\/\/empow-her.com\/","name":"Empow&#039;Her","description":"Women Development","potentialAction":[{"@type":"SearchAction","target":{"@type":"EntryPoint","urlTemplate":"https:\/\/empow-her.com\/?s={search_term_string}"},"query-input":{"@type":"PropertyValueSpecification","valueRequired":true,"valueName":"search_term_string"}}],"inLanguage":"en-US"}]}},"_links":{"self":[{"href":"https:\/\/empow-her.com\/en\/wp-json\/wp\/v2\/product\/119158","targetHints":{"allow":["GET"]}}],"collection":[{"href":"https:\/\/empow-her.com\/en\/wp-json\/wp\/v2\/product"}],"about":[{"href":"https:\/\/empow-her.com\/en\/wp-json\/wp\/v2\/types\/product"}],"wp:featuredmedia":[{"embeddable":true,"href":"https:\/\/empow-her.com\/en\/wp-json\/wp\/v2\/media\/119161"}],"wp:attachment":[{"href":"https:\/\/empow-her.com\/en\/wp-json\/wp\/v2\/media?parent=119158"}],"wp:term":[{"taxonomy":"product_brand","embeddable":true,"href":"https:\/\/empow-her.com\/en\/wp-json\/wp\/v2\/product_brand?post=119158"},{"taxonomy":"product_cat","embeddable":true,"href":"https:\/\/empow-her.com\/en\/wp-json\/wp\/v2\/product_cat?post=119158"},{"taxonomy":"product_tag","embeddable":true,"href":"https:\/\/empow-her.com\/en\/wp-json\/wp\/v2\/product_tag?post=119158"},{"taxonomy":"lieu","embeddable":true,"href":"https:\/\/empow-her.com\/en\/wp-json\/wp\/v2\/lieu?post=119158"},{"taxonomy":"thematiques","embeddable":true,"href":"https:\/\/empow-her.com\/en\/wp-json\/wp\/v2\/thematiques?post=119158"}],"curies":[{"name":"wp","href":"https:\/\/api.w.org\/{rel}","templated":true}]}}