{"id":119050,"date":"2022-05-11T10:46:36","date_gmt":"2022-05-11T08:46:36","guid":{"rendered":"https:\/\/empow-her.com\/?post_type=product&#038;p=119050"},"modified":"2022-09-28T11:44:22","modified_gmt":"2022-09-28T09:44:22","slug":"le-cycle-de-co-dev-de-juin-2","status":"publish","type":"product","link":"https:\/\/empow-her.com\/en\/produit\/le-cycle-de-co-dev-de-juin-2\/","title":{"rendered":"Atelier d&#8217;entraide entre futures entrepreneuses !"},"content":{"rendered":"","protected":false},"excerpt":{"rendered":"<p><span class=\"c-emoji c-emoji__medium c-emoji--inline\" data-qa=\"emoji\" data-sk=\"tooltip_parent\"><img decoding=\"async\" src=\"https:\/\/a.slack-edge.com\/production-standard-emoji-assets\/13.0\/google-medium\/1f4a5.png\" alt=\":boum:\" aria-label=\"\u00c9moji boum\" data-stringify-type=\"emoji\" data-stringify-emoji=\":boom:\" \/><\/span> Atelier gratuit d&#8217;entraide entre futures entrepreneuses ! <span class=\"c-emoji c-emoji__medium c-emoji--inline\" data-qa=\"emoji\" data-sk=\"tooltip_parent\"><img decoding=\"async\" src=\"https:\/\/a.slack-edge.com\/production-standard-emoji-assets\/13.0\/google-medium\/1f4a5.png\" alt=\":boum:\" aria-label=\"\u00c9moji boum\" data-stringify-type=\"emoji\" data-stringify-emoji=\":boom:\" \/><\/span><\/p>\n<p><b data-stringify-type=\"bold\">Lundi 20 juin \u00e0 17h<\/b>, nous vous proposons de venir gratuitement chez Sist&#8217;Her Paris pour une session de co-d\u00e9veloppement !\u00a0<b data-stringify-type=\"bold\">K\u00e9sako ?<\/b><br \/>\nLe co-d\u00e9veloppement est une m\u00e9thode innovante qui utilise l\u2019intelligence collective pour trouver des solutions \u00e0 des probl\u00e8mes communs gr\u00e2ce \u00e0 l\u2019\u00e9coute et aux t\u00e9moignages de chacune des participantes.<br \/>\nCet atelier\u00a0<b data-stringify-type=\"bold\">d&#8217;environ 2h<\/b>\u00a0est ouvert \u00e0 toutes les femmes qui entreprennent et aussi aux femmes inscrites au parcours Women Dare ! 15 places sont disponible donc ne loupez pas votre chance de faire de belles rencontres entre entrepreneuses d&#8217;Ile-de-France.<\/p>\n<p>Pour plus d&#8217;information\u00a0<b data-stringify-type=\"bold\">contactez nous \u00e0 l&#8217;adresse<\/b>\u00a0<a class=\"c-link\" href=\"mailto:contact.france@empow-her.com\" target=\"_blank\" rel=\"noopener noreferrer\" data-stringify-link=\"mailto:contact.france@empow-her.com\" data-sk=\"tooltip_parent\" aria-haspopup=\"menu\" aria-expanded=\"false\">contact.france@empow-her.com<\/a><\/p>\n<p>A tr\u00e8s vite chez Sist&#8217;Her Paris !<\/p>\n<p><strong><br \/>\nIntervenant.e.s :<\/strong> <span data-sheets-value=\"{&quot;1&quot;:2,&quot;2&quot;:&quot;Le cycle de co-d\u00e9veloppement est facilit\u00e9 par les \u00e9quipes Empow'Her, gardiennes du temps et de la m\u00e9thodologie pour un cycle de co-d\u00e9v r\u00e9ussi !&quot;}\" data-sheets-userformat=\"{&quot;2&quot;:5053,&quot;3&quot;:{&quot;1&quot;:0},&quot;5&quot;:{&quot;1&quot;:[{&quot;1&quot;:2,&quot;2&quot;:0,&quot;5&quot;:{&quot;1&quot;:2,&quot;2&quot;:0}},{&quot;1&quot;:0,&quot;2&quot;:0,&quot;3&quot;:3},{&quot;1&quot;:1,&quot;2&quot;:0,&quot;4&quot;:1}]},&quot;6&quot;:{&quot;1&quot;:[{&quot;1&quot;:2,&quot;2&quot;:0,&quot;5&quot;:{&quot;1&quot;:2,&quot;2&quot;:0}},{&quot;1&quot;:0,&quot;2&quot;:0,&quot;3&quot;:3},{&quot;1&quot;:1,&quot;2&quot;:0,&quot;4&quot;:1}]},&quot;7&quot;:{&quot;1&quot;:[{&quot;1&quot;:2,&quot;2&quot;:0,&quot;5&quot;:{&quot;1&quot;:2,&quot;2&quot;:0}},{&quot;1&quot;:0,&quot;2&quot;:0,&quot;3&quot;:3},{&quot;1&quot;:1,&quot;2&quot;:0,&quot;4&quot;:1}]},&quot;8&quot;:{&quot;1&quot;:[{&quot;1&quot;:2,&quot;2&quot;:0,&quot;5&quot;:{&quot;1&quot;:2,&quot;2&quot;:0}},{&quot;1&quot;:0,&quot;2&quot;:0,&quot;3&quot;:3},{&quot;1&quot;:1,&quot;2&quot;:0,&quot;4&quot;:1}]},&quot;10&quot;:1,&quot;11&quot;:4,&quot;12&quot;:0,&quot;15&quot;:&quot;Calibri&quot;}\">Empow&#8217;Her<\/span><\/p>\n<p>&nbsp;<\/p>\n","protected":false},"featured_media":120039,"template":"","format":"standard","meta":{"_acf_changed":false,"om_disable_all_campaigns":false,"_uf_show_specific_survey":0,"_uf_disable_surveys":false},"product_brand":[],"product_cat":[119],"product_tag":[],"lieu":[127],"thematiques":[],"class_list":{"0":"post-119050","1":"product","2":"type-product","3":"status-publish","4":"format-standard","5":"has-post-thumbnail","7":"product_cat-evenement-sisther","8":"lieu-hub-empowher","10":"first","11":"instock","12":"virtual","13":"purchasable","14":"product-type-appointment"},"exclude_global_add_ons":[],"addons":[],"acf":[],"yoast_head":"<!-- This site is optimized with the Yoast SEO plugin v24.8 - https:\/\/yoast.com\/wordpress\/plugins\/seo\/ -->\n<title>Atelier d&#039;entraide entre futures entrepreneuses ! - Empow&#039;Her<\/title>\n<meta name=\"robots\" content=\"index, follow, max-snippet:-1, max-image-preview:large, max-video-preview:-1\" \/>\n<link rel=\"canonical\" href=\"https:\/\/empow-her.com\/produit\/le-cycle-de-co-dev-de-juin-2\/\" \/>\n<meta property=\"og:locale\" content=\"en_US\" \/>\n<meta property=\"og:type\" content=\"article\" \/>\n<meta property=\"og:title\" content=\"Atelier d&#039;entraide entre futures entrepreneuses ! - Empow&#039;Her\" \/>\n<meta property=\"og:description\" content=\"Atelier gratuit d&#039;entraide entre futures entrepreneuses !   Lundi 20 juin \u00e0 17h, nous vous proposons de venir gratuitement chez Sist&#039;Her Paris pour une session de co-d\u00e9veloppement !\u00a0K\u00e9sako ? Le co-d\u00e9veloppement est une m\u00e9thode innovante qui utilise l\u2019intelligence collective pour trouver des solutions \u00e0 des probl\u00e8mes communs gr\u00e2ce \u00e0 l\u2019\u00e9coute et aux t\u00e9moignages de chacune des participantes. Cet atelier\u00a0d&#039;environ 2h\u00a0est ouvert \u00e0 toutes les femmes qui entreprennent et aussi aux femmes inscrites au parcours Women Dare ! 15 places sont disponible donc ne loupez pas votre chance de faire de belles rencontres entre entrepreneuses d&#039;Ile-de-France.  Pour plus d&#039;information\u00a0contactez nous \u00e0 l&#039;adresse\u00a0contact.france@empow-her.com  A tr\u00e8s vite chez Sist&#039;Her Paris !   Intervenant.e.s : Empow&#039;Her  &nbsp;\" \/>\n<meta property=\"og:url\" content=\"https:\/\/empow-her.com\/produit\/le-cycle-de-co-dev-de-juin-2\/\" \/>\n<meta property=\"og:site_name\" content=\"Empow&#039;Her\" \/>\n<meta property=\"article:modified_time\" content=\"2022-09-28T09:44:22+00:00\" \/>\n<meta property=\"og:image\" content=\"https:\/\/empow-her.com\/wp-content\/uploads\/2022\/05\/Women-Dare-templates-events-22.png\" \/>\n\t<meta property=\"og:image:width\" content=\"1080\" \/>\n\t<meta property=\"og:image:height\" content=\"1080\" \/>\n\t<meta property=\"og:image:type\" content=\"image\/png\" \/>\n<meta name=\"twitter:card\" content=\"summary_large_image\" \/>\n<script type=\"application\/ld+json\" class=\"yoast-schema-graph\">{\"@context\":\"https:\/\/schema.org\",\"@graph\":[{\"@type\":\"WebPage\",\"@id\":\"https:\/\/empow-her.com\/produit\/le-cycle-de-co-dev-de-juin-2\/\",\"url\":\"https:\/\/empow-her.com\/produit\/le-cycle-de-co-dev-de-juin-2\/\",\"name\":\"Atelier d'entraide entre futures entrepreneuses ! - Empow&#039;Her\",\"isPartOf\":{\"@id\":\"https:\/\/empow-her.com\/#website\"},\"primaryImageOfPage\":{\"@id\":\"https:\/\/empow-her.com\/produit\/le-cycle-de-co-dev-de-juin-2\/#primaryimage\"},\"image\":{\"@id\":\"https:\/\/empow-her.com\/produit\/le-cycle-de-co-dev-de-juin-2\/#primaryimage\"},\"thumbnailUrl\":\"https:\/\/empow-her.com\/wp-content\/uploads\/2022\/05\/Women-Dare-templates-events-22.png\",\"datePublished\":\"2022-05-11T08:46:36+00:00\",\"dateModified\":\"2022-09-28T09:44:22+00:00\",\"breadcrumb\":{\"@id\":\"https:\/\/empow-her.com\/produit\/le-cycle-de-co-dev-de-juin-2\/#breadcrumb\"},\"inLanguage\":\"en-US\",\"potentialAction\":[{\"@type\":\"ReadAction\",\"target\":[\"https:\/\/empow-her.com\/produit\/le-cycle-de-co-dev-de-juin-2\/\"]}]},{\"@type\":\"ImageObject\",\"inLanguage\":\"en-US\",\"@id\":\"https:\/\/empow-her.com\/produit\/le-cycle-de-co-dev-de-juin-2\/#primaryimage\",\"url\":\"https:\/\/empow-her.com\/wp-content\/uploads\/2022\/05\/Women-Dare-templates-events-22.png\",\"contentUrl\":\"https:\/\/empow-her.com\/wp-content\/uploads\/2022\/05\/Women-Dare-templates-events-22.png\",\"width\":1080,\"height\":1080},{\"@type\":\"BreadcrumbList\",\"@id\":\"https:\/\/empow-her.com\/produit\/le-cycle-de-co-dev-de-juin-2\/#breadcrumb\",\"itemListElement\":[{\"@type\":\"ListItem\",\"position\":1,\"name\":\"Accueil\",\"item\":\"https:\/\/empow-her.com\/en\/landing-page\/\"},{\"@type\":\"ListItem\",\"position\":2,\"name\":\"LA BOUTIQUE\",\"item\":\"https:\/\/empow-her.com\/boutique\/\"},{\"@type\":\"ListItem\",\"position\":3,\"name\":\"Atelier d&#8217;entraide entre futures entrepreneuses !\"}]},{\"@type\":\"WebSite\",\"@id\":\"https:\/\/empow-her.com\/#website\",\"url\":\"https:\/\/empow-her.com\/\",\"name\":\"Empow&#039;Her\",\"description\":\"Women Development\",\"potentialAction\":[{\"@type\":\"SearchAction\",\"target\":{\"@type\":\"EntryPoint\",\"urlTemplate\":\"https:\/\/empow-her.com\/?s={search_term_string}\"},\"query-input\":{\"@type\":\"PropertyValueSpecification\",\"valueRequired\":true,\"valueName\":\"search_term_string\"}}],\"inLanguage\":\"en-US\"}]}<\/script>\n<!-- \/ Yoast SEO plugin. -->","yoast_head_json":{"title":"Atelier d'entraide entre futures entrepreneuses ! - Empow&#039;Her","robots":{"index":"index","follow":"follow","max-snippet":"max-snippet:-1","max-image-preview":"max-image-preview:large","max-video-preview":"max-video-preview:-1"},"canonical":"https:\/\/empow-her.com\/produit\/le-cycle-de-co-dev-de-juin-2\/","og_locale":"en_US","og_type":"article","og_title":"Atelier d'entraide entre futures entrepreneuses ! - Empow&#039;Her","og_description":"Atelier gratuit d'entraide entre futures entrepreneuses !   Lundi 20 juin \u00e0 17h, nous vous proposons de venir gratuitement chez Sist'Her Paris pour une session de co-d\u00e9veloppement !\u00a0K\u00e9sako ? Le co-d\u00e9veloppement est une m\u00e9thode innovante qui utilise l\u2019intelligence collective pour trouver des solutions \u00e0 des probl\u00e8mes communs gr\u00e2ce \u00e0 l\u2019\u00e9coute et aux t\u00e9moignages de chacune des participantes. Cet atelier\u00a0d'environ 2h\u00a0est ouvert \u00e0 toutes les femmes qui entreprennent et aussi aux femmes inscrites au parcours Women Dare ! 15 places sont disponible donc ne loupez pas votre chance de faire de belles rencontres entre entrepreneuses d'Ile-de-France.  Pour plus d'information\u00a0contactez nous \u00e0 l'adresse\u00a0contact.france@empow-her.com  A tr\u00e8s vite chez Sist'Her Paris !   Intervenant.e.s : Empow'Her  &nbsp;","og_url":"https:\/\/empow-her.com\/produit\/le-cycle-de-co-dev-de-juin-2\/","og_site_name":"Empow&#039;Her","article_modified_time":"2022-09-28T09:44:22+00:00","og_image":[{"width":1080,"height":1080,"url":"https:\/\/empow-her.com\/wp-content\/uploads\/2022\/05\/Women-Dare-templates-events-22.png","type":"image\/png"}],"twitter_card":"summary_large_image","schema":{"@context":"https:\/\/schema.org","@graph":[{"@type":"WebPage","@id":"https:\/\/empow-her.com\/produit\/le-cycle-de-co-dev-de-juin-2\/","url":"https:\/\/empow-her.com\/produit\/le-cycle-de-co-dev-de-juin-2\/","name":"Atelier d'entraide entre futures entrepreneuses ! - Empow&#039;Her","isPartOf":{"@id":"https:\/\/empow-her.com\/#website"},"primaryImageOfPage":{"@id":"https:\/\/empow-her.com\/produit\/le-cycle-de-co-dev-de-juin-2\/#primaryimage"},"image":{"@id":"https:\/\/empow-her.com\/produit\/le-cycle-de-co-dev-de-juin-2\/#primaryimage"},"thumbnailUrl":"https:\/\/empow-her.com\/wp-content\/uploads\/2022\/05\/Women-Dare-templates-events-22.png","datePublished":"2022-05-11T08:46:36+00:00","dateModified":"2022-09-28T09:44:22+00:00","breadcrumb":{"@id":"https:\/\/empow-her.com\/produit\/le-cycle-de-co-dev-de-juin-2\/#breadcrumb"},"inLanguage":"en-US","potentialAction":[{"@type":"ReadAction","target":["https:\/\/empow-her.com\/produit\/le-cycle-de-co-dev-de-juin-2\/"]}]},{"@type":"ImageObject","inLanguage":"en-US","@id":"https:\/\/empow-her.com\/produit\/le-cycle-de-co-dev-de-juin-2\/#primaryimage","url":"https:\/\/empow-her.com\/wp-content\/uploads\/2022\/05\/Women-Dare-templates-events-22.png","contentUrl":"https:\/\/empow-her.com\/wp-content\/uploads\/2022\/05\/Women-Dare-templates-events-22.png","width":1080,"height":1080},{"@type":"BreadcrumbList","@id":"https:\/\/empow-her.com\/produit\/le-cycle-de-co-dev-de-juin-2\/#breadcrumb","itemListElement":[{"@type":"ListItem","position":1,"name":"Accueil","item":"https:\/\/empow-her.com\/en\/landing-page\/"},{"@type":"ListItem","position":2,"name":"LA BOUTIQUE","item":"https:\/\/empow-her.com\/boutique\/"},{"@type":"ListItem","position":3,"name":"Atelier d&#8217;entraide entre futures entrepreneuses !"}]},{"@type":"WebSite","@id":"https:\/\/empow-her.com\/#website","url":"https:\/\/empow-her.com\/","name":"Empow&#039;Her","description":"Women Development","potentialAction":[{"@type":"SearchAction","target":{"@type":"EntryPoint","urlTemplate":"https:\/\/empow-her.com\/?s={search_term_string}"},"query-input":{"@type":"PropertyValueSpecification","valueRequired":true,"valueName":"search_term_string"}}],"inLanguage":"en-US"}]}},"_links":{"self":[{"href":"https:\/\/empow-her.com\/en\/wp-json\/wp\/v2\/product\/119050","targetHints":{"allow":["GET"]}}],"collection":[{"href":"https:\/\/empow-her.com\/en\/wp-json\/wp\/v2\/product"}],"about":[{"href":"https:\/\/empow-her.com\/en\/wp-json\/wp\/v2\/types\/product"}],"wp:featuredmedia":[{"embeddable":true,"href":"https:\/\/empow-her.com\/en\/wp-json\/wp\/v2\/media\/120039"}],"wp:attachment":[{"href":"https:\/\/empow-her.com\/en\/wp-json\/wp\/v2\/media?parent=119050"}],"wp:term":[{"taxonomy":"product_brand","embeddable":true,"href":"https:\/\/empow-her.com\/en\/wp-json\/wp\/v2\/product_brand?post=119050"},{"taxonomy":"product_cat","embeddable":true,"href":"https:\/\/empow-her.com\/en\/wp-json\/wp\/v2\/product_cat?post=119050"},{"taxonomy":"product_tag","embeddable":true,"href":"https:\/\/empow-her.com\/en\/wp-json\/wp\/v2\/product_tag?post=119050"},{"taxonomy":"lieu","embeddable":true,"href":"https:\/\/empow-her.com\/en\/wp-json\/wp\/v2\/lieu?post=119050"},{"taxonomy":"thematiques","embeddable":true,"href":"https:\/\/empow-her.com\/en\/wp-json\/wp\/v2\/thematiques?post=119050"}],"curies":[{"name":"wp","href":"https:\/\/api.w.org\/{rel}","templated":true}]}}