{"id":118656,"date":"2022-04-28T11:34:09","date_gmt":"2022-04-28T09:34:09","guid":{"rendered":"https:\/\/empow-her.com\/?post_type=product&#038;p=118656"},"modified":"2022-09-28T11:44:31","modified_gmt":"2022-09-28T09:44:31","slug":"atelier-sensibilisation-femmes-refugiees-etudiantes","status":"publish","type":"product","link":"https:\/\/empow-her.com\/en\/produit\/atelier-sensibilisation-femmes-refugiees-etudiantes\/","title":{"rendered":"Atelier de sensibilisation : Femmes, r\u00e9fugi\u00e9es, \u00e9tudiantes"},"content":{"rendered":"<p>Le mercredi 22 juin de 18h30 \u00e0 20h, Sist&#8217;Her accueille l&#8217;association UniR, qui accompagne les personnes r\u00e9fugi\u00e9es et demandeuses d\u2019asile dans leur insertion acad\u00e9mique.<\/p>\n<p>Les femmes exil\u00e9es rencontrent 4 probl\u00e8mes majeurs dans leur parcours d&#8217;insertion acad\u00e9mique : des obstacles linguistiques, des difficult\u00e9s administratives, des enjeux de genre et un manque d&#8217;acc\u00e8s aux r\u00e9seaux personnels, universitaires et professionnels. &#x1f4e3;<\/p>\n<p>&#x26a1;&#xfe0f;&#x26a1;&#xfe0f;&#x26a1;&#xfe0f;<\/p>\n<p>UniR a lanc\u00e9 Intercultur\u2019elles, un programme de mentorat entre femmes pour lutter contre ces obstacles. Camila Rios Armas, fondatrice et directrice d\u2019UniR et Andee Brown Gershenberg, charg\u00e9e de projet &#8220;Intercultur\u2019elles&#8221; animeront un atelier chez Sist&#8217;Her pour sensibiliser \u00e0 ces questions :<\/p>\n<p>&#x26a1;&#xfe0f;&#x26a1;&#xfe0f;&#x26a1;&#xfe0f;<\/p>\n<p>&#x1f50e; Dur\u00e9e de l&#8217;atelier : 1h30<\/p>\n<p>D\u00e9roulement :<br \/>\nPartie 1 : Sensibilisation sur l&#8217;intersectionnalit\u00e9 de genre, migration et \u00e9ducation \u00e0 travers une pr\u00e9sentation et un quizz interactif.<br \/>\nPartie 2 : Pr\u00e9sentation de quatre obstacles majeurs \u00e0 l&#8217;acc\u00e8s \u00e0 l\u2019enseignement sup\u00e9rieur pour les femmes r\u00e9fugi\u00e9es : la barri\u00e8re de la langue, les difficult\u00e9s administratives, les enjeux de genre et le manque d&#8217;acc\u00e8s aux r\u00e9seaux.<br \/>\nPartie 3 : Mise en situation. Les participant\u00b7e\u00b7s vont reproduire des situations r\u00e9elles v\u00e9cues par les interview\u00e9es de la recherche. Ce jeu vise la repr\u00e9sentation des st\u00e9r\u00e9otypes auxquels les femmes ont \u00e9t\u00e9 confront\u00e9es.<br \/>\nPour finir un temps d&#8217;\u00e9change avec les participant.es est pr\u00e9vu. &#x1f64f;<\/p>\n<p>&#x26a1;&#xfe0f;&#x26a1;&#xfe0f;&#x26a1;&#xfe0f;<\/p>\n<p>Infos pratiques<\/p>\n<p>&#x1f4cd; Sist\u2019her Paris, 82 rue du Faubourg St Martin<br \/>\n&#x1f516; R\u00e9servation gratuite obligatoire :<\/p>\n<p>Ouvert en mars 2021, Sist\u2019Her est le premier tiers-lieu d\u00e9di\u00e9 \u00e0 l&#8217;entrepreneuriat f\u00e9minin et \u00e0 impact en Ile-de-France. Port\u00e9 par l\u2019association Empow\u2019Her, c\u2019est un lieu de vie bienveillant et joyeux, ouvert \u00e0 tou\u00b7te\u00b7s o\u00f9 il est possible de se former, s&#8217;inspirer, s&#8217;engager et se rencontrer.<\/p>\n<p>Ce projet est co-financ\u00e9 par le Fonds Social Europ\u00e9en.<br \/>\nA tr\u00e8s vite !&#x1f64c;<\/p>\n","protected":false},"excerpt":{"rendered":"<p>Le mercredi 22 juin de 18h30 \u00e0 20h, Sist&#8217;Her accueille l&#8217;association UniR, qui accompagne les personnes r\u00e9fugi\u00e9es et demandeuses d\u2019asile dans leur insertion acad\u00e9mique.<\/p>\n<p>Les femmes exil\u00e9es rencontrent 4 probl\u00e8mes majeurs dans leur parcours d&#8217;insertion acad\u00e9mique : des obstacles linguistiques, des difficult\u00e9s administratives, des enjeux de genre et un manque d&#8217;acc\u00e8s aux r\u00e9seaux personnels, universitaires et professionnels. &#x1f4e3;<\/p>\n<p>&#x26a1;&#xfe0f;&#x26a1;&#xfe0f;&#x26a1;&#xfe0f;<\/p>\n<p>UniR a lanc\u00e9 Intercultur\u2019elles, un programme de mentorat entre femmes pour lutter contre ces obstacles. Camila Rios Armas, fondatrice et directrice d\u2019UniR et Andee Brown Gershenberg, charg\u00e9e de projet &#8220;Intercultur\u2019elles&#8221; animeront un atelier chez Sist&#8217;Her pour sensibiliser \u00e0 ces questions :<\/p>\n<p>&#x26a1;&#xfe0f;&#x26a1;&#xfe0f;&#x26a1;&#xfe0f;<\/p>\n<p>&#x1f50e; Dur\u00e9e de l&#8217;atelier : 1h30<\/p>\n<p>D\u00e9roulement :<br \/>\nPartie 1 : Sensibilisation sur l&#8217;intersectionnalit\u00e9 de genre, migration et \u00e9ducation \u00e0 travers une pr\u00e9sentation et un quizz interactif.<br \/>\nPartie 2 : Pr\u00e9sentation de quatre obstacles majeurs \u00e0 l&#8217;acc\u00e8s \u00e0 l\u2019enseignement sup\u00e9rieur pour les femmes r\u00e9fugi\u00e9es : la barri\u00e8re de la langue, les difficult\u00e9s administratives, les enjeux de genre et le manque d&#8217;acc\u00e8s aux r\u00e9seaux.<br \/>\nPartie 3 : Mise en situation. Les participant\u00b7e\u00b7s vont reproduire des situations r\u00e9elles v\u00e9cues par les interview\u00e9es de la recherche. Ce jeu vise la repr\u00e9sentation des st\u00e9r\u00e9otypes auxquels les femmes ont \u00e9t\u00e9 confront\u00e9es.<br \/>\nPour finir un temps d&#8217;\u00e9change avec les participant.es est pr\u00e9vu. &#x1f64f;<\/p>\n<p>&#x26a1;&#xfe0f;&#x26a1;&#xfe0f;&#x26a1;&#xfe0f;<\/p>\n<p>Infos pratiques<\/p>\n<p>&#x1f4cd; Sist\u2019her Paris, 82 rue du Faubourg St Martin<br \/>\n&#x1f516; R\u00e9servation gratuite obligatoire :\u00a0https:\/\/empow-her.com\/produit\/atelier-sensibilisation-femmes-r\u00e9fugi\u00e9es-\u00e9tudiantes\/<\/p>\n<p>Ouvert en mars 2021, Sist\u2019Her est le premier tiers-lieu d\u00e9di\u00e9 \u00e0 l&#8217;entrepreneuriat f\u00e9minin et \u00e0 impact en Ile-de-France. Port\u00e9 par l\u2019association Empow\u2019Her, c\u2019est un lieu de vie bienveillant et joyeux, ouvert \u00e0 tou\u00b7te\u00b7s o\u00f9 il est possible de se former, s&#8217;inspirer, s&#8217;engager et se rencontrer.<\/p>\n<p>Ce projet est co-financ\u00e9 par le Fonds Social Europ\u00e9en.<br \/>\nA tr\u00e8s vite !&#x1f64c;<\/p>\n","protected":false},"featured_media":118657,"template":"","format":"standard","meta":{"_acf_changed":false,"om_disable_all_campaigns":false,"_uf_show_specific_survey":0,"_uf_disable_surveys":false},"product_brand":[],"product_cat":[119],"product_tag":[],"lieu":[127],"thematiques":[],"class_list":{"0":"post-118656","1":"product","2":"type-product","3":"status-publish","4":"format-standard","5":"has-post-thumbnail","7":"product_cat-evenement-sisther","8":"lieu-hub-empowher","10":"first","11":"instock","12":"virtual","13":"purchasable","14":"product-type-appointment"},"exclude_global_add_ons":[],"addons":[],"acf":[],"yoast_head":"<!-- This site is optimized with the Yoast SEO plugin v24.8 - https:\/\/yoast.com\/wordpress\/plugins\/seo\/ -->\n<title>Atelier de sensibilisation : Femmes, r\u00e9fugi\u00e9es, \u00e9tudiantes -<\/title>\n<meta name=\"description\" content=\"Le mercredi 22 juin de 18h30 \u00e0 20h, participe \u00e0 un atelier de sensibilisation sur les femmes \u00e9tudiantes r\u00e9fugi\u00e9es.\" \/>\n<meta name=\"robots\" content=\"index, follow, max-snippet:-1, max-image-preview:large, max-video-preview:-1\" \/>\n<link rel=\"canonical\" href=\"https:\/\/empow-her.com\/produit\/atelier-sensibilisation-femmes-refugiees-etudiantes\/\" \/>\n<meta property=\"og:locale\" content=\"en_US\" \/>\n<meta property=\"og:type\" content=\"article\" \/>\n<meta property=\"og:title\" content=\"Atelier de sensibilisation : Femmes, r\u00e9fugi\u00e9es, \u00e9tudiantes -\" \/>\n<meta property=\"og:description\" content=\"Le mercredi 22 juin de 18h30 \u00e0 20h, participe \u00e0 un atelier de sensibilisation sur les femmes \u00e9tudiantes r\u00e9fugi\u00e9es.\" \/>\n<meta property=\"og:url\" content=\"https:\/\/empow-her.com\/produit\/atelier-sensibilisation-femmes-refugiees-etudiantes\/\" \/>\n<meta property=\"og:site_name\" content=\"Empow&#039;Her\" \/>\n<meta property=\"article:modified_time\" content=\"2022-09-28T09:44:31+00:00\" \/>\n<meta property=\"og:image\" content=\"https:\/\/empow-her.com\/wp-content\/uploads\/2022\/04\/Template-Event-SistHer-site-1-1.png\" \/>\n\t<meta property=\"og:image:width\" content=\"1080\" \/>\n\t<meta property=\"og:image:height\" content=\"1080\" \/>\n\t<meta property=\"og:image:type\" content=\"image\/png\" \/>\n<meta name=\"twitter:card\" content=\"summary_large_image\" \/>\n<meta name=\"twitter:label1\" content=\"Est. reading time\" \/>\n\t<meta name=\"twitter:data1\" content=\"2 minutes\" \/>\n<script type=\"application\/ld+json\" class=\"yoast-schema-graph\">{\"@context\":\"https:\/\/schema.org\",\"@graph\":[{\"@type\":\"WebPage\",\"@id\":\"https:\/\/empow-her.com\/produit\/atelier-sensibilisation-femmes-refugiees-etudiantes\/\",\"url\":\"https:\/\/empow-her.com\/produit\/atelier-sensibilisation-femmes-refugiees-etudiantes\/\",\"name\":\"Atelier de sensibilisation : Femmes, r\u00e9fugi\u00e9es, \u00e9tudiantes -\",\"isPartOf\":{\"@id\":\"https:\/\/empow-her.com\/#website\"},\"primaryImageOfPage\":{\"@id\":\"https:\/\/empow-her.com\/produit\/atelier-sensibilisation-femmes-refugiees-etudiantes\/#primaryimage\"},\"image\":{\"@id\":\"https:\/\/empow-her.com\/produit\/atelier-sensibilisation-femmes-refugiees-etudiantes\/#primaryimage\"},\"thumbnailUrl\":\"https:\/\/empow-her.com\/wp-content\/uploads\/2022\/04\/Template-Event-SistHer-site-1-1.png\",\"datePublished\":\"2022-04-28T09:34:09+00:00\",\"dateModified\":\"2022-09-28T09:44:31+00:00\",\"description\":\"Le mercredi 22 juin de 18h30 \u00e0 20h, participe \u00e0 un atelier de sensibilisation sur les femmes \u00e9tudiantes r\u00e9fugi\u00e9es.\",\"breadcrumb\":{\"@id\":\"https:\/\/empow-her.com\/produit\/atelier-sensibilisation-femmes-refugiees-etudiantes\/#breadcrumb\"},\"inLanguage\":\"en-US\",\"potentialAction\":[{\"@type\":\"ReadAction\",\"target\":[\"https:\/\/empow-her.com\/produit\/atelier-sensibilisation-femmes-refugiees-etudiantes\/\"]}]},{\"@type\":\"ImageObject\",\"inLanguage\":\"en-US\",\"@id\":\"https:\/\/empow-her.com\/produit\/atelier-sensibilisation-femmes-refugiees-etudiantes\/#primaryimage\",\"url\":\"https:\/\/empow-her.com\/wp-content\/uploads\/2022\/04\/Template-Event-SistHer-site-1-1.png\",\"contentUrl\":\"https:\/\/empow-her.com\/wp-content\/uploads\/2022\/04\/Template-Event-SistHer-site-1-1.png\",\"width\":1080,\"height\":1080},{\"@type\":\"BreadcrumbList\",\"@id\":\"https:\/\/empow-her.com\/produit\/atelier-sensibilisation-femmes-refugiees-etudiantes\/#breadcrumb\",\"itemListElement\":[{\"@type\":\"ListItem\",\"position\":1,\"name\":\"Accueil\",\"item\":\"https:\/\/empow-her.com\/en\/landing-page\/\"},{\"@type\":\"ListItem\",\"position\":2,\"name\":\"LA BOUTIQUE\",\"item\":\"https:\/\/empow-her.com\/boutique\/\"},{\"@type\":\"ListItem\",\"position\":3,\"name\":\"Atelier de sensibilisation : Femmes, r\u00e9fugi\u00e9es, \u00e9tudiantes\"}]},{\"@type\":\"WebSite\",\"@id\":\"https:\/\/empow-her.com\/#website\",\"url\":\"https:\/\/empow-her.com\/\",\"name\":\"Empow&#039;Her\",\"description\":\"Women Development\",\"potentialAction\":[{\"@type\":\"SearchAction\",\"target\":{\"@type\":\"EntryPoint\",\"urlTemplate\":\"https:\/\/empow-her.com\/?s={search_term_string}\"},\"query-input\":{\"@type\":\"PropertyValueSpecification\",\"valueRequired\":true,\"valueName\":\"search_term_string\"}}],\"inLanguage\":\"en-US\"}]}<\/script>\n<!-- \/ Yoast SEO plugin. -->","yoast_head_json":{"title":"Atelier de sensibilisation : Femmes, r\u00e9fugi\u00e9es, \u00e9tudiantes -","description":"Le mercredi 22 juin de 18h30 \u00e0 20h, participe \u00e0 un atelier de sensibilisation sur les femmes \u00e9tudiantes r\u00e9fugi\u00e9es.","robots":{"index":"index","follow":"follow","max-snippet":"max-snippet:-1","max-image-preview":"max-image-preview:large","max-video-preview":"max-video-preview:-1"},"canonical":"https:\/\/empow-her.com\/produit\/atelier-sensibilisation-femmes-refugiees-etudiantes\/","og_locale":"en_US","og_type":"article","og_title":"Atelier de sensibilisation : Femmes, r\u00e9fugi\u00e9es, \u00e9tudiantes -","og_description":"Le mercredi 22 juin de 18h30 \u00e0 20h, participe \u00e0 un atelier de sensibilisation sur les femmes \u00e9tudiantes r\u00e9fugi\u00e9es.","og_url":"https:\/\/empow-her.com\/produit\/atelier-sensibilisation-femmes-refugiees-etudiantes\/","og_site_name":"Empow&#039;Her","article_modified_time":"2022-09-28T09:44:31+00:00","og_image":[{"width":1080,"height":1080,"url":"https:\/\/empow-her.com\/wp-content\/uploads\/2022\/04\/Template-Event-SistHer-site-1-1.png","type":"image\/png"}],"twitter_card":"summary_large_image","twitter_misc":{"Est. reading time":"2 minutes"},"schema":{"@context":"https:\/\/schema.org","@graph":[{"@type":"WebPage","@id":"https:\/\/empow-her.com\/produit\/atelier-sensibilisation-femmes-refugiees-etudiantes\/","url":"https:\/\/empow-her.com\/produit\/atelier-sensibilisation-femmes-refugiees-etudiantes\/","name":"Atelier de sensibilisation : Femmes, r\u00e9fugi\u00e9es, \u00e9tudiantes -","isPartOf":{"@id":"https:\/\/empow-her.com\/#website"},"primaryImageOfPage":{"@id":"https:\/\/empow-her.com\/produit\/atelier-sensibilisation-femmes-refugiees-etudiantes\/#primaryimage"},"image":{"@id":"https:\/\/empow-her.com\/produit\/atelier-sensibilisation-femmes-refugiees-etudiantes\/#primaryimage"},"thumbnailUrl":"https:\/\/empow-her.com\/wp-content\/uploads\/2022\/04\/Template-Event-SistHer-site-1-1.png","datePublished":"2022-04-28T09:34:09+00:00","dateModified":"2022-09-28T09:44:31+00:00","description":"Le mercredi 22 juin de 18h30 \u00e0 20h, participe \u00e0 un atelier de sensibilisation sur les femmes \u00e9tudiantes r\u00e9fugi\u00e9es.","breadcrumb":{"@id":"https:\/\/empow-her.com\/produit\/atelier-sensibilisation-femmes-refugiees-etudiantes\/#breadcrumb"},"inLanguage":"en-US","potentialAction":[{"@type":"ReadAction","target":["https:\/\/empow-her.com\/produit\/atelier-sensibilisation-femmes-refugiees-etudiantes\/"]}]},{"@type":"ImageObject","inLanguage":"en-US","@id":"https:\/\/empow-her.com\/produit\/atelier-sensibilisation-femmes-refugiees-etudiantes\/#primaryimage","url":"https:\/\/empow-her.com\/wp-content\/uploads\/2022\/04\/Template-Event-SistHer-site-1-1.png","contentUrl":"https:\/\/empow-her.com\/wp-content\/uploads\/2022\/04\/Template-Event-SistHer-site-1-1.png","width":1080,"height":1080},{"@type":"BreadcrumbList","@id":"https:\/\/empow-her.com\/produit\/atelier-sensibilisation-femmes-refugiees-etudiantes\/#breadcrumb","itemListElement":[{"@type":"ListItem","position":1,"name":"Accueil","item":"https:\/\/empow-her.com\/en\/landing-page\/"},{"@type":"ListItem","position":2,"name":"LA BOUTIQUE","item":"https:\/\/empow-her.com\/boutique\/"},{"@type":"ListItem","position":3,"name":"Atelier de sensibilisation : Femmes, r\u00e9fugi\u00e9es, \u00e9tudiantes"}]},{"@type":"WebSite","@id":"https:\/\/empow-her.com\/#website","url":"https:\/\/empow-her.com\/","name":"Empow&#039;Her","description":"Women Development","potentialAction":[{"@type":"SearchAction","target":{"@type":"EntryPoint","urlTemplate":"https:\/\/empow-her.com\/?s={search_term_string}"},"query-input":{"@type":"PropertyValueSpecification","valueRequired":true,"valueName":"search_term_string"}}],"inLanguage":"en-US"}]}},"_links":{"self":[{"href":"https:\/\/empow-her.com\/en\/wp-json\/wp\/v2\/product\/118656","targetHints":{"allow":["GET"]}}],"collection":[{"href":"https:\/\/empow-her.com\/en\/wp-json\/wp\/v2\/product"}],"about":[{"href":"https:\/\/empow-her.com\/en\/wp-json\/wp\/v2\/types\/product"}],"wp:featuredmedia":[{"embeddable":true,"href":"https:\/\/empow-her.com\/en\/wp-json\/wp\/v2\/media\/118657"}],"wp:attachment":[{"href":"https:\/\/empow-her.com\/en\/wp-json\/wp\/v2\/media?parent=118656"}],"wp:term":[{"taxonomy":"product_brand","embeddable":true,"href":"https:\/\/empow-her.com\/en\/wp-json\/wp\/v2\/product_brand?post=118656"},{"taxonomy":"product_cat","embeddable":true,"href":"https:\/\/empow-her.com\/en\/wp-json\/wp\/v2\/product_cat?post=118656"},{"taxonomy":"product_tag","embeddable":true,"href":"https:\/\/empow-her.com\/en\/wp-json\/wp\/v2\/product_tag?post=118656"},{"taxonomy":"lieu","embeddable":true,"href":"https:\/\/empow-her.com\/en\/wp-json\/wp\/v2\/lieu?post=118656"},{"taxonomy":"thematiques","embeddable":true,"href":"https:\/\/empow-her.com\/en\/wp-json\/wp\/v2\/thematiques?post=118656"}],"curies":[{"name":"wp","href":"https:\/\/api.w.org\/{rel}","templated":true}]}}