{"id":118003,"date":"2022-04-15T10:15:03","date_gmt":"2022-04-15T08:15:03","guid":{"rendered":"https:\/\/empow-her.com\/?post_type=product&#038;p=118003"},"modified":"2022-09-28T11:44:43","modified_gmt":"2022-09-28T09:44:43","slug":"bookclub-sante-des-femmes-recontres-litteraires","status":"publish","type":"product","link":"https:\/\/empow-her.com\/en\/produit\/bookclub-sante-des-femmes-recontres-litteraires\/","title":{"rendered":"Bookclub autour de la sant\u00e9 des femmes"},"content":{"rendered":"<p><strong>Le mercredi 11 mai de 18h30 \u00e0 20h,<\/strong> aura lieu la 5\u00e8me \u00e9dition du BookClub chez Sist&#8217;Her, en partenariat avec MerciBookOup et les \u00e9ditions Massot. Venez \u00e9changer avec 2 autrices f\u00e9ministes engag\u00e9es dans la sant\u00e9 des femmes.<\/p>\n<p>&#8211; Tess Kinski est une autrice et dessinatrice f\u00e9ministe, elle pr\u00e9sentera son livre : &#8220;Super cyprine&#8221;, une BD cathartique d&#8217;une jeune h\u00e9ro\u00efne badass qui r\u00e9pond au harc\u00e8lement de rue avec son super pouvoir : une cyprine corrosive. &#x1f4a5;<br \/>\n&#8211; Marie Gervais, participe \u00e0 l&#8217;\u00e9ducation contre les violences faites aux femmes et nous pr\u00e9sentera son livre &#8220;Il me tue cet amour&#8221;, un t\u00e9moignage fort, qui raconte comment se reconstruire apr\u00e8s 8 ans de violences conjugales. &#x1f44a;<\/p>\n<p>&#8211; Yasmine Candeau, pour la bande<br \/>\ndessin\u00e9e &#8220;L&#8217;endom\u00e9triose de Clara&#8221;, qui interroge la mani\u00e8re dont est v\u00e9cue cette malade par les femmes. &#x26a1;&#xfe0f;<\/p>\n<p>&#x26a1;&#xfe0f;&#x26a1;&#xfe0f;&#x26a1;&#xfe0f;<\/p>\n<p>Comment r\u00e9pondre \u00e0 un probl\u00e8me de soci\u00e9t\u00e9 qui touche 220 000 femmes par an ? Les violences sexuelles et sexistes, les violences conjugales tuent chaque ann\u00e9e des centaines de femmes. Comment s&#8217;engager contre le harc\u00e8lement moral et sexuel faites aux femmes ? Nous explorerons ensemble ces th\u00e9matiques avec les autrices pour trouver des solutions, de sorte \u00e0 lutter collectivement contre toutes ces formes de violence.<\/p>\n<p>Le petit plus est que vous pourrez \u00e9galement acheter leurs livres chez Sist&#8217;Her, pour vous les faire d\u00e9dicacer.<\/p>\n<p>&#x26a1;&#xfe0f;&#x26a1;&#xfe0f;&#x26a1;&#xfe0f;<\/p>\n<p><strong>&#x1f50e; MerciBOOKoup :<\/strong> l\u2019association vise \u00e0 favoriser l\u2019\u00e9gal acc\u00e8s \u00e0 la lecture pour tou.te.s et l\u2019\u00e9conomie circulaire, tout en cr\u00e9ant du lien social. N\u2019h\u00e9sitez pas \u00e0 les suivre sur les r\u00e9seaux sociaux : https:\/\/www.facebook.com\/MerciBOOKoup.NL<\/p>\n<p>Ps : tu peux emprunter des livres gratuitement dans la biblioth\u00e8que f\u00e9ministe (n\u2019oublie pas d\u2019apporter un ch\u00e8que de caution de 30\u20ac).<\/p>\n<p>&#x26a1;&#xfe0f;&#x26a1;&#xfe0f;&#x26a1;&#xfe0f;<\/p>\n<p>&#x1f50e; <strong>Les \u00e9ditions massot :<\/strong> Depuis 35 ans, le nom de Massot est le symbole d\u2019une \u00e9dition alternative, engag\u00e9e et ind\u00e9pendante. \u00c0 l\u2019appui d\u2019un solide r\u00e9seau de collaborateurs et de libraires, les \u00e9ditions Massot d\u00e9fendent une certaine id\u00e9e de l\u2019\u00e9dition : libre et contestataire, f\u00e9ministe et \u00e9cologiste, inspir\u00e9e et r\u00eaveuse.<\/p>\n<p>&#x26a1;&#xfe0f;&#x26a1;&#xfe0f;&#x26a1;&#xfe0f;<\/p>\n<p><strong>Infos pratiques :<\/strong><\/p>\n<p>&#x1f4cd; Sist\u2019her Paris, 82 rue du Faubourg St Martin 75010 Paris<br \/>\n&#x1f516; R\u00e9servation gratuite obligatoire : https:\/\/empow-her.com\/produit\/bookclub-sante-des-femmes-recontres-litteraires\/<\/p>\n<p>&#x26a1;&#xfe0f;&#x26a1;&#xfe0f;&#x26a1;&#xfe0f;<\/p>\n<p>Ouvert en mars 2021, Sist\u2019Her est <strong>le premier tiers-lieu d\u00e9di\u00e9 \u00e0 l&#8217;entrepreneuriat f\u00e9minin et \u00e0 impact en Ile-de-France.<\/strong> Port\u00e9 par l\u2019association Empow\u2019Her, c\u2019est un lieu de vie bienveillant et joyeux, ouvert \u00e0 tou\u00b7te\u00b7s o\u00f9 il est possible de se former, s&#8217;inspirer, s&#8217;engager et se rencontrer.<\/p>\n<p>Ce projet est co-financ\u00e9 par le Fonds Social Europ\u00e9en.<br \/>\nA tr\u00e8s vite !<\/p>\n","protected":false},"excerpt":{"rendered":"<p><strong>Le mercredi 11 mai de 18h45 \u00e0 20h,<\/strong> aura lieu la 5\u00e8me \u00e9dition du BookClub chez Sist&#8217;Her, en partenariat avec MerciBookOup et les \u00e9ditions Massot. Venez \u00e9changer avec 2 autrices f\u00e9ministes engag\u00e9es dans la sant\u00e9 des femmes.<\/p>\n<p>&#8211; Tess Kinski est une autrice et dessinatrice f\u00e9ministe, elle pr\u00e9sentera son livre : &#8220;Super cyprine&#8221;, une BD cathartique d&#8217;une jeune h\u00e9ro\u00efne badass qui r\u00e9pond au harc\u00e8lement de rue avec son super pouvoir : une cyprine corrosive. &#x1f4a5;<\/p>\n<p>&#8211; Marie Gervais, participe \u00e0 l&#8217;\u00e9ducation contre les violences faites aux femmes et nous pr\u00e9sentera son livre &#8220;Il me tue cet amour&#8221;, un t\u00e9moignage fort, qui raconte comment se reconstruire apr\u00e8s 8 ans de violences conjugales.\u00a0&#x1f44a;<\/p>\n<p>&#8211; Yasmine Candeau, pour la bande dessin\u00e9e &#8220;L&#8217;endom\u00e9triose de Clara&#8221;, qui interroge la mani\u00e8re dont est v\u00e9cue cette malade par les femmes. Pr\u00e9sidente d&#8217;EndoFrance, elle lutte afin que les jeunespersonnes atteintes d\u2019endom\u00e9triose ne vivent plus l\u2019errance diagnostique et l\u2019incompr\u00e9hension mais<br \/>\nqu\u2019elles puissent vivre au mieux avec cette endom\u00e9triose. <span class=\"pq6dq46d tbxw36s4 knj5qynh kvgmc6g5 ditlmg2l oygrvhab nvdbi5me sf5mxxl7 gl3lb2sf hhz5lgdu\"><img decoding=\"async\" src=\"https:\/\/static.xx.fbcdn.net\/images\/emoji.php\/v9\/t9c\/2\/16\/1f64c.png\" alt=\"&#x1f64c;\" width=\"16\" height=\"16\" \/><\/span><\/p>\n<p>&#x26a1;&#xfe0f;&#x26a1;&#xfe0f;&#x26a1;&#xfe0f;<\/p>\n<p>Comment r\u00e9pondre \u00e0 un probl\u00e8me de soci\u00e9t\u00e9 qui touche 220 000 femmes par an ? Les violences sexuelles et sexistes, les violences conjugales tuent chaque ann\u00e9e des centaines de femmes. Comment s&#8217;engager contre le harc\u00e8lement moral et sexuel faites aux femmes ? Nous explorerons ensemble ces th\u00e9matiques avec les autrices pour trouver des solutions, de sorte \u00e0 lutter collectivement contre toutes ces formes de violence.<\/p>\n<p>Le petit plus est que vous pourrez \u00e9galement acheter leurs livres chez Sist&#8217;Her, pour vous les faire d\u00e9dicacer.<\/p>\n<p>&#x26a1;&#xfe0f;&#x26a1;&#xfe0f;&#x26a1;&#xfe0f;<\/p>\n<p><strong>&#x1f50e; MerciBOOKoup :<\/strong> l\u2019association vise \u00e0 favoriser l\u2019\u00e9gal acc\u00e8s \u00e0 la lecture pour tou.te.s et l\u2019\u00e9conomie circulaire, tout en cr\u00e9ant du lien social. N\u2019h\u00e9sitez pas \u00e0 les suivre sur les r\u00e9seaux sociaux : https:\/\/www.facebook.com\/MerciBOOKoup.NL<\/p>\n<p>Ps : tu peux emprunter des livres gratuitement dans la biblioth\u00e8que f\u00e9ministe (n\u2019oublie pas d\u2019apporter un ch\u00e8que de caution de 30\u20ac).<\/p>\n<p>&#x26a1;&#xfe0f;&#x26a1;&#xfe0f;&#x26a1;&#xfe0f;<\/p>\n<p>&#x1f50e; <strong>Les \u00e9ditions massot :<\/strong> Depuis 35 ans, le nom de Massot est le symbole d\u2019une \u00e9dition alternative, engag\u00e9e et ind\u00e9pendante. \u00c0 l\u2019appui d\u2019un solide r\u00e9seau de collaborateurs et de libraires, les \u00e9ditions Massot d\u00e9fendent une certaine id\u00e9e de l\u2019\u00e9dition : libre et contestataire, f\u00e9ministe et \u00e9cologiste, inspir\u00e9e et r\u00eaveuse.<\/p>\n<p>&#x26a1;&#xfe0f;&#x26a1;&#xfe0f;&#x26a1;&#xfe0f;<\/p>\n<p><strong>Infos pratiques :<\/strong><\/p>\n<p>&#x1f4cd; Sist\u2019her Paris, 82 rue du Faubourg St Martin 75010 Paris<br \/>\n&#x1f516; R\u00e9servation gratuite obligatoire : https:\/\/empow-her.com\/produit\/bookclub-sante-des-femmes-recontres-litteraires\/<\/p>\n<p>&#x26a1;&#xfe0f;&#x26a1;&#xfe0f;&#x26a1;&#xfe0f;<\/p>\n<p>Ouvert en mars 2021, Sist\u2019Her est <strong>le premier tiers-lieu d\u00e9di\u00e9 \u00e0 l&#8217;entrepreneuriat f\u00e9minin et \u00e0 impact en Ile-de-France.<\/strong> Port\u00e9 par l\u2019association Empow\u2019Her, c\u2019est un lieu de vie bienveillant et joyeux, ouvert \u00e0 tou\u00b7te\u00b7s o\u00f9 il est possible de se former, s&#8217;inspirer, s&#8217;engager et se rencontrer.<\/p>\n<p>Ce projet est co-financ\u00e9 par le Fonds Social Europ\u00e9en.<br \/>\nA tr\u00e8s vite !<\/p>\n","protected":false},"featured_media":118499,"template":"","format":"standard","meta":{"_acf_changed":false,"om_disable_all_campaigns":false,"_uf_show_specific_survey":0,"_uf_disable_surveys":false},"product_brand":[],"product_cat":[119],"product_tag":[],"lieu":[127],"thematiques":[],"class_list":{"0":"post-118003","1":"product","2":"type-product","3":"status-publish","4":"format-standard","5":"has-post-thumbnail","7":"product_cat-evenement-sisther","8":"lieu-hub-empowher","10":"first","11":"instock","12":"virtual","13":"purchasable","14":"product-type-appointment"},"exclude_global_add_ons":[],"addons":[],"acf":[],"yoast_head":"<!-- This site is optimized with the Yoast SEO plugin v24.8 - https:\/\/yoast.com\/wordpress\/plugins\/seo\/ -->\n<title>Bookclub autour de la sant\u00e9 des femmes -<\/title>\n<meta name=\"description\" content=\"Le mercredi 11 mai de 18h30 \u00e0 20h, viens \u00e9changer avec des autrices f\u00e9ministes engag\u00e9es dans la sant\u00e9 des femmes!\" \/>\n<meta name=\"robots\" content=\"index, follow, max-snippet:-1, max-image-preview:large, max-video-preview:-1\" \/>\n<link rel=\"canonical\" href=\"https:\/\/empow-her.com\/produit\/bookclub-sante-des-femmes-recontres-litteraires\/\" \/>\n<meta property=\"og:locale\" content=\"en_US\" \/>\n<meta property=\"og:type\" content=\"article\" \/>\n<meta property=\"og:title\" content=\"Bookclub autour de la sant\u00e9 des femmes -\" \/>\n<meta property=\"og:description\" content=\"Le mercredi 11 mai de 18h30 \u00e0 20h, viens \u00e9changer avec des autrices f\u00e9ministes engag\u00e9es dans la sant\u00e9 des femmes!\" \/>\n<meta property=\"og:url\" content=\"https:\/\/empow-her.com\/produit\/bookclub-sante-des-femmes-recontres-litteraires\/\" \/>\n<meta property=\"og:site_name\" content=\"Empow&#039;Her\" \/>\n<meta property=\"article:modified_time\" content=\"2022-09-28T09:44:43+00:00\" \/>\n<meta property=\"og:image\" content=\"https:\/\/empow-her.com\/wp-content\/uploads\/2022\/04\/Template-Event-SistHer-site-4.png\" \/>\n\t<meta property=\"og:image:width\" content=\"1080\" \/>\n\t<meta property=\"og:image:height\" content=\"1080\" \/>\n\t<meta property=\"og:image:type\" content=\"image\/png\" \/>\n<meta name=\"twitter:card\" content=\"summary_large_image\" \/>\n<meta name=\"twitter:label1\" content=\"Est. reading time\" \/>\n\t<meta name=\"twitter:data1\" content=\"3 minutes\" \/>\n<script type=\"application\/ld+json\" class=\"yoast-schema-graph\">{\"@context\":\"https:\/\/schema.org\",\"@graph\":[{\"@type\":\"WebPage\",\"@id\":\"https:\/\/empow-her.com\/produit\/bookclub-sante-des-femmes-recontres-litteraires\/\",\"url\":\"https:\/\/empow-her.com\/produit\/bookclub-sante-des-femmes-recontres-litteraires\/\",\"name\":\"Bookclub autour de la sant\u00e9 des femmes -\",\"isPartOf\":{\"@id\":\"https:\/\/empow-her.com\/#website\"},\"primaryImageOfPage\":{\"@id\":\"https:\/\/empow-her.com\/produit\/bookclub-sante-des-femmes-recontres-litteraires\/#primaryimage\"},\"image\":{\"@id\":\"https:\/\/empow-her.com\/produit\/bookclub-sante-des-femmes-recontres-litteraires\/#primaryimage\"},\"thumbnailUrl\":\"https:\/\/empow-her.com\/wp-content\/uploads\/2022\/04\/Template-Event-SistHer-site-4.png\",\"datePublished\":\"2022-04-15T08:15:03+00:00\",\"dateModified\":\"2022-09-28T09:44:43+00:00\",\"description\":\"Le mercredi 11 mai de 18h30 \u00e0 20h, viens \u00e9changer avec des autrices f\u00e9ministes engag\u00e9es dans la sant\u00e9 des femmes!\",\"breadcrumb\":{\"@id\":\"https:\/\/empow-her.com\/produit\/bookclub-sante-des-femmes-recontres-litteraires\/#breadcrumb\"},\"inLanguage\":\"en-US\",\"potentialAction\":[{\"@type\":\"ReadAction\",\"target\":[\"https:\/\/empow-her.com\/produit\/bookclub-sante-des-femmes-recontres-litteraires\/\"]}]},{\"@type\":\"ImageObject\",\"inLanguage\":\"en-US\",\"@id\":\"https:\/\/empow-her.com\/produit\/bookclub-sante-des-femmes-recontres-litteraires\/#primaryimage\",\"url\":\"https:\/\/empow-her.com\/wp-content\/uploads\/2022\/04\/Template-Event-SistHer-site-4.png\",\"contentUrl\":\"https:\/\/empow-her.com\/wp-content\/uploads\/2022\/04\/Template-Event-SistHer-site-4.png\",\"width\":1080,\"height\":1080},{\"@type\":\"BreadcrumbList\",\"@id\":\"https:\/\/empow-her.com\/produit\/bookclub-sante-des-femmes-recontres-litteraires\/#breadcrumb\",\"itemListElement\":[{\"@type\":\"ListItem\",\"position\":1,\"name\":\"Accueil\",\"item\":\"https:\/\/empow-her.com\/en\/landing-page\/\"},{\"@type\":\"ListItem\",\"position\":2,\"name\":\"LA BOUTIQUE\",\"item\":\"https:\/\/empow-her.com\/boutique\/\"},{\"@type\":\"ListItem\",\"position\":3,\"name\":\"Bookclub autour de la sant\u00e9 des femmes\"}]},{\"@type\":\"WebSite\",\"@id\":\"https:\/\/empow-her.com\/#website\",\"url\":\"https:\/\/empow-her.com\/\",\"name\":\"Empow&#039;Her\",\"description\":\"Women Development\",\"potentialAction\":[{\"@type\":\"SearchAction\",\"target\":{\"@type\":\"EntryPoint\",\"urlTemplate\":\"https:\/\/empow-her.com\/?s={search_term_string}\"},\"query-input\":{\"@type\":\"PropertyValueSpecification\",\"valueRequired\":true,\"valueName\":\"search_term_string\"}}],\"inLanguage\":\"en-US\"}]}<\/script>\n<!-- \/ Yoast SEO plugin. -->","yoast_head_json":{"title":"Bookclub autour de la sant\u00e9 des femmes -","description":"Le mercredi 11 mai de 18h30 \u00e0 20h, viens \u00e9changer avec des autrices f\u00e9ministes engag\u00e9es dans la sant\u00e9 des femmes!","robots":{"index":"index","follow":"follow","max-snippet":"max-snippet:-1","max-image-preview":"max-image-preview:large","max-video-preview":"max-video-preview:-1"},"canonical":"https:\/\/empow-her.com\/produit\/bookclub-sante-des-femmes-recontres-litteraires\/","og_locale":"en_US","og_type":"article","og_title":"Bookclub autour de la sant\u00e9 des femmes -","og_description":"Le mercredi 11 mai de 18h30 \u00e0 20h, viens \u00e9changer avec des autrices f\u00e9ministes engag\u00e9es dans la sant\u00e9 des femmes!","og_url":"https:\/\/empow-her.com\/produit\/bookclub-sante-des-femmes-recontres-litteraires\/","og_site_name":"Empow&#039;Her","article_modified_time":"2022-09-28T09:44:43+00:00","og_image":[{"width":1080,"height":1080,"url":"https:\/\/empow-her.com\/wp-content\/uploads\/2022\/04\/Template-Event-SistHer-site-4.png","type":"image\/png"}],"twitter_card":"summary_large_image","twitter_misc":{"Est. reading time":"3 minutes"},"schema":{"@context":"https:\/\/schema.org","@graph":[{"@type":"WebPage","@id":"https:\/\/empow-her.com\/produit\/bookclub-sante-des-femmes-recontres-litteraires\/","url":"https:\/\/empow-her.com\/produit\/bookclub-sante-des-femmes-recontres-litteraires\/","name":"Bookclub autour de la sant\u00e9 des femmes -","isPartOf":{"@id":"https:\/\/empow-her.com\/#website"},"primaryImageOfPage":{"@id":"https:\/\/empow-her.com\/produit\/bookclub-sante-des-femmes-recontres-litteraires\/#primaryimage"},"image":{"@id":"https:\/\/empow-her.com\/produit\/bookclub-sante-des-femmes-recontres-litteraires\/#primaryimage"},"thumbnailUrl":"https:\/\/empow-her.com\/wp-content\/uploads\/2022\/04\/Template-Event-SistHer-site-4.png","datePublished":"2022-04-15T08:15:03+00:00","dateModified":"2022-09-28T09:44:43+00:00","description":"Le mercredi 11 mai de 18h30 \u00e0 20h, viens \u00e9changer avec des autrices f\u00e9ministes engag\u00e9es dans la sant\u00e9 des femmes!","breadcrumb":{"@id":"https:\/\/empow-her.com\/produit\/bookclub-sante-des-femmes-recontres-litteraires\/#breadcrumb"},"inLanguage":"en-US","potentialAction":[{"@type":"ReadAction","target":["https:\/\/empow-her.com\/produit\/bookclub-sante-des-femmes-recontres-litteraires\/"]}]},{"@type":"ImageObject","inLanguage":"en-US","@id":"https:\/\/empow-her.com\/produit\/bookclub-sante-des-femmes-recontres-litteraires\/#primaryimage","url":"https:\/\/empow-her.com\/wp-content\/uploads\/2022\/04\/Template-Event-SistHer-site-4.png","contentUrl":"https:\/\/empow-her.com\/wp-content\/uploads\/2022\/04\/Template-Event-SistHer-site-4.png","width":1080,"height":1080},{"@type":"BreadcrumbList","@id":"https:\/\/empow-her.com\/produit\/bookclub-sante-des-femmes-recontres-litteraires\/#breadcrumb","itemListElement":[{"@type":"ListItem","position":1,"name":"Accueil","item":"https:\/\/empow-her.com\/en\/landing-page\/"},{"@type":"ListItem","position":2,"name":"LA BOUTIQUE","item":"https:\/\/empow-her.com\/boutique\/"},{"@type":"ListItem","position":3,"name":"Bookclub autour de la sant\u00e9 des femmes"}]},{"@type":"WebSite","@id":"https:\/\/empow-her.com\/#website","url":"https:\/\/empow-her.com\/","name":"Empow&#039;Her","description":"Women Development","potentialAction":[{"@type":"SearchAction","target":{"@type":"EntryPoint","urlTemplate":"https:\/\/empow-her.com\/?s={search_term_string}"},"query-input":{"@type":"PropertyValueSpecification","valueRequired":true,"valueName":"search_term_string"}}],"inLanguage":"en-US"}]}},"_links":{"self":[{"href":"https:\/\/empow-her.com\/en\/wp-json\/wp\/v2\/product\/118003","targetHints":{"allow":["GET"]}}],"collection":[{"href":"https:\/\/empow-her.com\/en\/wp-json\/wp\/v2\/product"}],"about":[{"href":"https:\/\/empow-her.com\/en\/wp-json\/wp\/v2\/types\/product"}],"wp:featuredmedia":[{"embeddable":true,"href":"https:\/\/empow-her.com\/en\/wp-json\/wp\/v2\/media\/118499"}],"wp:attachment":[{"href":"https:\/\/empow-her.com\/en\/wp-json\/wp\/v2\/media?parent=118003"}],"wp:term":[{"taxonomy":"product_brand","embeddable":true,"href":"https:\/\/empow-her.com\/en\/wp-json\/wp\/v2\/product_brand?post=118003"},{"taxonomy":"product_cat","embeddable":true,"href":"https:\/\/empow-her.com\/en\/wp-json\/wp\/v2\/product_cat?post=118003"},{"taxonomy":"product_tag","embeddable":true,"href":"https:\/\/empow-her.com\/en\/wp-json\/wp\/v2\/product_tag?post=118003"},{"taxonomy":"lieu","embeddable":true,"href":"https:\/\/empow-her.com\/en\/wp-json\/wp\/v2\/lieu?post=118003"},{"taxonomy":"thematiques","embeddable":true,"href":"https:\/\/empow-her.com\/en\/wp-json\/wp\/v2\/thematiques?post=118003"}],"curies":[{"name":"wp","href":"https:\/\/api.w.org\/{rel}","templated":true}]}}