{"id":117810,"date":"2022-04-07T11:03:56","date_gmt":"2022-04-07T09:03:56","guid":{"rendered":"https:\/\/empow-her.com\/?post_type=product&#038;p=117810"},"modified":"2022-09-28T11:45:05","modified_gmt":"2022-09-28T09:45:05","slug":"conference-sexualite-lingerie-inclusivite","status":"publish","type":"product","link":"https:\/\/empow-her.com\/en\/produit\/conference-sexualite-lingerie-inclusivite\/","title":{"rendered":"Lingerie, inclusivit\u00e9, sexualit\u00e9"},"content":{"rendered":"<p>Le mardi 17 mai \u00e0 18h30, rejoignez-nous chez Sist&#8217;Her, avec Manon Cauchoix, fondatrice de TalQ Univers et deux sp\u00e9cial guest.<\/p>\n<p>Ces entrepreneuses reviendront sur leurs parcours et expliqueront la relation qu&#8217;elles \u00e9tablissent entre la lingerie et la sexualit\u00e9.<\/p>\n<p>Au programme : des stands de d\u00e9monstration et des ventes avec une s\u00e9lection sextech : toys, livres, cosmeto, d\u00e9co, \u00e0 l&#8217;occasion de cette soir\u00e9e ! Repartez inform\u00e9.es, confiant.es et lib\u00e9r\u00e9.es !<\/p>\n<p>Qu&#8217;est ce que TalQ ? TalQ Univers est Le premier m\u00e9dia et concept store d\u00e9di\u00e9 \u00e0 lib\u00e9rer les paroles sur les sexualit\u00e9s. Parce que le premier probl\u00e8me dans la sexualit\u00e9, c&#8217;est d&#8217;abord d&#8217;en parler.<\/p>\n<p>TalQ Univers c&#8217;est un podcast, une newsletter et des \u00e9v\u00e9nements pour lib\u00e9rer les paroles sur les sexualit\u00e9s.<\/p>\n<p>Infos pratiques &#x1f64c;<\/p>\n<p>&#x1f4cd; Sist\u2019her Paris, 82 rue du Faubourg St Martin<\/p>\n<p>R\u00e9servation gratuite obligatoire : &#x1f449;https:\/\/empow-her.com\/produit\/conf\u00e9rence-sexualit\u00e9-lingerie-inclusivit\u00e9\/<\/p>\n<p>Ouvert en mars 2021, Sist\u2019Her est le premier tiers-lieu d\u00e9di\u00e9 \u00e0 l&#8217;entrepreneuriat f\u00e9minin \u00e0 impact en \u00cele-de-France. Port\u00e9 par l\u2019association Empow\u2019Her, c\u2019est un lieu de vie bienveillant et joyeux, ouvert \u00e0 tou\u00b7te\u00b7s o\u00f9 il est possible de se former, s&#8217;inspirer, s&#8217;engager et se rencontrer. &#x1f64c;<\/p>\n<p>Ce projet est co-financ\u00e9 par le Fonds Social Europ\u00e9en.<\/p>\n","protected":false},"excerpt":{"rendered":"<p>Le mardi 17 mai \u00e0 18h30, rejoignez-nous chez Sist&#8217;Her, avec Manon Cauchoix, fondatrice de TalQ Univers et deux sp\u00e9cial guest.<\/p>\n<p>Ces entrepreneuses reviendront sur leurs parcours et expliqueront la relation qu&#8217;elles \u00e9tablissent entre la lingerie et la sexualit\u00e9.<\/p>\n<p>Au programme : des stands de d\u00e9monstration et des ventes avec une s\u00e9lection sextech : toys, livres, cosmeto, d\u00e9co, \u00e0 l&#8217;occasion de cette soir\u00e9e ! Repartez inform\u00e9.es, confiant.es et lib\u00e9r\u00e9.es !<\/p>\n<p>Qu&#8217;est ce que TalQ ? TalQ Univers est Le premier m\u00e9dia et concept store d\u00e9di\u00e9 \u00e0 lib\u00e9rer les paroles sur les sexualit\u00e9s. Parce que le premier probl\u00e8me dans la sexualit\u00e9, c&#8217;est d&#8217;abord d&#8217;en parler.<\/p>\n<p>TalQ Univers c&#8217;est un podcast, une newsletter et des \u00e9v\u00e9nements pour lib\u00e9rer les paroles sur les sexualit\u00e9s.<\/p>\n<p>Infos pratiques &#x1f64c;<\/p>\n<p>&#x1f4cd; Sist\u2019her Paris, 82 rue du Faubourg St Martin<\/p>\n<p>R\u00e9servation gratuite obligatoire : &#x1f449; https:\/\/empow-her.com\/produit\/conf\u00e9rence-sexualit\u00e9-lingerie-inclusivit\u00e9\/<\/p>\n<p>Ouvert en mars 2021, Sist\u2019Her est le premier tiers-lieu d\u00e9di\u00e9 \u00e0 l&#8217;entrepreneuriat f\u00e9minin \u00e0 impact en \u00cele-de-France. Port\u00e9 par l\u2019association Empow\u2019Her, c\u2019est un lieu de vie bienveillant et joyeux, ouvert \u00e0 tou\u00b7te\u00b7s o\u00f9 il est possible de se former, s&#8217;inspirer, s&#8217;engager et se rencontrer. &#x1f64c;<\/p>\n<p>Ce projet est co-financ\u00e9 par le Fonds Social Europ\u00e9en.<\/p>\n","protected":false},"featured_media":117811,"template":"","format":"standard","meta":{"_acf_changed":false,"om_disable_all_campaigns":false,"_uf_show_specific_survey":0,"_uf_disable_surveys":false},"product_brand":[],"product_cat":[119],"product_tag":[],"lieu":[127],"thematiques":[],"class_list":{"0":"post-117810","1":"product","2":"type-product","3":"status-publish","4":"format-standard","5":"has-post-thumbnail","7":"product_cat-evenement-sisther","8":"lieu-hub-empowher","10":"first","11":"instock","12":"virtual","13":"purchasable","14":"product-type-appointment"},"exclude_global_add_ons":[],"addons":[],"acf":[],"yoast_head":"<!-- This site is optimized with the Yoast SEO plugin v24.8 - https:\/\/yoast.com\/wordpress\/plugins\/seo\/ -->\n<title>Lingerie, inclusivit\u00e9, sexualit\u00e9 - Empow&#039;Her<\/title>\n<meta name=\"description\" content=\"Le mercredi 17 mai \u00e0 18h30, viens parler sexualit\u00e9, lingerie et inclusivit\u00e9 avec Manon Cauchoix et deux special guest.\" \/>\n<meta name=\"robots\" content=\"index, follow, max-snippet:-1, max-image-preview:large, max-video-preview:-1\" \/>\n<link rel=\"canonical\" href=\"https:\/\/empow-her.com\/produit\/conference-sexualite-lingerie-inclusivite\/\" \/>\n<meta property=\"og:locale\" content=\"en_US\" \/>\n<meta property=\"og:type\" content=\"article\" \/>\n<meta property=\"og:title\" content=\"Lingerie, inclusivit\u00e9, sexualit\u00e9 - Empow&#039;Her\" \/>\n<meta property=\"og:description\" content=\"Le mercredi 17 mai \u00e0 18h30, viens parler sexualit\u00e9, lingerie et inclusivit\u00e9 avec Manon Cauchoix et deux special guest.\" \/>\n<meta property=\"og:url\" content=\"https:\/\/empow-her.com\/produit\/conference-sexualite-lingerie-inclusivite\/\" \/>\n<meta property=\"og:site_name\" content=\"Empow&#039;Her\" \/>\n<meta property=\"article:modified_time\" content=\"2022-09-28T09:45:05+00:00\" \/>\n<meta property=\"og:image\" content=\"https:\/\/empow-her.com\/wp-content\/uploads\/2022\/04\/Template-Event-SistHer-site-6.png\" \/>\n\t<meta property=\"og:image:width\" content=\"1080\" \/>\n\t<meta property=\"og:image:height\" content=\"1080\" \/>\n\t<meta property=\"og:image:type\" content=\"image\/png\" \/>\n<meta name=\"twitter:card\" content=\"summary_large_image\" \/>\n<meta name=\"twitter:label1\" content=\"Est. reading time\" \/>\n\t<meta name=\"twitter:data1\" content=\"1 minute\" \/>\n<script type=\"application\/ld+json\" class=\"yoast-schema-graph\">{\"@context\":\"https:\/\/schema.org\",\"@graph\":[{\"@type\":\"WebPage\",\"@id\":\"https:\/\/empow-her.com\/produit\/conference-sexualite-lingerie-inclusivite\/\",\"url\":\"https:\/\/empow-her.com\/produit\/conference-sexualite-lingerie-inclusivite\/\",\"name\":\"Lingerie, inclusivit\u00e9, sexualit\u00e9 - Empow&#039;Her\",\"isPartOf\":{\"@id\":\"https:\/\/empow-her.com\/#website\"},\"primaryImageOfPage\":{\"@id\":\"https:\/\/empow-her.com\/produit\/conference-sexualite-lingerie-inclusivite\/#primaryimage\"},\"image\":{\"@id\":\"https:\/\/empow-her.com\/produit\/conference-sexualite-lingerie-inclusivite\/#primaryimage\"},\"thumbnailUrl\":\"https:\/\/empow-her.com\/wp-content\/uploads\/2022\/04\/Template-Event-SistHer-site-6.png\",\"datePublished\":\"2022-04-07T09:03:56+00:00\",\"dateModified\":\"2022-09-28T09:45:05+00:00\",\"description\":\"Le mercredi 17 mai \u00e0 18h30, viens parler sexualit\u00e9, lingerie et inclusivit\u00e9 avec Manon Cauchoix et deux special guest.\",\"breadcrumb\":{\"@id\":\"https:\/\/empow-her.com\/produit\/conference-sexualite-lingerie-inclusivite\/#breadcrumb\"},\"inLanguage\":\"en-US\",\"potentialAction\":[{\"@type\":\"ReadAction\",\"target\":[\"https:\/\/empow-her.com\/produit\/conference-sexualite-lingerie-inclusivite\/\"]}]},{\"@type\":\"ImageObject\",\"inLanguage\":\"en-US\",\"@id\":\"https:\/\/empow-her.com\/produit\/conference-sexualite-lingerie-inclusivite\/#primaryimage\",\"url\":\"https:\/\/empow-her.com\/wp-content\/uploads\/2022\/04\/Template-Event-SistHer-site-6.png\",\"contentUrl\":\"https:\/\/empow-her.com\/wp-content\/uploads\/2022\/04\/Template-Event-SistHer-site-6.png\",\"width\":1080,\"height\":1080},{\"@type\":\"BreadcrumbList\",\"@id\":\"https:\/\/empow-her.com\/produit\/conference-sexualite-lingerie-inclusivite\/#breadcrumb\",\"itemListElement\":[{\"@type\":\"ListItem\",\"position\":1,\"name\":\"Accueil\",\"item\":\"https:\/\/empow-her.com\/en\/landing-page\/\"},{\"@type\":\"ListItem\",\"position\":2,\"name\":\"LA BOUTIQUE\",\"item\":\"https:\/\/empow-her.com\/boutique\/\"},{\"@type\":\"ListItem\",\"position\":3,\"name\":\"Lingerie, inclusivit\u00e9, sexualit\u00e9\"}]},{\"@type\":\"WebSite\",\"@id\":\"https:\/\/empow-her.com\/#website\",\"url\":\"https:\/\/empow-her.com\/\",\"name\":\"Empow&#039;Her\",\"description\":\"Women Development\",\"potentialAction\":[{\"@type\":\"SearchAction\",\"target\":{\"@type\":\"EntryPoint\",\"urlTemplate\":\"https:\/\/empow-her.com\/?s={search_term_string}\"},\"query-input\":{\"@type\":\"PropertyValueSpecification\",\"valueRequired\":true,\"valueName\":\"search_term_string\"}}],\"inLanguage\":\"en-US\"}]}<\/script>\n<!-- \/ Yoast SEO plugin. -->","yoast_head_json":{"title":"Lingerie, inclusivit\u00e9, sexualit\u00e9 - Empow&#039;Her","description":"Le mercredi 17 mai \u00e0 18h30, viens parler sexualit\u00e9, lingerie et inclusivit\u00e9 avec Manon Cauchoix et deux special guest.","robots":{"index":"index","follow":"follow","max-snippet":"max-snippet:-1","max-image-preview":"max-image-preview:large","max-video-preview":"max-video-preview:-1"},"canonical":"https:\/\/empow-her.com\/produit\/conference-sexualite-lingerie-inclusivite\/","og_locale":"en_US","og_type":"article","og_title":"Lingerie, inclusivit\u00e9, sexualit\u00e9 - Empow&#039;Her","og_description":"Le mercredi 17 mai \u00e0 18h30, viens parler sexualit\u00e9, lingerie et inclusivit\u00e9 avec Manon Cauchoix et deux special guest.","og_url":"https:\/\/empow-her.com\/produit\/conference-sexualite-lingerie-inclusivite\/","og_site_name":"Empow&#039;Her","article_modified_time":"2022-09-28T09:45:05+00:00","og_image":[{"width":1080,"height":1080,"url":"https:\/\/empow-her.com\/wp-content\/uploads\/2022\/04\/Template-Event-SistHer-site-6.png","type":"image\/png"}],"twitter_card":"summary_large_image","twitter_misc":{"Est. reading time":"1 minute"},"schema":{"@context":"https:\/\/schema.org","@graph":[{"@type":"WebPage","@id":"https:\/\/empow-her.com\/produit\/conference-sexualite-lingerie-inclusivite\/","url":"https:\/\/empow-her.com\/produit\/conference-sexualite-lingerie-inclusivite\/","name":"Lingerie, inclusivit\u00e9, sexualit\u00e9 - Empow&#039;Her","isPartOf":{"@id":"https:\/\/empow-her.com\/#website"},"primaryImageOfPage":{"@id":"https:\/\/empow-her.com\/produit\/conference-sexualite-lingerie-inclusivite\/#primaryimage"},"image":{"@id":"https:\/\/empow-her.com\/produit\/conference-sexualite-lingerie-inclusivite\/#primaryimage"},"thumbnailUrl":"https:\/\/empow-her.com\/wp-content\/uploads\/2022\/04\/Template-Event-SistHer-site-6.png","datePublished":"2022-04-07T09:03:56+00:00","dateModified":"2022-09-28T09:45:05+00:00","description":"Le mercredi 17 mai \u00e0 18h30, viens parler sexualit\u00e9, lingerie et inclusivit\u00e9 avec Manon Cauchoix et deux special guest.","breadcrumb":{"@id":"https:\/\/empow-her.com\/produit\/conference-sexualite-lingerie-inclusivite\/#breadcrumb"},"inLanguage":"en-US","potentialAction":[{"@type":"ReadAction","target":["https:\/\/empow-her.com\/produit\/conference-sexualite-lingerie-inclusivite\/"]}]},{"@type":"ImageObject","inLanguage":"en-US","@id":"https:\/\/empow-her.com\/produit\/conference-sexualite-lingerie-inclusivite\/#primaryimage","url":"https:\/\/empow-her.com\/wp-content\/uploads\/2022\/04\/Template-Event-SistHer-site-6.png","contentUrl":"https:\/\/empow-her.com\/wp-content\/uploads\/2022\/04\/Template-Event-SistHer-site-6.png","width":1080,"height":1080},{"@type":"BreadcrumbList","@id":"https:\/\/empow-her.com\/produit\/conference-sexualite-lingerie-inclusivite\/#breadcrumb","itemListElement":[{"@type":"ListItem","position":1,"name":"Accueil","item":"https:\/\/empow-her.com\/en\/landing-page\/"},{"@type":"ListItem","position":2,"name":"LA BOUTIQUE","item":"https:\/\/empow-her.com\/boutique\/"},{"@type":"ListItem","position":3,"name":"Lingerie, inclusivit\u00e9, sexualit\u00e9"}]},{"@type":"WebSite","@id":"https:\/\/empow-her.com\/#website","url":"https:\/\/empow-her.com\/","name":"Empow&#039;Her","description":"Women Development","potentialAction":[{"@type":"SearchAction","target":{"@type":"EntryPoint","urlTemplate":"https:\/\/empow-her.com\/?s={search_term_string}"},"query-input":{"@type":"PropertyValueSpecification","valueRequired":true,"valueName":"search_term_string"}}],"inLanguage":"en-US"}]}},"_links":{"self":[{"href":"https:\/\/empow-her.com\/en\/wp-json\/wp\/v2\/product\/117810","targetHints":{"allow":["GET"]}}],"collection":[{"href":"https:\/\/empow-her.com\/en\/wp-json\/wp\/v2\/product"}],"about":[{"href":"https:\/\/empow-her.com\/en\/wp-json\/wp\/v2\/types\/product"}],"wp:featuredmedia":[{"embeddable":true,"href":"https:\/\/empow-her.com\/en\/wp-json\/wp\/v2\/media\/117811"}],"wp:attachment":[{"href":"https:\/\/empow-her.com\/en\/wp-json\/wp\/v2\/media?parent=117810"}],"wp:term":[{"taxonomy":"product_brand","embeddable":true,"href":"https:\/\/empow-her.com\/en\/wp-json\/wp\/v2\/product_brand?post=117810"},{"taxonomy":"product_cat","embeddable":true,"href":"https:\/\/empow-her.com\/en\/wp-json\/wp\/v2\/product_cat?post=117810"},{"taxonomy":"product_tag","embeddable":true,"href":"https:\/\/empow-her.com\/en\/wp-json\/wp\/v2\/product_tag?post=117810"},{"taxonomy":"lieu","embeddable":true,"href":"https:\/\/empow-her.com\/en\/wp-json\/wp\/v2\/lieu?post=117810"},{"taxonomy":"thematiques","embeddable":true,"href":"https:\/\/empow-her.com\/en\/wp-json\/wp\/v2\/thematiques?post=117810"}],"curies":[{"name":"wp","href":"https:\/\/api.w.org\/{rel}","templated":true}]}}