{"id":11771,"date":"2021-03-02T16:20:34","date_gmt":"2021-03-02T15:20:34","guid":{"rendered":"https:\/\/empow-her.com\/?post_type=product&#038;p=11771"},"modified":"2021-03-02T16:35:22","modified_gmt":"2021-03-02T15:35:22","slug":"shetalks-elles-creent-des-lieux-dedies-aux-femmes","status":"publish","type":"product","link":"https:\/\/empow-her.com\/en\/produit\/shetalks-elles-creent-des-lieux-dedies-aux-femmes\/","title":{"rendered":"SheTalks : elles cr\u00e9ent des lieux d\u00e9di\u00e9s aux femmes"},"content":{"rendered":"<p>\u00c0 l\u2019occasion de la journ\u00e9e internationale des droits des femmes, qui c\u00e9l\u00e8bre cette ann\u00e9e le leadership, nous voulions mettre en avant 3 entrepreneures qui incarnent \u00e0 leur \u00e9chelle, l\u2019appropriation de l\u2019espace public pour le rendre plus inclusif !<\/p>\n<p>Nous aurons donc le plaisir d\u2019accueillir en ligne,\u00a0 Edwige-Ren\u00e9e Dro Fondatrice et G\u00e9rante de 1949, biblioth\u00e8que f\u00e9ministe \u00e0 Abidjan, Camille Perl\u00e8s Charg\u00e9e des projets femmes pour l\u2019association Banlieues Sant\u00e9 qui va lancer le premier Caf\u00e9 des Femmes \u00e0 Clichy et Mariama Fondatrice de Girl Power, salle de sport r\u00e9serv\u00e9e aux femmes \u00e0 Niamey pour un SheTalks international entre Niamey, Paris et Abidjan !<\/p>\n","protected":false},"excerpt":{"rendered":"<p>\u00c0 l\u2019occasion de la journ\u00e9e internationale des droits des femmes, qui c\u00e9l\u00e8bre cette ann\u00e9e le leadership, nous voulions mettre en avant 3 entrepreneures qui incarnent \u00e0 leur \u00e9chelle, l\u2019appropriation de l\u2019espace public pour le rendre plus inclusif !<\/p>\n<p>Nous aurons donc le plaisir d\u2019accueillir en ligne,\u00a0 Edwige-Ren\u00e9e Dro Fondatrice et G\u00e9rante de 1949, biblioth\u00e8que f\u00e9ministe \u00e0 Abidjan, Camille Perl\u00e8s Charg\u00e9e des projets femmes pour l\u2019association Banlieues Sant\u00e9 qui va lancer le premier Caf\u00e9 des Femmes \u00e0 Clichy et\u00a0Mariama Fondatrice de Girl Power, salle de sport r\u00e9serv\u00e9e aux femmes \u00e0 Niamey pour un SheTalks international entre Niamey, Paris et Abidjan<\/p>\n","protected":false},"featured_media":11772,"template":"","format":"standard","meta":{"_acf_changed":false,"om_disable_all_campaigns":false,"_uf_show_specific_survey":0,"_uf_disable_surveys":false},"product_brand":[],"product_cat":[119],"product_tag":[],"lieu":[125],"thematiques":[],"class_list":{"0":"post-11771","1":"product","2":"type-product","3":"status-publish","4":"format-standard","5":"has-post-thumbnail","7":"product_cat-evenement-sisther","8":"lieu-en-ligne","10":"first","11":"instock","12":"virtual","13":"purchasable","14":"product-type-appointment"},"exclude_global_add_ons":[],"addons":[],"acf":[],"yoast_head":"<!-- This site is optimized with the Yoast SEO plugin v24.8 - https:\/\/yoast.com\/wordpress\/plugins\/seo\/ -->\n<title>SheTalks : elles cr\u00e9ent des lieux d\u00e9di\u00e9s aux femmes - Empow&#039;Her<\/title>\n<meta name=\"robots\" content=\"index, follow, max-snippet:-1, max-image-preview:large, max-video-preview:-1\" \/>\n<link rel=\"canonical\" href=\"https:\/\/empow-her.com\/produit\/shetalks-elles-creent-des-lieux-dedies-aux-femmes\/\" \/>\n<meta property=\"og:locale\" content=\"en_US\" \/>\n<meta property=\"og:type\" content=\"article\" \/>\n<meta property=\"og:title\" content=\"SheTalks : elles cr\u00e9ent des lieux d\u00e9di\u00e9s aux femmes - Empow&#039;Her\" \/>\n<meta property=\"og:description\" content=\"\u00c0 l\u2019occasion de la journ\u00e9e internationale des droits des femmes, qui c\u00e9l\u00e8bre cette ann\u00e9e le leadership, nous voulions mettre en avant 3 entrepreneures qui incarnent \u00e0 leur \u00e9chelle, l\u2019appropriation de l\u2019espace public pour le rendre plus inclusif !  Nous aurons donc le plaisir d\u2019accueillir en ligne,\u00a0 Edwige-Ren\u00e9e Dro Fondatrice et G\u00e9rante de 1949, biblioth\u00e8que f\u00e9ministe \u00e0 Abidjan, Camille Perl\u00e8s Charg\u00e9e des projets femmes pour l\u2019association Banlieues Sant\u00e9 qui va lancer le premier Caf\u00e9 des Femmes \u00e0 Clichy et\u00a0Mariama Fondatrice de Girl Power, salle de sport r\u00e9serv\u00e9e aux femmes \u00e0 Niamey pour un SheTalks international entre Niamey, Paris et Abidjan\" \/>\n<meta property=\"og:url\" content=\"https:\/\/empow-her.com\/produit\/shetalks-elles-creent-des-lieux-dedies-aux-femmes\/\" \/>\n<meta property=\"og:site_name\" content=\"Empow&#039;Her\" \/>\n<meta property=\"article:modified_time\" content=\"2021-03-02T15:35:22+00:00\" \/>\n<meta property=\"og:image\" content=\"https:\/\/empow-her.com\/wp-content\/uploads\/2021\/03\/EVENTS-FEVRIER-_-MARS-2021-3.png\" \/>\n\t<meta property=\"og:image:width\" content=\"1080\" \/>\n\t<meta property=\"og:image:height\" content=\"1080\" \/>\n\t<meta property=\"og:image:type\" content=\"image\/png\" \/>\n<meta name=\"twitter:card\" content=\"summary_large_image\" \/>\n<meta name=\"twitter:label1\" content=\"Est. reading time\" \/>\n\t<meta name=\"twitter:data1\" content=\"1 minute\" \/>\n<script type=\"application\/ld+json\" class=\"yoast-schema-graph\">{\"@context\":\"https:\/\/schema.org\",\"@graph\":[{\"@type\":\"WebPage\",\"@id\":\"https:\/\/empow-her.com\/produit\/shetalks-elles-creent-des-lieux-dedies-aux-femmes\/\",\"url\":\"https:\/\/empow-her.com\/produit\/shetalks-elles-creent-des-lieux-dedies-aux-femmes\/\",\"name\":\"SheTalks : elles cr\u00e9ent des lieux d\u00e9di\u00e9s aux femmes - Empow&#039;Her\",\"isPartOf\":{\"@id\":\"https:\/\/empow-her.com\/#website\"},\"primaryImageOfPage\":{\"@id\":\"https:\/\/empow-her.com\/produit\/shetalks-elles-creent-des-lieux-dedies-aux-femmes\/#primaryimage\"},\"image\":{\"@id\":\"https:\/\/empow-her.com\/produit\/shetalks-elles-creent-des-lieux-dedies-aux-femmes\/#primaryimage\"},\"thumbnailUrl\":\"https:\/\/empow-her.com\/wp-content\/uploads\/2021\/03\/EVENTS-FEVRIER-_-MARS-2021-3.png\",\"datePublished\":\"2021-03-02T15:20:34+00:00\",\"dateModified\":\"2021-03-02T15:35:22+00:00\",\"breadcrumb\":{\"@id\":\"https:\/\/empow-her.com\/produit\/shetalks-elles-creent-des-lieux-dedies-aux-femmes\/#breadcrumb\"},\"inLanguage\":\"en-US\",\"potentialAction\":[{\"@type\":\"ReadAction\",\"target\":[\"https:\/\/empow-her.com\/produit\/shetalks-elles-creent-des-lieux-dedies-aux-femmes\/\"]}]},{\"@type\":\"ImageObject\",\"inLanguage\":\"en-US\",\"@id\":\"https:\/\/empow-her.com\/produit\/shetalks-elles-creent-des-lieux-dedies-aux-femmes\/#primaryimage\",\"url\":\"https:\/\/empow-her.com\/wp-content\/uploads\/2021\/03\/EVENTS-FEVRIER-_-MARS-2021-3.png\",\"contentUrl\":\"https:\/\/empow-her.com\/wp-content\/uploads\/2021\/03\/EVENTS-FEVRIER-_-MARS-2021-3.png\",\"width\":1080,\"height\":1080},{\"@type\":\"BreadcrumbList\",\"@id\":\"https:\/\/empow-her.com\/produit\/shetalks-elles-creent-des-lieux-dedies-aux-femmes\/#breadcrumb\",\"itemListElement\":[{\"@type\":\"ListItem\",\"position\":1,\"name\":\"Accueil\",\"item\":\"https:\/\/empow-her.com\/en\/landing-page\/\"},{\"@type\":\"ListItem\",\"position\":2,\"name\":\"LA BOUTIQUE\",\"item\":\"https:\/\/empow-her.com\/boutique\/\"},{\"@type\":\"ListItem\",\"position\":3,\"name\":\"SheTalks : elles cr\u00e9ent des lieux d\u00e9di\u00e9s aux femmes\"}]},{\"@type\":\"WebSite\",\"@id\":\"https:\/\/empow-her.com\/#website\",\"url\":\"https:\/\/empow-her.com\/\",\"name\":\"Empow&#039;Her\",\"description\":\"Women Development\",\"potentialAction\":[{\"@type\":\"SearchAction\",\"target\":{\"@type\":\"EntryPoint\",\"urlTemplate\":\"https:\/\/empow-her.com\/?s={search_term_string}\"},\"query-input\":{\"@type\":\"PropertyValueSpecification\",\"valueRequired\":true,\"valueName\":\"search_term_string\"}}],\"inLanguage\":\"en-US\"}]}<\/script>\n<!-- \/ Yoast SEO plugin. -->","yoast_head_json":{"title":"SheTalks : elles cr\u00e9ent des lieux d\u00e9di\u00e9s aux femmes - Empow&#039;Her","robots":{"index":"index","follow":"follow","max-snippet":"max-snippet:-1","max-image-preview":"max-image-preview:large","max-video-preview":"max-video-preview:-1"},"canonical":"https:\/\/empow-her.com\/produit\/shetalks-elles-creent-des-lieux-dedies-aux-femmes\/","og_locale":"en_US","og_type":"article","og_title":"SheTalks : elles cr\u00e9ent des lieux d\u00e9di\u00e9s aux femmes - Empow&#039;Her","og_description":"\u00c0 l\u2019occasion de la journ\u00e9e internationale des droits des femmes, qui c\u00e9l\u00e8bre cette ann\u00e9e le leadership, nous voulions mettre en avant 3 entrepreneures qui incarnent \u00e0 leur \u00e9chelle, l\u2019appropriation de l\u2019espace public pour le rendre plus inclusif !  Nous aurons donc le plaisir d\u2019accueillir en ligne,\u00a0 Edwige-Ren\u00e9e Dro Fondatrice et G\u00e9rante de 1949, biblioth\u00e8que f\u00e9ministe \u00e0 Abidjan, Camille Perl\u00e8s Charg\u00e9e des projets femmes pour l\u2019association Banlieues Sant\u00e9 qui va lancer le premier Caf\u00e9 des Femmes \u00e0 Clichy et\u00a0Mariama Fondatrice de Girl Power, salle de sport r\u00e9serv\u00e9e aux femmes \u00e0 Niamey pour un SheTalks international entre Niamey, Paris et Abidjan","og_url":"https:\/\/empow-her.com\/produit\/shetalks-elles-creent-des-lieux-dedies-aux-femmes\/","og_site_name":"Empow&#039;Her","article_modified_time":"2021-03-02T15:35:22+00:00","og_image":[{"width":1080,"height":1080,"url":"https:\/\/empow-her.com\/wp-content\/uploads\/2021\/03\/EVENTS-FEVRIER-_-MARS-2021-3.png","type":"image\/png"}],"twitter_card":"summary_large_image","twitter_misc":{"Est. reading time":"1 minute"},"schema":{"@context":"https:\/\/schema.org","@graph":[{"@type":"WebPage","@id":"https:\/\/empow-her.com\/produit\/shetalks-elles-creent-des-lieux-dedies-aux-femmes\/","url":"https:\/\/empow-her.com\/produit\/shetalks-elles-creent-des-lieux-dedies-aux-femmes\/","name":"SheTalks : elles cr\u00e9ent des lieux d\u00e9di\u00e9s aux femmes - Empow&#039;Her","isPartOf":{"@id":"https:\/\/empow-her.com\/#website"},"primaryImageOfPage":{"@id":"https:\/\/empow-her.com\/produit\/shetalks-elles-creent-des-lieux-dedies-aux-femmes\/#primaryimage"},"image":{"@id":"https:\/\/empow-her.com\/produit\/shetalks-elles-creent-des-lieux-dedies-aux-femmes\/#primaryimage"},"thumbnailUrl":"https:\/\/empow-her.com\/wp-content\/uploads\/2021\/03\/EVENTS-FEVRIER-_-MARS-2021-3.png","datePublished":"2021-03-02T15:20:34+00:00","dateModified":"2021-03-02T15:35:22+00:00","breadcrumb":{"@id":"https:\/\/empow-her.com\/produit\/shetalks-elles-creent-des-lieux-dedies-aux-femmes\/#breadcrumb"},"inLanguage":"en-US","potentialAction":[{"@type":"ReadAction","target":["https:\/\/empow-her.com\/produit\/shetalks-elles-creent-des-lieux-dedies-aux-femmes\/"]}]},{"@type":"ImageObject","inLanguage":"en-US","@id":"https:\/\/empow-her.com\/produit\/shetalks-elles-creent-des-lieux-dedies-aux-femmes\/#primaryimage","url":"https:\/\/empow-her.com\/wp-content\/uploads\/2021\/03\/EVENTS-FEVRIER-_-MARS-2021-3.png","contentUrl":"https:\/\/empow-her.com\/wp-content\/uploads\/2021\/03\/EVENTS-FEVRIER-_-MARS-2021-3.png","width":1080,"height":1080},{"@type":"BreadcrumbList","@id":"https:\/\/empow-her.com\/produit\/shetalks-elles-creent-des-lieux-dedies-aux-femmes\/#breadcrumb","itemListElement":[{"@type":"ListItem","position":1,"name":"Accueil","item":"https:\/\/empow-her.com\/en\/landing-page\/"},{"@type":"ListItem","position":2,"name":"LA BOUTIQUE","item":"https:\/\/empow-her.com\/boutique\/"},{"@type":"ListItem","position":3,"name":"SheTalks : elles cr\u00e9ent des lieux d\u00e9di\u00e9s aux femmes"}]},{"@type":"WebSite","@id":"https:\/\/empow-her.com\/#website","url":"https:\/\/empow-her.com\/","name":"Empow&#039;Her","description":"Women Development","potentialAction":[{"@type":"SearchAction","target":{"@type":"EntryPoint","urlTemplate":"https:\/\/empow-her.com\/?s={search_term_string}"},"query-input":{"@type":"PropertyValueSpecification","valueRequired":true,"valueName":"search_term_string"}}],"inLanguage":"en-US"}]}},"_links":{"self":[{"href":"https:\/\/empow-her.com\/en\/wp-json\/wp\/v2\/product\/11771","targetHints":{"allow":["GET"]}}],"collection":[{"href":"https:\/\/empow-her.com\/en\/wp-json\/wp\/v2\/product"}],"about":[{"href":"https:\/\/empow-her.com\/en\/wp-json\/wp\/v2\/types\/product"}],"wp:featuredmedia":[{"embeddable":true,"href":"https:\/\/empow-her.com\/en\/wp-json\/wp\/v2\/media\/11772"}],"wp:attachment":[{"href":"https:\/\/empow-her.com\/en\/wp-json\/wp\/v2\/media?parent=11771"}],"wp:term":[{"taxonomy":"product_brand","embeddable":true,"href":"https:\/\/empow-her.com\/en\/wp-json\/wp\/v2\/product_brand?post=11771"},{"taxonomy":"product_cat","embeddable":true,"href":"https:\/\/empow-her.com\/en\/wp-json\/wp\/v2\/product_cat?post=11771"},{"taxonomy":"product_tag","embeddable":true,"href":"https:\/\/empow-her.com\/en\/wp-json\/wp\/v2\/product_tag?post=11771"},{"taxonomy":"lieu","embeddable":true,"href":"https:\/\/empow-her.com\/en\/wp-json\/wp\/v2\/lieu?post=11771"},{"taxonomy":"thematiques","embeddable":true,"href":"https:\/\/empow-her.com\/en\/wp-json\/wp\/v2\/thematiques?post=11771"}],"curies":[{"name":"wp","href":"https:\/\/api.w.org\/{rel}","templated":true}]}}