{"id":117386,"date":"2022-03-25T09:52:46","date_gmt":"2022-03-25T08:52:46","guid":{"rendered":"https:\/\/empow-her.com\/?post_type=product&#038;p=117386"},"modified":"2022-09-28T11:45:39","modified_gmt":"2022-09-28T09:45:39","slug":"cours-2-de-yoga-chez-sisther","status":"publish","type":"product","link":"https:\/\/empow-her.com\/en\/produit\/cours-2-de-yoga-chez-sisther\/","title":{"rendered":"Cours de yoga #2 chez Sist&#8217;Her"},"content":{"rendered":"<p>Mercredi 11 mai de 12h30 \u00e0 13h30, Sist&#8217;Her transforme son tiers-lieu en salle de yoga solidaire ouvert \u00e0 tous.tes. Que vous soyez d\u00e9butante ou experte, ces s\u00e9ances de yoga sont accessibles quelque soit votre niveau ! Promis on ne vous demandera pas de faire la posture du paon d\u00e8s la premi\u00e8re s\u00e9ance. L&#8217;id\u00e9e est de vous proposer des temps de pause dans votre journ\u00e9e, pour venir respirer, ralentir le rythme tout en restant dans une posture dynamique afin d&#8217;attaquer l&#8217;apr\u00e8s-midi avec vigueur !<\/p>\n<p>\u00ab L\u2019action c\u2019est le mouvement avec intelligence. Le monde est rempli de mouvement. Ce dont le monde a besoin, c\u2019est plus de mouvements conscients. \u00bb Sri B.K.S Iyengar<\/p>\n<p>Ce format innovant est co-organis\u00e9 par l&#8217;association NOUR, cr\u00e9\u00e9e en 2019, qui vise l\u2019inclusion par le yoga des personnes en situation de pr\u00e9carit\u00e9 et d\u2019Exil. Pour une fois le yoga ne cassera pas votre budget, ces s\u00e9ances sont sur donation non-obligatoire. NOUR et Sist&#8217;Her se rassemblent pour vous offrir une occasion rare de pouvoir pratiquer et apprendre le yoga.<\/p>\n<p>L&#8217;atelier \u00e9tant restreint \u00e0 15 personnes, inscrivez-vous gratuitement ici avant qu&#8217;il n&#8217;y ait plus de place :<\/p>\n<p>Une tenue confortable et un tapis sont les bienvenus ! Pour celles qui n&#8217;ont pas de tapis, nous pourrons en mettre quelques-uns \u00e0 disposition.<\/p>\n<p>Est-ce que l&#8217;id\u00e9e vous pla\u00eet ? Vous \u00eates partantes pour un mois de yoga ?<\/p>\n<p>&#x1f4cd; 82 Rue du Faubourg Saint-Martin, 75010 Paris.<\/p>\n<p>&#x1f516; R\u00e9servation gratuite obligatoire : https:\/\/empow-her.com\/produit\/cours-de-yoga-sisther-bien-etre\/<\/p>\n<div class=\"cxmmr5t8 oygrvhab hcukyx3x c1et5uql o9v6fnle\">Ouvert en mars 2021, Sist\u2019Her est le premier tiers-lieu d\u00e9di\u00e9 \u00e0 l&#8217;entrepreneuriat f\u00e9minin \u00e0 impact en \u00cele-de-France. Port\u00e9 par l\u2019association Empow\u2019Her, c\u2019est un lieu de vie bienveillant et joyeux, ouvert \u00e0 tou\u00b7te\u00b7s o\u00f9 il est possible de se former, s&#8217;inspirer, se rencontrer et s&#8217;engager. <span class=\"pq6dq46d tbxw36s4 knj5qynh kvgmc6g5 ditlmg2l oygrvhab nvdbi5me sf5mxxl7 gl3lb2sf hhz5lgdu\"><img decoding=\"async\" src=\"https:\/\/static.xx.fbcdn.net\/images\/emoji.php\/v9\/t56\/1.5\/16\/1f64c.png\" alt=\"&#x1f64c;\" width=\"16\" height=\"16\" \/><br \/>\n<\/span><\/div>\n<div><\/div>\n<div class=\"cxmmr5t8 oygrvhab hcukyx3x c1et5uql o9v6fnle\">Ce projet est co-financ\u00e9 par le Fonds Social Europ\u00e9en.<\/div>\n","protected":false},"excerpt":{"rendered":"<p>Mercredi 11 mai de 12h30 \u00e0 13h30, Sist&#8217;Her transforme son tiers-lieu en salle de yoga solidaire ouvert \u00e0 tous.tes. Que vous soyez d\u00e9butante ou experte, ces s\u00e9ances de yoga sont accessibles quelque soit votre niveau ! Promis on ne vous demandera pas de faire la posture du paon d\u00e8s la premi\u00e8re s\u00e9ance. L&#8217;id\u00e9e est de vous proposer des temps de pause dans votre journ\u00e9e, pour venir respirer, ralentir le rythme tout en restant dans une posture dynamique afin d&#8217;attaquer l&#8217;apr\u00e8s-midi avec vigueur !<\/p>\n<p>\u00ab L\u2019action c\u2019est le mouvement avec intelligence. Le monde est rempli de mouvement. Ce dont le monde a besoin, c\u2019est plus de mouvements conscients. \u00bb Sri B.K.S Iyengar<\/p>\n<p>Ce format innovant est co-organis\u00e9 par l&#8217;association NOUR, cr\u00e9\u00e9e en 2019, qui vise l\u2019inclusion par le yoga des personnes en situation de pr\u00e9carit\u00e9 et d\u2019Exil. Pour une fois le yoga ne cassera pas votre budget, ces s\u00e9ances sont sur donation non-obligatoire. NOUR et Sist&#8217;Her se rassemblent pour vous offrir une occasion rare de pouvoir pratiquer et apprendre le yoga.<\/p>\n<p>L&#8217;atelier \u00e9tant restreint \u00e0 15 personnes, inscrivez-vous gratuitement ici avant qu&#8217;il n&#8217;y ait plus de place :<\/p>\n<p>Une tenue confortable et un tapis sont les bienvenus ! Pour celles qui n&#8217;ont pas de tapis, nous pourrons en mettre quelques-uns \u00e0 disposition.<\/p>\n<p>Est-ce que l&#8217;id\u00e9e vous pla\u00eet ? Vous \u00eates partantes pour un mois de yoga ?<\/p>\n<p>&#x1f4cd; 82 Rue du Faubourg Saint-Martin, 75010 Paris.<\/p>\n<p>&#x1f516; R\u00e9servation gratuite obligatoire : https:\/\/empow-her.com\/produit\/cours-de-yoga-Sist&#8217;Her-bien-\u00eatre\/<\/p>\n<div class=\"cxmmr5t8 oygrvhab hcukyx3x c1et5uql o9v6fnle\">Ouvert en mars 2021, Sist\u2019Her est le premier tiers-lieu d\u00e9di\u00e9 \u00e0 l&#8217;entrepreneuriat f\u00e9minin \u00e0 impact en \u00cele-de-France. Port\u00e9 par l\u2019association Empow\u2019Her, c\u2019est un lieu de vie bienveillant et joyeux, ouvert \u00e0 tou\u00b7te\u00b7s o\u00f9 il est possible de se former, s&#8217;inspirer, se rencontrer et s&#8217;engager. <span class=\"pq6dq46d tbxw36s4 knj5qynh kvgmc6g5 ditlmg2l oygrvhab nvdbi5me sf5mxxl7 gl3lb2sf hhz5lgdu\"><img decoding=\"async\" src=\"https:\/\/static.xx.fbcdn.net\/images\/emoji.php\/v9\/t56\/1.5\/16\/1f64c.png\" alt=\"&#x1f64c;\" width=\"16\" height=\"16\" \/><br \/>\n<\/span><\/div>\n<div><\/div>\n<div class=\"cxmmr5t8 oygrvhab hcukyx3x c1et5uql o9v6fnle\">Ce projet est co-financ\u00e9 par le Fonds Social Europ\u00e9en.<\/div>\n","protected":false},"featured_media":117387,"template":"","format":"standard","meta":{"_acf_changed":false,"om_disable_all_campaigns":false,"_uf_show_specific_survey":0,"_uf_disable_surveys":false},"product_brand":[],"product_cat":[119],"product_tag":[],"lieu":[127],"thematiques":[],"class_list":{"0":"post-117386","1":"product","2":"type-product","3":"status-publish","4":"format-standard","5":"has-post-thumbnail","7":"product_cat-evenement-sisther","8":"lieu-hub-empowher","10":"first","11":"instock","12":"virtual","13":"purchasable","14":"product-type-appointment"},"exclude_global_add_ons":[],"addons":[],"acf":[],"yoast_head":"<!-- This site is optimized with the Yoast SEO plugin v24.8 - https:\/\/yoast.com\/wordpress\/plugins\/seo\/ -->\n<title>Cours de yoga #2 chez Sist&#039;Her - Empow&#039;Her<\/title>\n<meta name=\"description\" content=\"Tous les mercredi du mois de mai chez Sist&#039;her, ont lieu des cours de yoga sur donation libre, donn\u00e9 par l&#039;association NOUR !\" \/>\n<meta name=\"robots\" content=\"index, follow, max-snippet:-1, max-image-preview:large, max-video-preview:-1\" \/>\n<link rel=\"canonical\" href=\"https:\/\/empow-her.com\/produit\/cours-2-de-yoga-chez-sisther\/\" \/>\n<meta property=\"og:locale\" content=\"en_US\" \/>\n<meta property=\"og:type\" content=\"article\" \/>\n<meta property=\"og:title\" content=\"Cours de yoga #2 chez Sist&#039;Her - Empow&#039;Her\" \/>\n<meta property=\"og:description\" content=\"Tous les mercredi du mois de mai chez Sist&#039;her, ont lieu des cours de yoga sur donation libre, donn\u00e9 par l&#039;association NOUR !\" \/>\n<meta property=\"og:url\" content=\"https:\/\/empow-her.com\/produit\/cours-2-de-yoga-chez-sisther\/\" \/>\n<meta property=\"og:site_name\" content=\"Empow&#039;Her\" \/>\n<meta property=\"article:modified_time\" content=\"2022-09-28T09:45:39+00:00\" \/>\n<meta property=\"og:image\" content=\"https:\/\/empow-her.com\/wp-content\/uploads\/2022\/03\/Template-Event-SistHer-site-1-2.png\" \/>\n\t<meta property=\"og:image:width\" content=\"1080\" \/>\n\t<meta property=\"og:image:height\" content=\"1080\" \/>\n\t<meta property=\"og:image:type\" content=\"image\/png\" \/>\n<meta name=\"twitter:card\" content=\"summary_large_image\" \/>\n<meta name=\"twitter:label1\" content=\"Est. reading time\" \/>\n\t<meta name=\"twitter:data1\" content=\"2 minutes\" \/>\n<script type=\"application\/ld+json\" class=\"yoast-schema-graph\">{\"@context\":\"https:\/\/schema.org\",\"@graph\":[{\"@type\":\"WebPage\",\"@id\":\"https:\/\/empow-her.com\/produit\/cours-2-de-yoga-chez-sisther\/\",\"url\":\"https:\/\/empow-her.com\/produit\/cours-2-de-yoga-chez-sisther\/\",\"name\":\"Cours de yoga #2 chez Sist'Her - Empow&#039;Her\",\"isPartOf\":{\"@id\":\"https:\/\/empow-her.com\/#website\"},\"primaryImageOfPage\":{\"@id\":\"https:\/\/empow-her.com\/produit\/cours-2-de-yoga-chez-sisther\/#primaryimage\"},\"image\":{\"@id\":\"https:\/\/empow-her.com\/produit\/cours-2-de-yoga-chez-sisther\/#primaryimage\"},\"thumbnailUrl\":\"https:\/\/empow-her.com\/wp-content\/uploads\/2022\/03\/Template-Event-SistHer-site-1-2.png\",\"datePublished\":\"2022-03-25T08:52:46+00:00\",\"dateModified\":\"2022-09-28T09:45:39+00:00\",\"description\":\"Tous les mercredi du mois de mai chez Sist'her, ont lieu des cours de yoga sur donation libre, donn\u00e9 par l'association NOUR !\",\"breadcrumb\":{\"@id\":\"https:\/\/empow-her.com\/produit\/cours-2-de-yoga-chez-sisther\/#breadcrumb\"},\"inLanguage\":\"en-US\",\"potentialAction\":[{\"@type\":\"ReadAction\",\"target\":[\"https:\/\/empow-her.com\/produit\/cours-2-de-yoga-chez-sisther\/\"]}]},{\"@type\":\"ImageObject\",\"inLanguage\":\"en-US\",\"@id\":\"https:\/\/empow-her.com\/produit\/cours-2-de-yoga-chez-sisther\/#primaryimage\",\"url\":\"https:\/\/empow-her.com\/wp-content\/uploads\/2022\/03\/Template-Event-SistHer-site-1-2.png\",\"contentUrl\":\"https:\/\/empow-her.com\/wp-content\/uploads\/2022\/03\/Template-Event-SistHer-site-1-2.png\",\"width\":1080,\"height\":1080},{\"@type\":\"BreadcrumbList\",\"@id\":\"https:\/\/empow-her.com\/produit\/cours-2-de-yoga-chez-sisther\/#breadcrumb\",\"itemListElement\":[{\"@type\":\"ListItem\",\"position\":1,\"name\":\"Accueil\",\"item\":\"https:\/\/empow-her.com\/en\/landing-page\/\"},{\"@type\":\"ListItem\",\"position\":2,\"name\":\"LA BOUTIQUE\",\"item\":\"https:\/\/empow-her.com\/boutique\/\"},{\"@type\":\"ListItem\",\"position\":3,\"name\":\"Cours de yoga #2 chez Sist&#8217;Her\"}]},{\"@type\":\"WebSite\",\"@id\":\"https:\/\/empow-her.com\/#website\",\"url\":\"https:\/\/empow-her.com\/\",\"name\":\"Empow&#039;Her\",\"description\":\"Women Development\",\"potentialAction\":[{\"@type\":\"SearchAction\",\"target\":{\"@type\":\"EntryPoint\",\"urlTemplate\":\"https:\/\/empow-her.com\/?s={search_term_string}\"},\"query-input\":{\"@type\":\"PropertyValueSpecification\",\"valueRequired\":true,\"valueName\":\"search_term_string\"}}],\"inLanguage\":\"en-US\"}]}<\/script>\n<!-- \/ Yoast SEO plugin. -->","yoast_head_json":{"title":"Cours de yoga #2 chez Sist'Her - Empow&#039;Her","description":"Tous les mercredi du mois de mai chez Sist'her, ont lieu des cours de yoga sur donation libre, donn\u00e9 par l'association NOUR !","robots":{"index":"index","follow":"follow","max-snippet":"max-snippet:-1","max-image-preview":"max-image-preview:large","max-video-preview":"max-video-preview:-1"},"canonical":"https:\/\/empow-her.com\/produit\/cours-2-de-yoga-chez-sisther\/","og_locale":"en_US","og_type":"article","og_title":"Cours de yoga #2 chez Sist'Her - Empow&#039;Her","og_description":"Tous les mercredi du mois de mai chez Sist'her, ont lieu des cours de yoga sur donation libre, donn\u00e9 par l'association NOUR !","og_url":"https:\/\/empow-her.com\/produit\/cours-2-de-yoga-chez-sisther\/","og_site_name":"Empow&#039;Her","article_modified_time":"2022-09-28T09:45:39+00:00","og_image":[{"width":1080,"height":1080,"url":"https:\/\/empow-her.com\/wp-content\/uploads\/2022\/03\/Template-Event-SistHer-site-1-2.png","type":"image\/png"}],"twitter_card":"summary_large_image","twitter_misc":{"Est. reading time":"2 minutes"},"schema":{"@context":"https:\/\/schema.org","@graph":[{"@type":"WebPage","@id":"https:\/\/empow-her.com\/produit\/cours-2-de-yoga-chez-sisther\/","url":"https:\/\/empow-her.com\/produit\/cours-2-de-yoga-chez-sisther\/","name":"Cours de yoga #2 chez Sist'Her - Empow&#039;Her","isPartOf":{"@id":"https:\/\/empow-her.com\/#website"},"primaryImageOfPage":{"@id":"https:\/\/empow-her.com\/produit\/cours-2-de-yoga-chez-sisther\/#primaryimage"},"image":{"@id":"https:\/\/empow-her.com\/produit\/cours-2-de-yoga-chez-sisther\/#primaryimage"},"thumbnailUrl":"https:\/\/empow-her.com\/wp-content\/uploads\/2022\/03\/Template-Event-SistHer-site-1-2.png","datePublished":"2022-03-25T08:52:46+00:00","dateModified":"2022-09-28T09:45:39+00:00","description":"Tous les mercredi du mois de mai chez Sist'her, ont lieu des cours de yoga sur donation libre, donn\u00e9 par l'association NOUR !","breadcrumb":{"@id":"https:\/\/empow-her.com\/produit\/cours-2-de-yoga-chez-sisther\/#breadcrumb"},"inLanguage":"en-US","potentialAction":[{"@type":"ReadAction","target":["https:\/\/empow-her.com\/produit\/cours-2-de-yoga-chez-sisther\/"]}]},{"@type":"ImageObject","inLanguage":"en-US","@id":"https:\/\/empow-her.com\/produit\/cours-2-de-yoga-chez-sisther\/#primaryimage","url":"https:\/\/empow-her.com\/wp-content\/uploads\/2022\/03\/Template-Event-SistHer-site-1-2.png","contentUrl":"https:\/\/empow-her.com\/wp-content\/uploads\/2022\/03\/Template-Event-SistHer-site-1-2.png","width":1080,"height":1080},{"@type":"BreadcrumbList","@id":"https:\/\/empow-her.com\/produit\/cours-2-de-yoga-chez-sisther\/#breadcrumb","itemListElement":[{"@type":"ListItem","position":1,"name":"Accueil","item":"https:\/\/empow-her.com\/en\/landing-page\/"},{"@type":"ListItem","position":2,"name":"LA BOUTIQUE","item":"https:\/\/empow-her.com\/boutique\/"},{"@type":"ListItem","position":3,"name":"Cours de yoga #2 chez Sist&#8217;Her"}]},{"@type":"WebSite","@id":"https:\/\/empow-her.com\/#website","url":"https:\/\/empow-her.com\/","name":"Empow&#039;Her","description":"Women Development","potentialAction":[{"@type":"SearchAction","target":{"@type":"EntryPoint","urlTemplate":"https:\/\/empow-her.com\/?s={search_term_string}"},"query-input":{"@type":"PropertyValueSpecification","valueRequired":true,"valueName":"search_term_string"}}],"inLanguage":"en-US"}]}},"_links":{"self":[{"href":"https:\/\/empow-her.com\/en\/wp-json\/wp\/v2\/product\/117386","targetHints":{"allow":["GET"]}}],"collection":[{"href":"https:\/\/empow-her.com\/en\/wp-json\/wp\/v2\/product"}],"about":[{"href":"https:\/\/empow-her.com\/en\/wp-json\/wp\/v2\/types\/product"}],"wp:featuredmedia":[{"embeddable":true,"href":"https:\/\/empow-her.com\/en\/wp-json\/wp\/v2\/media\/117387"}],"wp:attachment":[{"href":"https:\/\/empow-her.com\/en\/wp-json\/wp\/v2\/media?parent=117386"}],"wp:term":[{"taxonomy":"product_brand","embeddable":true,"href":"https:\/\/empow-her.com\/en\/wp-json\/wp\/v2\/product_brand?post=117386"},{"taxonomy":"product_cat","embeddable":true,"href":"https:\/\/empow-her.com\/en\/wp-json\/wp\/v2\/product_cat?post=117386"},{"taxonomy":"product_tag","embeddable":true,"href":"https:\/\/empow-her.com\/en\/wp-json\/wp\/v2\/product_tag?post=117386"},{"taxonomy":"lieu","embeddable":true,"href":"https:\/\/empow-her.com\/en\/wp-json\/wp\/v2\/lieu?post=117386"},{"taxonomy":"thematiques","embeddable":true,"href":"https:\/\/empow-her.com\/en\/wp-json\/wp\/v2\/thematiques?post=117386"}],"curies":[{"name":"wp","href":"https:\/\/api.w.org\/{rel}","templated":true}]}}