{"id":117143,"date":"2022-03-22T10:45:07","date_gmt":"2022-03-22T09:45:07","guid":{"rendered":"https:\/\/empow-her.com\/?post_type=product&#038;p=117143"},"modified":"2022-09-28T11:45:48","modified_gmt":"2022-09-28T09:45:48","slug":"she-talks-elles-reinventent-la-ville","status":"publish","type":"product","link":"https:\/\/empow-her.com\/en\/produit\/she-talks-elles-reinventent-la-ville\/","title":{"rendered":"SheTalks: Elles r\u00e9inventent la ville pour mieux vivre ensemble"},"content":{"rendered":"<p><strong>Le mercredi 27 avril de 18h30 \u00e0 20h,<\/strong> venez \u00e0 la rencontre de trois entrepreneures qui r\u00e9inventent la ville pour mieux vivre ensemble (plus de coh\u00e9sion sociale, moins de pollution, favoriser les rencontres&#8230;).<\/p>\n<p>Plus de la moiti\u00e9 de la population mondiale vit aujourd\u2019hui dans des villes. Cette proportion devrait atteindre 70 % en 2050. D\u2019ici l\u00e0, une personne sur six aura plus de 65 ans. Atout cl\u00e9 pour affronter les crises \u00e9cologique, \u00e9conomique ou encore sanitaire, le lien social est essentiel dans nos soci\u00e9t\u00e9s. L\u2019espace public doit \u00eatre pens\u00e9 pour et par les\u00a0<a class=\"c-link\" tabindex=\"-1\" href=\"http:\/\/habitant.es\/\" target=\"_blank\" rel=\"noopener noreferrer\" data-stringify-link=\"http:\/\/habitant.es\" data-sk=\"tooltip_parent\" data-remove-tab-index=\"true\">habitant.e.s<\/a>\u00a0afin de passer d\u2019\u00eatre chaleureux, inclusif et durable.<\/p>\n<p>Comment l\u2019urbanisme peut-il nous aider \u00e0 rassembler les citoyen.ne.s et permettre de cr\u00e9er des moments de convivialit\u00e9?<\/p>\n<p>La ville conviviale invite \u00e0 remettre l\u2019humain au centre du quartier et \u00e0 favoriser les \u00e9changes interg\u00e9n\u00e9rationnels avec plus de mixit\u00e9 sociale. Ces entrepreneures ont repens\u00e9 la ville pour mieux vivre ensemble. Leur ambition: Cr\u00e9er des villes qui favorisent la coh\u00e9sion sociale au travers de services ou d\u2019espaces.<\/p>\n<p>&#x1f516; R\u00e9servation gratuite obligatoire : https:\/\/empow-her.com\/produit\/she-talks-elles-reinventent-la-ville\/<\/p>\n<p>Ouvert en mars 2021, Sist\u2019Her est le premier tiers-lieu d\u00e9di\u00e9 \u00e0 l&#8217;entrepreneuriat f\u00e9minin \u00e0 impact en \u00cele-de-France. Port\u00e9 par l\u2019association Empow\u2019Her, c\u2019est un lieu de vie bienveillant et joyeux, ouvert \u00e0 tou\u00b7te\u00b7s o\u00f9 il est possible de se former, s&#8217;inspirer, se rencontrer et s&#8217;engager.<\/p>\n<p>Ce projet est co-financ\u00e9 par le Fonds Social Europ\u00e9en.<\/p>\n","protected":false},"excerpt":{"rendered":"<p><strong>Le mercredi 27 avril de 18h30 \u00e0 20h,<\/strong> venez \u00e0 la rencontre de trois entrepreneures qui r\u00e9inventent la ville pour mieux vivre ensemble (plus de coh\u00e9sion sociale, moins de pollution, favoriser les rencontres&#8230;).<\/p>\n<p>Plus de la moiti\u00e9 de la population mondiale vit aujourd\u2019hui dans des villes. Cette proportion devrait atteindre 70 % en 2050. D\u2019ici l\u00e0, une personne sur six aura plus de 65 ans. Atout cl\u00e9 pour affronter les crises \u00e9cologique, \u00e9conomique ou encore sanitaire, le lien social est essentiel dans nos soci\u00e9t\u00e9s. L\u2019espace public doit \u00eatre pens\u00e9 pour et par les\u00a0<a class=\"c-link\" tabindex=\"-1\" href=\"http:\/\/habitant.es\/\" target=\"_blank\" rel=\"noopener noreferrer\" data-stringify-link=\"http:\/\/habitant.es\" data-sk=\"tooltip_parent\" data-remove-tab-index=\"true\">habitant.e.s<\/a>\u00a0afin de passer d\u2019\u00eatre chaleureux, inclusif et durable.<\/p>\n<p>Comment l\u2019urbanisme peut-il nous aider \u00e0 rassembler les citoyen.ne.s et permettre de cr\u00e9er des moments de convivialit\u00e9?<\/p>\n<p>La ville conviviale invite \u00e0 remettre l\u2019humain au centre du quartier et \u00e0 favoriser les \u00e9changes interg\u00e9n\u00e9rationnels avec plus de mixit\u00e9 sociale. Ces entrepreneures ont repens\u00e9 la ville pour mieux vivre ensemble. Leur ambition: Cr\u00e9er des villes qui favorisent la coh\u00e9sion sociale au travers de services ou d\u2019espaces.<\/p>\n<p>&#x1f516; R\u00e9servation gratuite obligatoire : https:\/\/empow-her.com\/produit\/she-talks-elles-reinventent-la-ville\/<\/p>\n<p>Ouvert en mars 2021, Sist\u2019Her est le premier tiers-lieu d\u00e9di\u00e9 \u00e0 l&#8217;entrepreneuriat f\u00e9minin \u00e0 impact en \u00cele-de-France. Port\u00e9 par l\u2019association Empow\u2019Her, c\u2019est un lieu de vie bienveillant et joyeux, ouvert \u00e0 tou\u00b7te\u00b7s o\u00f9 il est possible de se former, s&#8217;inspirer, se rencontrer et s&#8217;engager.<\/p>\n<p>Ce projet est co-financ\u00e9 par le Fonds Social Europ\u00e9en.<\/p>\n","protected":false},"featured_media":117857,"template":"","format":"standard","meta":{"_acf_changed":false,"om_disable_all_campaigns":false,"_uf_show_specific_survey":0,"_uf_disable_surveys":false},"product_brand":[],"product_cat":[119],"product_tag":[],"lieu":[127],"thematiques":[],"class_list":{"0":"post-117143","1":"product","2":"type-product","3":"status-publish","4":"format-standard","5":"has-post-thumbnail","7":"product_cat-evenement-sisther","8":"lieu-hub-empowher","10":"first","11":"instock","12":"virtual","13":"purchasable","14":"product-type-appointment"},"exclude_global_add_ons":[],"addons":[],"acf":[],"yoast_head":"<!-- This site is optimized with the Yoast SEO plugin v24.8 - https:\/\/yoast.com\/wordpress\/plugins\/seo\/ -->\n<title>SheTalks: Elles r\u00e9inventent la ville pour mieux vivre ensemble - Empow&#039;Her<\/title>\n<meta name=\"description\" content=\"A l&#039;occasion de ce She Talks, rencontrez trois entrepreneures qui repensent la ville de demain, plus inclusive et plus durable !\" \/>\n<meta name=\"robots\" content=\"index, follow, max-snippet:-1, max-image-preview:large, max-video-preview:-1\" \/>\n<link rel=\"canonical\" href=\"https:\/\/empow-her.com\/produit\/she-talks-elles-reinventent-la-ville\/\" \/>\n<meta property=\"og:locale\" content=\"en_US\" \/>\n<meta property=\"og:type\" content=\"article\" \/>\n<meta property=\"og:title\" content=\"SheTalks: Elles r\u00e9inventent la ville pour mieux vivre ensemble - Empow&#039;Her\" \/>\n<meta property=\"og:description\" content=\"A l&#039;occasion de ce She Talks, rencontrez trois entrepreneures qui repensent la ville de demain, plus inclusive et plus durable !\" \/>\n<meta property=\"og:url\" content=\"https:\/\/empow-her.com\/produit\/she-talks-elles-reinventent-la-ville\/\" \/>\n<meta property=\"og:site_name\" content=\"Empow&#039;Her\" \/>\n<meta property=\"article:modified_time\" content=\"2022-09-28T09:45:48+00:00\" \/>\n<meta property=\"og:image\" content=\"https:\/\/empow-her.com\/wp-content\/uploads\/2022\/03\/Template-Event-SistHer-site-2-1.png\" \/>\n\t<meta property=\"og:image:width\" content=\"1080\" \/>\n\t<meta property=\"og:image:height\" content=\"1080\" \/>\n\t<meta property=\"og:image:type\" content=\"image\/png\" \/>\n<meta name=\"twitter:card\" content=\"summary_large_image\" \/>\n<meta name=\"twitter:label1\" content=\"Est. reading time\" \/>\n\t<meta name=\"twitter:data1\" content=\"2 minutes\" \/>\n<script type=\"application\/ld+json\" class=\"yoast-schema-graph\">{\"@context\":\"https:\/\/schema.org\",\"@graph\":[{\"@type\":\"WebPage\",\"@id\":\"https:\/\/empow-her.com\/produit\/she-talks-elles-reinventent-la-ville\/\",\"url\":\"https:\/\/empow-her.com\/produit\/she-talks-elles-reinventent-la-ville\/\",\"name\":\"SheTalks: Elles r\u00e9inventent la ville pour mieux vivre ensemble - Empow&#039;Her\",\"isPartOf\":{\"@id\":\"https:\/\/empow-her.com\/#website\"},\"primaryImageOfPage\":{\"@id\":\"https:\/\/empow-her.com\/produit\/she-talks-elles-reinventent-la-ville\/#primaryimage\"},\"image\":{\"@id\":\"https:\/\/empow-her.com\/produit\/she-talks-elles-reinventent-la-ville\/#primaryimage\"},\"thumbnailUrl\":\"https:\/\/empow-her.com\/wp-content\/uploads\/2022\/03\/Template-Event-SistHer-site-2-1.png\",\"datePublished\":\"2022-03-22T09:45:07+00:00\",\"dateModified\":\"2022-09-28T09:45:48+00:00\",\"description\":\"A l'occasion de ce She Talks, rencontrez trois entrepreneures qui repensent la ville de demain, plus inclusive et plus durable !\",\"breadcrumb\":{\"@id\":\"https:\/\/empow-her.com\/produit\/she-talks-elles-reinventent-la-ville\/#breadcrumb\"},\"inLanguage\":\"en-US\",\"potentialAction\":[{\"@type\":\"ReadAction\",\"target\":[\"https:\/\/empow-her.com\/produit\/she-talks-elles-reinventent-la-ville\/\"]}]},{\"@type\":\"ImageObject\",\"inLanguage\":\"en-US\",\"@id\":\"https:\/\/empow-her.com\/produit\/she-talks-elles-reinventent-la-ville\/#primaryimage\",\"url\":\"https:\/\/empow-her.com\/wp-content\/uploads\/2022\/03\/Template-Event-SistHer-site-2-1.png\",\"contentUrl\":\"https:\/\/empow-her.com\/wp-content\/uploads\/2022\/03\/Template-Event-SistHer-site-2-1.png\",\"width\":1080,\"height\":1080},{\"@type\":\"BreadcrumbList\",\"@id\":\"https:\/\/empow-her.com\/produit\/she-talks-elles-reinventent-la-ville\/#breadcrumb\",\"itemListElement\":[{\"@type\":\"ListItem\",\"position\":1,\"name\":\"Accueil\",\"item\":\"https:\/\/empow-her.com\/en\/landing-page\/\"},{\"@type\":\"ListItem\",\"position\":2,\"name\":\"LA BOUTIQUE\",\"item\":\"https:\/\/empow-her.com\/boutique\/\"},{\"@type\":\"ListItem\",\"position\":3,\"name\":\"SheTalks: Elles r\u00e9inventent la ville pour mieux vivre ensemble\"}]},{\"@type\":\"WebSite\",\"@id\":\"https:\/\/empow-her.com\/#website\",\"url\":\"https:\/\/empow-her.com\/\",\"name\":\"Empow&#039;Her\",\"description\":\"Women Development\",\"potentialAction\":[{\"@type\":\"SearchAction\",\"target\":{\"@type\":\"EntryPoint\",\"urlTemplate\":\"https:\/\/empow-her.com\/?s={search_term_string}\"},\"query-input\":{\"@type\":\"PropertyValueSpecification\",\"valueRequired\":true,\"valueName\":\"search_term_string\"}}],\"inLanguage\":\"en-US\"}]}<\/script>\n<!-- \/ Yoast SEO plugin. -->","yoast_head_json":{"title":"SheTalks: Elles r\u00e9inventent la ville pour mieux vivre ensemble - Empow&#039;Her","description":"A l'occasion de ce She Talks, rencontrez trois entrepreneures qui repensent la ville de demain, plus inclusive et plus durable !","robots":{"index":"index","follow":"follow","max-snippet":"max-snippet:-1","max-image-preview":"max-image-preview:large","max-video-preview":"max-video-preview:-1"},"canonical":"https:\/\/empow-her.com\/produit\/she-talks-elles-reinventent-la-ville\/","og_locale":"en_US","og_type":"article","og_title":"SheTalks: Elles r\u00e9inventent la ville pour mieux vivre ensemble - Empow&#039;Her","og_description":"A l'occasion de ce She Talks, rencontrez trois entrepreneures qui repensent la ville de demain, plus inclusive et plus durable !","og_url":"https:\/\/empow-her.com\/produit\/she-talks-elles-reinventent-la-ville\/","og_site_name":"Empow&#039;Her","article_modified_time":"2022-09-28T09:45:48+00:00","og_image":[{"width":1080,"height":1080,"url":"https:\/\/empow-her.com\/wp-content\/uploads\/2022\/03\/Template-Event-SistHer-site-2-1.png","type":"image\/png"}],"twitter_card":"summary_large_image","twitter_misc":{"Est. reading time":"2 minutes"},"schema":{"@context":"https:\/\/schema.org","@graph":[{"@type":"WebPage","@id":"https:\/\/empow-her.com\/produit\/she-talks-elles-reinventent-la-ville\/","url":"https:\/\/empow-her.com\/produit\/she-talks-elles-reinventent-la-ville\/","name":"SheTalks: Elles r\u00e9inventent la ville pour mieux vivre ensemble - Empow&#039;Her","isPartOf":{"@id":"https:\/\/empow-her.com\/#website"},"primaryImageOfPage":{"@id":"https:\/\/empow-her.com\/produit\/she-talks-elles-reinventent-la-ville\/#primaryimage"},"image":{"@id":"https:\/\/empow-her.com\/produit\/she-talks-elles-reinventent-la-ville\/#primaryimage"},"thumbnailUrl":"https:\/\/empow-her.com\/wp-content\/uploads\/2022\/03\/Template-Event-SistHer-site-2-1.png","datePublished":"2022-03-22T09:45:07+00:00","dateModified":"2022-09-28T09:45:48+00:00","description":"A l'occasion de ce She Talks, rencontrez trois entrepreneures qui repensent la ville de demain, plus inclusive et plus durable !","breadcrumb":{"@id":"https:\/\/empow-her.com\/produit\/she-talks-elles-reinventent-la-ville\/#breadcrumb"},"inLanguage":"en-US","potentialAction":[{"@type":"ReadAction","target":["https:\/\/empow-her.com\/produit\/she-talks-elles-reinventent-la-ville\/"]}]},{"@type":"ImageObject","inLanguage":"en-US","@id":"https:\/\/empow-her.com\/produit\/she-talks-elles-reinventent-la-ville\/#primaryimage","url":"https:\/\/empow-her.com\/wp-content\/uploads\/2022\/03\/Template-Event-SistHer-site-2-1.png","contentUrl":"https:\/\/empow-her.com\/wp-content\/uploads\/2022\/03\/Template-Event-SistHer-site-2-1.png","width":1080,"height":1080},{"@type":"BreadcrumbList","@id":"https:\/\/empow-her.com\/produit\/she-talks-elles-reinventent-la-ville\/#breadcrumb","itemListElement":[{"@type":"ListItem","position":1,"name":"Accueil","item":"https:\/\/empow-her.com\/en\/landing-page\/"},{"@type":"ListItem","position":2,"name":"LA BOUTIQUE","item":"https:\/\/empow-her.com\/boutique\/"},{"@type":"ListItem","position":3,"name":"SheTalks: Elles r\u00e9inventent la ville pour mieux vivre ensemble"}]},{"@type":"WebSite","@id":"https:\/\/empow-her.com\/#website","url":"https:\/\/empow-her.com\/","name":"Empow&#039;Her","description":"Women Development","potentialAction":[{"@type":"SearchAction","target":{"@type":"EntryPoint","urlTemplate":"https:\/\/empow-her.com\/?s={search_term_string}"},"query-input":{"@type":"PropertyValueSpecification","valueRequired":true,"valueName":"search_term_string"}}],"inLanguage":"en-US"}]}},"_links":{"self":[{"href":"https:\/\/empow-her.com\/en\/wp-json\/wp\/v2\/product\/117143","targetHints":{"allow":["GET"]}}],"collection":[{"href":"https:\/\/empow-her.com\/en\/wp-json\/wp\/v2\/product"}],"about":[{"href":"https:\/\/empow-her.com\/en\/wp-json\/wp\/v2\/types\/product"}],"wp:featuredmedia":[{"embeddable":true,"href":"https:\/\/empow-her.com\/en\/wp-json\/wp\/v2\/media\/117857"}],"wp:attachment":[{"href":"https:\/\/empow-her.com\/en\/wp-json\/wp\/v2\/media?parent=117143"}],"wp:term":[{"taxonomy":"product_brand","embeddable":true,"href":"https:\/\/empow-her.com\/en\/wp-json\/wp\/v2\/product_brand?post=117143"},{"taxonomy":"product_cat","embeddable":true,"href":"https:\/\/empow-her.com\/en\/wp-json\/wp\/v2\/product_cat?post=117143"},{"taxonomy":"product_tag","embeddable":true,"href":"https:\/\/empow-her.com\/en\/wp-json\/wp\/v2\/product_tag?post=117143"},{"taxonomy":"lieu","embeddable":true,"href":"https:\/\/empow-her.com\/en\/wp-json\/wp\/v2\/lieu?post=117143"},{"taxonomy":"thematiques","embeddable":true,"href":"https:\/\/empow-her.com\/en\/wp-json\/wp\/v2\/thematiques?post=117143"}],"curies":[{"name":"wp","href":"https:\/\/api.w.org\/{rel}","templated":true}]}}