{"id":117006,"date":"2022-03-18T17:18:01","date_gmt":"2022-03-18T16:18:01","guid":{"rendered":"https:\/\/empow-her.com\/?post_type=product&#038;p=117006"},"modified":"2022-05-19T10:44:22","modified_gmt":"2022-05-19T08:44:22","slug":"coaching-analyser-une-situation-et-transformer-les-emotions-ressenties-en-leviers-daction-14-juin","status":"publish","type":"product","link":"https:\/\/empow-her.com\/en\/produit\/coaching-analyser-une-situation-et-transformer-les-emotions-ressenties-en-leviers-daction-14-juin\/","title":{"rendered":"Coaching &#8211; Analyser une situation et transformer les \u00e9motions ressenties en leviers d\u2019action"},"content":{"rendered":"","protected":false},"excerpt":{"rendered":"<p>L\u2019aventure entrepreneuriale est un ascenseur \u00e9motionnel. Comment \u00e9couter et non se couper de ses \u00e9motions ? Comment faire de ses \u00e9motions une boussole au service de son projet ? Nos \u00e9motions sont une v\u00e9ritable source d\u2019information, de r\u00e9flexion et d\u2019actions. Elles sont en relation dynamique avec nos pens\u00e9es et nos comportements. Le v\u00e9ritable enjeu est d\u2019apprendre \u00e0 les d\u00e9crypter pour avancer avec sens et lucidit\u00e9.<\/p>\n<p>Lors de ce coaching, analysez les situations qui g\u00e9n\u00e8rent pour vous des \u00e9motions, identifier d&#8217;o\u00f9 celles-ci viennent, et \u00e9tablissez un plan d&#8217;action appropri\u00e9 !<\/p>\n<p>&nbsp;<\/p>\n<p><strong>Intervenant.e.s : <\/strong>C\u00e9cile Petit, psychologue du travail, m\u00e9diatrice et coach sp\u00e9cialis\u00e9e en intelligence \u00e9motionnelle.<\/p>\n<p>&#8220;J&#8217;ai cette intime conviction : une vie professionnelle \u00e9panouissante s&#8217;appuie sur la qualit\u00e9 de notre relation \u00e0 nous-m\u00eames, aux autres et \u00e0 notre environnement.<\/p>\n<p>Psychologue du travail, m\u00e9diatrice et coach certifi\u00e9e, j&#8217;ai un parcours de formation initiale en \u00e9cole de commerce et plusieurs ann\u00e9es d&#8217;exp\u00e9rience dans le monde de l&#8217;entreprise en France, au Canada et au Danemark.<\/p>\n<p>J&#8217;ai co-fond\u00e9 l\u2019Agence Bulles avec ma s\u0153ur Sophie : des espaces-temps pour soi ou en collectif pour prendre confiance et agir avec coh\u00e9rence sans ses projets porteurs de sens.<\/p>\n<p>Au travers de mon activit\u00e9 ind\u00e9pendante d\u2019accompagnement, j\u2019accompagne des particuliers \u00e0 la prise de recul sur leurs situations de travail et au d\u00e9veloppement de ressources n\u00e9cessaires pour avancer et s&#8217;accomplir dans leurs activit\u00e9s.<\/p>\n<p>J&#8217;interviens \u00e9galement en tant qu&#8217;enseignante et coach en \u00e9cole de commerce et d&#8217;ing\u00e9nieur afin d\u2019\u0153uvrer aupr\u00e8s des \u00e9tudiant.e.s.<\/p>\n<p>V\u00e9ritablement passionn\u00e9e par les dynamiques humaines au travail, je m&#8217;int\u00e9resse notamment au r\u00f4le des \u00e9motions. Comment faire de toutes nos \u00e9motions des alli\u00e9es au service de nos activit\u00e9s ? C&#8217;est avec joie que je vous accompagnerai sur cette th\u00e9matique !&#8221;<\/p>\n<p><strong>Super pouvoir :<br \/>\n<\/strong>Co-d\u00e9tective priv\u00e9e aupr\u00e8s de mes accompagn\u00e9.e.s.<\/p>\n<p><strong>Envie de dire aux femmes:\u00a0<\/strong><br \/>\nL&#8217;aventure entrepreneuriale est une v\u00e9ritable exp\u00e9rience \u00e9motionnelle. Alors appuyons-nous du mieux possible sur ce qui nous met en joie. Cela nous encouragera \u00e0 mettre du c\u0153ur \u00e0 l&#8217;ouvrage et \u00e0 \u0153uvrer avec c\u0153ur !<\/p>\n<p>&nbsp;<\/p>\n<p>&nbsp;<\/p>\n<p>Session de coaching<strong> en\u00a0 ligne<\/strong><\/p>\n<p><strong>Dur\u00e9e<\/strong> : U<span data-sheets-value=\"{&quot;1&quot;:2,&quot;2&quot;:&quot;Permanence de 4h avec un cr\u00e9neau de 1h par participante (+ 15 minutes entre chaque)&quot;}\" data-sheets-userformat=\"{&quot;2&quot;:7167,&quot;3&quot;:{&quot;1&quot;:0},&quot;4&quot;:{&quot;1&quot;:2,&quot;2&quot;:16777215},&quot;5&quot;:{&quot;1&quot;:[{&quot;1&quot;:2,&quot;2&quot;:0,&quot;5&quot;:{&quot;1&quot;:2,&quot;2&quot;:0}},{&quot;1&quot;:0,&quot;2&quot;:0,&quot;3&quot;:3},{&quot;1&quot;:1,&quot;2&quot;:0,&quot;4&quot;:1}]},&quot;6&quot;:{&quot;1&quot;:[{&quot;1&quot;:2,&quot;2&quot;:0,&quot;5&quot;:{&quot;1&quot;:2,&quot;2&quot;:0}},{&quot;1&quot;:0,&quot;2&quot;:0,&quot;3&quot;:3},{&quot;1&quot;:1,&quot;2&quot;:0,&quot;4&quot;:1}]},&quot;7&quot;:{&quot;1&quot;:[{&quot;1&quot;:2,&quot;2&quot;:0,&quot;5&quot;:{&quot;1&quot;:2,&quot;2&quot;:0}},{&quot;1&quot;:0,&quot;2&quot;:0,&quot;3&quot;:3},{&quot;1&quot;:1,&quot;2&quot;:0,&quot;4&quot;:1}]},&quot;8&quot;:{&quot;1&quot;:[{&quot;1&quot;:2,&quot;2&quot;:0,&quot;5&quot;:{&quot;1&quot;:2,&quot;2&quot;:0}},{&quot;1&quot;:0,&quot;2&quot;:0,&quot;3&quot;:3},{&quot;1&quot;:1,&quot;2&quot;:0,&quot;4&quot;:1}]},&quot;9&quot;:0,&quot;10&quot;:1,&quot;11&quot;:4,&quot;12&quot;:0,&quot;14&quot;:{&quot;1&quot;:2,&quot;2&quot;:0},&quot;15&quot;:&quot;Calibri&quot;}\">n cr\u00e9neau de 1h en individuel<\/span><\/p>\n<p>&nbsp;<\/p>\n<p>Ce projet est co-financ\u00e9 par le Fonds Social Europ\u00e9en.<\/p>\n<p><img decoding=\"async\" class=\"alignnone size-medium wp-image-15794\" src=\"https:\/\/empow-her.com\/wp-content\/uploads\/2021\/07\/fse-logos-1-300x54.png\" alt=\"\" width=\"300\" height=\"54\" srcset=\"https:\/\/empow-her.com\/wp-content\/uploads\/2021\/07\/fse-logos-1-300x54.png 300w, https:\/\/empow-her.com\/wp-content\/uploads\/2021\/07\/fse-logos-1-600x108.png 600w, https:\/\/empow-her.com\/wp-content\/uploads\/2021\/07\/fse-logos-1-1024x184.png 1024w, https:\/\/empow-her.com\/wp-content\/uploads\/2021\/07\/fse-logos-1-768x138.png 768w, https:\/\/empow-her.com\/wp-content\/uploads\/2021\/07\/fse-logos-1-1536x275.png 1536w, https:\/\/empow-her.com\/wp-content\/uploads\/2021\/07\/fse-logos-1-2048x367.png 2048w, https:\/\/empow-her.com\/wp-content\/uploads\/2021\/07\/fse-logos-1-24x4.png 24w, https:\/\/empow-her.com\/wp-content\/uploads\/2021\/07\/fse-logos-1-36x6.png 36w, https:\/\/empow-her.com\/wp-content\/uploads\/2021\/07\/fse-logos-1-48x9.png 48w\" sizes=\"(max-width: 300px) 100vw, 300px\" \/><\/p>\n","protected":false},"featured_media":117007,"template":"","format":"standard","meta":{"_acf_changed":false,"om_disable_all_campaigns":false,"_uf_show_specific_survey":0,"_uf_disable_surveys":false},"product_brand":[],"product_cat":[121],"product_tag":[],"lieu":[125],"thematiques":[],"class_list":{"0":"post-117006","1":"product","2":"type-product","3":"status-publish","4":"format-standard","5":"has-post-thumbnail","7":"product_cat-coaching","8":"lieu-en-ligne","10":"first","11":"instock","12":"virtual","13":"purchasable","14":"product-type-appointment"},"exclude_global_add_ons":[],"addons":[],"acf":[],"yoast_head":"<!-- This site is optimized with the Yoast SEO plugin v24.8 - https:\/\/yoast.com\/wordpress\/plugins\/seo\/ -->\n<title>Coaching - Analyser une situation et transformer les \u00e9motions ressenties en leviers d\u2019action - Empow&#039;Her<\/title>\n<meta name=\"robots\" content=\"index, follow, max-snippet:-1, max-image-preview:large, max-video-preview:-1\" \/>\n<link rel=\"canonical\" href=\"https:\/\/empow-her.com\/es\/produit\/coaching-analyser-une-situation-et-transformer-les-emotions-ressenties-en-leviers-daction-14-juin\/\" \/>\n<meta property=\"og:locale\" content=\"en_US\" \/>\n<meta property=\"og:type\" content=\"article\" \/>\n<meta property=\"og:title\" content=\"Coaching - Analyser une situation et transformer les \u00e9motions ressenties en leviers d\u2019action - Empow&#039;Her\" \/>\n<meta property=\"og:description\" content=\"L\u2019aventure entrepreneuriale est un ascenseur \u00e9motionnel. Comment \u00e9couter et non se couper de ses \u00e9motions ? Comment faire de ses \u00e9motions une boussole au service de son projet ? Nos \u00e9motions sont une v\u00e9ritable source d\u2019information, de r\u00e9flexion et d\u2019actions. Elles sont en relation dynamique avec nos pens\u00e9es et nos comportements. Le v\u00e9ritable enjeu est d\u2019apprendre \u00e0 les d\u00e9crypter pour avancer avec sens et lucidit\u00e9.  Lors de ce coaching, analysez les situations qui g\u00e9n\u00e8rent pour vous des \u00e9motions, identifier d&#039;o\u00f9 celles-ci viennent, et \u00e9tablissez un plan d&#039;action appropri\u00e9 !  &nbsp;  Intervenant.e.s : C\u00e9cile Petit, psychologue du travail, m\u00e9diatrice et coach sp\u00e9cialis\u00e9e en intelligence \u00e9motionnelle.  &quot;J&#039;ai cette intime conviction : une vie professionnelle \u00e9panouissante s&#039;appuie sur la qualit\u00e9 de notre relation \u00e0 nous-m\u00eames, aux autres et \u00e0 notre environnement.  Psychologue du travail, m\u00e9diatrice et coach certifi\u00e9e, j&#039;ai un parcours de formation initiale en \u00e9cole de commerce et plusieurs ann\u00e9es d&#039;exp\u00e9rience dans le monde de l&#039;entreprise en France, au Canada et au Danemark.  J&#039;ai co-fond\u00e9 l\u2019Agence Bulles avec ma s\u0153ur Sophie : des espaces-temps pour soi ou en collectif pour prendre confiance et agir avec coh\u00e9rence sans ses projets porteurs de sens.  Au travers de mon activit\u00e9 ind\u00e9pendante d\u2019accompagnement, j\u2019accompagne des particuliers \u00e0 la prise de recul sur leurs situations de travail et au d\u00e9veloppement de ressources n\u00e9cessaires pour avancer et s&#039;accomplir dans leurs activit\u00e9s.  J&#039;interviens \u00e9galement en tant qu&#039;enseignante et coach en \u00e9cole de commerce et d&#039;ing\u00e9nieur afin d\u2019\u0153uvrer aupr\u00e8s des \u00e9tudiant.e.s.  V\u00e9ritablement passionn\u00e9e par les dynamiques humaines au travail, je m&#039;int\u00e9resse notamment au r\u00f4le des \u00e9motions. Comment faire de toutes nos \u00e9motions des alli\u00e9es au service de nos activit\u00e9s ? C&#039;est avec joie que je vous accompagnerai sur cette th\u00e9matique !&quot;  Super pouvoir : Co-d\u00e9tective priv\u00e9e aupr\u00e8s de mes accompagn\u00e9.e.s.  Envie de dire aux femmes:\u00a0 L&#039;aventure entrepreneuriale est une v\u00e9ritable exp\u00e9rience \u00e9motionnelle. Alors appuyons-nous du mieux possible sur ce qui nous met en joie. Cela nous encouragera \u00e0 mettre du c\u0153ur \u00e0 l&#039;ouvrage et \u00e0 \u0153uvrer avec c\u0153ur !  &nbsp;  &nbsp;  Session de coaching en\u00a0 ligne  Dur\u00e9e : Un cr\u00e9neau de 1h en individuel  &nbsp;  Ce projet est co-financ\u00e9 par le Fonds Social Europ\u00e9en.\" \/>\n<meta property=\"og:url\" content=\"https:\/\/empow-her.com\/es\/produit\/coaching-analyser-une-situation-et-transformer-les-emotions-ressenties-en-leviers-daction-14-juin\/\" \/>\n<meta property=\"og:site_name\" content=\"Empow&#039;Her\" \/>\n<meta property=\"article:modified_time\" content=\"2022-05-19T08:44:22+00:00\" \/>\n<meta property=\"og:image\" content=\"https:\/\/empow-her.com\/wp-content\/uploads\/2022\/03\/Women-Dare-templates-events-84.png\" \/>\n\t<meta property=\"og:image:width\" content=\"1080\" \/>\n\t<meta property=\"og:image:height\" content=\"1080\" \/>\n\t<meta property=\"og:image:type\" content=\"image\/png\" \/>\n<meta name=\"twitter:card\" content=\"summary_large_image\" \/>\n<script type=\"application\/ld+json\" class=\"yoast-schema-graph\">{\"@context\":\"https:\/\/schema.org\",\"@graph\":[{\"@type\":\"WebPage\",\"@id\":\"https:\/\/empow-her.com\/es\/produit\/coaching-analyser-une-situation-et-transformer-les-emotions-ressenties-en-leviers-daction-14-juin\/\",\"url\":\"https:\/\/empow-her.com\/es\/produit\/coaching-analyser-une-situation-et-transformer-les-emotions-ressenties-en-leviers-daction-14-juin\/\",\"name\":\"Coaching - Analyser une situation et transformer les \u00e9motions ressenties en leviers d\u2019action - Empow&#039;Her\",\"isPartOf\":{\"@id\":\"https:\/\/empow-her.com\/#website\"},\"primaryImageOfPage\":{\"@id\":\"https:\/\/empow-her.com\/es\/produit\/coaching-analyser-une-situation-et-transformer-les-emotions-ressenties-en-leviers-daction-14-juin\/#primaryimage\"},\"image\":{\"@id\":\"https:\/\/empow-her.com\/es\/produit\/coaching-analyser-une-situation-et-transformer-les-emotions-ressenties-en-leviers-daction-14-juin\/#primaryimage\"},\"thumbnailUrl\":\"https:\/\/empow-her.com\/wp-content\/uploads\/2022\/03\/Women-Dare-templates-events-84.png\",\"datePublished\":\"2022-03-18T16:18:01+00:00\",\"dateModified\":\"2022-05-19T08:44:22+00:00\",\"breadcrumb\":{\"@id\":\"https:\/\/empow-her.com\/es\/produit\/coaching-analyser-une-situation-et-transformer-les-emotions-ressenties-en-leviers-daction-14-juin\/#breadcrumb\"},\"inLanguage\":\"en-US\",\"potentialAction\":[{\"@type\":\"ReadAction\",\"target\":[\"https:\/\/empow-her.com\/es\/produit\/coaching-analyser-une-situation-et-transformer-les-emotions-ressenties-en-leviers-daction-14-juin\/\"]}]},{\"@type\":\"ImageObject\",\"inLanguage\":\"en-US\",\"@id\":\"https:\/\/empow-her.com\/es\/produit\/coaching-analyser-une-situation-et-transformer-les-emotions-ressenties-en-leviers-daction-14-juin\/#primaryimage\",\"url\":\"https:\/\/empow-her.com\/wp-content\/uploads\/2022\/03\/Women-Dare-templates-events-84.png\",\"contentUrl\":\"https:\/\/empow-her.com\/wp-content\/uploads\/2022\/03\/Women-Dare-templates-events-84.png\",\"width\":1080,\"height\":1080},{\"@type\":\"BreadcrumbList\",\"@id\":\"https:\/\/empow-her.com\/es\/produit\/coaching-analyser-une-situation-et-transformer-les-emotions-ressenties-en-leviers-daction-14-juin\/#breadcrumb\",\"itemListElement\":[{\"@type\":\"ListItem\",\"position\":1,\"name\":\"Accueil\",\"item\":\"https:\/\/empow-her.com\/en\/landing-page\/\"},{\"@type\":\"ListItem\",\"position\":2,\"name\":\"LA BOUTIQUE\",\"item\":\"https:\/\/empow-her.com\/boutique\/\"},{\"@type\":\"ListItem\",\"position\":3,\"name\":\"Coaching &#8211; Analyser une situation et transformer les \u00e9motions ressenties en leviers d\u2019action\"}]},{\"@type\":\"WebSite\",\"@id\":\"https:\/\/empow-her.com\/#website\",\"url\":\"https:\/\/empow-her.com\/\",\"name\":\"Empow&#039;Her\",\"description\":\"Women Development\",\"potentialAction\":[{\"@type\":\"SearchAction\",\"target\":{\"@type\":\"EntryPoint\",\"urlTemplate\":\"https:\/\/empow-her.com\/?s={search_term_string}\"},\"query-input\":{\"@type\":\"PropertyValueSpecification\",\"valueRequired\":true,\"valueName\":\"search_term_string\"}}],\"inLanguage\":\"en-US\"}]}<\/script>\n<!-- \/ Yoast SEO plugin. -->","yoast_head_json":{"title":"Coaching - Analyser une situation et transformer les \u00e9motions ressenties en leviers d\u2019action - Empow&#039;Her","robots":{"index":"index","follow":"follow","max-snippet":"max-snippet:-1","max-image-preview":"max-image-preview:large","max-video-preview":"max-video-preview:-1"},"canonical":"https:\/\/empow-her.com\/es\/produit\/coaching-analyser-une-situation-et-transformer-les-emotions-ressenties-en-leviers-daction-14-juin\/","og_locale":"en_US","og_type":"article","og_title":"Coaching - Analyser une situation et transformer les \u00e9motions ressenties en leviers d\u2019action - Empow&#039;Her","og_description":"L\u2019aventure entrepreneuriale est un ascenseur \u00e9motionnel. Comment \u00e9couter et non se couper de ses \u00e9motions ? Comment faire de ses \u00e9motions une boussole au service de son projet ? Nos \u00e9motions sont une v\u00e9ritable source d\u2019information, de r\u00e9flexion et d\u2019actions. Elles sont en relation dynamique avec nos pens\u00e9es et nos comportements. Le v\u00e9ritable enjeu est d\u2019apprendre \u00e0 les d\u00e9crypter pour avancer avec sens et lucidit\u00e9.  Lors de ce coaching, analysez les situations qui g\u00e9n\u00e8rent pour vous des \u00e9motions, identifier d'o\u00f9 celles-ci viennent, et \u00e9tablissez un plan d'action appropri\u00e9 !  &nbsp;  Intervenant.e.s : C\u00e9cile Petit, psychologue du travail, m\u00e9diatrice et coach sp\u00e9cialis\u00e9e en intelligence \u00e9motionnelle.  \"J'ai cette intime conviction : une vie professionnelle \u00e9panouissante s'appuie sur la qualit\u00e9 de notre relation \u00e0 nous-m\u00eames, aux autres et \u00e0 notre environnement.  Psychologue du travail, m\u00e9diatrice et coach certifi\u00e9e, j'ai un parcours de formation initiale en \u00e9cole de commerce et plusieurs ann\u00e9es d'exp\u00e9rience dans le monde de l'entreprise en France, au Canada et au Danemark.  J'ai co-fond\u00e9 l\u2019Agence Bulles avec ma s\u0153ur Sophie : des espaces-temps pour soi ou en collectif pour prendre confiance et agir avec coh\u00e9rence sans ses projets porteurs de sens.  Au travers de mon activit\u00e9 ind\u00e9pendante d\u2019accompagnement, j\u2019accompagne des particuliers \u00e0 la prise de recul sur leurs situations de travail et au d\u00e9veloppement de ressources n\u00e9cessaires pour avancer et s'accomplir dans leurs activit\u00e9s.  J'interviens \u00e9galement en tant qu'enseignante et coach en \u00e9cole de commerce et d'ing\u00e9nieur afin d\u2019\u0153uvrer aupr\u00e8s des \u00e9tudiant.e.s.  V\u00e9ritablement passionn\u00e9e par les dynamiques humaines au travail, je m'int\u00e9resse notamment au r\u00f4le des \u00e9motions. Comment faire de toutes nos \u00e9motions des alli\u00e9es au service de nos activit\u00e9s ? C'est avec joie que je vous accompagnerai sur cette th\u00e9matique !\"  Super pouvoir : Co-d\u00e9tective priv\u00e9e aupr\u00e8s de mes accompagn\u00e9.e.s.  Envie de dire aux femmes:\u00a0 L'aventure entrepreneuriale est une v\u00e9ritable exp\u00e9rience \u00e9motionnelle. Alors appuyons-nous du mieux possible sur ce qui nous met en joie. Cela nous encouragera \u00e0 mettre du c\u0153ur \u00e0 l'ouvrage et \u00e0 \u0153uvrer avec c\u0153ur !  &nbsp;  &nbsp;  Session de coaching en\u00a0 ligne  Dur\u00e9e : Un cr\u00e9neau de 1h en individuel  &nbsp;  Ce projet est co-financ\u00e9 par le Fonds Social Europ\u00e9en.","og_url":"https:\/\/empow-her.com\/es\/produit\/coaching-analyser-une-situation-et-transformer-les-emotions-ressenties-en-leviers-daction-14-juin\/","og_site_name":"Empow&#039;Her","article_modified_time":"2022-05-19T08:44:22+00:00","og_image":[{"width":1080,"height":1080,"url":"https:\/\/empow-her.com\/wp-content\/uploads\/2022\/03\/Women-Dare-templates-events-84.png","type":"image\/png"}],"twitter_card":"summary_large_image","schema":{"@context":"https:\/\/schema.org","@graph":[{"@type":"WebPage","@id":"https:\/\/empow-her.com\/es\/produit\/coaching-analyser-une-situation-et-transformer-les-emotions-ressenties-en-leviers-daction-14-juin\/","url":"https:\/\/empow-her.com\/es\/produit\/coaching-analyser-une-situation-et-transformer-les-emotions-ressenties-en-leviers-daction-14-juin\/","name":"Coaching - Analyser une situation et transformer les \u00e9motions ressenties en leviers d\u2019action - Empow&#039;Her","isPartOf":{"@id":"https:\/\/empow-her.com\/#website"},"primaryImageOfPage":{"@id":"https:\/\/empow-her.com\/es\/produit\/coaching-analyser-une-situation-et-transformer-les-emotions-ressenties-en-leviers-daction-14-juin\/#primaryimage"},"image":{"@id":"https:\/\/empow-her.com\/es\/produit\/coaching-analyser-une-situation-et-transformer-les-emotions-ressenties-en-leviers-daction-14-juin\/#primaryimage"},"thumbnailUrl":"https:\/\/empow-her.com\/wp-content\/uploads\/2022\/03\/Women-Dare-templates-events-84.png","datePublished":"2022-03-18T16:18:01+00:00","dateModified":"2022-05-19T08:44:22+00:00","breadcrumb":{"@id":"https:\/\/empow-her.com\/es\/produit\/coaching-analyser-une-situation-et-transformer-les-emotions-ressenties-en-leviers-daction-14-juin\/#breadcrumb"},"inLanguage":"en-US","potentialAction":[{"@type":"ReadAction","target":["https:\/\/empow-her.com\/es\/produit\/coaching-analyser-une-situation-et-transformer-les-emotions-ressenties-en-leviers-daction-14-juin\/"]}]},{"@type":"ImageObject","inLanguage":"en-US","@id":"https:\/\/empow-her.com\/es\/produit\/coaching-analyser-une-situation-et-transformer-les-emotions-ressenties-en-leviers-daction-14-juin\/#primaryimage","url":"https:\/\/empow-her.com\/wp-content\/uploads\/2022\/03\/Women-Dare-templates-events-84.png","contentUrl":"https:\/\/empow-her.com\/wp-content\/uploads\/2022\/03\/Women-Dare-templates-events-84.png","width":1080,"height":1080},{"@type":"BreadcrumbList","@id":"https:\/\/empow-her.com\/es\/produit\/coaching-analyser-une-situation-et-transformer-les-emotions-ressenties-en-leviers-daction-14-juin\/#breadcrumb","itemListElement":[{"@type":"ListItem","position":1,"name":"Accueil","item":"https:\/\/empow-her.com\/en\/landing-page\/"},{"@type":"ListItem","position":2,"name":"LA BOUTIQUE","item":"https:\/\/empow-her.com\/boutique\/"},{"@type":"ListItem","position":3,"name":"Coaching &#8211; Analyser une situation et transformer les \u00e9motions ressenties en leviers d\u2019action"}]},{"@type":"WebSite","@id":"https:\/\/empow-her.com\/#website","url":"https:\/\/empow-her.com\/","name":"Empow&#039;Her","description":"Women Development","potentialAction":[{"@type":"SearchAction","target":{"@type":"EntryPoint","urlTemplate":"https:\/\/empow-her.com\/?s={search_term_string}"},"query-input":{"@type":"PropertyValueSpecification","valueRequired":true,"valueName":"search_term_string"}}],"inLanguage":"en-US"}]}},"_links":{"self":[{"href":"https:\/\/empow-her.com\/en\/wp-json\/wp\/v2\/product\/117006","targetHints":{"allow":["GET"]}}],"collection":[{"href":"https:\/\/empow-her.com\/en\/wp-json\/wp\/v2\/product"}],"about":[{"href":"https:\/\/empow-her.com\/en\/wp-json\/wp\/v2\/types\/product"}],"wp:featuredmedia":[{"embeddable":true,"href":"https:\/\/empow-her.com\/en\/wp-json\/wp\/v2\/media\/117007"}],"wp:attachment":[{"href":"https:\/\/empow-her.com\/en\/wp-json\/wp\/v2\/media?parent=117006"}],"wp:term":[{"taxonomy":"product_brand","embeddable":true,"href":"https:\/\/empow-her.com\/en\/wp-json\/wp\/v2\/product_brand?post=117006"},{"taxonomy":"product_cat","embeddable":true,"href":"https:\/\/empow-her.com\/en\/wp-json\/wp\/v2\/product_cat?post=117006"},{"taxonomy":"product_tag","embeddable":true,"href":"https:\/\/empow-her.com\/en\/wp-json\/wp\/v2\/product_tag?post=117006"},{"taxonomy":"lieu","embeddable":true,"href":"https:\/\/empow-her.com\/en\/wp-json\/wp\/v2\/lieu?post=117006"},{"taxonomy":"thematiques","embeddable":true,"href":"https:\/\/empow-her.com\/en\/wp-json\/wp\/v2\/thematiques?post=117006"}],"curies":[{"name":"wp","href":"https:\/\/api.w.org\/{rel}","templated":true}]}}