{"id":116782,"date":"2022-03-16T14:12:41","date_gmt":"2022-03-16T13:12:41","guid":{"rendered":"https:\/\/empow-her.com\/?post_type=product&#038;p=116782"},"modified":"2022-05-19T10:40:04","modified_gmt":"2022-05-19T08:40:04","slug":"atelier-comprendre-mes-emotions-pour-les-transformer-en-leviers-d-action-3-juin","status":"publish","type":"product","link":"https:\/\/empow-her.com\/en\/produit\/atelier-comprendre-mes-emotions-pour-les-transformer-en-leviers-d-action-3-juin\/","title":{"rendered":"Atelier &#8211; Comprendre mes \u00e9motions pour les transformer en leviers d&#8217;action"},"content":{"rendered":"","protected":false},"excerpt":{"rendered":"<p>Qu\u2019est-ce que les \u00e9motions ? Comment se manifestent-elles ? Quelles sont leurs causes ? Comment mieux comprendre vos \u00e9motions, les r\u00e9guler ou les utiliser ?<\/p>\n<p>Dans cet atelier, C\u00e9cile Petit, psychologue du travail, m\u00e9diatrice et coach sp\u00e9cialis\u00e9e en intelligence \u00e9motionnelle, revient sur ce que sont les \u00e9motions et sur la fa\u00e7on dont on peut, en les identifiant et en les exprimant, les utiliser comme un levier pour mieux avancer avec les autres et au service de votre projet entrepreneurial.<\/p>\n<p><strong>Intervenant.e.s : <\/strong>C\u00e9cile Petit<\/p>\n<p>&#8220;J&#8217;ai cette intime conviction : une vie professionnelle \u00e9panouissante s&#8217;appuie sur la qualit\u00e9 de notre relation \u00e0 nous-m\u00eames, aux autres et \u00e0 notre environnement.<\/p>\n<p>Psychologue du travail, m\u00e9diatrice et coach certifi\u00e9e, j&#8217;ai un parcours de formation initiale en \u00e9cole de commerce et plusieurs ann\u00e9es d&#8217;exp\u00e9rience dans le monde de l&#8217;entreprise en France, au Canada et au Danemark.<\/p>\n<p>J&#8217;ai co-fond\u00e9 l\u2019Agence Bulles avec ma s\u0153ur Sophie : des espaces-temps pour soi ou en collectif pour prendre confiance et agir avec coh\u00e9rence sans ses projets porteurs de sens.<\/p>\n<p>Au travers de mon activit\u00e9 ind\u00e9pendante d\u2019accompagnement, j\u2019accompagne des particuliers \u00e0 la prise de recul sur leurs situations de travail et au d\u00e9veloppement de ressources n\u00e9cessaires pour avancer et s&#8217;accomplir dans leurs activit\u00e9s.<\/p>\n<p>J&#8217;interviens \u00e9galement en tant qu&#8217;enseignante et coach en \u00e9cole de commerce et d&#8217;ing\u00e9nieur afin d\u2019\u0153uvrer aupr\u00e8s des \u00e9tudiant.e.s.<\/p>\n<p>V\u00e9ritablement passionn\u00e9e par les dynamiques humaines au travail, je m&#8217;int\u00e9resse notamment au r\u00f4le des \u00e9motions. Comment faire de toutes nos \u00e9motions des alli\u00e9es au service de nos activit\u00e9s ? C&#8217;est avec joie que je vous accompagnerai sur cette th\u00e9matique !&#8221;<\/p>\n<p><strong>Super pouvoir :<br \/>\n<\/strong>Co-d\u00e9tective priv\u00e9e aupr\u00e8s de mes accompagn\u00e9.e.s.<\/p>\n<p><strong>Envie de dire aux femmes:\u00a0<\/strong><br \/>\nL&#8217;aventure entrepreneuriale est une v\u00e9ritable exp\u00e9rience \u00e9motionnelle. Alors appuyons-nous du mieux possible sur ce qui nous met en joie. Cela nous encouragera \u00e0 mettre du c\u0153ur \u00e0 l&#8217;ouvrage et \u00e0 \u0153uvrer avec c\u0153ur !<\/p>\n<div><\/div>\n<div><b>Lieu : <\/b>Sist&#8217;Her Paris, 82 rue du Faubourg Saint-Martin<\/div>\n<div><\/div>\n<div><\/div>\n<div><\/div>\n<p>Ce projet est co-financ\u00e9 par le Fonds Social Europ\u00e9en.<\/p>\n<p><img decoding=\"async\" class=\"\" src=\"https:\/\/www.sep-asso.fr\/wp-content\/uploads\/2018\/02\/logo-union-europeenne.png\" alt=\"logo union europeenne \u2013 SEP\" width=\"87\" height=\"72\" \/>\u00a0\u00a0<img decoding=\"async\" class=\"alignnone wp-image-15218\" src=\"https:\/\/empow-her.com\/wp-content\/uploads\/2021\/06\/logo_fonds_social_europeen-300x187.png\" alt=\"\" width=\"104\" height=\"65\" srcset=\"https:\/\/empow-her.com\/wp-content\/uploads\/2021\/06\/logo_fonds_social_europeen-300x187.png 300w, https:\/\/empow-her.com\/wp-content\/uploads\/2021\/06\/logo_fonds_social_europeen-600x375.png 600w, https:\/\/empow-her.com\/wp-content\/uploads\/2021\/06\/logo_fonds_social_europeen-24x15.png 24w, https:\/\/empow-her.com\/wp-content\/uploads\/2021\/06\/logo_fonds_social_europeen-36x22.png 36w, https:\/\/empow-her.com\/wp-content\/uploads\/2021\/06\/logo_fonds_social_europeen-48x30.png 48w, https:\/\/empow-her.com\/wp-content\/uploads\/2021\/06\/logo_fonds_social_europeen.png 666w\" sizes=\"(max-width: 104px) 100vw, 104px\" \/>\u00a0<img decoding=\"async\" class=\"\" src=\"https:\/\/franceactive-idf.org\/wp-content\/uploads\/2020\/02\/logo-region-ile-de-france.png\" alt=\"Logo Region Ile De France - France Active \u00cele-de-France\" width=\"126\" height=\"29\" \/><\/p>\n","protected":false},"featured_media":116783,"template":"","format":"standard","meta":{"_acf_changed":false,"om_disable_all_campaigns":false,"_uf_show_specific_survey":0,"_uf_disable_surveys":false},"product_brand":[],"product_cat":[118],"product_tag":[],"lieu":[127],"thematiques":[],"class_list":{"0":"post-116782","1":"product","2":"type-product","3":"status-publish","4":"format-standard","5":"has-post-thumbnail","7":"product_cat-atelier-collectif","8":"lieu-hub-empowher","10":"first","11":"instock","12":"virtual","13":"purchasable","14":"product-type-appointment"},"exclude_global_add_ons":[],"addons":[],"acf":[],"yoast_head":"<!-- This site is optimized with the Yoast SEO plugin v24.8 - https:\/\/yoast.com\/wordpress\/plugins\/seo\/ -->\n<title>Atelier - Comprendre mes \u00e9motions pour les transformer en leviers d&#039;action - Empow&#039;Her<\/title>\n<meta name=\"robots\" content=\"index, follow, max-snippet:-1, max-image-preview:large, max-video-preview:-1\" \/>\n<link rel=\"canonical\" href=\"https:\/\/empow-her.com\/es\/produit\/atelier-comprendre-mes-emotions-pour-les-transformer-en-leviers-d-action-3-juin\/\" \/>\n<meta property=\"og:locale\" content=\"en_US\" \/>\n<meta property=\"og:type\" content=\"article\" \/>\n<meta property=\"og:title\" content=\"Atelier - Comprendre mes \u00e9motions pour les transformer en leviers d&#039;action - Empow&#039;Her\" \/>\n<meta property=\"og:description\" content=\"Qu\u2019est-ce que les \u00e9motions ? Comment se manifestent-elles ? Quelles sont leurs causes ? Comment mieux comprendre vos \u00e9motions, les r\u00e9guler ou les utiliser ?  Dans cet atelier, C\u00e9cile Petit, psychologue du travail, m\u00e9diatrice et coach sp\u00e9cialis\u00e9e en intelligence \u00e9motionnelle, revient sur ce que sont les \u00e9motions et sur la fa\u00e7on dont on peut, en les identifiant et en les exprimant, les utiliser comme un levier pour mieux avancer avec les autres et au service de votre projet entrepreneurial.  Intervenant.e.s : C\u00e9cile Petit  &quot;J&#039;ai cette intime conviction : une vie professionnelle \u00e9panouissante s&#039;appuie sur la qualit\u00e9 de notre relation \u00e0 nous-m\u00eames, aux autres et \u00e0 notre environnement.  Psychologue du travail, m\u00e9diatrice et coach certifi\u00e9e, j&#039;ai un parcours de formation initiale en \u00e9cole de commerce et plusieurs ann\u00e9es d&#039;exp\u00e9rience dans le monde de l&#039;entreprise en France, au Canada et au Danemark.  J&#039;ai co-fond\u00e9 l\u2019Agence Bulles avec ma s\u0153ur Sophie : des espaces-temps pour soi ou en collectif pour prendre confiance et agir avec coh\u00e9rence sans ses projets porteurs de sens.  Au travers de mon activit\u00e9 ind\u00e9pendante d\u2019accompagnement, j\u2019accompagne des particuliers \u00e0 la prise de recul sur leurs situations de travail et au d\u00e9veloppement de ressources n\u00e9cessaires pour avancer et s&#039;accomplir dans leurs activit\u00e9s.  J&#039;interviens \u00e9galement en tant qu&#039;enseignante et coach en \u00e9cole de commerce et d&#039;ing\u00e9nieur afin d\u2019\u0153uvrer aupr\u00e8s des \u00e9tudiant.e.s.  V\u00e9ritablement passionn\u00e9e par les dynamiques humaines au travail, je m&#039;int\u00e9resse notamment au r\u00f4le des \u00e9motions. Comment faire de toutes nos \u00e9motions des alli\u00e9es au service de nos activit\u00e9s ? C&#039;est avec joie que je vous accompagnerai sur cette th\u00e9matique !&quot;  Super pouvoir : Co-d\u00e9tective priv\u00e9e aupr\u00e8s de mes accompagn\u00e9.e.s.  Envie de dire aux femmes:\u00a0 L&#039;aventure entrepreneuriale est une v\u00e9ritable exp\u00e9rience \u00e9motionnelle. Alors appuyons-nous du mieux possible sur ce qui nous met en joie. Cela nous encouragera \u00e0 mettre du c\u0153ur \u00e0 l&#039;ouvrage et \u00e0 \u0153uvrer avec c\u0153ur !  Lieu : Sist&#039;Her Paris, 82 rue du Faubourg Saint-Martin    Ce projet est co-financ\u00e9 par le Fonds Social Europ\u00e9en.  \u00a0\u00a0\u00a0\" \/>\n<meta property=\"og:url\" content=\"https:\/\/empow-her.com\/es\/produit\/atelier-comprendre-mes-emotions-pour-les-transformer-en-leviers-d-action-3-juin\/\" \/>\n<meta property=\"og:site_name\" content=\"Empow&#039;Her\" \/>\n<meta property=\"article:modified_time\" content=\"2022-05-19T08:40:04+00:00\" \/>\n<meta property=\"og:image\" content=\"https:\/\/empow-her.com\/wp-content\/uploads\/2022\/03\/Women-Dare-templates-events-65.png\" \/>\n\t<meta property=\"og:image:width\" content=\"1080\" \/>\n\t<meta property=\"og:image:height\" content=\"1080\" \/>\n\t<meta property=\"og:image:type\" content=\"image\/png\" \/>\n<meta name=\"twitter:card\" content=\"summary_large_image\" \/>\n<script type=\"application\/ld+json\" class=\"yoast-schema-graph\">{\"@context\":\"https:\/\/schema.org\",\"@graph\":[{\"@type\":\"WebPage\",\"@id\":\"https:\/\/empow-her.com\/es\/produit\/atelier-comprendre-mes-emotions-pour-les-transformer-en-leviers-d-action-3-juin\/\",\"url\":\"https:\/\/empow-her.com\/es\/produit\/atelier-comprendre-mes-emotions-pour-les-transformer-en-leviers-d-action-3-juin\/\",\"name\":\"Atelier - Comprendre mes \u00e9motions pour les transformer en leviers d'action - Empow&#039;Her\",\"isPartOf\":{\"@id\":\"https:\/\/empow-her.com\/#website\"},\"primaryImageOfPage\":{\"@id\":\"https:\/\/empow-her.com\/es\/produit\/atelier-comprendre-mes-emotions-pour-les-transformer-en-leviers-d-action-3-juin\/#primaryimage\"},\"image\":{\"@id\":\"https:\/\/empow-her.com\/es\/produit\/atelier-comprendre-mes-emotions-pour-les-transformer-en-leviers-d-action-3-juin\/#primaryimage\"},\"thumbnailUrl\":\"https:\/\/empow-her.com\/wp-content\/uploads\/2022\/03\/Women-Dare-templates-events-65.png\",\"datePublished\":\"2022-03-16T13:12:41+00:00\",\"dateModified\":\"2022-05-19T08:40:04+00:00\",\"breadcrumb\":{\"@id\":\"https:\/\/empow-her.com\/es\/produit\/atelier-comprendre-mes-emotions-pour-les-transformer-en-leviers-d-action-3-juin\/#breadcrumb\"},\"inLanguage\":\"en-US\",\"potentialAction\":[{\"@type\":\"ReadAction\",\"target\":[\"https:\/\/empow-her.com\/es\/produit\/atelier-comprendre-mes-emotions-pour-les-transformer-en-leviers-d-action-3-juin\/\"]}]},{\"@type\":\"ImageObject\",\"inLanguage\":\"en-US\",\"@id\":\"https:\/\/empow-her.com\/es\/produit\/atelier-comprendre-mes-emotions-pour-les-transformer-en-leviers-d-action-3-juin\/#primaryimage\",\"url\":\"https:\/\/empow-her.com\/wp-content\/uploads\/2022\/03\/Women-Dare-templates-events-65.png\",\"contentUrl\":\"https:\/\/empow-her.com\/wp-content\/uploads\/2022\/03\/Women-Dare-templates-events-65.png\",\"width\":1080,\"height\":1080},{\"@type\":\"BreadcrumbList\",\"@id\":\"https:\/\/empow-her.com\/es\/produit\/atelier-comprendre-mes-emotions-pour-les-transformer-en-leviers-d-action-3-juin\/#breadcrumb\",\"itemListElement\":[{\"@type\":\"ListItem\",\"position\":1,\"name\":\"Accueil\",\"item\":\"https:\/\/empow-her.com\/en\/landing-page\/\"},{\"@type\":\"ListItem\",\"position\":2,\"name\":\"LA BOUTIQUE\",\"item\":\"https:\/\/empow-her.com\/boutique\/\"},{\"@type\":\"ListItem\",\"position\":3,\"name\":\"Atelier &#8211; Comprendre mes \u00e9motions pour les transformer en leviers d&#8217;action\"}]},{\"@type\":\"WebSite\",\"@id\":\"https:\/\/empow-her.com\/#website\",\"url\":\"https:\/\/empow-her.com\/\",\"name\":\"Empow&#039;Her\",\"description\":\"Women Development\",\"potentialAction\":[{\"@type\":\"SearchAction\",\"target\":{\"@type\":\"EntryPoint\",\"urlTemplate\":\"https:\/\/empow-her.com\/?s={search_term_string}\"},\"query-input\":{\"@type\":\"PropertyValueSpecification\",\"valueRequired\":true,\"valueName\":\"search_term_string\"}}],\"inLanguage\":\"en-US\"}]}<\/script>\n<!-- \/ Yoast SEO plugin. -->","yoast_head_json":{"title":"Atelier - Comprendre mes \u00e9motions pour les transformer en leviers d'action - Empow&#039;Her","robots":{"index":"index","follow":"follow","max-snippet":"max-snippet:-1","max-image-preview":"max-image-preview:large","max-video-preview":"max-video-preview:-1"},"canonical":"https:\/\/empow-her.com\/es\/produit\/atelier-comprendre-mes-emotions-pour-les-transformer-en-leviers-d-action-3-juin\/","og_locale":"en_US","og_type":"article","og_title":"Atelier - Comprendre mes \u00e9motions pour les transformer en leviers d'action - Empow&#039;Her","og_description":"Qu\u2019est-ce que les \u00e9motions ? Comment se manifestent-elles ? Quelles sont leurs causes ? Comment mieux comprendre vos \u00e9motions, les r\u00e9guler ou les utiliser ?  Dans cet atelier, C\u00e9cile Petit, psychologue du travail, m\u00e9diatrice et coach sp\u00e9cialis\u00e9e en intelligence \u00e9motionnelle, revient sur ce que sont les \u00e9motions et sur la fa\u00e7on dont on peut, en les identifiant et en les exprimant, les utiliser comme un levier pour mieux avancer avec les autres et au service de votre projet entrepreneurial.  Intervenant.e.s : C\u00e9cile Petit  \"J'ai cette intime conviction : une vie professionnelle \u00e9panouissante s'appuie sur la qualit\u00e9 de notre relation \u00e0 nous-m\u00eames, aux autres et \u00e0 notre environnement.  Psychologue du travail, m\u00e9diatrice et coach certifi\u00e9e, j'ai un parcours de formation initiale en \u00e9cole de commerce et plusieurs ann\u00e9es d'exp\u00e9rience dans le monde de l'entreprise en France, au Canada et au Danemark.  J'ai co-fond\u00e9 l\u2019Agence Bulles avec ma s\u0153ur Sophie : des espaces-temps pour soi ou en collectif pour prendre confiance et agir avec coh\u00e9rence sans ses projets porteurs de sens.  Au travers de mon activit\u00e9 ind\u00e9pendante d\u2019accompagnement, j\u2019accompagne des particuliers \u00e0 la prise de recul sur leurs situations de travail et au d\u00e9veloppement de ressources n\u00e9cessaires pour avancer et s'accomplir dans leurs activit\u00e9s.  J'interviens \u00e9galement en tant qu'enseignante et coach en \u00e9cole de commerce et d'ing\u00e9nieur afin d\u2019\u0153uvrer aupr\u00e8s des \u00e9tudiant.e.s.  V\u00e9ritablement passionn\u00e9e par les dynamiques humaines au travail, je m'int\u00e9resse notamment au r\u00f4le des \u00e9motions. Comment faire de toutes nos \u00e9motions des alli\u00e9es au service de nos activit\u00e9s ? C'est avec joie que je vous accompagnerai sur cette th\u00e9matique !\"  Super pouvoir : Co-d\u00e9tective priv\u00e9e aupr\u00e8s de mes accompagn\u00e9.e.s.  Envie de dire aux femmes:\u00a0 L'aventure entrepreneuriale est une v\u00e9ritable exp\u00e9rience \u00e9motionnelle. Alors appuyons-nous du mieux possible sur ce qui nous met en joie. Cela nous encouragera \u00e0 mettre du c\u0153ur \u00e0 l'ouvrage et \u00e0 \u0153uvrer avec c\u0153ur !  Lieu : Sist'Her Paris, 82 rue du Faubourg Saint-Martin    Ce projet est co-financ\u00e9 par le Fonds Social Europ\u00e9en.  \u00a0\u00a0\u00a0","og_url":"https:\/\/empow-her.com\/es\/produit\/atelier-comprendre-mes-emotions-pour-les-transformer-en-leviers-d-action-3-juin\/","og_site_name":"Empow&#039;Her","article_modified_time":"2022-05-19T08:40:04+00:00","og_image":[{"width":1080,"height":1080,"url":"https:\/\/empow-her.com\/wp-content\/uploads\/2022\/03\/Women-Dare-templates-events-65.png","type":"image\/png"}],"twitter_card":"summary_large_image","schema":{"@context":"https:\/\/schema.org","@graph":[{"@type":"WebPage","@id":"https:\/\/empow-her.com\/es\/produit\/atelier-comprendre-mes-emotions-pour-les-transformer-en-leviers-d-action-3-juin\/","url":"https:\/\/empow-her.com\/es\/produit\/atelier-comprendre-mes-emotions-pour-les-transformer-en-leviers-d-action-3-juin\/","name":"Atelier - Comprendre mes \u00e9motions pour les transformer en leviers d'action - Empow&#039;Her","isPartOf":{"@id":"https:\/\/empow-her.com\/#website"},"primaryImageOfPage":{"@id":"https:\/\/empow-her.com\/es\/produit\/atelier-comprendre-mes-emotions-pour-les-transformer-en-leviers-d-action-3-juin\/#primaryimage"},"image":{"@id":"https:\/\/empow-her.com\/es\/produit\/atelier-comprendre-mes-emotions-pour-les-transformer-en-leviers-d-action-3-juin\/#primaryimage"},"thumbnailUrl":"https:\/\/empow-her.com\/wp-content\/uploads\/2022\/03\/Women-Dare-templates-events-65.png","datePublished":"2022-03-16T13:12:41+00:00","dateModified":"2022-05-19T08:40:04+00:00","breadcrumb":{"@id":"https:\/\/empow-her.com\/es\/produit\/atelier-comprendre-mes-emotions-pour-les-transformer-en-leviers-d-action-3-juin\/#breadcrumb"},"inLanguage":"en-US","potentialAction":[{"@type":"ReadAction","target":["https:\/\/empow-her.com\/es\/produit\/atelier-comprendre-mes-emotions-pour-les-transformer-en-leviers-d-action-3-juin\/"]}]},{"@type":"ImageObject","inLanguage":"en-US","@id":"https:\/\/empow-her.com\/es\/produit\/atelier-comprendre-mes-emotions-pour-les-transformer-en-leviers-d-action-3-juin\/#primaryimage","url":"https:\/\/empow-her.com\/wp-content\/uploads\/2022\/03\/Women-Dare-templates-events-65.png","contentUrl":"https:\/\/empow-her.com\/wp-content\/uploads\/2022\/03\/Women-Dare-templates-events-65.png","width":1080,"height":1080},{"@type":"BreadcrumbList","@id":"https:\/\/empow-her.com\/es\/produit\/atelier-comprendre-mes-emotions-pour-les-transformer-en-leviers-d-action-3-juin\/#breadcrumb","itemListElement":[{"@type":"ListItem","position":1,"name":"Accueil","item":"https:\/\/empow-her.com\/en\/landing-page\/"},{"@type":"ListItem","position":2,"name":"LA BOUTIQUE","item":"https:\/\/empow-her.com\/boutique\/"},{"@type":"ListItem","position":3,"name":"Atelier &#8211; Comprendre mes \u00e9motions pour les transformer en leviers d&#8217;action"}]},{"@type":"WebSite","@id":"https:\/\/empow-her.com\/#website","url":"https:\/\/empow-her.com\/","name":"Empow&#039;Her","description":"Women Development","potentialAction":[{"@type":"SearchAction","target":{"@type":"EntryPoint","urlTemplate":"https:\/\/empow-her.com\/?s={search_term_string}"},"query-input":{"@type":"PropertyValueSpecification","valueRequired":true,"valueName":"search_term_string"}}],"inLanguage":"en-US"}]}},"_links":{"self":[{"href":"https:\/\/empow-her.com\/en\/wp-json\/wp\/v2\/product\/116782","targetHints":{"allow":["GET"]}}],"collection":[{"href":"https:\/\/empow-her.com\/en\/wp-json\/wp\/v2\/product"}],"about":[{"href":"https:\/\/empow-her.com\/en\/wp-json\/wp\/v2\/types\/product"}],"wp:featuredmedia":[{"embeddable":true,"href":"https:\/\/empow-her.com\/en\/wp-json\/wp\/v2\/media\/116783"}],"wp:attachment":[{"href":"https:\/\/empow-her.com\/en\/wp-json\/wp\/v2\/media?parent=116782"}],"wp:term":[{"taxonomy":"product_brand","embeddable":true,"href":"https:\/\/empow-her.com\/en\/wp-json\/wp\/v2\/product_brand?post=116782"},{"taxonomy":"product_cat","embeddable":true,"href":"https:\/\/empow-her.com\/en\/wp-json\/wp\/v2\/product_cat?post=116782"},{"taxonomy":"product_tag","embeddable":true,"href":"https:\/\/empow-her.com\/en\/wp-json\/wp\/v2\/product_tag?post=116782"},{"taxonomy":"lieu","embeddable":true,"href":"https:\/\/empow-her.com\/en\/wp-json\/wp\/v2\/lieu?post=116782"},{"taxonomy":"thematiques","embeddable":true,"href":"https:\/\/empow-her.com\/en\/wp-json\/wp\/v2\/thematiques?post=116782"}],"curies":[{"name":"wp","href":"https:\/\/api.w.org\/{rel}","templated":true}]}}