{"id":116743,"date":"2022-03-16T12:06:16","date_gmt":"2022-03-16T11:06:16","guid":{"rendered":"https:\/\/empow-her.com\/?post_type=product&#038;p=116743"},"modified":"2022-05-11T18:17:36","modified_gmt":"2022-05-11T16:17:36","slug":"atelier-identifier-sa-cible-ses-personas-les-besoins-clients-24-mai","status":"publish","type":"product","link":"https:\/\/empow-her.com\/en\/produit\/atelier-identifier-sa-cible-ses-personas-les-besoins-clients-24-mai\/","title":{"rendered":"Atelier &#8211; Identifier sa cible, ses personas &#038; les besoins clients"},"content":{"rendered":"","protected":false},"excerpt":{"rendered":"<p><strong>Intervenant.e.s : <\/strong><br \/>\nMarie Laroche<\/p>\n<p><strong>Pr\u00e9sentation : <\/strong><br \/>\nApr\u00e8s 8 ans de direction d&#8217;associations d&#8217;\u00e9ducation populaire, Marie s&#8217;est lanc\u00e9e il y a 2 ans en tant que consultante aupr\u00e8s de structures de l&#8217;ESS. Elle consid\u00e8re la facilitation comme essentielle \u00e0 tout groupe pour se lancer, \u00e9voluer et se d\u00e9velopper tout en \u00e9tant conscients des enjeux de notre soci\u00e9t\u00e9. Militante de la gouvernance partag\u00e9e, Marie s&#8217;est sp\u00e9cialis\u00e9e dans les m\u00e9thodes actives et le renforcement du pouvoir d\u2019agir.<\/p>\n<p><strong>Son super pouvoir : <\/strong><br \/>\nAnimatrice des intelligences collectives<\/p>\n<p><strong>Son petit mot : <\/strong><br \/>\n&#8220;Selon moi, le plus important est de s&#8217;entourer des bonnes personnes. Activez votre r\u00e9seau, rencontrez du monde, n&#8217;h\u00e9sitez jamais \u00e0 demander du soutien. Vous \u00eates au bon endroit pour cela !&#8221;, Marie.<\/p>\n<div><\/div>\n<div><b>Lieu : <\/b>Sist&#8217;Her Paris, 82 rue du Faubourg Saint-Martin<\/div>\n<div><\/div>\n<div><\/div>\n<div><\/div>\n<p>Ce projet est co-financ\u00e9 par le Fonds Social Europ\u00e9en.<\/p>\n<p><img decoding=\"async\" class=\"\" src=\"https:\/\/www.sep-asso.fr\/wp-content\/uploads\/2018\/02\/logo-union-europeenne.png\" alt=\"logo union europeenne \u2013 SEP\" width=\"87\" height=\"72\" \/>\u00a0\u00a0<img decoding=\"async\" class=\"alignnone wp-image-15218\" src=\"https:\/\/empow-her.com\/wp-content\/uploads\/2021\/06\/logo_fonds_social_europeen-300x187.png\" alt=\"\" width=\"104\" height=\"65\" srcset=\"https:\/\/empow-her.com\/wp-content\/uploads\/2021\/06\/logo_fonds_social_europeen-300x187.png 300w, https:\/\/empow-her.com\/wp-content\/uploads\/2021\/06\/logo_fonds_social_europeen-600x375.png 600w, https:\/\/empow-her.com\/wp-content\/uploads\/2021\/06\/logo_fonds_social_europeen-24x15.png 24w, https:\/\/empow-her.com\/wp-content\/uploads\/2021\/06\/logo_fonds_social_europeen-36x22.png 36w, https:\/\/empow-her.com\/wp-content\/uploads\/2021\/06\/logo_fonds_social_europeen-48x30.png 48w, https:\/\/empow-her.com\/wp-content\/uploads\/2021\/06\/logo_fonds_social_europeen.png 666w\" sizes=\"(max-width: 104px) 100vw, 104px\" \/>\u00a0<img decoding=\"async\" class=\"\" src=\"https:\/\/franceactive-idf.org\/wp-content\/uploads\/2020\/02\/logo-region-ile-de-france.png\" alt=\"Logo Region Ile De France - France Active \u00cele-de-France\" width=\"126\" height=\"29\" \/><\/p>\n","protected":false},"featured_media":116748,"template":"","format":"standard","meta":{"_acf_changed":false,"om_disable_all_campaigns":false,"_uf_show_specific_survey":0,"_uf_disable_surveys":false},"product_brand":[],"product_cat":[118],"product_tag":[],"lieu":[127],"thematiques":[],"class_list":{"0":"post-116743","1":"product","2":"type-product","3":"status-publish","4":"format-standard","5":"has-post-thumbnail","7":"product_cat-atelier-collectif","8":"lieu-hub-empowher","10":"first","11":"instock","12":"virtual","13":"purchasable","14":"product-type-appointment"},"exclude_global_add_ons":[],"addons":[],"acf":[],"yoast_head":"<!-- This site is optimized with the Yoast SEO plugin v24.8 - https:\/\/yoast.com\/wordpress\/plugins\/seo\/ -->\n<title>Atelier - Identifier sa cible, ses personas &amp; les besoins clients - Empow&#039;Her<\/title>\n<meta name=\"robots\" content=\"index, follow, max-snippet:-1, max-image-preview:large, max-video-preview:-1\" \/>\n<link rel=\"canonical\" href=\"https:\/\/empow-her.com\/produit\/atelier-identifier-sa-cible-ses-personas-les-besoins-clients-24-mai\/\" \/>\n<meta property=\"og:locale\" content=\"en_US\" \/>\n<meta property=\"og:type\" content=\"article\" \/>\n<meta property=\"og:title\" content=\"Atelier - Identifier sa cible, ses personas &amp; les besoins clients - Empow&#039;Her\" \/>\n<meta property=\"og:description\" content=\"Intervenant.e.s :  Marie Laroche  Pr\u00e9sentation :  Apr\u00e8s 8 ans de direction d&#039;associations d&#039;\u00e9ducation populaire, Marie s&#039;est lanc\u00e9e il y a 2 ans en tant que consultante aupr\u00e8s de structures de l&#039;ESS. Elle consid\u00e8re la facilitation comme essentielle \u00e0 tout groupe pour se lancer, \u00e9voluer et se d\u00e9velopper tout en \u00e9tant conscients des enjeux de notre soci\u00e9t\u00e9. Militante de la gouvernance partag\u00e9e, Marie s&#039;est sp\u00e9cialis\u00e9e dans les m\u00e9thodes actives et le renforcement du pouvoir d\u2019agir.  Son super pouvoir :  Animatrice des intelligences collectives  Son petit mot :  &quot;Selon moi, le plus important est de s&#039;entourer des bonnes personnes. Activez votre r\u00e9seau, rencontrez du monde, n&#039;h\u00e9sitez jamais \u00e0 demander du soutien. Vous \u00eates au bon endroit pour cela !&quot;, Marie.  Lieu : Sist&#039;Her Paris, 82 rue du Faubourg Saint-Martin    Ce projet est co-financ\u00e9 par le Fonds Social Europ\u00e9en.  \u00a0\u00a0\u00a0\" \/>\n<meta property=\"og:url\" content=\"https:\/\/empow-her.com\/produit\/atelier-identifier-sa-cible-ses-personas-les-besoins-clients-24-mai\/\" \/>\n<meta property=\"og:site_name\" content=\"Empow&#039;Her\" \/>\n<meta property=\"article:modified_time\" content=\"2022-05-11T16:17:36+00:00\" \/>\n<meta property=\"og:image\" content=\"https:\/\/empow-her.com\/wp-content\/uploads\/2022\/03\/Women-Dare-templates-events-54.png\" \/>\n\t<meta property=\"og:image:width\" content=\"1080\" \/>\n\t<meta property=\"og:image:height\" content=\"1080\" \/>\n\t<meta property=\"og:image:type\" content=\"image\/png\" \/>\n<meta name=\"twitter:card\" content=\"summary_large_image\" \/>\n<script type=\"application\/ld+json\" class=\"yoast-schema-graph\">{\"@context\":\"https:\/\/schema.org\",\"@graph\":[{\"@type\":\"WebPage\",\"@id\":\"https:\/\/empow-her.com\/produit\/atelier-identifier-sa-cible-ses-personas-les-besoins-clients-24-mai\/\",\"url\":\"https:\/\/empow-her.com\/produit\/atelier-identifier-sa-cible-ses-personas-les-besoins-clients-24-mai\/\",\"name\":\"Atelier - Identifier sa cible, ses personas & les besoins clients - Empow&#039;Her\",\"isPartOf\":{\"@id\":\"https:\/\/empow-her.com\/#website\"},\"primaryImageOfPage\":{\"@id\":\"https:\/\/empow-her.com\/produit\/atelier-identifier-sa-cible-ses-personas-les-besoins-clients-24-mai\/#primaryimage\"},\"image\":{\"@id\":\"https:\/\/empow-her.com\/produit\/atelier-identifier-sa-cible-ses-personas-les-besoins-clients-24-mai\/#primaryimage\"},\"thumbnailUrl\":\"https:\/\/empow-her.com\/wp-content\/uploads\/2022\/03\/Women-Dare-templates-events-54.png\",\"datePublished\":\"2022-03-16T11:06:16+00:00\",\"dateModified\":\"2022-05-11T16:17:36+00:00\",\"breadcrumb\":{\"@id\":\"https:\/\/empow-her.com\/produit\/atelier-identifier-sa-cible-ses-personas-les-besoins-clients-24-mai\/#breadcrumb\"},\"inLanguage\":\"en-US\",\"potentialAction\":[{\"@type\":\"ReadAction\",\"target\":[\"https:\/\/empow-her.com\/produit\/atelier-identifier-sa-cible-ses-personas-les-besoins-clients-24-mai\/\"]}]},{\"@type\":\"ImageObject\",\"inLanguage\":\"en-US\",\"@id\":\"https:\/\/empow-her.com\/produit\/atelier-identifier-sa-cible-ses-personas-les-besoins-clients-24-mai\/#primaryimage\",\"url\":\"https:\/\/empow-her.com\/wp-content\/uploads\/2022\/03\/Women-Dare-templates-events-54.png\",\"contentUrl\":\"https:\/\/empow-her.com\/wp-content\/uploads\/2022\/03\/Women-Dare-templates-events-54.png\",\"width\":1080,\"height\":1080},{\"@type\":\"BreadcrumbList\",\"@id\":\"https:\/\/empow-her.com\/produit\/atelier-identifier-sa-cible-ses-personas-les-besoins-clients-24-mai\/#breadcrumb\",\"itemListElement\":[{\"@type\":\"ListItem\",\"position\":1,\"name\":\"Accueil\",\"item\":\"https:\/\/empow-her.com\/en\/landing-page\/\"},{\"@type\":\"ListItem\",\"position\":2,\"name\":\"LA BOUTIQUE\",\"item\":\"https:\/\/empow-her.com\/boutique\/\"},{\"@type\":\"ListItem\",\"position\":3,\"name\":\"Atelier &#8211; Identifier sa cible, ses personas &#038; les besoins clients\"}]},{\"@type\":\"WebSite\",\"@id\":\"https:\/\/empow-her.com\/#website\",\"url\":\"https:\/\/empow-her.com\/\",\"name\":\"Empow&#039;Her\",\"description\":\"Women Development\",\"potentialAction\":[{\"@type\":\"SearchAction\",\"target\":{\"@type\":\"EntryPoint\",\"urlTemplate\":\"https:\/\/empow-her.com\/?s={search_term_string}\"},\"query-input\":{\"@type\":\"PropertyValueSpecification\",\"valueRequired\":true,\"valueName\":\"search_term_string\"}}],\"inLanguage\":\"en-US\"}]}<\/script>\n<!-- \/ Yoast SEO plugin. -->","yoast_head_json":{"title":"Atelier - Identifier sa cible, ses personas & les besoins clients - Empow&#039;Her","robots":{"index":"index","follow":"follow","max-snippet":"max-snippet:-1","max-image-preview":"max-image-preview:large","max-video-preview":"max-video-preview:-1"},"canonical":"https:\/\/empow-her.com\/produit\/atelier-identifier-sa-cible-ses-personas-les-besoins-clients-24-mai\/","og_locale":"en_US","og_type":"article","og_title":"Atelier - Identifier sa cible, ses personas & les besoins clients - Empow&#039;Her","og_description":"Intervenant.e.s :  Marie Laroche  Pr\u00e9sentation :  Apr\u00e8s 8 ans de direction d'associations d'\u00e9ducation populaire, Marie s'est lanc\u00e9e il y a 2 ans en tant que consultante aupr\u00e8s de structures de l'ESS. Elle consid\u00e8re la facilitation comme essentielle \u00e0 tout groupe pour se lancer, \u00e9voluer et se d\u00e9velopper tout en \u00e9tant conscients des enjeux de notre soci\u00e9t\u00e9. Militante de la gouvernance partag\u00e9e, Marie s'est sp\u00e9cialis\u00e9e dans les m\u00e9thodes actives et le renforcement du pouvoir d\u2019agir.  Son super pouvoir :  Animatrice des intelligences collectives  Son petit mot :  \"Selon moi, le plus important est de s'entourer des bonnes personnes. Activez votre r\u00e9seau, rencontrez du monde, n'h\u00e9sitez jamais \u00e0 demander du soutien. Vous \u00eates au bon endroit pour cela !\", Marie.  Lieu : Sist'Her Paris, 82 rue du Faubourg Saint-Martin    Ce projet est co-financ\u00e9 par le Fonds Social Europ\u00e9en.  \u00a0\u00a0\u00a0","og_url":"https:\/\/empow-her.com\/produit\/atelier-identifier-sa-cible-ses-personas-les-besoins-clients-24-mai\/","og_site_name":"Empow&#039;Her","article_modified_time":"2022-05-11T16:17:36+00:00","og_image":[{"width":1080,"height":1080,"url":"https:\/\/empow-her.com\/wp-content\/uploads\/2022\/03\/Women-Dare-templates-events-54.png","type":"image\/png"}],"twitter_card":"summary_large_image","schema":{"@context":"https:\/\/schema.org","@graph":[{"@type":"WebPage","@id":"https:\/\/empow-her.com\/produit\/atelier-identifier-sa-cible-ses-personas-les-besoins-clients-24-mai\/","url":"https:\/\/empow-her.com\/produit\/atelier-identifier-sa-cible-ses-personas-les-besoins-clients-24-mai\/","name":"Atelier - Identifier sa cible, ses personas & les besoins clients - Empow&#039;Her","isPartOf":{"@id":"https:\/\/empow-her.com\/#website"},"primaryImageOfPage":{"@id":"https:\/\/empow-her.com\/produit\/atelier-identifier-sa-cible-ses-personas-les-besoins-clients-24-mai\/#primaryimage"},"image":{"@id":"https:\/\/empow-her.com\/produit\/atelier-identifier-sa-cible-ses-personas-les-besoins-clients-24-mai\/#primaryimage"},"thumbnailUrl":"https:\/\/empow-her.com\/wp-content\/uploads\/2022\/03\/Women-Dare-templates-events-54.png","datePublished":"2022-03-16T11:06:16+00:00","dateModified":"2022-05-11T16:17:36+00:00","breadcrumb":{"@id":"https:\/\/empow-her.com\/produit\/atelier-identifier-sa-cible-ses-personas-les-besoins-clients-24-mai\/#breadcrumb"},"inLanguage":"en-US","potentialAction":[{"@type":"ReadAction","target":["https:\/\/empow-her.com\/produit\/atelier-identifier-sa-cible-ses-personas-les-besoins-clients-24-mai\/"]}]},{"@type":"ImageObject","inLanguage":"en-US","@id":"https:\/\/empow-her.com\/produit\/atelier-identifier-sa-cible-ses-personas-les-besoins-clients-24-mai\/#primaryimage","url":"https:\/\/empow-her.com\/wp-content\/uploads\/2022\/03\/Women-Dare-templates-events-54.png","contentUrl":"https:\/\/empow-her.com\/wp-content\/uploads\/2022\/03\/Women-Dare-templates-events-54.png","width":1080,"height":1080},{"@type":"BreadcrumbList","@id":"https:\/\/empow-her.com\/produit\/atelier-identifier-sa-cible-ses-personas-les-besoins-clients-24-mai\/#breadcrumb","itemListElement":[{"@type":"ListItem","position":1,"name":"Accueil","item":"https:\/\/empow-her.com\/en\/landing-page\/"},{"@type":"ListItem","position":2,"name":"LA BOUTIQUE","item":"https:\/\/empow-her.com\/boutique\/"},{"@type":"ListItem","position":3,"name":"Atelier &#8211; Identifier sa cible, ses personas &#038; les besoins clients"}]},{"@type":"WebSite","@id":"https:\/\/empow-her.com\/#website","url":"https:\/\/empow-her.com\/","name":"Empow&#039;Her","description":"Women Development","potentialAction":[{"@type":"SearchAction","target":{"@type":"EntryPoint","urlTemplate":"https:\/\/empow-her.com\/?s={search_term_string}"},"query-input":{"@type":"PropertyValueSpecification","valueRequired":true,"valueName":"search_term_string"}}],"inLanguage":"en-US"}]}},"_links":{"self":[{"href":"https:\/\/empow-her.com\/en\/wp-json\/wp\/v2\/product\/116743","targetHints":{"allow":["GET"]}}],"collection":[{"href":"https:\/\/empow-her.com\/en\/wp-json\/wp\/v2\/product"}],"about":[{"href":"https:\/\/empow-her.com\/en\/wp-json\/wp\/v2\/types\/product"}],"wp:featuredmedia":[{"embeddable":true,"href":"https:\/\/empow-her.com\/en\/wp-json\/wp\/v2\/media\/116748"}],"wp:attachment":[{"href":"https:\/\/empow-her.com\/en\/wp-json\/wp\/v2\/media?parent=116743"}],"wp:term":[{"taxonomy":"product_brand","embeddable":true,"href":"https:\/\/empow-her.com\/en\/wp-json\/wp\/v2\/product_brand?post=116743"},{"taxonomy":"product_cat","embeddable":true,"href":"https:\/\/empow-her.com\/en\/wp-json\/wp\/v2\/product_cat?post=116743"},{"taxonomy":"product_tag","embeddable":true,"href":"https:\/\/empow-her.com\/en\/wp-json\/wp\/v2\/product_tag?post=116743"},{"taxonomy":"lieu","embeddable":true,"href":"https:\/\/empow-her.com\/en\/wp-json\/wp\/v2\/lieu?post=116743"},{"taxonomy":"thematiques","embeddable":true,"href":"https:\/\/empow-her.com\/en\/wp-json\/wp\/v2\/thematiques?post=116743"}],"curies":[{"name":"wp","href":"https:\/\/api.w.org\/{rel}","templated":true}]}}