{"id":116683,"date":"2022-03-14T17:37:48","date_gmt":"2022-03-14T16:37:48","guid":{"rendered":"https:\/\/empow-her.com\/?post_type=product&#038;p=116683"},"modified":"2022-09-28T11:46:02","modified_gmt":"2022-09-28T09:46:02","slug":"street-art-feministe-sisther","status":"publish","type":"product","link":"https:\/\/empow-her.com\/en\/produit\/street-art-feministe-sisther\/","title":{"rendered":"Street art feminist"},"content":{"rendered":"<p>Le street-art un outil pour se faire un r\u00e9seau et booster sa confiance en soi !\u00a0Participez \u00e0 notre atelier immersif et jugez par vous-m\u00eame !<\/p>\n<p>Retrouvez-nous chez Sist&#8217;Her le mercredi 13 avril 18h30 et partons ENSEMBLE \u00e0 l\u2019aventure !<\/p>\n<p>&#8220;Intervenir en rue est une exp\u00e9rience inoubliable. Le faire entre femmes est encore plus fort.&#8221; Mathilde, artiste de la joie, nous propose de cr\u00e9er ensemble une \u0153uvre color\u00e9e et magistrale qui servira de d\u00e9cor pour cr\u00e9er une photo de groupe dynamique et joyeuse. Pas d&#8217;inqui\u00e9tude, vous ne finirez pas au poste car l\u2019activit\u00e9 est 100% l\u00e9gale. Les plus t\u00e9m\u00e9raires repartirons avec un portrait \u00ab Badass \u00bb ! D\u2019ailleurs ne ratez pas cette occasion de communiquer sur votre projet en venant habill\u00e9.e avec un symbole qui vous repr\u00e9sente, votre tee shirt ou casquette favorite.<\/p>\n<p>A 19h, retour chez Sist\u2019Her pour que Mathilde nous explique comment cette exp\u00e9rience permet de se cr\u00e9er un r\u00e9seau et de diffuser son art. Accompagn\u00e9e d&#8217;autres artistes qui vous expliqueront \u00e9galement comment elles utilisent la ville pour d\u00e9ployer leur mission. Chaque intervention sera ponctu\u00e9e d\u2019un \u00e9change en petit groupe, c&#8217;est l&#8217;occasion de repartir avec des id\u00e9es et de nouvelles connaissances au sein de Sist&#8217;Her !<\/p>\n<p>Cette soir\u00e9e est ouvertes \u00e0 toutes les femmes, membres d&#8217;un programme d&#8217;accompagnement Empow\u2019Her ou non !<\/p>\n<p>&#x1f516; R\u00e9servation gratuite obligatoire : https:\/\/empow-her.com\/produit\/street-art-f\u00e9ministe-sist&#8217;her\/<\/p>\n","protected":false},"excerpt":{"rendered":"<p>Le street-art un outil pour se faire un r\u00e9seau et booster sa confiance en soi !\u00a0Participez \u00e0 notre atelier immersif et jugez par vous-m\u00eame !<\/p>\n<p>Retrouvez-nous chez Sist&#8217;Her le mercredi 13 avril 18h30 et partons ENSEMBLE \u00e0 l\u2019aventure !<\/p>\n<p>&#8220;Intervenir en rue est une exp\u00e9rience inoubliable. Le faire entre femmes est encore plus fort.&#8221; Mathilde, artiste de la joie, nous propose de cr\u00e9er ensemble une \u0153uvre color\u00e9e et magistrale qui servira de d\u00e9cor pour cr\u00e9er une photo de groupe dynamique et joyeuse. Pas d&#8217;inqui\u00e9tude, vous ne finirez pas au poste car l\u2019activit\u00e9 est 100% l\u00e9gale. Les plus t\u00e9m\u00e9raires repartirons avec un portrait \u00ab Badass \u00bb ! D\u2019ailleurs ne ratez pas cette occasion de communiquer sur votre projet en venant habill\u00e9.e avec un symbole qui vous repr\u00e9sente, votre tee shirt ou casquette favorite.<\/p>\n<p>A 19h, retour chez Sist\u2019Her pour que Mathilde nous explique comment cette exp\u00e9rience permet de se cr\u00e9er un r\u00e9seau et de diffuser son art. Accompagn\u00e9e d&#8217;autres artistes qui vous expliqueront \u00e9galement comment elles utilisent la ville pour d\u00e9ployer leur mission. Chaque intervention sera ponctu\u00e9e d\u2019un \u00e9change en petit groupe, c&#8217;est l&#8217;occasion de repartir avec des id\u00e9es et de nouvelles connaissances au sein de Sist&#8217;Her !<\/p>\n<p>Cette soir\u00e9e est ouvertes \u00e0 toutes les femmes, membres d&#8217;un programme d&#8217;accompagnement Empow\u2019Her ou non !<\/p>\n<p>&#x1f516; R\u00e9servation gratuite obligatoire : https:\/\/empow-her.com\/produit\/street-art-f\u00e9ministe-sist&#8217;her\/<\/p>\n","protected":false},"featured_media":116689,"template":"","format":"standard","meta":{"_acf_changed":false,"om_disable_all_campaigns":false,"_uf_show_specific_survey":0,"_uf_disable_surveys":false},"product_brand":[],"product_cat":[119],"product_tag":[],"lieu":[127],"thematiques":[],"class_list":{"0":"post-116683","1":"product","2":"type-product","3":"status-publish","4":"format-standard","5":"has-post-thumbnail","7":"product_cat-evenement-sisther","8":"lieu-hub-empowher","10":"first","11":"instock","12":"virtual","13":"purchasable","14":"product-type-appointment"},"exclude_global_add_ons":[],"addons":[],"acf":[],"yoast_head":"<!-- This site is optimized with the Yoast SEO plugin v24.8 - https:\/\/yoast.com\/wordpress\/plugins\/seo\/ -->\n<title>Street art feminist - Empow&#039;Her<\/title>\n<meta name=\"description\" content=\"Prenez part \u00e0 une exp\u00e9rience (l\u00e9gale) de street art f\u00e9ministe avec l&#039;artiste Mathilde Guegan qui assurera cet atelier !\" \/>\n<meta name=\"robots\" content=\"index, follow, max-snippet:-1, max-image-preview:large, max-video-preview:-1\" \/>\n<link rel=\"canonical\" href=\"https:\/\/empow-her.com\/produit\/street-art-feministe-sisther\/\" \/>\n<meta property=\"og:locale\" content=\"en_US\" \/>\n<meta property=\"og:type\" content=\"article\" \/>\n<meta property=\"og:title\" content=\"Street art feminist - Empow&#039;Her\" \/>\n<meta property=\"og:description\" content=\"Prenez part \u00e0 une exp\u00e9rience (l\u00e9gale) de street art f\u00e9ministe avec l&#039;artiste Mathilde Guegan qui assurera cet atelier !\" \/>\n<meta property=\"og:url\" content=\"https:\/\/empow-her.com\/produit\/street-art-feministe-sisther\/\" \/>\n<meta property=\"og:site_name\" content=\"Empow&#039;Her\" \/>\n<meta property=\"article:modified_time\" content=\"2022-09-28T09:46:02+00:00\" \/>\n<meta property=\"og:image\" content=\"https:\/\/empow-her.com\/wp-content\/uploads\/2022\/03\/Women-Dare-templates-events-10.png\" \/>\n\t<meta property=\"og:image:width\" content=\"1080\" \/>\n\t<meta property=\"og:image:height\" content=\"1080\" \/>\n\t<meta property=\"og:image:type\" content=\"image\/png\" \/>\n<meta name=\"twitter:card\" content=\"summary_large_image\" \/>\n<meta name=\"twitter:label1\" content=\"Est. reading time\" \/>\n\t<meta name=\"twitter:data1\" content=\"2 minutes\" \/>\n<script type=\"application\/ld+json\" class=\"yoast-schema-graph\">{\"@context\":\"https:\/\/schema.org\",\"@graph\":[{\"@type\":\"WebPage\",\"@id\":\"https:\/\/empow-her.com\/produit\/street-art-feministe-sisther\/\",\"url\":\"https:\/\/empow-her.com\/produit\/street-art-feministe-sisther\/\",\"name\":\"Street art feminist - Empow&#039;Her\",\"isPartOf\":{\"@id\":\"https:\/\/empow-her.com\/#website\"},\"primaryImageOfPage\":{\"@id\":\"https:\/\/empow-her.com\/produit\/street-art-feministe-sisther\/#primaryimage\"},\"image\":{\"@id\":\"https:\/\/empow-her.com\/produit\/street-art-feministe-sisther\/#primaryimage\"},\"thumbnailUrl\":\"https:\/\/empow-her.com\/wp-content\/uploads\/2022\/03\/Women-Dare-templates-events-10.png\",\"datePublished\":\"2022-03-14T16:37:48+00:00\",\"dateModified\":\"2022-09-28T09:46:02+00:00\",\"description\":\"Prenez part \u00e0 une exp\u00e9rience (l\u00e9gale) de street art f\u00e9ministe avec l'artiste Mathilde Guegan qui assurera cet atelier !\",\"breadcrumb\":{\"@id\":\"https:\/\/empow-her.com\/produit\/street-art-feministe-sisther\/#breadcrumb\"},\"inLanguage\":\"en-US\",\"potentialAction\":[{\"@type\":\"ReadAction\",\"target\":[\"https:\/\/empow-her.com\/produit\/street-art-feministe-sisther\/\"]}]},{\"@type\":\"ImageObject\",\"inLanguage\":\"en-US\",\"@id\":\"https:\/\/empow-her.com\/produit\/street-art-feministe-sisther\/#primaryimage\",\"url\":\"https:\/\/empow-her.com\/wp-content\/uploads\/2022\/03\/Women-Dare-templates-events-10.png\",\"contentUrl\":\"https:\/\/empow-her.com\/wp-content\/uploads\/2022\/03\/Women-Dare-templates-events-10.png\",\"width\":1080,\"height\":1080},{\"@type\":\"BreadcrumbList\",\"@id\":\"https:\/\/empow-her.com\/produit\/street-art-feministe-sisther\/#breadcrumb\",\"itemListElement\":[{\"@type\":\"ListItem\",\"position\":1,\"name\":\"Accueil\",\"item\":\"https:\/\/empow-her.com\/en\/landing-page\/\"},{\"@type\":\"ListItem\",\"position\":2,\"name\":\"LA BOUTIQUE\",\"item\":\"https:\/\/empow-her.com\/boutique\/\"},{\"@type\":\"ListItem\",\"position\":3,\"name\":\"Street art feminist\"}]},{\"@type\":\"WebSite\",\"@id\":\"https:\/\/empow-her.com\/#website\",\"url\":\"https:\/\/empow-her.com\/\",\"name\":\"Empow&#039;Her\",\"description\":\"Women Development\",\"potentialAction\":[{\"@type\":\"SearchAction\",\"target\":{\"@type\":\"EntryPoint\",\"urlTemplate\":\"https:\/\/empow-her.com\/?s={search_term_string}\"},\"query-input\":{\"@type\":\"PropertyValueSpecification\",\"valueRequired\":true,\"valueName\":\"search_term_string\"}}],\"inLanguage\":\"en-US\"}]}<\/script>\n<!-- \/ Yoast SEO plugin. -->","yoast_head_json":{"title":"Street art feminist - Empow&#039;Her","description":"Prenez part \u00e0 une exp\u00e9rience (l\u00e9gale) de street art f\u00e9ministe avec l'artiste Mathilde Guegan qui assurera cet atelier !","robots":{"index":"index","follow":"follow","max-snippet":"max-snippet:-1","max-image-preview":"max-image-preview:large","max-video-preview":"max-video-preview:-1"},"canonical":"https:\/\/empow-her.com\/produit\/street-art-feministe-sisther\/","og_locale":"en_US","og_type":"article","og_title":"Street art feminist - Empow&#039;Her","og_description":"Prenez part \u00e0 une exp\u00e9rience (l\u00e9gale) de street art f\u00e9ministe avec l'artiste Mathilde Guegan qui assurera cet atelier !","og_url":"https:\/\/empow-her.com\/produit\/street-art-feministe-sisther\/","og_site_name":"Empow&#039;Her","article_modified_time":"2022-09-28T09:46:02+00:00","og_image":[{"width":1080,"height":1080,"url":"https:\/\/empow-her.com\/wp-content\/uploads\/2022\/03\/Women-Dare-templates-events-10.png","type":"image\/png"}],"twitter_card":"summary_large_image","twitter_misc":{"Est. reading time":"2 minutes"},"schema":{"@context":"https:\/\/schema.org","@graph":[{"@type":"WebPage","@id":"https:\/\/empow-her.com\/produit\/street-art-feministe-sisther\/","url":"https:\/\/empow-her.com\/produit\/street-art-feministe-sisther\/","name":"Street art feminist - Empow&#039;Her","isPartOf":{"@id":"https:\/\/empow-her.com\/#website"},"primaryImageOfPage":{"@id":"https:\/\/empow-her.com\/produit\/street-art-feministe-sisther\/#primaryimage"},"image":{"@id":"https:\/\/empow-her.com\/produit\/street-art-feministe-sisther\/#primaryimage"},"thumbnailUrl":"https:\/\/empow-her.com\/wp-content\/uploads\/2022\/03\/Women-Dare-templates-events-10.png","datePublished":"2022-03-14T16:37:48+00:00","dateModified":"2022-09-28T09:46:02+00:00","description":"Prenez part \u00e0 une exp\u00e9rience (l\u00e9gale) de street art f\u00e9ministe avec l'artiste Mathilde Guegan qui assurera cet atelier !","breadcrumb":{"@id":"https:\/\/empow-her.com\/produit\/street-art-feministe-sisther\/#breadcrumb"},"inLanguage":"en-US","potentialAction":[{"@type":"ReadAction","target":["https:\/\/empow-her.com\/produit\/street-art-feministe-sisther\/"]}]},{"@type":"ImageObject","inLanguage":"en-US","@id":"https:\/\/empow-her.com\/produit\/street-art-feministe-sisther\/#primaryimage","url":"https:\/\/empow-her.com\/wp-content\/uploads\/2022\/03\/Women-Dare-templates-events-10.png","contentUrl":"https:\/\/empow-her.com\/wp-content\/uploads\/2022\/03\/Women-Dare-templates-events-10.png","width":1080,"height":1080},{"@type":"BreadcrumbList","@id":"https:\/\/empow-her.com\/produit\/street-art-feministe-sisther\/#breadcrumb","itemListElement":[{"@type":"ListItem","position":1,"name":"Accueil","item":"https:\/\/empow-her.com\/en\/landing-page\/"},{"@type":"ListItem","position":2,"name":"LA BOUTIQUE","item":"https:\/\/empow-her.com\/boutique\/"},{"@type":"ListItem","position":3,"name":"Street art feminist"}]},{"@type":"WebSite","@id":"https:\/\/empow-her.com\/#website","url":"https:\/\/empow-her.com\/","name":"Empow&#039;Her","description":"Women Development","potentialAction":[{"@type":"SearchAction","target":{"@type":"EntryPoint","urlTemplate":"https:\/\/empow-her.com\/?s={search_term_string}"},"query-input":{"@type":"PropertyValueSpecification","valueRequired":true,"valueName":"search_term_string"}}],"inLanguage":"en-US"}]}},"_links":{"self":[{"href":"https:\/\/empow-her.com\/en\/wp-json\/wp\/v2\/product\/116683","targetHints":{"allow":["GET"]}}],"collection":[{"href":"https:\/\/empow-her.com\/en\/wp-json\/wp\/v2\/product"}],"about":[{"href":"https:\/\/empow-her.com\/en\/wp-json\/wp\/v2\/types\/product"}],"wp:featuredmedia":[{"embeddable":true,"href":"https:\/\/empow-her.com\/en\/wp-json\/wp\/v2\/media\/116689"}],"wp:attachment":[{"href":"https:\/\/empow-her.com\/en\/wp-json\/wp\/v2\/media?parent=116683"}],"wp:term":[{"taxonomy":"product_brand","embeddable":true,"href":"https:\/\/empow-her.com\/en\/wp-json\/wp\/v2\/product_brand?post=116683"},{"taxonomy":"product_cat","embeddable":true,"href":"https:\/\/empow-her.com\/en\/wp-json\/wp\/v2\/product_cat?post=116683"},{"taxonomy":"product_tag","embeddable":true,"href":"https:\/\/empow-her.com\/en\/wp-json\/wp\/v2\/product_tag?post=116683"},{"taxonomy":"lieu","embeddable":true,"href":"https:\/\/empow-her.com\/en\/wp-json\/wp\/v2\/lieu?post=116683"},{"taxonomy":"thematiques","embeddable":true,"href":"https:\/\/empow-her.com\/en\/wp-json\/wp\/v2\/thematiques?post=116683"}],"curies":[{"name":"wp","href":"https:\/\/api.w.org\/{rel}","templated":true}]}}