{"id":116470,"date":"2022-03-11T12:04:26","date_gmt":"2022-03-11T11:04:26","guid":{"rendered":"https:\/\/empow-her.com\/?post_type=product&#038;p=116470"},"modified":"2022-03-29T14:07:29","modified_gmt":"2022-03-29T12:07:29","slug":"coaching-explorer-son-modele-economique-19-avril","status":"publish","type":"product","link":"https:\/\/empow-her.com\/en\/produit\/coaching-explorer-son-modele-economique-19-avril\/","title":{"rendered":"Coaching &#8211; Explorer son mod\u00e8le \u00e9conomique"},"content":{"rendered":"","protected":false},"excerpt":{"rendered":"<p>Des questions, des doutes sur votre mod\u00e8le \u00e9conomique ? Comment le construire ? D\u00e9finir et \u00e9tudier sa viabilit\u00e9\u202f ?<\/p>\n<p>Arthur et Sophia vous accompagnent sur la d\u00e9finition de votre business model.<\/p>\n<p>&nbsp;<\/p>\n<p><strong>Intervenant.e.s :\u00a0<\/strong><br \/>\nArthur Marechaux<\/p>\n<p><strong>Pr\u00e9sentation : <\/strong><br \/>\nEntrepreneur et facilitateur, Arthur vous accompagne dans la conception, la mise en \u0153uvre et la diffusion d\u2019innovations \u00e0 fort impact, avec un focus sur la recherche de votre mod\u00e8le \u00e9conomique et le test de votre solution pour valider votre projet. Arthur a extrait de ses exp\u00e9riences terrains, les outils et les approches efficaces pour d\u00e9finir un mod\u00e8le et le tester rapidement. Il \u00e9volue depuis 7 ans dans l\u2019\u00e9cosyst\u00e8me de l\u2019accompagnement de projets aux c\u00f4t\u00e9s d\u2019entrepreneur.e.s engag\u00e9.e.s pour les accompagner \u00e0 d\u00e9velopper leur projet et leur potentiel. Il porte en parall\u00e8le un projet terrain, en phase de changement d&#8217;\u00e9chelle, qui a pour mission d\u2019enseigner les langues et sensibiliser \u00e0 la citoyennet\u00e9 europ\u00e9enne et mondiale, \u00e0 travers le sport.<\/p>\n<p><strong>Son super pouvoir : <\/strong><br \/>\nExplorateur des possibles<\/p>\n<p><strong>Son petit mot : <\/strong><br \/>\nEntreprendre, c&#8217;est comme se lancer dans un trek en montagne, pour parvenir au sommet, il y a du chemin \u00e0 parcourir et une grande part d\u2019impr\u00e9vu. Votre challenge :<br \/>\n1. Trouver le bon chemin (la bonne nouvelle c&#8217;est qu&#8217;il en existe plusieurs)<br \/>\n2. Rester motiv\u00e9e<br \/>\n3. Savoir par quel sentier commencer<br \/>\n4. \u00catre \u00e9quip\u00e9e<\/p>\n<p>Si vous \u00eates ici, c&#8217;est que vous avez fait le bon choix pour que l&#8217;on vous soutienne dans cette aventure et qu&#8217;on vous aide \u00e0 prendre du recul pour faire les bons choix afin d&#8217;arriver au sommet.<\/p>\n<p>&nbsp;<\/p>\n<p>&nbsp;<\/p>\n<p>Session de coaching<strong> en\u00a0 ligne<\/strong><\/p>\n<p><strong>Dur\u00e9e<\/strong> : U<span data-sheets-value=\"{&quot;1&quot;:2,&quot;2&quot;:&quot;Permanence de 4h avec un cr\u00e9neau de 1h par participante (+ 15 minutes entre chaque)&quot;}\" data-sheets-userformat=\"{&quot;2&quot;:7167,&quot;3&quot;:{&quot;1&quot;:0},&quot;4&quot;:{&quot;1&quot;:2,&quot;2&quot;:16777215},&quot;5&quot;:{&quot;1&quot;:[{&quot;1&quot;:2,&quot;2&quot;:0,&quot;5&quot;:{&quot;1&quot;:2,&quot;2&quot;:0}},{&quot;1&quot;:0,&quot;2&quot;:0,&quot;3&quot;:3},{&quot;1&quot;:1,&quot;2&quot;:0,&quot;4&quot;:1}]},&quot;6&quot;:{&quot;1&quot;:[{&quot;1&quot;:2,&quot;2&quot;:0,&quot;5&quot;:{&quot;1&quot;:2,&quot;2&quot;:0}},{&quot;1&quot;:0,&quot;2&quot;:0,&quot;3&quot;:3},{&quot;1&quot;:1,&quot;2&quot;:0,&quot;4&quot;:1}]},&quot;7&quot;:{&quot;1&quot;:[{&quot;1&quot;:2,&quot;2&quot;:0,&quot;5&quot;:{&quot;1&quot;:2,&quot;2&quot;:0}},{&quot;1&quot;:0,&quot;2&quot;:0,&quot;3&quot;:3},{&quot;1&quot;:1,&quot;2&quot;:0,&quot;4&quot;:1}]},&quot;8&quot;:{&quot;1&quot;:[{&quot;1&quot;:2,&quot;2&quot;:0,&quot;5&quot;:{&quot;1&quot;:2,&quot;2&quot;:0}},{&quot;1&quot;:0,&quot;2&quot;:0,&quot;3&quot;:3},{&quot;1&quot;:1,&quot;2&quot;:0,&quot;4&quot;:1}]},&quot;9&quot;:0,&quot;10&quot;:1,&quot;11&quot;:4,&quot;12&quot;:0,&quot;14&quot;:{&quot;1&quot;:2,&quot;2&quot;:0},&quot;15&quot;:&quot;Calibri&quot;}\">n cr\u00e9neau de 1h en individuel<\/span><\/p>\n<p>&nbsp;<\/p>\n<p>Ce projet est co-financ\u00e9 par le Fonds Social Europ\u00e9en.<\/p>\n<p><img decoding=\"async\" class=\"alignnone size-medium wp-image-15794\" src=\"https:\/\/empow-her.com\/wp-content\/uploads\/2021\/07\/fse-logos-1-300x54.png\" alt=\"\" width=\"300\" height=\"54\" srcset=\"https:\/\/empow-her.com\/wp-content\/uploads\/2021\/07\/fse-logos-1-300x54.png 300w, https:\/\/empow-her.com\/wp-content\/uploads\/2021\/07\/fse-logos-1-600x108.png 600w, https:\/\/empow-her.com\/wp-content\/uploads\/2021\/07\/fse-logos-1-1024x184.png 1024w, https:\/\/empow-her.com\/wp-content\/uploads\/2021\/07\/fse-logos-1-768x138.png 768w, https:\/\/empow-her.com\/wp-content\/uploads\/2021\/07\/fse-logos-1-1536x275.png 1536w, https:\/\/empow-her.com\/wp-content\/uploads\/2021\/07\/fse-logos-1-2048x367.png 2048w, https:\/\/empow-her.com\/wp-content\/uploads\/2021\/07\/fse-logos-1-24x4.png 24w, https:\/\/empow-her.com\/wp-content\/uploads\/2021\/07\/fse-logos-1-36x6.png 36w, https:\/\/empow-her.com\/wp-content\/uploads\/2021\/07\/fse-logos-1-48x9.png 48w\" sizes=\"(max-width: 300px) 100vw, 300px\" \/><\/p>\n","protected":false},"featured_media":116488,"template":"","format":"standard","meta":{"_acf_changed":false,"om_disable_all_campaigns":false,"_uf_show_specific_survey":0,"_uf_disable_surveys":false},"product_brand":[],"product_cat":[121],"product_tag":[],"lieu":[],"thematiques":[],"class_list":{"0":"post-116470","1":"product","2":"type-product","3":"status-publish","4":"format-standard","5":"has-post-thumbnail","7":"product_cat-coaching","9":"first","10":"instock","11":"virtual","12":"purchasable","13":"product-type-appointment"},"exclude_global_add_ons":[],"addons":[],"acf":[],"yoast_head":"<!-- This site is optimized with the Yoast SEO plugin v24.8 - https:\/\/yoast.com\/wordpress\/plugins\/seo\/ -->\n<title>Coaching - Explorer son mod\u00e8le \u00e9conomique - Empow&#039;Her<\/title>\n<meta name=\"robots\" content=\"index, follow, max-snippet:-1, max-image-preview:large, max-video-preview:-1\" \/>\n<link rel=\"canonical\" href=\"https:\/\/empow-her.com\/produit\/coaching-explorer-son-modele-economique-19-avril\/\" \/>\n<meta property=\"og:locale\" content=\"en_US\" \/>\n<meta property=\"og:type\" content=\"article\" \/>\n<meta property=\"og:title\" content=\"Coaching - Explorer son mod\u00e8le \u00e9conomique - Empow&#039;Her\" \/>\n<meta property=\"og:description\" content=\"Des questions, des doutes sur votre mod\u00e8le \u00e9conomique ? Comment le construire ? D\u00e9finir et \u00e9tudier sa viabilit\u00e9\u202f ?  Arthur et Sophia vous accompagnent sur la d\u00e9finition de votre business model.  &nbsp;  Intervenant.e.s :\u00a0 Arthur Marechaux  Pr\u00e9sentation :  Entrepreneur et facilitateur, Arthur vous accompagne dans la conception, la mise en \u0153uvre et la diffusion d\u2019innovations \u00e0 fort impact, avec un focus sur la recherche de votre mod\u00e8le \u00e9conomique et le test de votre solution pour valider votre projet. Arthur a extrait de ses exp\u00e9riences terrains, les outils et les approches efficaces pour d\u00e9finir un mod\u00e8le et le tester rapidement. Il \u00e9volue depuis 7 ans dans l\u2019\u00e9cosyst\u00e8me de l\u2019accompagnement de projets aux c\u00f4t\u00e9s d\u2019entrepreneur.e.s engag\u00e9.e.s pour les accompagner \u00e0 d\u00e9velopper leur projet et leur potentiel. Il porte en parall\u00e8le un projet terrain, en phase de changement d&#039;\u00e9chelle, qui a pour mission d\u2019enseigner les langues et sensibiliser \u00e0 la citoyennet\u00e9 europ\u00e9enne et mondiale, \u00e0 travers le sport.  Son super pouvoir :  Explorateur des possibles  Son petit mot :  Entreprendre, c&#039;est comme se lancer dans un trek en montagne, pour parvenir au sommet, il y a du chemin \u00e0 parcourir et une grande part d\u2019impr\u00e9vu. Votre challenge : 1. Trouver le bon chemin (la bonne nouvelle c&#039;est qu&#039;il en existe plusieurs) 2. Rester motiv\u00e9e 3. Savoir par quel sentier commencer 4. \u00catre \u00e9quip\u00e9e  Si vous \u00eates ici, c&#039;est que vous avez fait le bon choix pour que l&#039;on vous soutienne dans cette aventure et qu&#039;on vous aide \u00e0 prendre du recul pour faire les bons choix afin d&#039;arriver au sommet.  &nbsp;  &nbsp;  Session de coaching en\u00a0 ligne  Dur\u00e9e : Un cr\u00e9neau de 1h en individuel  &nbsp;  Ce projet est co-financ\u00e9 par le Fonds Social Europ\u00e9en.\" \/>\n<meta property=\"og:url\" content=\"https:\/\/empow-her.com\/produit\/coaching-explorer-son-modele-economique-19-avril\/\" \/>\n<meta property=\"og:site_name\" content=\"Empow&#039;Her\" \/>\n<meta property=\"article:modified_time\" content=\"2022-03-29T12:07:29+00:00\" \/>\n<meta property=\"og:image\" content=\"https:\/\/empow-her.com\/wp-content\/uploads\/2022\/03\/Women-Dare-templates-events-16.png\" \/>\n\t<meta property=\"og:image:width\" content=\"1080\" \/>\n\t<meta property=\"og:image:height\" content=\"1080\" \/>\n\t<meta property=\"og:image:type\" content=\"image\/png\" \/>\n<meta name=\"twitter:card\" content=\"summary_large_image\" \/>\n<script type=\"application\/ld+json\" class=\"yoast-schema-graph\">{\"@context\":\"https:\/\/schema.org\",\"@graph\":[{\"@type\":\"WebPage\",\"@id\":\"https:\/\/empow-her.com\/produit\/coaching-explorer-son-modele-economique-19-avril\/\",\"url\":\"https:\/\/empow-her.com\/produit\/coaching-explorer-son-modele-economique-19-avril\/\",\"name\":\"Coaching - Explorer son mod\u00e8le \u00e9conomique - Empow&#039;Her\",\"isPartOf\":{\"@id\":\"https:\/\/empow-her.com\/#website\"},\"primaryImageOfPage\":{\"@id\":\"https:\/\/empow-her.com\/produit\/coaching-explorer-son-modele-economique-19-avril\/#primaryimage\"},\"image\":{\"@id\":\"https:\/\/empow-her.com\/produit\/coaching-explorer-son-modele-economique-19-avril\/#primaryimage\"},\"thumbnailUrl\":\"https:\/\/empow-her.com\/wp-content\/uploads\/2022\/03\/Women-Dare-templates-events-16.png\",\"datePublished\":\"2022-03-11T11:04:26+00:00\",\"dateModified\":\"2022-03-29T12:07:29+00:00\",\"breadcrumb\":{\"@id\":\"https:\/\/empow-her.com\/produit\/coaching-explorer-son-modele-economique-19-avril\/#breadcrumb\"},\"inLanguage\":\"en-US\",\"potentialAction\":[{\"@type\":\"ReadAction\",\"target\":[\"https:\/\/empow-her.com\/produit\/coaching-explorer-son-modele-economique-19-avril\/\"]}]},{\"@type\":\"ImageObject\",\"inLanguage\":\"en-US\",\"@id\":\"https:\/\/empow-her.com\/produit\/coaching-explorer-son-modele-economique-19-avril\/#primaryimage\",\"url\":\"https:\/\/empow-her.com\/wp-content\/uploads\/2022\/03\/Women-Dare-templates-events-16.png\",\"contentUrl\":\"https:\/\/empow-her.com\/wp-content\/uploads\/2022\/03\/Women-Dare-templates-events-16.png\",\"width\":1080,\"height\":1080},{\"@type\":\"BreadcrumbList\",\"@id\":\"https:\/\/empow-her.com\/produit\/coaching-explorer-son-modele-economique-19-avril\/#breadcrumb\",\"itemListElement\":[{\"@type\":\"ListItem\",\"position\":1,\"name\":\"Accueil\",\"item\":\"https:\/\/empow-her.com\/en\/landing-page\/\"},{\"@type\":\"ListItem\",\"position\":2,\"name\":\"LA BOUTIQUE\",\"item\":\"https:\/\/empow-her.com\/boutique\/\"},{\"@type\":\"ListItem\",\"position\":3,\"name\":\"Coaching &#8211; Explorer son mod\u00e8le \u00e9conomique\"}]},{\"@type\":\"WebSite\",\"@id\":\"https:\/\/empow-her.com\/#website\",\"url\":\"https:\/\/empow-her.com\/\",\"name\":\"Empow&#039;Her\",\"description\":\"Women Development\",\"potentialAction\":[{\"@type\":\"SearchAction\",\"target\":{\"@type\":\"EntryPoint\",\"urlTemplate\":\"https:\/\/empow-her.com\/?s={search_term_string}\"},\"query-input\":{\"@type\":\"PropertyValueSpecification\",\"valueRequired\":true,\"valueName\":\"search_term_string\"}}],\"inLanguage\":\"en-US\"}]}<\/script>\n<!-- \/ Yoast SEO plugin. -->","yoast_head_json":{"title":"Coaching - Explorer son mod\u00e8le \u00e9conomique - Empow&#039;Her","robots":{"index":"index","follow":"follow","max-snippet":"max-snippet:-1","max-image-preview":"max-image-preview:large","max-video-preview":"max-video-preview:-1"},"canonical":"https:\/\/empow-her.com\/produit\/coaching-explorer-son-modele-economique-19-avril\/","og_locale":"en_US","og_type":"article","og_title":"Coaching - Explorer son mod\u00e8le \u00e9conomique - Empow&#039;Her","og_description":"Des questions, des doutes sur votre mod\u00e8le \u00e9conomique ? Comment le construire ? D\u00e9finir et \u00e9tudier sa viabilit\u00e9\u202f ?  Arthur et Sophia vous accompagnent sur la d\u00e9finition de votre business model.  &nbsp;  Intervenant.e.s :\u00a0 Arthur Marechaux  Pr\u00e9sentation :  Entrepreneur et facilitateur, Arthur vous accompagne dans la conception, la mise en \u0153uvre et la diffusion d\u2019innovations \u00e0 fort impact, avec un focus sur la recherche de votre mod\u00e8le \u00e9conomique et le test de votre solution pour valider votre projet. Arthur a extrait de ses exp\u00e9riences terrains, les outils et les approches efficaces pour d\u00e9finir un mod\u00e8le et le tester rapidement. Il \u00e9volue depuis 7 ans dans l\u2019\u00e9cosyst\u00e8me de l\u2019accompagnement de projets aux c\u00f4t\u00e9s d\u2019entrepreneur.e.s engag\u00e9.e.s pour les accompagner \u00e0 d\u00e9velopper leur projet et leur potentiel. Il porte en parall\u00e8le un projet terrain, en phase de changement d'\u00e9chelle, qui a pour mission d\u2019enseigner les langues et sensibiliser \u00e0 la citoyennet\u00e9 europ\u00e9enne et mondiale, \u00e0 travers le sport.  Son super pouvoir :  Explorateur des possibles  Son petit mot :  Entreprendre, c'est comme se lancer dans un trek en montagne, pour parvenir au sommet, il y a du chemin \u00e0 parcourir et une grande part d\u2019impr\u00e9vu. Votre challenge : 1. Trouver le bon chemin (la bonne nouvelle c'est qu'il en existe plusieurs) 2. Rester motiv\u00e9e 3. Savoir par quel sentier commencer 4. \u00catre \u00e9quip\u00e9e  Si vous \u00eates ici, c'est que vous avez fait le bon choix pour que l'on vous soutienne dans cette aventure et qu'on vous aide \u00e0 prendre du recul pour faire les bons choix afin d'arriver au sommet.  &nbsp;  &nbsp;  Session de coaching en\u00a0 ligne  Dur\u00e9e : Un cr\u00e9neau de 1h en individuel  &nbsp;  Ce projet est co-financ\u00e9 par le Fonds Social Europ\u00e9en.","og_url":"https:\/\/empow-her.com\/produit\/coaching-explorer-son-modele-economique-19-avril\/","og_site_name":"Empow&#039;Her","article_modified_time":"2022-03-29T12:07:29+00:00","og_image":[{"width":1080,"height":1080,"url":"https:\/\/empow-her.com\/wp-content\/uploads\/2022\/03\/Women-Dare-templates-events-16.png","type":"image\/png"}],"twitter_card":"summary_large_image","schema":{"@context":"https:\/\/schema.org","@graph":[{"@type":"WebPage","@id":"https:\/\/empow-her.com\/produit\/coaching-explorer-son-modele-economique-19-avril\/","url":"https:\/\/empow-her.com\/produit\/coaching-explorer-son-modele-economique-19-avril\/","name":"Coaching - Explorer son mod\u00e8le \u00e9conomique - Empow&#039;Her","isPartOf":{"@id":"https:\/\/empow-her.com\/#website"},"primaryImageOfPage":{"@id":"https:\/\/empow-her.com\/produit\/coaching-explorer-son-modele-economique-19-avril\/#primaryimage"},"image":{"@id":"https:\/\/empow-her.com\/produit\/coaching-explorer-son-modele-economique-19-avril\/#primaryimage"},"thumbnailUrl":"https:\/\/empow-her.com\/wp-content\/uploads\/2022\/03\/Women-Dare-templates-events-16.png","datePublished":"2022-03-11T11:04:26+00:00","dateModified":"2022-03-29T12:07:29+00:00","breadcrumb":{"@id":"https:\/\/empow-her.com\/produit\/coaching-explorer-son-modele-economique-19-avril\/#breadcrumb"},"inLanguage":"en-US","potentialAction":[{"@type":"ReadAction","target":["https:\/\/empow-her.com\/produit\/coaching-explorer-son-modele-economique-19-avril\/"]}]},{"@type":"ImageObject","inLanguage":"en-US","@id":"https:\/\/empow-her.com\/produit\/coaching-explorer-son-modele-economique-19-avril\/#primaryimage","url":"https:\/\/empow-her.com\/wp-content\/uploads\/2022\/03\/Women-Dare-templates-events-16.png","contentUrl":"https:\/\/empow-her.com\/wp-content\/uploads\/2022\/03\/Women-Dare-templates-events-16.png","width":1080,"height":1080},{"@type":"BreadcrumbList","@id":"https:\/\/empow-her.com\/produit\/coaching-explorer-son-modele-economique-19-avril\/#breadcrumb","itemListElement":[{"@type":"ListItem","position":1,"name":"Accueil","item":"https:\/\/empow-her.com\/en\/landing-page\/"},{"@type":"ListItem","position":2,"name":"LA BOUTIQUE","item":"https:\/\/empow-her.com\/boutique\/"},{"@type":"ListItem","position":3,"name":"Coaching &#8211; Explorer son mod\u00e8le \u00e9conomique"}]},{"@type":"WebSite","@id":"https:\/\/empow-her.com\/#website","url":"https:\/\/empow-her.com\/","name":"Empow&#039;Her","description":"Women Development","potentialAction":[{"@type":"SearchAction","target":{"@type":"EntryPoint","urlTemplate":"https:\/\/empow-her.com\/?s={search_term_string}"},"query-input":{"@type":"PropertyValueSpecification","valueRequired":true,"valueName":"search_term_string"}}],"inLanguage":"en-US"}]}},"_links":{"self":[{"href":"https:\/\/empow-her.com\/en\/wp-json\/wp\/v2\/product\/116470","targetHints":{"allow":["GET"]}}],"collection":[{"href":"https:\/\/empow-her.com\/en\/wp-json\/wp\/v2\/product"}],"about":[{"href":"https:\/\/empow-her.com\/en\/wp-json\/wp\/v2\/types\/product"}],"wp:featuredmedia":[{"embeddable":true,"href":"https:\/\/empow-her.com\/en\/wp-json\/wp\/v2\/media\/116488"}],"wp:attachment":[{"href":"https:\/\/empow-her.com\/en\/wp-json\/wp\/v2\/media?parent=116470"}],"wp:term":[{"taxonomy":"product_brand","embeddable":true,"href":"https:\/\/empow-her.com\/en\/wp-json\/wp\/v2\/product_brand?post=116470"},{"taxonomy":"product_cat","embeddable":true,"href":"https:\/\/empow-her.com\/en\/wp-json\/wp\/v2\/product_cat?post=116470"},{"taxonomy":"product_tag","embeddable":true,"href":"https:\/\/empow-her.com\/en\/wp-json\/wp\/v2\/product_tag?post=116470"},{"taxonomy":"lieu","embeddable":true,"href":"https:\/\/empow-her.com\/en\/wp-json\/wp\/v2\/lieu?post=116470"},{"taxonomy":"thematiques","embeddable":true,"href":"https:\/\/empow-her.com\/en\/wp-json\/wp\/v2\/thematiques?post=116470"}],"curies":[{"name":"wp","href":"https:\/\/api.w.org\/{rel}","templated":true}]}}