{"id":116461,"date":"2022-03-11T11:38:01","date_gmt":"2022-03-11T10:38:01","guid":{"rendered":"https:\/\/empow-her.com\/?post_type=product&#038;p=116461"},"modified":"2022-03-29T15:56:04","modified_gmt":"2022-03-29T13:56:04","slug":"coaching-trouver-ses-premiers-clients-15-avril","status":"publish","type":"product","link":"https:\/\/empow-her.com\/en\/produit\/coaching-trouver-ses-premiers-clients-15-avril\/","title":{"rendered":"Coaching &#8211; Trouver ses premiers clients"},"content":{"rendered":"","protected":false},"excerpt":{"rendered":"<p>Un coaching individuel avec un.e expert.e du business development pour aller \u00e0 la conqu\u00eate de votre march\u00e9 et travailler sur votre strat\u00e9gie et votre prospection commerciale !<\/p>\n<p>Lors de cet entretien individuel, vous pourrez choisir d&#8217;aborder l&#8217;un ou plusieurs des axes suivants :<br \/>\n&#8211; Cartographier votre \u00e9cosyst\u00e8me pour en identifier les parties prenantes<br \/>\n&#8211; D\u00e9finir vos cibles prioritaires et diff\u00e9rencier vos segments de clients<br \/>\n&#8211; Valider votre argumentaire commercial ;<br \/>\n&#8211; Valider votre d\u00e9marche de fixation des prix ou la pr\u00e9sentation de vos offres ;<br \/>\n&#8211; D\u00e9finir vos prochaines actions pour aller \u00e0 la rencontre de vos premiers clients, et commencer le d\u00e9marchage avec les bons outils de prospection&#8230;<\/p>\n<p>Une question pr\u00e9cise ? Envoyez-l\u00e0 \u00e0 votre r\u00e9f\u00e9rente Empow&#8217;Her avant votre coaching pour en informer l&#8217;intervenant\u00b7e !<\/p>\n<p>&nbsp;<\/p>\n<p><strong>Intervenant.e.s :\u00a0<\/strong><br \/>\nCaroline Law-Kam<\/p>\n<p><strong>Pr\u00e9sentation : <\/strong><br \/>\nResponsable de d\u00e9veloppement commercial dans un groupe tech du secteur du paiement, Caroline accompagne en parall\u00e8le les entrepreneur.e.s de la Ruche depuis plus d&#8217;un an sur les th\u00e8mes suivants :<br \/>\n&#8211; la segmentation des clients (profils types)<br \/>\n&#8211; la prospection commerciale<br \/>\n&#8211; la posture de d\u00e9marchage<br \/>\n&#8211; les outils de suivi<br \/>\nSi ces sujets vous parlent, Caroline serait ravie d&#8217;\u00e9changer avec vous pour vous aider dans votre projet !<\/p>\n<p><strong>Son super pouvoir : <\/strong><br \/>\nTransformer les ambitions en actions<\/p>\n<p><strong>Son petit mot : <\/strong><br \/>\n&#8220;Oser ! Votre projet est port\u00e9 par votre \u00e9nergie, vos convictions et votre passion. Vous \u00eates parfaitement \u00e0 votre place pour vous lancer !&#8221;, Caroline.<\/p>\n<p>&nbsp;<\/p>\n<p>&nbsp;<\/p>\n<p>Session de coaching<strong> en\u00a0 ligne<\/strong><\/p>\n<p><strong>Dur\u00e9e<\/strong> : U<span data-sheets-value=\"{&quot;1&quot;:2,&quot;2&quot;:&quot;Permanence de 4h avec un cr\u00e9neau de 1h par participante (+ 15 minutes entre chaque)&quot;}\" data-sheets-userformat=\"{&quot;2&quot;:7167,&quot;3&quot;:{&quot;1&quot;:0},&quot;4&quot;:{&quot;1&quot;:2,&quot;2&quot;:16777215},&quot;5&quot;:{&quot;1&quot;:[{&quot;1&quot;:2,&quot;2&quot;:0,&quot;5&quot;:{&quot;1&quot;:2,&quot;2&quot;:0}},{&quot;1&quot;:0,&quot;2&quot;:0,&quot;3&quot;:3},{&quot;1&quot;:1,&quot;2&quot;:0,&quot;4&quot;:1}]},&quot;6&quot;:{&quot;1&quot;:[{&quot;1&quot;:2,&quot;2&quot;:0,&quot;5&quot;:{&quot;1&quot;:2,&quot;2&quot;:0}},{&quot;1&quot;:0,&quot;2&quot;:0,&quot;3&quot;:3},{&quot;1&quot;:1,&quot;2&quot;:0,&quot;4&quot;:1}]},&quot;7&quot;:{&quot;1&quot;:[{&quot;1&quot;:2,&quot;2&quot;:0,&quot;5&quot;:{&quot;1&quot;:2,&quot;2&quot;:0}},{&quot;1&quot;:0,&quot;2&quot;:0,&quot;3&quot;:3},{&quot;1&quot;:1,&quot;2&quot;:0,&quot;4&quot;:1}]},&quot;8&quot;:{&quot;1&quot;:[{&quot;1&quot;:2,&quot;2&quot;:0,&quot;5&quot;:{&quot;1&quot;:2,&quot;2&quot;:0}},{&quot;1&quot;:0,&quot;2&quot;:0,&quot;3&quot;:3},{&quot;1&quot;:1,&quot;2&quot;:0,&quot;4&quot;:1}]},&quot;9&quot;:0,&quot;10&quot;:1,&quot;11&quot;:4,&quot;12&quot;:0,&quot;14&quot;:{&quot;1&quot;:2,&quot;2&quot;:0},&quot;15&quot;:&quot;Calibri&quot;}\">n cr\u00e9neau de 1h en individuel<\/span><\/p>\n<p>&nbsp;<\/p>\n<p>Ce projet est co-financ\u00e9 par le Fonds Social Europ\u00e9en.<\/p>\n<p><img decoding=\"async\" class=\"alignnone size-medium wp-image-15794\" src=\"https:\/\/empow-her.com\/wp-content\/uploads\/2021\/07\/fse-logos-1-300x54.png\" alt=\"\" width=\"300\" height=\"54\" srcset=\"https:\/\/empow-her.com\/wp-content\/uploads\/2021\/07\/fse-logos-1-300x54.png 300w, https:\/\/empow-her.com\/wp-content\/uploads\/2021\/07\/fse-logos-1-600x108.png 600w, https:\/\/empow-her.com\/wp-content\/uploads\/2021\/07\/fse-logos-1-1024x184.png 1024w, https:\/\/empow-her.com\/wp-content\/uploads\/2021\/07\/fse-logos-1-768x138.png 768w, https:\/\/empow-her.com\/wp-content\/uploads\/2021\/07\/fse-logos-1-1536x275.png 1536w, https:\/\/empow-her.com\/wp-content\/uploads\/2021\/07\/fse-logos-1-2048x367.png 2048w, https:\/\/empow-her.com\/wp-content\/uploads\/2021\/07\/fse-logos-1-24x4.png 24w, https:\/\/empow-her.com\/wp-content\/uploads\/2021\/07\/fse-logos-1-36x6.png 36w, https:\/\/empow-her.com\/wp-content\/uploads\/2021\/07\/fse-logos-1-48x9.png 48w\" sizes=\"(max-width: 300px) 100vw, 300px\" \/><\/p>\n","protected":false},"featured_media":116486,"template":"","format":"standard","meta":{"_acf_changed":false,"om_disable_all_campaigns":false,"_uf_show_specific_survey":0,"_uf_disable_surveys":false},"product_brand":[],"product_cat":[121],"product_tag":[],"lieu":[125],"thematiques":[],"class_list":{"0":"post-116461","1":"product","2":"type-product","3":"status-publish","4":"format-standard","5":"has-post-thumbnail","7":"product_cat-coaching","8":"lieu-en-ligne","10":"first","11":"instock","12":"virtual","13":"purchasable","14":"product-type-appointment"},"exclude_global_add_ons":[],"addons":[],"acf":[],"yoast_head":"<!-- This site is optimized with the Yoast SEO plugin v24.8 - https:\/\/yoast.com\/wordpress\/plugins\/seo\/ -->\n<title>Coaching - Trouver ses premiers clients - Empow&#039;Her<\/title>\n<meta name=\"robots\" content=\"index, follow, max-snippet:-1, max-image-preview:large, max-video-preview:-1\" \/>\n<link rel=\"canonical\" href=\"https:\/\/empow-her.com\/es\/produit\/coaching-trouver-ses-premiers-clients-15-avril\/\" \/>\n<meta property=\"og:locale\" content=\"en_US\" \/>\n<meta property=\"og:type\" content=\"article\" \/>\n<meta property=\"og:title\" content=\"Coaching - Trouver ses premiers clients - Empow&#039;Her\" \/>\n<meta property=\"og:description\" content=\"Un coaching individuel avec un.e expert.e du business development pour aller \u00e0 la conqu\u00eate de votre march\u00e9 et travailler sur votre strat\u00e9gie et votre prospection commerciale !  Lors de cet entretien individuel, vous pourrez choisir d&#039;aborder l&#039;un ou plusieurs des axes suivants : - Cartographier votre \u00e9cosyst\u00e8me pour en identifier les parties prenantes - D\u00e9finir vos cibles prioritaires et diff\u00e9rencier vos segments de clients - Valider votre argumentaire commercial ; - Valider votre d\u00e9marche de fixation des prix ou la pr\u00e9sentation de vos offres ; - D\u00e9finir vos prochaines actions pour aller \u00e0 la rencontre de vos premiers clients, et commencer le d\u00e9marchage avec les bons outils de prospection...  Une question pr\u00e9cise ? Envoyez-l\u00e0 \u00e0 votre r\u00e9f\u00e9rente Empow&#039;Her avant votre coaching pour en informer l&#039;intervenant\u00b7e !  &nbsp;  Intervenant.e.s :\u00a0 Caroline Law-Kam  Pr\u00e9sentation :  Responsable de d\u00e9veloppement commercial dans un groupe tech du secteur du paiement, Caroline accompagne en parall\u00e8le les entrepreneur.e.s de la Ruche depuis plus d&#039;un an sur les th\u00e8mes suivants : - la segmentation des clients (profils types) - la prospection commerciale - la posture de d\u00e9marchage - les outils de suivi Si ces sujets vous parlent, Caroline serait ravie d&#039;\u00e9changer avec vous pour vous aider dans votre projet !  Son super pouvoir :  Transformer les ambitions en actions  Son petit mot :  &quot;Oser ! Votre projet est port\u00e9 par votre \u00e9nergie, vos convictions et votre passion. Vous \u00eates parfaitement \u00e0 votre place pour vous lancer !&quot;, Caroline.  &nbsp;  &nbsp;  Session de coaching en\u00a0 ligne  Dur\u00e9e : Un cr\u00e9neau de 1h en individuel  &nbsp;  Ce projet est co-financ\u00e9 par le Fonds Social Europ\u00e9en.\" \/>\n<meta property=\"og:url\" content=\"https:\/\/empow-her.com\/es\/produit\/coaching-trouver-ses-premiers-clients-15-avril\/\" \/>\n<meta property=\"og:site_name\" content=\"Empow&#039;Her\" \/>\n<meta property=\"article:modified_time\" content=\"2022-03-29T13:56:04+00:00\" \/>\n<meta property=\"og:image\" content=\"https:\/\/empow-her.com\/wp-content\/uploads\/2022\/03\/Women-Dare-templates-events-15.png\" \/>\n\t<meta property=\"og:image:width\" content=\"1080\" \/>\n\t<meta property=\"og:image:height\" content=\"1080\" \/>\n\t<meta property=\"og:image:type\" content=\"image\/png\" \/>\n<meta name=\"twitter:card\" content=\"summary_large_image\" \/>\n<script type=\"application\/ld+json\" class=\"yoast-schema-graph\">{\"@context\":\"https:\/\/schema.org\",\"@graph\":[{\"@type\":\"WebPage\",\"@id\":\"https:\/\/empow-her.com\/es\/produit\/coaching-trouver-ses-premiers-clients-15-avril\/\",\"url\":\"https:\/\/empow-her.com\/es\/produit\/coaching-trouver-ses-premiers-clients-15-avril\/\",\"name\":\"Coaching - Trouver ses premiers clients - Empow&#039;Her\",\"isPartOf\":{\"@id\":\"https:\/\/empow-her.com\/#website\"},\"primaryImageOfPage\":{\"@id\":\"https:\/\/empow-her.com\/es\/produit\/coaching-trouver-ses-premiers-clients-15-avril\/#primaryimage\"},\"image\":{\"@id\":\"https:\/\/empow-her.com\/es\/produit\/coaching-trouver-ses-premiers-clients-15-avril\/#primaryimage\"},\"thumbnailUrl\":\"https:\/\/empow-her.com\/wp-content\/uploads\/2022\/03\/Women-Dare-templates-events-15.png\",\"datePublished\":\"2022-03-11T10:38:01+00:00\",\"dateModified\":\"2022-03-29T13:56:04+00:00\",\"breadcrumb\":{\"@id\":\"https:\/\/empow-her.com\/es\/produit\/coaching-trouver-ses-premiers-clients-15-avril\/#breadcrumb\"},\"inLanguage\":\"en-US\",\"potentialAction\":[{\"@type\":\"ReadAction\",\"target\":[\"https:\/\/empow-her.com\/es\/produit\/coaching-trouver-ses-premiers-clients-15-avril\/\"]}]},{\"@type\":\"ImageObject\",\"inLanguage\":\"en-US\",\"@id\":\"https:\/\/empow-her.com\/es\/produit\/coaching-trouver-ses-premiers-clients-15-avril\/#primaryimage\",\"url\":\"https:\/\/empow-her.com\/wp-content\/uploads\/2022\/03\/Women-Dare-templates-events-15.png\",\"contentUrl\":\"https:\/\/empow-her.com\/wp-content\/uploads\/2022\/03\/Women-Dare-templates-events-15.png\",\"width\":1080,\"height\":1080},{\"@type\":\"BreadcrumbList\",\"@id\":\"https:\/\/empow-her.com\/es\/produit\/coaching-trouver-ses-premiers-clients-15-avril\/#breadcrumb\",\"itemListElement\":[{\"@type\":\"ListItem\",\"position\":1,\"name\":\"Accueil\",\"item\":\"https:\/\/empow-her.com\/en\/landing-page\/\"},{\"@type\":\"ListItem\",\"position\":2,\"name\":\"LA BOUTIQUE\",\"item\":\"https:\/\/empow-her.com\/boutique\/\"},{\"@type\":\"ListItem\",\"position\":3,\"name\":\"Coaching &#8211; Trouver ses premiers clients\"}]},{\"@type\":\"WebSite\",\"@id\":\"https:\/\/empow-her.com\/#website\",\"url\":\"https:\/\/empow-her.com\/\",\"name\":\"Empow&#039;Her\",\"description\":\"Women Development\",\"potentialAction\":[{\"@type\":\"SearchAction\",\"target\":{\"@type\":\"EntryPoint\",\"urlTemplate\":\"https:\/\/empow-her.com\/?s={search_term_string}\"},\"query-input\":{\"@type\":\"PropertyValueSpecification\",\"valueRequired\":true,\"valueName\":\"search_term_string\"}}],\"inLanguage\":\"en-US\"}]}<\/script>\n<!-- \/ Yoast SEO plugin. -->","yoast_head_json":{"title":"Coaching - Trouver ses premiers clients - Empow&#039;Her","robots":{"index":"index","follow":"follow","max-snippet":"max-snippet:-1","max-image-preview":"max-image-preview:large","max-video-preview":"max-video-preview:-1"},"canonical":"https:\/\/empow-her.com\/es\/produit\/coaching-trouver-ses-premiers-clients-15-avril\/","og_locale":"en_US","og_type":"article","og_title":"Coaching - Trouver ses premiers clients - Empow&#039;Her","og_description":"Un coaching individuel avec un.e expert.e du business development pour aller \u00e0 la conqu\u00eate de votre march\u00e9 et travailler sur votre strat\u00e9gie et votre prospection commerciale !  Lors de cet entretien individuel, vous pourrez choisir d'aborder l'un ou plusieurs des axes suivants : - Cartographier votre \u00e9cosyst\u00e8me pour en identifier les parties prenantes - D\u00e9finir vos cibles prioritaires et diff\u00e9rencier vos segments de clients - Valider votre argumentaire commercial ; - Valider votre d\u00e9marche de fixation des prix ou la pr\u00e9sentation de vos offres ; - D\u00e9finir vos prochaines actions pour aller \u00e0 la rencontre de vos premiers clients, et commencer le d\u00e9marchage avec les bons outils de prospection...  Une question pr\u00e9cise ? Envoyez-l\u00e0 \u00e0 votre r\u00e9f\u00e9rente Empow'Her avant votre coaching pour en informer l'intervenant\u00b7e !  &nbsp;  Intervenant.e.s :\u00a0 Caroline Law-Kam  Pr\u00e9sentation :  Responsable de d\u00e9veloppement commercial dans un groupe tech du secteur du paiement, Caroline accompagne en parall\u00e8le les entrepreneur.e.s de la Ruche depuis plus d'un an sur les th\u00e8mes suivants : - la segmentation des clients (profils types) - la prospection commerciale - la posture de d\u00e9marchage - les outils de suivi Si ces sujets vous parlent, Caroline serait ravie d'\u00e9changer avec vous pour vous aider dans votre projet !  Son super pouvoir :  Transformer les ambitions en actions  Son petit mot :  \"Oser ! Votre projet est port\u00e9 par votre \u00e9nergie, vos convictions et votre passion. Vous \u00eates parfaitement \u00e0 votre place pour vous lancer !\", Caroline.  &nbsp;  &nbsp;  Session de coaching en\u00a0 ligne  Dur\u00e9e : Un cr\u00e9neau de 1h en individuel  &nbsp;  Ce projet est co-financ\u00e9 par le Fonds Social Europ\u00e9en.","og_url":"https:\/\/empow-her.com\/es\/produit\/coaching-trouver-ses-premiers-clients-15-avril\/","og_site_name":"Empow&#039;Her","article_modified_time":"2022-03-29T13:56:04+00:00","og_image":[{"width":1080,"height":1080,"url":"https:\/\/empow-her.com\/wp-content\/uploads\/2022\/03\/Women-Dare-templates-events-15.png","type":"image\/png"}],"twitter_card":"summary_large_image","schema":{"@context":"https:\/\/schema.org","@graph":[{"@type":"WebPage","@id":"https:\/\/empow-her.com\/es\/produit\/coaching-trouver-ses-premiers-clients-15-avril\/","url":"https:\/\/empow-her.com\/es\/produit\/coaching-trouver-ses-premiers-clients-15-avril\/","name":"Coaching - Trouver ses premiers clients - Empow&#039;Her","isPartOf":{"@id":"https:\/\/empow-her.com\/#website"},"primaryImageOfPage":{"@id":"https:\/\/empow-her.com\/es\/produit\/coaching-trouver-ses-premiers-clients-15-avril\/#primaryimage"},"image":{"@id":"https:\/\/empow-her.com\/es\/produit\/coaching-trouver-ses-premiers-clients-15-avril\/#primaryimage"},"thumbnailUrl":"https:\/\/empow-her.com\/wp-content\/uploads\/2022\/03\/Women-Dare-templates-events-15.png","datePublished":"2022-03-11T10:38:01+00:00","dateModified":"2022-03-29T13:56:04+00:00","breadcrumb":{"@id":"https:\/\/empow-her.com\/es\/produit\/coaching-trouver-ses-premiers-clients-15-avril\/#breadcrumb"},"inLanguage":"en-US","potentialAction":[{"@type":"ReadAction","target":["https:\/\/empow-her.com\/es\/produit\/coaching-trouver-ses-premiers-clients-15-avril\/"]}]},{"@type":"ImageObject","inLanguage":"en-US","@id":"https:\/\/empow-her.com\/es\/produit\/coaching-trouver-ses-premiers-clients-15-avril\/#primaryimage","url":"https:\/\/empow-her.com\/wp-content\/uploads\/2022\/03\/Women-Dare-templates-events-15.png","contentUrl":"https:\/\/empow-her.com\/wp-content\/uploads\/2022\/03\/Women-Dare-templates-events-15.png","width":1080,"height":1080},{"@type":"BreadcrumbList","@id":"https:\/\/empow-her.com\/es\/produit\/coaching-trouver-ses-premiers-clients-15-avril\/#breadcrumb","itemListElement":[{"@type":"ListItem","position":1,"name":"Accueil","item":"https:\/\/empow-her.com\/en\/landing-page\/"},{"@type":"ListItem","position":2,"name":"LA BOUTIQUE","item":"https:\/\/empow-her.com\/boutique\/"},{"@type":"ListItem","position":3,"name":"Coaching &#8211; Trouver ses premiers clients"}]},{"@type":"WebSite","@id":"https:\/\/empow-her.com\/#website","url":"https:\/\/empow-her.com\/","name":"Empow&#039;Her","description":"Women Development","potentialAction":[{"@type":"SearchAction","target":{"@type":"EntryPoint","urlTemplate":"https:\/\/empow-her.com\/?s={search_term_string}"},"query-input":{"@type":"PropertyValueSpecification","valueRequired":true,"valueName":"search_term_string"}}],"inLanguage":"en-US"}]}},"_links":{"self":[{"href":"https:\/\/empow-her.com\/en\/wp-json\/wp\/v2\/product\/116461","targetHints":{"allow":["GET"]}}],"collection":[{"href":"https:\/\/empow-her.com\/en\/wp-json\/wp\/v2\/product"}],"about":[{"href":"https:\/\/empow-her.com\/en\/wp-json\/wp\/v2\/types\/product"}],"wp:featuredmedia":[{"embeddable":true,"href":"https:\/\/empow-her.com\/en\/wp-json\/wp\/v2\/media\/116486"}],"wp:attachment":[{"href":"https:\/\/empow-her.com\/en\/wp-json\/wp\/v2\/media?parent=116461"}],"wp:term":[{"taxonomy":"product_brand","embeddable":true,"href":"https:\/\/empow-her.com\/en\/wp-json\/wp\/v2\/product_brand?post=116461"},{"taxonomy":"product_cat","embeddable":true,"href":"https:\/\/empow-her.com\/en\/wp-json\/wp\/v2\/product_cat?post=116461"},{"taxonomy":"product_tag","embeddable":true,"href":"https:\/\/empow-her.com\/en\/wp-json\/wp\/v2\/product_tag?post=116461"},{"taxonomy":"lieu","embeddable":true,"href":"https:\/\/empow-her.com\/en\/wp-json\/wp\/v2\/lieu?post=116461"},{"taxonomy":"thematiques","embeddable":true,"href":"https:\/\/empow-her.com\/en\/wp-json\/wp\/v2\/thematiques?post=116461"}],"curies":[{"name":"wp","href":"https:\/\/api.w.org\/{rel}","templated":true}]}}