{"id":116451,"date":"2022-03-11T11:23:14","date_gmt":"2022-03-11T10:23:14","guid":{"rendered":"https:\/\/empow-her.com\/?post_type=product&#038;p=116451"},"modified":"2022-09-28T11:46:11","modified_gmt":"2022-09-28T09:46:11","slug":"happy-her-sisther-boost-ton-pitch","status":"publish","type":"product","link":"https:\/\/empow-her.com\/en\/produit\/happy-her-sisther-boost-ton-pitch\/","title":{"rendered":"HAPPY HER &#8211; BOOST POSITIVE"},"content":{"rendered":"<p>C&#8217;est le retour des Happy Her chez Sist&#8217;Her ! Pour rappel, ce sont des formats d\u2019ap\u00e9ro-rencontre pens\u00e9s par l\u2019\u00e9quipe Empow&#8217;Her \u00e0 destination d&#8217;entrepreneuses et futures entrepreneuses.<br \/>\nPromis ce ne sont pas des networking barbants o\u00f9 personne ne sait o\u00f9 se mettre car \u00e0 l&#8217;occasion de cette soir\u00e9e, Farah de Boost Positive et Sist&#8217;Her s&#8217;associent pour cr\u00e9er un ShePitch.<\/p>\n<p>Qu&#8217;est-ce que c&#8217;est ? Un \u00e9v\u00e9nement autour de l\u2019Elevator Pitch pens\u00e9 par Farah, afin de permettre aux participantes de booster leur confiance lors de leur prise de parole dans un cadre chaleureux et festif. Farah est une pro du storytelling et sa cr\u00e9ativit\u00e9 lui permet de penser des nouveaux formats d&#8217;atelier pour permettre aux acteurs du secteur priv\u00e9 et publique d\u2019avoir un maximum d\u2019impact.<\/p>\n<p>Alors venez apprendre \u00e0 pitcher vos projets, vos id\u00e9es, vos envies et convictions pour repartir avec de nouveaux savoirs et un nouveau r\u00e9seau de connaissance puisque c&#8217;est un temps de rencontre d\u00e9di\u00e9 aux entrepreneures !<\/p>\n<p>&#x1f4cd; 82 Rue du Faubourg Saint-Martin, 75010 Paris.<\/p>\n<p>&#x1f516; R\u00e9servation gratuite obligatoire : https:\/\/empow-her.com\/produit\/Happy-Her-Sist&#8217;Her-Boost-ton-pitch\/<\/p>\n","protected":false},"excerpt":{"rendered":"<p>C&#8217;est le retour des Happy Her chez Sist&#8217;Her ! Pour rappel, ce sont des formats d\u2019ap\u00e9ro-rencontre pens\u00e9s par l\u2019\u00e9quipe Empow&#8217;Her \u00e0 destination d&#8217;entrepreneuses et futures entrepreneuses.<\/p>\n<p>Promis ce ne sont pas des networking barbants o\u00f9 personne ne sait o\u00f9 se mettre car \u00e0 l&#8217;occasion de cette soir\u00e9e, Farah de Boost Positive et Sist&#8217;Her s&#8217;associent pour cr\u00e9er un ShePitch.<\/p>\n<p>Qu&#8217;est-ce que c&#8217;est ? Un \u00e9v\u00e9nement autour de l\u2019Elevator Pitch pens\u00e9 par Farah, afin de permettre aux participantes de booster leur confiance lors de leur prise de parole dans un cadre chaleureux et festif. Farah est une pro du storytelling et sa cr\u00e9ativit\u00e9 lui permet de penser des nouveaux formats d&#8217;atelier pour permettre aux acteurs du secteur priv\u00e9 et publique d\u2019avoir un maximum d\u2019impact.<\/p>\n<p>Alors venez apprendre \u00e0 pitcher vos projets, vos id\u00e9es, vos envies et convictions pour repartir avec de nouveaux savoirs et un nouveau r\u00e9seau de connaissance puisque c&#8217;est un temps de rencontre d\u00e9di\u00e9 aux entrepreneures !<\/p>\n<p>&#x1f4cd; 82 Rue du Faubourg Saint-Martin, 75010 Paris.<\/p>\n<p>&#x1f516; R\u00e9servation gratuite obligatoire : https:\/\/empow-her.com\/produit\/Happy-Her-Sist&#8217;Her-Boost-ton-pitch\/<\/p>\n","protected":false},"featured_media":117504,"template":"","format":"standard","meta":{"_acf_changed":false,"om_disable_all_campaigns":false,"_uf_show_specific_survey":0,"_uf_disable_surveys":false},"product_brand":[],"product_cat":[119],"product_tag":[],"lieu":[127],"thematiques":[],"class_list":{"0":"post-116451","1":"product","2":"type-product","3":"status-publish","4":"format-standard","5":"has-post-thumbnail","7":"product_cat-evenement-sisther","8":"lieu-hub-empowher","10":"first","11":"instock","12":"virtual","13":"purchasable","14":"product-type-appointment"},"exclude_global_add_ons":[],"addons":[],"acf":[],"yoast_head":"<!-- This site is optimized with the Yoast SEO plugin v24.8 - https:\/\/yoast.com\/wordpress\/plugins\/seo\/ -->\n<title>HAPPY HER - BOOST POSITIVE - Empow&#039;Her<\/title>\n<meta name=\"description\" content=\"C&#039;est le retour des Happy Her chez Sist&#039;Her ! Viens bosser ton pitch tout en prenant l&#039;ap\u00e9ro, pour un max de convivialit\u00e9.\" \/>\n<meta name=\"robots\" content=\"index, follow, max-snippet:-1, max-image-preview:large, max-video-preview:-1\" \/>\n<link rel=\"canonical\" href=\"https:\/\/empow-her.com\/produit\/happy-her-sisther-boost-ton-pitch\/\" \/>\n<meta property=\"og:locale\" content=\"en_US\" \/>\n<meta property=\"og:type\" content=\"article\" \/>\n<meta property=\"og:title\" content=\"HAPPY HER - BOOST POSITIVE - Empow&#039;Her\" \/>\n<meta property=\"og:description\" content=\"C&#039;est le retour des Happy Her chez Sist&#039;Her ! Viens bosser ton pitch tout en prenant l&#039;ap\u00e9ro, pour un max de convivialit\u00e9.\" \/>\n<meta property=\"og:url\" content=\"https:\/\/empow-her.com\/produit\/happy-her-sisther-boost-ton-pitch\/\" \/>\n<meta property=\"og:site_name\" content=\"Empow&#039;Her\" \/>\n<meta property=\"article:modified_time\" content=\"2022-09-28T09:46:11+00:00\" \/>\n<meta property=\"og:image\" content=\"https:\/\/empow-her.com\/wp-content\/uploads\/2022\/03\/TEMPLATE-EVENTS-WOMEN-DARE.png\" \/>\n\t<meta property=\"og:image:width\" content=\"1080\" \/>\n\t<meta property=\"og:image:height\" content=\"1080\" \/>\n\t<meta property=\"og:image:type\" content=\"image\/png\" \/>\n<meta name=\"twitter:card\" content=\"summary_large_image\" \/>\n<meta name=\"twitter:label1\" content=\"Est. reading time\" \/>\n\t<meta name=\"twitter:data1\" content=\"1 minute\" \/>\n<script type=\"application\/ld+json\" class=\"yoast-schema-graph\">{\"@context\":\"https:\/\/schema.org\",\"@graph\":[{\"@type\":\"WebPage\",\"@id\":\"https:\/\/empow-her.com\/produit\/happy-her-sisther-boost-ton-pitch\/\",\"url\":\"https:\/\/empow-her.com\/produit\/happy-her-sisther-boost-ton-pitch\/\",\"name\":\"HAPPY HER - BOOST POSITIVE - Empow&#039;Her\",\"isPartOf\":{\"@id\":\"https:\/\/empow-her.com\/#website\"},\"primaryImageOfPage\":{\"@id\":\"https:\/\/empow-her.com\/produit\/happy-her-sisther-boost-ton-pitch\/#primaryimage\"},\"image\":{\"@id\":\"https:\/\/empow-her.com\/produit\/happy-her-sisther-boost-ton-pitch\/#primaryimage\"},\"thumbnailUrl\":\"https:\/\/empow-her.com\/wp-content\/uploads\/2022\/03\/TEMPLATE-EVENTS-WOMEN-DARE.png\",\"datePublished\":\"2022-03-11T10:23:14+00:00\",\"dateModified\":\"2022-09-28T09:46:11+00:00\",\"description\":\"C'est le retour des Happy Her chez Sist'Her ! Viens bosser ton pitch tout en prenant l'ap\u00e9ro, pour un max de convivialit\u00e9.\",\"breadcrumb\":{\"@id\":\"https:\/\/empow-her.com\/produit\/happy-her-sisther-boost-ton-pitch\/#breadcrumb\"},\"inLanguage\":\"en-US\",\"potentialAction\":[{\"@type\":\"ReadAction\",\"target\":[\"https:\/\/empow-her.com\/produit\/happy-her-sisther-boost-ton-pitch\/\"]}]},{\"@type\":\"ImageObject\",\"inLanguage\":\"en-US\",\"@id\":\"https:\/\/empow-her.com\/produit\/happy-her-sisther-boost-ton-pitch\/#primaryimage\",\"url\":\"https:\/\/empow-her.com\/wp-content\/uploads\/2022\/03\/TEMPLATE-EVENTS-WOMEN-DARE.png\",\"contentUrl\":\"https:\/\/empow-her.com\/wp-content\/uploads\/2022\/03\/TEMPLATE-EVENTS-WOMEN-DARE.png\",\"width\":1080,\"height\":1080},{\"@type\":\"BreadcrumbList\",\"@id\":\"https:\/\/empow-her.com\/produit\/happy-her-sisther-boost-ton-pitch\/#breadcrumb\",\"itemListElement\":[{\"@type\":\"ListItem\",\"position\":1,\"name\":\"Accueil\",\"item\":\"https:\/\/empow-her.com\/en\/landing-page\/\"},{\"@type\":\"ListItem\",\"position\":2,\"name\":\"LA BOUTIQUE\",\"item\":\"https:\/\/empow-her.com\/boutique\/\"},{\"@type\":\"ListItem\",\"position\":3,\"name\":\"HAPPY HER &#8211; BOOST POSITIVE\"}]},{\"@type\":\"WebSite\",\"@id\":\"https:\/\/empow-her.com\/#website\",\"url\":\"https:\/\/empow-her.com\/\",\"name\":\"Empow&#039;Her\",\"description\":\"Women Development\",\"potentialAction\":[{\"@type\":\"SearchAction\",\"target\":{\"@type\":\"EntryPoint\",\"urlTemplate\":\"https:\/\/empow-her.com\/?s={search_term_string}\"},\"query-input\":{\"@type\":\"PropertyValueSpecification\",\"valueRequired\":true,\"valueName\":\"search_term_string\"}}],\"inLanguage\":\"en-US\"}]}<\/script>\n<!-- \/ Yoast SEO plugin. -->","yoast_head_json":{"title":"HAPPY HER - BOOST POSITIVE - Empow&#039;Her","description":"C'est le retour des Happy Her chez Sist'Her ! Viens bosser ton pitch tout en prenant l'ap\u00e9ro, pour un max de convivialit\u00e9.","robots":{"index":"index","follow":"follow","max-snippet":"max-snippet:-1","max-image-preview":"max-image-preview:large","max-video-preview":"max-video-preview:-1"},"canonical":"https:\/\/empow-her.com\/produit\/happy-her-sisther-boost-ton-pitch\/","og_locale":"en_US","og_type":"article","og_title":"HAPPY HER - BOOST POSITIVE - Empow&#039;Her","og_description":"C'est le retour des Happy Her chez Sist'Her ! Viens bosser ton pitch tout en prenant l'ap\u00e9ro, pour un max de convivialit\u00e9.","og_url":"https:\/\/empow-her.com\/produit\/happy-her-sisther-boost-ton-pitch\/","og_site_name":"Empow&#039;Her","article_modified_time":"2022-09-28T09:46:11+00:00","og_image":[{"width":1080,"height":1080,"url":"https:\/\/empow-her.com\/wp-content\/uploads\/2022\/03\/TEMPLATE-EVENTS-WOMEN-DARE.png","type":"image\/png"}],"twitter_card":"summary_large_image","twitter_misc":{"Est. reading time":"1 minute"},"schema":{"@context":"https:\/\/schema.org","@graph":[{"@type":"WebPage","@id":"https:\/\/empow-her.com\/produit\/happy-her-sisther-boost-ton-pitch\/","url":"https:\/\/empow-her.com\/produit\/happy-her-sisther-boost-ton-pitch\/","name":"HAPPY HER - BOOST POSITIVE - Empow&#039;Her","isPartOf":{"@id":"https:\/\/empow-her.com\/#website"},"primaryImageOfPage":{"@id":"https:\/\/empow-her.com\/produit\/happy-her-sisther-boost-ton-pitch\/#primaryimage"},"image":{"@id":"https:\/\/empow-her.com\/produit\/happy-her-sisther-boost-ton-pitch\/#primaryimage"},"thumbnailUrl":"https:\/\/empow-her.com\/wp-content\/uploads\/2022\/03\/TEMPLATE-EVENTS-WOMEN-DARE.png","datePublished":"2022-03-11T10:23:14+00:00","dateModified":"2022-09-28T09:46:11+00:00","description":"C'est le retour des Happy Her chez Sist'Her ! Viens bosser ton pitch tout en prenant l'ap\u00e9ro, pour un max de convivialit\u00e9.","breadcrumb":{"@id":"https:\/\/empow-her.com\/produit\/happy-her-sisther-boost-ton-pitch\/#breadcrumb"},"inLanguage":"en-US","potentialAction":[{"@type":"ReadAction","target":["https:\/\/empow-her.com\/produit\/happy-her-sisther-boost-ton-pitch\/"]}]},{"@type":"ImageObject","inLanguage":"en-US","@id":"https:\/\/empow-her.com\/produit\/happy-her-sisther-boost-ton-pitch\/#primaryimage","url":"https:\/\/empow-her.com\/wp-content\/uploads\/2022\/03\/TEMPLATE-EVENTS-WOMEN-DARE.png","contentUrl":"https:\/\/empow-her.com\/wp-content\/uploads\/2022\/03\/TEMPLATE-EVENTS-WOMEN-DARE.png","width":1080,"height":1080},{"@type":"BreadcrumbList","@id":"https:\/\/empow-her.com\/produit\/happy-her-sisther-boost-ton-pitch\/#breadcrumb","itemListElement":[{"@type":"ListItem","position":1,"name":"Accueil","item":"https:\/\/empow-her.com\/en\/landing-page\/"},{"@type":"ListItem","position":2,"name":"LA BOUTIQUE","item":"https:\/\/empow-her.com\/boutique\/"},{"@type":"ListItem","position":3,"name":"HAPPY HER &#8211; BOOST POSITIVE"}]},{"@type":"WebSite","@id":"https:\/\/empow-her.com\/#website","url":"https:\/\/empow-her.com\/","name":"Empow&#039;Her","description":"Women Development","potentialAction":[{"@type":"SearchAction","target":{"@type":"EntryPoint","urlTemplate":"https:\/\/empow-her.com\/?s={search_term_string}"},"query-input":{"@type":"PropertyValueSpecification","valueRequired":true,"valueName":"search_term_string"}}],"inLanguage":"en-US"}]}},"_links":{"self":[{"href":"https:\/\/empow-her.com\/en\/wp-json\/wp\/v2\/product\/116451","targetHints":{"allow":["GET"]}}],"collection":[{"href":"https:\/\/empow-her.com\/en\/wp-json\/wp\/v2\/product"}],"about":[{"href":"https:\/\/empow-her.com\/en\/wp-json\/wp\/v2\/types\/product"}],"wp:featuredmedia":[{"embeddable":true,"href":"https:\/\/empow-her.com\/en\/wp-json\/wp\/v2\/media\/117504"}],"wp:attachment":[{"href":"https:\/\/empow-her.com\/en\/wp-json\/wp\/v2\/media?parent=116451"}],"wp:term":[{"taxonomy":"product_brand","embeddable":true,"href":"https:\/\/empow-her.com\/en\/wp-json\/wp\/v2\/product_brand?post=116451"},{"taxonomy":"product_cat","embeddable":true,"href":"https:\/\/empow-her.com\/en\/wp-json\/wp\/v2\/product_cat?post=116451"},{"taxonomy":"product_tag","embeddable":true,"href":"https:\/\/empow-her.com\/en\/wp-json\/wp\/v2\/product_tag?post=116451"},{"taxonomy":"lieu","embeddable":true,"href":"https:\/\/empow-her.com\/en\/wp-json\/wp\/v2\/lieu?post=116451"},{"taxonomy":"thematiques","embeddable":true,"href":"https:\/\/empow-her.com\/en\/wp-json\/wp\/v2\/thematiques?post=116451"}],"curies":[{"name":"wp","href":"https:\/\/api.w.org\/{rel}","templated":true}]}}