{"id":116438,"date":"2022-03-11T10:50:26","date_gmt":"2022-03-11T09:50:26","guid":{"rendered":"https:\/\/empow-her.com\/?post_type=product&#038;p=116438"},"modified":"2022-09-28T11:46:14","modified_gmt":"2022-09-28T09:46:14","slug":"cours-de-yoga-sisther-bien-etre","status":"publish","type":"product","link":"https:\/\/empow-her.com\/en\/produit\/cours-de-yoga-sisther-bien-etre\/","title":{"rendered":"Cours de yoga chez Sist&#8217;Her"},"content":{"rendered":"<p>Mercredi 4 mai de 12h30 \u00e0 13h30, Sist&#8217;Her transforme son tiers-lieu en salle de yoga solidaire ouvert \u00e0 tous.tes. Que vous soyez d\u00e9butante ou experte, ces s\u00e9ances de yoga sont accessibles quelque soit votre niveau ! Promis on ne vous demandera pas de faire la posture du paon d\u00e8s la premi\u00e8re s\u00e9ance. L&#8217;id\u00e9e est de vous proposer des temps de pause dans votre journ\u00e9e, pour venir respirer, ralentir le rythme tout en restant dans une posture dynamique afin d&#8217;attaquer l&#8217;apr\u00e8s-midi avec vigueur !<\/p>\n<p>\u00ab L\u2019action c\u2019est le mouvement avec intelligence. Le monde est rempli de mouvement. Ce dont le monde a besoin, c\u2019est plus de mouvements conscients. \u00bb Sri B.K.S Iyengar<\/p>\n<p>Ce format innovant est co-organis\u00e9 par l&#8217;association NOUR, cr\u00e9\u00e9e en 2019, qui vise l\u2019inclusion par le yoga des personnes en situation de pr\u00e9carit\u00e9 et d\u2019Exil. Pour une fois le yoga ne cassera pas votre budget, ces s\u00e9ances sont sur donation non-obligatoire. NOUR et Sist&#8217;Her se rassemblent pour vous offrir une occasion rare de pouvoir pratiquer et apprendre le yoga.<\/p>\n<p>L&#8217;atelier \u00e9tant restreint \u00e0 15 personnes, inscrivez-vous gratuitement ici avant qu&#8217;il n&#8217;y ait plus de place :<\/p>\n<p>Une tenue confortable et un tapis sont les bienvenus ! Pour celles qui n&#8217;ont pas de tapis, nous pourrons en mettre quelques-uns \u00e0 disposition.<\/p>\n<p>Est-ce que l&#8217;id\u00e9e vous pla\u00eet ? Vous \u00eates partantes pour un mois de yoga ?<\/p>\n<p>&#x1f4cd; 82 Rue du Faubourg Saint-Martin, 75010 Paris.<\/p>\n<p>&#x1f516; R\u00e9servation gratuite obligatoire : https:\/\/empow-her.com\/produit\/cours-de-yoga-sisther-bien-etre\/<\/p>\n","protected":false},"excerpt":{"rendered":"<p>Mercredi 4 mai de 12h30 \u00e0 13h30, Sist&#8217;Her transforme son tiers-lieu en salle de yoga solidaire ouvert \u00e0 tous.tes. Que vous soyez d\u00e9butante ou experte, ces s\u00e9ances de yoga sont accessibles quelque soit votre niveau ! Promis on ne vous demandera pas de faire la posture du paon d\u00e8s la premi\u00e8re s\u00e9ance. L&#8217;id\u00e9e est de vous proposer des temps de pause dans votre journ\u00e9e, pour venir respirer, ralentir le rythme tout en restant dans une posture dynamique afin d&#8217;attaquer l&#8217;apr\u00e8s-midi avec vigueur !<\/p>\n<p>\u00ab L\u2019action c\u2019est le mouvement avec intelligence. Le monde est rempli de mouvement. Ce dont le monde a besoin, c\u2019est plus de mouvements conscients. \u00bb Sri B.K.S Iyengar<\/p>\n<p>Ce format innovant est co-organis\u00e9 par l&#8217;association NOUR, cr\u00e9\u00e9e en 2019, qui vise l\u2019inclusion par le yoga des personnes en situation de pr\u00e9carit\u00e9 et d\u2019Exil. Pour une fois le yoga ne cassera pas votre budget, ces s\u00e9ances sont sur donation non-obligatoire. NOUR et Sist&#8217;Her se rassemblent pour vous offrir une occasion rare de pouvoir pratiquer et apprendre le yoga.<\/p>\n<p>L&#8217;atelier \u00e9tant restreint \u00e0 15 personnes, inscrivez-vous gratuitement ici avant qu&#8217;il n&#8217;y ait plus de place :<\/p>\n<p>Une tenue confortable et un tapis sont les bienvenus ! Pour celles qui n&#8217;ont pas de tapis, nous pourrons en mettre quelques-uns \u00e0 disposition.<\/p>\n<p>Est-ce que l&#8217;id\u00e9e vous pla\u00eet ? Vous \u00eates partantes pour un mois de yoga ?<\/p>\n<p>&#x1f4cd; 82 Rue du Faubourg Saint-Martin, 75010 Paris.<\/p>\n<p>&#x1f516; R\u00e9servation gratuite obligatoire : https:\/\/empow-her.com\/produit\/cours-de-yoga-Sist&#8217;Her-bien-\u00eatre\/<\/p>\n","protected":false},"featured_media":117398,"template":"","format":"standard","meta":{"_acf_changed":false,"om_disable_all_campaigns":false,"_uf_show_specific_survey":0,"_uf_disable_surveys":false},"product_brand":[],"product_cat":[119],"product_tag":[],"lieu":[127],"thematiques":[],"class_list":{"0":"post-116438","1":"product","2":"type-product","3":"status-publish","4":"format-standard","5":"has-post-thumbnail","7":"product_cat-evenement-sisther","8":"lieu-hub-empowher","10":"first","11":"instock","12":"virtual","13":"purchasable","14":"product-type-appointment"},"exclude_global_add_ons":[],"addons":[],"acf":[],"yoast_head":"<!-- This site is optimized with the Yoast SEO plugin v24.8 - https:\/\/yoast.com\/wordpress\/plugins\/seo\/ -->\n<title>Cours de yoga chez Sist&#039;Her - Empow&#039;Her<\/title>\n<meta name=\"description\" content=\"Tous les mercredi du mois de mai chez Sist&#039;her, ont lieu des cours de yoga sur donation libre, donn\u00e9 par l&#039;association NOUR !\" \/>\n<meta name=\"robots\" content=\"index, follow, max-snippet:-1, max-image-preview:large, max-video-preview:-1\" \/>\n<link rel=\"canonical\" href=\"https:\/\/empow-her.com\/produit\/cours-de-yoga-sisther-bien-etre\/\" \/>\n<meta property=\"og:locale\" content=\"en_US\" \/>\n<meta property=\"og:type\" content=\"article\" \/>\n<meta property=\"og:title\" content=\"Cours de yoga chez Sist&#039;Her - Empow&#039;Her\" \/>\n<meta property=\"og:description\" content=\"Tous les mercredi du mois de mai chez Sist&#039;her, ont lieu des cours de yoga sur donation libre, donn\u00e9 par l&#039;association NOUR !\" \/>\n<meta property=\"og:url\" content=\"https:\/\/empow-her.com\/produit\/cours-de-yoga-sisther-bien-etre\/\" \/>\n<meta property=\"og:site_name\" content=\"Empow&#039;Her\" \/>\n<meta property=\"article:modified_time\" content=\"2022-09-28T09:46:14+00:00\" \/>\n<meta property=\"og:image\" content=\"https:\/\/empow-her.com\/wp-content\/uploads\/2022\/03\/Template-Event-SistHer-site-4.png\" \/>\n\t<meta property=\"og:image:width\" content=\"1080\" \/>\n\t<meta property=\"og:image:height\" content=\"1080\" \/>\n\t<meta property=\"og:image:type\" content=\"image\/png\" \/>\n<meta name=\"twitter:card\" content=\"summary_large_image\" \/>\n<meta name=\"twitter:label1\" content=\"Est. reading time\" \/>\n\t<meta name=\"twitter:data1\" content=\"2 minutes\" \/>\n<script type=\"application\/ld+json\" class=\"yoast-schema-graph\">{\"@context\":\"https:\/\/schema.org\",\"@graph\":[{\"@type\":\"WebPage\",\"@id\":\"https:\/\/empow-her.com\/produit\/cours-de-yoga-sisther-bien-etre\/\",\"url\":\"https:\/\/empow-her.com\/produit\/cours-de-yoga-sisther-bien-etre\/\",\"name\":\"Cours de yoga chez Sist'Her - Empow&#039;Her\",\"isPartOf\":{\"@id\":\"https:\/\/empow-her.com\/#website\"},\"primaryImageOfPage\":{\"@id\":\"https:\/\/empow-her.com\/produit\/cours-de-yoga-sisther-bien-etre\/#primaryimage\"},\"image\":{\"@id\":\"https:\/\/empow-her.com\/produit\/cours-de-yoga-sisther-bien-etre\/#primaryimage\"},\"thumbnailUrl\":\"https:\/\/empow-her.com\/wp-content\/uploads\/2022\/03\/Template-Event-SistHer-site-4.png\",\"datePublished\":\"2022-03-11T09:50:26+00:00\",\"dateModified\":\"2022-09-28T09:46:14+00:00\",\"description\":\"Tous les mercredi du mois de mai chez Sist'her, ont lieu des cours de yoga sur donation libre, donn\u00e9 par l'association NOUR !\",\"breadcrumb\":{\"@id\":\"https:\/\/empow-her.com\/produit\/cours-de-yoga-sisther-bien-etre\/#breadcrumb\"},\"inLanguage\":\"en-US\",\"potentialAction\":[{\"@type\":\"ReadAction\",\"target\":[\"https:\/\/empow-her.com\/produit\/cours-de-yoga-sisther-bien-etre\/\"]}]},{\"@type\":\"ImageObject\",\"inLanguage\":\"en-US\",\"@id\":\"https:\/\/empow-her.com\/produit\/cours-de-yoga-sisther-bien-etre\/#primaryimage\",\"url\":\"https:\/\/empow-her.com\/wp-content\/uploads\/2022\/03\/Template-Event-SistHer-site-4.png\",\"contentUrl\":\"https:\/\/empow-her.com\/wp-content\/uploads\/2022\/03\/Template-Event-SistHer-site-4.png\",\"width\":1080,\"height\":1080},{\"@type\":\"BreadcrumbList\",\"@id\":\"https:\/\/empow-her.com\/produit\/cours-de-yoga-sisther-bien-etre\/#breadcrumb\",\"itemListElement\":[{\"@type\":\"ListItem\",\"position\":1,\"name\":\"Accueil\",\"item\":\"https:\/\/empow-her.com\/en\/landing-page\/\"},{\"@type\":\"ListItem\",\"position\":2,\"name\":\"LA BOUTIQUE\",\"item\":\"https:\/\/empow-her.com\/boutique\/\"},{\"@type\":\"ListItem\",\"position\":3,\"name\":\"Cours de yoga chez Sist&#8217;Her\"}]},{\"@type\":\"WebSite\",\"@id\":\"https:\/\/empow-her.com\/#website\",\"url\":\"https:\/\/empow-her.com\/\",\"name\":\"Empow&#039;Her\",\"description\":\"Women Development\",\"potentialAction\":[{\"@type\":\"SearchAction\",\"target\":{\"@type\":\"EntryPoint\",\"urlTemplate\":\"https:\/\/empow-her.com\/?s={search_term_string}\"},\"query-input\":{\"@type\":\"PropertyValueSpecification\",\"valueRequired\":true,\"valueName\":\"search_term_string\"}}],\"inLanguage\":\"en-US\"}]}<\/script>\n<!-- \/ Yoast SEO plugin. -->","yoast_head_json":{"title":"Cours de yoga chez Sist'Her - Empow&#039;Her","description":"Tous les mercredi du mois de mai chez Sist'her, ont lieu des cours de yoga sur donation libre, donn\u00e9 par l'association NOUR !","robots":{"index":"index","follow":"follow","max-snippet":"max-snippet:-1","max-image-preview":"max-image-preview:large","max-video-preview":"max-video-preview:-1"},"canonical":"https:\/\/empow-her.com\/produit\/cours-de-yoga-sisther-bien-etre\/","og_locale":"en_US","og_type":"article","og_title":"Cours de yoga chez Sist'Her - Empow&#039;Her","og_description":"Tous les mercredi du mois de mai chez Sist'her, ont lieu des cours de yoga sur donation libre, donn\u00e9 par l'association NOUR !","og_url":"https:\/\/empow-her.com\/produit\/cours-de-yoga-sisther-bien-etre\/","og_site_name":"Empow&#039;Her","article_modified_time":"2022-09-28T09:46:14+00:00","og_image":[{"width":1080,"height":1080,"url":"https:\/\/empow-her.com\/wp-content\/uploads\/2022\/03\/Template-Event-SistHer-site-4.png","type":"image\/png"}],"twitter_card":"summary_large_image","twitter_misc":{"Est. reading time":"2 minutes"},"schema":{"@context":"https:\/\/schema.org","@graph":[{"@type":"WebPage","@id":"https:\/\/empow-her.com\/produit\/cours-de-yoga-sisther-bien-etre\/","url":"https:\/\/empow-her.com\/produit\/cours-de-yoga-sisther-bien-etre\/","name":"Cours de yoga chez Sist'Her - Empow&#039;Her","isPartOf":{"@id":"https:\/\/empow-her.com\/#website"},"primaryImageOfPage":{"@id":"https:\/\/empow-her.com\/produit\/cours-de-yoga-sisther-bien-etre\/#primaryimage"},"image":{"@id":"https:\/\/empow-her.com\/produit\/cours-de-yoga-sisther-bien-etre\/#primaryimage"},"thumbnailUrl":"https:\/\/empow-her.com\/wp-content\/uploads\/2022\/03\/Template-Event-SistHer-site-4.png","datePublished":"2022-03-11T09:50:26+00:00","dateModified":"2022-09-28T09:46:14+00:00","description":"Tous les mercredi du mois de mai chez Sist'her, ont lieu des cours de yoga sur donation libre, donn\u00e9 par l'association NOUR !","breadcrumb":{"@id":"https:\/\/empow-her.com\/produit\/cours-de-yoga-sisther-bien-etre\/#breadcrumb"},"inLanguage":"en-US","potentialAction":[{"@type":"ReadAction","target":["https:\/\/empow-her.com\/produit\/cours-de-yoga-sisther-bien-etre\/"]}]},{"@type":"ImageObject","inLanguage":"en-US","@id":"https:\/\/empow-her.com\/produit\/cours-de-yoga-sisther-bien-etre\/#primaryimage","url":"https:\/\/empow-her.com\/wp-content\/uploads\/2022\/03\/Template-Event-SistHer-site-4.png","contentUrl":"https:\/\/empow-her.com\/wp-content\/uploads\/2022\/03\/Template-Event-SistHer-site-4.png","width":1080,"height":1080},{"@type":"BreadcrumbList","@id":"https:\/\/empow-her.com\/produit\/cours-de-yoga-sisther-bien-etre\/#breadcrumb","itemListElement":[{"@type":"ListItem","position":1,"name":"Accueil","item":"https:\/\/empow-her.com\/en\/landing-page\/"},{"@type":"ListItem","position":2,"name":"LA BOUTIQUE","item":"https:\/\/empow-her.com\/boutique\/"},{"@type":"ListItem","position":3,"name":"Cours de yoga chez Sist&#8217;Her"}]},{"@type":"WebSite","@id":"https:\/\/empow-her.com\/#website","url":"https:\/\/empow-her.com\/","name":"Empow&#039;Her","description":"Women Development","potentialAction":[{"@type":"SearchAction","target":{"@type":"EntryPoint","urlTemplate":"https:\/\/empow-her.com\/?s={search_term_string}"},"query-input":{"@type":"PropertyValueSpecification","valueRequired":true,"valueName":"search_term_string"}}],"inLanguage":"en-US"}]}},"_links":{"self":[{"href":"https:\/\/empow-her.com\/en\/wp-json\/wp\/v2\/product\/116438","targetHints":{"allow":["GET"]}}],"collection":[{"href":"https:\/\/empow-her.com\/en\/wp-json\/wp\/v2\/product"}],"about":[{"href":"https:\/\/empow-her.com\/en\/wp-json\/wp\/v2\/types\/product"}],"wp:featuredmedia":[{"embeddable":true,"href":"https:\/\/empow-her.com\/en\/wp-json\/wp\/v2\/media\/117398"}],"wp:attachment":[{"href":"https:\/\/empow-her.com\/en\/wp-json\/wp\/v2\/media?parent=116438"}],"wp:term":[{"taxonomy":"product_brand","embeddable":true,"href":"https:\/\/empow-her.com\/en\/wp-json\/wp\/v2\/product_brand?post=116438"},{"taxonomy":"product_cat","embeddable":true,"href":"https:\/\/empow-her.com\/en\/wp-json\/wp\/v2\/product_cat?post=116438"},{"taxonomy":"product_tag","embeddable":true,"href":"https:\/\/empow-her.com\/en\/wp-json\/wp\/v2\/product_tag?post=116438"},{"taxonomy":"lieu","embeddable":true,"href":"https:\/\/empow-her.com\/en\/wp-json\/wp\/v2\/lieu?post=116438"},{"taxonomy":"thematiques","embeddable":true,"href":"https:\/\/empow-her.com\/en\/wp-json\/wp\/v2\/thematiques?post=116438"}],"curies":[{"name":"wp","href":"https:\/\/api.w.org\/{rel}","templated":true}]}}