{"id":115467,"date":"2022-02-16T14:29:17","date_gmt":"2022-02-16T13:29:17","guid":{"rendered":"https:\/\/empow-her.com\/?post_type=product&#038;p=115467"},"modified":"2022-09-28T11:46:18","modified_gmt":"2022-09-28T09:46:18","slug":"table-ronde-empowerment-economique","status":"publish","type":"product","link":"https:\/\/empow-her.com\/en\/produit\/table-ronde-empowerment-economique\/","title":{"rendered":"Table ronde &#8211; Donner de la voix \u00e0 l&#8217;empowerment \u00e9conomique des femmes"},"content":{"rendered":"<p><strong># Table ronde<\/strong><\/p>\n<p>Donner de la voix \u00e0 l\u2019empowerment \u00e9conomique des femmes !<\/p>\n<p><span style=\"font-weight: 400;\">A l\u2019approche des \u00e9lections, nous nous sommes demand\u00e9es comment agir et porter les voix de toutes les femmes, pour que chacune puisse prendre sa place au sein du d\u00e9bat public. L\u2019autonomisation \u00e9conomique <\/span><span style=\"font-weight: 400;\">est une condition <\/span><i><span style=\"font-weight: 400;\">sine qua non<\/span><\/i><span style=\"font-weight: 400;\"> de l\u2019\u00e9galit\u00e9 et pour la libert\u00e9 des femmes. <\/span><span style=\"font-weight: 400;\">Au-del\u00e0 d\u2019une question de justice sociale, il s\u2019agit aussi d\u2019un moteur de croissance \u00e9conomique ainsi que d\u2019un vecteur de prosp\u00e9rit\u00e9 et de comp\u00e9titivit\u00e9 pour l\u2019ensemble de nos soci\u00e9t\u00e9s.\u00a0<\/span><\/p>\n<p><span style=\"font-weight: 400;\">Quelles solutions et mesures concr\u00e8tes devons-nous porter collectivement en 2022 pour tendre vers une soci\u00e9t\u00e9 plus \u00e9galitaire et respectueuse de l\u2019environnement?\u00a0<\/span><\/p>\n<p><span style=\"font-weight: 400;\">A la veille du 8 mars, unissons nos voix ! &#x1f4e3;<\/span><\/p>\n<p><span style=\"font-weight: 400;\">Nous avons imagin\u00e9 un format participatif, o\u00f9 expert.e.s, entrepreneuses et citoyen.n.e.s se rencontrent et travaillent ensemble sur des propositions concr\u00e8tes en faveur de l\u2019autonomisation \u00e9conomique des femmes. Notre objectif ? Faire \u00e9merger 5 propositions\u00a0 concr\u00e8tes et les porter dans l\u2019espace public.<br \/>\n<\/span><span style=\"font-weight: 400;\"><br \/>\n<\/span><span style=\"font-weight: 400;\">A la diff\u00e9rence d\u2019une conf\u00e9rence classique, o\u00f9 publics et intervenant\u00b7e\u00b7s se rencontrent assez peu ; nous souhaitons avec ce format in\u00e9dit nous asseoir toutes ensemble \u00e0 la m\u00eame table et travailler ensemble.\u00a0<\/span><\/p>\n<p><span style=\"font-weight: 400;\">Pour enrichir les \u00e9changes, nous avons invit\u00e9 des expertes \u00e0 venir partager leurs analyses et regards sur les enjeux \u00e0 venir, le tout anim\u00e9 par Caroline Blaes, journaliste.\u00a0 En pr\u00e9sence de Ouardia Sadoudi du F\u00e9minisme Populaire, Sandrine Elmi Hersi de Politiqu\u2019elles, Sophie Soubiran, avocate membre de la Force juridique de la Fondation des femmes et de Caroline Blaes, journaliste \u00e0 impact et Jos\u00e9phine Py, Directrice de Empow&#8217;Her, venez d\u00e9battre et r\u00e9fl\u00e9chir \u00e0 des propositions qui seront relay\u00e9s sur nos r\u00e9seaux sociaux. Votre voix compte et aucun pr\u00e9 requis de connaissance n&#8217;est demand\u00e9, vous pouvez toutes participer !<\/span><\/p>\n<p><span style=\"font-weight: 400;\">Cette session est ouverte \u00e0 toutes, sans pr\u00e9requis et quelque soit votre parcours !\u00a0\u00a0<\/span><\/p>\n<p><span style=\"font-weight: 400;\">Cette soir\u00e9e se cl\u00f4turera autour d\u2019un verre pour poursuivre les discussions et cr\u00e9er du lien entre toutes les participantes !\u00a0<\/span><\/p>\n<p>&#x1f4cd; 82 Rue du Faubourg Saint-Martin, 75010 Paris.<\/p>\n<p>&#x1f516; R\u00e9servation gratuite obligatoire :<\/p>\n<p>&#x1f637; Mesures sanitaires<br \/>\n&#x1f4f1; PASS SANITAIRE obligatoire<br \/>\n&#x1f4cd; Vous pouvez r\u00e9aliser un test antig\u00e9nique \u00e0 la pharmacie Boutin<br \/>\nau 90 rue du faubourg Saint-Martin \u00e0 proximit\u00e9.<\/p>\n","protected":false},"excerpt":{"rendered":"<p><strong># Table ronde<\/strong><\/p>\n<p>Donner de la voix \u00e0 l\u2019empowerment \u00e9conomique des femmes !<\/p>\n<p><span style=\"font-weight: 400;\">A l\u2019approche des \u00e9lections, nous nous sommes demand\u00e9es comment agir et porter les voix de toutes les femmes, pour que chacune puisse prendre sa place au sein du d\u00e9bat public. L\u2019autonomisation \u00e9conomique <\/span><span style=\"font-weight: 400;\">est une condition <\/span><i><span style=\"font-weight: 400;\">sine qua non<\/span><\/i><span style=\"font-weight: 400;\"> de l\u2019\u00e9galit\u00e9 et pour la libert\u00e9 des femmes. <\/span><span style=\"font-weight: 400;\">Au-del\u00e0 d\u2019une question de justice sociale, il s\u2019agit aussi d\u2019un moteur de croissance \u00e9conomique ainsi que d\u2019un vecteur de prosp\u00e9rit\u00e9 et de comp\u00e9titivit\u00e9 pour l\u2019ensemble de nos soci\u00e9t\u00e9s.\u00a0<\/span><\/p>\n<p><span style=\"font-weight: 400;\">Quelles solutions et mesures concr\u00e8tes devons-nous porter collectivement en 2022 pour tendre vers une soci\u00e9t\u00e9 plus \u00e9galitaire et respectueuse de l\u2019environnement?\u00a0<\/span><\/p>\n<p><span style=\"font-weight: 400;\">A la veille du 8 mars, unissons nos voix ! &#x1f4e3;<\/span><\/p>\n<p><span style=\"font-weight: 400;\">Nous avons imagin\u00e9 un format participatif, o\u00f9 expert.e.s, entrepreneuses et citoyen.n.e.s se rencontrent et travaillent ensemble sur des propositions concr\u00e8tes en faveur de l\u2019autonomisation \u00e9conomique des femmes.<\/span><\/p>\n<p><strong>Notre objectif ?<\/strong> Faire \u00e9merger 5 propositions concr\u00e8tes et les porter dans l\u2019espace public.<br \/>\n<span style=\"font-weight: 400;\"><br \/>\n<\/span><span style=\"font-weight: 400;\">A la diff\u00e9rence d\u2019une conf\u00e9rence classique, o\u00f9 publics et intervenant\u00b7e\u00b7s se rencontrent assez peu ; nous souhaitons avec ce format in\u00e9dit nous asseoir toutes ensemble \u00e0 la m\u00eame table et travailler ensemble.\u00a0<\/span><\/p>\n<p><span style=\"font-weight: 400;\">Pour enrichir les \u00e9changes, nous avons invit\u00e9 des expertes \u00e0 venir partager leurs analyses et regards sur les enjeux \u00e0 venir, le tout anim\u00e9 par Caroline Blaes, journaliste. <\/span><\/p>\n<p><span style=\"font-weight: 400;\">En pr\u00e9sence de :<\/span><\/p>\n<p><span style=\"font-weight: 400;\"> Ouardia Sadoudi du F\u00e9minisme Populaire<\/span><\/p>\n<p><span style=\"font-weight: 400;\"> Sandrine Elmi Hersi de Politiqu\u2019elles <\/span><\/p>\n<p><span style=\"font-weight: 400;\">Sophie Soubiran, avocate membre de la Force juridique de la Fondation des femmes\u00a0<\/span><\/p>\n<p><span style=\"font-weight: 400;\"> Caroline Blaes, journaliste \u00e0 impact <\/span><\/p>\n<p><span style=\"font-weight: 400;\">Jos\u00e9phine Py, Directrice de Empow&#8217;Her <\/span><\/p>\n<p>&nbsp;<\/p>\n<p><span style=\"font-weight: 400;\">Venez d\u00e9battre et r\u00e9fl\u00e9chir \u00e0 des propositions qui seront relay\u00e9s sur nos r\u00e9seaux sociaux. Votre voix compte et aucun pr\u00e9 requis de connaissance n&#8217;est demand\u00e9, vous pouvez toutes participer!<\/span><\/p>\n<p><span style=\"font-weight: 400;\">Cette session est ouverte \u00e0 toutes, sans pr\u00e9requis et quelque soit votre parcours !\u00a0\u00a0<\/span><\/p>\n<p><span style=\"font-weight: 400;\">Cette soir\u00e9e se cl\u00f4turera autour d\u2019un verre pour poursuivre les discussions et cr\u00e9er du lien entre toutes les participantes !\u00a0<\/span><\/p>\n<p>&#x1f4cd; 82 Rue du Faubourg Saint-Martin, 75010 Paris.<\/p>\n<p>&#x1f516; R\u00e9servation gratuite obligatoire :<\/p>\n<p>&#x1f637; Mesures sanitaires<br \/>\n&#x1f4f1; PASS SANITAIRE obligatoire<br \/>\n&#x1f4cd; Vous pouvez r\u00e9aliser un test antig\u00e9nique \u00e0 la pharmacie Boutin<br \/>\nau 90 rue du faubourg Saint-Martin \u00e0 proximit\u00e9.<\/p>\n","protected":false},"featured_media":115516,"template":"","format":"standard","meta":{"_acf_changed":false,"om_disable_all_campaigns":false,"_uf_show_specific_survey":0,"_uf_disable_surveys":false},"product_brand":[],"product_cat":[119],"product_tag":[],"lieu":[127],"thematiques":[],"class_list":{"0":"post-115467","1":"product","2":"type-product","3":"status-publish","4":"format-standard","5":"has-post-thumbnail","7":"product_cat-evenement-sisther","8":"lieu-hub-empowher","10":"first","11":"instock","12":"virtual","13":"purchasable","14":"product-type-appointment"},"exclude_global_add_ons":[],"addons":[],"acf":[],"yoast_head":"<!-- This site is optimized with the Yoast SEO plugin v24.8 - https:\/\/yoast.com\/wordpress\/plugins\/seo\/ -->\n<title>Table ronde - Donner de la voix \u00e0 l&#039;empowerment \u00e9conomique des femmes - Empow&#039;Her<\/title>\n<meta name=\"description\" content=\"Sist\u2019Her donne de la voix \u00e0 l&#039;empowerment \u00e9conomique des femmes lors d&#039;une table ronde anim\u00e9e par 5 expertes ! %\" \/>\n<meta name=\"robots\" content=\"index, follow, max-snippet:-1, max-image-preview:large, max-video-preview:-1\" \/>\n<link rel=\"canonical\" href=\"https:\/\/empow-her.com\/produit\/table-ronde-empowerment-economique\/\" \/>\n<meta property=\"og:locale\" content=\"en_US\" \/>\n<meta property=\"og:type\" content=\"article\" \/>\n<meta property=\"og:title\" content=\"Table ronde - Donner de la voix \u00e0 l&#039;empowerment \u00e9conomique des femmes - Empow&#039;Her\" \/>\n<meta property=\"og:description\" content=\"Sist\u2019Her donne de la voix \u00e0 l&#039;empowerment \u00e9conomique des femmes lors d&#039;une table ronde anim\u00e9e par 5 expertes ! %\" \/>\n<meta property=\"og:url\" content=\"https:\/\/empow-her.com\/produit\/table-ronde-empowerment-economique\/\" \/>\n<meta property=\"og:site_name\" content=\"Empow&#039;Her\" \/>\n<meta property=\"article:modified_time\" content=\"2022-09-28T09:46:18+00:00\" \/>\n<meta property=\"og:image\" content=\"https:\/\/empow-her.com\/wp-content\/uploads\/2022\/02\/TEMPLATES-EVENTS-WOMEN-DARE-3-1.png\" \/>\n\t<meta property=\"og:image:width\" content=\"1080\" \/>\n\t<meta property=\"og:image:height\" content=\"1080\" \/>\n\t<meta property=\"og:image:type\" content=\"image\/png\" \/>\n<meta name=\"twitter:card\" content=\"summary_large_image\" \/>\n<meta name=\"twitter:label1\" content=\"Est. reading time\" \/>\n\t<meta name=\"twitter:data1\" content=\"2 minutes\" \/>\n<script type=\"application\/ld+json\" class=\"yoast-schema-graph\">{\"@context\":\"https:\/\/schema.org\",\"@graph\":[{\"@type\":\"WebPage\",\"@id\":\"https:\/\/empow-her.com\/produit\/table-ronde-empowerment-economique\/\",\"url\":\"https:\/\/empow-her.com\/produit\/table-ronde-empowerment-economique\/\",\"name\":\"Table ronde - Donner de la voix \u00e0 l'empowerment \u00e9conomique des femmes - Empow&#039;Her\",\"isPartOf\":{\"@id\":\"https:\/\/empow-her.com\/#website\"},\"primaryImageOfPage\":{\"@id\":\"https:\/\/empow-her.com\/produit\/table-ronde-empowerment-economique\/#primaryimage\"},\"image\":{\"@id\":\"https:\/\/empow-her.com\/produit\/table-ronde-empowerment-economique\/#primaryimage\"},\"thumbnailUrl\":\"https:\/\/empow-her.com\/wp-content\/uploads\/2022\/02\/TEMPLATES-EVENTS-WOMEN-DARE-3-1.png\",\"datePublished\":\"2022-02-16T13:29:17+00:00\",\"dateModified\":\"2022-09-28T09:46:18+00:00\",\"description\":\"Sist\u2019Her donne de la voix \u00e0 l'empowerment \u00e9conomique des femmes lors d'une table ronde anim\u00e9e par 5 expertes ! %\",\"breadcrumb\":{\"@id\":\"https:\/\/empow-her.com\/produit\/table-ronde-empowerment-economique\/#breadcrumb\"},\"inLanguage\":\"en-US\",\"potentialAction\":[{\"@type\":\"ReadAction\",\"target\":[\"https:\/\/empow-her.com\/produit\/table-ronde-empowerment-economique\/\"]}]},{\"@type\":\"ImageObject\",\"inLanguage\":\"en-US\",\"@id\":\"https:\/\/empow-her.com\/produit\/table-ronde-empowerment-economique\/#primaryimage\",\"url\":\"https:\/\/empow-her.com\/wp-content\/uploads\/2022\/02\/TEMPLATES-EVENTS-WOMEN-DARE-3-1.png\",\"contentUrl\":\"https:\/\/empow-her.com\/wp-content\/uploads\/2022\/02\/TEMPLATES-EVENTS-WOMEN-DARE-3-1.png\",\"width\":1080,\"height\":1080},{\"@type\":\"BreadcrumbList\",\"@id\":\"https:\/\/empow-her.com\/produit\/table-ronde-empowerment-economique\/#breadcrumb\",\"itemListElement\":[{\"@type\":\"ListItem\",\"position\":1,\"name\":\"Accueil\",\"item\":\"https:\/\/empow-her.com\/en\/landing-page\/\"},{\"@type\":\"ListItem\",\"position\":2,\"name\":\"LA BOUTIQUE\",\"item\":\"https:\/\/empow-her.com\/boutique\/\"},{\"@type\":\"ListItem\",\"position\":3,\"name\":\"Table ronde &#8211; Donner de la voix \u00e0 l&#8217;empowerment \u00e9conomique des femmes\"}]},{\"@type\":\"WebSite\",\"@id\":\"https:\/\/empow-her.com\/#website\",\"url\":\"https:\/\/empow-her.com\/\",\"name\":\"Empow&#039;Her\",\"description\":\"Women Development\",\"potentialAction\":[{\"@type\":\"SearchAction\",\"target\":{\"@type\":\"EntryPoint\",\"urlTemplate\":\"https:\/\/empow-her.com\/?s={search_term_string}\"},\"query-input\":{\"@type\":\"PropertyValueSpecification\",\"valueRequired\":true,\"valueName\":\"search_term_string\"}}],\"inLanguage\":\"en-US\"}]}<\/script>\n<!-- \/ Yoast SEO plugin. -->","yoast_head_json":{"title":"Table ronde - Donner de la voix \u00e0 l'empowerment \u00e9conomique des femmes - Empow&#039;Her","description":"Sist\u2019Her donne de la voix \u00e0 l'empowerment \u00e9conomique des femmes lors d'une table ronde anim\u00e9e par 5 expertes ! %","robots":{"index":"index","follow":"follow","max-snippet":"max-snippet:-1","max-image-preview":"max-image-preview:large","max-video-preview":"max-video-preview:-1"},"canonical":"https:\/\/empow-her.com\/produit\/table-ronde-empowerment-economique\/","og_locale":"en_US","og_type":"article","og_title":"Table ronde - Donner de la voix \u00e0 l'empowerment \u00e9conomique des femmes - Empow&#039;Her","og_description":"Sist\u2019Her donne de la voix \u00e0 l'empowerment \u00e9conomique des femmes lors d'une table ronde anim\u00e9e par 5 expertes ! %","og_url":"https:\/\/empow-her.com\/produit\/table-ronde-empowerment-economique\/","og_site_name":"Empow&#039;Her","article_modified_time":"2022-09-28T09:46:18+00:00","og_image":[{"width":1080,"height":1080,"url":"https:\/\/empow-her.com\/wp-content\/uploads\/2022\/02\/TEMPLATES-EVENTS-WOMEN-DARE-3-1.png","type":"image\/png"}],"twitter_card":"summary_large_image","twitter_misc":{"Est. reading time":"2 minutes"},"schema":{"@context":"https:\/\/schema.org","@graph":[{"@type":"WebPage","@id":"https:\/\/empow-her.com\/produit\/table-ronde-empowerment-economique\/","url":"https:\/\/empow-her.com\/produit\/table-ronde-empowerment-economique\/","name":"Table ronde - Donner de la voix \u00e0 l'empowerment \u00e9conomique des femmes - Empow&#039;Her","isPartOf":{"@id":"https:\/\/empow-her.com\/#website"},"primaryImageOfPage":{"@id":"https:\/\/empow-her.com\/produit\/table-ronde-empowerment-economique\/#primaryimage"},"image":{"@id":"https:\/\/empow-her.com\/produit\/table-ronde-empowerment-economique\/#primaryimage"},"thumbnailUrl":"https:\/\/empow-her.com\/wp-content\/uploads\/2022\/02\/TEMPLATES-EVENTS-WOMEN-DARE-3-1.png","datePublished":"2022-02-16T13:29:17+00:00","dateModified":"2022-09-28T09:46:18+00:00","description":"Sist\u2019Her donne de la voix \u00e0 l'empowerment \u00e9conomique des femmes lors d'une table ronde anim\u00e9e par 5 expertes ! %","breadcrumb":{"@id":"https:\/\/empow-her.com\/produit\/table-ronde-empowerment-economique\/#breadcrumb"},"inLanguage":"en-US","potentialAction":[{"@type":"ReadAction","target":["https:\/\/empow-her.com\/produit\/table-ronde-empowerment-economique\/"]}]},{"@type":"ImageObject","inLanguage":"en-US","@id":"https:\/\/empow-her.com\/produit\/table-ronde-empowerment-economique\/#primaryimage","url":"https:\/\/empow-her.com\/wp-content\/uploads\/2022\/02\/TEMPLATES-EVENTS-WOMEN-DARE-3-1.png","contentUrl":"https:\/\/empow-her.com\/wp-content\/uploads\/2022\/02\/TEMPLATES-EVENTS-WOMEN-DARE-3-1.png","width":1080,"height":1080},{"@type":"BreadcrumbList","@id":"https:\/\/empow-her.com\/produit\/table-ronde-empowerment-economique\/#breadcrumb","itemListElement":[{"@type":"ListItem","position":1,"name":"Accueil","item":"https:\/\/empow-her.com\/en\/landing-page\/"},{"@type":"ListItem","position":2,"name":"LA BOUTIQUE","item":"https:\/\/empow-her.com\/boutique\/"},{"@type":"ListItem","position":3,"name":"Table ronde &#8211; Donner de la voix \u00e0 l&#8217;empowerment \u00e9conomique des femmes"}]},{"@type":"WebSite","@id":"https:\/\/empow-her.com\/#website","url":"https:\/\/empow-her.com\/","name":"Empow&#039;Her","description":"Women Development","potentialAction":[{"@type":"SearchAction","target":{"@type":"EntryPoint","urlTemplate":"https:\/\/empow-her.com\/?s={search_term_string}"},"query-input":{"@type":"PropertyValueSpecification","valueRequired":true,"valueName":"search_term_string"}}],"inLanguage":"en-US"}]}},"_links":{"self":[{"href":"https:\/\/empow-her.com\/en\/wp-json\/wp\/v2\/product\/115467","targetHints":{"allow":["GET"]}}],"collection":[{"href":"https:\/\/empow-her.com\/en\/wp-json\/wp\/v2\/product"}],"about":[{"href":"https:\/\/empow-her.com\/en\/wp-json\/wp\/v2\/types\/product"}],"wp:featuredmedia":[{"embeddable":true,"href":"https:\/\/empow-her.com\/en\/wp-json\/wp\/v2\/media\/115516"}],"wp:attachment":[{"href":"https:\/\/empow-her.com\/en\/wp-json\/wp\/v2\/media?parent=115467"}],"wp:term":[{"taxonomy":"product_brand","embeddable":true,"href":"https:\/\/empow-her.com\/en\/wp-json\/wp\/v2\/product_brand?post=115467"},{"taxonomy":"product_cat","embeddable":true,"href":"https:\/\/empow-her.com\/en\/wp-json\/wp\/v2\/product_cat?post=115467"},{"taxonomy":"product_tag","embeddable":true,"href":"https:\/\/empow-her.com\/en\/wp-json\/wp\/v2\/product_tag?post=115467"},{"taxonomy":"lieu","embeddable":true,"href":"https:\/\/empow-her.com\/en\/wp-json\/wp\/v2\/lieu?post=115467"},{"taxonomy":"thematiques","embeddable":true,"href":"https:\/\/empow-her.com\/en\/wp-json\/wp\/v2\/thematiques?post=115467"}],"curies":[{"name":"wp","href":"https:\/\/api.w.org\/{rel}","templated":true}]}}