{"id":115407,"date":"2022-02-15T16:18:53","date_gmt":"2022-02-15T15:18:53","guid":{"rendered":"https:\/\/empow-her.com\/?post_type=product&#038;p=115407"},"modified":"2022-09-28T11:46:39","modified_gmt":"2022-09-28T09:46:39","slug":"special-event-fresque-de-lequite","status":"publish","type":"product","link":"https:\/\/empow-her.com\/en\/produit\/special-event-fresque-de-lequite\/","title":{"rendered":"Special event &#8211; Fresque de l&#8217;\u00e9quit\u00e9"},"content":{"rendered":"<p><strong>#Special Event<\/strong><\/p>\n<p>A l\u2019occasion du mois de l\u2019empowerment f\u00e9ministe, nous avons pens\u00e9 qu\u2019il \u00e9tait important de nous rassembler pour r\u00e9fl\u00e9chir aux causes et cons\u00e9quences des in\u00e9galit\u00e9s hommes-femmes. Sist\u2019Her vous propose alors un nouveau format pour penser ces enjeux de mani\u00e8re ludique et coop\u00e9ratif !<\/p>\n<p>Pour cet \u00e9v\u00e9nement, Fatou N\u2019Diaye, fondatrice de The Wonders, qui nous propose de jouer toutes ensemble \u00e0 la fresque de l\u2019\u00e9quit\u00e9. La fresque c\u2019est un \u201cserious game\u201d accessible \u00e0 tou.te.s. Par groupe, nous allons pouvoir nous former sur les questions d\u2019in\u00e9galit\u00e9s H\/F et agir pour co-construire une soci\u00e9t\u00e9 plus \u00e9galitaire et durable.<\/p>\n<p>33 cartes explicatives, 7 cartes d\u2019action et 1 carte d\u00e9fi guideront cet atelier pour comprendre les obstacles que rencontrent les femmes au cours de leur vie et pour r\u00e9fl\u00e9chir \u00e0 des solutions concr\u00e8tes. L&#8217;objectif est de r\u00e9fl\u00e9chir ensemble \u00e0 des mani\u00e8res d&#8217;agir collectivement et individuellement contre ces in\u00e9galit\u00e9s !<\/p>\n<p>D\u00e9roulement de la fresque de l\u2019\u00e9quit\u00e9 \u00e0 venir.<br \/>\n<strong>Dur\u00e9e 2h30<\/strong><\/p>\n<p>&#x1f4cd; Sist\u2019her Paris, 82 rue du Faubourg St Martin<\/p>\n<p>Ouvert en mars 2021, Sist\u2019Her est le premier tiers-lieu d\u00e9di\u00e9 \u00e0 toutes celles qui souhaitent fa\u00e7onner le monde &#x1f30e;. Port\u00e9 par l\u2019association Empow\u2019Her, c\u2019est un lieu de vie bienveillant et joyeux, ouvert \u00e0 tou\u00b7te\u00b7s o\u00f9 il est possible de se former, cr\u00e9er et se rencontrer. &#x1f3e1;<\/p>\n<p>Ce projet est co-financ\u00e9 par le Fonds Social Europ\u00e9en.<\/p>\n","protected":false},"excerpt":{"rendered":"<p><strong>#Special Event<\/strong><\/p>\n<p>A l\u2019occasion du mois de l\u2019empowerment f\u00e9ministe, nous avons pens\u00e9 qu\u2019il \u00e9tait important de nous rassembler pour r\u00e9fl\u00e9chir aux causes et cons\u00e9quences des in\u00e9galit\u00e9s hommes-femmes. Sist\u2019Her vous propose alors un nouveau format pour penser ces enjeux de mani\u00e8re ludique et coop\u00e9ratif !<\/p>\n<p>Pour cet \u00e9v\u00e9nement, Fatou N\u2019Diaye, fondatrice de The Wonders, qui nous propose de jouer toutes ensemble \u00e0 la fresque de l\u2019\u00e9quit\u00e9. La fresque c\u2019est un \u201cserious game\u201d accessible \u00e0 tou.te.s. Par groupe, nous allons pouvoir nous former sur les questions d\u2019in\u00e9galit\u00e9s H\/F et agir pour co-construire une soci\u00e9t\u00e9 plus \u00e9galitaire et durable.<\/p>\n<p>33 cartes explicatives, 7 cartes d\u2019action et 1 carte d\u00e9fi guideront cet atelier pour comprendre les obstacles que rencontrent les femmes au cours de leur vie et pour r\u00e9fl\u00e9chir \u00e0 des solutions concr\u00e8tes. L&#8217;objectif est de r\u00e9fl\u00e9chir ensemble \u00e0 des mani\u00e8res d&#8217;agir collectivement et individuellement contre ces in\u00e9galit\u00e9s !<\/p>\n<p>D\u00e9roulement de la fresque de l\u2019\u00e9quit\u00e9 \u00e0 venir.<br \/>\n<strong>Dur\u00e9e 2h30<\/strong><\/p>\n<p>&#x1f4cd; Sist\u2019her Paris, 82 rue du Faubourg St Martin<\/p>\n<p>Ouvert en mars 2021, Sist\u2019Her est le premier tiers-lieu d\u00e9di\u00e9 \u00e0 toutes celles qui souhaitent fa\u00e7onner le monde &#x1f30e;. Port\u00e9 par l\u2019association Empow\u2019Her, c\u2019est un lieu de vie bienveillant et joyeux, ouvert \u00e0 tou\u00b7te\u00b7s o\u00f9 il est possible de se former, cr\u00e9er et se rencontrer. &#x1f3e1;<\/p>\n<p>Ce projet est co-financ\u00e9 par le Fonds Social Europ\u00e9en.<\/p>\n","protected":false},"featured_media":115518,"template":"","format":"standard","meta":{"_acf_changed":false,"om_disable_all_campaigns":false,"_uf_show_specific_survey":0,"_uf_disable_surveys":false},"product_brand":[],"product_cat":[119],"product_tag":[],"lieu":[127],"thematiques":[],"class_list":{"0":"post-115407","1":"product","2":"type-product","3":"status-publish","4":"format-standard","5":"has-post-thumbnail","7":"product_cat-evenement-sisther","8":"lieu-hub-empowher","10":"first","11":"instock","12":"virtual","13":"purchasable","14":"product-type-appointment"},"exclude_global_add_ons":[],"addons":[],"acf":[],"yoast_head":"<!-- This site is optimized with the Yoast SEO plugin v24.8 - https:\/\/yoast.com\/wordpress\/plugins\/seo\/ -->\n<title>Special event - Fresque de l&#039;\u00e9quit\u00e9 - Empow&#039;Her<\/title>\n<meta name=\"description\" content=\"Sist&#039;Her met en avant le nouveau jeu pour l&#039;\u00e9galit\u00e9 F\/H en invitant Fatou N&#039;Diaye, fondatrice de The Wonders et de la Fresque de l&#039;\u00e9quit\u00e9\" \/>\n<meta name=\"robots\" content=\"index, follow, max-snippet:-1, max-image-preview:large, max-video-preview:-1\" \/>\n<link rel=\"canonical\" href=\"https:\/\/empow-her.com\/produit\/special-event-fresque-de-lequite\/\" \/>\n<meta property=\"og:locale\" content=\"en_US\" \/>\n<meta property=\"og:type\" content=\"article\" \/>\n<meta property=\"og:title\" content=\"Special event - Fresque de l&#039;\u00e9quit\u00e9 - Empow&#039;Her\" \/>\n<meta property=\"og:description\" content=\"Sist&#039;Her met en avant le nouveau jeu pour l&#039;\u00e9galit\u00e9 F\/H en invitant Fatou N&#039;Diaye, fondatrice de The Wonders et de la Fresque de l&#039;\u00e9quit\u00e9\" \/>\n<meta property=\"og:url\" content=\"https:\/\/empow-her.com\/produit\/special-event-fresque-de-lequite\/\" \/>\n<meta property=\"og:site_name\" content=\"Empow&#039;Her\" \/>\n<meta property=\"article:modified_time\" content=\"2022-09-28T09:46:39+00:00\" \/>\n<meta property=\"og:image\" content=\"https:\/\/empow-her.com\/wp-content\/uploads\/2022\/02\/TEMPLATES-EVENTS-WOMEN-DARE-4-1.png\" \/>\n\t<meta property=\"og:image:width\" content=\"1080\" \/>\n\t<meta property=\"og:image:height\" content=\"1080\" \/>\n\t<meta property=\"og:image:type\" content=\"image\/png\" \/>\n<meta name=\"twitter:card\" content=\"summary_large_image\" \/>\n<meta name=\"twitter:label1\" content=\"Est. reading time\" \/>\n\t<meta name=\"twitter:data1\" content=\"2 minutes\" \/>\n<script type=\"application\/ld+json\" class=\"yoast-schema-graph\">{\"@context\":\"https:\/\/schema.org\",\"@graph\":[{\"@type\":\"WebPage\",\"@id\":\"https:\/\/empow-her.com\/produit\/special-event-fresque-de-lequite\/\",\"url\":\"https:\/\/empow-her.com\/produit\/special-event-fresque-de-lequite\/\",\"name\":\"Special event - Fresque de l'\u00e9quit\u00e9 - Empow&#039;Her\",\"isPartOf\":{\"@id\":\"https:\/\/empow-her.com\/#website\"},\"primaryImageOfPage\":{\"@id\":\"https:\/\/empow-her.com\/produit\/special-event-fresque-de-lequite\/#primaryimage\"},\"image\":{\"@id\":\"https:\/\/empow-her.com\/produit\/special-event-fresque-de-lequite\/#primaryimage\"},\"thumbnailUrl\":\"https:\/\/empow-her.com\/wp-content\/uploads\/2022\/02\/TEMPLATES-EVENTS-WOMEN-DARE-4-1.png\",\"datePublished\":\"2022-02-15T15:18:53+00:00\",\"dateModified\":\"2022-09-28T09:46:39+00:00\",\"description\":\"Sist'Her met en avant le nouveau jeu pour l'\u00e9galit\u00e9 F\/H en invitant Fatou N'Diaye, fondatrice de The Wonders et de la Fresque de l'\u00e9quit\u00e9\",\"breadcrumb\":{\"@id\":\"https:\/\/empow-her.com\/produit\/special-event-fresque-de-lequite\/#breadcrumb\"},\"inLanguage\":\"en-US\",\"potentialAction\":[{\"@type\":\"ReadAction\",\"target\":[\"https:\/\/empow-her.com\/produit\/special-event-fresque-de-lequite\/\"]}]},{\"@type\":\"ImageObject\",\"inLanguage\":\"en-US\",\"@id\":\"https:\/\/empow-her.com\/produit\/special-event-fresque-de-lequite\/#primaryimage\",\"url\":\"https:\/\/empow-her.com\/wp-content\/uploads\/2022\/02\/TEMPLATES-EVENTS-WOMEN-DARE-4-1.png\",\"contentUrl\":\"https:\/\/empow-her.com\/wp-content\/uploads\/2022\/02\/TEMPLATES-EVENTS-WOMEN-DARE-4-1.png\",\"width\":1080,\"height\":1080},{\"@type\":\"BreadcrumbList\",\"@id\":\"https:\/\/empow-her.com\/produit\/special-event-fresque-de-lequite\/#breadcrumb\",\"itemListElement\":[{\"@type\":\"ListItem\",\"position\":1,\"name\":\"Accueil\",\"item\":\"https:\/\/empow-her.com\/en\/landing-page\/\"},{\"@type\":\"ListItem\",\"position\":2,\"name\":\"LA BOUTIQUE\",\"item\":\"https:\/\/empow-her.com\/boutique\/\"},{\"@type\":\"ListItem\",\"position\":3,\"name\":\"Special event &#8211; Fresque de l&#8217;\u00e9quit\u00e9\"}]},{\"@type\":\"WebSite\",\"@id\":\"https:\/\/empow-her.com\/#website\",\"url\":\"https:\/\/empow-her.com\/\",\"name\":\"Empow&#039;Her\",\"description\":\"Women Development\",\"potentialAction\":[{\"@type\":\"SearchAction\",\"target\":{\"@type\":\"EntryPoint\",\"urlTemplate\":\"https:\/\/empow-her.com\/?s={search_term_string}\"},\"query-input\":{\"@type\":\"PropertyValueSpecification\",\"valueRequired\":true,\"valueName\":\"search_term_string\"}}],\"inLanguage\":\"en-US\"}]}<\/script>\n<!-- \/ Yoast SEO plugin. -->","yoast_head_json":{"title":"Special event - Fresque de l'\u00e9quit\u00e9 - Empow&#039;Her","description":"Sist'Her met en avant le nouveau jeu pour l'\u00e9galit\u00e9 F\/H en invitant Fatou N'Diaye, fondatrice de The Wonders et de la Fresque de l'\u00e9quit\u00e9","robots":{"index":"index","follow":"follow","max-snippet":"max-snippet:-1","max-image-preview":"max-image-preview:large","max-video-preview":"max-video-preview:-1"},"canonical":"https:\/\/empow-her.com\/produit\/special-event-fresque-de-lequite\/","og_locale":"en_US","og_type":"article","og_title":"Special event - Fresque de l'\u00e9quit\u00e9 - Empow&#039;Her","og_description":"Sist'Her met en avant le nouveau jeu pour l'\u00e9galit\u00e9 F\/H en invitant Fatou N'Diaye, fondatrice de The Wonders et de la Fresque de l'\u00e9quit\u00e9","og_url":"https:\/\/empow-her.com\/produit\/special-event-fresque-de-lequite\/","og_site_name":"Empow&#039;Her","article_modified_time":"2022-09-28T09:46:39+00:00","og_image":[{"width":1080,"height":1080,"url":"https:\/\/empow-her.com\/wp-content\/uploads\/2022\/02\/TEMPLATES-EVENTS-WOMEN-DARE-4-1.png","type":"image\/png"}],"twitter_card":"summary_large_image","twitter_misc":{"Est. reading time":"2 minutes"},"schema":{"@context":"https:\/\/schema.org","@graph":[{"@type":"WebPage","@id":"https:\/\/empow-her.com\/produit\/special-event-fresque-de-lequite\/","url":"https:\/\/empow-her.com\/produit\/special-event-fresque-de-lequite\/","name":"Special event - Fresque de l'\u00e9quit\u00e9 - Empow&#039;Her","isPartOf":{"@id":"https:\/\/empow-her.com\/#website"},"primaryImageOfPage":{"@id":"https:\/\/empow-her.com\/produit\/special-event-fresque-de-lequite\/#primaryimage"},"image":{"@id":"https:\/\/empow-her.com\/produit\/special-event-fresque-de-lequite\/#primaryimage"},"thumbnailUrl":"https:\/\/empow-her.com\/wp-content\/uploads\/2022\/02\/TEMPLATES-EVENTS-WOMEN-DARE-4-1.png","datePublished":"2022-02-15T15:18:53+00:00","dateModified":"2022-09-28T09:46:39+00:00","description":"Sist'Her met en avant le nouveau jeu pour l'\u00e9galit\u00e9 F\/H en invitant Fatou N'Diaye, fondatrice de The Wonders et de la Fresque de l'\u00e9quit\u00e9","breadcrumb":{"@id":"https:\/\/empow-her.com\/produit\/special-event-fresque-de-lequite\/#breadcrumb"},"inLanguage":"en-US","potentialAction":[{"@type":"ReadAction","target":["https:\/\/empow-her.com\/produit\/special-event-fresque-de-lequite\/"]}]},{"@type":"ImageObject","inLanguage":"en-US","@id":"https:\/\/empow-her.com\/produit\/special-event-fresque-de-lequite\/#primaryimage","url":"https:\/\/empow-her.com\/wp-content\/uploads\/2022\/02\/TEMPLATES-EVENTS-WOMEN-DARE-4-1.png","contentUrl":"https:\/\/empow-her.com\/wp-content\/uploads\/2022\/02\/TEMPLATES-EVENTS-WOMEN-DARE-4-1.png","width":1080,"height":1080},{"@type":"BreadcrumbList","@id":"https:\/\/empow-her.com\/produit\/special-event-fresque-de-lequite\/#breadcrumb","itemListElement":[{"@type":"ListItem","position":1,"name":"Accueil","item":"https:\/\/empow-her.com\/en\/landing-page\/"},{"@type":"ListItem","position":2,"name":"LA BOUTIQUE","item":"https:\/\/empow-her.com\/boutique\/"},{"@type":"ListItem","position":3,"name":"Special event &#8211; Fresque de l&#8217;\u00e9quit\u00e9"}]},{"@type":"WebSite","@id":"https:\/\/empow-her.com\/#website","url":"https:\/\/empow-her.com\/","name":"Empow&#039;Her","description":"Women Development","potentialAction":[{"@type":"SearchAction","target":{"@type":"EntryPoint","urlTemplate":"https:\/\/empow-her.com\/?s={search_term_string}"},"query-input":{"@type":"PropertyValueSpecification","valueRequired":true,"valueName":"search_term_string"}}],"inLanguage":"en-US"}]}},"_links":{"self":[{"href":"https:\/\/empow-her.com\/en\/wp-json\/wp\/v2\/product\/115407","targetHints":{"allow":["GET"]}}],"collection":[{"href":"https:\/\/empow-her.com\/en\/wp-json\/wp\/v2\/product"}],"about":[{"href":"https:\/\/empow-her.com\/en\/wp-json\/wp\/v2\/types\/product"}],"wp:featuredmedia":[{"embeddable":true,"href":"https:\/\/empow-her.com\/en\/wp-json\/wp\/v2\/media\/115518"}],"wp:attachment":[{"href":"https:\/\/empow-her.com\/en\/wp-json\/wp\/v2\/media?parent=115407"}],"wp:term":[{"taxonomy":"product_brand","embeddable":true,"href":"https:\/\/empow-her.com\/en\/wp-json\/wp\/v2\/product_brand?post=115407"},{"taxonomy":"product_cat","embeddable":true,"href":"https:\/\/empow-her.com\/en\/wp-json\/wp\/v2\/product_cat?post=115407"},{"taxonomy":"product_tag","embeddable":true,"href":"https:\/\/empow-her.com\/en\/wp-json\/wp\/v2\/product_tag?post=115407"},{"taxonomy":"lieu","embeddable":true,"href":"https:\/\/empow-her.com\/en\/wp-json\/wp\/v2\/lieu?post=115407"},{"taxonomy":"thematiques","embeddable":true,"href":"https:\/\/empow-her.com\/en\/wp-json\/wp\/v2\/thematiques?post=115407"}],"curies":[{"name":"wp","href":"https:\/\/api.w.org\/{rel}","templated":true}]}}