{"id":115404,"date":"2022-02-15T16:05:08","date_gmt":"2022-02-15T15:05:08","guid":{"rendered":"https:\/\/empow-her.com\/?post_type=product&#038;p=115404"},"modified":"2022-09-28T11:46:44","modified_gmt":"2022-09-28T09:46:44","slug":"cine-debat-documentaire-les-yeux-des-femmes","status":"publish","type":"product","link":"https:\/\/empow-her.com\/en\/produit\/cine-debat-documentaire-les-yeux-des-femmes\/","title":{"rendered":"Cin\u00e9 d\u00e9bat &#8211; Les yeux des femmes"},"content":{"rendered":"<p><strong>Cin\u00e9-d\u00e9bat : Les Yeux des Femmes<\/strong><\/p>\n<p>Pour cl\u00f4turer ce mois de mars riche en exp\u00e9riences f\u00e9ministes, nous vous proposons de d\u00e9couvrir le film documentaire \u201cLes yeux des femmes\u201d r\u00e9alis\u00e9 par L\u00e9na Grelet en Inde.<\/p>\n<p>Le mercredi 30 mars de 19h \u00e0 21h30, partez \u00e0 la rencontre des femmes tamoules dans le sud de l\u2019Inde pour d\u00e9couvrir comment les associations sur place luttent pour les soutenir et am\u00e9liorer leurs conditions de vie, dans l\u2019objectif de favoriser leur ind\u00e9pendance. Afin de combattre les in\u00e9galit\u00e9s li\u00e9es \u00e0 leur sexe, classe et caste, le documentaire met en avant l\u2019importance de l\u2019autonomisation \u00e9conomique des femmes.<\/p>\n<p>Dans le cadre d\u2019un cin\u00e9-d\u00e9bat, L\u00e9na Grelet, r\u00e9alisatrice du documentaire sera pr\u00e9sente pour animer la soir\u00e9e, nous partager ses savoirs et ses exp\u00e9riences en Inde.<\/p>\n<p><strong>Un peu de teasing :<\/strong> https:\/\/www.youtube.com\/watch?v=vYSkB9hKyMQ.<br \/>\nDur\u00e9e du documentaire : 76 minutes.<\/p>\n<p>&#x1f4cd; Sist\u2019her Paris, 82 rue du Faubourg St Martin<\/p>\n<p>Ouvert en mars 2021, Sist\u2019Her est le premier tiers-lieu d\u00e9di\u00e9 \u00e0 toutes celles qui souhaitent fa\u00e7onner le monde &#x1f30e;. Port\u00e9 par l\u2019association Empow\u2019Her, c\u2019est un lieu de vie bienveillant et joyeux, ouvert \u00e0 tou\u00b7te\u00b7s o\u00f9 il est possible de se former, cr\u00e9er et se rencontrer. &#x1f3e1;<\/p>\n<p>Ce projet est co-financ\u00e9 par le Fonds Social Europ\u00e9en.<\/p>\n","protected":false},"excerpt":{"rendered":"<p><strong>Cin\u00e9-d\u00e9bat : Les Yeux des Femmes<\/strong><\/p>\n<p>Pour cl\u00f4turer ce mois de mars riche en exp\u00e9riences f\u00e9ministes, nous vous proposons de d\u00e9couvrir le film documentaire <em>\u201cLes yeux des femmes\u201d<\/em> r\u00e9alis\u00e9 par L\u00e9na Grelet en Inde.<\/p>\n<p><strong>Le mercredi 30 mars de 19h \u00e0 21h30<\/strong>, partez \u00e0 la rencontre des femmes tamoules dans le sud de l\u2019Inde pour d\u00e9couvrir comment les associations sur place luttent pour les soutenir et am\u00e9liorer leurs conditions de vie, dans l\u2019objectif de favoriser leur ind\u00e9pendance. Afin de combattre les in\u00e9galit\u00e9s li\u00e9es \u00e0 leur sexe, classe et caste, le documentaire met en avant l\u2019importance de l\u2019autonomisation \u00e9conomique des femmes.<\/p>\n<p>Dans le cadre d\u2019un cin\u00e9-d\u00e9bat, L\u00e9na Grelet sera pr\u00e9sente pour animer la soir\u00e9e, nous partager ses savoirs et ses exp\u00e9riences en Inde.<\/p>\n<p>Un peu de teasing : https:\/\/www.youtube.com\/watch?v=vYSkB9hKyMQ<\/p>\n","protected":false},"featured_media":115405,"template":"","format":"standard","meta":{"_acf_changed":false,"om_disable_all_campaigns":false,"_uf_show_specific_survey":0,"_uf_disable_surveys":false},"product_brand":[],"product_cat":[119],"product_tag":[],"lieu":[127],"thematiques":[],"class_list":{"0":"post-115404","1":"product","2":"type-product","3":"status-publish","4":"format-standard","5":"has-post-thumbnail","7":"product_cat-evenement-sisther","8":"lieu-hub-empowher","10":"first","11":"instock","12":"virtual","13":"purchasable","14":"product-type-appointment"},"exclude_global_add_ons":[],"addons":[],"acf":[],"yoast_head":"<!-- This site is optimized with the Yoast SEO plugin v24.8 - https:\/\/yoast.com\/wordpress\/plugins\/seo\/ -->\n<title>Cin\u00e9 d\u00e9bat - Les yeux des femmes - Empow&#039;Her<\/title>\n<meta name=\"description\" content=\"Sist&#039;Her invite L\u00e9na Grelet, r\u00e9alisatrice du documentaire Les yeux des femmes, pour faire le point sur l&#039;autonomisation \u00e9conomique des femmes\" \/>\n<meta name=\"robots\" content=\"index, follow, max-snippet:-1, max-image-preview:large, max-video-preview:-1\" \/>\n<link rel=\"canonical\" href=\"https:\/\/empow-her.com\/produit\/cine-debat-documentaire-les-yeux-des-femmes\/\" \/>\n<meta property=\"og:locale\" content=\"en_US\" \/>\n<meta property=\"og:type\" content=\"article\" \/>\n<meta property=\"og:title\" content=\"Cin\u00e9 d\u00e9bat - Les yeux des femmes - Empow&#039;Her\" \/>\n<meta property=\"og:description\" content=\"Sist&#039;Her invite L\u00e9na Grelet, r\u00e9alisatrice du documentaire Les yeux des femmes, pour faire le point sur l&#039;autonomisation \u00e9conomique des femmes\" \/>\n<meta property=\"og:url\" content=\"https:\/\/empow-her.com\/produit\/cine-debat-documentaire-les-yeux-des-femmes\/\" \/>\n<meta property=\"og:site_name\" content=\"Empow&#039;Her\" \/>\n<meta property=\"article:modified_time\" content=\"2022-09-28T09:46:44+00:00\" \/>\n<meta property=\"og:image\" content=\"https:\/\/empow-her.com\/wp-content\/uploads\/2022\/02\/TEMPLATES-EVENTS-WOMEN-DARE.png\" \/>\n\t<meta property=\"og:image:width\" content=\"1080\" \/>\n\t<meta property=\"og:image:height\" content=\"1080\" \/>\n\t<meta property=\"og:image:type\" content=\"image\/png\" \/>\n<meta name=\"twitter:card\" content=\"summary_large_image\" \/>\n<meta name=\"twitter:label1\" content=\"Est. reading time\" \/>\n\t<meta name=\"twitter:data1\" content=\"2 minutes\" \/>\n<script type=\"application\/ld+json\" class=\"yoast-schema-graph\">{\"@context\":\"https:\/\/schema.org\",\"@graph\":[{\"@type\":\"WebPage\",\"@id\":\"https:\/\/empow-her.com\/produit\/cine-debat-documentaire-les-yeux-des-femmes\/\",\"url\":\"https:\/\/empow-her.com\/produit\/cine-debat-documentaire-les-yeux-des-femmes\/\",\"name\":\"Cin\u00e9 d\u00e9bat - Les yeux des femmes - Empow&#039;Her\",\"isPartOf\":{\"@id\":\"https:\/\/empow-her.com\/#website\"},\"primaryImageOfPage\":{\"@id\":\"https:\/\/empow-her.com\/produit\/cine-debat-documentaire-les-yeux-des-femmes\/#primaryimage\"},\"image\":{\"@id\":\"https:\/\/empow-her.com\/produit\/cine-debat-documentaire-les-yeux-des-femmes\/#primaryimage\"},\"thumbnailUrl\":\"https:\/\/empow-her.com\/wp-content\/uploads\/2022\/02\/TEMPLATES-EVENTS-WOMEN-DARE.png\",\"datePublished\":\"2022-02-15T15:05:08+00:00\",\"dateModified\":\"2022-09-28T09:46:44+00:00\",\"description\":\"Sist'Her invite L\u00e9na Grelet, r\u00e9alisatrice du documentaire Les yeux des femmes, pour faire le point sur l'autonomisation \u00e9conomique des femmes\",\"breadcrumb\":{\"@id\":\"https:\/\/empow-her.com\/produit\/cine-debat-documentaire-les-yeux-des-femmes\/#breadcrumb\"},\"inLanguage\":\"en-US\",\"potentialAction\":[{\"@type\":\"ReadAction\",\"target\":[\"https:\/\/empow-her.com\/produit\/cine-debat-documentaire-les-yeux-des-femmes\/\"]}]},{\"@type\":\"ImageObject\",\"inLanguage\":\"en-US\",\"@id\":\"https:\/\/empow-her.com\/produit\/cine-debat-documentaire-les-yeux-des-femmes\/#primaryimage\",\"url\":\"https:\/\/empow-her.com\/wp-content\/uploads\/2022\/02\/TEMPLATES-EVENTS-WOMEN-DARE.png\",\"contentUrl\":\"https:\/\/empow-her.com\/wp-content\/uploads\/2022\/02\/TEMPLATES-EVENTS-WOMEN-DARE.png\",\"width\":1080,\"height\":1080},{\"@type\":\"BreadcrumbList\",\"@id\":\"https:\/\/empow-her.com\/produit\/cine-debat-documentaire-les-yeux-des-femmes\/#breadcrumb\",\"itemListElement\":[{\"@type\":\"ListItem\",\"position\":1,\"name\":\"Accueil\",\"item\":\"https:\/\/empow-her.com\/en\/landing-page\/\"},{\"@type\":\"ListItem\",\"position\":2,\"name\":\"LA BOUTIQUE\",\"item\":\"https:\/\/empow-her.com\/boutique\/\"},{\"@type\":\"ListItem\",\"position\":3,\"name\":\"Cin\u00e9 d\u00e9bat &#8211; Les yeux des femmes\"}]},{\"@type\":\"WebSite\",\"@id\":\"https:\/\/empow-her.com\/#website\",\"url\":\"https:\/\/empow-her.com\/\",\"name\":\"Empow&#039;Her\",\"description\":\"Women Development\",\"potentialAction\":[{\"@type\":\"SearchAction\",\"target\":{\"@type\":\"EntryPoint\",\"urlTemplate\":\"https:\/\/empow-her.com\/?s={search_term_string}\"},\"query-input\":{\"@type\":\"PropertyValueSpecification\",\"valueRequired\":true,\"valueName\":\"search_term_string\"}}],\"inLanguage\":\"en-US\"}]}<\/script>\n<!-- \/ Yoast SEO plugin. -->","yoast_head_json":{"title":"Cin\u00e9 d\u00e9bat - Les yeux des femmes - Empow&#039;Her","description":"Sist'Her invite L\u00e9na Grelet, r\u00e9alisatrice du documentaire Les yeux des femmes, pour faire le point sur l'autonomisation \u00e9conomique des femmes","robots":{"index":"index","follow":"follow","max-snippet":"max-snippet:-1","max-image-preview":"max-image-preview:large","max-video-preview":"max-video-preview:-1"},"canonical":"https:\/\/empow-her.com\/produit\/cine-debat-documentaire-les-yeux-des-femmes\/","og_locale":"en_US","og_type":"article","og_title":"Cin\u00e9 d\u00e9bat - Les yeux des femmes - Empow&#039;Her","og_description":"Sist'Her invite L\u00e9na Grelet, r\u00e9alisatrice du documentaire Les yeux des femmes, pour faire le point sur l'autonomisation \u00e9conomique des femmes","og_url":"https:\/\/empow-her.com\/produit\/cine-debat-documentaire-les-yeux-des-femmes\/","og_site_name":"Empow&#039;Her","article_modified_time":"2022-09-28T09:46:44+00:00","og_image":[{"width":1080,"height":1080,"url":"https:\/\/empow-her.com\/wp-content\/uploads\/2022\/02\/TEMPLATES-EVENTS-WOMEN-DARE.png","type":"image\/png"}],"twitter_card":"summary_large_image","twitter_misc":{"Est. reading time":"2 minutes"},"schema":{"@context":"https:\/\/schema.org","@graph":[{"@type":"WebPage","@id":"https:\/\/empow-her.com\/produit\/cine-debat-documentaire-les-yeux-des-femmes\/","url":"https:\/\/empow-her.com\/produit\/cine-debat-documentaire-les-yeux-des-femmes\/","name":"Cin\u00e9 d\u00e9bat - Les yeux des femmes - Empow&#039;Her","isPartOf":{"@id":"https:\/\/empow-her.com\/#website"},"primaryImageOfPage":{"@id":"https:\/\/empow-her.com\/produit\/cine-debat-documentaire-les-yeux-des-femmes\/#primaryimage"},"image":{"@id":"https:\/\/empow-her.com\/produit\/cine-debat-documentaire-les-yeux-des-femmes\/#primaryimage"},"thumbnailUrl":"https:\/\/empow-her.com\/wp-content\/uploads\/2022\/02\/TEMPLATES-EVENTS-WOMEN-DARE.png","datePublished":"2022-02-15T15:05:08+00:00","dateModified":"2022-09-28T09:46:44+00:00","description":"Sist'Her invite L\u00e9na Grelet, r\u00e9alisatrice du documentaire Les yeux des femmes, pour faire le point sur l'autonomisation \u00e9conomique des femmes","breadcrumb":{"@id":"https:\/\/empow-her.com\/produit\/cine-debat-documentaire-les-yeux-des-femmes\/#breadcrumb"},"inLanguage":"en-US","potentialAction":[{"@type":"ReadAction","target":["https:\/\/empow-her.com\/produit\/cine-debat-documentaire-les-yeux-des-femmes\/"]}]},{"@type":"ImageObject","inLanguage":"en-US","@id":"https:\/\/empow-her.com\/produit\/cine-debat-documentaire-les-yeux-des-femmes\/#primaryimage","url":"https:\/\/empow-her.com\/wp-content\/uploads\/2022\/02\/TEMPLATES-EVENTS-WOMEN-DARE.png","contentUrl":"https:\/\/empow-her.com\/wp-content\/uploads\/2022\/02\/TEMPLATES-EVENTS-WOMEN-DARE.png","width":1080,"height":1080},{"@type":"BreadcrumbList","@id":"https:\/\/empow-her.com\/produit\/cine-debat-documentaire-les-yeux-des-femmes\/#breadcrumb","itemListElement":[{"@type":"ListItem","position":1,"name":"Accueil","item":"https:\/\/empow-her.com\/en\/landing-page\/"},{"@type":"ListItem","position":2,"name":"LA BOUTIQUE","item":"https:\/\/empow-her.com\/boutique\/"},{"@type":"ListItem","position":3,"name":"Cin\u00e9 d\u00e9bat &#8211; Les yeux des femmes"}]},{"@type":"WebSite","@id":"https:\/\/empow-her.com\/#website","url":"https:\/\/empow-her.com\/","name":"Empow&#039;Her","description":"Women Development","potentialAction":[{"@type":"SearchAction","target":{"@type":"EntryPoint","urlTemplate":"https:\/\/empow-her.com\/?s={search_term_string}"},"query-input":{"@type":"PropertyValueSpecification","valueRequired":true,"valueName":"search_term_string"}}],"inLanguage":"en-US"}]}},"_links":{"self":[{"href":"https:\/\/empow-her.com\/en\/wp-json\/wp\/v2\/product\/115404","targetHints":{"allow":["GET"]}}],"collection":[{"href":"https:\/\/empow-her.com\/en\/wp-json\/wp\/v2\/product"}],"about":[{"href":"https:\/\/empow-her.com\/en\/wp-json\/wp\/v2\/types\/product"}],"wp:featuredmedia":[{"embeddable":true,"href":"https:\/\/empow-her.com\/en\/wp-json\/wp\/v2\/media\/115405"}],"wp:attachment":[{"href":"https:\/\/empow-her.com\/en\/wp-json\/wp\/v2\/media?parent=115404"}],"wp:term":[{"taxonomy":"product_brand","embeddable":true,"href":"https:\/\/empow-her.com\/en\/wp-json\/wp\/v2\/product_brand?post=115404"},{"taxonomy":"product_cat","embeddable":true,"href":"https:\/\/empow-her.com\/en\/wp-json\/wp\/v2\/product_cat?post=115404"},{"taxonomy":"product_tag","embeddable":true,"href":"https:\/\/empow-her.com\/en\/wp-json\/wp\/v2\/product_tag?post=115404"},{"taxonomy":"lieu","embeddable":true,"href":"https:\/\/empow-her.com\/en\/wp-json\/wp\/v2\/lieu?post=115404"},{"taxonomy":"thematiques","embeddable":true,"href":"https:\/\/empow-her.com\/en\/wp-json\/wp\/v2\/thematiques?post=115404"}],"curies":[{"name":"wp","href":"https:\/\/api.w.org\/{rel}","templated":true}]}}