{"id":115403,"date":"2022-02-15T15:42:08","date_gmt":"2022-02-15T14:42:08","guid":{"rendered":"https:\/\/empow-her.com\/?post_type=product&#038;p=115403"},"modified":"2022-09-28T11:47:11","modified_gmt":"2022-09-28T09:47:11","slug":"bookclub-ecofeministe-sisther","status":"publish","type":"product","link":"https:\/\/empow-her.com\/en\/produit\/bookclub-ecofeministe-sisther\/","title":{"rendered":"BookClub &#8211; Ecof\u00e9minisme"},"content":{"rendered":"<p><strong>BookClub #4<\/strong><\/p>\n<p>Rendez-vous pour la quatri\u00e8me \u00e9dition de notre book club avec une soir\u00e9e sp\u00e9ciale \u00e9cof\u00e9ministe organis\u00e9 en partenariat avec MerciBOOKoup &#x1f4d5;<\/p>\n<p>Christine Castelain-Meunier et Francis Meunier nous pr\u00e9senterons leur livre : &#8220;Devenir \u00e9cof\u00e9ministe,\u00a0 actions au secours de la plan\u00e8te&#8221; avec Oph\u00e9lie Dambl\u00e9 qui nous pr\u00e9sentera son livre &#8220;Guerilla Green&#8221;, pour nous plonger tous trois dans une discussion passionnante en plein c\u0153ur des pens\u00e9es et pratiques \u00e9cof\u00e9ministes.<\/p>\n<p>Les catastrophes naturelles, li\u00e9s aux d\u00e9r\u00e8glements climatiques impactent d&#8217;avantage les conditions de vie des femmes et les formes de dominations v\u00e9cues sont similaires. A partir de ces postulats, nous r\u00e9fl\u00e9chirons ensemble aux liens qui existent entre luttes \u00e9cologistes et luttes f\u00e9ministes.<\/p>\n<p>Partageons nos exp\u00e9riences, nos savoirs et nos id\u00e9es pour unir nos voix et donner vie \u00e0 ce mouvement \u00e0 la fois politique, \u00e9thique, f\u00e9ministe et \u00e9cologique.<\/p>\n<p>Pour rappel, cette soir\u00e9e fait partie d\u2019une longue lign\u00e9e de Book clubs &#x1f913; qui sont organis\u00e9s un mercredi soir par mois chez Sist\u2019her Paris.<\/p>\n<p>Le principe ? Rencontrer une autrice engag\u00e9e et \u00e9changer sur son livre. Entre partage, sororit\u00e9 et d\u00e9bat d\u2019id\u00e9es, ces soir\u00e9es sont con\u00e7ues comme des safe places pour que vous puissiez tou.te.s \u00e9changer librement et en toute bienveillance vos opinions et croyances. Vos diff\u00e9rences feront la richesse de ces moments.<\/p>\n<p>&#x1f4da; C\u2019est quoi la biblioth\u00e8que f\u00e9ministe de MerciBOOKoup ?<\/p>\n<p>Les biblioth\u00e8ques sont nombreuses et riches \u00e0 Paris, et nous en sommes ravies. Malheureusement, les contenus d\u00e9di\u00e9s aux f\u00e9minismes et aux femmes en g\u00e9n\u00e9ral sont clairement insuffisants. C\u2019est pour pallier ce manque et pour que chacun.e d\u2019entre nous puisse se renseigner et se forger sa propre opinion peu importe son budget livres que MerciBOOKoup ouvre une biblioth\u00e8que f\u00e9ministe.<\/p>\n<p>&#x1f4d6; Comment \u00e7a marche pour emprunter un bouquin ?<br \/>\n3 mercredis soirs par mois entre 18h et 20h tu peux venir emprunter GRATUITEMENT ou rendre tes livres chez Sist\u2019her Paris.<br \/>\n\u2013 Il suffit de nous confier un ch\u00e8que de caution de 30\u20ac (encaiss\u00e9 uniquement en cas de non retour du livre)<br \/>\n\u2013 Emprunt de 2 livres max \u00e0 la fois<br \/>\n\u2013 Dur\u00e9e d\u2019emprunt de 1 mois max<\/p>\n<p>&#x1f516; R\u00e9servation gratuite obligatoire<\/p>\n<p>&#x1f637; Mesures sanitaires<br \/>\n&#x1f4f1; PASS SANITAIRE obligatoire<br \/>\n&#x1f4cd; Vous pouvez r\u00e9aliser un test antig\u00e9nique \u00e0 la pharmacie Boutin<br \/>\nau 90 rue du faubourg Saint-Martin \u00e0 proximit\u00e9.<\/p>\n<p>&#x1f50e; Zoom sur MerciBOOKoup : l\u2019association vise \u00e0 favoriser l\u2019\u00e9gal acc\u00e8s \u00e0 la lecture pour tou.te.s et l\u2019\u00e9conomie circulaire, tout en cr\u00e9ant du lien social. Pour ce faire, MerciBOOKoup a ouvert une biblioth\u00e8que de troc de 400m2, organise des soir\u00e9es troc, installe des bo\u00eetes \u00e0 livres et d\u00e9veloppe un site internet d\u2019\u00e9changes de livres. N\u2019h\u00e9sitez pas \u00e0 nous suivre sur les r\u00e9seaux sociaux !<\/p>\n<p>&#x1f4cd; Sist\u2019her Paris, 82 rue du Faubourg St Martin<\/p>\n<p>Ouvert en mars 2021, Sist\u2019Her est le premier tiers-lieu d\u00e9di\u00e9 \u00e0 toutes celles qui souhaitent fa\u00e7onner le monde &#x1f30e;. Port\u00e9 par l\u2019association Empow\u2019Her, c\u2019est un lieu de vie bienveillant et joyeux, ouvert \u00e0 tou\u00b7te\u00b7s o\u00f9 il est possible de se former, cr\u00e9er et se rencontrer. &#x1f3e1;<\/p>\n<p>Ce projet est co-financ\u00e9 par le Fonds Social Europ\u00e9en.<\/p>\n","protected":false},"excerpt":{"rendered":"<p>BookClub #4<\/p>\n<p>Rendez-vous pour la quatri\u00e8me \u00e9dition de notre book club avec une soir\u00e9e sp\u00e9ciale \u00e9cof\u00e9ministe organis\u00e9 en partenariat avec MerciBOOKoup &#x1f4d5;<\/p>\n<p>Christine Castelain-Meunier et Francis Meunier nous pr\u00e9senterons leur livre : &#8220;Devenir \u00e9cof\u00e9ministe,\u00a0 actions au secours de la plan\u00e8te&#8221; avec Oph\u00e9lie Dambl\u00e9 qui nous pr\u00e9sentera son livre &#8220;Guerilla Green&#8221;, pour nous plonger tous trois dans une discussion passionnante en plein c\u0153ur des pens\u00e9es et pratiques \u00e9cof\u00e9ministes.<\/p>\n<p>Les catastrophes naturelles, li\u00e9s aux d\u00e9r\u00e8glements climatiques impactent d&#8217;avantage les conditions de vie des femmes et les formes de dominations v\u00e9cues sont similaires. A partir de ces postulats, nous r\u00e9fl\u00e9chirons ensemble aux liens qui existent entre luttes \u00e9cologistes et luttes f\u00e9ministes.<\/p>\n<p>Partageons nos exp\u00e9riences, nos savoirs et nos id\u00e9es pour unir nos voix et donner vie \u00e0 ce mouvement \u00e0 la fois politique, \u00e9thique, f\u00e9ministe et \u00e9cologique.<\/p>\n<p>Pour rappel, cette soir\u00e9e fait partie d\u2019une longue lign\u00e9e de Book clubs &#x1f913; qui sont organis\u00e9s un mercredi soir par mois chez Sist\u2019her Paris.<\/p>\n<p>Le principe ? Rencontrer une autrice engag\u00e9e et \u00e9changer sur son livre. Entre partage, sororit\u00e9 et d\u00e9bat d\u2019id\u00e9es, ces soir\u00e9es sont con\u00e7ues comme des safe places pour que vous puissiez tou.te.s \u00e9changer librement et en toute bienveillance vos opinions et croyances. Vos diff\u00e9rences feront la richesse de ces moments.<\/p>\n<p>&#x1f4da; C\u2019est quoi la biblioth\u00e8que f\u00e9ministe de MerciBOOKoup ?<\/p>\n<p>Les biblioth\u00e8ques sont nombreuses et riches \u00e0 Paris, et nous en sommes ravies. Malheureusement, les contenus d\u00e9di\u00e9s aux f\u00e9minismes et aux femmes en g\u00e9n\u00e9ral sont clairement insuffisants. C\u2019est pour pallier ce manque et pour que chacun.e d\u2019entre nous puisse se renseigner et se forger sa propre opinion peu importe son budget livres que MerciBOOKoup ouvre une biblioth\u00e8que f\u00e9ministe.<\/p>\n<p>&#x1f4d6; Comment \u00e7a marche pour emprunter un bouquin ?<br \/>\n3 mercredis soirs par mois entre 18h et 20h tu peux venir emprunter GRATUITEMENT ou rendre tes livres chez Sist\u2019her Paris.<br \/>\n\u2013 Il suffit de nous confier un ch\u00e8que de caution de 30\u20ac (encaiss\u00e9 uniquement en cas de non retour du livre)<br \/>\n\u2013 Emprunt de 2 livres max \u00e0 la fois<br \/>\n\u2013 Dur\u00e9e d\u2019emprunt de 1 mois max<\/p>\n<p>&#x1f516; R\u00e9servation gratuite obligatoire<\/p>\n<p>&#x1f637; Mesures sanitaires<br \/>\n&#x1f4f1; PASS SANITAIRE obligatoire<br \/>\n&#x1f4cd; Vous pouvez r\u00e9aliser un test antig\u00e9nique \u00e0 la pharmacie Boutin<br \/>\nau 90 rue du faubourg Saint-Martin \u00e0 proximit\u00e9.<\/p>\n<p>&#x1f50e; Zoom sur MerciBOOKoup : l\u2019association vise \u00e0 favoriser l\u2019\u00e9gal acc\u00e8s \u00e0 la lecture pour tou.te.s et l\u2019\u00e9conomie circulaire, tout en cr\u00e9ant du lien social. Pour ce faire, MerciBOOKoup a ouvert une biblioth\u00e8que de troc de 400m2, organise des soir\u00e9es troc, installe des bo\u00eetes \u00e0 livres et d\u00e9veloppe un site internet d\u2019\u00e9changes de livres. N\u2019h\u00e9sitez pas \u00e0 nous suivre sur les r\u00e9seaux sociaux !<\/p>\n<p>&#x1f4cd; Sist\u2019her Paris, 82 rue du Faubourg St Martin<\/p>\n<p>Ouvert en mars 2021, Sist\u2019Her est le premier tiers-lieu d\u00e9di\u00e9 \u00e0 toutes celles qui souhaitent fa\u00e7onner le monde &#x1f30e;. Port\u00e9 par l\u2019association Empow\u2019Her, c\u2019est un lieu de vie bienveillant et joyeux, ouvert \u00e0 tou\u00b7te\u00b7s o\u00f9 il est possible de se former, cr\u00e9er et se rencontrer. &#x1f3e1;<\/p>\n<p>Ce projet est co-financ\u00e9 par le Fonds Social Europ\u00e9en.<\/p>\n","protected":false},"featured_media":116857,"template":"","format":"standard","meta":{"_acf_changed":false,"om_disable_all_campaigns":false,"_uf_show_specific_survey":0,"_uf_disable_surveys":false},"product_brand":[],"product_cat":[119],"product_tag":[],"lieu":[127],"thematiques":[],"class_list":{"0":"post-115403","1":"product","2":"type-product","3":"status-publish","4":"format-standard","5":"has-post-thumbnail","7":"product_cat-evenement-sisther","8":"lieu-hub-empowher","10":"first","11":"instock","12":"virtual","13":"purchasable","14":"product-type-appointment"},"exclude_global_add_ons":[],"addons":[],"acf":[],"yoast_head":"<!-- This site is optimized with the Yoast SEO plugin v24.8 - https:\/\/yoast.com\/wordpress\/plugins\/seo\/ -->\n<title>BookClub - Ecof\u00e9minisme - Empow&#039;Her<\/title>\n<meta name=\"description\" content=\"Sist&#039;Her met en avant des auteures \u00e9cof\u00e9ministes pour comprendre la crois\u00e9e des luttes \u00e9cologiques et f\u00e9ministes !\" \/>\n<meta name=\"robots\" content=\"index, follow, max-snippet:-1, max-image-preview:large, max-video-preview:-1\" \/>\n<link rel=\"canonical\" href=\"https:\/\/empow-her.com\/produit\/bookclub-ecofeministe-sisther\/\" \/>\n<meta property=\"og:locale\" content=\"en_US\" \/>\n<meta property=\"og:type\" content=\"article\" \/>\n<meta property=\"og:title\" content=\"BookClub - Ecof\u00e9minisme - Empow&#039;Her\" \/>\n<meta property=\"og:description\" content=\"Sist&#039;Her met en avant des auteures \u00e9cof\u00e9ministes pour comprendre la crois\u00e9e des luttes \u00e9cologiques et f\u00e9ministes !\" \/>\n<meta property=\"og:url\" content=\"https:\/\/empow-her.com\/produit\/bookclub-ecofeministe-sisther\/\" \/>\n<meta property=\"og:site_name\" content=\"Empow&#039;Her\" \/>\n<meta property=\"article:modified_time\" content=\"2022-09-28T09:47:11+00:00\" \/>\n<meta property=\"og:image\" content=\"https:\/\/empow-her.com\/wp-content\/uploads\/2022\/02\/TEMPLATES-EVENTS-WOMEN-DARE-7.png\" \/>\n\t<meta property=\"og:image:width\" content=\"1080\" \/>\n\t<meta property=\"og:image:height\" content=\"1080\" \/>\n\t<meta property=\"og:image:type\" content=\"image\/png\" \/>\n<meta name=\"twitter:card\" content=\"summary_large_image\" \/>\n<meta name=\"twitter:label1\" content=\"Est. reading time\" \/>\n\t<meta name=\"twitter:data1\" content=\"3 minutes\" \/>\n<script type=\"application\/ld+json\" class=\"yoast-schema-graph\">{\"@context\":\"https:\/\/schema.org\",\"@graph\":[{\"@type\":\"WebPage\",\"@id\":\"https:\/\/empow-her.com\/produit\/bookclub-ecofeministe-sisther\/\",\"url\":\"https:\/\/empow-her.com\/produit\/bookclub-ecofeministe-sisther\/\",\"name\":\"BookClub - Ecof\u00e9minisme - Empow&#039;Her\",\"isPartOf\":{\"@id\":\"https:\/\/empow-her.com\/#website\"},\"primaryImageOfPage\":{\"@id\":\"https:\/\/empow-her.com\/produit\/bookclub-ecofeministe-sisther\/#primaryimage\"},\"image\":{\"@id\":\"https:\/\/empow-her.com\/produit\/bookclub-ecofeministe-sisther\/#primaryimage\"},\"thumbnailUrl\":\"https:\/\/empow-her.com\/wp-content\/uploads\/2022\/02\/TEMPLATES-EVENTS-WOMEN-DARE-7.png\",\"datePublished\":\"2022-02-15T14:42:08+00:00\",\"dateModified\":\"2022-09-28T09:47:11+00:00\",\"description\":\"Sist'Her met en avant des auteures \u00e9cof\u00e9ministes pour comprendre la crois\u00e9e des luttes \u00e9cologiques et f\u00e9ministes !\",\"breadcrumb\":{\"@id\":\"https:\/\/empow-her.com\/produit\/bookclub-ecofeministe-sisther\/#breadcrumb\"},\"inLanguage\":\"en-US\",\"potentialAction\":[{\"@type\":\"ReadAction\",\"target\":[\"https:\/\/empow-her.com\/produit\/bookclub-ecofeministe-sisther\/\"]}]},{\"@type\":\"ImageObject\",\"inLanguage\":\"en-US\",\"@id\":\"https:\/\/empow-her.com\/produit\/bookclub-ecofeministe-sisther\/#primaryimage\",\"url\":\"https:\/\/empow-her.com\/wp-content\/uploads\/2022\/02\/TEMPLATES-EVENTS-WOMEN-DARE-7.png\",\"contentUrl\":\"https:\/\/empow-her.com\/wp-content\/uploads\/2022\/02\/TEMPLATES-EVENTS-WOMEN-DARE-7.png\",\"width\":1080,\"height\":1080},{\"@type\":\"BreadcrumbList\",\"@id\":\"https:\/\/empow-her.com\/produit\/bookclub-ecofeministe-sisther\/#breadcrumb\",\"itemListElement\":[{\"@type\":\"ListItem\",\"position\":1,\"name\":\"Accueil\",\"item\":\"https:\/\/empow-her.com\/en\/landing-page\/\"},{\"@type\":\"ListItem\",\"position\":2,\"name\":\"LA BOUTIQUE\",\"item\":\"https:\/\/empow-her.com\/boutique\/\"},{\"@type\":\"ListItem\",\"position\":3,\"name\":\"BookClub &#8211; Ecof\u00e9minisme\"}]},{\"@type\":\"WebSite\",\"@id\":\"https:\/\/empow-her.com\/#website\",\"url\":\"https:\/\/empow-her.com\/\",\"name\":\"Empow&#039;Her\",\"description\":\"Women Development\",\"potentialAction\":[{\"@type\":\"SearchAction\",\"target\":{\"@type\":\"EntryPoint\",\"urlTemplate\":\"https:\/\/empow-her.com\/?s={search_term_string}\"},\"query-input\":{\"@type\":\"PropertyValueSpecification\",\"valueRequired\":true,\"valueName\":\"search_term_string\"}}],\"inLanguage\":\"en-US\"}]}<\/script>\n<!-- \/ Yoast SEO plugin. -->","yoast_head_json":{"title":"BookClub - Ecof\u00e9minisme - Empow&#039;Her","description":"Sist'Her met en avant des auteures \u00e9cof\u00e9ministes pour comprendre la crois\u00e9e des luttes \u00e9cologiques et f\u00e9ministes !","robots":{"index":"index","follow":"follow","max-snippet":"max-snippet:-1","max-image-preview":"max-image-preview:large","max-video-preview":"max-video-preview:-1"},"canonical":"https:\/\/empow-her.com\/produit\/bookclub-ecofeministe-sisther\/","og_locale":"en_US","og_type":"article","og_title":"BookClub - Ecof\u00e9minisme - Empow&#039;Her","og_description":"Sist'Her met en avant des auteures \u00e9cof\u00e9ministes pour comprendre la crois\u00e9e des luttes \u00e9cologiques et f\u00e9ministes !","og_url":"https:\/\/empow-her.com\/produit\/bookclub-ecofeministe-sisther\/","og_site_name":"Empow&#039;Her","article_modified_time":"2022-09-28T09:47:11+00:00","og_image":[{"width":1080,"height":1080,"url":"https:\/\/empow-her.com\/wp-content\/uploads\/2022\/02\/TEMPLATES-EVENTS-WOMEN-DARE-7.png","type":"image\/png"}],"twitter_card":"summary_large_image","twitter_misc":{"Est. reading time":"3 minutes"},"schema":{"@context":"https:\/\/schema.org","@graph":[{"@type":"WebPage","@id":"https:\/\/empow-her.com\/produit\/bookclub-ecofeministe-sisther\/","url":"https:\/\/empow-her.com\/produit\/bookclub-ecofeministe-sisther\/","name":"BookClub - Ecof\u00e9minisme - Empow&#039;Her","isPartOf":{"@id":"https:\/\/empow-her.com\/#website"},"primaryImageOfPage":{"@id":"https:\/\/empow-her.com\/produit\/bookclub-ecofeministe-sisther\/#primaryimage"},"image":{"@id":"https:\/\/empow-her.com\/produit\/bookclub-ecofeministe-sisther\/#primaryimage"},"thumbnailUrl":"https:\/\/empow-her.com\/wp-content\/uploads\/2022\/02\/TEMPLATES-EVENTS-WOMEN-DARE-7.png","datePublished":"2022-02-15T14:42:08+00:00","dateModified":"2022-09-28T09:47:11+00:00","description":"Sist'Her met en avant des auteures \u00e9cof\u00e9ministes pour comprendre la crois\u00e9e des luttes \u00e9cologiques et f\u00e9ministes !","breadcrumb":{"@id":"https:\/\/empow-her.com\/produit\/bookclub-ecofeministe-sisther\/#breadcrumb"},"inLanguage":"en-US","potentialAction":[{"@type":"ReadAction","target":["https:\/\/empow-her.com\/produit\/bookclub-ecofeministe-sisther\/"]}]},{"@type":"ImageObject","inLanguage":"en-US","@id":"https:\/\/empow-her.com\/produit\/bookclub-ecofeministe-sisther\/#primaryimage","url":"https:\/\/empow-her.com\/wp-content\/uploads\/2022\/02\/TEMPLATES-EVENTS-WOMEN-DARE-7.png","contentUrl":"https:\/\/empow-her.com\/wp-content\/uploads\/2022\/02\/TEMPLATES-EVENTS-WOMEN-DARE-7.png","width":1080,"height":1080},{"@type":"BreadcrumbList","@id":"https:\/\/empow-her.com\/produit\/bookclub-ecofeministe-sisther\/#breadcrumb","itemListElement":[{"@type":"ListItem","position":1,"name":"Accueil","item":"https:\/\/empow-her.com\/en\/landing-page\/"},{"@type":"ListItem","position":2,"name":"LA BOUTIQUE","item":"https:\/\/empow-her.com\/boutique\/"},{"@type":"ListItem","position":3,"name":"BookClub &#8211; Ecof\u00e9minisme"}]},{"@type":"WebSite","@id":"https:\/\/empow-her.com\/#website","url":"https:\/\/empow-her.com\/","name":"Empow&#039;Her","description":"Women Development","potentialAction":[{"@type":"SearchAction","target":{"@type":"EntryPoint","urlTemplate":"https:\/\/empow-her.com\/?s={search_term_string}"},"query-input":{"@type":"PropertyValueSpecification","valueRequired":true,"valueName":"search_term_string"}}],"inLanguage":"en-US"}]}},"_links":{"self":[{"href":"https:\/\/empow-her.com\/en\/wp-json\/wp\/v2\/product\/115403","targetHints":{"allow":["GET"]}}],"collection":[{"href":"https:\/\/empow-her.com\/en\/wp-json\/wp\/v2\/product"}],"about":[{"href":"https:\/\/empow-her.com\/en\/wp-json\/wp\/v2\/types\/product"}],"wp:featuredmedia":[{"embeddable":true,"href":"https:\/\/empow-her.com\/en\/wp-json\/wp\/v2\/media\/116857"}],"wp:attachment":[{"href":"https:\/\/empow-her.com\/en\/wp-json\/wp\/v2\/media?parent=115403"}],"wp:term":[{"taxonomy":"product_brand","embeddable":true,"href":"https:\/\/empow-her.com\/en\/wp-json\/wp\/v2\/product_brand?post=115403"},{"taxonomy":"product_cat","embeddable":true,"href":"https:\/\/empow-her.com\/en\/wp-json\/wp\/v2\/product_cat?post=115403"},{"taxonomy":"product_tag","embeddable":true,"href":"https:\/\/empow-her.com\/en\/wp-json\/wp\/v2\/product_tag?post=115403"},{"taxonomy":"lieu","embeddable":true,"href":"https:\/\/empow-her.com\/en\/wp-json\/wp\/v2\/lieu?post=115403"},{"taxonomy":"thematiques","embeddable":true,"href":"https:\/\/empow-her.com\/en\/wp-json\/wp\/v2\/thematiques?post=115403"}],"curies":[{"name":"wp","href":"https:\/\/api.w.org\/{rel}","templated":true}]}}