{"id":115223,"date":"2022-02-09T12:16:35","date_gmt":"2022-02-09T11:16:35","guid":{"rendered":"https:\/\/empow-her.com\/?post_type=product&#038;p=115223"},"modified":"2022-02-14T16:53:12","modified_gmt":"2022-02-14T15:53:12","slug":"atelier-mener-son-etude-de-marche-en-autonomie-en-5-etapes-7-mars","status":"publish","type":"product","link":"https:\/\/empow-her.com\/en\/produit\/atelier-mener-son-etude-de-marche-en-autonomie-en-5-etapes-7-mars\/","title":{"rendered":"Atelier &#8211; Mener son \u00e9tude de march\u00e9 en autonomie en 5 \u00e9tapes"},"content":{"rendered":"","protected":false},"excerpt":{"rendered":"<p>Cet atelier vous permettra d&#8217;acqu\u00e9rir des bases solides pour affiner votre projet et de valider votre offre.<\/p>\n<p>Au programme : les cl\u00e9s m\u00e9thodologiques pour explorer votre march\u00e9, d\u00e9finir votre proposition de valeur, comprendre vos cibles et r\u00e9ussir votre positionnement.<\/p>\n<p><strong>Intervenant.e.s : <\/strong><br \/>\nSophia Lara Grine<\/p>\n<p><strong>Pr\u00e9sentation : <\/strong><br \/>\nSophia Lara Grine est consultante en Prospective March\u00e9 et RSE int\u00e9gr\u00e9e. Elle a plus de 20 ans d\u2019exp\u00e9riences professionnelles dont un parcours entrepreneurial ax\u00e9 sur sa valeur cl\u00e9 : l\u2019Empowerment\/ l\u2019Autonomisation. <\/p>\n<p><strong>Son super pouvoir: <\/strong><br \/>\nD\u00e9mystificatrice Des Etudes de March\u00e9, de l&#8217;Entreprenariat et de l\u2019Impact !<\/p>\n<p><strong>Son petit mot : <\/strong><br \/>\nEntreprendre est une aventure professionnelle et un voyage personnel. Au plaisir de partager votre chemin &#8211; Bienvenues <3 - dans le formidable programme Women Dare!\n\n\n\n\n\n\n\n<div><\/div>\n<div><b>Lieu : <\/b>Sist&#8217;Her Paris, 82 rue du Faubourg Saint-Martin<\/div>\n<div><\/div>\n<div><\/div>\n<div><\/div>\n<p>Ce projet est co-financ\u00e9 par le Fonds Social Europ\u00e9en.<\/p>\n<p><img decoding=\"async\" class=\"\" src=\"https:\/\/www.sep-asso.fr\/wp-content\/uploads\/2018\/02\/logo-union-europeenne.png\" alt=\"logo union europeenne \u2013 SEP\" width=\"87\" height=\"72\" \/>\u00a0\u00a0<img decoding=\"async\" class=\"alignnone wp-image-15218\" src=\"https:\/\/empow-her.com\/wp-content\/uploads\/2021\/06\/logo_fonds_social_europeen-300x187.png\" alt=\"\" width=\"104\" height=\"65\" srcset=\"https:\/\/empow-her.com\/wp-content\/uploads\/2021\/06\/logo_fonds_social_europeen-300x187.png 300w, https:\/\/empow-her.com\/wp-content\/uploads\/2021\/06\/logo_fonds_social_europeen-600x375.png 600w, https:\/\/empow-her.com\/wp-content\/uploads\/2021\/06\/logo_fonds_social_europeen-24x15.png 24w, https:\/\/empow-her.com\/wp-content\/uploads\/2021\/06\/logo_fonds_social_europeen-36x22.png 36w, https:\/\/empow-her.com\/wp-content\/uploads\/2021\/06\/logo_fonds_social_europeen-48x30.png 48w, https:\/\/empow-her.com\/wp-content\/uploads\/2021\/06\/logo_fonds_social_europeen.png 666w\" sizes=\"(max-width: 104px) 100vw, 104px\" \/>\u00a0<img decoding=\"async\" class=\"\" src=\"https:\/\/franceactive-idf.org\/wp-content\/uploads\/2020\/02\/logo-region-ile-de-france.png\" alt=\"Logo Region Ile De France - France Active \u00cele-de-France\" width=\"126\" height=\"29\" \/><\/p>\n","protected":false},"featured_media":115225,"template":"","format":"standard","meta":{"_acf_changed":false,"om_disable_all_campaigns":false,"_uf_show_specific_survey":0,"_uf_disable_surveys":false},"product_brand":[],"product_cat":[118],"product_tag":[],"lieu":[127],"thematiques":[],"class_list":{"0":"post-115223","1":"product","2":"type-product","3":"status-publish","4":"format-standard","5":"has-post-thumbnail","7":"product_cat-atelier-collectif","8":"lieu-hub-empowher","10":"first","11":"instock","12":"virtual","13":"purchasable","14":"product-type-appointment"},"exclude_global_add_ons":[],"addons":[],"acf":[],"yoast_head":"<!-- This site is optimized with the Yoast SEO plugin v24.8 - https:\/\/yoast.com\/wordpress\/plugins\/seo\/ -->\n<title>Atelier - Mener son \u00e9tude de march\u00e9 en autonomie en 5 \u00e9tapes - Empow&#039;Her<\/title>\n<meta name=\"robots\" content=\"index, follow, max-snippet:-1, max-image-preview:large, max-video-preview:-1\" \/>\n<link rel=\"canonical\" href=\"https:\/\/empow-her.com\/produit\/atelier-mener-son-etude-de-marche-en-autonomie-en-5-etapes-7-mars\/\" \/>\n<meta property=\"og:locale\" content=\"en_US\" \/>\n<meta property=\"og:type\" content=\"article\" \/>\n<meta property=\"og:title\" content=\"Atelier - Mener son \u00e9tude de march\u00e9 en autonomie en 5 \u00e9tapes - Empow&#039;Her\" \/>\n<meta property=\"og:description\" content=\"Cet atelier vous permettra d&#039;acqu\u00e9rir des bases solides pour affiner votre projet et de valider votre offre.  Au programme : les cl\u00e9s m\u00e9thodologiques pour explorer votre march\u00e9, d\u00e9finir votre proposition de valeur, comprendre vos cibles et r\u00e9ussir votre positionnement.  Intervenant.e.s :  Sophia Lara Grine  Pr\u00e9sentation :  Sophia Lara Grine est consultante en Prospective March\u00e9 et RSE int\u00e9gr\u00e9e. Elle a plus de 20 ans d\u2019exp\u00e9riences professionnelles dont un parcours entrepreneurial ax\u00e9 sur sa valeur cl\u00e9 : l\u2019Empowerment\/ l\u2019Autonomisation.   Son super pouvoir:  D\u00e9mystificatrice Des Etudes de March\u00e9, de l&#039;Entreprenariat et de l\u2019Impact !  Son petit mot :  Entreprendre est une aventure professionnelle et un voyage personnel. Au plaisir de partager votre chemin - Bienvenues\" \/>\n<meta property=\"og:url\" content=\"https:\/\/empow-her.com\/produit\/atelier-mener-son-etude-de-marche-en-autonomie-en-5-etapes-7-mars\/\" \/>\n<meta property=\"og:site_name\" content=\"Empow&#039;Her\" \/>\n<meta property=\"article:modified_time\" content=\"2022-02-14T15:53:12+00:00\" \/>\n<meta property=\"og:image\" content=\"https:\/\/empow-her.com\/wp-content\/uploads\/2022\/02\/TEMPLATES-EVENTS-WOMEN-DARE-54.png\" \/>\n\t<meta property=\"og:image:width\" content=\"1080\" \/>\n\t<meta property=\"og:image:height\" content=\"1080\" \/>\n\t<meta property=\"og:image:type\" content=\"image\/png\" \/>\n<meta name=\"twitter:card\" content=\"summary_large_image\" \/>\n<script type=\"application\/ld+json\" class=\"yoast-schema-graph\">{\"@context\":\"https:\/\/schema.org\",\"@graph\":[{\"@type\":\"WebPage\",\"@id\":\"https:\/\/empow-her.com\/produit\/atelier-mener-son-etude-de-marche-en-autonomie-en-5-etapes-7-mars\/\",\"url\":\"https:\/\/empow-her.com\/produit\/atelier-mener-son-etude-de-marche-en-autonomie-en-5-etapes-7-mars\/\",\"name\":\"Atelier - Mener son \u00e9tude de march\u00e9 en autonomie en 5 \u00e9tapes - Empow&#039;Her\",\"isPartOf\":{\"@id\":\"https:\/\/empow-her.com\/#website\"},\"primaryImageOfPage\":{\"@id\":\"https:\/\/empow-her.com\/produit\/atelier-mener-son-etude-de-marche-en-autonomie-en-5-etapes-7-mars\/#primaryimage\"},\"image\":{\"@id\":\"https:\/\/empow-her.com\/produit\/atelier-mener-son-etude-de-marche-en-autonomie-en-5-etapes-7-mars\/#primaryimage\"},\"thumbnailUrl\":\"https:\/\/empow-her.com\/wp-content\/uploads\/2022\/02\/TEMPLATES-EVENTS-WOMEN-DARE-54.png\",\"datePublished\":\"2022-02-09T11:16:35+00:00\",\"dateModified\":\"2022-02-14T15:53:12+00:00\",\"breadcrumb\":{\"@id\":\"https:\/\/empow-her.com\/produit\/atelier-mener-son-etude-de-marche-en-autonomie-en-5-etapes-7-mars\/#breadcrumb\"},\"inLanguage\":\"en-US\",\"potentialAction\":[{\"@type\":\"ReadAction\",\"target\":[\"https:\/\/empow-her.com\/produit\/atelier-mener-son-etude-de-marche-en-autonomie-en-5-etapes-7-mars\/\"]}]},{\"@type\":\"ImageObject\",\"inLanguage\":\"en-US\",\"@id\":\"https:\/\/empow-her.com\/produit\/atelier-mener-son-etude-de-marche-en-autonomie-en-5-etapes-7-mars\/#primaryimage\",\"url\":\"https:\/\/empow-her.com\/wp-content\/uploads\/2022\/02\/TEMPLATES-EVENTS-WOMEN-DARE-54.png\",\"contentUrl\":\"https:\/\/empow-her.com\/wp-content\/uploads\/2022\/02\/TEMPLATES-EVENTS-WOMEN-DARE-54.png\",\"width\":1080,\"height\":1080},{\"@type\":\"BreadcrumbList\",\"@id\":\"https:\/\/empow-her.com\/produit\/atelier-mener-son-etude-de-marche-en-autonomie-en-5-etapes-7-mars\/#breadcrumb\",\"itemListElement\":[{\"@type\":\"ListItem\",\"position\":1,\"name\":\"Accueil\",\"item\":\"https:\/\/empow-her.com\/en\/landing-page\/\"},{\"@type\":\"ListItem\",\"position\":2,\"name\":\"LA BOUTIQUE\",\"item\":\"https:\/\/empow-her.com\/boutique\/\"},{\"@type\":\"ListItem\",\"position\":3,\"name\":\"Atelier &#8211; Mener son \u00e9tude de march\u00e9 en autonomie en 5 \u00e9tapes\"}]},{\"@type\":\"WebSite\",\"@id\":\"https:\/\/empow-her.com\/#website\",\"url\":\"https:\/\/empow-her.com\/\",\"name\":\"Empow&#039;Her\",\"description\":\"Women Development\",\"potentialAction\":[{\"@type\":\"SearchAction\",\"target\":{\"@type\":\"EntryPoint\",\"urlTemplate\":\"https:\/\/empow-her.com\/?s={search_term_string}\"},\"query-input\":{\"@type\":\"PropertyValueSpecification\",\"valueRequired\":true,\"valueName\":\"search_term_string\"}}],\"inLanguage\":\"en-US\"}]}<\/script>\n<!-- \/ Yoast SEO plugin. -->","yoast_head_json":{"title":"Atelier - Mener son \u00e9tude de march\u00e9 en autonomie en 5 \u00e9tapes - Empow&#039;Her","robots":{"index":"index","follow":"follow","max-snippet":"max-snippet:-1","max-image-preview":"max-image-preview:large","max-video-preview":"max-video-preview:-1"},"canonical":"https:\/\/empow-her.com\/produit\/atelier-mener-son-etude-de-marche-en-autonomie-en-5-etapes-7-mars\/","og_locale":"en_US","og_type":"article","og_title":"Atelier - Mener son \u00e9tude de march\u00e9 en autonomie en 5 \u00e9tapes - Empow&#039;Her","og_description":"Cet atelier vous permettra d'acqu\u00e9rir des bases solides pour affiner votre projet et de valider votre offre.  Au programme : les cl\u00e9s m\u00e9thodologiques pour explorer votre march\u00e9, d\u00e9finir votre proposition de valeur, comprendre vos cibles et r\u00e9ussir votre positionnement.  Intervenant.e.s :  Sophia Lara Grine  Pr\u00e9sentation :  Sophia Lara Grine est consultante en Prospective March\u00e9 et RSE int\u00e9gr\u00e9e. Elle a plus de 20 ans d\u2019exp\u00e9riences professionnelles dont un parcours entrepreneurial ax\u00e9 sur sa valeur cl\u00e9 : l\u2019Empowerment\/ l\u2019Autonomisation.   Son super pouvoir:  D\u00e9mystificatrice Des Etudes de March\u00e9, de l'Entreprenariat et de l\u2019Impact !  Son petit mot :  Entreprendre est une aventure professionnelle et un voyage personnel. Au plaisir de partager votre chemin - Bienvenues","og_url":"https:\/\/empow-her.com\/produit\/atelier-mener-son-etude-de-marche-en-autonomie-en-5-etapes-7-mars\/","og_site_name":"Empow&#039;Her","article_modified_time":"2022-02-14T15:53:12+00:00","og_image":[{"width":1080,"height":1080,"url":"https:\/\/empow-her.com\/wp-content\/uploads\/2022\/02\/TEMPLATES-EVENTS-WOMEN-DARE-54.png","type":"image\/png"}],"twitter_card":"summary_large_image","schema":{"@context":"https:\/\/schema.org","@graph":[{"@type":"WebPage","@id":"https:\/\/empow-her.com\/produit\/atelier-mener-son-etude-de-marche-en-autonomie-en-5-etapes-7-mars\/","url":"https:\/\/empow-her.com\/produit\/atelier-mener-son-etude-de-marche-en-autonomie-en-5-etapes-7-mars\/","name":"Atelier - Mener son \u00e9tude de march\u00e9 en autonomie en 5 \u00e9tapes - Empow&#039;Her","isPartOf":{"@id":"https:\/\/empow-her.com\/#website"},"primaryImageOfPage":{"@id":"https:\/\/empow-her.com\/produit\/atelier-mener-son-etude-de-marche-en-autonomie-en-5-etapes-7-mars\/#primaryimage"},"image":{"@id":"https:\/\/empow-her.com\/produit\/atelier-mener-son-etude-de-marche-en-autonomie-en-5-etapes-7-mars\/#primaryimage"},"thumbnailUrl":"https:\/\/empow-her.com\/wp-content\/uploads\/2022\/02\/TEMPLATES-EVENTS-WOMEN-DARE-54.png","datePublished":"2022-02-09T11:16:35+00:00","dateModified":"2022-02-14T15:53:12+00:00","breadcrumb":{"@id":"https:\/\/empow-her.com\/produit\/atelier-mener-son-etude-de-marche-en-autonomie-en-5-etapes-7-mars\/#breadcrumb"},"inLanguage":"en-US","potentialAction":[{"@type":"ReadAction","target":["https:\/\/empow-her.com\/produit\/atelier-mener-son-etude-de-marche-en-autonomie-en-5-etapes-7-mars\/"]}]},{"@type":"ImageObject","inLanguage":"en-US","@id":"https:\/\/empow-her.com\/produit\/atelier-mener-son-etude-de-marche-en-autonomie-en-5-etapes-7-mars\/#primaryimage","url":"https:\/\/empow-her.com\/wp-content\/uploads\/2022\/02\/TEMPLATES-EVENTS-WOMEN-DARE-54.png","contentUrl":"https:\/\/empow-her.com\/wp-content\/uploads\/2022\/02\/TEMPLATES-EVENTS-WOMEN-DARE-54.png","width":1080,"height":1080},{"@type":"BreadcrumbList","@id":"https:\/\/empow-her.com\/produit\/atelier-mener-son-etude-de-marche-en-autonomie-en-5-etapes-7-mars\/#breadcrumb","itemListElement":[{"@type":"ListItem","position":1,"name":"Accueil","item":"https:\/\/empow-her.com\/en\/landing-page\/"},{"@type":"ListItem","position":2,"name":"LA BOUTIQUE","item":"https:\/\/empow-her.com\/boutique\/"},{"@type":"ListItem","position":3,"name":"Atelier &#8211; Mener son \u00e9tude de march\u00e9 en autonomie en 5 \u00e9tapes"}]},{"@type":"WebSite","@id":"https:\/\/empow-her.com\/#website","url":"https:\/\/empow-her.com\/","name":"Empow&#039;Her","description":"Women Development","potentialAction":[{"@type":"SearchAction","target":{"@type":"EntryPoint","urlTemplate":"https:\/\/empow-her.com\/?s={search_term_string}"},"query-input":{"@type":"PropertyValueSpecification","valueRequired":true,"valueName":"search_term_string"}}],"inLanguage":"en-US"}]}},"_links":{"self":[{"href":"https:\/\/empow-her.com\/en\/wp-json\/wp\/v2\/product\/115223","targetHints":{"allow":["GET"]}}],"collection":[{"href":"https:\/\/empow-her.com\/en\/wp-json\/wp\/v2\/product"}],"about":[{"href":"https:\/\/empow-her.com\/en\/wp-json\/wp\/v2\/types\/product"}],"wp:featuredmedia":[{"embeddable":true,"href":"https:\/\/empow-her.com\/en\/wp-json\/wp\/v2\/media\/115225"}],"wp:attachment":[{"href":"https:\/\/empow-her.com\/en\/wp-json\/wp\/v2\/media?parent=115223"}],"wp:term":[{"taxonomy":"product_brand","embeddable":true,"href":"https:\/\/empow-her.com\/en\/wp-json\/wp\/v2\/product_brand?post=115223"},{"taxonomy":"product_cat","embeddable":true,"href":"https:\/\/empow-her.com\/en\/wp-json\/wp\/v2\/product_cat?post=115223"},{"taxonomy":"product_tag","embeddable":true,"href":"https:\/\/empow-her.com\/en\/wp-json\/wp\/v2\/product_tag?post=115223"},{"taxonomy":"lieu","embeddable":true,"href":"https:\/\/empow-her.com\/en\/wp-json\/wp\/v2\/lieu?post=115223"},{"taxonomy":"thematiques","embeddable":true,"href":"https:\/\/empow-her.com\/en\/wp-json\/wp\/v2\/thematiques?post=115223"}],"curies":[{"name":"wp","href":"https:\/\/api.w.org\/{rel}","templated":true}]}}